{"id":10221,"date":"2024-03-25T15:39:46","date_gmt":"2024-03-25T14:39:46","guid":{"rendered":"https:\/\/youniquebyemilie.com\/kontakt\/"},"modified":"2025-11-28T15:45:52","modified_gmt":"2025-11-28T14:45:52","slug":"kontakt","status":"publish","type":"page","link":"https:\/\/youniquebyemilie.com\/de\/kontakt\/","title":{"rendered":"Kontakt"},"content":{"rendered":"<style>.elementor-10221 .elementor-element.elementor-element-692a32e9{--display:flex;--flex-direction:row;--container-widget-width:initial;--container-widget-height:100%;--container-widget-flex-grow:1;--container-widget-align-self:stretch;--flex-wrap-mobile:wrap;--gap:0px 0px;--row-gap:0px;--column-gap:0px;--overlay-opacity:1;border-style:solid;--border-style:solid;border-width:1px 0px 1px 0px;--border-top-width:1px;--border-right-width:0px;--border-bottom-width:1px;--border-left-width:0px;border-color:var( --e-global-color-c6da8bb );--border-color:var( --e-global-color-c6da8bb );--margin-top:0px;--margin-bottom:-80px;--margin-left:0px;--margin-right:0px;--padding-top:0px;--padding-bottom:0px;--padding-left:0px;--padding-right:0px;}.elementor-10221 .elementor-element.elementor-element-692a32e9:not(.elementor-motion-effects-element-type-background), .elementor-10221 .elementor-element.elementor-element-692a32e9 > .elementor-motion-effects-container > .elementor-motion-effects-layer{background-color:var( --e-global-color-primary );background-image:url(\"https:\/\/youniquebyemilie.com\/wp-content\/uploads\/2025\/06\/AdobeStock_356634331.jpeg\");background-position:center center;background-size:cover;}.elementor-10221 .elementor-element.elementor-element-692a32e9::before, .elementor-10221 .elementor-element.elementor-element-692a32e9 > .elementor-background-video-container::before, .elementor-10221 .elementor-element.elementor-element-692a32e9 > .e-con-inner > .elementor-background-video-container::before, .elementor-10221 .elementor-element.elementor-element-692a32e9 > .elementor-background-slideshow::before, .elementor-10221 .elementor-element.elementor-element-692a32e9 > .e-con-inner > .elementor-background-slideshow::before, .elementor-10221 .elementor-element.elementor-element-692a32e9 > .elementor-motion-effects-container > .elementor-motion-effects-layer::before{--background-overlay:'';background-color:transparent;background-image:linear-gradient(180deg, #1B003A7D 0%, var( --e-global-color-primary ) 100%);}.elementor-10221 .elementor-element.elementor-element-a1f51e9{--display:flex;--justify-content:center;border-style:solid;--border-style:solid;border-width:0px 1px 0px 0px;--border-top-width:0px;--border-right-width:1px;--border-bottom-width:0px;--border-left-width:0px;border-color:var( --e-global-color-c6da8bb );--border-color:var( --e-global-color-c6da8bb );--margin-top:0px;--margin-bottom:0px;--margin-left:0px;--margin-right:0px;--padding-top:200px;--padding-bottom:120px;--padding-left:0px;--padding-right:80px;}.elementor-10221 .elementor-element.elementor-element-207f09d3{--display:flex;--flex-direction:row;--container-widget-width:initial;--container-widget-height:100%;--container-widget-flex-grow:1;--container-widget-align-self:stretch;--flex-wrap-mobile:wrap;--margin-top:0px;--margin-bottom:0px;--margin-left:0px;--margin-right:0px;--padding-top:0px;--padding-bottom:0px;--padding-left:0px;--padding-right:0px;}.elementor-10221 .elementor-element.elementor-element-c23bbf6{--display:flex;--margin-top:0px;--margin-bottom:0px;--margin-left:0px;--margin-right:0px;--padding-top:0px;--padding-bottom:0px;--padding-left:0px;--padding-right:0px;}.elementor-10221 .elementor-element.elementor-element-4a93dd0{--display:flex;--flex-direction:row;--container-widget-width:calc( ( 1 - var( --container-widget-flex-grow ) ) * 100% );--container-widget-height:100%;--container-widget-flex-grow:1;--container-widget-align-self:stretch;--flex-wrap-mobile:wrap;--align-items:center;--gap:0px 0px;--row-gap:0px;--column-gap:0px;--margin-top:0px;--margin-bottom:0px;--margin-left:0px;--margin-right:0px;--padding-top:0px;--padding-bottom:0px;--padding-left:0px;--padding-right:0px;}.elementor-10221 .elementor-element.elementor-element-5bdc9fe4 .elementor-heading-title{font-family:\"Cormorant Garamond\", Sans-serif;font-size:3.1em;font-weight:500;text-transform:uppercase;line-height:1em;color:var( --e-global-color-secondary );}.elementor-10221 .elementor-element.elementor-element-5bdc9fe4 > .elementor-widget-container{margin:-5px 0px 0px 0px;}.elementor-10221 .elementor-element.elementor-element-5bdc9fe4{z-index:1;}.elementor-10221 .elementor-element.elementor-element-724bd629{color:var( --e-global-color-68d9f40 );}.elementor-10221 .elementor-element.elementor-element-724bd629 a{color:var( --e-global-color-secondary );}.elementor-10221 .elementor-element.elementor-element-724bd629 a:hover, .elementor-10221 .elementor-element.elementor-element-724bd629 a:focus{color:var( --e-global-color-accent );}.elementor-10221 .elementor-element.elementor-element-50135914{--display:flex;--justify-content:flex-start;--margin-top:0px;--margin-bottom:0px;--margin-left:0px;--margin-right:0px;--padding-top:200px;--padding-bottom:120px;--padding-left:80px;--padding-right:0px;}.elementor-10221 .elementor-element.elementor-element-40cc9b3f{--display:flex;border-style:solid;--border-style:solid;border-width:1px 1px 1px 1px;--border-top-width:1px;--border-right-width:1px;--border-bottom-width:1px;--border-left-width:1px;border-color:var( --e-global-color-c6da8bb );--border-color:var( --e-global-color-c6da8bb );--border-radius:20px 20px 20px 20px;--margin-top:0px;--margin-bottom:0px;--margin-left:0px;--margin-right:0px;--padding-top:20px;--padding-bottom:40px;--padding-left:20px;--padding-right:20px;}.elementor-10221 .elementor-element.elementor-element-40cc9b3f:not(.elementor-motion-effects-element-type-background), .elementor-10221 .elementor-element.elementor-element-40cc9b3f > .elementor-motion-effects-container > .elementor-motion-effects-layer{background-color:var( --e-global-color-68d9f40 );}.elementor-10221 .elementor-element.elementor-element-70095f8b{--display:flex;border-style:solid;--border-style:solid;border-width:1px 1px 1px 1px;--border-top-width:1px;--border-right-width:1px;--border-bottom-width:1px;--border-left-width:1px;border-color:var( --e-global-color-c6da8bb );--border-color:var( --e-global-color-c6da8bb );--border-radius:20px 20px 20px 20px;--margin-top:0px;--margin-bottom:0px;--margin-left:0px;--margin-right:0px;--padding-top:20px;--padding-bottom:20px;--padding-left:20px;--padding-right:20px;}.elementor-10221 .elementor-element.elementor-element-70095f8b:not(.elementor-motion-effects-element-type-background), .elementor-10221 .elementor-element.elementor-element-70095f8b > .elementor-motion-effects-container > .elementor-motion-effects-layer{background-color:var( --e-global-color-secondary );}.elementor-10221 .elementor-element.elementor-element-030c445 .jeg-elementor-kit.jkit-contact-form-7{text-align:left;margin:0px 0px 0px 0px;border-radius:0px 0px 0px 0px;}.elementor-10221 .elementor-element.elementor-element-030c445 .jeg-elementor-kit.jkit-contact-form-7 form label{text-align:left;max-width:380px;}.elementor-10221 .elementor-element.elementor-element-030c445 .jeg-elementor-kit.jkit-contact-form-7 form input:not([type=submit]):not([type=checkbox]):not([type=radio]), .elementor-10221 .elementor-element.elementor-element-030c445 .jeg-elementor-kit.jkit-contact-form-7 form textarea, .elementor-10221 .elementor-element.elementor-element-030c445 .jeg-elementor-kit.jkit-contact-form-7 form select{margin:0px 0px 0px 0px;border-radius:20px 20px 20px 20px;}.elementor-10221 .elementor-element.elementor-element-030c445 .jeg-elementor-kit.jkit-contact-form-7 form input:not([type=submit]):not([type=checkbox]):not([type=radio]), .elementor-10221 .elementor-element.elementor-element-030c445 .jeg-elementor-kit.jkit-contact-form-7 form select{height:50px;}.elementor-10221 .elementor-element.elementor-element-030c445 .jeg-elementor-kit.jkit-contact-form-7 form textarea{height:150px;}.elementor-10221 .elementor-element.elementor-element-030c445 .jeg-elementor-kit.jkit-contact-form-7 form input:not([type=submit]):not([type=checkbox]):not([type=radio])::placeholder, .elementor-10221 .elementor-element.elementor-element-030c445 .jeg-elementor-kit.jkit-contact-form-7 form textarea::placeholder, .elementor-10221 .elementor-element.elementor-element-030c445 .jeg-elementor-kit.jkit-contact-form-7 form select::placeholder{font-size:14px;}.elementor-10221 .elementor-element.elementor-element-030c445 .jeg-elementor-kit.jkit-contact-form-7 form input[type=submit]{border-radius:20px 20px 20px 20px;padding:15px 64px 15px 64px;background-color:var( --e-global-color-accent );}:root{--page-title-display:none;}@media(max-width:1366px){.elementor-10221 .elementor-element.elementor-element-5bdc9fe4 .elementor-heading-title{font-size:35px;}}@media(max-width:1366px) and (min-width:768px){.elementor-10221 .elementor-element.elementor-element-692a32e9{--content-width:1100px;}}@media(max-width:1024px){.elementor-10221 .elementor-element.elementor-element-a1f51e9{--padding-top:200px;--padding-bottom:120px;--padding-left:30px;--padding-right:30px;}.elementor-10221 .elementor-element.elementor-element-207f09d3{--gap:10px 10px;--row-gap:10px;--column-gap:10px;}.elementor-10221 .elementor-element.elementor-element-5bdc9fe4 .elementor-heading-title{font-size:3.2em;line-height:1.8em;}.elementor-10221 .elementor-element.elementor-element-50135914{--padding-top:200px;--padding-bottom:120px;--padding-left:30px;--padding-right:30px;}.elementor-10221 .elementor-element.elementor-element-40cc9b3f{--padding-top:10px;--padding-bottom:20px;--padding-left:10px;--padding-right:10px;}.elementor-10221 .elementor-element.elementor-element-70095f8b{--padding-top:10px;--padding-bottom:10px;--padding-left:10px;--padding-right:10px;}}@media(max-width:767px){.elementor-10221 .elementor-element.elementor-element-692a32e9{--padding-top:80px;--padding-bottom:0px;--padding-left:0px;--padding-right:0px;}.elementor-10221 .elementor-element.elementor-element-a1f51e9{--padding-top:120px;--padding-bottom:40px;--padding-left:20px;--padding-right:20px;}.elementor-10221 .elementor-element.elementor-element-4a93dd0{--justify-content:center;}.elementor-10221 .elementor-element.elementor-element-5bdc9fe4{text-align:center;}.elementor-10221 .elementor-element.elementor-element-5bdc9fe4 .elementor-heading-title{font-size:1.9em;line-height:1.1em;}.elementor-10221 .elementor-element.elementor-element-5bdc9fe4 > .elementor-widget-container{margin:16px 0px 20px 0px;}.elementor-10221 .elementor-element.elementor-element-724bd629{text-align:center;}.elementor-10221 .elementor-element.elementor-element-50135914{--padding-top:0px;--padding-bottom:120px;--padding-left:20px;--padding-right:20px;}}<\/style>\t\t<div data-elementor-type=\"wp-page\" data-elementor-id=\"10221\" class=\"elementor elementor-10221 elementor-2618\">\n\t\t\t\t<div class=\"elementor-element elementor-element-692a32e9 e-flex e-con-boxed wpr-particle-no wpr-jarallax-no wpr-parallax-no wpr-sticky-section-no wpr-equal-height-no e-con e-parent\" data-id=\"692a32e9\" data-element_type=\"container\" data-e-type=\"container\" data-settings=\"{&quot;background_background&quot;:&quot;classic&quot;}\">\n\t\t\t\t\t<div class=\"e-con-inner\">\n\t\t<div class=\"elementor-element elementor-element-a1f51e9 e-con-full e-flex wpr-particle-no wpr-jarallax-no wpr-parallax-no wpr-sticky-section-no wpr-equal-height-no e-con e-child\" data-id=\"a1f51e9\" data-element_type=\"container\" data-e-type=\"container\">\n\t\t<div class=\"elementor-element elementor-element-207f09d3 e-con-full e-flex wpr-particle-no wpr-jarallax-no wpr-parallax-no wpr-sticky-section-no wpr-equal-height-no e-con e-child\" data-id=\"207f09d3\" data-element_type=\"container\" data-e-type=\"container\">\n\t\t<div class=\"elementor-element elementor-element-c23bbf6 e-con-full e-flex wpr-particle-no wpr-jarallax-no wpr-parallax-no wpr-sticky-section-no wpr-equal-height-no e-con e-child\" data-id=\"c23bbf6\" data-element_type=\"container\" data-e-type=\"container\">\n\t\t<div class=\"elementor-element elementor-element-4a93dd0 e-con-full e-flex wpr-particle-no wpr-jarallax-no wpr-parallax-no wpr-sticky-section-no wpr-equal-height-no e-con e-child\" data-id=\"4a93dd0\" data-element_type=\"container\" data-e-type=\"container\">\n\t\t\t\t<div class=\"elementor-element elementor-element-5bdc9fe4 elementor-widget elementor-widget-heading\" data-id=\"5bdc9fe4\" data-element_type=\"widget\" data-e-type=\"widget\" data-widget_type=\"heading.default\">\n\t\t\t\t<div class=\"elementor-widget-container\">\n\t\t\t\t\t<h1 class=\"elementor-heading-title elementor-size-default\">Ich bin f\u00fcr Sie da!<\/h1>\t\t\t\t<\/div>\n\t\t\t\t<\/div>\n\t\t\t\t<\/div>\n\t\t\t\t<div class=\"elementor-element elementor-element-724bd629 elementor-widget elementor-widget-text-editor\" data-id=\"724bd629\" data-element_type=\"widget\" data-e-type=\"widget\" data-widget_type=\"text-editor.default\">\n\t\t\t\t<div class=\"elementor-widget-container\">\n\t\t\t\t\t\t\t\t\t<p data-start=\"157\" data-end=\"263\">Haben Sie eine Frage, brauchen Sie einen Rat oder m\u00f6chten Sie mehr \u00fcber <a href=\"https:\/\/youniquebyemilie.com\/produits\/\">Younique<\/a> erfahren? Ich bin hier, um Ihnen zu helfen! Ob Sie an unseren Younique-Produkten interessiert sind, <a href=\"https:\/\/youniquebyemilie.com\/rejoindre-younique\/\">Botschafterin werden<\/a> m\u00f6chten oder einfach nur \u00fcber Sch\u00f6nheit sprechen m\u00f6chten, z\u00f6gern Sie nicht, mir eine Nachricht \u00fcber dieses <a href=\"https:\/\/youniquebyemilie.com\/de\/\">Younique By Emilie-Formular<\/a> zu senden.  <\/p><p data-start=\"157\" data-end=\"263\">Ich antworte immer pers\u00f6nlich, oft innerhalb von 24 Stunden, also z\u00f6gern Sie nicht, auch wenn Sie nur eine kleine Frage haben!<\/p>\t\t\t\t\t\t\t\t<\/div>\n\t\t\t\t<\/div>\n\t\t\t\t<\/div>\n\t\t\t\t<\/div>\n\t\t\t\t<\/div>\n\t\t<div class=\"elementor-element elementor-element-50135914 e-con-full e-flex wpr-particle-no wpr-jarallax-no wpr-parallax-no wpr-sticky-section-no wpr-equal-height-no e-con e-child\" data-id=\"50135914\" data-element_type=\"container\" data-e-type=\"container\">\n\t\t<div class=\"elementor-element elementor-element-40cc9b3f e-con-full e-flex wpr-particle-no wpr-jarallax-no wpr-parallax-no wpr-sticky-section-no wpr-equal-height-no e-con e-child\" data-id=\"40cc9b3f\" data-element_type=\"container\" data-e-type=\"container\" data-settings=\"{&quot;background_background&quot;:&quot;classic&quot;}\">\n\t\t<div class=\"elementor-element elementor-element-70095f8b e-con-full e-flex wpr-particle-no wpr-jarallax-no wpr-parallax-no wpr-sticky-section-no wpr-equal-height-no e-con e-child\" data-id=\"70095f8b\" data-element_type=\"container\" data-e-type=\"container\" data-settings=\"{&quot;background_background&quot;:&quot;classic&quot;}\">\n\t\t\t\t<div class=\"elementor-element elementor-element-030c445 elementor-widget elementor-widget-jkit_contact_form_7\" data-id=\"030c445\" data-element_type=\"widget\" data-e-type=\"widget\" data-widget_type=\"jkit_contact_form_7.default\">\n\t\t\t\t<div class=\"elementor-widget-container\">\n\t\t\t\t\t<div  class=\"jeg-elementor-kit jkit-contact-form-7 jeg_module___69e65994edbaa\" >\n<div class=\"wpcf7 no-js\" id=\"wpcf7-f11868-o1\" lang=\"de-DE\" dir=\"ltr\" data-wpcf7-id=\"11868\">\n<div class=\"screen-reader-response\"><p role=\"status\" aria-live=\"polite\" aria-atomic=\"true\"><\/p> <ul><\/ul><\/div>\n<form action=\"\/de\/wp-json\/wp\/v2\/pages\/10221#wpcf7-f11868-o1\" method=\"post\" class=\"wpcf7-form init\" aria-label=\"Kontaktformular\" novalidate=\"novalidate\" data-status=\"init\">\n<fieldset class=\"hidden-fields-container\"><input type=\"hidden\" name=\"_wpcf7\" value=\"11868\" \/><input type=\"hidden\" name=\"_wpcf7_version\" value=\"6.1.5\" \/><input type=\"hidden\" name=\"_wpcf7_locale\" value=\"de_DE\" \/><input type=\"hidden\" name=\"_wpcf7_unit_tag\" value=\"wpcf7-f11868-o1\" \/><input type=\"hidden\" name=\"_wpcf7_container_post\" value=\"0\" \/><input type=\"hidden\" name=\"_wpcf7_posted_data_hash\" value=\"\" \/>\n<\/fieldset>\n<p><label> Ihr Name<br \/>\n<span class=\"wpcf7-form-control-wrap\" data-name=\"your-name\"><input size=\"40\" maxlength=\"400\" class=\"wpcf7-form-control wpcf7-text wpcf7-validates-as-required\" autocomplete=\"name\" aria-required=\"true\" aria-invalid=\"false\" value=\"\" type=\"text\" name=\"your-name\" \/><\/span> <\/label>\n<\/p>\n<p><label> Ihre E-Mail-Adresse<br \/>\n<span class=\"wpcf7-form-control-wrap\" data-name=\"your-email\"><input size=\"40\" maxlength=\"400\" class=\"wpcf7-form-control wpcf7-email wpcf7-validates-as-required wpcf7-text wpcf7-validates-as-email\" autocomplete=\"email\" aria-required=\"true\" aria-invalid=\"false\" value=\"\" type=\"email\" name=\"your-email\" \/><\/span> <\/label>\n<\/p>\n<p><label> Ihre Nachricht<br \/>\n<span class=\"wpcf7-form-control-wrap\" data-name=\"your-message\"><textarea cols=\"40\" rows=\"10\" maxlength=\"2000\" class=\"wpcf7-form-control wpcf7-textarea\" aria-invalid=\"false\" name=\"your-message\"><\/textarea><\/span> <\/label>\n<\/p>\n<p><input class=\"wpcf7-form-control wpcf7-submit has-spinner\" type=\"submit\" value=\"Senden Sie\" \/>\n<\/p><div class=\"wpcf7-response-output\" aria-hidden=\"true\"><\/div>\n<\/form>\n<\/div>\n<\/div>\t\t\t\t<\/div>\n\t\t\t\t<\/div>\n\t\t\t\t<\/div>\n\t\t\t\t<\/div>\n\t\t\t\t<\/div>\n\t\t\t\t\t<\/div>\n\t\t\t\t<\/div>\n\t\t\t\t<\/div>\n\t\t","protected":false},"excerpt":{"rendered":"<p>Ich bin f\u00fcr Sie da! Haben Sie eine Frage, brauchen Sie einen Rat oder m\u00f6chten Sie mehr \u00fcber Younique erfahren? Ich bin hier, um Ihnen zu helfen! Ob Sie an unseren Younique-Produkten interessiert sind, Botschafterin werden m\u00f6chten oder einfach nur \u00fcber Sch\u00f6nheit sprechen m\u00f6chten, z\u00f6gern Sie nicht, mir eine Nachricht \u00fcber dieses Younique By Emilie-Formular zu senden. Ich antworte immer pers\u00f6nlich, oft innerhalb von 24 Stunden, also z\u00f6gern Sie nicht, auch wenn Sie nur eine kleine Frage haben! Ton nom Ton e-mail Ton message<\/p>\n","protected":false},"author":1,"featured_media":0,"parent":0,"menu_order":0,"comment_status":"closed","ping_status":"closed","template":"","meta":{"_seopress_robots_primary_cat":"","_seopress_titles_title":"Kontakt - Emilie, Botschafterin von Younique","_seopress_titles_desc":"Ben\u00f6tigen Sie einen Rat oder eine Information zu einem Younique-Produkt? Kontaktieren Sie mich direkt. ","_seopress_robots_index":"yes","site-sidebar-layout":"no-sidebar","site-content-layout":"page-builder","ast-site-content-layout":"full-width-container","site-content-style":"default","site-sidebar-style":"default","ast-global-header-display":"","ast-banner-title-visibility":"","ast-main-header-display":"","ast-hfb-above-header-display":"","ast-hfb-below-header-display":"","ast-hfb-mobile-header-display":"","site-post-title":"disabled","ast-breadcrumbs-content":"","ast-featured-img":"disabled","footer-sml-layout":"","ast-disable-related-posts":"","theme-transparent-header-meta":"","adv-header-id-meta":"","stick-header-meta":"","header-above-stick-meta":"","header-main-stick-meta":"","header-below-stick-meta":"","astra-migrate-meta-layouts":"default","ast-page-background-enabled":"default","ast-page-background-meta":{"desktop":{"background-color":"var(--ast-global-color-4)","background-image":"","background-repeat":"repeat","background-position":"center center","background-size":"auto","background-attachment":"scroll","background-type":"","background-media":"","overlay-type":"","overlay-color":"","overlay-opacity":"","overlay-gradient":""},"tablet":{"background-color":"","background-image":"","background-repeat":"repeat","background-position":"center center","background-size":"auto","background-attachment":"scroll","background-type":"","background-media":"","overlay-type":"","overlay-color":"","overlay-opacity":"","overlay-gradient":""},"mobile":{"background-color":"","background-image":"","background-repeat":"repeat","background-position":"center center","background-size":"auto","background-attachment":"scroll","background-type":"","background-media":"","overlay-type":"","overlay-color":"","overlay-opacity":"","overlay-gradient":""}},"ast-content-background-meta":{"desktop":{"background-color":"var(--ast-global-color-5)","background-image":"","background-repeat":"repeat","background-position":"center center","background-size":"auto","background-attachment":"scroll","background-type":"","background-media":"","overlay-type":"","overlay-color":"","overlay-opacity":"","overlay-gradient":""},"tablet":{"background-color":"var(--ast-global-color-5)","background-image":"","background-repeat":"repeat","background-position":"center center","background-size":"auto","background-attachment":"scroll","background-type":"","background-media":"","overlay-type":"","overlay-color":"","overlay-opacity":"","overlay-gradient":""},"mobile":{"background-color":"var(--ast-global-color-5)","background-image":"","background-repeat":"repeat","background-position":"center center","background-size":"auto","background-attachment":"scroll","background-type":"","background-media":"","overlay-type":"","overlay-color":"","overlay-opacity":"","overlay-gradient":""}},"footnotes":""},"class_list":["post-10221","page","type-page","status-publish","hentry"],"_links":{"self":[{"href":"https:\/\/youniquebyemilie.com\/de\/wp-json\/wp\/v2\/pages\/10221","targetHints":{"allow":["GET"]}}],"collection":[{"href":"https:\/\/youniquebyemilie.com\/de\/wp-json\/wp\/v2\/pages"}],"about":[{"href":"https:\/\/youniquebyemilie.com\/de\/wp-json\/wp\/v2\/types\/page"}],"author":[{"embeddable":true,"href":"https:\/\/youniquebyemilie.com\/de\/wp-json\/wp\/v2\/users\/1"}],"replies":[{"embeddable":true,"href":"https:\/\/youniquebyemilie.com\/de\/wp-json\/wp\/v2\/comments?post=10221"}],"version-history":[{"count":0,"href":"https:\/\/youniquebyemilie.com\/de\/wp-json\/wp\/v2\/pages\/10221\/revisions"}],"wp:attachment":[{"href":"https:\/\/youniquebyemilie.com\/de\/wp-json\/wp\/v2\/media?parent=10221"}],"curies":[{"name":"wp","href":"https:\/\/api.w.org\/{rel}","templated":true}]}}