{"id":10436,"date":"2025-07-24T16:37:52","date_gmt":"2025-07-24T14:37:52","guid":{"rendered":"https:\/\/youniquebyemilie.com\/produit\/palette-4-moodstruck-kompakt-lidschatten\/"},"modified":"2025-07-24T16:37:52","modified_gmt":"2025-07-24T14:37:52","slug":"palette-4-moodstruck-kompakt-lidschatten","status":"publish","type":"product","link":"https:\/\/youniquebyemilie.com\/de\/produit\/palette-4-moodstruck-kompakt-lidschatten\/","title":{"rendered":"Palette 4 MOODSTRUCK Kompakt-Lidschatten"},"content":{"rendered":"<p><span style=\"font-weight: 400;\">Ich habe schon immer Paletten geliebt, aber oft sprechen mich entweder die Farben nicht an oder die Haltbarkeit ist mittelm\u00e4\u00dfig. Bis ich entdeckte   <\/span><b>die MOODSTRUCK Palette mit 4 kompakten Schatten.<\/b><span style=\"font-weight: 400;\">  Ganz ehrlich, das ist ein echter Favorit! Jeden Tag kann ich die Farben mischen, um meine Stimmung, meinen Look oder sogar das Wetter zu ber\u00fccksichtigen. Was ich liebe, ist die Freiheit, ein perfektes Make-up zu kreieren, ob dezent oder raffiniert, mit Farben, die den ganzen Tag halten, ohne Falten zu werfen oder zu verblassen. Wenn Sie eine flexible und qualitativ hochwertige Palette suchen, kann ich sie Ihnen zu 100% empfehlen.   <\/span><\/p>\n<h2><span style=\"font-weight: 400;\">Was Sie mit der MOODSTRUCK 4er Lidschattenpalette gewinnen k\u00f6nnen<\/span><\/h2>\n<ul>\n<li style=\"font-weight: 400;\" aria-level=\"1\"><b>Eine Auswahl von 4 ultrapigmentierten Kompaktfarben.<\/b><span style=\"font-weight: 400;\">Sie k\u00f6nnen die Farben nach Lust und Laune mischen.<\/span>&nbsp;<\/li>\n<li style=\"font-weight: 400;\" aria-level=\"1\"><b>Eine weiche, leicht aufzutragende Textur<\/b><span style=\"font-weight: 400;\">Sie l\u00e4sst sich perfekt verblenden, um einen nat\u00fcrlichen oder intensiven Look zu erzielen.<\/span>&nbsp;<\/li>\n<li style=\"font-weight: 400;\" aria-level=\"1\"><b>Ein lang anhaltender Halt, der den Tag \u00fcberdauert.<\/b><span style=\"font-weight: 400;\">Die Farbe h\u00e4lt den ganzen Tag, ohne zu br\u00f6ckeln oder an Intensit\u00e4t zu verlieren.<\/span>&nbsp;<\/li>\n<li style=\"font-weight: 400;\" aria-level=\"1\"><b>Ein kompaktes, nachf\u00fcllbares und individuell gestaltbares Format.<\/b><span style=\"font-weight: 400;\">Dieses kompakte Format ist perfekt, um Ihre Lieblingsfarben mitzunehmen und zu erneuern.<\/span>&nbsp;<\/li>\n<li style=\"font-weight: 400;\" aria-level=\"1\"><b>Sorgf\u00e4ltig ausgew\u00e4hlte Inhaltsstoffe<\/b><span style=\"font-weight: 400;\"> um Ihre Haut zu schonen und Ihre Augen zu versch\u00f6nern.<\/span>&nbsp;<\/li>\n<\/ul>\n<h2><span style=\"font-weight: 400;\">Wie Sie Ihre MOODSTRUCK-Palette verwenden k\u00f6nnen<\/span><\/h2>\n<ul>\n<li style=\"font-weight: 400;\" aria-level=\"1\"><span style=\"font-weight: 400;\">Tragen Sie zun\u00e4chst eine Lidschattengrundierung auf, um Ihre Haut vorzubereiten.<\/span>&nbsp;<\/li>\n<li style=\"font-weight: 400;\" aria-level=\"1\"><span style=\"font-weight: 400;\">Verwenden Sie einen flachen Pinsel, um die Farbe auf Ihr bewegliches Lid aufzutragen.<\/span>&nbsp;<\/li>\n<li style=\"font-weight: 400;\" aria-level=\"1\"><span style=\"font-weight: 400;\">Verblenden Sie mit einem weicheren Pinsel, um einen harmonischen Farbverlauf zu erzielen.<\/span>&nbsp;<\/li>\n<li style=\"font-weight: 400;\" aria-level=\"1\"><span style=\"font-weight: 400;\">Markieren Sie die \u00e4u\u00dfere Ecke oder die Wimpernlinie, um Ihren Blick zu intensivieren.<\/span>&nbsp;<\/li>\n<li style=\"font-weight: 400;\" aria-level=\"1\"><span style=\"font-weight: 400;\">Mischen Sie die Farbt\u00f6ne, um f\u00fcr jede Tageszeit einen passenden Look zu kreieren.<\/span>&nbsp;<\/li>\n<\/ul>\n<h2><span style=\"font-weight: 400;\">Eine Palette f\u00fcr jede Stimmung und jeden Anlass<\/span><\/h2>\n<p><span style=\"font-weight: 400;\">Mit MOODSTRUCK k\u00f6nnen Sie Ihre Palette nach Belieben anpassen: <\/span><b>von sanften Nude-T\u00f6nen<\/b><span style=\"font-weight: 400;\"> bis hin zu<\/span><b> Die Farbpalette reicht von hellen bis zu dunklen Farbt\u00f6nen,<\/b><span style=\"font-weight: 400;\">  alles ist m\u00f6glich. Die Farben sind so konzipiert, dass sie harmonisch miteinander kombiniert werden k\u00f6nnen, so dass Sie von einem nat\u00fcrlichen Look bis hin zu glamour\u00f6sen Smokys alles ausprobieren k\u00f6nnen. Das bedeutet kreative Freiheit und das Vergn\u00fcgen, immer den richtigen Farbton zur Hand zu haben.  <\/span><\/p>\n<h2><span style=\"font-weight: 400;\">Die Star-Inhaltsstoffe, die Ihre Haut versch\u00f6nern<\/span><\/h2>\n<ul>\n<li style=\"font-weight: 400;\" aria-level=\"1\"><b>Dimethicon<\/b><span style=\"font-weight: 400;\"> : f\u00fcr eine glatte und geschmeidige Textur.<\/span>&nbsp;<\/li>\n<li style=\"font-weight: 400;\" aria-level=\"1\"><b>Hochwertiges Talkum<\/b><span style=\"font-weight: 400;\"> : f\u00fcr eine ausgezeichnete Haftung und ein samtiges Finish.<\/span>&nbsp;<\/li>\n<li style=\"font-weight: 400;\" aria-level=\"1\"><b>Phenoxyethanol und Caprylyl Glycol.<\/b><span style=\"font-weight: 400;\"> : f\u00fcr Konservierung und Weichheit<\/span>&nbsp;<\/li>\n<li style=\"font-weight: 400;\" aria-level=\"1\"><b>Filmbildende Polymere<\/b><span style=\"font-weight: 400;\"> Die Inhaltsstoffe: f\u00fcr einen lang anhaltenden, makellosen Halt<\/span>&nbsp;<\/li>\n<li style=\"font-weight: 400;\" aria-level=\"1\"><b>Nat\u00fcrliche Pigmente und ausgew\u00e4hlte Farbstoffe<\/b><span style=\"font-weight: 400;\"> F\u00fcr satte, leuchtende und dauerhafte Farben.<\/span>&nbsp;<\/li>\n<\/ul>\n<h2><span style=\"font-weight: 400;\">Warum Sie es lieben werden<\/span><\/h2>\n<p><span style=\"font-weight: 400;\">Diese Palette ist die L\u00f6sung, um Zeit zu sparen, ohne auf Ihren Stil verzichten zu m\u00fcssen. Sie erleichtert Ihnen das Leben, gibt Ihnen eine Explosion von Trendfarben, die den ganzen Tag halten, und l\u00e4dt Sie ein, Ihre Kreativit\u00e4t ohne Grenzen auszudr\u00fccken. Sie ist wiederaufladbar, kosteng\u00fcnstig und umweltfreundlich, ein echtes Plus f\u00fcr Ihr Beauty Kit. Sind Sie bereit, Ihre Augen wie nie zuvor zum Strahlen zu bringen?   <\/span><\/p>\n<p><span style=\"font-weight: 400;\">Warten Sie nicht l\u00e4nger! Bestellen Sie jetzt Ihre MOODSTRUCK-Palette und verwandeln Sie jeden Blick in ein Kunstwerk, das einfach, schnell und immer topaktuell ist. <\/span><\/p>\n<p>&nbsp;<\/p>\n<h2><span style=\"font-weight: 400;\">FAQ : Alles \u00fcber Ihre MOODSTRUCK 4er Lidschattenpalette<\/span><\/h2>\n<ol>\n<li style=\"font-weight: 400;\" aria-level=\"1\"><b>Was ist die beste Technik, um MOODSTRUCK Kompaktschatten gut zu verblenden?<\/b><b><br \/>\n<\/b><span style=\"font-weight: 400;\">Verwenden Sie einen sauberen, weichen Pinsel, machen Sie leichte, kreisende Bewegungen und arbeiten Sie die Abstufungen nach und nach aus, um ein nat\u00fcrliches und harmonisches Ergebnis zu erzielen.<\/span>&nbsp;<\/li>\n<li style=\"font-weight: 400;\" aria-level=\"1\"><b>Wie reinige ich meine Palette und meine Pinsel, um die Qualit\u00e4t der Schatten zu erhalten?<\/b><b><br \/>\n<\/b><span style=\"font-weight: 400;\">Reinigen Sie die Palette mit einem Tuch. <\/span><b>einem weichen, trockenen Tuch.<\/b><span style=\"font-weight: 400;\"> Die Pinsel sollten Sie regelm\u00e4\u00dfig mit einem Shampoo waschen. <\/span><b>einem milden Shampoo.<\/b><span style=\"font-weight: 400;\"> Um R\u00fcckst\u00e4nde zu vermeiden, die die Farbe verf\u00e4lschen.<\/span>&nbsp;<\/li>\n<li style=\"font-weight: 400;\" aria-level=\"1\"><b>Kann ich diese Schatten als Highlighter oder Kontur f\u00fcr andere Bereiche des Gesichts verwenden?<\/b><b><br \/>\n<\/b><span style=\"font-weight: 400;\">Absolut, einige glitzernde oder matte Farbt\u00f6ne k\u00f6nnen verwendet werden, um Bereiche wie die Wangenknochen oder den Augenbrauenbogen aufzuhellen oder zu modellieren.<\/span>&nbsp;<\/li>\n<li style=\"font-weight: 400;\" aria-level=\"1\"><b>Wie kann ich verhindern, dass die kompakten Schatten in der Palette zerbr\u00f6seln?<\/b><b><br \/>\n<\/b><span style=\"font-weight: 400;\">Behandeln Sie die Palette vorsichtig, vermeiden Sie St\u00f6\u00dfe und verschlie\u00dfen Sie sie nach Gebrauch immer gut, um das Pulver zu sch\u00fctzen.<\/span><\/li>\n<\/ol>\n<p><span style=\"font-weight: 400;\">Bestellen Sie schnell Ihre MOODSTRUCK Palette mit 4 kompakten Lidschatten, kreieren Sie Ihre eigenen Looks und lassen Sie sich von der au\u00dfergew\u00f6hnlichen Qualit\u00e4t und Haltbarkeit \u00fcberraschen. Mit MOODSTRUCK wird Ihr Make-up zum Kinderspiel, von morgens bis abends! <\/span><\/p>\n","protected":false},"excerpt":{"rendered":"<p><span style=\"font-weight: 400;\">Ich habe schon immer Paletten geliebt, aber oft sprechen mich entweder die Farben nicht an oder die Haltbarkeit ist mittelm\u00e4\u00dfig. Bis ich entdeckte   <\/span><b>die MOODSTRUCK Palette mit 4 kompakten Schatten.<\/b><span style=\"font-weight: 400;\">  Ganz ehrlich, das ist ein echter Favorit! Ich kann jeden Tag die Farben mischen, um meine Stimmung, meinen Look oder sogar das Wetter zu ber\u00fccksichtigen. Was ich liebe, ist die Freiheit, ein perfektes Make-up zu kreieren, ob dezent oder raffiniert, mit Farben, die den ganzen Tag halten, ohne Falten zu werfen oder zu verblassen. Wenn Sie eine flexible und qualitativ hochwertige Palette suchen, kann ich sie Ihnen zu 100% empfehlen.   <\/span><\/p>\n","protected":false},"featured_media":10440,"comment_status":"open","ping_status":"closed","template":"","meta":{"_seopress_robots_primary_cat":"none","_seopress_titles_title":"","_seopress_titles_desc":"","_seopress_robots_index":"","site-sidebar-layout":"default","site-content-layout":"","ast-site-content-layout":"default","site-content-style":"default","site-sidebar-style":"default","ast-global-header-display":"","ast-banner-title-visibility":"","ast-main-header-display":"","ast-hfb-above-header-display":"","ast-hfb-below-header-display":"","ast-hfb-mobile-header-display":"","site-post-title":"","ast-breadcrumbs-content":"","ast-featured-img":"","footer-sml-layout":"","ast-disable-related-posts":"","theme-transparent-header-meta":"default","adv-header-id-meta":"","stick-header-meta":"","header-above-stick-meta":"","header-main-stick-meta":"","header-below-stick-meta":"","astra-migrate-meta-layouts":"default","ast-page-background-enabled":"default","ast-page-background-meta":{"desktop":{"background-color":"var(--ast-global-color-4)","background-image":"","background-repeat":"repeat","background-position":"center center","background-size":"auto","background-attachment":"scroll","background-type":"","background-media":"","overlay-type":"","overlay-color":"","overlay-opacity":"","overlay-gradient":""},"tablet":{"background-color":"","background-image":"","background-repeat":"repeat","background-position":"center center","background-size":"auto","background-attachment":"scroll","background-type":"","background-media":"","overlay-type":"","overlay-color":"","overlay-opacity":"","overlay-gradient":""},"mobile":{"background-color":"","background-image":"","background-repeat":"repeat","background-position":"center center","background-size":"auto","background-attachment":"scroll","background-type":"","background-media":"","overlay-type":"","overlay-color":"","overlay-opacity":"","overlay-gradient":""}},"ast-content-background-meta":{"desktop":{"background-color":"var(--ast-global-color-5)","background-image":"","background-repeat":"repeat","background-position":"center center","background-size":"auto","background-attachment":"scroll","background-type":"","background-media":"","overlay-type":"","overlay-color":"","overlay-opacity":"","overlay-gradient":""},"tablet":{"background-color":"var(--ast-global-color-5)","background-image":"","background-repeat":"repeat","background-position":"center center","background-size":"auto","background-attachment":"scroll","background-type":"","background-media":"","overlay-type":"","overlay-color":"","overlay-opacity":"","overlay-gradient":""},"mobile":{"background-color":"var(--ast-global-color-5)","background-image":"","background-repeat":"repeat","background-position":"center center","background-size":"auto","background-attachment":"scroll","background-type":"","background-media":"","overlay-type":"","overlay-color":"","overlay-opacity":"","overlay-gradient":""}}},"product_brand":[],"product_cat":[92],"product_tag":[],"class_list":{"0":"post-10436","1":"product","2":"type-product","3":"status-publish","4":"has-post-thumbnail","6":"product_cat-augen","7":"desktop-align-left","8":"tablet-align-left","9":"mobile-align-left","11":"first","12":"instock","13":"sale","14":"shipping-taxable","15":"product-type-external"},"_links":{"self":[{"href":"https:\/\/youniquebyemilie.com\/de\/wp-json\/wp\/v2\/product\/10436","targetHints":{"allow":["GET"]}}],"collection":[{"href":"https:\/\/youniquebyemilie.com\/de\/wp-json\/wp\/v2\/product"}],"about":[{"href":"https:\/\/youniquebyemilie.com\/de\/wp-json\/wp\/v2\/types\/product"}],"replies":[{"embeddable":true,"href":"https:\/\/youniquebyemilie.com\/de\/wp-json\/wp\/v2\/comments?post=10436"}],"wp:featuredmedia":[{"embeddable":true,"href":"https:\/\/youniquebyemilie.com\/de\/wp-json\/wp\/v2\/media\/10440"}],"wp:attachment":[{"href":"https:\/\/youniquebyemilie.com\/de\/wp-json\/wp\/v2\/media?parent=10436"}],"wp:term":[{"taxonomy":"product_brand","embeddable":true,"href":"https:\/\/youniquebyemilie.com\/de\/wp-json\/wp\/v2\/product_brand?post=10436"},{"taxonomy":"product_cat","embeddable":true,"href":"https:\/\/youniquebyemilie.com\/de\/wp-json\/wp\/v2\/product_cat?post=10436"},{"taxonomy":"product_tag","embeddable":true,"href":"https:\/\/youniquebyemilie.com\/de\/wp-json\/wp\/v2\/product_tag?post=10436"}],"curies":[{"name":"wp","href":"https:\/\/api.w.org\/{rel}","templated":true}]}}