{"id":10469,"date":"2025-07-24T16:33:49","date_gmt":"2025-07-24T14:33:49","guid":{"rendered":"https:\/\/youniquebyemilie.com\/produit\/fluessiger-lidschatten-moodstruck\/"},"modified":"2025-07-24T16:33:49","modified_gmt":"2025-07-24T14:33:49","slug":"fluessiger-lidschatten-moodstruck","status":"publish","type":"product","link":"https:\/\/youniquebyemilie.com\/de\/produit\/fluessiger-lidschatten-moodstruck\/","title":{"rendered":"Fl\u00fcssiger Lidschatten MOODSTRUCK"},"content":{"rendered":"<p><span style=\"font-weight: 400;\">Wei\u00dft du, fr\u00fcher war fl\u00fcssiges Make-up immer ein Problem: Es tropfte, es verwischte, und am Abend hatte ich alles verloren. Dann entdeckte ich <\/span><b>  MOODSTRUCK fl\u00fcssiger Lidschatten,<\/b><span style=\"font-weight: 400;\">  und da war es um mich geschehen! Die Textur   <\/span><b>Creme-Pulver<\/b><span style=\"font-weight: 400;\">  ist fl\u00fcssig und leicht, trocknet schnell und h\u00e4lt den ganzen Tag lang. Was ich wirklich liebe, ist die reichhaltige Farbpalette mit matten, satinierten und perlmuttfarbenen T\u00f6nen, mit denen Sie tausend Looks von nat\u00fcrlich bis intensiv kreieren k\u00f6nnen. Glauben Sie mir, es wird Ihnen das Leben erleichtern und Ihre Augen wie nie zuvor zum Leuchten bringen!  <\/span><\/p>\n<h2><span style=\"font-weight: 400;\">Was Sie mit dem fl\u00fcssigen Lidschatten MOODSTRUCK gewinnen k\u00f6nnen<\/span><\/h2>\n<ul>\n<li style=\"font-weight: 400;\" aria-level=\"1\"><b>Eine starke Pigmentierung<\/b><span style=\"font-weight: 400;\"> f\u00fcr einen Blick, der schon beim ersten Auftragen fesselt.<\/span>&nbsp;<\/li>\n<li style=\"font-weight: 400;\" aria-level=\"1\"><b>Eine leichte Creme-Puder-Formel<\/b><span style=\"font-weight: 400;\"> die zu einem stabilen, nicht \u00fcbergehenden, pudrigen Finish trocknet.<\/span>&nbsp;<\/li>\n<li style=\"font-weight: 400;\" aria-level=\"1\"><b>Wasser-, flecken- und \u00fcbertragungsbest\u00e4ndig.<\/b><span style=\"font-weight: 400;\">Das Make-up bleibt haften.<\/span>&nbsp;<\/li>\n<li style=\"font-weight: 400;\" aria-level=\"1\"><b>Ein N\u00e4hfu\u00dfapplikator mit Reservoir <\/b><span style=\"font-weight: 400;\">um die perfekte Dosis zu dosieren, ohne zu verschwenden.<\/span>&nbsp;<\/li>\n<li style=\"font-weight: 400;\" aria-level=\"1\"><b>Die Vielseitigkeit<\/b><span style=\"font-weight: 400;\"> Die Farbe kann als Rouge oder Eyeliner verwendet werden, solo oder \u00fcbereinander f\u00fcr einzigartige Looks.<\/span><\/li>\n<\/ul>\n<p>&nbsp;<\/p>\n<h2><span style=\"font-weight: 400;\">Eine Farbpalette f\u00fcr alle Ihre Looks<\/span><\/h2>\n<p><span style=\"font-weight: 400;\">MOODSTRUCK hat eine Palette von Farbt\u00f6nen geschaffen, die so vielf\u00e4ltig sind, dass Sie jeden Tag nach Lust und Laune mit Ihren Augen spielen k\u00f6nnen. Jede Farbe ist eine Einladung zum Erforschen, zum Wagnis und zur Enth\u00fcllung verschiedener Aspekte Ihrer Pers\u00f6nlichkeit. <\/span><\/p>\n<ul>\n<li style=\"font-weight: 400;\" aria-level=\"1\"><b>\u00dcberschw\u00e4nglich<\/b><span style=\"font-weight: 400;\">  Dieses tiefe Blau ist der Moment des Blickfangs. Wagen Sie es f\u00fcr einen k\u00fchnen und unwiderstehlichen Look. <\/span>&nbsp;<\/li>\n<li style=\"font-weight: 400;\" aria-level=\"1\"><b>Giggly<\/b><span style=\"font-weight: 400;\"> Ein mattes Blassrosa, das Ihren Augen sofort eine weiche Note verleiht, perfekt f\u00fcr einen nat\u00fcrlichen und frischen Effekt.<\/span>&nbsp;<\/li>\n<li style=\"font-weight: 400;\" aria-level=\"1\"><b>Professionell<\/b><span style=\"font-weight: 400;\"> Mauve: Ein elegantes, mattes Mauve, ideal f\u00fcr ein raffiniertes, dezentes und schickes Make-up.<\/span>&nbsp;<\/li>\n<li style=\"font-weight: 400;\" aria-level=\"1\"><b>Verziert<\/b><span style=\"font-weight: 400;\"> Olivbraun mit goldenen Perlen, ein subtiler Hauch, der Ihre Augen w\u00e4rmt und einen feinen Glanz verleiht.<\/span>&nbsp;<\/li>\n<li style=\"font-weight: 400;\" aria-level=\"1\"><b>Ehrerbietig<\/b><span style=\"font-weight: 400;\">  Dieser satinierte Champagner ist der Farbton, der Ihre Augen sofort zum Strahlen bringt. Der perfekte Partner f\u00fcr einen Hauch von Licht. <\/span>&nbsp;<\/li>\n<li style=\"font-weight: 400;\" aria-level=\"1\"><b>Erhaben<\/b><span style=\"font-weight: 400;\">  Koralle: Eine satinierte Koralle mit einem goldenen Perlen-Finish. Perfekt f\u00fcr einen vibrierenden Glanz und einen ultra-glamour\u00f6sen Effekt. <\/span>&nbsp;<\/li>\n<\/ul>\n<p><span style=\"font-weight: 400;\">Jede Farbe ist ein kleines Juwel f\u00fcr Ihre Kosmetiktasche, und ich bin sicher, dass Sie es lieben werden, mit den verschiedenen Texturen und Nuancen zu spielen, um abwechslungsreiche und einzigartige Looks zu kreieren. Es ist ganz einfach, mit MOODSTRUCK sind Sie bereit zu gl\u00e4nzen! <\/span><\/p>\n<h2><span style=\"font-weight: 400;\">Wie Sie Ihren fl\u00fcssigen Lidschatten MOODSTRUCK verwenden k\u00f6nnen<\/span><\/h2>\n<ul>\n<li style=\"font-weight: 400;\" aria-level=\"1\"><span style=\"font-weight: 400;\">Tragen Sie das Produkt mit dem Brecheisen-Applikator direkt auf Ihr Augenlid auf.<\/span>&nbsp;<\/li>\n<li style=\"font-weight: 400;\" aria-level=\"1\"><span style=\"font-weight: 400;\">Verblenden Sie es sanft mit den Fingerspitzen oder einem Pinsel f\u00fcr einen nat\u00fcrlichen oder intensiven Effekt, je nach Wunsch.<\/span>&nbsp;<\/li>\n<li style=\"font-weight: 400;\" aria-level=\"1\"><span style=\"font-weight: 400;\">\u00dcberlagern Sie die Farbt\u00f6ne, um mit Farben zu spielen und einen einzigartigen Look zu kreieren.<\/span>&nbsp;<\/li>\n<\/ul>\n<h2><span style=\"font-weight: 400;\">Wichtige Inhaltsstoffe<\/span><\/h2>\n<ul>\n<li style=\"font-weight: 400;\" aria-level=\"1\"><b>Wasser<\/b><span style=\"font-weight: 400;\"> und<\/span><b> Glycerin<\/b><span style=\"font-weight: 400;\"> f\u00fcr eine leichte Feuchtigkeitsversorgung.<\/span>&nbsp;<\/li>\n<li style=\"font-weight: 400;\" aria-level=\"1\"><b>Copolymere<\/b><span style=\"font-weight: 400;\"> f\u00fcr einen lang anhaltenden Halt und ein nicht \u00fcbertragbares Finish.<\/span>&nbsp;<\/li>\n<li style=\"font-weight: 400;\" aria-level=\"1\"><b>Squalan<\/b><span style=\"font-weight: 400;\"> um die zarte Haut der Augenlider zu pflegen und zu sch\u00fctzen.<\/span>&nbsp;<\/li>\n<li style=\"font-weight: 400;\" aria-level=\"1\"><b>Phenoxyethanol <\/b><span style=\"font-weight: 400;\">und <\/span><b>Caprylyl <\/b><span style=\"font-weight: 400;\">Glykol f\u00fcr die Konservierung und Weichheit.<\/span>&nbsp;<\/li>\n<\/ul>\n<h2><span style=\"font-weight: 400;\">Warum Sie es lieben werden<\/span><\/h2>\n<p><span style=\"font-weight: 400;\"><br \/>\n<\/span><span style=\"font-weight: 400;\">  Weil es die perfekte Kombination aus Leichtigkeit, Haltbarkeit und Farbe ist. Ob Sie es eilig haben oder ein Make-up wollen, das den ganzen Tag h\u00e4lt, diese fl\u00fcssige Schminke ist Ihr Verb\u00fcndeter. Seine innovative Textur macht das Auftragen einfach und die Farbpalette erm\u00f6glicht es Ihnen, Ihrer Kreativit\u00e4t keine Grenzen zu setzen. Bestellen Sie schnell Ihren MOODSTRUCK fl\u00fcssigen Lidschatten und ver\u00e4ndern Sie Ihren Blick im Handumdrehen, ohne Stress und Verschmieren!   <\/span><\/p>\n<h2><span style=\"font-weight: 400;\">FAQ : Alles \u00fcber Ihren fl\u00fcssigen Lidschatten MOODSTRUCK<\/span><\/h2>\n<ol>\n<li style=\"font-weight: 400;\" aria-level=\"1\"><b>Ist diese Schminke f\u00fcr alle Hauttypen geeignet?<\/b><span style=\"font-weight: 400;\"><br \/>\n<\/span><span style=\"font-weight: 400;\">  Ja, seine leichte und milde Formel ist sogar f\u00fcr empfindliche Haut geeignet.<\/span>&nbsp;<\/li>\n<li style=\"font-weight: 400;\" aria-level=\"1\"><b>Wie kann ich die Haltbarkeit meines Make-ups verl\u00e4ngern?<\/b><span style=\"font-weight: 400;\"><br \/>\n<\/span><span style=\"font-weight: 400;\">  Tragen Sie vor dem Schatten eine Lidschattengrundierung auf, um eine bessere Haftung zu gew\u00e4hrleisten.<\/span>&nbsp;<\/li>\n<li style=\"font-weight: 400;\" aria-level=\"1\"><b>Ist dieses Produkt leicht abzuschminken?<\/b><span style=\"font-weight: 400;\"><br \/>\n<\/span><span style=\"font-weight: 400;\">  Ja, er l\u00e4sst sich leicht mit einem milden Make-up-Entferner entfernen, ohne zu reiben.<\/span>&nbsp;<\/li>\n<li style=\"font-weight: 400;\" aria-level=\"1\"><b>Wie lange ist die durchschnittliche Lebensdauer nach dem \u00d6ffnen?<\/b><span style=\"font-weight: 400;\"><br \/>\n<\/span><span style=\"font-weight: 400;\">  Ca. 12 Monate, wenn die Flasche gut verschlossen ist.<\/span>&nbsp;<\/li>\n<li style=\"font-weight: 400;\" aria-level=\"1\"><b>Kann ich es f\u00fcr ein Abend-Make-up verwenden?<\/b><b><br \/>\n<\/b> <span style=\"font-weight: 400;\">Ja, dank der intensiven Pigmentierung und der verschiedenen Finishes ist er perfekt f\u00fcr Tages- und Abendlooks.<\/span>&nbsp;<\/li>\n<\/ol>\n<p><span style=\"font-weight: 400;\">Los, jetzt ist es Zeit zu handeln! Holen Sie Ihre Karte heraus, bestellen Sie Ihren MOODSTRUCK Liquid Eye Shadow und bereiten Sie sich darauf vor, mit einem intensiven, ultra-frischen Blick alle K\u00f6pfe zu verdrehen, ohne sich dabei den Kopf zu zerbrechen. G\u00f6nnen Sie sich dieses Geschenk, Sie haben es sich wirklich verdient!  <\/span><\/p>\n","protected":false},"excerpt":{"rendered":"<p><span style=\"font-weight: 400;\">Wei\u00dft du, fr\u00fcher war fl\u00fcssiges Make-up immer ein Problem: Es lief aus, es verwischte, und am Abend war mein Blick verloren. Dann entdeckte ich <\/span><b>  MOODSTRUCK fl\u00fcssiger Lidschatten,<\/b><span style=\"font-weight: 400;\">  und da war es um mich geschehen! Die Textur   <\/span><b>Creme-Pulver<\/b><span style=\"font-weight: 400;\">  ist fl\u00fcssig und leicht, trocknet schnell und h\u00e4lt den ganzen Tag lang. Was ich wirklich liebe, ist die reichhaltige Farbpalette mit matten, satinierten und perlmuttfarbenen T\u00f6nen, mit denen Sie tausend Looks von nat\u00fcrlich bis intensiv kreieren k\u00f6nnen. Glauben Sie mir, es wird Ihnen das Leben erleichtern und Ihre Augen wie nie zuvor zum Leuchten bringen!  <\/span><\/p>\n","protected":false},"featured_media":10480,"comment_status":"open","ping_status":"closed","template":"","meta":{"_seopress_robots_primary_cat":"none","_seopress_titles_title":"","_seopress_titles_desc":"","_seopress_robots_index":"","site-sidebar-layout":"default","site-content-layout":"","ast-site-content-layout":"default","site-content-style":"default","site-sidebar-style":"default","ast-global-header-display":"","ast-banner-title-visibility":"","ast-main-header-display":"","ast-hfb-above-header-display":"","ast-hfb-below-header-display":"","ast-hfb-mobile-header-display":"","site-post-title":"","ast-breadcrumbs-content":"","ast-featured-img":"","footer-sml-layout":"","ast-disable-related-posts":"","theme-transparent-header-meta":"default","adv-header-id-meta":"","stick-header-meta":"","header-above-stick-meta":"","header-main-stick-meta":"","header-below-stick-meta":"","astra-migrate-meta-layouts":"default","ast-page-background-enabled":"default","ast-page-background-meta":{"desktop":{"background-color":"var(--ast-global-color-4)","background-image":"","background-repeat":"repeat","background-position":"center center","background-size":"auto","background-attachment":"scroll","background-type":"","background-media":"","overlay-type":"","overlay-color":"","overlay-opacity":"","overlay-gradient":""},"tablet":{"background-color":"","background-image":"","background-repeat":"repeat","background-position":"center center","background-size":"auto","background-attachment":"scroll","background-type":"","background-media":"","overlay-type":"","overlay-color":"","overlay-opacity":"","overlay-gradient":""},"mobile":{"background-color":"","background-image":"","background-repeat":"repeat","background-position":"center center","background-size":"auto","background-attachment":"scroll","background-type":"","background-media":"","overlay-type":"","overlay-color":"","overlay-opacity":"","overlay-gradient":""}},"ast-content-background-meta":{"desktop":{"background-color":"var(--ast-global-color-5)","background-image":"","background-repeat":"repeat","background-position":"center center","background-size":"auto","background-attachment":"scroll","background-type":"","background-media":"","overlay-type":"","overlay-color":"","overlay-opacity":"","overlay-gradient":""},"tablet":{"background-color":"var(--ast-global-color-5)","background-image":"","background-repeat":"repeat","background-position":"center center","background-size":"auto","background-attachment":"scroll","background-type":"","background-media":"","overlay-type":"","overlay-color":"","overlay-opacity":"","overlay-gradient":""},"mobile":{"background-color":"var(--ast-global-color-5)","background-image":"","background-repeat":"repeat","background-position":"center center","background-size":"auto","background-attachment":"scroll","background-type":"","background-media":"","overlay-type":"","overlay-color":"","overlay-opacity":"","overlay-gradient":""}}},"product_brand":[],"product_cat":[92],"product_tag":[],"class_list":{"0":"post-10469","1":"product","2":"type-product","3":"status-publish","4":"has-post-thumbnail","6":"product_cat-augen","7":"desktop-align-left","8":"tablet-align-left","9":"mobile-align-left","11":"first","12":"instock","13":"sale","14":"shipping-taxable","15":"product-type-external"},"_links":{"self":[{"href":"https:\/\/youniquebyemilie.com\/de\/wp-json\/wp\/v2\/product\/10469","targetHints":{"allow":["GET"]}}],"collection":[{"href":"https:\/\/youniquebyemilie.com\/de\/wp-json\/wp\/v2\/product"}],"about":[{"href":"https:\/\/youniquebyemilie.com\/de\/wp-json\/wp\/v2\/types\/product"}],"replies":[{"embeddable":true,"href":"https:\/\/youniquebyemilie.com\/de\/wp-json\/wp\/v2\/comments?post=10469"}],"wp:featuredmedia":[{"embeddable":true,"href":"https:\/\/youniquebyemilie.com\/de\/wp-json\/wp\/v2\/media\/10480"}],"wp:attachment":[{"href":"https:\/\/youniquebyemilie.com\/de\/wp-json\/wp\/v2\/media?parent=10469"}],"wp:term":[{"taxonomy":"product_brand","embeddable":true,"href":"https:\/\/youniquebyemilie.com\/de\/wp-json\/wp\/v2\/product_brand?post=10469"},{"taxonomy":"product_cat","embeddable":true,"href":"https:\/\/youniquebyemilie.com\/de\/wp-json\/wp\/v2\/product_cat?post=10469"},{"taxonomy":"product_tag","embeddable":true,"href":"https:\/\/youniquebyemilie.com\/de\/wp-json\/wp\/v2\/product_tag?post=10469"}],"curies":[{"name":"wp","href":"https:\/\/api.w.org\/{rel}","templated":true}]}}