{"id":10577,"date":"2025-07-24T17:41:00","date_gmt":"2025-07-24T15:41:00","guid":{"rendered":"https:\/\/youniquebyemilie.com\/produit\/younique-touch-creme-foundation\/"},"modified":"2025-07-24T17:41:00","modified_gmt":"2025-07-24T15:41:00","slug":"younique-touch-creme-foundation","status":"publish","type":"product","link":"https:\/\/youniquebyemilie.com\/de\/produit\/younique-touch-creme-foundation\/","title":{"rendered":"YOUNIQUE TOUCH Creme-Foundation"},"content":{"rendered":"<p><span style=\"font-weight: 400;\">Finden Sie eine Foundation, die <\/span><b>Deckkraft<\/b><span style=\"font-weight: 400;\">, <\/span><b>Feuchtigkeitsversorgung <\/b><span style=\"font-weight: 400;\">und <\/span><b>Leichtigkeit<\/b><span style=\"font-weight: 400;\">Das ist nicht immer einfach. Aber seit ich den   <\/span><b>YOUNIQUE TOUCH Creme-Foundation<\/b><span style=\"font-weight: 400;\">Ich trenne mich nicht mehr von ihm. Sie hat alles, was ich gesucht habe: eine leichte Textur, die sich perfekt mit meiner Haut verbindet, eine modulierbare Deckkraft und vor allem verleiht sie mir einen strahlenden, satinierten Teint und ist dabei atmungsaktiv. Es ist die ideale Foundation, wenn Sie ein nat\u00fcrliches Make-up wollen, das den ganzen Tag h\u00e4lt und keinen Maskeneffekt hat.  <\/span><\/p>\n<p><span style=\"font-weight: 400;\">Ich empfehle Ihnen diese Foundation, vor allem, wenn Sie ein Produkt suchen, das Feuchtigkeit spendet, die Haut versch\u00f6nert und Ihnen einen gesunden Glanz verleiht, ohne dass Sie das Gef\u00fchl haben, Make-up zu tragen.<\/span><\/p>\n<h2><span style=\"font-weight: 400;\">Was Sie an der YOUNIQUE TOUCH Creme-Foundation lieben werden<\/span><\/h2>\n<ul>\n<li style=\"font-weight: 400;\" aria-level=\"1\"><b>Eine leichte, atmungsaktive Textur<\/b><b><br \/>\n<\/b><span style=\"font-weight: 400;\"> Im Gegensatz zu anderen Creme-Foundations belastet diese die Haut nicht und sieht den ganzen Tag \u00fcber nat\u00fcrlich aus.<\/span>&nbsp;<\/li>\n<li style=\"font-weight: 400;\" aria-level=\"1\"><b>Volle Deckkraft, die Unreinheiten und Hyperpigmentierung abdeckt.<\/b><b><br \/>\n<\/b><span style=\"font-weight: 400;\"> Es verleiht Ihnen einen gleichm\u00e4\u00dfigen und strahlenden Teint ohne Maskeneffekt.<\/span>&nbsp;<\/li>\n<li style=\"font-weight: 400;\" aria-level=\"1\"><b>Ein satiniertes, gesund aussehendes Finish<\/b><b><br \/>\n<\/b><span style=\"font-weight: 400;\"> Mit seinen pflegenden Inhaltsstoffen wie Sonnenblumen\u00f6l versorgt es Ihre Haut mit Feuchtigkeit und versch\u00f6nert sie gleichzeitig.<\/span>&nbsp;<\/li>\n<li style=\"font-weight: 400;\" aria-level=\"1\"><b>Eine langanhaltende Foundation<\/b><b><br \/>\n<\/b><span style=\"font-weight: 400;\"> Ihre Formel bleibt bis zu <\/span><b>16 Stunden<\/b><span style=\"font-weight: 400;\"> ohne sich abzusetzen und ohne Ihr Make-up zu besch\u00e4digen.<\/span>&nbsp;<\/li>\n<\/ul>\n<h2><span style=\"font-weight: 400;\">Wie trage ich meine YOUNIQUE TOUCH Creme-Foundation auf?<\/span><\/h2>\n<h3><span style=\"font-weight: 400;\">Vorbereitung und Basis :<\/span><\/h3>\n<ol>\n<li style=\"font-weight: 400;\" aria-level=\"1\"><span style=\"font-weight: 400;\">Verwenden Sie den <\/span><b>Reiniger<\/b><span style=\"font-weight: 400;\">verwendet. <\/span><b>Serum<\/b><span style=\"font-weight: 400;\">und die GLOBEPRODUKTION <\/span><b>GLOWPLEXION Feuchtigkeitscreme.<\/b><span style=\"font-weight: 400;\"> um Ihre Haut vorzubereiten.<\/span>&nbsp;<\/li>\n<li style=\"font-weight: 400;\" aria-level=\"1\"><span style=\"font-weight: 400;\">Tragen Sie die Leuchtbasis auf <\/span><b>YOUNIQUE BARE-YOU<\/b><span style=\"font-weight: 400;\"> f\u00fcr mehr Feuchtigkeit und Ausstrahlung.<\/span>&nbsp;<\/li>\n<\/ol>\n<h3><span style=\"font-weight: 400;\">Anwendung :<\/span><\/h3>\n<ol>\n<li style=\"font-weight: 400;\" aria-level=\"1\"><span style=\"font-weight: 400;\">Verwendet einen <\/span><b>YOUNIQUE Kabuki-Pinsel<\/b><span style=\"font-weight: 400;\"> oder einen angefeuchteten Kosmetikschwamm, um die Cremegrundierung aufzutragen.<\/span>&nbsp;<\/li>\n<li style=\"font-weight: 400;\" aria-level=\"1\"><span style=\"font-weight: 400;\">Beginnen Sie in der Mitte Ihres Gesichts und verblenden Sie nach au\u00dfen.<\/span>&nbsp;<\/li>\n<li style=\"font-weight: 400;\" aria-level=\"1\"><span style=\"font-weight: 400;\">Klopfen, dr\u00fccken und rollen Sie f\u00fcr ein gleichm\u00e4\u00dfiges Auftragen. Geben Sie bei Bedarf mehr Produkt hinzu, um eine vollst\u00e4ndige Abdeckung zu erzielen. <\/span>&nbsp;<\/li>\n<\/ol>\n<h3><span style=\"font-weight: 400;\">Befestigung :<\/span><\/h3>\n<ol>\n<li style=\"font-weight: 400;\" aria-level=\"1\"><span style=\"font-weight: 400;\">Spr\u00fchen Sie den <\/span><b>TOUCH BEHOLD Basis- und Fixierspray auf das Haar.<\/b><span style=\"font-weight: 400;\"> f\u00fcr einen optimalen Halt.<\/span>&nbsp;<\/li>\n<li style=\"font-weight: 400;\" aria-level=\"1\"><span style=\"font-weight: 400;\">Tragen Sie das <\/span><b>TOUCH BEHOLD Grundierungs- und Fixierungspuder.<\/b><span style=\"font-weight: 400;\"> um Ihren Teint zu mattieren, falls Sie dies w\u00fcnschen.<\/span>&nbsp;<\/li>\n<\/ol>\n<h2><span style=\"font-weight: 400;\">Die wichtigsten Inhaltsstoffe und ihre Vorteile<\/span><\/h2>\n<ul>\n<li style=\"font-weight: 400;\" aria-level=\"1\"><b>Sonnenblumen\u00f6l<\/b><span style=\"font-weight: 400;\"> Sonnenblumen\u00f6l: Versorgt Sie mit intensiver Feuchtigkeit und sch\u00fctzt Sie mit seinen antioxidativen Eigenschaften, so dass Ihre Haut den ganzen Tag \u00fcber gen\u00e4hrt und gesch\u00fctzt ist.<\/span>&nbsp;<\/li>\n<li style=\"font-weight: 400;\" aria-level=\"1\"><b>Extrakt aus Kaffeebohnen<\/b><span style=\"font-weight: 400;\"> Sie belebt Sie und verleiht Ihnen einen Frischekick, w\u00e4hrend sie gleichzeitig antioxidative Eigenschaften liefert, um Ihre Haut in Topform zu halten.<\/span>&nbsp;<\/li>\n<li style=\"font-weight: 400;\" aria-level=\"1\"><b>Extrakt aus Rosmarinbl\u00e4ttern<\/b><span style=\"font-weight: 400;\"> Hautschutz: Hilft, die Hautbarriere zu st\u00e4rken und die Haut zu beruhigen, so dass sie sich sofort besser anf\u00fchlt.<\/span>&nbsp;<\/li>\n<li style=\"font-weight: 400;\" aria-level=\"1\"><b>Magnolia Grandiflora Rindenextrakt<\/b><span style=\"font-weight: 400;\"> Beruhigt R\u00f6tungen und sorgt f\u00fcr eine glatte, strahlende Haut und einen gleichm\u00e4\u00dfigen, frischen Teint.<\/span><\/li>\n<\/ul>\n<h2><span style=\"font-weight: 400;\">FAQ: YOUNIQUE TOUCH Creme-Foundation<\/span><\/h2>\n<ol>\n<li><b>  Was unterscheidet eine Creme-Foundation von einer fl\u00fcssigen Foundation?<\/b><b><br \/>\n<\/b> <span style=\"font-weight: 400;\"> Die Creme-Foundation <\/span><b>YOUNIQUE TOUCH<\/b><span style=\"font-weight: 400;\">  bietet eine reichhaltigere Textur und eine h\u00f6here Deckkraft, ideal um den Teint zu vereinheitlichen und Unregelm\u00e4\u00dfigkeiten abzudecken. Sie spendet auch mehr Feuchtigkeit und hinterl\u00e4sst ein strahlendes Finish. <\/span><\/li>\n<li><b>  F\u00fcr welche Hauttypen ist diese Foundation am besten geeignet?<\/b><b><br \/>\n<\/b><span style=\"font-weight: 400;\">  Es ist ideal f\u00fcr normale bis trockene Haut. Seine feuchtigkeitsspendende Formel ist perfekt, um die Feuchtigkeit zu bewahren und gleichzeitig ein strahlendes, satiniertes Finish zu verleihen. <\/span><\/li>\n<\/ol>\n<p>&nbsp;<\/p>\n<ol start=\"3\">\n<li><b>  Hat die Foundation einen Duft?<\/b><b><br \/>\n<\/b><span style=\"font-weight: 400;\">  Nein, er ist parf\u00fcmfrei, was ihn ideal f\u00fcr empfindliche Haut macht oder f\u00fcr diejenigen, die Produkte ohne Parf\u00fcmzusatz bevorzugen.<\/span><\/li>\n<li> <b> In wie vielen Farbt\u00f6nen ist diese Foundation erh\u00e4ltlich?<\/b><b><br \/>\n<\/b><span style=\"font-weight: 400;\"> Sie ist in folgenden Farben erh\u00e4ltlich <\/span><b>27 Farbt\u00f6ne<\/b><span style=\"font-weight: 400;\"> mit 9 Intensit\u00e4tsstufen, wobei jede Stufe 3 Untert\u00f6ne hat: kalt, neutral und warm, um sich perfekt an Ihren Hautton anzupassen.<\/span><\/li>\n<\/ol>\n<p><span style=\"font-weight: 400;\">Erhalten Sie den ganzen Tag einen frischen und strahlenden Teint. Bestellen Sie Ihre YOUNIQUE TOUCH Creme-Foundation und erleben Sie m\u00fchelos eine strahlende, glatte und perfekt ausgeglichene Haut. <\/span><\/p>\n","protected":false},"excerpt":{"rendered":"<p><span style=\"font-weight: 400;\">Finden Sie eine Foundation, die <\/span><b>Deckkraft<\/b><span style=\"font-weight: 400;\">, <\/span><b>Feuchtigkeitsversorgung <\/b><span style=\"font-weight: 400;\">und <\/span><b>Leichtigkeit<\/b><span style=\"font-weight: 400;\">Das ist nicht immer einfach. Aber seit ich den   <\/span><b>YOUNIQUE TOUCH Creme-Foundation<\/b><span style=\"font-weight: 400;\">Ich trenne mich nicht mehr von ihm. Sie hat alles, was ich gesucht habe: eine leichte Textur, die sich perfekt mit meiner Haut verbindet, eine modulierbare Deckkraft und vor allem verleiht sie mir einen strahlenden, satinierten Teint und ist dabei atmungsaktiv. Es ist die ideale Foundation, wenn Sie ein nat\u00fcrliches Make-up wollen, das den ganzen Tag h\u00e4lt, ohne Maskeneffekt.  <\/span><\/p>\n<p><span style=\"font-weight: 400;\">Ich empfehle Ihnen diese Foundation, besonders wenn Sie nach einem Produkt suchen, das Feuchtigkeit spendet, die Haut versch\u00f6nert und Ihnen einen gesunden Glanz verleiht, ohne dass Sie das Gef\u00fchl haben, Make-up zu tragen.<\/span><\/p>\n","protected":false},"featured_media":10579,"comment_status":"open","ping_status":"closed","template":"","meta":{"_seopress_robots_primary_cat":"none","_seopress_titles_title":"","_seopress_titles_desc":"","_seopress_robots_index":"","site-sidebar-layout":"default","site-content-layout":"","ast-site-content-layout":"default","site-content-style":"default","site-sidebar-style":"default","ast-global-header-display":"","ast-banner-title-visibility":"","ast-main-header-display":"","ast-hfb-above-header-display":"","ast-hfb-below-header-display":"","ast-hfb-mobile-header-display":"","site-post-title":"","ast-breadcrumbs-content":"","ast-featured-img":"","footer-sml-layout":"","ast-disable-related-posts":"","theme-transparent-header-meta":"default","adv-header-id-meta":"","stick-header-meta":"","header-above-stick-meta":"","header-main-stick-meta":"","header-below-stick-meta":"","astra-migrate-meta-layouts":"default","ast-page-background-enabled":"default","ast-page-background-meta":{"desktop":{"background-color":"var(--ast-global-color-4)","background-image":"","background-repeat":"repeat","background-position":"center center","background-size":"auto","background-attachment":"scroll","background-type":"","background-media":"","overlay-type":"","overlay-color":"","overlay-opacity":"","overlay-gradient":""},"tablet":{"background-color":"","background-image":"","background-repeat":"repeat","background-position":"center center","background-size":"auto","background-attachment":"scroll","background-type":"","background-media":"","overlay-type":"","overlay-color":"","overlay-opacity":"","overlay-gradient":""},"mobile":{"background-color":"","background-image":"","background-repeat":"repeat","background-position":"center center","background-size":"auto","background-attachment":"scroll","background-type":"","background-media":"","overlay-type":"","overlay-color":"","overlay-opacity":"","overlay-gradient":""}},"ast-content-background-meta":{"desktop":{"background-color":"var(--ast-global-color-5)","background-image":"","background-repeat":"repeat","background-position":"center center","background-size":"auto","background-attachment":"scroll","background-type":"","background-media":"","overlay-type":"","overlay-color":"","overlay-opacity":"","overlay-gradient":""},"tablet":{"background-color":"var(--ast-global-color-5)","background-image":"","background-repeat":"repeat","background-position":"center center","background-size":"auto","background-attachment":"scroll","background-type":"","background-media":"","overlay-type":"","overlay-color":"","overlay-opacity":"","overlay-gradient":""},"mobile":{"background-color":"var(--ast-global-color-5)","background-image":"","background-repeat":"repeat","background-position":"center center","background-size":"auto","background-attachment":"scroll","background-type":"","background-media":"","overlay-type":"","overlay-color":"","overlay-opacity":"","overlay-gradient":""}}},"product_brand":[],"product_cat":[105],"product_tag":[],"class_list":{"0":"post-10577","1":"product","2":"type-product","3":"status-publish","4":"has-post-thumbnail","6":"product_cat-gesicht","7":"desktop-align-left","8":"tablet-align-left","9":"mobile-align-left","11":"first","12":"instock","13":"sale","14":"shipping-taxable","15":"product-type-external"},"_links":{"self":[{"href":"https:\/\/youniquebyemilie.com\/de\/wp-json\/wp\/v2\/product\/10577","targetHints":{"allow":["GET"]}}],"collection":[{"href":"https:\/\/youniquebyemilie.com\/de\/wp-json\/wp\/v2\/product"}],"about":[{"href":"https:\/\/youniquebyemilie.com\/de\/wp-json\/wp\/v2\/types\/product"}],"replies":[{"embeddable":true,"href":"https:\/\/youniquebyemilie.com\/de\/wp-json\/wp\/v2\/comments?post=10577"}],"wp:featuredmedia":[{"embeddable":true,"href":"https:\/\/youniquebyemilie.com\/de\/wp-json\/wp\/v2\/media\/10579"}],"wp:attachment":[{"href":"https:\/\/youniquebyemilie.com\/de\/wp-json\/wp\/v2\/media?parent=10577"}],"wp:term":[{"taxonomy":"product_brand","embeddable":true,"href":"https:\/\/youniquebyemilie.com\/de\/wp-json\/wp\/v2\/product_brand?post=10577"},{"taxonomy":"product_cat","embeddable":true,"href":"https:\/\/youniquebyemilie.com\/de\/wp-json\/wp\/v2\/product_cat?post=10577"},{"taxonomy":"product_tag","embeddable":true,"href":"https:\/\/youniquebyemilie.com\/de\/wp-json\/wp\/v2\/product_tag?post=10577"}],"curies":[{"name":"wp","href":"https:\/\/api.w.org\/{rel}","templated":true}]}}