{"id":10642,"date":"2025-07-24T17:21:14","date_gmt":"2025-07-24T15:21:14","guid":{"rendered":"https:\/\/youniquebyemilie.com\/produit\/glanzbasis-younique-bare-you\/"},"modified":"2025-07-24T17:21:14","modified_gmt":"2025-07-24T15:21:14","slug":"glanzbasis-younique-bare-you","status":"publish","type":"product","link":"https:\/\/youniquebyemilie.com\/de\/produit\/glanzbasis-younique-bare-you\/","title":{"rendered":"Glanzbasis YOUNIQUE BARE-YOU"},"content":{"rendered":"<p><span style=\"font-weight: 400;\">Wie ich meine Haut m\u00fchelos zum Strahlen gebracht habe und warum Sie es auch versuchen sollten. Ich muss zugeben, dass es mir schwer fiel, den ganzen Tag \u00fcber einen frischen und strahlenden Teint zu behalten. Mein Make-up verblasste schnell und meine Haut neigte zu Spannungen, besonders im Winter. Dann testete ich     <\/span><b>die Glanzbasis YOUNIQUE BARE-YOU<\/b><span style=\"font-weight: 400;\">. Meine Haut wurde sofort weicher, besser mit Feuchtigkeit versorgt und hatte einen nat\u00fcrlichen Glow, den ich noch nie zuvor hatte.<\/span><\/p>\n<p><span style=\"font-weight: 400;\">Und ich konnte es nicht f\u00fcr mich behalten. Wenn Sie nach einer nat\u00fcrlichen Ausstrahlung suchen, Ihr Make-up l\u00e4nger halten lassen und Ihre Haut pflegen m\u00f6chten, ohne Ihre Routine zu belasten, dann empfehle ich Ihnen, diese Basis auszuprobieren. Sie werden sehen, dass sie alles ver\u00e4ndert.  <\/span><\/p>\n<h2><span style=\"font-weight: 400;\">Was Sie an der Glanzbasis BARE-YOU lieben werden<\/span><\/h2>\n<ul>\n<li style=\"font-weight: 400;\" aria-level=\"1\"><b>Sofortige nat\u00fcrliche und strahlende Ausstrahlung<\/b><b><br \/>\n<\/b><span style=\"font-weight: 400;\">  Diese Basis verleiht einen subtilen Glow, ohne den Effekt einer Discokugel. Ihre Haut sieht weich, erholt und lebendig aus. <\/span>&nbsp;<\/li>\n<li style=\"font-weight: 400;\" aria-level=\"1\"><b>Bis zu 50% mehr Feuchtigkeitsgehalt<\/b><b><br \/>\n<\/b><span style=\"font-weight: 400;\"> Dank des Squalans und der Hydra-Light-Mischung bleibt Ihre Haut den ganzen Tag lang geschmeidig und mit Feuchtigkeit versorgt.<\/span>&nbsp;<\/li>\n<li style=\"font-weight: 400;\" aria-level=\"1\"><b>Ein glatterer Teint, bereit f\u00fcr das Make-up.<\/b><b><br \/>\n<\/b><span style=\"font-weight: 400;\"> AHAs peelen sanft und verbessern die Hautstruktur f\u00fcr eine gleitende und l\u00e4nger haltende Foundation.<\/span>&nbsp;<\/li>\n<li style=\"font-weight: 400;\" aria-level=\"1\"><b>Eine leichte, revitalisierende Formel<\/b><b><br \/>\n<\/b><span style=\"font-weight: 400;\"> Sie k\u00f6nnen sie allein f\u00fcr ein nat\u00fcrliches Finish oder unter Ihrem Make-up tragen oder sogar mit Ihrer Feuchtigkeitscreme mischen.<\/span>&nbsp;<\/li>\n<\/ul>\n<h2><span style=\"font-weight: 400;\">Was Sie wirklich verdienen<\/span><\/h2>\n<ul>\n<li style=\"font-weight: 400;\" aria-level=\"1\"><b>Eine hydratisierte und weiche Haut<\/b><span style=\"font-weight: 400;\">Selbst nach der Anwendung <\/span><b>nach 12 Stunden<\/b>&nbsp;<\/li>\n<li style=\"font-weight: 400;\" aria-level=\"1\"><b>Ein Make-up, das sich leichter auftragen l\u00e4sst<\/b><span style=\"font-weight: 400;\"> und das besser h\u00e4lt<\/span>&nbsp;<\/li>\n<li style=\"font-weight: 400;\" aria-level=\"1\"><b>Ein nat\u00fcrlicher Glanz <\/b><span style=\"font-weight: 400;\">die Ihren Teint ungeschminkt zur Geltung bringt<\/span>&nbsp;<\/li>\n<li style=\"font-weight: 400;\" aria-level=\"1\"><b>Ein leichtes, komfortables Produkt,<\/b><span style=\"font-weight: 400;\"> perfekt f\u00fcr alle Sch\u00f6nheitsroutinen<\/span>&nbsp;<\/li>\n<\/ul>\n<h2><span style=\"font-weight: 400;\">Wie trage ich die YOUNIQUE BARE-YOU Glanzgrundierung auf?<\/span><\/h2>\n<ol>\n<li style=\"font-weight: 400;\" aria-level=\"1\"><span style=\"font-weight: 400;\">Tragen Sie auf die saubere und trockene Haut auf <\/span><b>1 bis 2 Pumpst\u00f6\u00dfe<\/b><span style=\"font-weight: 400;\">.<\/span>&nbsp;<\/li>\n<li style=\"font-weight: 400;\" aria-level=\"1\"><span style=\"font-weight: 400;\">Dehnen Sie es \u00fcber Gesicht, Hals, Dekollet\u00e9, Schl\u00fcsselbeine und sogar die Schultern, um einen harmonischen Glanz zu erzielen.<\/span>&nbsp;<\/li>\n<li style=\"font-weight: 400;\" aria-level=\"1\"><span style=\"font-weight: 400;\">Vermeiden Sie die Augenpartie.<\/span>&nbsp;<\/li>\n<li style=\"font-weight: 400;\" aria-level=\"1\"><span style=\"font-weight: 400;\">Verwenden Sie es allein, unter Ihrer Grundierung oder gemischt mit Ihrer normalen Creme.<\/span>&nbsp;<\/li>\n<\/ol>\n<p><span style=\"font-weight: 400;\">Legen Sie die YOUNIQUE BARE-YOU Grundierung jetzt in Ihren Warenkorb und genie\u00dfen Sie einen nat\u00fcrlichen Glow, der den ganzen Tag anh\u00e4lt, allein oder unter Ihrem Lieblings-Make-up.<\/span><\/p>\n<h2><span style=\"font-weight: 400;\">Was die BARE-YOU Basis enth\u00e4lt<\/span><\/h2>\n<ul>\n<li style=\"font-weight: 400;\" aria-level=\"1\"><b>Squalane<\/b><span style=\"font-weight: 400;\"> : spendet intensiv Feuchtigkeit und beruhigt<\/span>&nbsp;<\/li>\n<li style=\"font-weight: 400;\" aria-level=\"1\"><b>Milde AHA<\/b><span style=\"font-weight: 400;\"> : leichtes Peeling zur Gl\u00e4ttung der Haut<\/span>&nbsp;<\/li>\n<li style=\"font-weight: 400;\" aria-level=\"1\"><b>Glimmer<\/b><span style=\"font-weight: 400;\"> : beleuchtet dezent, ohne zu \u00fcberladen<\/span>&nbsp;<\/li>\n<li style=\"font-weight: 400;\" aria-level=\"1\"><b>Hydra-light<\/b><span style=\"font-weight: 400;\"> : sch\u00fctzt den ganzen Tag vor Dehydrierung<\/span>&nbsp;<\/li>\n<\/ul>\n<p><span style=\"font-weight: 400;\">Und nat\u00fcrlich ist die Zusammensetzung so konzipiert, dass sie Ihre Haut respektiert.<\/span><\/p>\n<h2><span style=\"font-weight: 400;\">FAQ : Glanzbasis YOUNIQUE BARE-YOU<\/span><\/h2>\n<ol>\n<li><b>  Ist diese Basis f\u00fcr alle Hauttypen geeignet?<\/b><b><br \/>\n<\/b><span style=\"font-weight: 400;\">  Ja, seine leichte, feuchtigkeitsspendende Formel ist f\u00fcr trockene, normale und Mischhaut gleicherma\u00dfen geeignet.<\/span><\/li>\n<li><b>  Mattiert sie oder hinterl\u00e4sst sie ein strahlendes Finish?<\/b><b><br \/>\n<\/b><span style=\"font-weight: 400;\">  Sie verleiht einen sanften und nat\u00fcrlichen Glanz, ohne zu fetten oder \u00fcberm\u00e4\u00dfig zu gl\u00e4nzen.<\/span><\/li>\n<li><b>  Kann man diese Basis auch auf den K\u00f6rper auftragen?<\/b><b><br \/>\n<\/b><span style=\"font-weight: 400;\">  Ja, insbesondere auf dem Dekollet\u00e9, den Schl\u00fcsselbeinen und den Schultern f\u00fcr einen gleichm\u00e4\u00dfigen Glow.<\/span><\/li>\n<li><b>  Wie lange reicht eine 30-ml-Flasche?<\/b><b><br \/>\n<\/b><span style=\"font-weight: 400;\">  Bei m\u00e4\u00dfiger t\u00e4glicher Anwendung h\u00e4lt sie etwa 2 bis 3 Monate.<\/span><\/li>\n<li><b>  Gibt es umstrittene Inhaltsstoffe?<\/b><b><br \/>\n<\/b><span style=\"font-weight: 400;\">  Die Formel ist frei von Parabenen und Sulfaten und enth\u00e4lt sichere und wirksame Inhaltsstoffe.<\/span><\/li>\n<\/ol>\n<p><span style=\"font-weight: 400;\">Ihr Teint verdient nur das Beste. <\/span><b>Bestellen Sie noch heute Ihre YOUNIQUE BARE-YOU Grundierung.<\/b><span style=\"font-weight: 400;\"> und lassen Sie Ihre Haut den ganzen Tag lang nat\u00fcrlich strahlen.<\/span><\/p>\n<p>&nbsp;<\/p>\n","protected":false},"excerpt":{"rendered":"<p><span style=\"font-weight: 400;\">Wie ich meine Haut m\u00fchelos zum Strahlen gebracht habe und warum Sie es auch versuchen sollten. Ich muss zugeben, dass es mir schwer fiel, den ganzen Tag \u00fcber einen frischen und strahlenden Teint zu behalten. Mein Make-up verblasste schnell und meine Haut neigte zu Spannungen, besonders im Winter. Dann testete ich     <\/span><b>die Glanzbasis YOUNIQUE BARE-YOU<\/b><span style=\"font-weight: 400;\">. Meine Haut wurde sofort weicher, besser mit Feuchtigkeit versorgt und hatte einen nat\u00fcrlichen Glow, den ich noch nie zuvor hatte.<\/span><\/p>\n<p><span style=\"font-weight: 400;\">Und ich konnte es nicht f\u00fcr mich behalten. Wenn Sie nach einer nat\u00fcrlichen Ausstrahlung suchen, Ihr Make-up l\u00e4nger halten lassen und Ihre Haut pflegen m\u00f6chten, ohne Ihre Routine zu belasten, dann empfehle ich Ihnen, diese Basis auszuprobieren. Sie werden sehen, dass sie alles ver\u00e4ndert.  <\/span><\/p>\n","protected":false},"featured_media":10646,"comment_status":"open","ping_status":"closed","template":"","meta":{"_seopress_robots_primary_cat":"none","_seopress_titles_title":"","_seopress_titles_desc":"","_seopress_robots_index":"","site-sidebar-layout":"default","site-content-layout":"","ast-site-content-layout":"default","site-content-style":"default","site-sidebar-style":"default","ast-global-header-display":"","ast-banner-title-visibility":"","ast-main-header-display":"","ast-hfb-above-header-display":"","ast-hfb-below-header-display":"","ast-hfb-mobile-header-display":"","site-post-title":"","ast-breadcrumbs-content":"","ast-featured-img":"","footer-sml-layout":"","ast-disable-related-posts":"","theme-transparent-header-meta":"default","adv-header-id-meta":"","stick-header-meta":"","header-above-stick-meta":"","header-main-stick-meta":"","header-below-stick-meta":"","astra-migrate-meta-layouts":"default","ast-page-background-enabled":"default","ast-page-background-meta":{"desktop":{"background-color":"var(--ast-global-color-4)","background-image":"","background-repeat":"repeat","background-position":"center center","background-size":"auto","background-attachment":"scroll","background-type":"","background-media":"","overlay-type":"","overlay-color":"","overlay-opacity":"","overlay-gradient":""},"tablet":{"background-color":"","background-image":"","background-repeat":"repeat","background-position":"center center","background-size":"auto","background-attachment":"scroll","background-type":"","background-media":"","overlay-type":"","overlay-color":"","overlay-opacity":"","overlay-gradient":""},"mobile":{"background-color":"","background-image":"","background-repeat":"repeat","background-position":"center center","background-size":"auto","background-attachment":"scroll","background-type":"","background-media":"","overlay-type":"","overlay-color":"","overlay-opacity":"","overlay-gradient":""}},"ast-content-background-meta":{"desktop":{"background-color":"var(--ast-global-color-5)","background-image":"","background-repeat":"repeat","background-position":"center center","background-size":"auto","background-attachment":"scroll","background-type":"","background-media":"","overlay-type":"","overlay-color":"","overlay-opacity":"","overlay-gradient":""},"tablet":{"background-color":"var(--ast-global-color-5)","background-image":"","background-repeat":"repeat","background-position":"center center","background-size":"auto","background-attachment":"scroll","background-type":"","background-media":"","overlay-type":"","overlay-color":"","overlay-opacity":"","overlay-gradient":""},"mobile":{"background-color":"var(--ast-global-color-5)","background-image":"","background-repeat":"repeat","background-position":"center center","background-size":"auto","background-attachment":"scroll","background-type":"","background-media":"","overlay-type":"","overlay-color":"","overlay-opacity":"","overlay-gradient":""}}},"product_brand":[],"product_cat":[105],"product_tag":[],"class_list":{"0":"post-10642","1":"product","2":"type-product","3":"status-publish","4":"has-post-thumbnail","6":"product_cat-gesicht","7":"desktop-align-left","8":"tablet-align-left","9":"mobile-align-left","11":"first","12":"instock","13":"sale","14":"shipping-taxable","15":"product-type-external"},"_links":{"self":[{"href":"https:\/\/youniquebyemilie.com\/de\/wp-json\/wp\/v2\/product\/10642","targetHints":{"allow":["GET"]}}],"collection":[{"href":"https:\/\/youniquebyemilie.com\/de\/wp-json\/wp\/v2\/product"}],"about":[{"href":"https:\/\/youniquebyemilie.com\/de\/wp-json\/wp\/v2\/types\/product"}],"replies":[{"embeddable":true,"href":"https:\/\/youniquebyemilie.com\/de\/wp-json\/wp\/v2\/comments?post=10642"}],"wp:featuredmedia":[{"embeddable":true,"href":"https:\/\/youniquebyemilie.com\/de\/wp-json\/wp\/v2\/media\/10646"}],"wp:attachment":[{"href":"https:\/\/youniquebyemilie.com\/de\/wp-json\/wp\/v2\/media?parent=10642"}],"wp:term":[{"taxonomy":"product_brand","embeddable":true,"href":"https:\/\/youniquebyemilie.com\/de\/wp-json\/wp\/v2\/product_brand?post=10642"},{"taxonomy":"product_cat","embeddable":true,"href":"https:\/\/youniquebyemilie.com\/de\/wp-json\/wp\/v2\/product_cat?post=10642"},{"taxonomy":"product_tag","embeddable":true,"href":"https:\/\/youniquebyemilie.com\/de\/wp-json\/wp\/v2\/product_tag?post=10642"}],"curies":[{"name":"wp","href":"https:\/\/api.w.org\/{rel}","templated":true}]}}