{"id":10675,"date":"2025-07-24T17:00:32","date_gmt":"2025-07-24T15:00:32","guid":{"rendered":"https:\/\/youniquebyemilie.com\/produit\/moodstruck-beloved-kompakt-lidschatten-palette-volumen-3\/"},"modified":"2025-07-24T17:00:32","modified_gmt":"2025-07-24T15:00:32","slug":"moodstruck-beloved-kompakt-lidschatten-palette-volumen-3","status":"publish","type":"product","link":"https:\/\/youniquebyemilie.com\/de\/produit\/moodstruck-beloved-kompakt-lidschatten-palette-volumen-3\/","title":{"rendered":"MOODSTRUCK BELOVED Kompakt-Lidschatten-Palette - Volumen 3"},"content":{"rendered":"<p><span style=\"font-weight: 400;\">Wissen Sie, ich habe schon immer Produkte geliebt, die eine Kombination aus <\/span><b>Glamour<\/b><span style=\"font-weight: 400;\"> und <\/span><b>K\u00fchnheit verbinden<\/b><span style=\"font-weight: 400;\">Und diese hier <\/span><b>MOODSTRUCK BELOVED Lidschattenpalette, Volumen 3<\/b><span style=\"font-weight: 400;\">ist genau das. Inspiriert von Edelmetallen gibt sie Ihnen <\/span><b>  sechs Ultra-Pigment-Schminke<\/b><span style=\"font-weight: 400;\">  mit einem schmelzenden Metallic-Finish f\u00fcr einen starken und charmanten Blick. Die Textur ist eine wahre Freude beim Auftragen:   <\/span><b>cremig<\/b><span style=\"font-weight: 400;\">, <\/span><b>reich<\/b><span style=\"font-weight: 400;\">und <\/span><b>leicht zu verblenden<\/b><span style=\"font-weight: 400;\">. Und das Beste ist, dass sie den ganzen Tag h\u00e4lt, ohne ihren Glanz zu verlieren. Wenn Sie eine Palette suchen, die Sie \u00fcberall hin begleitet und Sie bei jeder Gelegenheit gl\u00e4nzen l\u00e4sst, dann m\u00fcssen Sie diese haben. <\/span><\/p>\n<h2><span style=\"font-weight: 400;\">Was Sie mit der MOODSTRUCK BELOVED Palette verdienen - Volume 3<\/span><\/h2>\n<ul>\n<li style=\"font-weight: 400;\" aria-level=\"1\"><b>Eine innovative Formel<\/b><span style=\"font-weight: 400;\"> auf der Basis von fein gemahlenen Pigmenten und Nasstechnologie f\u00fcr eine intensive Farbe, ein geschmolzenes Metallic-Finish und einen langen Halt.<\/span>&nbsp;<\/li>\n<li style=\"font-weight: 400;\" aria-level=\"1\"><b>Eine cremige Textur<\/b><span style=\"font-weight: 400;\"> die \u00fcber Ihr Augenlid gleitet und sich leicht an Ihren Stil anpassen l\u00e4sst - von nat\u00fcrlich bis gewagt.<\/span>&nbsp;<\/li>\n<li style=\"font-weight: 400;\" aria-level=\"1\"><b>Sechs sorgf\u00e4ltig ausgew\u00e4hlte Farbt\u00f6ne<\/b><span style=\"font-weight: 400;\"> Sie k\u00f6nnen sie allein oder mit Ihren anderen YOUNIQUE-Paletten kombinieren.<\/span>&nbsp;<\/li>\n<li style=\"font-weight: 400;\" aria-level=\"1\"><b>Eine kompakte, elegante Palette.<\/b><span style=\"font-weight: 400;\">Sie ist ideal f\u00fcr Ihre Kosmetiktasche und kann Sie \u00fcberall hin begleiten.<\/span>&nbsp;<\/li>\n<\/ul>\n<h2><span style=\"font-weight: 400;\">Wie Sie Ihre Augen mit MOODSTRUCK BELOVED versch\u00f6nern k\u00f6nnen<\/span><\/h2>\n<ol>\n<li style=\"font-weight: 400;\" aria-level=\"1\"><span style=\"font-weight: 400;\">Bereiten Sie Ihr Augenlid mit der <\/span><b>MOODSTRUCK Augengrundierung vor.<\/b><span style=\"font-weight: 400;\">Die Farbe muss perfekt haften.<\/span>&nbsp;<\/li>\n<li style=\"font-weight: 400;\" aria-level=\"1\"><span style=\"font-weight: 400;\">Tragen Sie den gew\u00e4hlten Farbton mit Ihrem bevorzugten YOUNIQUE-Pinsel auf, allein oder gemischt.<\/span>&nbsp;<\/li>\n<li style=\"font-weight: 400;\" aria-level=\"1\"><span style=\"font-weight: 400;\">Verblenden Sie f\u00fcr einen perfekten Farbverlauf oder schichten Sie f\u00fcr einen intensiven Metallic-Effekt.<\/span>&nbsp;<\/li>\n<li style=\"font-weight: 400;\" aria-level=\"1\"><span style=\"font-weight: 400;\">Kombinieren Sie mit anderen Paletten f\u00fcr einen Look, der Ihnen wirklich entspricht, vom Alltag bis zur Party.<\/span>&nbsp;<\/li>\n<\/ol>\n<h2><span style=\"font-weight: 400;\">Die Star-Inhaltsstoffe, die den Unterschied ausmachen<\/span><\/h2>\n<ul>\n<li style=\"font-weight: 400;\" aria-level=\"1\"><b>Fein gemahlene Pigmente<\/b><span style=\"font-weight: 400;\"> f\u00fcr eine reiche und leuchtende Farbe mit einem geschmolzenen Metallic-Effekt.<\/span>&nbsp;<\/li>\n<li style=\"font-weight: 400;\" aria-level=\"1\"><b>Isopropylmyristat<\/b><span style=\"font-weight: 400;\"> und <\/span><b>Dimethicon<\/b><span style=\"font-weight: 400;\"> f\u00fcr eine cremige, weiche und gleitende Textur.<\/span>&nbsp;<\/li>\n<li style=\"font-weight: 400;\" aria-level=\"1\"><b>Polymethylsilsesquioxan-Technologie<\/b><span style=\"font-weight: 400;\"> die die Farbe f\u00fcr lange Zeit ohne \u00dcbertragung fixiert.<\/span>&nbsp;<\/li>\n<li style=\"font-weight: 400;\" aria-level=\"1\"><b>Bismut-Oxychlorid<\/b><span style=\"font-weight: 400;\"> und andere Mineralien, die Glanz und Leuchtkraft verleihen.<\/span>&nbsp;<\/li>\n<\/ul>\n<h2><span style=\"font-weight: 400;\">Warum Sie diese Palette lieben werden<\/span><\/h2>\n<p><span style=\"font-weight: 400;\">Ehrlich gesagt ist dies die Art von Produkt, die Ihnen das Leben erleichtert. Intensiv, aber nicht schwer,   <\/span><b>komfortabel<\/b><span style=\"font-weight: 400;\">und <\/span><b>sehr einfach zu benutzen<\/b><span style=\"font-weight: 400;\">Auch wenn Sie nicht viel Zeit haben. Egal, ob Sie ein schnelles Make-up brauchen oder sich Zeit f\u00fcr einen aufwendigeren Look nehmen wollen, sie passt sich all Ihren W\u00fcnschen an. Au\u00dferdem ist sie    <\/span><b>wiederaufladbar<\/b><span style=\"font-weight: 400;\">Es ist also gut f\u00fcr den Planeten und Ihren Geldbeutel. Ich trage sie \u00fcberall mit mir herum, sie ist mein Favorit. Nun liegt es an Ihnen, mit MOODSTRUCK BELOVED zu gl\u00e4nzen!  <\/span><\/p>\n<p><span style=\"font-weight: 400;\">Bestellen Sie schnell Ihre MOODSTRUCK BELOVED - Volume 3 Kompakt-Lidschattenpalette und verleihen Sie sich einen kraftvollen und kostbaren Blick.<\/span><\/p>\n<h2><span style=\"font-weight: 400;\">FAQ : Alles \u00fcber Ihre MOODSTRUCK BELOVED Compact Eye Shadow Palette - Volume 3<\/span><\/h2>\n<ol>\n<li><b>  Ist die Palette f\u00fcr alle Hauttypen geeignet?<\/b><b><br \/>\n<\/b><span style=\"font-weight: 400;\">  Ja, die sanfte, nicht reizende Formel ist dank der mineralischen Inhaltsstoffe und der cremigen Textur f\u00fcr alle Hauttypen geeignet, selbst f\u00fcr empfindliche Haut.<\/span><\/li>\n<li> <b> Wie lange h\u00e4lt die Palette nach dem \u00d6ffnen?<\/b><b><br \/>\n<\/b><span style=\"font-weight: 400;\"> Ca. <\/span><b>12 bis 18 Monate.<\/b><span style=\"font-weight: 400;\"> wenn Sie die Schminke gut vor Feuchtigkeit gesch\u00fctzt aufbewahren und die Palette richtig verschlie\u00dfen.<\/span><\/li>\n<li><b>  Enthalten die Pigmente Inhaltsstoffe, die die Augen reizen k\u00f6nnen?<\/b><b><br \/>\n<\/b><span style=\"font-weight: 400;\">  Nein, die Pigmente werden sorgf\u00e4ltig ausgew\u00e4hlt, um das Risiko von Irritationen zu minimieren, und die Formel  <\/span><\/li>\n<li> <b> Wie reinige ich meinen Pinsel, um eine optimale Anwendung zu gew\u00e4hrleisten?<\/b><b><br \/>\n<\/b><span style=\"font-weight: 400;\"> Waschen Sie ihn regelm\u00e4\u00dfig mit einer Seifenlauge.<\/span><b> Verwenden Sie eine milde Seife.<\/b><span style=\"font-weight: 400;\"> oder einem Pinselreiniger.<\/span><b> Pinselreiniger.<\/b><span style=\"font-weight: 400;\">Lassen Sie ihn dann an der Luft trocknen, um Bakterien zu vermeiden.<\/span><\/li>\n<\/ol>\n<p><span style=\"font-weight: 400;\">Bestellen Sie noch heute Ihre MOODSTRUCK BELOVED - Volume 3 Palette und genie\u00dfen Sie einen strahlenden, kraftvollen Blick, der leicht zu kreieren ist. Lassen Sie sich von den satten Farben und dem perfekten Finish verf\u00fchren, den ganzen Tag lang! <\/span><\/p>\n","protected":false},"excerpt":{"rendered":"<p><span style=\"font-weight: 400;\">Wissen Sie, ich habe schon immer Produkte geliebt, die eine Kombination aus <\/span><b>Glamour<\/b><span style=\"font-weight: 400;\"> und <\/span><b>K\u00fchnheit verbinden<\/b><span style=\"font-weight: 400;\">Und diese hier <\/span><b>MOODSTRUCK BELOVED Lidschattenpalette, Volumen 3<\/b><span style=\"font-weight: 400;\">ist genau das. Inspiriert von Edelmetallen gibt sie Ihnen <\/span><b>  sechs ultra-pigmentierte Schminke<\/b><span style=\"font-weight: 400;\">  mit einem schmelzenden Metallic-Finish f\u00fcr einen starken und charmanten Blick. Die Textur ist eine wahre Freude beim Auftragen:   <\/span><b>cremig<\/b><span style=\"font-weight: 400;\">, <\/span><b>reich<\/b><span style=\"font-weight: 400;\">und <\/span><b>leicht zu verblenden<\/b><span style=\"font-weight: 400;\">. Und das Beste ist, dass sie den ganzen Tag h\u00e4lt, ohne ihren Glanz zu verlieren. Wenn Sie eine Palette suchen, die Sie \u00fcberall hin begleitet und Sie bei jeder Gelegenheit gl\u00e4nzen l\u00e4sst, dann m\u00fcssen Sie diese haben. <\/span><\/p>\n","protected":false},"featured_media":10423,"comment_status":"open","ping_status":"closed","template":"","meta":{"_seopress_robots_primary_cat":"none","_seopress_titles_title":"","_seopress_titles_desc":"","_seopress_robots_index":"","site-sidebar-layout":"default","site-content-layout":"","ast-site-content-layout":"default","site-content-style":"default","site-sidebar-style":"default","ast-global-header-display":"","ast-banner-title-visibility":"","ast-main-header-display":"","ast-hfb-above-header-display":"","ast-hfb-below-header-display":"","ast-hfb-mobile-header-display":"","site-post-title":"","ast-breadcrumbs-content":"","ast-featured-img":"","footer-sml-layout":"","ast-disable-related-posts":"","theme-transparent-header-meta":"default","adv-header-id-meta":"","stick-header-meta":"","header-above-stick-meta":"","header-main-stick-meta":"","header-below-stick-meta":"","astra-migrate-meta-layouts":"default","ast-page-background-enabled":"default","ast-page-background-meta":{"desktop":{"background-color":"var(--ast-global-color-4)","background-image":"","background-repeat":"repeat","background-position":"center center","background-size":"auto","background-attachment":"scroll","background-type":"","background-media":"","overlay-type":"","overlay-color":"","overlay-opacity":"","overlay-gradient":""},"tablet":{"background-color":"","background-image":"","background-repeat":"repeat","background-position":"center center","background-size":"auto","background-attachment":"scroll","background-type":"","background-media":"","overlay-type":"","overlay-color":"","overlay-opacity":"","overlay-gradient":""},"mobile":{"background-color":"","background-image":"","background-repeat":"repeat","background-position":"center center","background-size":"auto","background-attachment":"scroll","background-type":"","background-media":"","overlay-type":"","overlay-color":"","overlay-opacity":"","overlay-gradient":""}},"ast-content-background-meta":{"desktop":{"background-color":"var(--ast-global-color-5)","background-image":"","background-repeat":"repeat","background-position":"center center","background-size":"auto","background-attachment":"scroll","background-type":"","background-media":"","overlay-type":"","overlay-color":"","overlay-opacity":"","overlay-gradient":""},"tablet":{"background-color":"var(--ast-global-color-5)","background-image":"","background-repeat":"repeat","background-position":"center center","background-size":"auto","background-attachment":"scroll","background-type":"","background-media":"","overlay-type":"","overlay-color":"","overlay-opacity":"","overlay-gradient":""},"mobile":{"background-color":"var(--ast-global-color-5)","background-image":"","background-repeat":"repeat","background-position":"center center","background-size":"auto","background-attachment":"scroll","background-type":"","background-media":"","overlay-type":"","overlay-color":"","overlay-opacity":"","overlay-gradient":""}}},"product_brand":[],"product_cat":[92],"product_tag":[],"class_list":{"0":"post-10675","1":"product","2":"type-product","3":"status-publish","4":"has-post-thumbnail","6":"product_cat-augen","7":"desktop-align-left","8":"tablet-align-left","9":"mobile-align-left","11":"first","12":"instock","13":"sale","14":"shipping-taxable","15":"product-type-external"},"_links":{"self":[{"href":"https:\/\/youniquebyemilie.com\/de\/wp-json\/wp\/v2\/product\/10675","targetHints":{"allow":["GET"]}}],"collection":[{"href":"https:\/\/youniquebyemilie.com\/de\/wp-json\/wp\/v2\/product"}],"about":[{"href":"https:\/\/youniquebyemilie.com\/de\/wp-json\/wp\/v2\/types\/product"}],"replies":[{"embeddable":true,"href":"https:\/\/youniquebyemilie.com\/de\/wp-json\/wp\/v2\/comments?post=10675"}],"wp:featuredmedia":[{"embeddable":true,"href":"https:\/\/youniquebyemilie.com\/de\/wp-json\/wp\/v2\/media\/10423"}],"wp:attachment":[{"href":"https:\/\/youniquebyemilie.com\/de\/wp-json\/wp\/v2\/media?parent=10675"}],"wp:term":[{"taxonomy":"product_brand","embeddable":true,"href":"https:\/\/youniquebyemilie.com\/de\/wp-json\/wp\/v2\/product_brand?post=10675"},{"taxonomy":"product_cat","embeddable":true,"href":"https:\/\/youniquebyemilie.com\/de\/wp-json\/wp\/v2\/product_cat?post=10675"},{"taxonomy":"product_tag","embeddable":true,"href":"https:\/\/youniquebyemilie.com\/de\/wp-json\/wp\/v2\/product_tag?post=10675"}],"curies":[{"name":"wp","href":"https:\/\/api.w.org\/{rel}","templated":true}]}}