{"id":10703,"date":"2025-07-24T20:22:25","date_gmt":"2025-07-24T18:22:25","guid":{"rendered":"https:\/\/youniquebyemilie.com\/produit\/nachtcreme-youthplexion\/"},"modified":"2025-07-24T20:22:25","modified_gmt":"2025-07-24T18:22:25","slug":"nachtcreme-youthplexion","status":"publish","type":"product","link":"https:\/\/youniquebyemilie.com\/de\/produit\/nachtcreme-youthplexion\/","title":{"rendered":"Nachtcreme YOUTHPLEXION"},"content":{"rendered":"<p><span style=\"font-weight: 400;\">Sehen Sie diese Morgen, an denen Sie wie ein Baby geschlafen haben, aber Ihre Haut sagt Ihnen das Gegenteil? Mir ist das auch passiert. Seit    <\/span><b>die Nachtcreme YOUTHPLEXION  <\/b><span style=\"font-weight: 400;\">ist Teil meiner Routine, meine Haut ist nie mehr dieselbe. Sie wirkt, w\u00e4hrend ich schlafe, um meine Haut tiefgreifend zu reparieren und ihr am Morgen eine jugendliche Ausstrahlung zu verleihen. <\/span><\/p>\n<p><span style=\"font-weight: 400;\">Jeden Abend, nachdem ich mein Serum aufgetragen habe, trage ich es auf mein Gesicht auf.<\/span><b> Gesicht<\/b><span style=\"font-weight: 400;\"> und mein Gesicht. <\/span><b>Hals<\/b><span style=\"font-weight: 400;\">. Schon am Morgen ist meine Haut  <\/span><b>mehr s\u00fc\u00df<\/b><span style=\"font-weight: 400;\">, <\/span><b>glatter<\/b><span style=\"font-weight: 400;\">und vor allem gut gen\u00e4hrt. Diese Creme hat meine Haut wirklich ver\u00e4ndert. Dank der starken Inhaltsstoffe wie    <\/span><b>Gatuline\u00ae Renew<\/b><span style=\"font-weight: 400;\"> und das <\/span><b>SKI-Influx\u00ae V MB<\/b><span style=\"font-weight: 400;\">Sie n\u00e4hrt meine Haut bis in die Tiefe, strafft sie und sch\u00fctzt sie vor sch\u00e4dlichen Umwelteinfl\u00fcssen.<\/span><\/p>\n<h2><span style=\"font-weight: 400;\">Warum Sie es lieben werden :<\/span><\/h2>\n<ul>\n<li style=\"font-weight: 400;\" aria-level=\"1\"><b>Reparierende Nacht :<\/b><span style=\"font-weight: 400;\"> Die Creme unterst\u00fctzt den n\u00e4chtlichen Reparaturprozess der Haut und sorgt so f\u00fcr einen strahlenden Teint am Morgen.<\/span><\/li>\n<li style=\"font-weight: 400;\" aria-level=\"1\"><b>Langfristige Feuchtigkeitsversorgung :<\/b><span style=\"font-weight: 400;\"> SKI-Influx\u00ae V MB sch\u00fctzt und befeuchtet Ihre Haut die ganze Nacht lang.<\/span><\/li>\n<li style=\"font-weight: 400;\" aria-level=\"1\"><b>Straffung und Gl\u00e4ttung :<\/b><span style=\"font-weight: 400;\"> Die Haut ist straffer, glatter und sieht am Morgen j\u00fcnger aus.<\/span><\/li>\n<li style=\"font-weight: 400;\" aria-level=\"1\"><b>Schutz der Hautbarriere :<\/b><span style=\"font-weight: 400;\"> Die Kombination von <\/span><b>Gatuline\u00ae Renew<\/b><span style=\"font-weight: 400;\"> mit anderen Inhaltsstoffen unterst\u00fctzt die Wiederherstellung Ihrer Hautbarriere w\u00e4hrend Sie schlafen.<\/span><\/li>\n<li style=\"font-weight: 400;\" aria-level=\"1\"><b>Pflege von h\u00f6chster Qualit\u00e4t:<\/b><span style=\"font-weight: 400;\"> Eine saubere, dermatologisch getestete Formel, ohne Grausamkeiten und in einer umweltfreundlichen Verpackung.<\/span><\/li>\n<\/ul>\n<h2><span style=\"font-weight: 400;\">Die Inhaltsstoffe, die Ihre Haut ver\u00e4ndern :<\/span><\/h2>\n<ul>\n<li style=\"font-weight: 400;\" aria-level=\"1\"><b>Gatuline\u00ae Renew<\/b><span style=\"font-weight: 400;\"> Renewable Gattin: Stellt die Hautbarriere wieder her, so dass die Haut repariert und vor sch\u00e4dlichen Umwelteinfl\u00fcssen gesch\u00fctzt wird.<\/span><\/li>\n<li style=\"font-weight: 400;\" aria-level=\"1\"><b>SKI-Influx\u00ae V MB<\/b><span style=\"font-weight: 400;\"> Ein feuchtigkeitsspendender Wirkstoff, der Feuchtigkeit speichert und Ihrer Haut ein lang anhaltendes Wohlgef\u00fchl verleiht.<\/span><\/li>\n<li style=\"font-weight: 400;\" aria-level=\"1\"><b>Ceramide und Squalan<\/b><span style=\"font-weight: 400;\"> Feuchtigkeitscreme: Versorgt Ihre Haut mit intensiver Feuchtigkeit, n\u00e4hrt und revitalisiert sie.<\/span><\/li>\n<li style=\"font-weight: 400;\" aria-level=\"1\"><b>Knospen-Extrakt aus Cryptomeria Japonica.<\/b><span style=\"font-weight: 400;\"> Ein an Antioxidantien reicher Extrakt, der die Haut sch\u00fctzt und ihre Struktur verbessert.<\/span><\/li>\n<\/ul>\n<h2><span style=\"font-weight: 400;\">Wie Sie ihn einfach nutzen k\u00f6nnen :<\/span><\/h2>\n<ol>\n<li style=\"font-weight: 400;\" aria-level=\"1\"><span style=\"font-weight: 400;\">Entnehmen Sie eine kleine Menge Creme in der Gr\u00f6\u00dfe einer Perle.<\/span><\/li>\n<li style=\"font-weight: 400;\" aria-level=\"1\"><span style=\"font-weight: 400;\">Massieren Sie es sanft in Ihr Gesicht <\/span><b>Gesicht<\/b><span style=\"font-weight: 400;\"> und Ihren <\/span><b>Hals<\/b><span style=\"font-weight: 400;\"> mit kreisenden Bewegungen.<\/span><\/li>\n<li style=\"font-weight: 400;\" aria-level=\"1\"><span style=\"font-weight: 400;\">Verwenden Sie es jeden Abend nach Ihrem YOUTHPLEXION Serum, um optimale Ergebnisse zu erzielen.<\/span><\/li>\n<\/ol>\n<p><span style=\"font-weight: 400;\">Wachen Sie jeden Morgen mit einer frischeren, glatteren und strahlenderen Haut auf! F\u00fcgen Sie  hinzu. <\/span> <b> die YOUTHPLEXION Nachtcreme. <\/b><span style=\"font-weight: 400;\">in Ihren Einkaufskorb und geben Sie Ihrer Haut die reparierende Pflege, die sie verdient.<\/span><\/p>\n<p>&nbsp;<\/p>\n<h2><span style=\"font-weight: 400;\">FAQ : Nachtcreme YOUTHPLEXION<\/span><\/h2>\n<ol>\n<li style=\"font-weight: 400;\" aria-level=\"1\"><b>Ist diese Creme f\u00fcr alle Hauttypen geeignet?<\/b><b><br \/>\n<\/b><span style=\"font-weight: 400;\">  Ja, sie ist f\u00fcr alle Hauttypen geeignet, einschlie\u00dflich empfindlicher, trockener, fettiger und Mischhaut. Die milde, nicht fettende Formel spendet Feuchtigkeit, ohne die Poren zu verstopfen. <\/span><\/li>\n<li style=\"font-weight: 400;\" aria-level=\"1\"><b>Wie lange dauert es, bis Sie sichtbare Ergebnisse sehen?<\/b><b><br \/>\n<\/b><span style=\"font-weight: 400;\">  Die ersten Ergebnisse sind bereits nach wenigen Anwendungen sichtbar. Nach 4 Wochen werden Sie sehen, dass Ihre Haut fester, glatter und mit Feuchtigkeit versorgt ist. Um eine optimale Wirkung zu erzielen, verwenden Sie diese Creme weiterhin jeden Abend.  <\/span><\/li>\n<li style=\"font-weight: 400;\" aria-level=\"1\"><b>Hinterl\u00e4sst diese Creme eine fettige Haut?<\/b><b><br \/>\n<\/b><span style=\"font-weight: 400;\">  Nein, sie hat eine leichte Textur, die schnell einzieht, ohne einen Fettfilm zu hinterlassen. Sie versorgt Ihre Haut mit Feuchtigkeit und N\u00e4hrstoffen und h\u00e4lt sie \u00fcber Nacht weich und angenehm. <\/span><\/li>\n<li style=\"font-weight: 400;\" aria-level=\"1\"><b>Wurde die Creme an Tieren getestet?<\/b><b><br \/>\n<\/b><span style=\"font-weight: 400;\">  Nein, die YOUTHPLEXION Nachtcreme ist 100% tierfrei. Sie wurde dermatologisch getestet, jedoch niemals an Tieren. <\/span><\/li>\n<li style=\"font-weight: 400;\" aria-level=\"1\"><b>Hilft diese Creme, Falten zu reduzieren?<\/b><b><br \/>\n<\/b><span style=\"font-weight: 400;\"> Ja, sie hilft, feine Linien und Falten zu gl\u00e4tten, dank Inhaltsstoffen wie dem <\/span><b>Fision\u00ae Instant Lift<\/b><span style=\"font-weight: 400;\"> und Fat Glide\u00ae. <\/span><b>Gatuline\u00ae Renew<\/b><span style=\"font-weight: 400;\">die die Haut straffen und helfen, die Zeichen der Hautalterung zu reduzieren.<\/span><\/li>\n<li style=\"font-weight: 400;\" aria-level=\"1\"><b>Enth\u00e4lt die Creme aggressive Chemikalien?<\/b><b><br \/>\n<\/b><span style=\"font-weight: 400;\">  Nein, die Formel ist sauber und enth\u00e4lt keine Parabene, Sulfate oder Phthalate. Sie wurde entwickelt, um sanft und schonend f\u00fcr Ihre Haut zu sein. <\/span><\/li>\n<li style=\"font-weight: 400;\" aria-level=\"1\"><b>Wie lange h\u00e4lt ein Tiegel der YOUTHPLEXION Nachtcreme?<\/b><b><br \/>\n<\/b><span style=\"font-weight: 400;\"> Ein Tiegel mit 30 ml reicht f\u00fcr ca. <\/span><b>2 bis 3 Monate <\/b><span style=\"font-weight: 400;\">bei t\u00e4glicher Anwendung, was es zu einer ausgezeichneten Investition f\u00fcr eine sch\u00f6ne und gesunde Haut macht.<\/span><\/li>\n<\/ol>\n<p><span style=\"font-weight: 400;\">Ein strahlender und gefestigter Teint am Morgen? Das ist m\u00f6glich! F\u00fcgen Sie  hinzu.    <\/span><b>die YOUTHPLEXION Nachtcreme. <\/b><span style=\"font-weight: 400;\">in Ihren Einkaufskorb und erleben Sie jeden Tag eine straffere und glattere Haut.<\/span><\/p>\n<p>&nbsp;<\/p>\n<p>&nbsp;<\/p>\n<p>&nbsp;<\/p>\n","protected":false},"excerpt":{"rendered":"<p><span style=\"font-weight: 400;\">Sehen Sie diese Morgen, an denen Sie wie ein Baby geschlafen haben, aber Ihre Haut sagt Ihnen das Gegenteil? Mir ist das auch passiert. Seit    <\/span><b>die Nachtcreme YOUTHPLEXION  <\/b><span style=\"font-weight: 400;\">ist Teil meiner Routine, meine Haut ist nie mehr dieselbe. Sie wirkt, w\u00e4hrend ich schlafe, um meine Haut tiefgreifend zu reparieren und ihr am Morgen eine jugendliche Ausstrahlung zu verleihen. <\/span><\/p>\n<p><span style=\"font-weight: 400;\">Jeden Abend, nachdem ich mein Serum aufgetragen habe, trage ich es auf mein Gesicht auf.<\/span><b> Gesicht<\/b><span style=\"font-weight: 400;\"> und mein Gesicht. <\/span><b>Hals<\/b><span style=\"font-weight: 400;\">. Schon am Morgen ist meine Haut  <\/span><b>mehr s\u00fc\u00df<\/b><span style=\"font-weight: 400;\">, <\/span><b>glatter<\/b><span style=\"font-weight: 400;\">und vor allem gut gen\u00e4hrt. Diese Creme hat meine Haut wirklich ver\u00e4ndert. Dank der starken Inhaltsstoffe wie    <\/span><b>Gatuline\u00ae Renew<\/b><span style=\"font-weight: 400;\"> und das <\/span><b>SKI-Influx\u00ae V MB<\/b><span style=\"font-weight: 400;\">Sie n\u00e4hrt meine Haut bis in die Tiefe, strafft sie und sch\u00fctzt sie vor sch\u00e4dlichen Umwelteinfl\u00fcssen.<\/span><\/p>\n","protected":false},"featured_media":10708,"comment_status":"open","ping_status":"closed","template":"","meta":{"_seopress_robots_primary_cat":"none","_seopress_titles_title":"","_seopress_titles_desc":"","_seopress_robots_index":"","site-sidebar-layout":"default","site-content-layout":"","ast-site-content-layout":"default","site-content-style":"default","site-sidebar-style":"default","ast-global-header-display":"","ast-banner-title-visibility":"","ast-main-header-display":"","ast-hfb-above-header-display":"","ast-hfb-below-header-display":"","ast-hfb-mobile-header-display":"","site-post-title":"","ast-breadcrumbs-content":"","ast-featured-img":"","footer-sml-layout":"","ast-disable-related-posts":"","theme-transparent-header-meta":"default","adv-header-id-meta":"","stick-header-meta":"","header-above-stick-meta":"","header-main-stick-meta":"","header-below-stick-meta":"","astra-migrate-meta-layouts":"default","ast-page-background-enabled":"default","ast-page-background-meta":{"desktop":{"background-color":"var(--ast-global-color-4)","background-image":"","background-repeat":"repeat","background-position":"center center","background-size":"auto","background-attachment":"scroll","background-type":"","background-media":"","overlay-type":"","overlay-color":"","overlay-opacity":"","overlay-gradient":""},"tablet":{"background-color":"","background-image":"","background-repeat":"repeat","background-position":"center center","background-size":"auto","background-attachment":"scroll","background-type":"","background-media":"","overlay-type":"","overlay-color":"","overlay-opacity":"","overlay-gradient":""},"mobile":{"background-color":"","background-image":"","background-repeat":"repeat","background-position":"center center","background-size":"auto","background-attachment":"scroll","background-type":"","background-media":"","overlay-type":"","overlay-color":"","overlay-opacity":"","overlay-gradient":""}},"ast-content-background-meta":{"desktop":{"background-color":"var(--ast-global-color-5)","background-image":"","background-repeat":"repeat","background-position":"center center","background-size":"auto","background-attachment":"scroll","background-type":"","background-media":"","overlay-type":"","overlay-color":"","overlay-opacity":"","overlay-gradient":""},"tablet":{"background-color":"var(--ast-global-color-5)","background-image":"","background-repeat":"repeat","background-position":"center center","background-size":"auto","background-attachment":"scroll","background-type":"","background-media":"","overlay-type":"","overlay-color":"","overlay-opacity":"","overlay-gradient":""},"mobile":{"background-color":"var(--ast-global-color-5)","background-image":"","background-repeat":"repeat","background-position":"center center","background-size":"auto","background-attachment":"scroll","background-type":"","background-media":"","overlay-type":"","overlay-color":"","overlay-opacity":"","overlay-gradient":""}}},"product_brand":[],"product_cat":[110],"product_tag":[],"class_list":{"0":"post-10703","1":"product","2":"type-product","3":"status-publish","4":"has-post-thumbnail","6":"product_cat-haut","7":"desktop-align-left","8":"tablet-align-left","9":"mobile-align-left","11":"first","12":"instock","13":"sale","14":"shipping-taxable","15":"product-type-external"},"_links":{"self":[{"href":"https:\/\/youniquebyemilie.com\/de\/wp-json\/wp\/v2\/product\/10703","targetHints":{"allow":["GET"]}}],"collection":[{"href":"https:\/\/youniquebyemilie.com\/de\/wp-json\/wp\/v2\/product"}],"about":[{"href":"https:\/\/youniquebyemilie.com\/de\/wp-json\/wp\/v2\/types\/product"}],"replies":[{"embeddable":true,"href":"https:\/\/youniquebyemilie.com\/de\/wp-json\/wp\/v2\/comments?post=10703"}],"wp:featuredmedia":[{"embeddable":true,"href":"https:\/\/youniquebyemilie.com\/de\/wp-json\/wp\/v2\/media\/10708"}],"wp:attachment":[{"href":"https:\/\/youniquebyemilie.com\/de\/wp-json\/wp\/v2\/media?parent=10703"}],"wp:term":[{"taxonomy":"product_brand","embeddable":true,"href":"https:\/\/youniquebyemilie.com\/de\/wp-json\/wp\/v2\/product_brand?post=10703"},{"taxonomy":"product_cat","embeddable":true,"href":"https:\/\/youniquebyemilie.com\/de\/wp-json\/wp\/v2\/product_cat?post=10703"},{"taxonomy":"product_tag","embeddable":true,"href":"https:\/\/youniquebyemilie.com\/de\/wp-json\/wp\/v2\/product_tag?post=10703"}],"curies":[{"name":"wp","href":"https:\/\/api.w.org\/{rel}","templated":true}]}}