{"id":10737,"date":"2025-07-24T20:20:29","date_gmt":"2025-07-24T18:20:29","guid":{"rendered":"https:\/\/youniquebyemilie.com\/produit\/mildes-reinigungsgel-you-niversal\/"},"modified":"2025-07-24T20:20:29","modified_gmt":"2025-07-24T18:20:29","slug":"mildes-reinigungsgel-you-niversal","status":"publish","type":"product","link":"https:\/\/youniquebyemilie.com\/de\/produit\/mildes-reinigungsgel-you-niversal\/","title":{"rendered":"Mildes Reinigungsgel YOU NIVERSAL"},"content":{"rendered":"<p><span style=\"font-weight: 400;\">Kennen Sie diese Tage, an denen Ihre Haut Sie verr\u00e4t und Sie sich selbst nach einer guten Nacht noch m\u00fcde f\u00fchlen? Ich habe auch damit gek\u00e4mpft. Ehrlich gesagt, habe ich mich schwer getan, den perfekten Reiniger zu finden. Meine Haut war entweder zu trocken oder zu fettig und nichts schien den Job zu erledigen. Bis ich den      <\/span><b>YOU-NIVERSAL mildes Reinigungsgel<\/b><span style=\"font-weight: 400;\">. Es ist zu einem unverzichtbaren Bestandteil meiner Routine geworden.<\/span><\/p>\n<p><span style=\"font-weight: 400;\">Er hat eine so angenehme Textur. <\/span><b>weich und angenehm<\/b><span style=\"font-weight: 400;\">Der Schaum verwandelt sich sofort nach dem Auftragen in einen leichten Schaum. Was mir besonders gef\u00e4llt, ist, dass ich nach der Reinigung nicht das Gef\u00fchl habe, dass meine Haut spannt. Bei jeder Anwendung f\u00fchlt sich meine Haut    <\/span><b>s\u00fc\u00df<\/b><span style=\"font-weight: 400;\">, <\/span><b>hydratisiert<\/b><span style=\"font-weight: 400;\">Ich bin sehr zufrieden mit meiner Haut und perfekt auf meine Pflegeroutine vorbereitet. Dieses Gel ist jeden Morgen wie ein frischer Wind. <\/span><\/p>\n<p>&nbsp;<\/p>\n<h2><span style=\"font-weight: 400;\">Warum Sie es lieben werden :<\/span><\/h2>\n<ul>\n<li style=\"font-weight: 400;\" aria-level=\"1\"><b>Sanfte und effektive Reinigung:<\/b><span style=\"font-weight: 400;\">  89% der Benutzer best\u00e4tigen, dass es alle Unreinheiten sanft entfernt, ohne Ihre Haut zu reizen. Sie werden das Gef\u00fchl von Sauberkeit lieben. <\/span>&nbsp;<\/li>\n<li style=\"font-weight: 400;\" aria-level=\"1\"><b>Sofortige Feuchtigkeitsversorgung :<\/b><span style=\"font-weight: 400;\"> Ihre Haut ist sofort mit Feuchtigkeit versorgt und f\u00fchlt sich weich und geschmeidig an, ohne das geringste Spannungsgef\u00fchl.<\/span>&nbsp;<\/li>\n<li style=\"font-weight: 400;\" aria-level=\"1\"><b>Beruhigende Formel :<\/b><span style=\"font-weight: 400;\"> Perfekt selbst f\u00fcr die empfindlichste Haut, beruhigt und gleicht Ihre Haut aus, ohne sie jemals auszutrocknen.<\/span>&nbsp;<\/li>\n<li style=\"font-weight: 400;\" aria-level=\"1\"><b>Hautfreundlich und umweltfreundlich :<\/b><span style=\"font-weight: 400;\"> Grausame und parf\u00fcmfreie Formel und die Verpackung ist aus recycelten Materialien (PCR) hergestellt.<\/span>&nbsp;<\/li>\n<\/ul>\n<h2><span style=\"font-weight: 400;\">Die magischen Inhaltsstoffe, die Ihre Haut verw\u00f6hnen :<\/span><\/h2>\n<ul>\n<li style=\"font-weight: 400;\" aria-level=\"1\"><b>Glycerin :<\/b><span style=\"font-weight: 400;\"> Zieht Feuchtigkeit an und speichert sie f\u00fcr eine sichtbar hydratisierte und pralle Haut.<\/span>&nbsp;<\/li>\n<li style=\"font-weight: 400;\" aria-level=\"1\"><b>Pureact :<\/b><span style=\"font-weight: 400;\"> Ein sanfter und schonender Reiniger, ideal f\u00fcr die sanfte Reinigung selbst der empfindlichsten Haut.<\/span>&nbsp;<\/li>\n<li style=\"font-weight: 400;\" aria-level=\"1\"><b>Natrlquest :<\/b><span style=\"font-weight: 400;\"> Ein starkes Antioxidans, das Ihre Haut sch\u00fctzt und sie in ihren nat\u00fcrlichen Abwehrkr\u00e4ften unterst\u00fctzt.<\/span>&nbsp;<\/li>\n<\/ul>\n<h2><span style=\"font-weight: 400;\">Wie Sie ihn einfach nutzen k\u00f6nnen :<\/span><\/h2>\n<ol>\n<li style=\"font-weight: 400;\" aria-level=\"1\"><b>Befeuchten Sie Ihr Gesicht<\/b><span style=\"font-weight: 400;\"> mit lauwarmem Wasser, um Ihre Haut vorzubereiten.<\/span>&nbsp;<\/li>\n<li style=\"font-weight: 400;\" aria-level=\"1\"><b>Tragen Sie eine kleine Menge auf.<\/b><span style=\"font-weight: 400;\"> des Reinigungsgels auf Ihre H\u00e4nde und massieren Sie sanft Ihr Gesicht in kreisenden Bewegungen.<\/span>&nbsp;<\/li>\n<li style=\"font-weight: 400;\" aria-level=\"1\"><b>Sp\u00fclen Sie die Haut gr\u00fcndlich ab.<\/b><span style=\"font-weight: 400;\"> mit Wasser und trocknen Sie Ihr Gesicht sanft mit klopfenden Bewegungen.<\/span>&nbsp;<\/li>\n<\/ol>\n<p><span style=\"font-weight: 400;\">F\u00fcr eine noch gr\u00fcndlichere Reinigung empfehle ich Ihnen, dieses Reinigungsgel mit einem <\/span><b>Make-up-Entferner<\/b><span style=\"font-weight: 400;\">wie ein doppeltes Reinigungsritual. Sie werden den Unterschied sehen! <\/span><\/p>\n<p>&nbsp;<\/p>\n<p><b>Wachen Sie jeden Tag mit einer sauberen, weichen und perfekt mit Feuchtigkeit versorgten Haut auf!<\/b><span style=\"font-weight: 400;\">  Legen Sie es jetzt in Ihren Einkaufswagen und g\u00f6nnen Sie Ihrer Haut die Pflege, die sie verdient.<\/span><\/p>\n<p>&nbsp;<\/p>\n<h2><span style=\"font-weight: 400;\">FAQ: Mildes Reinigungsgel YOU-NIVERSAL<\/span><\/h2>\n<ol>\n<li style=\"font-weight: 400;\" aria-level=\"1\"><b>Ist dieses Reinigungsgel f\u00fcr meine empfindliche Haut geeignet?<\/b><b><br \/>\n<\/b><span style=\"font-weight: 400;\">  Ja, unbedingt! Das milde Reinigungsgel YOU-NIVERSAL wurde speziell f\u00fcr empfindliche Haut entwickelt. Es reinigt sanft, ohne Irritationen zu verursachen, was es perfekt f\u00fcr empfindliche und zarte Haut macht.  <\/span>&nbsp;<\/li>\n<li style=\"font-weight: 400;\" aria-level=\"1\"><b>Kann ich es verwenden, wenn ich trockene Haut habe?<\/b><b><br \/>\n<\/b><span style=\"font-weight: 400;\">  Ja, dieses Gel ist ideal f\u00fcr trockene Haut! Es hilft, den Feuchtigkeitsgehalt der Haut zu erhalten und gleichzeitig Unreinheiten zu entfernen. Glycerin und andere feuchtigkeitsspendende Stoffe versorgen Ihre Haut mit N\u00e4hrstoffen, damit sie weich und geschmeidig bleibt.  <\/span>&nbsp;<\/li>\n<li style=\"font-weight: 400;\" aria-level=\"1\"><b>Ist dieses Reinigungsgel f\u00fcr Mischhaut und fettige Haut geeignet?<\/b><b><br \/>\n<\/b><span style=\"font-weight: 400;\">  Nat\u00fcrlich ist es das! Das milde Reinigungsgel ist so konzipiert, dass es bei allen Hauttypen wirksam ist. Es reinigt fettige Haut, ohne sie auszutrocknen, und hilft, trockenere Hautpartien auszugleichen, w\u00e4hrend es gleichzeitig \u00fcbersch\u00fcssiges \u00d6l kontrolliert.  <\/span>&nbsp;<\/li>\n<li style=\"font-weight: 400;\" aria-level=\"1\"><b>Wurde das Reinigungsgel an Tieren getestet?<\/b><b><br \/>\n<\/b><span style=\"font-weight: 400;\">  Nein, das milde Reinigungsgel YOU-NIVERSAL ist 100% tierfrei. Es wurden keine Tierversuche durchgef\u00fchrt und es entspricht den ethischen Standards von Younique bei der Produktentwicklung. <\/span>&nbsp;<\/li>\n<li style=\"font-weight: 400;\" aria-level=\"1\"><b>Kann das Reinigungsgel auch auf der Haut um die Augen herum verwendet werden?<\/b><b><br \/>\n<\/b><span style=\"font-weight: 400;\">  Ja, er ist sanft genug, um um die Augen herum verwendet zu werden, sogar um Make-up zu entfernen. Achten Sie jedoch darauf, dass Sie den direkten Kontakt mit den Augen vermeiden. <\/span>&nbsp;<\/li>\n<li style=\"font-weight: 400;\" aria-level=\"1\"><b>Wie lange dauert es, bis Sie die ersten Ergebnisse bemerken?<\/b><b><br \/>\n<\/b><span style=\"font-weight: 400;\">  Schon nach der ersten Anwendung werden Sie feststellen, dass Ihre Haut frischer und weicher ist. Nach einigen Tagen der Anwendung wird Ihre Haut sichtbar reiner, glatter und mit Feuchtigkeit versorgt sein. Um optimale Ergebnisse zu erzielen, wird eine t\u00e4gliche Anwendung empfohlen.  <\/span>&nbsp;<\/li>\n<li style=\"font-weight: 400;\" aria-level=\"1\"><b>Wie kann ich die Wirkung dieses Reinigungsgels maximieren?<\/b><b><br \/>\n<\/b><span style=\"font-weight: 400;\">  F\u00fcr eine gr\u00fcndliche Reinigung empfehle ich Ihnen, dieses Reinigungsgel als Doppelreinigung zu verwenden. Beginnen Sie mit einem Make-up-Entferner, um das Make-up zu entfernen, und tragen Sie dann das milde Reinigungsgel auf, um Ihre Haut zu reinigen und mit Feuchtigkeit zu versorgen. Dies wird die Wirksamkeit der anderen Younique-Produkte, die Sie verwenden, optimieren.  <\/span>&nbsp;<\/li>\n<\/ol>\n<p><span style=\"font-weight: 400;\">Lassen Sie Ihre Haut nicht an Weichheit und Feuchtigkeit verlieren! F\u00fcgen Sie das   <\/span><b>YOU-NIVERSAL mildes Reinigungsgel <\/b><span style=\"font-weight: 400;\">jetzt in den Warenkorb und entdecken Sie eine Haut wie nie zuvor!<\/span><\/p>\n<p>&nbsp;<\/p>\n","protected":false},"excerpt":{"rendered":"<p><span style=\"font-weight: 400;\">Kennen Sie diese Tage, an denen Ihre Haut Sie verr\u00e4t und Sie sich selbst nach einer guten Nacht noch m\u00fcde f\u00fchlen? Ich habe auch damit gek\u00e4mpft. Ehrlich gesagt, habe ich mich schwer getan, den perfekten Reiniger zu finden. Meine Haut war entweder zu trocken oder zu fettig und nichts schien den Job zu erledigen. Bis ich den      <\/span><b>YOU-NIVERSAL mildes Reinigungsgel<\/b><span style=\"font-weight: 400;\">. Es ist zu einem unverzichtbaren Bestandteil meiner Routine geworden.<\/span><\/p>\n","protected":false},"featured_media":10743,"comment_status":"open","ping_status":"closed","template":"","meta":{"_seopress_robots_primary_cat":"none","_seopress_titles_title":"","_seopress_titles_desc":"","_seopress_robots_index":"","site-sidebar-layout":"default","site-content-layout":"","ast-site-content-layout":"default","site-content-style":"default","site-sidebar-style":"default","ast-global-header-display":"","ast-banner-title-visibility":"","ast-main-header-display":"","ast-hfb-above-header-display":"","ast-hfb-below-header-display":"","ast-hfb-mobile-header-display":"","site-post-title":"","ast-breadcrumbs-content":"","ast-featured-img":"","footer-sml-layout":"","ast-disable-related-posts":"","theme-transparent-header-meta":"default","adv-header-id-meta":"","stick-header-meta":"","header-above-stick-meta":"","header-main-stick-meta":"","header-below-stick-meta":"","astra-migrate-meta-layouts":"default","ast-page-background-enabled":"default","ast-page-background-meta":{"desktop":{"background-color":"var(--ast-global-color-4)","background-image":"","background-repeat":"repeat","background-position":"center center","background-size":"auto","background-attachment":"scroll","background-type":"","background-media":"","overlay-type":"","overlay-color":"","overlay-opacity":"","overlay-gradient":""},"tablet":{"background-color":"","background-image":"","background-repeat":"repeat","background-position":"center center","background-size":"auto","background-attachment":"scroll","background-type":"","background-media":"","overlay-type":"","overlay-color":"","overlay-opacity":"","overlay-gradient":""},"mobile":{"background-color":"","background-image":"","background-repeat":"repeat","background-position":"center center","background-size":"auto","background-attachment":"scroll","background-type":"","background-media":"","overlay-type":"","overlay-color":"","overlay-opacity":"","overlay-gradient":""}},"ast-content-background-meta":{"desktop":{"background-color":"var(--ast-global-color-5)","background-image":"","background-repeat":"repeat","background-position":"center center","background-size":"auto","background-attachment":"scroll","background-type":"","background-media":"","overlay-type":"","overlay-color":"","overlay-opacity":"","overlay-gradient":""},"tablet":{"background-color":"var(--ast-global-color-5)","background-image":"","background-repeat":"repeat","background-position":"center center","background-size":"auto","background-attachment":"scroll","background-type":"","background-media":"","overlay-type":"","overlay-color":"","overlay-opacity":"","overlay-gradient":""},"mobile":{"background-color":"var(--ast-global-color-5)","background-image":"","background-repeat":"repeat","background-position":"center center","background-size":"auto","background-attachment":"scroll","background-type":"","background-media":"","overlay-type":"","overlay-color":"","overlay-opacity":"","overlay-gradient":""}}},"product_brand":[],"product_cat":[110],"product_tag":[],"class_list":{"0":"post-10737","1":"product","2":"type-product","3":"status-publish","4":"has-post-thumbnail","6":"product_cat-haut","7":"desktop-align-left","8":"tablet-align-left","9":"mobile-align-left","11":"first","12":"instock","13":"sale","14":"shipping-taxable","15":"product-type-external"},"_links":{"self":[{"href":"https:\/\/youniquebyemilie.com\/de\/wp-json\/wp\/v2\/product\/10737","targetHints":{"allow":["GET"]}}],"collection":[{"href":"https:\/\/youniquebyemilie.com\/de\/wp-json\/wp\/v2\/product"}],"about":[{"href":"https:\/\/youniquebyemilie.com\/de\/wp-json\/wp\/v2\/types\/product"}],"replies":[{"embeddable":true,"href":"https:\/\/youniquebyemilie.com\/de\/wp-json\/wp\/v2\/comments?post=10737"}],"wp:featuredmedia":[{"embeddable":true,"href":"https:\/\/youniquebyemilie.com\/de\/wp-json\/wp\/v2\/media\/10743"}],"wp:attachment":[{"href":"https:\/\/youniquebyemilie.com\/de\/wp-json\/wp\/v2\/media?parent=10737"}],"wp:term":[{"taxonomy":"product_brand","embeddable":true,"href":"https:\/\/youniquebyemilie.com\/de\/wp-json\/wp\/v2\/product_brand?post=10737"},{"taxonomy":"product_cat","embeddable":true,"href":"https:\/\/youniquebyemilie.com\/de\/wp-json\/wp\/v2\/product_cat?post=10737"},{"taxonomy":"product_tag","embeddable":true,"href":"https:\/\/youniquebyemilie.com\/de\/wp-json\/wp\/v2\/product_tag?post=10737"}],"curies":[{"name":"wp","href":"https:\/\/api.w.org\/{rel}","templated":true}]}}