{"id":10752,"date":"2025-07-24T18:15:29","date_gmt":"2025-07-24T16:15:29","guid":{"rendered":"https:\/\/youniquebyemilie.com\/produit\/abgeschraegter-faecherpinsel-younique\/"},"modified":"2025-07-24T18:15:29","modified_gmt":"2025-07-24T16:15:29","slug":"abgeschraegter-faecherpinsel-younique","status":"publish","type":"product","link":"https:\/\/youniquebyemilie.com\/de\/produit\/abgeschraegter-faecherpinsel-younique\/","title":{"rendered":"Abgeschr\u00e4gter F\u00e4cherpinsel YOUNIQUE"},"content":{"rendered":"<p><span style=\"font-weight: 400;\">Wissen Sie was? Ich habe lange gesucht   <\/span><b>einen Pinsel zum Aufhellen ohne viel Aufwand<\/b><span style=\"font-weight: 400;\">. Denn ich habe nicht jeden Morgen 20 Minuten Zeit, um an jedem Detail meines Make-ups zu arbeiten. Und ehrlich gesagt, seit ich den   <\/span><b>YOUNIQUE F\u00e4cherpinsel mit abgeschr\u00e4gten Kanten<\/b><span style=\"font-weight: 400;\">ist alles einfacher.<\/span><\/p>\n<p><span style=\"font-weight: 400;\">Er ist <\/span><b>s\u00fc\u00df<\/b><span style=\"font-weight: 400;\">,<\/span><b> angenehm in der Hand<\/b><span style=\"font-weight: 400;\">und vor allem <\/span><b>sehr genau<\/b><span style=\"font-weight: 400;\">. Die Haare sind ziemlich dicht, so dass man nicht dreimal b\u00fcgeln muss:  <\/span><b>Mit einer einzigen Bewegung trage ich genau die richtige Menge auf.<\/b><span style=\"font-weight: 400;\"> um meine Wangenknochen, den Augenbrauenbogen, den Amorbogen&#8230; und manchmal sogar die Schl\u00fcsselbeine, wenn ich einen Hauch mehr m\u00f6chte, aufzuhellen.<\/span><\/p>\n<h2><span style=\"font-weight: 400;\">Warum Sie ihn genauso lieben werden wie ich<\/span><\/h2>\n<ul>\n<li style=\"font-weight: 400;\" aria-level=\"1\"><b>Seine F\u00e4cherform<\/b><span style=\"font-weight: 400;\"> : Sie erm\u00f6glicht es Ihnen, die Bereiche, die Sie beleuchten m\u00f6chten, genau zu markieren, um ein perfektes Ergebnis zu erzielen.<\/span><\/li>\n<li style=\"font-weight: 400;\" aria-level=\"1\"><b>Weiche, aber feste Haare<\/b><span style=\"font-weight: 400;\"> Sie erhalten ein sauberes, pr\u00e4zises und makelloses Ergebnis.<\/span><\/li>\n<li style=\"font-weight: 400;\" aria-level=\"1\"><b>Keine Verschwendung<\/b><span style=\"font-weight: 400;\"> Keine Verschmutzung: Er gibt genau die richtige Menge an Produkt ab, nicht zu viel und nicht zu wenig.<\/span><\/li>\n<li style=\"font-weight: 400;\" aria-level=\"1\"><span style=\"font-weight: 400;\">Und vor allem ist er leicht zu reinigen. <\/span><b>ist leicht zu reinigen.<\/b><span style=\"font-weight: 400;\">Das bedeutet, dass er immer einsatzbereit ist!<\/span><\/li>\n<\/ul>\n<p>&nbsp;<\/p>\n<h2><span style=\"font-weight: 400;\">Wie verwende ich meinen abgeschr\u00e4gten YOUNIQUE F\u00e4cherpinsel?<\/span><\/h2>\n<p><span style=\"font-weight: 400;\">Ich nehme ein wenig Highlighter mit dem <\/span><b>YOUNIQUE F\u00e4cherpinsel<\/b><span style=\"font-weight: 400;\">Ich klopfe den \u00dcberschuss ab und trage ihn auf meine Wangenknochen, unter den Augenbrauen und \u00fcber den Lippen auf. Einfach, schnell und es \u00e4ndert alles: <\/span><b>Garantiert gutes Aussehen in 30 Sekunden<\/b><span style=\"font-weight: 400;\">.<\/span><\/p>\n<p>&nbsp;<\/p>\n<h2><span style=\"font-weight: 400;\">Warum ich Ihnen diesen Film mit geschlossenen Augen empfehle:<\/span><\/h2>\n<p><span style=\"font-weight: 400;\">Ehrlich gesagt, wenn Sie diesen kleinen Glow erzeugen wollen, der den Unterschied ausmacht, aber nicht viel Zeit damit verbringen wollen, ist dies der Pinsel, den Sie haben m\u00fcssen. <\/span><b>Praktisch, pr\u00e4zise, leicht zu pflegen<\/b><span style=\"font-weight: 400;\">Dieser Pinsel ist ein Muss in meiner Routine.<\/span><\/p>\n<p><span style=\"font-weight: 400;\">F\u00fcgen Sie ihn noch heute Ihrer Kosmetiktasche hinzu und testen Sie ihn selbst: Sie werden sehen, er ist wirklich gro\u00dfartig!<\/span><\/p>\n<p>&nbsp;<\/p>\n","protected":false},"excerpt":{"rendered":"<p><span style=\"font-weight: 400;\">Wissen Sie was? Ich habe lange gesucht   <\/span><b>einen Pinsel zum Aufhellen ohne viel Aufwand<\/b><span style=\"font-weight: 400;\">. Denn ich habe nicht jeden Morgen 20 Minuten Zeit, um an jedem Detail meines Make-ups zu arbeiten. Und ehrlich gesagt, seit ich den   <\/span><b>YOUNIQUE F\u00e4cherpinsel mit abgeschr\u00e4gten Kanten<\/b><span style=\"font-weight: 400;\">ist alles einfacher.<\/span><\/p>\n<p><span style=\"font-weight: 400;\">Er ist <\/span><b>s\u00fc\u00df<\/b><span style=\"font-weight: 400;\">,<\/span><b> angenehm in der Hand<\/b><span style=\"font-weight: 400;\">und vor allem <\/span><b>sehr genau<\/b><span style=\"font-weight: 400;\">. Die Haare sind ziemlich dicht, so dass man nicht dreimal b\u00fcgeln muss:  <\/span><b>Mit einer einzigen Bewegung trage ich genau die richtige Menge auf.<\/b><span style=\"font-weight: 400;\"> um meine Wangenknochen, den Augenbrauenbogen, den Amorbogen&#8230; und manchmal sogar die Schl\u00fcsselbeine, wenn ich einen Hauch mehr m\u00f6chte, aufzuhellen.<\/span><\/p>\n","protected":false},"featured_media":10754,"comment_status":"open","ping_status":"closed","template":"","meta":{"_seopress_robots_primary_cat":"none","_seopress_titles_title":"","_seopress_titles_desc":"","_seopress_robots_index":"","site-sidebar-layout":"default","site-content-layout":"","ast-site-content-layout":"default","site-content-style":"default","site-sidebar-style":"default","ast-global-header-display":"","ast-banner-title-visibility":"","ast-main-header-display":"","ast-hfb-above-header-display":"","ast-hfb-below-header-display":"","ast-hfb-mobile-header-display":"","site-post-title":"","ast-breadcrumbs-content":"","ast-featured-img":"","footer-sml-layout":"","ast-disable-related-posts":"","theme-transparent-header-meta":"default","adv-header-id-meta":"","stick-header-meta":"","header-above-stick-meta":"","header-main-stick-meta":"","header-below-stick-meta":"","astra-migrate-meta-layouts":"default","ast-page-background-enabled":"default","ast-page-background-meta":{"desktop":{"background-color":"var(--ast-global-color-4)","background-image":"","background-repeat":"repeat","background-position":"center center","background-size":"auto","background-attachment":"scroll","background-type":"","background-media":"","overlay-type":"","overlay-color":"","overlay-opacity":"","overlay-gradient":""},"tablet":{"background-color":"","background-image":"","background-repeat":"repeat","background-position":"center center","background-size":"auto","background-attachment":"scroll","background-type":"","background-media":"","overlay-type":"","overlay-color":"","overlay-opacity":"","overlay-gradient":""},"mobile":{"background-color":"","background-image":"","background-repeat":"repeat","background-position":"center center","background-size":"auto","background-attachment":"scroll","background-type":"","background-media":"","overlay-type":"","overlay-color":"","overlay-opacity":"","overlay-gradient":""}},"ast-content-background-meta":{"desktop":{"background-color":"var(--ast-global-color-5)","background-image":"","background-repeat":"repeat","background-position":"center center","background-size":"auto","background-attachment":"scroll","background-type":"","background-media":"","overlay-type":"","overlay-color":"","overlay-opacity":"","overlay-gradient":""},"tablet":{"background-color":"var(--ast-global-color-5)","background-image":"","background-repeat":"repeat","background-position":"center center","background-size":"auto","background-attachment":"scroll","background-type":"","background-media":"","overlay-type":"","overlay-color":"","overlay-opacity":"","overlay-gradient":""},"mobile":{"background-color":"var(--ast-global-color-5)","background-image":"","background-repeat":"repeat","background-position":"center center","background-size":"auto","background-attachment":"scroll","background-type":"","background-media":"","overlay-type":"","overlay-color":"","overlay-opacity":"","overlay-gradient":""}}},"product_brand":[],"product_cat":[105],"product_tag":[],"class_list":{"0":"post-10752","1":"product","2":"type-product","3":"status-publish","4":"has-post-thumbnail","6":"product_cat-gesicht","7":"desktop-align-left","8":"tablet-align-left","9":"mobile-align-left","11":"first","12":"instock","13":"sale","14":"shipping-taxable","15":"product-type-external"},"_links":{"self":[{"href":"https:\/\/youniquebyemilie.com\/de\/wp-json\/wp\/v2\/product\/10752","targetHints":{"allow":["GET"]}}],"collection":[{"href":"https:\/\/youniquebyemilie.com\/de\/wp-json\/wp\/v2\/product"}],"about":[{"href":"https:\/\/youniquebyemilie.com\/de\/wp-json\/wp\/v2\/types\/product"}],"replies":[{"embeddable":true,"href":"https:\/\/youniquebyemilie.com\/de\/wp-json\/wp\/v2\/comments?post=10752"}],"wp:featuredmedia":[{"embeddable":true,"href":"https:\/\/youniquebyemilie.com\/de\/wp-json\/wp\/v2\/media\/10754"}],"wp:attachment":[{"href":"https:\/\/youniquebyemilie.com\/de\/wp-json\/wp\/v2\/media?parent=10752"}],"wp:term":[{"taxonomy":"product_brand","embeddable":true,"href":"https:\/\/youniquebyemilie.com\/de\/wp-json\/wp\/v2\/product_brand?post=10752"},{"taxonomy":"product_cat","embeddable":true,"href":"https:\/\/youniquebyemilie.com\/de\/wp-json\/wp\/v2\/product_cat?post=10752"},{"taxonomy":"product_tag","embeddable":true,"href":"https:\/\/youniquebyemilie.com\/de\/wp-json\/wp\/v2\/product_tag?post=10752"}],"curies":[{"name":"wp","href":"https:\/\/api.w.org\/{rel}","templated":true}]}}