{"id":10788,"date":"2025-07-26T17:01:30","date_gmt":"2025-07-26T15:01:30","guid":{"rendered":"https:\/\/youniquebyemilie.com\/produit\/younique-touch-foundation-stick\/"},"modified":"2025-07-26T17:01:30","modified_gmt":"2025-07-26T15:01:30","slug":"younique-touch-foundation-stick","status":"publish","type":"product","link":"https:\/\/youniquebyemilie.com\/de\/produit\/younique-touch-foundation-stick\/","title":{"rendered":"YOUNIQUE TOUCH Foundation Stick"},"content":{"rendered":"<p><span style=\"font-weight: 400;\">Brauchen Sie eine Foundation, die einfach aufzutragen ist, sich Ihren Bed\u00fcrfnissen anpasst und den ganzen Tag lang makellos bleibt? Die   <\/span><b>YOUNIQUE TOUCH Foundation Stick<\/b><span style=\"font-weight: 400;\">  ist genau daf\u00fcr da. Diese kleine, praktische Gr\u00f6\u00dfe ist ideal f\u00fcr schnelle Korrekturen. Es bietet Ihnen eine mittlere bis volle Deckkraft mit einem samtigen Finish, das Ihren Teint ohne Maskeneffekt versch\u00f6nert.  <\/span><\/p>\n<p><span style=\"font-weight: 400;\">Ich verwende es f\u00fcr alles: <\/span><b>Foundation<\/b><span style=\"font-weight: 400;\">, <\/span><b>Concealer<\/b><span style=\"font-weight: 400;\">, <\/span><b>Ausbesserungen<\/b><span style=\"font-weight: 400;\">Ich kann sogar mein Gesicht modellieren und aufhellen. Mit wenigen Handgriffen k\u00f6nnen Sie in jeder Situation einen perfekten Look kreieren. Er ist praktisch und effektiv und sorgt daf\u00fcr, dass Ihr Teint von morgens bis abends frisch und nat\u00fcrlich aussieht.  <\/span><\/p>\n<h2><span style=\"font-weight: 400;\">Was Sie am YOUNIQUE TOUCH Foundation Stick lieben werden<\/span><\/h2>\n<ul>\n<li style=\"font-weight: 400;\" aria-level=\"1\"><b>Eine multifunktionale Foundation<\/b><b><br \/>\n<\/b><span style=\"font-weight: 400;\">  Diese Foundation dient als Grundierung, Concealer, Konturierungs- und Retuschierwerkzeug, und das alles mit einem einzigen Produkt. Es macht Ihnen das Leben leichter! <\/span>&nbsp;<\/li>\n<li style=\"font-weight: 400;\" aria-level=\"1\"><b>Eine samtige Textur<\/b><b><br \/>\n<\/b><span style=\"font-weight: 400;\">  Diese Foundation gleitet \u00fcber Ihre Haut, verschmilzt perfekt und hinterl\u00e4sst ein mattes, seidiges Finish. Es gibt keinen schweren Effekt, sondern nur einen nat\u00fcrlichen und strahlenden Teint. <\/span>&nbsp;<\/li>\n<li style=\"font-weight: 400;\" aria-level=\"1\"><b>Modulierbare Deckkraft<\/b><b><br \/>\n<\/b><span style=\"font-weight: 400;\">  Ob Sie einen leichten Effekt oder eine vollst\u00e4ndige Abdeckung w\u00fcnschen, Sie steuern die Intensit\u00e4t nach Ihren Bed\u00fcrfnissen. Ideal, um die Deckkraft an Ihre Stimmung oder Ihren Tag anzupassen. <\/span>&nbsp;<\/li>\n<li style=\"font-weight: 400;\" aria-level=\"1\"><b>Ein nat\u00fcrliches Finish, ohne zu \u00fcbertragen<\/b><b><br \/>\n<\/b><span style=\"font-weight: 400;\">  Seine Formel bleibt stundenlang an Ort und Stelle, ohne zu \u00fcbertragen, selbst unter schwierigen Bedingungen. Sie verschiebt sich nicht und h\u00e4lt Sie den ganzen Tag lang makellos. <\/span>&nbsp;<\/li>\n<li style=\"font-weight: 400;\" aria-level=\"1\"><b>Ein n\u00e4hrendes Produkt f\u00fcr Ihre Haut<\/b><b><br \/>\n<\/b><span style=\"font-weight: 400;\"> Mit Squalan und Camellia Sinensis-Extrakt versorgt es Ihre Haut mit Feuchtigkeit und revitalisiert sie, w\u00e4hrend es eine leichte und angenehme Textur beibeh\u00e4lt.<\/span>&nbsp;<\/li>\n<\/ul>\n<h2><span style=\"font-weight: 400;\">Verf\u00fcgbare Farbt\u00f6ne f\u00fcr den YOUNIQUE TOUCH Foundation Stick<\/span><\/h2>\n<p><span style=\"font-weight: 400;\">Mit dem YOUNIQUE TOUCH Foundation Stick war es noch nie so einfach, Ihren perfekten Farbton zu finden. Mit einer Auswahl an verschiedenen Farbt\u00f6nen finden Sie garantiert die richtige Farbe f\u00fcr Ihren Teint, egal ob Sie einen hellen, mittleren oder tiefen Teint haben.   <\/span><\/p>\n<ul>\n<li style=\"font-weight: 400;\" aria-level=\"1\"><b>Scharlachrot<\/b><span style=\"font-weight: 400;\"> Ideal f\u00fcr helle bis mittlere Hautt\u00f6ne mit einem beigen Unterton.<\/span>&nbsp;<\/li>\n<li style=\"font-weight: 400;\" aria-level=\"1\"><b>T\u00fcll<\/b><span style=\"font-weight: 400;\"> Perfekt f\u00fcr Hautt\u00f6ne mit gelben\/goldenen Untert\u00f6nen.<\/span>&nbsp;<\/li>\n<li style=\"font-weight: 400;\" aria-level=\"1\"><b>Samt<\/b><span style=\"font-weight: 400;\"> Samt: F\u00fcr ein goldenes Finish, das zu warmen und tiefen Hautt\u00f6nen passt.<\/span>&nbsp;<\/li>\n<li style=\"font-weight: 400;\" aria-level=\"1\"><b>Samite<\/b><span style=\"font-weight: 400;\"> Beige : Beigefarbener Farbton f\u00fcr ein weiches Finish, perfekt f\u00fcr neutrale bis helle Haut.<\/span>&nbsp;<\/li>\n<\/ul>\n<h2><span style=\"font-weight: 400;\">Wie trage ich den YOUNIQUE TOUCH Foundation Stick auf?<\/span><\/h2>\n<ul>\n<li style=\"font-weight: 400;\" aria-level=\"1\"><b>F\u00fcr eine leichte Abdeckung :<\/b><b><br \/>\n<\/b><span style=\"font-weight: 400;\">  Tragen Sie die Foundation direkt auf die Mitte Ihres Gesichts auf. Verblenden Sie sie mit dem YOUNIQUE Kabuki-Pinsel sanft nach au\u00dfen. <\/span>&nbsp;<\/li>\n<li style=\"font-weight: 400;\" aria-level=\"1\"><b>F\u00fcr eine mittlere Deckkraft :<\/b><b><br \/>\n<\/b><span style=\"font-weight: 400;\"> Verwenden Sie einen YOUNIQUE Puder-\/Augenringepinsel, um den Puder in kreisenden Bewegungen von der Mitte nach au\u00dfen aufzutragen.<\/span>&nbsp;<\/li>\n<li style=\"font-weight: 400;\" aria-level=\"1\"><b>F\u00fcr eine vollst\u00e4ndige Abdeckung :<\/b><b><br \/>\n<\/b><span style=\"font-weight: 400;\">  Verwenden Sie einen Kabuki-Pinsel, um die Farbe in kleinen Bewegungen aufzutragen und von der Mitte des Gesichts nach au\u00dfen hin zu verblenden. Wiederholen Sie die Anwendung, um die Deckkraft anzupassen. <\/span>&nbsp;<\/li>\n<li style=\"font-weight: 400;\" aria-level=\"1\"><b>F\u00fcr Contouring und Highlighter :<\/b><b><br \/>\n<\/b><span style=\"font-weight: 400;\">  Tragen Sie die helleren T\u00f6ne auf, um zu leuchten und die dunkleren T\u00f6ne, um zu modellieren. Fixieren Sie alles mit dem Basis- und Fixiernebel.   <\/span><b>TOUCH BEHOLD<\/b><span style=\"font-weight: 400;\">.<\/span>&nbsp;<\/li>\n<li style=\"font-weight: 400;\" aria-level=\"1\"><b>F\u00fcr mobile Retuschen :<\/b><b><br \/>\n<\/b><span style=\"font-weight: 400;\">  Verwenden Sie den mitgelieferten ausziehbaren Schwamm f\u00fcr schnelle und praktische Ausbesserungen. Bewahren Sie den Schwamm in dem Fach unter dem Puder auf, um ihn sauber zu halten. <\/span>&nbsp;<\/li>\n<\/ul>\n<p><b>Bestellen Sie jetzt Ihre YOUNIQUE TOUCH Foundation.<\/b><span style=\"font-weight: 400;\"> und entdecken Sie im Handumdrehen einen ebenm\u00e4\u00dfigen und strahlenden Teint.<\/span><\/p>\n<h2><span style=\"font-weight: 400;\">Was die Inhaltsstoffe f\u00fcr Ihre Haut tun<\/span><\/h2>\n<ul>\n<li style=\"font-weight: 400;\" aria-level=\"1\"><b>Squalan<\/b><span style=\"font-weight: 400;\"> Scalp: Versorgt Ihre Haut tiefgehend mit Feuchtigkeit und verleiht ihr ein leichtes und angenehmes Gef\u00fchl.<\/span>&nbsp;<\/li>\n<li style=\"font-weight: 400;\" aria-level=\"1\"><b>Extrakt aus Camellia Sinensis (Gr\u00fcner Tee).<\/b><span style=\"font-weight: 400;\"> Er sch\u00fctzt Ihre Haut vor sch\u00e4dlichen Umwelteinfl\u00fcssen, w\u00e4hrend er Ihren Teint beruhigt und revitalisiert.<\/span>&nbsp;<\/li>\n<li style=\"font-weight: 400;\" aria-level=\"1\"><b>Karit\u00e9-Butter<\/b><span style=\"font-weight: 400;\"> N\u00e4hrt und befeuchtet die Haut und macht sie weich und angenehm.<\/span>&nbsp;<\/li>\n<li style=\"font-weight: 400;\" aria-level=\"1\"><b>Extrakt aus der Wurzel von Panax Ginseng.<\/b><span style=\"font-weight: 400;\"> Hilft, die Haut zu revitalisieren und verleiht ihr eine sofortige gesunde Ausstrahlung.<\/span>&nbsp;<\/li>\n<\/ul>\n<h2><span style=\"font-weight: 400;\">FAQ : YOUNIQUE TOUCH Foundation Stick<\/span><\/h2>\n<ol>\n<li><b>  Hinterl\u00e4sst diese Foundation Spuren auf der Kleidung?<\/b><b><br \/>\n<\/b><span style=\"font-weight: 400;\">  Nein, diese Foundation wurde auf \u00dcbertragungsfreiheit getestet. Sie brauchen sich keine Sorgen \u00fcber Abdr\u00fccke auf Ihrer Kleidung zu machen. <\/span><\/li>\n<li><b>  Kann ich es auf meiner trockenen Haut verwenden, ohne dass es rissig wird?<\/b><b><br \/>\n<\/b><span style=\"font-weight: 400;\">  Ja, er hat eine leichte, feuchtigkeitsspendende Textur, was ihn perfekt f\u00fcr trockene Haut macht, ohne dass er rissig wird.<\/span><\/li>\n<li><b>  Ist diese Foundation f\u00fcr empfindliche Haut geeignet?<\/b><b><br \/>\n<\/b><span style=\"font-weight: 400;\">  Ja, seine parf\u00fcmfreie Formel und seine milden Inhaltsstoffe wie Squalan und Kamille machen ihn ideal f\u00fcr empfindliche Haut.<\/span><\/li>\n<li><b>  Ist diese Foundation komedogen?<\/b><b><br \/>\n<\/b><span style=\"font-weight: 400;\">  Nein, es wurde so formuliert, dass es nicht komedogen ist, was bedeutet, dass es die Poren nicht verstopft und f\u00fcr alle Hauttypen geeignet ist, sogar f\u00fcr die, die am meisten zu Akne neigen.<\/span><\/li>\n<li><b>  Kann ich es auch bei fettiger Haut in den T-Zonen anwenden?<\/b><b><br \/>\n<\/b><span style=\"font-weight: 400;\">  Ja, er wurde entwickelt, um den Glanz und das Erscheinungsbild der Poren zu kontrollieren, insbesondere in den T-Zonen, und er hinterl\u00e4sst den ganzen Tag ein mattes Finish.<\/span><\/li>\n<\/ol>\n<p>&nbsp;<\/p>\n<p><span style=\"font-weight: 400;\">Legen Sie den YOUNIQUE TOUCH Foundation Stick in Ihren Warenkorb und genie\u00dfen Sie einen makellosen, leicht aufzutragenden Teint, der Sie den ganzen Tag begleitet. Sie werden die perfekte Deckkraft und das nat\u00fcrliche Finish lieben! <\/span><\/p>\n","protected":false},"excerpt":{"rendered":"<p><span style=\"font-weight: 400;\">Brauchen Sie eine Foundation, die einfach aufzutragen ist, sich Ihren Bed\u00fcrfnissen anpasst und den ganzen Tag lang makellos bleibt? Die   <\/span><b>YOUNIQUE TOUCH Foundation Stick<\/b><span style=\"font-weight: 400;\">  ist genau daf\u00fcr da. Diese kleine, praktische Gr\u00f6\u00dfe ist ideal f\u00fcr schnelle Korrekturen. Es bietet Ihnen eine mittlere bis volle Deckkraft mit einem samtigen Finish, das Ihren Teint ohne Maskeneffekt versch\u00f6nert.  <\/span><\/p>\n<p><span style=\"font-weight: 400;\">Ich verwende es f\u00fcr alles: <\/span><b>Foundation<\/b><span style=\"font-weight: 400;\">, <\/span><b>Concealer<\/b><span style=\"font-weight: 400;\">, <\/span><b>Ausbesserungen<\/b><span style=\"font-weight: 400;\">Ich kann sogar mein Gesicht modellieren und aufhellen. Mit wenigen Handgriffen k\u00f6nnen Sie in jeder Situation einen perfekten Look kreieren. Er ist praktisch und effektiv und sorgt daf\u00fcr, dass Ihr Teint von morgens bis abends frisch und nat\u00fcrlich aussieht.  <\/span><\/p>\n","protected":false},"featured_media":10796,"comment_status":"open","ping_status":"closed","template":"","meta":{"_seopress_robots_primary_cat":"none","_seopress_titles_title":"","_seopress_titles_desc":"","_seopress_robots_index":"","site-sidebar-layout":"default","site-content-layout":"","ast-site-content-layout":"default","site-content-style":"default","site-sidebar-style":"default","ast-global-header-display":"","ast-banner-title-visibility":"","ast-main-header-display":"","ast-hfb-above-header-display":"","ast-hfb-below-header-display":"","ast-hfb-mobile-header-display":"","site-post-title":"","ast-breadcrumbs-content":"","ast-featured-img":"","footer-sml-layout":"","ast-disable-related-posts":"","theme-transparent-header-meta":"default","adv-header-id-meta":"","stick-header-meta":"","header-above-stick-meta":"","header-main-stick-meta":"","header-below-stick-meta":"","astra-migrate-meta-layouts":"default","ast-page-background-enabled":"default","ast-page-background-meta":{"desktop":{"background-color":"var(--ast-global-color-4)","background-image":"","background-repeat":"repeat","background-position":"center center","background-size":"auto","background-attachment":"scroll","background-type":"","background-media":"","overlay-type":"","overlay-color":"","overlay-opacity":"","overlay-gradient":""},"tablet":{"background-color":"","background-image":"","background-repeat":"repeat","background-position":"center center","background-size":"auto","background-attachment":"scroll","background-type":"","background-media":"","overlay-type":"","overlay-color":"","overlay-opacity":"","overlay-gradient":""},"mobile":{"background-color":"","background-image":"","background-repeat":"repeat","background-position":"center center","background-size":"auto","background-attachment":"scroll","background-type":"","background-media":"","overlay-type":"","overlay-color":"","overlay-opacity":"","overlay-gradient":""}},"ast-content-background-meta":{"desktop":{"background-color":"var(--ast-global-color-5)","background-image":"","background-repeat":"repeat","background-position":"center center","background-size":"auto","background-attachment":"scroll","background-type":"","background-media":"","overlay-type":"","overlay-color":"","overlay-opacity":"","overlay-gradient":""},"tablet":{"background-color":"var(--ast-global-color-5)","background-image":"","background-repeat":"repeat","background-position":"center center","background-size":"auto","background-attachment":"scroll","background-type":"","background-media":"","overlay-type":"","overlay-color":"","overlay-opacity":"","overlay-gradient":""},"mobile":{"background-color":"var(--ast-global-color-5)","background-image":"","background-repeat":"repeat","background-position":"center center","background-size":"auto","background-attachment":"scroll","background-type":"","background-media":"","overlay-type":"","overlay-color":"","overlay-opacity":"","overlay-gradient":""}}},"product_brand":[],"product_cat":[105],"product_tag":[],"class_list":{"0":"post-10788","1":"product","2":"type-product","3":"status-publish","4":"has-post-thumbnail","6":"product_cat-gesicht","7":"desktop-align-left","8":"tablet-align-left","9":"mobile-align-left","11":"first","12":"instock","13":"sale","14":"shipping-taxable","15":"product-type-external"},"_links":{"self":[{"href":"https:\/\/youniquebyemilie.com\/de\/wp-json\/wp\/v2\/product\/10788","targetHints":{"allow":["GET"]}}],"collection":[{"href":"https:\/\/youniquebyemilie.com\/de\/wp-json\/wp\/v2\/product"}],"about":[{"href":"https:\/\/youniquebyemilie.com\/de\/wp-json\/wp\/v2\/types\/product"}],"replies":[{"embeddable":true,"href":"https:\/\/youniquebyemilie.com\/de\/wp-json\/wp\/v2\/comments?post=10788"}],"wp:featuredmedia":[{"embeddable":true,"href":"https:\/\/youniquebyemilie.com\/de\/wp-json\/wp\/v2\/media\/10796"}],"wp:attachment":[{"href":"https:\/\/youniquebyemilie.com\/de\/wp-json\/wp\/v2\/media?parent=10788"}],"wp:term":[{"taxonomy":"product_brand","embeddable":true,"href":"https:\/\/youniquebyemilie.com\/de\/wp-json\/wp\/v2\/product_brand?post=10788"},{"taxonomy":"product_cat","embeddable":true,"href":"https:\/\/youniquebyemilie.com\/de\/wp-json\/wp\/v2\/product_cat?post=10788"},{"taxonomy":"product_tag","embeddable":true,"href":"https:\/\/youniquebyemilie.com\/de\/wp-json\/wp\/v2\/product_tag?post=10788"}],"curies":[{"name":"wp","href":"https:\/\/api.w.org\/{rel}","templated":true}]}}