{"id":10817,"date":"2025-07-24T17:56:11","date_gmt":"2025-07-24T15:56:11","guid":{"rendered":"https:\/\/youniquebyemilie.com\/produit\/illuminator-fusion-younique-touch\/"},"modified":"2025-07-24T17:56:11","modified_gmt":"2025-07-24T15:56:11","slug":"illuminator-fusion-younique-touch","status":"publish","type":"product","link":"https:\/\/youniquebyemilie.com\/de\/produit\/illuminator-fusion-younique-touch\/","title":{"rendered":"Illuminator Fusion YOUNIQUE TOUCH"},"content":{"rendered":"<p><span style=\"font-weight: 400;\">Fr\u00fcher habe ich immer darum gek\u00e4mpft, einen Highlighter zu finden, der nicht zu sehr gl\u00e4nzt oder auff\u00e4llt. Es ist nicht immer einfach, ein Produkt zu finden, das aufhellt, ohne zu beschweren. Aber seit ich es ausprobiert habe  <\/span> <b> der YOUNIQUE TOUCH Fusion Highlighter.<\/b><span style=\"font-weight: 400;\">hat alles ver\u00e4ndert. <\/span><b>Er verschmilzt mit der Haut.<\/b><span style=\"font-weight: 400;\">, <\/span><b>verleiht der Haut einen nat\u00fcrlichen, modulierbaren Glanz.<\/b><span style=\"font-weight: 400;\">Er verleiht dem Teint einen strahlenden Glanz. <\/span><b>und spendet gleichzeitig Feuchtigkeit.<\/b><span style=\"font-weight: 400;\"> Die leichte Textur ist so angenehm, dass ich sie nach dem Auftragen fast vergessen habe.<\/span><\/p>\n<p><span style=\"font-weight: 400;\"><br \/>\n<\/span><span style=\"font-weight: 400;\">Es passt zu jeder Tageszeit, sei es f\u00fcr einen nat\u00fcrlichen Alltagslook oder f\u00fcr ein strahlendes Make-up am Abend. Es ist die Art von Produkt, das sich leicht in Ihre Routine integrieren l\u00e4sst, ohne Kopfzerbrechen, aber mit Ergebnissen, die wirklich einen Unterschied machen. <\/span><\/p>\n<h2><span style=\"font-weight: 400;\">Was Sie an dem YOUNIQUE TOUCH Fusion Enlumineur lieben werden:<\/span><\/h2>\n<ul>\n<li style=\"font-weight: 400;\" aria-level=\"1\"><b>Nat\u00fcrlicher, modulierbarer Glanz<\/b><b><br \/>\n<\/b><span style=\"font-weight: 400;\">  Tragen Sie es auf, wo immer Sie wollen, und w\u00e4hlen Sie die Intensit\u00e4t des Schimmers. Von dezent bis stark, er passt sich Ihrem Stil an und hinterl\u00e4sst ein weiches, strahlendes Finish. <\/span>&nbsp;<\/li>\n<li style=\"font-weight: 400;\" aria-level=\"1\"><b>Einzigartige Technologie f\u00fcr eine glatte und strahlende Haut<\/b><b><br \/>\n<\/b><span style=\"font-weight: 400;\"> Mit der Technologie <\/span><b>Bouncy Wrap<\/b><span style=\"font-weight: 400;\">Mit der Wrap Bounce Technologie verleiht er Ihrer Haut ein glattes Aussehen und einen fesselnden Glanz, w\u00e4hrend er gleichzeitig Unregelm\u00e4\u00dfigkeiten ausgleicht.<\/span>&nbsp;<\/li>\n<li style=\"font-weight: 400;\" aria-level=\"1\"><b>N\u00e4hrende Inhaltsstoffe f\u00fcr Ihre Haut<\/b><b><br \/>\n<\/b> <span style=\"font-weight: 400;\"> Formuliert mit Aloe Vera. <\/span><b>Aloe Vera Butter<\/b><span style=\"font-weight: 400;\"> zur Beruhigung und Befeuchtung, Aloe Vera und Aloe Vera.<\/span><b>Schwarze Johannisbeere-Extrakt<\/b><span style=\"font-weight: 400;\"> f\u00fcr eine aufpolsternde Wirkung und Johanniskraut-Extrakt f\u00fcr eine aufpolsternde Wirkung.<\/span><b>Extrakt aus der Frucht von Evodia Rutaecarpa.<\/b><span style=\"font-weight: 400;\">  um Ihren Teint zu revitalisieren. Es ist nicht nur ein Highlighter, es ist eine Pflege f\u00fcr Ihre Haut! <\/span>&nbsp;<\/li>\n<li style=\"font-weight: 400;\" aria-level=\"1\"><b>Eine leicht aufzutragende und modulierbare Textur<\/b><b><br \/>\n<\/b><span style=\"font-weight: 400;\"> Ob Sie einen F\u00e4cherpinsel oder Ihre Finger zur Hand haben, dieser Highlighter l\u00e4sst sich leicht verblenden und verleiht m\u00fchelos ein perfektes Finish.<\/span>&nbsp;<\/li>\n<\/ul>\n<h2><span style=\"font-weight: 400;\">Die leuchtenden Farbt\u00f6ne des YOUNIQUE TOUCH Fusion Enlumineurs f\u00fcr einen perfekten Teint<\/span><\/h2>\n<p><span style=\"font-weight: 400;\">Mit dem YOUNIQUE TOUCH Fusion Highlighter k\u00f6nnen Sie Ihre Ausstrahlung an Ihre Stimmung und Ihren Hautton anpassen.  <\/span><\/p>\n<ul>\n<li style=\"font-weight: 400;\" aria-level=\"1\"><b>Frosty<\/b><span style=\"font-weight: 400;\">  Wenn Sie ein eisiges, leuchtendes Finish w\u00fcnschen, ist dieser Farbton genau das Richtige f\u00fcr Sie. Der k\u00fchle, durchscheinende Schimmer verleiht einen subtilen, aber markanten Glanz, ideal f\u00fcr einen frischen, nat\u00fcrlichen Look. <\/span>&nbsp;<\/li>\n<li style=\"font-weight: 400;\" aria-level=\"1\"><b>Vergoldet<\/b><span style=\"font-weight: 400;\"> F\u00fcr einen strahlenden, warmen Effekt w\u00e4hlen Sie <\/span><b>Vergoldet<\/b><span style=\"font-weight: 400;\">. Dieser Champagnerton wird Ihr Gesicht aufhellen und Ihnen einen sofortigen Glanz verleihen, mit einem Hauch von Weichheit und Licht.<\/span>&nbsp;<\/li>\n<li style=\"font-weight: 400;\" aria-level=\"1\"><b>Blushing<\/b><span style=\"font-weight: 400;\"> Wenn Sie einen frischen und subtilen Effekt erzielen m\u00f6chten, <\/span><b>Blushing<\/b><span style=\"font-weight: 400;\">  ist der perfekte Farbton. Der k\u00fchle rosafarbene Schimmer gibt ein zartes, weiches Licht, das Ihren Teint betont und dabei nat\u00fcrlich wirkt. <\/span>&nbsp;<\/li>\n<li style=\"font-weight: 400;\" aria-level=\"1\"><b>Gebr\u00e4unt<\/b><span style=\"font-weight: 400;\"> F\u00fcr einen sonnigen, gebr\u00e4unten Teint, <\/span><b>Gebr\u00e4unt<\/b><span style=\"font-weight: 400;\">  ist die ideale Wahl. Der warme, sonnige Glanz verleiht Ihnen einen goldenen, leuchtenden Look, der bereit ist, im Scheinwerferlicht zu gl\u00e4nzen. <\/span>&nbsp;<\/li>\n<\/ul>\n<h2><span style=\"font-weight: 400;\">Wie trage ich den YOUNIQUE TOUCH Fusion Enlumineur auf?<\/span><\/h2>\n<ul>\n<li style=\"font-weight: 400;\" aria-level=\"1\"><b>F\u00fcr einen sanften Schimmer :<\/b><b><br \/>\n<\/b><span style=\"font-weight: 400;\"> Tragen Sie den Highlighter auf die markanten Punkte Ihres Gesichts auf: <\/span><b>Augenbrauenbogen, Amorbogen, Wangenknochen.<\/b><span style=\"font-weight: 400;\"> und verblenden Sie leicht.<\/span>&nbsp;<\/li>\n<li style=\"font-weight: 400;\" aria-level=\"1\"><b>F\u00fcr einen st\u00e4rkeren Glanz :<\/b><b><br \/>\n<\/b><span style=\"font-weight: 400;\"> Betonen Sie die Bereiche, die Sie hervorheben m\u00f6chten, wie die <\/span><b>Wangenknochen <\/b><span style=\"font-weight: 400;\">und <\/span><b>den Nasenr\u00fccken.<\/b><span style=\"font-weight: 400;\">Verblenden Sie f\u00fcr einen strahlenden und modellierten Effekt.<\/span>&nbsp;<\/li>\n<li style=\"font-weight: 400;\" aria-level=\"1\"><b>F\u00fcr einen subtilen Hauch von Licht :<\/b><b><br \/>\n<\/b><span style=\"font-weight: 400;\"> Tragen Sie es auf Ihre Schultern oder Schl\u00fcsselbeine auf, um einen zarten, globalen Schimmer zu erhalten, der Sie von Kopf bis Fu\u00df zum Strahlen bringt.<\/span>&nbsp;<\/li>\n<\/ul>\n<p><span style=\"font-weight: 400;\">Erhellen Sie Ihr Gesicht mit dem YOUNIQUE TOUCH Fusion Highlighter und verwandeln Sie Ihr Make-up im Handumdrehen. Bestellen Sie jetzt f\u00fcr den perfekten Glow! <\/span><\/p>\n<h2><span style=\"font-weight: 400;\">Die wichtigsten Inhaltsstoffe und ihre Vorteile  <\/span><\/h2>\n<ul>\n<li style=\"font-weight: 400;\" aria-level=\"1\"><b>Natriumhyaluronat<\/b><span style=\"font-weight: 400;\"> Hyalurons\u00e4ure: Sie verleiht Ihnen eine glattere und ebenm\u00e4\u00dfigere Haut, die sofort strahlt.<\/span>&nbsp;<\/li>\n<li style=\"font-weight: 400;\" aria-level=\"1\"><b>Schwarze Johannisbeere<\/b><span style=\"font-weight: 400;\"> N\u00e4hrend und aufpolsternd f\u00fcr einen frischen und revitalisierenden Effekt.<\/span>&nbsp;<\/li>\n<li style=\"font-weight: 400;\" aria-level=\"1\"><b>Aloe Vera Butter<\/b><span style=\"font-weight: 400;\"> Beruhigt die Haut und versorgt sie mit Feuchtigkeit, so dass sie sich den ganzen Tag \u00fcber angenehm anf\u00fchlt.<\/span>&nbsp;<\/li>\n<li style=\"font-weight: 400;\" aria-level=\"1\"><b>Extrakt aus Evodia Rutaecarpa<\/b><span style=\"font-weight: 400;\"> Eucalyptus: Revitalisiert Ihren Teint und verleiht Ihnen einen strahlenden und lang anhaltenden Glanz.<\/span>&nbsp;<\/li>\n<\/ul>\n<h2><span style=\"font-weight: 400;\">FAQ : Fusion-Highlighter YOUNIQUE TOUCH<\/span><\/h2>\n<ol>\n<li><b>  Ist diese Foundation f\u00fcr alle Hauttypen geeignet?<\/b><b><br \/>\n<\/b><span style=\"font-weight: 400;\">  Ja, er ist so konzipiert, dass er sich allen Hauttypen anpasst und eine modulierbare Abdeckung und ein nat\u00fcrliches Finish bietet, egal ob es sich um trockene, normale oder fettige Haut handelt.<\/span><\/li>\n<li><b>  Kontrolliert diese Foundation den Glanz?<\/b><b><br \/>\n<\/b><span style=\"font-weight: 400;\">  Ja, es hilft, den Glanz zu kontrollieren und gleichzeitig einen frischen und strahlenden Teint zu erhalten, was es zu einer ausgezeichneten Wahl f\u00fcr Mischhaut bis fettige Haut macht.<\/span><\/li>\n<li><b>  Ist diese Foundation langlebig?<\/b><b><br \/>\n<\/b><span style=\"font-weight: 400;\">  Ja, die langanhaltende Formel sorgt f\u00fcr eine makellose Deckkraft bis zu 12 Stunden, ohne dass sich das Make-up \u00fcbertr\u00e4gt oder abnimmt.<\/span><\/li>\n<li><b>  Ist diese Foundation dermatologisch getestet?<\/b><b><br \/>\n<\/b><span style=\"font-weight: 400;\">  Ja, es wurde dermatologisch getestet, um sicherzustellen, dass es sanft und wirksam ist, selbst bei empfindlichster Haut.<\/span><\/li>\n<li><b>  Kann ich diese Foundation auch zum Konturieren verwenden?<\/b><b><br \/>\n<\/b><span style=\"font-weight: 400;\">  Ja, Sie k\u00f6nnen die dunkleren Farbt\u00f6ne verwenden, um Ihr Gesicht zu formen, und die helleren Farbt\u00f6ne, um es aufzuhellen.<\/span><\/li>\n<\/ol>\n<p>&nbsp;<\/p>\n<p><span style=\"font-weight: 400;\">M\u00f6chten Sie einen sofortigen, nat\u00fcrlichen Glanz? Bestellen Sie jetzt Ihren YOUNIQUE TOUCH Fusion Enlumineur und enth\u00fcllen Sie Ihre Sch\u00f6nheit mit einem perfekten, modulierbaren Licht! <\/span><\/p>\n<p>&nbsp;<\/p>\n","protected":false},"excerpt":{"rendered":"<p><span style=\"font-weight: 400;\">Fr\u00fcher habe ich immer darum gek\u00e4mpft, einen Highlighter zu finden, der nicht zu sehr gl\u00e4nzt oder auff\u00e4llt. Es ist nicht immer einfach, ein Produkt zu finden, das aufhellt, ohne zu beschweren. Aber seit ich es ausprobiert habe  <\/span> <b> der YOUNIQUE TOUCH Fusion Highlighter.<\/b><span style=\"font-weight: 400;\">hat alles ver\u00e4ndert. <\/span><b>Er verschmilzt mit der Haut.<\/b><span style=\"font-weight: 400;\">, <\/span><b>verleiht der Haut einen nat\u00fcrlichen, modulierbaren Glanz.<\/b><span style=\"font-weight: 400;\">Er verleiht dem Teint einen strahlenden Glanz. <\/span><b>und spendet gleichzeitig Feuchtigkeit.<\/b><span style=\"font-weight: 400;\"> Die leichte Textur ist so angenehm, dass ich sie nach dem Auftragen fast vergessen habe.<\/span><\/p>\n<p><span style=\"font-weight: 400;\"><br \/>\n<\/span><span style=\"font-weight: 400;\">Es passt zu jeder Tageszeit, sei es f\u00fcr einen nat\u00fcrlichen Alltagslook oder f\u00fcr ein strahlendes Make-up am Abend. Es ist die Art von Produkt, das sich leicht in Ihre Routine integrieren l\u00e4sst, ohne Kopfzerbrechen, aber mit Ergebnissen, die wirklich einen Unterschied machen. <\/span><\/p>\n","protected":false},"featured_media":10821,"comment_status":"open","ping_status":"closed","template":"","meta":{"_seopress_robots_primary_cat":"none","_seopress_titles_title":"","_seopress_titles_desc":"","_seopress_robots_index":"","site-sidebar-layout":"default","site-content-layout":"","ast-site-content-layout":"default","site-content-style":"default","site-sidebar-style":"default","ast-global-header-display":"","ast-banner-title-visibility":"","ast-main-header-display":"","ast-hfb-above-header-display":"","ast-hfb-below-header-display":"","ast-hfb-mobile-header-display":"","site-post-title":"","ast-breadcrumbs-content":"","ast-featured-img":"","footer-sml-layout":"","ast-disable-related-posts":"","theme-transparent-header-meta":"default","adv-header-id-meta":"","stick-header-meta":"","header-above-stick-meta":"","header-main-stick-meta":"","header-below-stick-meta":"","astra-migrate-meta-layouts":"default","ast-page-background-enabled":"default","ast-page-background-meta":{"desktop":{"background-color":"var(--ast-global-color-4)","background-image":"","background-repeat":"repeat","background-position":"center center","background-size":"auto","background-attachment":"scroll","background-type":"","background-media":"","overlay-type":"","overlay-color":"","overlay-opacity":"","overlay-gradient":""},"tablet":{"background-color":"","background-image":"","background-repeat":"repeat","background-position":"center center","background-size":"auto","background-attachment":"scroll","background-type":"","background-media":"","overlay-type":"","overlay-color":"","overlay-opacity":"","overlay-gradient":""},"mobile":{"background-color":"","background-image":"","background-repeat":"repeat","background-position":"center center","background-size":"auto","background-attachment":"scroll","background-type":"","background-media":"","overlay-type":"","overlay-color":"","overlay-opacity":"","overlay-gradient":""}},"ast-content-background-meta":{"desktop":{"background-color":"var(--ast-global-color-5)","background-image":"","background-repeat":"repeat","background-position":"center center","background-size":"auto","background-attachment":"scroll","background-type":"","background-media":"","overlay-type":"","overlay-color":"","overlay-opacity":"","overlay-gradient":""},"tablet":{"background-color":"var(--ast-global-color-5)","background-image":"","background-repeat":"repeat","background-position":"center center","background-size":"auto","background-attachment":"scroll","background-type":"","background-media":"","overlay-type":"","overlay-color":"","overlay-opacity":"","overlay-gradient":""},"mobile":{"background-color":"var(--ast-global-color-5)","background-image":"","background-repeat":"repeat","background-position":"center center","background-size":"auto","background-attachment":"scroll","background-type":"","background-media":"","overlay-type":"","overlay-color":"","overlay-opacity":"","overlay-gradient":""}}},"product_brand":[],"product_cat":[105],"product_tag":[],"class_list":{"0":"post-10817","1":"product","2":"type-product","3":"status-publish","4":"has-post-thumbnail","6":"product_cat-gesicht","7":"desktop-align-left","8":"tablet-align-left","9":"mobile-align-left","11":"first","12":"instock","13":"sale","14":"shipping-taxable","15":"product-type-external"},"_links":{"self":[{"href":"https:\/\/youniquebyemilie.com\/de\/wp-json\/wp\/v2\/product\/10817","targetHints":{"allow":["GET"]}}],"collection":[{"href":"https:\/\/youniquebyemilie.com\/de\/wp-json\/wp\/v2\/product"}],"about":[{"href":"https:\/\/youniquebyemilie.com\/de\/wp-json\/wp\/v2\/types\/product"}],"replies":[{"embeddable":true,"href":"https:\/\/youniquebyemilie.com\/de\/wp-json\/wp\/v2\/comments?post=10817"}],"wp:featuredmedia":[{"embeddable":true,"href":"https:\/\/youniquebyemilie.com\/de\/wp-json\/wp\/v2\/media\/10821"}],"wp:attachment":[{"href":"https:\/\/youniquebyemilie.com\/de\/wp-json\/wp\/v2\/media?parent=10817"}],"wp:term":[{"taxonomy":"product_brand","embeddable":true,"href":"https:\/\/youniquebyemilie.com\/de\/wp-json\/wp\/v2\/product_brand?post=10817"},{"taxonomy":"product_cat","embeddable":true,"href":"https:\/\/youniquebyemilie.com\/de\/wp-json\/wp\/v2\/product_cat?post=10817"},{"taxonomy":"product_tag","embeddable":true,"href":"https:\/\/youniquebyemilie.com\/de\/wp-json\/wp\/v2\/product_tag?post=10817"}],"curies":[{"name":"wp","href":"https:\/\/api.w.org\/{rel}","templated":true}]}}