{"id":10834,"date":"2025-07-26T15:44:11","date_gmt":"2025-07-26T13:44:11","guid":{"rendered":"https:\/\/youniquebyemilie.com\/produit\/younique-touch-complexion-kompaktpuder-foundation\/"},"modified":"2025-07-26T15:44:11","modified_gmt":"2025-07-26T13:44:11","slug":"younique-touch-complexion-kompaktpuder-foundation","status":"publish","type":"product","link":"https:\/\/youniquebyemilie.com\/de\/produit\/younique-touch-complexion-kompaktpuder-foundation\/","title":{"rendered":"YOUNIQUE TOUCH Complexion+ Kompaktpuder-Foundation"},"content":{"rendered":"<p><span style=\"font-weight: 400;\">Suchen Sie eine Foundation, die einfach aufzutragen ist, nat\u00fcrlich aussieht und eine hervorragende Deckkraft hat? Die   <\/span><b>Grundierung Kompaktpuder YOUNIQUE TOUCH Complexion+<\/b><span style=\"font-weight: 400;\">  ist genau das, was Sie brauchen. Mit seiner talkumfreien Formel und dem kompakten Applikator haben Sie Ihr Make-up immer und \u00fcberall unter Kontrolle. Er gleicht Unregelm\u00e4\u00dfigkeiten aus, mattiert Ihre Haut und garantiert Ihnen einen langen Halt.  <\/span><b>  bis zu 12 Stunden<\/b><span style=\"font-weight: 400;\">. Und das Beste daran ist, dass er nicht \u00fcbertr\u00e4gt!<\/span><\/p>\n<h2><span style=\"font-weight: 400;\">Was Sie an der YOUNIQUE TOUCH Complexion+ Kompaktpuder-Foundation lieben werden<\/span><\/h2>\n<ul>\n<li style=\"font-weight: 400;\" aria-level=\"1\"><b>Eine leichte und angenehme Textur<\/b><b><br \/>\n<\/b><span style=\"font-weight: 400;\">  Sie werden es lieben, wie diese Foundation sich perfekt mit Ihrer Haut verbindet, ohne maskenhaft zu wirken. Sie hinterl\u00e4sst ein mattes, seidiges Finish und f\u00fchlt sich den ganzen Tag \u00fcber angenehm an. <\/span>&nbsp;<\/li>\n<li style=\"font-weight: 400;\" aria-level=\"1\"><b>Vollst\u00e4ndige Abdeckung<\/b><b><br \/>\n<\/b><span style=\"font-weight: 400;\">  Sie erhalten eine perfekte Abdeckung von Unregelm\u00e4\u00dfigkeiten mit einem gleichm\u00e4\u00dfigen, strahlenden und nat\u00fcrlichen Teint. Keine unregelm\u00e4\u00dfigen Stellen mehr, nur noch ein makelloser Teint. <\/span>&nbsp;<\/li>\n<li style=\"font-weight: 400;\" aria-level=\"1\"><b>Ein mattes Finish, das den Glanz kontrolliert<\/b><b><br \/>\n<\/b><span style=\"font-weight: 400;\">  Seine Formel hilft Ihnen, das Erscheinungsbild der Poren zu reduzieren und den Glanz zu kontrollieren. Das Ergebnis ist ein makelloses Make-up ohne Nachbesserungen und ein matter Teint den ganzen Tag lang. <\/span>&nbsp;<\/li>\n<li style=\"font-weight: 400;\" aria-level=\"1\"><b>Langanhaltender Halt<\/b><b><br \/>\n<\/b><span style=\"font-weight: 400;\">  Sie m\u00fcssen sich keine Sorgen mehr um das Nachziehen machen! Diese Foundation bleibt bis zu 12 Stunden an Ort und Stelle, selbst unter schwierigen Bedingungen, ohne zu \u00fcbertragen oder zu verblassen. <\/span>&nbsp;<\/li>\n<\/ul>\n<h2><span style=\"font-weight: 400;\">Verf\u00fcgbare Farbt\u00f6ne f\u00fcr YOUNIQUE TOUCH Complexion+ Compact Powder Foundation<\/span><\/h2>\n<p><span style=\"font-weight: 400;\">Die <\/span><b>YOUNIQUE TOUCH Complexion+ Kompaktpuder-Foundation<\/b><span style=\"font-weight: 400;\"> erm\u00f6glicht es Ihnen, Ihren Teint mit einer breiten Palette von Farbt\u00f6nen perfekt zu personalisieren. <\/span><b>27 Farbt\u00f6ne<\/b><span style=\"font-weight: 400;\">. Ob Sie nun ein strahlendes oder ein nat\u00fcrliches Finish suchen, Sie werden auf jeden Fall die Farbe finden, die Ihr Gesicht unterstreicht. Hier ist eine \u00dcbersicht der verf\u00fcgbaren Farbt\u00f6ne, die Ihnen helfen, Ihre nat\u00fcrliche Ausstrahlung zu zeigen: <\/span><\/p>\n<ul>\n<li style=\"font-weight: 400;\" aria-level=\"1\"><b>Scharlachrot<\/b><span style=\"font-weight: 400;\"> F\u00fcr einen perfekten Beigeton, ideal f\u00fcr helle bis mittlere Haut mit einem k\u00fchlen Unterton.<\/span>&nbsp;<\/li>\n<li style=\"font-weight: 400;\" aria-level=\"1\"><b>T\u00fcll<\/b><span style=\"font-weight: 400;\"> Gold: Ein Hauch von Gold, der neutrale Hautt\u00f6ne aufhellt und ihr Frische und Ausstrahlung verleiht.<\/span>&nbsp;<\/li>\n<li style=\"font-weight: 400;\" aria-level=\"1\"><b>Spitze<\/b><span style=\"font-weight: 400;\"> Eine subtile Mischung aus Gelb und Pfirsich, die Ihrer Haut einen weichen und nat\u00fcrlichen Glanz verleiht.<\/span>&nbsp;<\/li>\n<li style=\"font-weight: 400;\" aria-level=\"1\"><b>Organza<\/b><span style=\"font-weight: 400;\"> Rosa- oder Blaut\u00f6ne w\u00e4rmen k\u00fchlere Haut und verleihen ihr eine frische Ausstrahlung.<\/span>&nbsp;<\/li>\n<li style=\"font-weight: 400;\" aria-level=\"1\"><b>Velvet<\/b><span style=\"font-weight: 400;\"> Ein goldenes Finish, perfekt f\u00fcr Haut mit einem warmen Unterton, ideal f\u00fcr einen strahlenden, aber nat\u00fcrlichen Effekt.<\/span>&nbsp;<\/li>\n<li style=\"font-weight: 400;\" aria-level=\"1\"><b>Taffetas<\/b><span style=\"font-weight: 400;\"> Ein pfirsichgelber Farbton, der w\u00e4rmere Hautt\u00f6ne aufhellt, um ein strahlendes und harmonisches Ergebnis zu erzielen.<\/span>&nbsp;<\/li>\n<li style=\"font-weight: 400;\" aria-level=\"1\"><b>Nelke<\/b><span style=\"font-weight: 400;\"> Beige mit einem Hauch von Gelb f\u00fcr ein weiches und subtiles Finish, ideal f\u00fcr leichtes Make-up.<\/span>&nbsp;<\/li>\n<li style=\"font-weight: 400;\" aria-level=\"1\"><b>Mousseline<\/b><span style=\"font-weight: 400;\"> Eine rosafarbene Nuance, die die Haut aufweckt, perfekt f\u00fcr einen frischen und strahlenden Teint.<\/span>&nbsp;<\/li>\n<li style=\"font-weight: 400;\" aria-level=\"1\"><b>Leinen<\/b><span style=\"font-weight: 400;\"> Beige: Ein leicht olivfarbenes Beige, das f\u00fcr tiefere Hautt\u00f6ne geeignet ist und W\u00e4rme und Tiefe verleiht.<\/span>&nbsp;<\/li>\n<li style=\"font-weight: 400;\" aria-level=\"1\"><b>Satin<\/b><span style=\"font-weight: 400;\"> Pfirsichgelb, ein leuchtender Farbton f\u00fcr einen strahlenden und nat\u00fcrlichen Teint.<\/span>&nbsp;<\/li>\n<li style=\"font-weight: 400;\" aria-level=\"1\"><b>Khaki<\/b><span style=\"font-weight: 400;\"> Goldbeige: Ein goldener Beigeton, der Haut mit warmen Untert\u00f6nen betont, perfekt f\u00fcr einen anspruchsvollen Look.<\/span>&nbsp;<\/li>\n<li style=\"font-weight: 400;\" aria-level=\"1\"><b>Kaschmir<\/b><span style=\"font-weight: 400;\"> Beige mit einem Hauch von Rosa, ideal f\u00fcr helle bis mittlere Hautt\u00f6ne mit k\u00fchlen Untert\u00f6nen.<\/span>&nbsp;<\/li>\n<li style=\"font-weight: 400;\" aria-level=\"1\"><b>Challis<\/b><span style=\"font-weight: 400;\"> Beige mit einem Hauch von Pfirsich, perfekt f\u00fcr einen strahlenden und ebenm\u00e4\u00dfigen Teint.<\/span>&nbsp;<\/li>\n<li style=\"font-weight: 400;\" aria-level=\"1\"><b>Samt<\/b><span style=\"font-weight: 400;\"> Ein weiterer Goldton, der ideal ist, um den nat\u00fcrlichen Glanz w\u00e4rmerer Haut zu betonen.<\/span>&nbsp;<\/li>\n<li style=\"font-weight: 400;\" aria-level=\"1\"><b>Charmeuse<\/b><span style=\"font-weight: 400;\"> : Beige, perfekt f\u00fcr ein weiches, mattes Finish, das zu allen neutralen Hautt\u00f6nen passt.<\/span>&nbsp;<\/li>\n<\/ul>\n<p><span style=\"font-weight: 400;\">Mit dieser Palette k\u00f6nnen Sie die Intensit\u00e4t und die Leuchtkraft Ihres Teints auf Ihre Weise steuern. Jeder Farbton ist so konzipiert, dass er perfekt zu Ihrem Hautton und Ihrem Stil passt. <\/span><\/p>\n<p>&nbsp;<\/p>\n<h2><span style=\"font-weight: 400;\">Wie trage ich meine YOUNIQUE TOUCH Complexion+ Kompaktpuder-Foundation auf?<\/span><\/h2>\n<h3><span style=\"font-weight: 400;\">F\u00fcr eine leichte Abdeckung :<\/span><\/h3>\n<ol>\n<li style=\"font-weight: 400;\" aria-level=\"1\"><span style=\"font-weight: 400;\">Nehmen Sie den <\/span><b>Fixierpuderpinsel YOUNIQUE<\/b><span style=\"font-weight: 400;\">.<\/span>&nbsp;<\/li>\n<li style=\"font-weight: 400;\" aria-level=\"1\"><span style=\"font-weight: 400;\">Verblenden Sie den Puder mit Wischbewegungen von der Mitte des Gesichts nach au\u00dfen.<\/span>&nbsp;<\/li>\n<\/ol>\n<h3><span style=\"font-weight: 400;\">F\u00fcr eine leichte bis mittlere Deckung :<\/span><\/h3>\n<ol>\n<li style=\"font-weight: 400;\" aria-level=\"1\"><span style=\"font-weight: 400;\">Verwenden Sie den <\/span><b>YOUNIQUE Puder- und Concealerpinsel<\/b><span style=\"font-weight: 400;\">.<\/span>&nbsp;<\/li>\n<li style=\"font-weight: 400;\" aria-level=\"1\"><span style=\"font-weight: 400;\">Tragen Sie den Puder von der Mitte des Gesichts aus auf und verblenden Sie ihn in kreisenden Bewegungen nach au\u00dfen.<\/span>&nbsp;<\/li>\n<\/ol>\n<h3><span style=\"font-weight: 400;\">F\u00fcr eine vollst\u00e4ndige Abdeckung :<\/span><\/h3>\n<ol>\n<li style=\"font-weight: 400;\" aria-level=\"1\"><span style=\"font-weight: 400;\">Verwendet den <\/span><b>YOUNIQUE Kabuki-Pinsel.<\/b><span style=\"font-weight: 400;\"> und tragen Sie den Puder mit kleinen Bewegungen auf.<\/span>&nbsp;<\/li>\n<li style=\"font-weight: 400;\" aria-level=\"1\"><span style=\"font-weight: 400;\">Beginnen Sie in der Mitte des Gesichts und verblenden Sie nach au\u00dfen. Wiederholen Sie diesen Vorgang, um die Abdeckung anzupassen. <\/span>&nbsp;<\/li>\n<\/ol>\n<h3><span style=\"font-weight: 400;\">F\u00fcr Aufheller und Konturierung :<\/span><\/h3>\n<ol>\n<li style=\"font-weight: 400;\" aria-level=\"1\"><span style=\"font-weight: 400;\">Verwenden Sie hellere T\u00f6ne zum Aufhellen und dunklere T\u00f6ne, um Ihr Gesicht zu modellieren.<\/span>&nbsp;<\/li>\n<li style=\"font-weight: 400;\" aria-level=\"1\"><span style=\"font-weight: 400;\">Fixiert das Make-up mit dem Basis- und Fixiernebel. <\/span><b>TOUCH BEHOLD<\/b><span style=\"font-weight: 400;\">.<\/span>&nbsp;<\/li>\n<\/ol>\n<h3><span style=\"font-weight: 400;\">F\u00fcr mobile Retuschen :<\/span><\/h3>\n<ol>\n<li style=\"font-weight: 400;\" aria-level=\"1\"><span style=\"font-weight: 400;\">Benutzen Sie den<\/span><b>einziehbarer Schwamm<\/b><span style=\"font-weight: 400;\"> f\u00fcr schnelle Ausbesserungen.<\/span>&nbsp;<\/li>\n<li style=\"font-weight: 400;\" aria-level=\"1\"><span style=\"font-weight: 400;\">Legen Sie den Schwamm in das Fach unter dem Puder, um ihn vor Verunreinigungen zu sch\u00fctzen.<\/span>&nbsp;<\/li>\n<\/ol>\n<h2><span style=\"font-weight: 400;\">Die wichtigsten Inhaltsstoffe und ihre Vorteile<\/span><\/h2>\n<ul>\n<li style=\"font-weight: 400;\" aria-level=\"1\"><b>Natriumhyaluronat<\/b><span style=\"font-weight: 400;\"> Es gl\u00e4ttet die Haut und verleiht ihr ein ebenm\u00e4\u00dfiges Aussehen und verbessert den Feuchtigkeitsgehalt.<\/span>&nbsp;<\/li>\n<li style=\"font-weight: 400;\" aria-level=\"1\"><b>Kaolin<\/b><span style=\"font-weight: 400;\"> Es reduziert das Erscheinungsbild von feinen Linien und Poren und sorgt f\u00fcr eine glattere und ebenm\u00e4\u00dfigere Haut.<\/span>&nbsp;<\/li>\n<li style=\"font-weight: 400;\" aria-level=\"1\"><b>Karit\u00e9-Butter<\/b><span style=\"font-weight: 400;\"> Sheabutter: Sie n\u00e4hrt und befeuchtet Ihre Haut tiefgreifend, so dass sie sich sofort angenehm und weich anf\u00fchlt.<\/span>&nbsp;<\/li>\n<li style=\"font-weight: 400;\" aria-level=\"1\"><b>Kamille<\/b><span style=\"font-weight: 400;\"> Kamille: Sie beruhigt Ihre Haut und sch\u00fctzt sie mit ihren antioxidativen Eigenschaften vor sch\u00e4dlichen Umwelteinfl\u00fcssen.<\/span>&nbsp;<\/li>\n<li style=\"font-weight: 400;\" aria-level=\"1\"><b>Fein gemahlene Kieselerde<\/b><span style=\"font-weight: 400;\"> Es streut das Licht f\u00fcr ein makelloses Finish und einen weichen, nat\u00fcrlichen Teint.<\/span><\/li>\n<\/ul>\n<p>&nbsp;<\/p>\n<h2><span style=\"font-weight: 400;\">FAQ : YOUNIQUE TOUCH Complexion+ Kompaktpuder-Foundation<\/span><\/h2>\n<ol>\n<li><b>  Ist diese Foundation f\u00fcr fettige Haut geeignet?<\/b><b><br \/>\n<\/b><span style=\"font-weight: 400;\">  Ja, er hilft, den Glanz durch seine mattierenden Eigenschaften zu kontrollieren, was ihn ideal f\u00fcr Mischhaut und fettige Haut macht.<\/span><\/li>\n<li><b>  Hat diese Foundation einen Duft?<\/b><b><br \/>\n<\/b><span style=\"font-weight: 400;\">  Nein, er ist parf\u00fcmfrei, was perfekt f\u00fcr empfindliche Haut ist.<\/span><\/li>\n<li><b>  Wie lange bleibt die Foundation an Ort und Stelle?<\/b><b><br \/>\n<\/b><span style=\"font-weight: 400;\">  Es bleibt bis zu 12 Stunden lang makellos, ohne zu \u00fcbertragen oder zu verblassen, selbst unter schwierigen Bedingungen.<\/span><\/li>\n<li><b>  Ist es leicht aufzutragen?<\/b><b><br \/>\n<\/b><span style=\"font-weight: 400;\">  Ja, dank seiner leichten Textur und des praktischen Applikators l\u00e4sst er sich leicht auftragen und verschmilzt perfekt mit der Haut.<\/span><\/li>\n<\/ol>\n<p><span style=\"font-weight: 400;\">Verleiht Ihrem Teint den ganzen Tag \u00fcber einen nat\u00fcrlichen, matten Glanz. Bestellen Sie noch heute Ihre YOUNIQUE TOUCH Complexion+ Kompaktpuder-Foundation und genie\u00dfen Sie eine makellose Deckkraft und eine gen\u00e4hrte und gesch\u00fctzte Haut! <\/span><\/p>\n<p>&nbsp;<\/p>\n","protected":false},"excerpt":{"rendered":"<p><span style=\"font-weight: 400;\">Suchen Sie eine Foundation, die einfach aufzutragen ist, nat\u00fcrlich aussieht und eine hervorragende Deckkraft hat? Die   <\/span><b>Grundierung Kompaktpuder YOUNIQUE TOUCH Complexion+<\/b><span style=\"font-weight: 400;\">  ist genau das, was Sie brauchen. Mit seiner talkumfreien Formel und dem kompakten Applikator haben Sie Ihr Make-up immer und \u00fcberall unter Kontrolle. Er gleicht Unregelm\u00e4\u00dfigkeiten aus, mattiert Ihre Haut und garantiert Ihnen einen langen Halt.  <\/span><b>  bis zu 12 Stunden<\/b><span style=\"font-weight: 400;\">. Und das Beste daran ist, dass er nicht \u00fcbertr\u00e4gt!<\/span><\/p>\n","protected":false},"featured_media":10839,"comment_status":"open","ping_status":"closed","template":"","meta":{"_seopress_robots_primary_cat":"none","_seopress_titles_title":"","_seopress_titles_desc":"","_seopress_robots_index":"","site-sidebar-layout":"default","site-content-layout":"","ast-site-content-layout":"default","site-content-style":"default","site-sidebar-style":"default","ast-global-header-display":"","ast-banner-title-visibility":"","ast-main-header-display":"","ast-hfb-above-header-display":"","ast-hfb-below-header-display":"","ast-hfb-mobile-header-display":"","site-post-title":"","ast-breadcrumbs-content":"","ast-featured-img":"","footer-sml-layout":"","ast-disable-related-posts":"","theme-transparent-header-meta":"default","adv-header-id-meta":"","stick-header-meta":"","header-above-stick-meta":"","header-main-stick-meta":"","header-below-stick-meta":"","astra-migrate-meta-layouts":"default","ast-page-background-enabled":"default","ast-page-background-meta":{"desktop":{"background-color":"var(--ast-global-color-4)","background-image":"","background-repeat":"repeat","background-position":"center center","background-size":"auto","background-attachment":"scroll","background-type":"","background-media":"","overlay-type":"","overlay-color":"","overlay-opacity":"","overlay-gradient":""},"tablet":{"background-color":"","background-image":"","background-repeat":"repeat","background-position":"center center","background-size":"auto","background-attachment":"scroll","background-type":"","background-media":"","overlay-type":"","overlay-color":"","overlay-opacity":"","overlay-gradient":""},"mobile":{"background-color":"","background-image":"","background-repeat":"repeat","background-position":"center center","background-size":"auto","background-attachment":"scroll","background-type":"","background-media":"","overlay-type":"","overlay-color":"","overlay-opacity":"","overlay-gradient":""}},"ast-content-background-meta":{"desktop":{"background-color":"var(--ast-global-color-5)","background-image":"","background-repeat":"repeat","background-position":"center center","background-size":"auto","background-attachment":"scroll","background-type":"","background-media":"","overlay-type":"","overlay-color":"","overlay-opacity":"","overlay-gradient":""},"tablet":{"background-color":"var(--ast-global-color-5)","background-image":"","background-repeat":"repeat","background-position":"center center","background-size":"auto","background-attachment":"scroll","background-type":"","background-media":"","overlay-type":"","overlay-color":"","overlay-opacity":"","overlay-gradient":""},"mobile":{"background-color":"var(--ast-global-color-5)","background-image":"","background-repeat":"repeat","background-position":"center center","background-size":"auto","background-attachment":"scroll","background-type":"","background-media":"","overlay-type":"","overlay-color":"","overlay-opacity":"","overlay-gradient":""}}},"product_brand":[],"product_cat":[105],"product_tag":[],"class_list":{"0":"post-10834","1":"product","2":"type-product","3":"status-publish","4":"has-post-thumbnail","6":"product_cat-gesicht","7":"desktop-align-left","8":"tablet-align-left","9":"mobile-align-left","11":"first","12":"instock","13":"sale","14":"shipping-taxable","15":"product-type-external"},"_links":{"self":[{"href":"https:\/\/youniquebyemilie.com\/de\/wp-json\/wp\/v2\/product\/10834","targetHints":{"allow":["GET"]}}],"collection":[{"href":"https:\/\/youniquebyemilie.com\/de\/wp-json\/wp\/v2\/product"}],"about":[{"href":"https:\/\/youniquebyemilie.com\/de\/wp-json\/wp\/v2\/types\/product"}],"replies":[{"embeddable":true,"href":"https:\/\/youniquebyemilie.com\/de\/wp-json\/wp\/v2\/comments?post=10834"}],"wp:featuredmedia":[{"embeddable":true,"href":"https:\/\/youniquebyemilie.com\/de\/wp-json\/wp\/v2\/media\/10839"}],"wp:attachment":[{"href":"https:\/\/youniquebyemilie.com\/de\/wp-json\/wp\/v2\/media?parent=10834"}],"wp:term":[{"taxonomy":"product_brand","embeddable":true,"href":"https:\/\/youniquebyemilie.com\/de\/wp-json\/wp\/v2\/product_brand?post=10834"},{"taxonomy":"product_cat","embeddable":true,"href":"https:\/\/youniquebyemilie.com\/de\/wp-json\/wp\/v2\/product_cat?post=10834"},{"taxonomy":"product_tag","embeddable":true,"href":"https:\/\/youniquebyemilie.com\/de\/wp-json\/wp\/v2\/product_tag?post=10834"}],"curies":[{"name":"wp","href":"https:\/\/api.w.org\/{rel}","templated":true}]}}