{"id":10916,"date":"2025-07-24T18:22:35","date_gmt":"2025-07-24T16:22:35","guid":{"rendered":"https:\/\/youniquebyemilie.com\/produit\/younique-skulpturenpinsel\/"},"modified":"2025-07-24T18:22:35","modified_gmt":"2025-07-24T16:22:35","slug":"younique-skulpturenpinsel","status":"publish","type":"product","link":"https:\/\/youniquebyemilie.com\/de\/produit\/younique-skulpturenpinsel\/","title":{"rendered":"YOUNIQUE Skulpturenpinsel"},"content":{"rendered":"<p><span style=\"font-weight: 400;\">Sie wollen ein professionelles Contouring, aber ohne Stunden damit zu verbringen? <\/span><b>Der YOUNIQUE Sculpting Brush<\/b><span style=\"font-weight: 400;\"> ist zu meinem Favoriten geworden. <\/span><b>mein bester Verb\u00fcndeter.<\/b><span style=\"font-weight: 400;\">  f\u00fcr diesen Zweck. Es ist eine echte Revolution in meiner Routine. Mit ein paar einfachen Handgriffen modelliere ich mein Gesicht in aller Ruhe.    <\/span><b>Einfachheit<\/b><span style=\"font-weight: 400;\">und das Ergebnis ist immer <\/span><b>nat\u00fcrlich<\/b><span style=\"font-weight: 400;\"> und <\/span><b>makellos<\/b><span style=\"font-weight: 400;\">. Dies ist der perfekte Pinsel f\u00fcr alle, die sich ein sch\u00f6nes Aussehen w\u00fcnschen.  <\/span><b>Perfekte Konturen<\/b><span style=\"font-weight: 400;\">ohne Komplikationen.<\/span><\/p>\n<h2><span style=\"font-weight: 400;\">Was Sie an dem YOUNIQUE Skulpturenpinsel lieben werden<\/span><\/h2>\n<ul>\n<li style=\"font-weight: 400;\" aria-level=\"1\"><b>Ein ultrapr\u00e4zises Design<\/b><span style=\"font-weight: 400;\"> Die perfekte Form des Pinsels macht es Ihnen leicht, jeden Bereich Ihres Gesichts von den Wangenknochen bis zum Kinn zu modellieren.<\/span>&nbsp;<\/li>\n<li style=\"font-weight: 400;\" aria-level=\"1\"><b>Dichte, weiche Borsten<\/b><span style=\"font-weight: 400;\"> Sie geben genau die richtige Menge an Produkt ab, ohne \u00dcbersch\u00fcsse, f\u00fcr ein klares, nat\u00fcrliches und grenzenloses Konturieren.<\/span>&nbsp;<\/li>\n<li style=\"font-weight: 400;\" aria-level=\"1\"><b>Maximaler Komfort<\/b><span style=\"font-weight: 400;\"> : Es ist <\/span><b>superweich<\/b><span style=\"font-weight: 400;\"> und angenehm zu verwenden, so dass Sie m\u00fchelos einen wohlgeformten Look erzielen k\u00f6nnen.<\/span>&nbsp;<\/li>\n<li style=\"font-weight: 400;\" aria-level=\"1\"><b>Vielseitig und schnell<\/b><span style=\"font-weight: 400;\"> Dieser Pinsel ist f\u00fcr die Arbeit mit <\/span><b>mit allen Arten von Konturierungsprodukten zu arbeiten.<\/b><span style=\"font-weight: 400;\"> (Cremes, Puder oder Stifte). <\/span><b>das ideale Werkzeug<\/b><span style=\"font-weight: 400;\"> f\u00fcr ein schnelles und professionelles Ergebnis.<\/span>&nbsp;<\/li>\n<\/ul>\n<h2><span style=\"font-weight: 400;\">Wie ich es t\u00e4glich benutze :<\/span><\/h2>\n<ul>\n<li style=\"font-weight: 400;\" aria-level=\"1\"><span style=\"font-weight: 400;\">Ich nehme ein wenig Produkt (Creme oder Pulver).<\/span>&nbsp;<\/li>\n<li style=\"font-weight: 400;\" aria-level=\"1\"><span style=\"font-weight: 400;\">Ich nehme es mit dem <\/span><b>YOUNIQUE Skulpturenpinsel.<\/b><span style=\"font-weight: 400;\">.<\/span>&nbsp;<\/li>\n<li style=\"font-weight: 400;\" aria-level=\"1\"><span style=\"font-weight: 400;\">Ich trage es auf meine Wangenknochen, mein Kinn und den Nasenr\u00fccken auf.<\/span>&nbsp;<\/li>\n<li style=\"font-weight: 400;\" aria-level=\"1\"><span style=\"font-weight: 400;\">Ich mache kleine kreisf\u00f6rmige Bewegungen, um ein pr\u00e4zises und nat\u00fcrliches Ergebnis zu erzielen.<\/span>&nbsp;<\/li>\n<\/ul>\n<h2><span style=\"font-weight: 400;\">Warum ich es Ihnen unbedingt empfehlen w\u00fcrde:<\/span><\/h2>\n<p><span style=\"font-weight: 400;\">Wenn Sie endlich Ihr Gesicht einfach und unkompliziert modellieren m\u00f6chten, dann <\/span><b>der YOUNIQUE Skulpturpinsel <\/b> <span style=\"font-weight: 400;\">ist genau das, was Sie brauchen. Dieser Pinsel ver\u00e4ndert alles: schnell, pr\u00e4zise, angenehm zu verwenden. Er erm\u00f6glicht es Ihnen, mit wenigen Handgriffen klare und harmonische Konturen zu erzielen, auch wenn Sie es eilig haben.  <\/span><\/p>\n<p><span style=\"font-weight: 400;\">Mit ihm schminken Sie sich schnell, gut und das Ergebnis ist immer verbl\u00fcffend: Ihr Contouring ist gut. <\/span><b>ma\u00eetris\u00e9 <\/b><span style=\"font-weight: 400;\">Die Kontur ist so gut, als ob ein Profi sie gemacht h\u00e4tte.<\/span><\/p>\n<p><span style=\"font-weight: 400;\">Schnell in die Kosmetiktasche: Mit dem <\/span><b>YOUNIQUE Skulpturenpinsel wird das Gesicht geformt.<\/b><span style=\"font-weight: 400;\">Mit dem YOUNIQUE Pinsel wird Ihr Gesicht in k\u00fcrzester Zeit modelliert, geformt und versch\u00f6nert.<\/span><\/p>\n<p>&nbsp;<\/p>\n","protected":false},"excerpt":{"rendered":"<p><span style=\"font-weight: 400;\">Sie wollen ein professionelles Contouring, aber ohne Stunden damit zu verbringen? <\/span><b>Der YOUNIQUE Sculpting Pinsel<\/b><span style=\"font-weight: 400;\"> ist zu meinem Favoriten geworden. <\/span><b>mein bester Verb\u00fcndeter.<\/b><span style=\"font-weight: 400;\">  f\u00fcr diesen Zweck. Es ist eine echte Revolution in meiner Routine. Mit ein paar einfachen Handgriffen modelliere ich mein Gesicht in aller Ruhe.    <\/span><b>Einfachheit<\/b><span style=\"font-weight: 400;\">und das Ergebnis ist immer <\/span><b>nat\u00fcrlich<\/b><span style=\"font-weight: 400;\"> und <\/span><b>makellos<\/b><span style=\"font-weight: 400;\">. Dies ist der perfekte Pinsel f\u00fcr alle, die sich ein sch\u00f6nes Aussehen w\u00fcnschen.  <\/span><b>Perfekte Konturen<\/b><span style=\"font-weight: 400;\">ohne Komplikationen.<\/span><\/p>\n","protected":false},"featured_media":10917,"comment_status":"open","ping_status":"closed","template":"","meta":{"_seopress_robots_primary_cat":"none","_seopress_titles_title":"","_seopress_titles_desc":"","_seopress_robots_index":"","site-sidebar-layout":"default","site-content-layout":"","ast-site-content-layout":"default","site-content-style":"default","site-sidebar-style":"default","ast-global-header-display":"","ast-banner-title-visibility":"","ast-main-header-display":"","ast-hfb-above-header-display":"","ast-hfb-below-header-display":"","ast-hfb-mobile-header-display":"","site-post-title":"","ast-breadcrumbs-content":"","ast-featured-img":"","footer-sml-layout":"","ast-disable-related-posts":"","theme-transparent-header-meta":"default","adv-header-id-meta":"","stick-header-meta":"","header-above-stick-meta":"","header-main-stick-meta":"","header-below-stick-meta":"","astra-migrate-meta-layouts":"default","ast-page-background-enabled":"default","ast-page-background-meta":{"desktop":{"background-color":"var(--ast-global-color-4)","background-image":"","background-repeat":"repeat","background-position":"center center","background-size":"auto","background-attachment":"scroll","background-type":"","background-media":"","overlay-type":"","overlay-color":"","overlay-opacity":"","overlay-gradient":""},"tablet":{"background-color":"","background-image":"","background-repeat":"repeat","background-position":"center center","background-size":"auto","background-attachment":"scroll","background-type":"","background-media":"","overlay-type":"","overlay-color":"","overlay-opacity":"","overlay-gradient":""},"mobile":{"background-color":"","background-image":"","background-repeat":"repeat","background-position":"center center","background-size":"auto","background-attachment":"scroll","background-type":"","background-media":"","overlay-type":"","overlay-color":"","overlay-opacity":"","overlay-gradient":""}},"ast-content-background-meta":{"desktop":{"background-color":"var(--ast-global-color-5)","background-image":"","background-repeat":"repeat","background-position":"center center","background-size":"auto","background-attachment":"scroll","background-type":"","background-media":"","overlay-type":"","overlay-color":"","overlay-opacity":"","overlay-gradient":""},"tablet":{"background-color":"var(--ast-global-color-5)","background-image":"","background-repeat":"repeat","background-position":"center center","background-size":"auto","background-attachment":"scroll","background-type":"","background-media":"","overlay-type":"","overlay-color":"","overlay-opacity":"","overlay-gradient":""},"mobile":{"background-color":"var(--ast-global-color-5)","background-image":"","background-repeat":"repeat","background-position":"center center","background-size":"auto","background-attachment":"scroll","background-type":"","background-media":"","overlay-type":"","overlay-color":"","overlay-opacity":"","overlay-gradient":""}}},"product_brand":[],"product_cat":[105],"product_tag":[],"class_list":{"0":"post-10916","1":"product","2":"type-product","3":"status-publish","4":"has-post-thumbnail","6":"product_cat-gesicht","7":"desktop-align-left","8":"tablet-align-left","9":"mobile-align-left","11":"first","12":"instock","13":"sale","14":"shipping-taxable","15":"product-type-external"},"_links":{"self":[{"href":"https:\/\/youniquebyemilie.com\/de\/wp-json\/wp\/v2\/product\/10916","targetHints":{"allow":["GET"]}}],"collection":[{"href":"https:\/\/youniquebyemilie.com\/de\/wp-json\/wp\/v2\/product"}],"about":[{"href":"https:\/\/youniquebyemilie.com\/de\/wp-json\/wp\/v2\/types\/product"}],"replies":[{"embeddable":true,"href":"https:\/\/youniquebyemilie.com\/de\/wp-json\/wp\/v2\/comments?post=10916"}],"wp:featuredmedia":[{"embeddable":true,"href":"https:\/\/youniquebyemilie.com\/de\/wp-json\/wp\/v2\/media\/10917"}],"wp:attachment":[{"href":"https:\/\/youniquebyemilie.com\/de\/wp-json\/wp\/v2\/media?parent=10916"}],"wp:term":[{"taxonomy":"product_brand","embeddable":true,"href":"https:\/\/youniquebyemilie.com\/de\/wp-json\/wp\/v2\/product_brand?post=10916"},{"taxonomy":"product_cat","embeddable":true,"href":"https:\/\/youniquebyemilie.com\/de\/wp-json\/wp\/v2\/product_cat?post=10916"},{"taxonomy":"product_tag","embeddable":true,"href":"https:\/\/youniquebyemilie.com\/de\/wp-json\/wp\/v2\/product_tag?post=10916"}],"curies":[{"name":"wp","href":"https:\/\/api.w.org\/{rel}","templated":true}]}}