{"id":10959,"date":"2025-07-24T20:29:36","date_gmt":"2025-07-24T18:29:36","guid":{"rendered":"https:\/\/youniquebyemilie.com\/produit\/augenkonturcreme-you-niversal\/"},"modified":"2025-11-28T15:50:07","modified_gmt":"2025-11-28T14:50:07","slug":"augenkonturcreme-you-niversal","status":"publish","type":"product","link":"https:\/\/youniquebyemilie.com\/de\/produit\/augenkonturcreme-you-niversal\/","title":{"rendered":"Augenkonturcreme YOU-NIVERSAL"},"content":{"rendered":"<p><span style=\"font-weight: 400;\">Haben Sie genug von Tr\u00e4nens\u00e4cken und dunklen Augenringen, die Sie m\u00fcder aussehen lassen, als Sie wirklich sind? Das war auch mein Alltag, bevor ich herausfand, dass es sich hierbei um eine <\/span><b>  die YOU-NIVERSAL Augenkonturencreme.<\/b><span style=\"font-weight: 400;\">  Meine Augen haben sich nach einigen Tagen der Anwendung v\u00f6llig ver\u00e4ndert. Diese Creme begleitet mich \u00fcberall hin, da sie nicht nur die Zeichen von M\u00fcdigkeit behandelt.  Sie<\/span> <b> hydratisiert<\/b><span style=\"font-weight: 400;\">,<\/span><b> strafft<\/b><span style=\"font-weight: 400;\">und<\/span><b> hellt sofort auf<\/b><span style=\"font-weight: 400;\">  die Haut unter meinen Augen. Dank seiner   <\/span><b>Keramikapplikator<\/b><span style=\"font-weight: 400;\">Die Anwendung wird zu einem Moment der Entspannung, der Frische und der intensiven Pflege.<\/span><\/p>\n<h2><span style=\"font-weight: 400;\">Warum Sie es lieben werden :<\/span><\/h2>\n<ul>\n<li style=\"font-weight: 400;\" aria-level=\"1\"><b>Sichtbare Reduzierung von dunklen Ringen und feinen Linien<\/b><span style=\"font-weight: 400;\">  Nach 4-w\u00f6chiger Anwendung stellten 85% der Anwender eine straffere Haut fest. Innerhalb weniger Wochen werden Sie sich von Ihren M\u00fcdigkeitsanzeichen verabschieden. <\/span>&nbsp;<\/li>\n<li style=\"font-weight: 400;\" aria-level=\"1\"><b>Ein strahlenderer Blick<\/b><span style=\"font-weight: 400;\">  83% der Anwender konnten nach 4 Wochen Anwendung eine Aufhellung ihrer Augen feststellen. Ihre Haut unter den Augen wird ihre nat\u00fcrliche Ausstrahlung zur\u00fcckgewinnen! <\/span>&nbsp;<\/li>\n<li style=\"font-weight: 400;\" aria-level=\"1\"><b>Feuchtigkeitsversorgung und Straffung<\/b><span style=\"font-weight: 400;\">  Die Haut unter Ihren Augen wird nicht nur straffer, sondern auch unglaublich weich und gut mit Feuchtigkeit versorgt. Das Gef\u00fchl von Komfort ist sofort und langanhaltend. <\/span>&nbsp;<\/li>\n<li style=\"font-weight: 400;\" aria-level=\"1\"><b>Sanfte und angenehme Formel<\/b><span style=\"font-weight: 400;\">  94% der Benutzer finden diese Creme angenehm in der Anwendung, ohne Irritationen. Ihre Haut wird bei jeder Anwendung verw\u00f6hnt. <\/span>&nbsp;<\/li>\n<\/ul>\n<h2><span style=\"font-weight: 400;\">Die geheimen Zutaten f\u00fcr einen frischeren und jugendlicheren Blick :<\/span><\/h2>\n<ul>\n<li style=\"font-weight: 400;\" aria-level=\"1\"><b>Ginseng-Extrakt<\/b><span style=\"font-weight: 400;\"> Ginseng: Stimuliert die Durchblutung f\u00fcr frischere, belebtere und vitalere Augen.<\/span>&nbsp;<\/li>\n<li style=\"font-weight: 400;\" aria-level=\"1\"><b>Niacinamid<\/b><span style=\"font-weight: 400;\"> Beruhigt Ihre Haut und spendet tiefgehende Feuchtigkeit f\u00fcr eine glattere und ebenm\u00e4\u00dfigere Haut um die Augen.<\/span>&nbsp;<\/li>\n<li style=\"font-weight: 400;\" aria-level=\"1\"><b>Haloxyl<\/b><span style=\"font-weight: 400;\"> Hilft, das Erscheinungsbild von dunklen Ringen und Schwellungen zu reduzieren, um einen erholteren Blick zu erhalten.<\/span>&nbsp;<\/li>\n<li style=\"font-weight: 400;\" aria-level=\"1\"><b>Vitamin C<\/b><span style=\"font-weight: 400;\"> Die Haut wird aufgehellt und die sichtbaren Zeichen von M\u00fcdigkeit werden reduziert, so dass die Haut strahlender und belebter wirkt.<\/span>&nbsp;<\/li>\n<\/ul>\n<h2><span style=\"font-weight: 400;\">Wie Sie ihn einfach nutzen k\u00f6nnen :<\/span><\/h2>\n<ol>\n<li style=\"font-weight: 400;\" aria-level=\"1\"><b>Tragen Sie  auf.<\/b><span style=\"font-weight: 400;\"> eine erbsengro\u00dfe Menge der Creme mit dem Keramikapplikator unter den Augen auf.<\/span>&nbsp;<\/li>\n<li style=\"font-weight: 400;\" aria-level=\"1\"><b>Massieren Sie  ein.<\/b><span style=\"font-weight: 400;\"> die Creme mit kreisenden Bewegungen sanft ein, um die Aufnahme zu verbessern und die Durchblutung anzuregen.<\/span>&nbsp;<\/li>\n<li style=\"font-weight: 400;\" aria-level=\"1\"><b>Wiederholen Sie<\/b><span style=\"font-weight: 400;\">  Morgens und abends f\u00fcr sichtbare und lang anhaltende Ergebnisse. F\u00fcr maximale Frische bewahren Sie die Creme an einem k\u00fchlen Ort auf! <\/span>&nbsp;<\/li>\n<\/ol>\n<p><span style=\"font-weight: 400;\">Sie wollen einen <\/span><b>erfrischte und strahlende Augen <\/b> <span style=\"font-weight: 400;\">ohne sich um dunkle Augenringe sorgen zu m\u00fcssen? YOU-NIVERSAL Eye Contour Cream ist das Geheimnis, auf das Sie gewartet haben. Schluss mit M\u00fcdigkeitserscheinungen, machen Sie Platz f\u00fcr einen frischen, erholten und strahlenden Blick!  <\/span><\/p>\n<p><span style=\"font-weight: 400;\">Lassen Sie Ihre Augen strahlen, legen Sie ihn jetzt in den Warenkorb und genie\u00dfen Sie die Sch\u00f6nheit Ihrer Lippen und Augen!<\/span><\/p>\n<p>&nbsp;<\/p>\n<h2><span style=\"font-weight: 400;\">FAQ : Augenkonturencreme YOU-NIVERSAL<\/span><\/h2>\n<ol>\n<li style=\"font-weight: 400;\" aria-level=\"1\"><b>Ist YOU-NIVERSAL Eye Contour Cream f\u00fcr alle Hauttypen geeignet?<\/b><b><br \/>\n<\/b><span style=\"font-weight: 400;\">  Ja, diese Creme ist so formuliert, dass sie f\u00fcr alle Hauttypen geeignet ist, selbst f\u00fcr die empfindlichsten. Sie ist dermatologisch getestet und enth\u00e4lt keine synthetischen Duftstoffe, was sie ideal f\u00fcr empfindliche Haut macht. <\/span>&nbsp;<\/li>\n<li style=\"font-weight: 400;\" aria-level=\"1\"><b>Kann ich die YOU-NIVERSAL Augencreme verwenden, wenn ich Kontaktlinsen trage?<\/b><b><br \/>\n<\/b><span style=\"font-weight: 400;\">  Ja, diese Creme ist perfekt f\u00fcr Kontaktlinsentr\u00e4ger geeignet. Ihre milde und beruhigende Formel wird Ihre Augen nicht reizen oder Ihre Kontaktlinsen beeintr\u00e4chtigen. <\/span>&nbsp;<\/li>\n<li style=\"font-weight: 400;\" aria-level=\"1\"><b>Wann kann ich erste Ergebnisse mit der YOU-NIVERSAL Augenkonturencreme sehen?<\/b><b><br \/>\n<\/b><span style=\"font-weight: 400;\">  Laut einer unabh\u00e4ngigen Studie bemerken die meisten Anwender bereits nach 4 Wochen regelm\u00e4\u00dfiger Anwendung sichtbare Ergebnisse. Dunkle Augenringe und feine Linien werden gemildert und die Augen wirken strahlender und erholter. <\/span>&nbsp;<\/li>\n<li style=\"font-weight: 400;\" aria-level=\"1\"><b>Kann ich die Creme auch tags\u00fcber unter meinem Make-up verwenden?<\/b><b><br \/>\n<\/b><span style=\"font-weight: 400;\">  Auf jeden Fall! YOU-NIVERSAL Eye Contour Cream ist nicht fettend und verschmilzt gut mit dem Make-up. Sie spendet Feuchtigkeit und bereitet die Haut f\u00fcr ein glatteres Auftragen des Make-ups vor, ohne einen Fettfilm zu hinterlassen.  <\/span>&nbsp;<\/li>\n<li style=\"font-weight: 400;\" aria-level=\"1\"><b>Kann die YOU-NIVERSAL Augencreme auch f\u00fcr andere Bereiche des Gesichts verwendet werden?<\/b><b><br \/>\n<\/b><span style=\"font-weight: 400;\">  Diese Creme wurde speziell f\u00fcr die Augenpartie entwickelt, aber ihre sanfte Formel kann bei Bedarf auch f\u00fcr feine Falten um den Mund herum verwendet werden.<\/span>&nbsp;<\/li>\n<li style=\"font-weight: 400;\" aria-level=\"1\"><b>Enth\u00e4lt die Creme aggressive Chemikalien?<\/b><b><br \/>\n<\/b><span style=\"font-weight: 400;\">  Nein, die YOU-NIVERSAL Augenkonturencreme ist mit nat\u00fcrlichen und sicheren Inhaltsstoffen formuliert. Sie enth\u00e4lt keine   <\/span><b>Parabene<\/b><span style=\"font-weight: 400;\">, von<\/span><b> Sulfate<\/b><span style=\"font-weight: 400;\"> oder <\/span><b>Phthalate enthalten.<\/b><span style=\"font-weight: 400;\"> Die saubere und umweltfreundliche Formulierung ist ein Plus f\u00fcr Ihre Haut.<\/span>&nbsp;<\/li>\n<li style=\"font-weight: 400;\" aria-level=\"1\"><b>Wie lange dauert der Topf?<\/b><b><br \/>\n<\/b><span style=\"font-weight: 400;\">  Ein Tiegel der YOU-NIVERSAL Augencreme reicht bei t\u00e4glicher Anwendung etwa 2 bis 3 Monate. Sie ist daher eine ausgezeichnete Investition in eine dauerhafte Pflege. <\/span><span style=\"font-weight: 400;\"><br \/>\n<\/span>&nbsp;<\/li>\n<\/ol>\n<p>&nbsp;<\/p>\n","protected":false},"excerpt":{"rendered":"<p><span style=\"font-weight: 400;\">Haben Sie genug von Tr\u00e4nens\u00e4cken und dunklen Augenringen, die Sie m\u00fcder aussehen lassen, als Sie wirklich sind? Das war auch mein Alltag, bevor ich herausfand, dass es sich hierbei um eine <\/span><b>  die YOU-NIVERSAL Augenkonturencreme.<\/b><span style=\"font-weight: 400;\">  Meine Augen haben sich nach einigen Tagen der Anwendung v\u00f6llig ver\u00e4ndert. Diese Creme begleitet mich \u00fcberall hin, da sie nicht nur die Zeichen von M\u00fcdigkeit behandelt.  Sie<\/span> <b> hydratisiert<\/b><span style=\"font-weight: 400;\">,<\/span><b> strafft<\/b><span style=\"font-weight: 400;\">und<\/span><b> hellt sofort auf<\/b><span style=\"font-weight: 400;\">  die Haut unter meinen Augen. Dank seiner   <\/span><b>Keramikapplikator<\/b><span style=\"font-weight: 400;\">Die Anwendung wird zu einem Moment der Entspannung, der Frische und der intensiven Pflege.<\/span><\/p>\n","protected":false},"featured_media":11345,"comment_status":"open","ping_status":"closed","template":"","meta":{"_seopress_robots_primary_cat":"none","_seopress_titles_title":"","_seopress_titles_desc":"","_seopress_robots_index":"","site-sidebar-layout":"default","site-content-layout":"","ast-site-content-layout":"default","site-content-style":"default","site-sidebar-style":"default","ast-global-header-display":"","ast-banner-title-visibility":"","ast-main-header-display":"","ast-hfb-above-header-display":"","ast-hfb-below-header-display":"","ast-hfb-mobile-header-display":"","site-post-title":"","ast-breadcrumbs-content":"","ast-featured-img":"","footer-sml-layout":"","ast-disable-related-posts":"","theme-transparent-header-meta":"default","adv-header-id-meta":"","stick-header-meta":"","header-above-stick-meta":"","header-main-stick-meta":"","header-below-stick-meta":"","astra-migrate-meta-layouts":"default","ast-page-background-enabled":"default","ast-page-background-meta":{"desktop":{"background-color":"var(--ast-global-color-4)","background-image":"","background-repeat":"repeat","background-position":"center center","background-size":"auto","background-attachment":"scroll","background-type":"","background-media":"","overlay-type":"","overlay-color":"","overlay-opacity":"","overlay-gradient":""},"tablet":{"background-color":"","background-image":"","background-repeat":"repeat","background-position":"center center","background-size":"auto","background-attachment":"scroll","background-type":"","background-media":"","overlay-type":"","overlay-color":"","overlay-opacity":"","overlay-gradient":""},"mobile":{"background-color":"","background-image":"","background-repeat":"repeat","background-position":"center center","background-size":"auto","background-attachment":"scroll","background-type":"","background-media":"","overlay-type":"","overlay-color":"","overlay-opacity":"","overlay-gradient":""}},"ast-content-background-meta":{"desktop":{"background-color":"var(--ast-global-color-5)","background-image":"","background-repeat":"repeat","background-position":"center center","background-size":"auto","background-attachment":"scroll","background-type":"","background-media":"","overlay-type":"","overlay-color":"","overlay-opacity":"","overlay-gradient":""},"tablet":{"background-color":"var(--ast-global-color-5)","background-image":"","background-repeat":"repeat","background-position":"center center","background-size":"auto","background-attachment":"scroll","background-type":"","background-media":"","overlay-type":"","overlay-color":"","overlay-opacity":"","overlay-gradient":""},"mobile":{"background-color":"var(--ast-global-color-5)","background-image":"","background-repeat":"repeat","background-position":"center center","background-size":"auto","background-attachment":"scroll","background-type":"","background-media":"","overlay-type":"","overlay-color":"","overlay-opacity":"","overlay-gradient":""}}},"product_brand":[],"product_cat":[110],"product_tag":[],"class_list":{"0":"post-10959","1":"product","2":"type-product","3":"status-publish","4":"has-post-thumbnail","6":"product_cat-haut","7":"desktop-align-left","8":"tablet-align-left","9":"mobile-align-left","11":"first","12":"instock","13":"sale","14":"shipping-taxable","15":"product-type-external"},"_links":{"self":[{"href":"https:\/\/youniquebyemilie.com\/de\/wp-json\/wp\/v2\/product\/10959","targetHints":{"allow":["GET"]}}],"collection":[{"href":"https:\/\/youniquebyemilie.com\/de\/wp-json\/wp\/v2\/product"}],"about":[{"href":"https:\/\/youniquebyemilie.com\/de\/wp-json\/wp\/v2\/types\/product"}],"replies":[{"embeddable":true,"href":"https:\/\/youniquebyemilie.com\/de\/wp-json\/wp\/v2\/comments?post=10959"}],"wp:featuredmedia":[{"embeddable":true,"href":"https:\/\/youniquebyemilie.com\/de\/wp-json\/wp\/v2\/media\/11345"}],"wp:attachment":[{"href":"https:\/\/youniquebyemilie.com\/de\/wp-json\/wp\/v2\/media?parent=10959"}],"wp:term":[{"taxonomy":"product_brand","embeddable":true,"href":"https:\/\/youniquebyemilie.com\/de\/wp-json\/wp\/v2\/product_brand?post=10959"},{"taxonomy":"product_cat","embeddable":true,"href":"https:\/\/youniquebyemilie.com\/de\/wp-json\/wp\/v2\/product_cat?post=10959"},{"taxonomy":"product_tag","embeddable":true,"href":"https:\/\/youniquebyemilie.com\/de\/wp-json\/wp\/v2\/product_tag?post=10959"}],"curies":[{"name":"wp","href":"https:\/\/api.w.org\/{rel}","templated":true}]}}