{"id":10988,"date":"2025-07-24T19:12:55","date_gmt":"2025-07-24T17:12:55","guid":{"rendered":"https:\/\/youniquebyemilie.com\/produit\/moodstruck-precision-graphic-liquid-eyeliner\/"},"modified":"2025-07-24T19:12:55","modified_gmt":"2025-07-24T17:12:55","slug":"moodstruck-precision-graphic-liquid-eyeliner","status":"publish","type":"product","link":"https:\/\/youniquebyemilie.com\/de\/produit\/moodstruck-precision-graphic-liquid-eyeliner\/","title":{"rendered":"MOODSTRUCK PRECISION Graphic Liquid Eyeliner"},"content":{"rendered":"<p><span style=\"font-weight: 400;\">Ich erinnere mich an den Abend, als ich meine Freundin abholte, um mit ihr auszugehen. Als sie mich sah, ver\u00e4nderte sich ihr Blick und sie sagte: &#8222;&#8230;und ich habe mich geirrt.   <\/span><b>Wow, Ihr Make-up ist perfekt!  <\/b><span style=\"font-weight: 400;\">&#8222;Sie fragte mich: &#8220;  <\/span><b>Aber was ist Ihr Geheimnis? Wie schaffen Sie es, einen so klaren Strich zu ziehen? <\/b><span style=\"font-weight: 400;\">  ? &#8220; Ich antwortete nur: &#8222;Das ist der   <\/span><b>MOODSTRUCK PRECISION Graphic Liquid Eyeliner.<\/b><span style=\"font-weight: 400;\">Er macht die ganze Arbeit f\u00fcr mich&#8220;.<\/span><\/p>\n<p><span style=\"font-weight: 400;\">Sie l\u00e4chelte und sagte: &#8222;? <\/span><b>Komm, gib mir das, ich will es auch versuchen! <\/b> <span style=\"font-weight: 400;\">&#8222;Und dann gab ich ihr meinen Eyeliner, wie ein kostbares Geheimnis. Sie trug ihn auf, und ich brauchte ihr nichts zu sagen, denn das Ergebnis war genauso perfekt wie meins. Sie sah mich an, war v\u00f6llig verbl\u00fcfft und sagte:&#8220;    <\/span><b>Es ist magisch, ich bin ein Fan!<\/b><span style=\"font-weight: 400;\">  &#8222;Sie ruft mich jetzt jedes Mal an, wenn sie eine perfekte Linie haben m\u00f6chte, und wir lachen und denken, dass wir endlich unser Wundermittel gefunden haben.<\/span><\/p>\n<p>&nbsp;<\/p>\n<h2><span style=\"font-weight: 400;\">Warum Sie es lieben werden :<\/span><\/h2>\n<ul>\n<li style=\"font-weight: 400;\" aria-level=\"1\"><b>Perfekte Pr\u00e4zision bei jedem Strich<\/b><span style=\"font-weight: 400;\"> : Dank des Applikators <\/span><b>aus Filz mit hoher Pr\u00e4zision<\/b><span style=\"font-weight: 400;\">k\u00f6nnen Sie sowohl feine als auch gewagte Linien mit absoluter Genauigkeit zeichnen. <\/span><b>perfekte Pr\u00e4zision<\/b><span style=\"font-weight: 400;\">. Es ist ideal f\u00fcr Looks.  <\/span><b>elegant oder kreativ<\/b><span style=\"font-weight: 400;\">.<\/span><\/li>\n<li style=\"font-weight: 400;\" aria-level=\"1\"><b>Lange Haltbarkeit<\/b><span style=\"font-weight: 400;\">  Dieser Eyeliner wird Sie nie im Stich lassen. Er   <\/span><b>bleibt bis 12 Uhr stehen<\/b><span style=\"font-weight: 400;\">selbst wenn es regnet oder Sie sich die Augen reiben. <\/span><b>Wasserbest\u00e4ndig<\/b><span style=\"font-weight: 400;\">Er ist wasserdicht und l\u00e4sst Sie nicht im Stich.<\/span><\/li>\n<li style=\"font-weight: 400;\" aria-level=\"1\"><b>Komfort und Weichheit<\/b><span style=\"font-weight: 400;\"> Die Pflege: Seine <\/span><b>Vegane Formel<\/b><span style=\"font-weight: 400;\"> und <\/span><b>ohne BHT oder Paraffin<\/b><span style=\"font-weight: 400;\">  pflegt Ihre Augen und verleiht Ihnen ein intensives Finish. Er gleitet leicht und reibungslos und garantiert Ihnen ein einfaches Auftragen.   <\/span><b>smooth und schnell<\/b><span style=\"font-weight: 400;\">.<\/span><\/li>\n<li style=\"font-weight: 400;\" aria-level=\"1\"><b>Vielseitiges Design<\/b><span style=\"font-weight: 400;\"> Ob Sie einen feinen, nat\u00fcrlichen Strich oder einen grafischen Look w\u00fcnschen, dieser Eyeliner ist ein echter Hingucker. <\/span><b>Eyeliner<\/b><span style=\"font-weight: 400;\"> passt sich an <\/span><b>alle Ihre Stile<\/b><span style=\"font-weight: 400;\">. Seien Sie so kreativ, wie Sie wollen!<\/span><\/li>\n<\/ul>\n<p>&nbsp;<\/p>\n<h2><span style=\"font-weight: 400;\">Erh\u00e4ltlich in verschiedenen Farben :<\/span><\/h2>\n<ul>\n<li style=\"font-weight: 400;\" aria-level=\"1\"><b>Picturesque<\/b><span style=\"font-weight: 400;\"> : Ein <\/span><b>Intensives Schwarz <\/b><span style=\"font-weight: 400;\">das die Augen sublimiert und dabei nat\u00fcrlich bleibt, perfekt f\u00fcr ein allt\u00e4gliches Make-up oder einen Hauch von Charakter.<\/span><\/li>\n<li style=\"font-weight: 400;\" aria-level=\"1\"><b>Praiseworthy<\/b><span style=\"font-weight: 400;\"> : Ein <\/span><b>tiefes Blau<\/b><span style=\"font-weight: 400;\"> das einen subtilen Glanz und einen<\/span><b> modernen Twist verleiht.<\/b><span style=\"font-weight: 400;\"> zu Ihrem klassischen Look.<\/span><\/li>\n<\/ul>\n<p><span style=\"font-weight: 400;\">Diese beiden Farben sind ideal, um Ihre Augen mit einem eleganten und pr\u00e4zisen Touch zu ver\u00e4ndern. W\u00e4hlen Sie die Farbe, die am besten zu Ihrem Stil passt! <\/span><\/p>\n<p>&nbsp;<\/p>\n<h2><span style=\"font-weight: 400;\">Wie man es benutzt :<\/span><\/h2>\n<ol>\n<li style=\"font-weight: 400;\" aria-level=\"1\"><span style=\"font-weight: 400;\">Ziehen Sie eine feine Linie am Wimpernrand f\u00fcr einen nat\u00fcrlichen Look, der perfekt f\u00fcr den Alltag geeignet ist.<\/span><\/li>\n<li style=\"font-weight: 400;\" aria-level=\"1\"><span style=\"font-weight: 400;\">Verl\u00e4ngern Sie die Linie am \u00e4u\u00dferen Augenwinkel leicht, um den Effekt zu verst\u00e4rken. <\/span><b>Wing<\/b><span style=\"font-weight: 400;\"> subtilen Effekt.<\/span><\/li>\n<li style=\"font-weight: 400;\" aria-level=\"1\"><span style=\"font-weight: 400;\">Verwenden Sie den Applikator, um kreative Formen oder dickere Linien f\u00fcr einen Look zu zeichnen. <\/span><b>k\u00fcnstlerisch<\/b><span style=\"font-weight: 400;\">.<\/span><\/li>\n<\/ol>\n<h2><span style=\"font-weight: 400;\">Die Zutaten, die den Unterschied ausmachen :<\/span><\/h2>\n<ul>\n<li style=\"font-weight: 400;\" aria-level=\"1\"><b>Wasser (Water)<\/b><span style=\"font-weight: 400;\"> Feuchtigkeit: Versorgt die Haut mit Feuchtigkeit und erm\u00f6glicht ein glattes und gleichm\u00e4\u00dfiges Auftragen.<\/span><\/li>\n<li style=\"font-weight: 400;\" aria-level=\"1\"><b>Hydriertes Biberwachs (PEG-60 Hydrogenated Castor Oil).<\/b><span style=\"font-weight: 400;\"> F\u00fcr eine glatte und lang anhaltende Textur.<\/span><\/li>\n<li style=\"font-weight: 400;\" aria-level=\"1\"><b>Extrakt aus Coco-Glucoside<\/b><span style=\"font-weight: 400;\"> Reinigt die Haut sanft und gleicht die Formel aus.<\/span><\/li>\n<li style=\"font-weight: 400;\" aria-level=\"1\"><b>Zitronens\u00e4ure<\/b><span style=\"font-weight: 400;\"> : Erh\u00e4lt die Stabilit\u00e4t und Konsistenz des Produkts.<\/span><\/li>\n<li style=\"font-weight: 400;\" aria-level=\"1\"><b>Titanium Dioxide (CI 77891)<\/b><span style=\"font-weight: 400;\"> F\u00fcr ein intensives Schwarz und eine deckende Farbe.<\/span><\/li>\n<\/ul>\n<h2><span style=\"font-weight: 400;\">Das sagen die Nutzer :<\/span><\/h2>\n<ul>\n<li style=\"font-weight: 400;\" aria-level=\"1\"><b>94%<\/b><span style=\"font-weight: 400;\"> der Anwender sagen, dass dieses Produkt einfach zu verwenden ist <\/span><b>einfach aufzutragen ist<\/b><span style=\"font-weight: 400;\"> und ein gutes Ergebnis liefert. <\/span><b>gleichm\u00e4\u00dfiges Ergebnis<\/b><span style=\"font-weight: 400;\">.<\/span><\/li>\n<li style=\"font-weight: 400;\" aria-level=\"1\"><b>91%<\/b><span style=\"font-weight: 400;\"> finden, dass das Produkt <\/span><b>an Ort und Stelle bleibt<\/b><span style=\"font-weight: 400;\"> den ganzen Tag lang, ohne zu verschmieren<\/span><\/li>\n<li style=\"font-weight: 400;\" aria-level=\"1\"><b>88%<\/b><span style=\"font-weight: 400;\"> der Benutzer finden, dass das Produkt gut f\u00fcr die Haut ist. <\/span><b>sanft zu den Augen ist<\/b><span style=\"font-weight: 400;\"> und dass es <\/span><b>nicht reizend ist.<\/b><span style=\"font-weight: 400;\">.<\/span><\/li>\n<\/ul>\n<p><span style=\"font-weight: 400;\">Dieser <\/span><b>Eyeliner<\/b><span style=\"font-weight: 400;\"> gibt Ihnen <\/span><b>die volle Kontrolle<\/b><span style=\"font-weight: 400;\">  auf die Intensit\u00e4t Ihrer Augen. Pr\u00e4zise, langanhaltend und einfach zu verwenden.   <\/span><b>Legen Sie ihn in Ihren Warenkorb<\/b><span style=\"font-weight: 400;\">W\u00e4hlen Sie Ihren Favoriten und verwandeln Sie Ihren Blick im Handumdrehen!<\/span><\/p>\n<p>&nbsp;<\/p>\n","protected":false},"excerpt":{"rendered":"<p><span style=\"font-weight: 400;\">Ich erinnere mich an den Abend, als ich meine Freundin abholte, um mit ihr auszugehen. Als sie mich sah, ver\u00e4nderte sich ihr Blick und sie sagte: &#8222;&#8230;und ich habe mich geirrt.   <\/span><b>Wow, Ihr Make-up ist perfekt!  <\/b><span style=\"font-weight: 400;\">&#8222;Sie fragte mich: &#8220;  <\/span><b>Aber was ist Ihr Geheimnis? Wie schaffen Sie es, einen so klaren Strich zu ziehen? <\/b><span style=\"font-weight: 400;\">  ? &#8220; Ich antwortete nur: &#8222;Das ist der   <\/span><b>MOODSTRUCK PRECISION Graphic Liquid Eyeliner.<\/b><span style=\"font-weight: 400;\">Er macht die ganze Arbeit f\u00fcr mich&#8220;.<\/span><\/p>\n","protected":false},"featured_media":10990,"comment_status":"open","ping_status":"closed","template":"","meta":{"_seopress_robots_primary_cat":"none","_seopress_titles_title":"","_seopress_titles_desc":"","_seopress_robots_index":"","site-sidebar-layout":"default","site-content-layout":"","ast-site-content-layout":"default","site-content-style":"default","site-sidebar-style":"default","ast-global-header-display":"","ast-banner-title-visibility":"","ast-main-header-display":"","ast-hfb-above-header-display":"","ast-hfb-below-header-display":"","ast-hfb-mobile-header-display":"","site-post-title":"","ast-breadcrumbs-content":"","ast-featured-img":"","footer-sml-layout":"","ast-disable-related-posts":"","theme-transparent-header-meta":"default","adv-header-id-meta":"","stick-header-meta":"","header-above-stick-meta":"","header-main-stick-meta":"","header-below-stick-meta":"","astra-migrate-meta-layouts":"default","ast-page-background-enabled":"default","ast-page-background-meta":{"desktop":{"background-color":"var(--ast-global-color-4)","background-image":"","background-repeat":"repeat","background-position":"center center","background-size":"auto","background-attachment":"scroll","background-type":"","background-media":"","overlay-type":"","overlay-color":"","overlay-opacity":"","overlay-gradient":""},"tablet":{"background-color":"","background-image":"","background-repeat":"repeat","background-position":"center center","background-size":"auto","background-attachment":"scroll","background-type":"","background-media":"","overlay-type":"","overlay-color":"","overlay-opacity":"","overlay-gradient":""},"mobile":{"background-color":"","background-image":"","background-repeat":"repeat","background-position":"center center","background-size":"auto","background-attachment":"scroll","background-type":"","background-media":"","overlay-type":"","overlay-color":"","overlay-opacity":"","overlay-gradient":""}},"ast-content-background-meta":{"desktop":{"background-color":"var(--ast-global-color-5)","background-image":"","background-repeat":"repeat","background-position":"center center","background-size":"auto","background-attachment":"scroll","background-type":"","background-media":"","overlay-type":"","overlay-color":"","overlay-opacity":"","overlay-gradient":""},"tablet":{"background-color":"var(--ast-global-color-5)","background-image":"","background-repeat":"repeat","background-position":"center center","background-size":"auto","background-attachment":"scroll","background-type":"","background-media":"","overlay-type":"","overlay-color":"","overlay-opacity":"","overlay-gradient":""},"mobile":{"background-color":"var(--ast-global-color-5)","background-image":"","background-repeat":"repeat","background-position":"center center","background-size":"auto","background-attachment":"scroll","background-type":"","background-media":"","overlay-type":"","overlay-color":"","overlay-opacity":"","overlay-gradient":""}}},"product_brand":[],"product_cat":[92],"product_tag":[],"class_list":{"0":"post-10988","1":"product","2":"type-product","3":"status-publish","4":"has-post-thumbnail","6":"product_cat-augen","7":"desktop-align-left","8":"tablet-align-left","9":"mobile-align-left","11":"first","12":"instock","13":"sale","14":"shipping-taxable","15":"product-type-external"},"_links":{"self":[{"href":"https:\/\/youniquebyemilie.com\/de\/wp-json\/wp\/v2\/product\/10988","targetHints":{"allow":["GET"]}}],"collection":[{"href":"https:\/\/youniquebyemilie.com\/de\/wp-json\/wp\/v2\/product"}],"about":[{"href":"https:\/\/youniquebyemilie.com\/de\/wp-json\/wp\/v2\/types\/product"}],"replies":[{"embeddable":true,"href":"https:\/\/youniquebyemilie.com\/de\/wp-json\/wp\/v2\/comments?post=10988"}],"wp:featuredmedia":[{"embeddable":true,"href":"https:\/\/youniquebyemilie.com\/de\/wp-json\/wp\/v2\/media\/10990"}],"wp:attachment":[{"href":"https:\/\/youniquebyemilie.com\/de\/wp-json\/wp\/v2\/media?parent=10988"}],"wp:term":[{"taxonomy":"product_brand","embeddable":true,"href":"https:\/\/youniquebyemilie.com\/de\/wp-json\/wp\/v2\/product_brand?post=10988"},{"taxonomy":"product_cat","embeddable":true,"href":"https:\/\/youniquebyemilie.com\/de\/wp-json\/wp\/v2\/product_cat?post=10988"},{"taxonomy":"product_tag","embeddable":true,"href":"https:\/\/youniquebyemilie.com\/de\/wp-json\/wp\/v2\/product_tag?post=10988"}],"curies":[{"name":"wp","href":"https:\/\/api.w.org\/{rel}","templated":true}]}}