{"id":11040,"date":"2025-07-24T18:50:57","date_gmt":"2025-07-24T16:50:57","guid":{"rendered":"https:\/\/youniquebyemilie.com\/produit\/matter-lippenstift-fuer-den-ganzen-tag-moodstruck-splash\/"},"modified":"2025-07-24T18:50:57","modified_gmt":"2025-07-24T16:50:57","slug":"matter-lippenstift-fuer-den-ganzen-tag-moodstruck-splash","status":"publish","type":"product","link":"https:\/\/youniquebyemilie.com\/de\/produit\/matter-lippenstift-fuer-den-ganzen-tag-moodstruck-splash\/","title":{"rendered":"Matter Lippenstift f\u00fcr den ganzen Tag MOODSTRUCK SPLASH"},"content":{"rendered":"<h1><span style=\"font-weight: 400;\">Matter Lippenstift f\u00fcr den ganzen Tag MOODSTRUCK SPLASH<\/span><\/h1>\n<p><span style=\"font-weight: 400;\">Sie wissen, wann Sie einen Lippenstift ben\u00f6tigen, der <\/span><b>Sie nicht im Stich l\u00e4sst.<\/b><span style=\"font-weight: 400;\"> und von morgens bis abends makellos bleibt? <\/span><b>Der cremige Lippenstift MOODSTRUCK SPLASH<\/b><span style=\"font-weight: 400;\">ist genau das. Mit einer einzigen Geste kann er   <\/span><b>legt eine leuchtende Farbe ab<\/b><span style=\"font-weight: 400;\">, <\/span><b>spendet Feuchtigkeit<\/b><span style=\"font-weight: 400;\"> meine Lippen und macht sie super <\/span><b>Sie f\u00fchlen sich gut an<\/b><span style=\"font-weight: 400;\">. Es ist ein Muss geworden und ich bin sicher, wenn Sie es einmal ausprobiert haben, werden Sie nicht mehr darauf verzichten wollen!<\/span><\/p>\n<p>&nbsp;<\/p>\n<h2><span style=\"font-weight: 400;\">Deshalb werden Sie nicht mehr darauf verzichten wollen:<\/span><\/h2>\n<ul>\n<li style=\"font-weight: 400;\" aria-level=\"1\"><b>Volle Deckkraft<\/b><span style=\"font-weight: 400;\"> Eine Farbe : Eine Farbe <\/span><b>Intensiv<\/b><span style=\"font-weight: 400;\"> schon nach der ersten Anwendung, <\/span><b>Eine einzige Anwendung<\/b><span style=\"font-weight: 400;\"> gen\u00fcgt.<\/span>&nbsp;<\/li>\n<li style=\"font-weight: 400;\" aria-level=\"1\"><b>Langanhaltend<\/b><span style=\"font-weight: 400;\"> : <\/span><b>10 Stunden<\/b><span style=\"font-weight: 400;\"> ohne zu verschmieren, f\u00fcr makellose Lippen den ganzen Tag lang.<\/span>&nbsp;<\/li>\n<li style=\"font-weight: 400;\" aria-level=\"1\"><b>Komfort den ganzen Tag lang<\/b><span style=\"font-weight: 400;\"> Die Pflege: Seine <\/span><b>nicht austrocknende Formel<\/b><span style=\"font-weight: 400;\"> n\u00e4hrt und pflegt <\/span><b>spendet Feuchtigkeit<\/b><span style=\"font-weight: 400;\"> Ihre Lippen f\u00fcr ein angenehmes Gef\u00fchl <\/span><b>absolu<\/b><span style=\"font-weight: 400;\">.<\/span>&nbsp;<\/li>\n<li style=\"font-weight: 400;\" aria-level=\"1\"><b>Einfaches Auftragen<\/b><span style=\"font-weight: 400;\"> Gleitet sanft \u00fcber Ihre Lippen <\/span><b>pr\u00e4zise<\/b><span style=\"font-weight: 400;\">Dank der <\/span><b>abgeschr\u00e4gte Spitze<\/b><span style=\"font-weight: 400;\">.<\/span>&nbsp;<\/li>\n<li style=\"font-weight: 400;\" aria-level=\"1\"><b>Praktisch und elegant<\/b><span style=\"font-weight: 400;\"> Die Vorteile: Sein <\/span><b>kompakte R\u00f6hre mit Magneten<\/b><span style=\"font-weight: 400;\"> Sie k\u00f6nnen ihn \u00fcberall hin mitnehmen und er ist immer einsatzbereit.<\/span>&nbsp;<\/li>\n<\/ul>\n<p>&nbsp;<\/p>\n<h2><span style=\"font-weight: 400;\">Verf\u00fcgbare Farbt\u00f6ne des MOODSTRUCK SPLASH Lippenstifts :<\/span><\/h2>\n<ul>\n<li style=\"font-weight: 400;\" aria-level=\"1\"><b>Gracieux - Rosey<\/b><span style=\"font-weight: 400;\"> : <\/span><b>S\u00fc\u00dfes Rosa<\/b><span style=\"font-weight: 400;\">Ideal f\u00fcr einen eleganten Look. <\/span><b>nat\u00fcrlich<\/b><span style=\"font-weight: 400;\"> und <\/span><b>frisch<\/b><span style=\"font-weight: 400;\">.<\/span>&nbsp;<\/li>\n<li style=\"font-weight: 400;\" aria-level=\"1\"><b>Reich - Leichtes Karamell<\/b><span style=\"font-weight: 400;\"> : <\/span><b>Warmes Karamell<\/b><span style=\"font-weight: 400;\">Das ist der perfekte Look f\u00fcr einen <\/span><b>elegant<\/b><span style=\"font-weight: 400;\"> und <\/span><b>anspruchsvoll<\/b><span style=\"font-weight: 400;\">.<\/span>&nbsp;<\/li>\n<li style=\"font-weight: 400;\" aria-level=\"1\"><b>Reich - Altrosa<\/b><span style=\"font-weight: 400;\"> : <\/span><b>Vintage Rose<\/b><span style=\"font-weight: 400;\">F\u00fcr einen Look <\/span><b>subtil<\/b><span style=\"font-weight: 400;\"> und <\/span><b>romantisch<\/b><span style=\"font-weight: 400;\">.<\/span>&nbsp;<\/li>\n<li style=\"font-weight: 400;\" aria-level=\"1\"><b>Geladen - Malvenrosa<\/b><span style=\"font-weight: 400;\"> : <\/span><b>Mauve Pink<\/b><span style=\"font-weight: 400;\"> f\u00fcr einen k\u00fchnen Look <\/span><b>vibrierend<\/b><span style=\"font-weight: 400;\"> und <\/span><b>modern<\/b><span style=\"font-weight: 400;\">.<\/span>&nbsp;<\/li>\n<li style=\"font-weight: 400;\" aria-level=\"1\"><b>Fab-Berry<\/b><span style=\"font-weight: 400;\"> : <\/span><b>Tiefbeere<\/b><span style=\"font-weight: 400;\">Die Farbe ist perfekt f\u00fcr den Look. <\/span><b>schick<\/b><span style=\"font-weight: 400;\"> und <\/span><b>dramatisch<\/b><span style=\"font-weight: 400;\">.<\/span>&nbsp;<\/li>\n<li style=\"font-weight: 400;\" aria-level=\"1\"><b>Drop-Dead - Dunkler Rubin<\/b><span style=\"font-weight: 400;\"> : <\/span><b>Intensives Rot<\/b><span style=\"font-weight: 400;\">F\u00fcr einen Look <\/span><b>sexy<\/b><span style=\"font-weight: 400;\"> und <\/span><b>unwiderstehlich<\/b><span style=\"font-weight: 400;\">.<\/span>&nbsp;<\/li>\n<li style=\"font-weight: 400;\" aria-level=\"1\"><b>Frech - Dunkelbraun<\/b><span style=\"font-weight: 400;\"> : <\/span><b>Tiefbraun<\/b><span style=\"font-weight: 400;\">Dieses dunkle Schwarz ist ideal f\u00fcr einen <\/span><b>nat\u00fcrlich<\/b><span style=\"font-weight: 400;\"> und <\/span><b>Glamour<\/b><span style=\"font-weight: 400;\">.<\/span><\/li>\n<\/ul>\n<p>&nbsp;<\/p>\n<h2><span style=\"font-weight: 400;\">Wie Sie ihn einfach nutzen k\u00f6nnen :<\/span><\/h2>\n<ol>\n<li style=\"font-weight: 400;\" aria-level=\"1\"><b>Bereite deine Lippen vor<\/b><span style=\"font-weight: 400;\"> mit dem Lippenpeeling <\/span><b>MOODSTRUCK<\/b><span style=\"font-weight: 400;\"> f\u00fcr ein optimales Ergebnis. <\/span><b>gleichm\u00e4\u00dfiges Auftragen<\/b><span style=\"font-weight: 400;\">.<\/span>&nbsp;<\/li>\n<li style=\"font-weight: 400;\" aria-level=\"1\"><b>Tragen Sie<\/b><span style=\"font-weight: 400;\"> den Lippenstift mit der Spitze auf die Lippen <\/span><b>abgeschr\u00e4gte Spitze<\/b><span style=\"font-weight: 400;\"> um <\/span><b>zu definieren.<\/b><span style=\"font-weight: 400;\"> Die R\u00e4nder zu definieren.<\/span>&nbsp;<\/li>\n<li style=\"font-weight: 400;\" aria-level=\"1\"><b>F\u00fcllen Sie<\/b><span style=\"font-weight: 400;\"> gleichm\u00e4\u00dfig f\u00fcllen und <\/span><b>trocknen lassen<\/b><span style=\"font-weight: 400;\"> einige Sekunden f\u00fcr einen festen Halt. <\/span><b>Langanhaltender Halt<\/b><span style=\"font-weight: 400;\">.<\/span>&nbsp;<\/li>\n<\/ol>\n<h2><span style=\"font-weight: 400;\">Inhaltsstoffe, die deine Lippen versch\u00f6nern :<\/span><\/h2>\n<h3><b>Die Zutaten, die deine Lippen unwiderstehlich machen :<\/b><\/h3>\n<ul>\n<li style=\"font-weight: 400;\" aria-level=\"1\"><b>Rizinus\u00f6l<\/b><span style=\"font-weight: 400;\"> : <\/span><b>Spendet Feuchtigkeit<\/b><span style=\"font-weight: 400;\"> und <\/span><b>n\u00e4hrt<\/b><span style=\"font-weight: 400;\"> tiefgehend, f\u00fcr sch\u00f6ne Lippen <\/span><b>douces<\/b><span style=\"font-weight: 400;\">, <\/span><b>seidig<\/b><span style=\"font-weight: 400;\">und bereit, zu gl\u00e4nzen.<\/span>&nbsp;<\/li>\n<li style=\"font-weight: 400;\" aria-level=\"1\"><b>Vitamin E<\/b><span style=\"font-weight: 400;\"> : <\/span><b>Sch\u00fctzt<\/b><span style=\"font-weight: 400;\">, <\/span><b>repariert<\/b><span style=\"font-weight: 400;\">und <\/span><b>bewahrt die Feuchtigkeit<\/b><span style=\"font-weight: 400;\">f\u00fcr gesunde Lippen <\/span><b>Gesund<\/b><span style=\"font-weight: 400;\"> und <\/span><b>langanhaltende Lippen<\/b><span style=\"font-weight: 400;\">.<\/span>&nbsp;<\/li>\n<li style=\"font-weight: 400;\" aria-level=\"1\"><b>Wachs aus Euphorbia Cerifera<\/b><span style=\"font-weight: 400;\"> : <\/span><b>Macht  weich.<\/b><span style=\"font-weight: 400;\"> und <\/span><b>Gl\u00e4ttet<\/b><span style=\"font-weight: 400;\"> Die Textur der Lippen wird verfeinert, um ein glattes Finish zu erzielen. <\/span><b>samtig<\/b><span style=\"font-weight: 400;\"> und <\/span><b>glatt<\/b><span style=\"font-weight: 400;\">.<\/span>&nbsp;<\/li>\n<li style=\"font-weight: 400;\" aria-level=\"1\"><b>Kopernikus\u00f6l (Copernicia Cerifera)<\/b><span style=\"font-weight: 400;\"> : <\/span><b>Macht  geschmeidig.<\/b><span style=\"font-weight: 400;\"> und <\/span><b>verleiht einen dezenten Glanz<\/b><span style=\"font-weight: 400;\">Er verleiht den Lippen einen angenehmen Glanz. <\/span><b>Wundersch\u00f6n<\/b><span style=\"font-weight: 400;\"> und strahlend den ganzen Tag.<\/span><\/li>\n<\/ul>\n<p>&nbsp;<\/p>\n<h2><span style=\"font-weight: 400;\">Warum Sie nicht vorbeigehen k\u00f6nnen :<\/span><\/h2>\n<p><span style=\"font-weight: 400;\">Wenn Sie sich perfekte Lippen w\u00fcnschen, die den ganzen Tag lang makellos bleiben, ohne Kompromisse beim Komfort einzugehen, dann ist der <\/span><b>MOODSTRUCK SPLASH Lippenstift.<\/b><span style=\"font-weight: 400;\"> ist <\/span><b>fa<\/b><span style=\"font-weight: 400;\">it f\u00fcr Sie. Seine intensive Farbe bleibt intakt, ohne zu verschmieren, und er versorgt deine Lippen mit Feuchtigkeit f\u00fcr absoluten Komfort. Sie brauchen nicht mehr nachzuf\u00e4rben, denn er begleitet Sie von morgens bis abends mit einem perfekten Finish.    <\/span><b>wundersch\u00f6ne<\/b><span style=\"font-weight: 400;\"> und <\/span><b>gl\u00e4nzend<\/b><span style=\"font-weight: 400;\">.<\/span><\/p>\n<p><span style=\"font-weight: 400;\">Legen Sie ihn jetzt in Ihren Warenkorb und schenken Sie Ihren Lippen eine strahlende Farbe und einen Komfort, der den ganzen Tag anh\u00e4lt!<\/span><\/p>\n<p>&nbsp;<\/p>\n","protected":false},"excerpt":{"rendered":"<p><span style=\"font-weight: 400;\">Sie wissen, wann Sie einen Lippenstift ben\u00f6tigen, der <\/span><b>Sie nicht im Stich l\u00e4sst.<\/b><span style=\"font-weight: 400;\"> und von morgens bis abends makellos bleibt? <\/span><b>Der cremige Lippenstift MOODSTRUCK SPLASH<\/b><span style=\"font-weight: 400;\">ist genau das. Mit einer einzigen Geste kann er   <\/span><b>legt eine leuchtende Farbe ab<\/b><span style=\"font-weight: 400;\">, <\/span><b>spendet Feuchtigkeit<\/b><span style=\"font-weight: 400;\"> meine Lippen und macht sie super <\/span><b>Sie f\u00fchlen sich gut an<\/b><span style=\"font-weight: 400;\">. Es ist ein Muss geworden und ich bin sicher, wenn Sie es einmal ausprobiert haben, werden Sie nicht mehr darauf verzichten wollen!<\/span><\/p>\n","protected":false},"featured_media":11044,"comment_status":"open","ping_status":"closed","template":"","meta":{"_seopress_robots_primary_cat":"none","_seopress_titles_title":"","_seopress_titles_desc":"","_seopress_robots_index":"","site-sidebar-layout":"default","site-content-layout":"","ast-site-content-layout":"default","site-content-style":"default","site-sidebar-style":"default","ast-global-header-display":"","ast-banner-title-visibility":"","ast-main-header-display":"","ast-hfb-above-header-display":"","ast-hfb-below-header-display":"","ast-hfb-mobile-header-display":"","site-post-title":"","ast-breadcrumbs-content":"","ast-featured-img":"","footer-sml-layout":"","ast-disable-related-posts":"","theme-transparent-header-meta":"default","adv-header-id-meta":"","stick-header-meta":"","header-above-stick-meta":"","header-main-stick-meta":"","header-below-stick-meta":"","astra-migrate-meta-layouts":"default","ast-page-background-enabled":"default","ast-page-background-meta":{"desktop":{"background-color":"var(--ast-global-color-4)","background-image":"","background-repeat":"repeat","background-position":"center center","background-size":"auto","background-attachment":"scroll","background-type":"","background-media":"","overlay-type":"","overlay-color":"","overlay-opacity":"","overlay-gradient":""},"tablet":{"background-color":"","background-image":"","background-repeat":"repeat","background-position":"center center","background-size":"auto","background-attachment":"scroll","background-type":"","background-media":"","overlay-type":"","overlay-color":"","overlay-opacity":"","overlay-gradient":""},"mobile":{"background-color":"","background-image":"","background-repeat":"repeat","background-position":"center center","background-size":"auto","background-attachment":"scroll","background-type":"","background-media":"","overlay-type":"","overlay-color":"","overlay-opacity":"","overlay-gradient":""}},"ast-content-background-meta":{"desktop":{"background-color":"var(--ast-global-color-5)","background-image":"","background-repeat":"repeat","background-position":"center center","background-size":"auto","background-attachment":"scroll","background-type":"","background-media":"","overlay-type":"","overlay-color":"","overlay-opacity":"","overlay-gradient":""},"tablet":{"background-color":"var(--ast-global-color-5)","background-image":"","background-repeat":"repeat","background-position":"center center","background-size":"auto","background-attachment":"scroll","background-type":"","background-media":"","overlay-type":"","overlay-color":"","overlay-opacity":"","overlay-gradient":""},"mobile":{"background-color":"var(--ast-global-color-5)","background-image":"","background-repeat":"repeat","background-position":"center center","background-size":"auto","background-attachment":"scroll","background-type":"","background-media":"","overlay-type":"","overlay-color":"","overlay-opacity":"","overlay-gradient":""}}},"product_brand":[],"product_cat":[114],"product_tag":[],"class_list":{"0":"post-11040","1":"product","2":"type-product","3":"status-publish","4":"has-post-thumbnail","6":"product_cat-lippen","7":"desktop-align-left","8":"tablet-align-left","9":"mobile-align-left","11":"first","12":"instock","13":"sale","14":"shipping-taxable","15":"product-type-external"},"_links":{"self":[{"href":"https:\/\/youniquebyemilie.com\/de\/wp-json\/wp\/v2\/product\/11040","targetHints":{"allow":["GET"]}}],"collection":[{"href":"https:\/\/youniquebyemilie.com\/de\/wp-json\/wp\/v2\/product"}],"about":[{"href":"https:\/\/youniquebyemilie.com\/de\/wp-json\/wp\/v2\/types\/product"}],"replies":[{"embeddable":true,"href":"https:\/\/youniquebyemilie.com\/de\/wp-json\/wp\/v2\/comments?post=11040"}],"wp:featuredmedia":[{"embeddable":true,"href":"https:\/\/youniquebyemilie.com\/de\/wp-json\/wp\/v2\/media\/11044"}],"wp:attachment":[{"href":"https:\/\/youniquebyemilie.com\/de\/wp-json\/wp\/v2\/media?parent=11040"}],"wp:term":[{"taxonomy":"product_brand","embeddable":true,"href":"https:\/\/youniquebyemilie.com\/de\/wp-json\/wp\/v2\/product_brand?post=11040"},{"taxonomy":"product_cat","embeddable":true,"href":"https:\/\/youniquebyemilie.com\/de\/wp-json\/wp\/v2\/product_cat?post=11040"},{"taxonomy":"product_tag","embeddable":true,"href":"https:\/\/youniquebyemilie.com\/de\/wp-json\/wp\/v2\/product_tag?post=11040"}],"curies":[{"name":"wp","href":"https:\/\/api.w.org\/{rel}","templated":true}]}}