{"id":11107,"date":"2025-07-24T18:42:35","date_gmt":"2025-07-24T16:42:35","guid":{"rendered":"https:\/\/youniquebyemilie.com\/produit\/lippenmaske-you-ology\/"},"modified":"2025-07-24T18:42:35","modified_gmt":"2025-07-24T16:42:35","slug":"lippenmaske-you-ology","status":"publish","type":"product","link":"https:\/\/youniquebyemilie.com\/de\/produit\/lippenmaske-you-ology\/","title":{"rendered":"Lippenmaske YOU OLOGY"},"content":{"rendered":"<p><span style=\"font-weight: 400;\">Kennen Sie das Gef\u00fchl von trockenen, spr\u00f6den Lippen? Ich kenne es, vor allem nach einem harten Winter. Als ich dann den    <\/span><b>Lippenmaske YOU-OLOGY<\/b><span style=\"font-weight: 400;\">Als ich das erste Mal von YOULOYOG h\u00f6rte, dachte ich: &#8222;Das ist genau das, was ich brauche! Und ehrlich gesagt, ich bin nicht entt\u00e4uscht.<\/span><\/p>\n<p><span style=\"font-weight: 400;\">Diese Maske ist zu meinem Verb\u00fcndeten geworden. Eine Anwendung am Abend und am Morgen wache ich mit weichen, feuchten Lippen auf, die bereit sind zu gl\u00e4nzen. Ich brauche kein Aufheben, so einfach ist das. Au\u00dferdem wurde er f\u00fcr Frauen entwickelt, die es eilig haben und eine schnelle, aber effektive Pflege w\u00fcnschen.   <\/span><\/p>\n<h2><span style=\"font-weight: 400;\">Warum Sie diese Maske lieben werden  <\/span><\/h2>\n<ul>\n<li style=\"font-weight: 400;\" aria-level=\"1\"><b>Super gen\u00e4hrte Lippen :<\/b><span style=\"font-weight: 400;\">  Nach dem ersten Auftragen werden Ihre Lippen sofort mit Feuchtigkeit versorgt und gen\u00e4hrt. Sheabutter und Kokosnuss\u00f6l wirken tief in die Haut ein und sorgen f\u00fcr ein ultra-glattes Ergebnis. <\/span>&nbsp;<\/li>\n<li style=\"font-weight: 400;\" aria-level=\"1\"><b>Eine magische Textur :<\/b> <b>Die Holly-Day Edition<\/b><span style=\"font-weight: 400;\"> Edition bietet Ihnen eine leichte Gel-Textur und einen leichten Duft. <\/span><b>fruchtigen Duft von Passionsfrucht<\/b><span style=\"font-weight: 400;\">  was das Auftragen noch angenehmer macht. Es ist wie ein kleiner Gl\u00fccksmoment unter der Dusche! <\/span>&nbsp;<\/li>\n<li style=\"font-weight: 400;\" aria-level=\"1\"><b>Eine intensive Pflege f\u00fcr deine Lippen :<\/b><span style=\"font-weight: 400;\">  Dank seiner Formel werden Ihre Lippen sichtbar weicher, glatter und sind bereit, den Aggressionen des Tages zu trotzen. Es ist ein wahrer Frischekick. <\/span>&nbsp;<\/li>\n<li style=\"font-weight: 400;\" aria-level=\"1\"><b>Luxus zum kleinen Preis :<\/b><span style=\"font-weight: 400;\">  Ja, Sie haben richtig gelesen! Eine hochwertige Pflege, die sanft und effektiv ist, ohne Sie zu ruinieren. <\/span>&nbsp;<\/li>\n<\/ul>\n<h2><span style=\"font-weight: 400;\">Wie man es benutzt  <\/span><\/h2>\n<ol>\n<li style=\"font-weight: 400;\" aria-level=\"1\"><b>Abends anwenden:<\/b><span style=\"font-weight: 400;\"> Massieren Sie das Produkt auf Ihre Lippen und lassen Sie es \u00fcber Nacht einwirken.<\/span>&nbsp;<\/li>\n<li style=\"font-weight: 400;\" aria-level=\"1\"><b>Wischen Sie vorsichtig ab:<\/b><span style=\"font-weight: 400;\"> Verwende ein feuchtes Tuch, um \u00fcbersch\u00fcssiges Material zu entfernen, und schon hast du weiche Lippen!<\/span>&nbsp;<\/li>\n<li style=\"font-weight: 400;\" aria-level=\"1\"><b>T\u00e4gliche Nutzung :<\/b><span style=\"font-weight: 400;\">  Um ein optimales Ergebnis zu erzielen, verwenden Sie ihn jeden Abend vor dem Schlafengehen. Und ehrlich gesagt, Ihre Lippen werden es Ihnen jeden Morgen danken. <\/span>&nbsp;<\/li>\n<\/ol>\n<h2><span style=\"font-weight: 400;\">Die Geheimnisse dieser Zauberformel  <\/span><\/h2>\n<ul>\n<li style=\"font-weight: 400;\" aria-level=\"1\"><b>Squalan :<\/b><span style=\"font-weight: 400;\"> Ein starker Feuchtigkeitsspender, der deine Lippen beruhigt und pflegt.<\/span>&nbsp;<\/li>\n<li style=\"font-weight: 400;\" aria-level=\"1\"><b>Shea Butter :<\/b><span style=\"font-weight: 400;\"> Super n\u00e4hrend und perfekt, um die Elastizit\u00e4t der Lippen zu erhalten.<\/span>&nbsp;<\/li>\n<li style=\"font-weight: 400;\" aria-level=\"1\"><b>Kokosnuss\u00f6l &amp; Oliven\u00f6l :<\/b><span style=\"font-weight: 400;\"> Diese \u00d6le versorgen deine Lippen mit den N\u00e4hrstoffen, die sie brauchen, um geschmeidig und sch\u00f6n zu bleiben.<\/span>&nbsp;<\/li>\n<li style=\"font-weight: 400;\" aria-level=\"1\"><b>Fruchtiger Duft von Passionsfrucht:<\/b><span style=\"font-weight: 400;\">  Dieser Duft gibt Ihnen das Gef\u00fchl, in einem Spa zu sein. Jede Anwendung ist ein kleiner Moment des Vergn\u00fcgens. <\/span>&nbsp;<\/li>\n<\/ul>\n<h2><span style=\"font-weight: 400;\">Das sagen die Nutzerinnen :<\/span><\/h2>\n<ul>\n<li style=\"font-weight: 400;\" aria-level=\"1\"><b>94%<\/b><span style=\"font-weight: 400;\"> der Anwender finden, dass ihre Lippen bereits nach der ersten Anwendung gepflegt und mit Feuchtigkeit versorgt werden.<\/span>&nbsp;<\/li>\n<li style=\"font-weight: 400;\" aria-level=\"1\"><b>91%<\/b><span style=\"font-weight: 400;\"> bemerken eine Verbesserung ihrer Lippenstruktur.<\/span>&nbsp;<\/li>\n<li style=\"font-weight: 400;\" aria-level=\"1\"><b>88%<\/b><span style=\"font-weight: 400;\"> stellen fest, dass ihre Lippen nach fortgesetzter Anwendung glatter und weicher sind.<\/span>&nbsp;<\/li>\n<li style=\"font-weight: 400;\" aria-level=\"1\"><b>81%<\/b><span style=\"font-weight: 400;\"> sagen, dass das Produkt hilft, trockene und spr\u00f6de Lippen zu reduzieren.<\/span>&nbsp;<\/li>\n<\/ul>\n<p><span style=\"font-weight: 400;\">Sie haben nichts zu verlieren, nur gepflegte Lippen.<\/span><b> nur weiche, gepflegte Lippen zu gewinnen!<\/b><span style=\"font-weight: 400;\"> Legen Sie die YOU-OLOGY Lip Mask in den Warenkorb und verwandeln Sie Ihre Lippen noch heute Nacht.<\/span><\/p>\n<p>&nbsp;<\/p>\n","protected":false},"excerpt":{"rendered":"<p><span style=\"font-weight: 400;\">Kennen Sie das Gef\u00fchl von trockenen, spr\u00f6den Lippen? Ich kenne es, vor allem nach einem harten Winter. Als ich dann den    <\/span><b>Lippenmaske YOU-OLOGY<\/b><span style=\"font-weight: 400;\">Als ich das erste Mal von YOULOYOG h\u00f6rte, dachte ich: &#8222;Das ist genau das, was ich brauche! Und ehrlich gesagt, ich bin nicht entt\u00e4uscht.<\/span><\/p>\n<p><span style=\"font-weight: 400;\">Diese Maske ist zu meinem Verb\u00fcndeten geworden. Eine Anwendung am Abend und am Morgen wache ich mit weichen, feuchten Lippen auf, die bereit sind zu gl\u00e4nzen. Ich brauche kein Aufheben, so einfach ist das. Au\u00dferdem wurde er f\u00fcr Frauen entwickelt, die es eilig haben und eine schnelle, aber effektive Pflege w\u00fcnschen.   <\/span><\/p>\n","protected":false},"featured_media":11113,"comment_status":"open","ping_status":"closed","template":"","meta":{"_seopress_robots_primary_cat":"none","_seopress_titles_title":"","_seopress_titles_desc":"","_seopress_robots_index":"","site-sidebar-layout":"default","site-content-layout":"","ast-site-content-layout":"default","site-content-style":"default","site-sidebar-style":"default","ast-global-header-display":"","ast-banner-title-visibility":"","ast-main-header-display":"","ast-hfb-above-header-display":"","ast-hfb-below-header-display":"","ast-hfb-mobile-header-display":"","site-post-title":"","ast-breadcrumbs-content":"","ast-featured-img":"","footer-sml-layout":"","ast-disable-related-posts":"","theme-transparent-header-meta":"default","adv-header-id-meta":"","stick-header-meta":"","header-above-stick-meta":"","header-main-stick-meta":"","header-below-stick-meta":"","astra-migrate-meta-layouts":"default","ast-page-background-enabled":"default","ast-page-background-meta":{"desktop":{"background-color":"var(--ast-global-color-4)","background-image":"","background-repeat":"repeat","background-position":"center center","background-size":"auto","background-attachment":"scroll","background-type":"","background-media":"","overlay-type":"","overlay-color":"","overlay-opacity":"","overlay-gradient":""},"tablet":{"background-color":"","background-image":"","background-repeat":"repeat","background-position":"center center","background-size":"auto","background-attachment":"scroll","background-type":"","background-media":"","overlay-type":"","overlay-color":"","overlay-opacity":"","overlay-gradient":""},"mobile":{"background-color":"","background-image":"","background-repeat":"repeat","background-position":"center center","background-size":"auto","background-attachment":"scroll","background-type":"","background-media":"","overlay-type":"","overlay-color":"","overlay-opacity":"","overlay-gradient":""}},"ast-content-background-meta":{"desktop":{"background-color":"var(--ast-global-color-5)","background-image":"","background-repeat":"repeat","background-position":"center center","background-size":"auto","background-attachment":"scroll","background-type":"","background-media":"","overlay-type":"","overlay-color":"","overlay-opacity":"","overlay-gradient":""},"tablet":{"background-color":"var(--ast-global-color-5)","background-image":"","background-repeat":"repeat","background-position":"center center","background-size":"auto","background-attachment":"scroll","background-type":"","background-media":"","overlay-type":"","overlay-color":"","overlay-opacity":"","overlay-gradient":""},"mobile":{"background-color":"var(--ast-global-color-5)","background-image":"","background-repeat":"repeat","background-position":"center center","background-size":"auto","background-attachment":"scroll","background-type":"","background-media":"","overlay-type":"","overlay-color":"","overlay-opacity":"","overlay-gradient":""}}},"product_brand":[],"product_cat":[114],"product_tag":[],"class_list":{"0":"post-11107","1":"product","2":"type-product","3":"status-publish","4":"has-post-thumbnail","6":"product_cat-lippen","7":"desktop-align-left","8":"tablet-align-left","9":"mobile-align-left","11":"first","12":"instock","13":"sale","14":"shipping-taxable","15":"product-type-external"},"_links":{"self":[{"href":"https:\/\/youniquebyemilie.com\/de\/wp-json\/wp\/v2\/product\/11107","targetHints":{"allow":["GET"]}}],"collection":[{"href":"https:\/\/youniquebyemilie.com\/de\/wp-json\/wp\/v2\/product"}],"about":[{"href":"https:\/\/youniquebyemilie.com\/de\/wp-json\/wp\/v2\/types\/product"}],"replies":[{"embeddable":true,"href":"https:\/\/youniquebyemilie.com\/de\/wp-json\/wp\/v2\/comments?post=11107"}],"wp:featuredmedia":[{"embeddable":true,"href":"https:\/\/youniquebyemilie.com\/de\/wp-json\/wp\/v2\/media\/11113"}],"wp:attachment":[{"href":"https:\/\/youniquebyemilie.com\/de\/wp-json\/wp\/v2\/media?parent=11107"}],"wp:term":[{"taxonomy":"product_brand","embeddable":true,"href":"https:\/\/youniquebyemilie.com\/de\/wp-json\/wp\/v2\/product_brand?post=11107"},{"taxonomy":"product_cat","embeddable":true,"href":"https:\/\/youniquebyemilie.com\/de\/wp-json\/wp\/v2\/product_cat?post=11107"},{"taxonomy":"product_tag","embeddable":true,"href":"https:\/\/youniquebyemilie.com\/de\/wp-json\/wp\/v2\/product_tag?post=11107"}],"curies":[{"name":"wp","href":"https:\/\/api.w.org\/{rel}","templated":true}]}}