{"id":11147,"date":"2025-07-24T17:34:35","date_gmt":"2025-07-24T15:34:35","guid":{"rendered":"https:\/\/youniquebyemilie.com\/produit\/abdeckstift-younique-touch\/"},"modified":"2025-07-24T17:34:35","modified_gmt":"2025-07-24T15:34:35","slug":"abdeckstift-younique-touch","status":"publish","type":"product","link":"https:\/\/youniquebyemilie.com\/de\/produit\/abdeckstift-younique-touch\/","title":{"rendered":"Abdeckstift YOUNIQUE TOUCH"},"content":{"rendered":"<p><span style=\"font-weight: 400;\">Ich muss zugeben, dass das Abdecken von Augenringen und Unreinheiten immer ein R\u00e4tsel war. Entweder war es zu schwer oder es hielt nicht und ich habe es mitten am Tag weggewischt. Dann habe ich den Concealer getestet.    <\/span><b>YOUNIQUE TOUCH<\/b><span style=\"font-weight: 400;\">und es war eine Offenbarung. Die volle Deckkraft ist modulierbar, er l\u00e4sst sich leicht verblenden und vor allem pflegt er meine Haut mit seinen n\u00e4hrenden Inhaltsstoffen. Er ist ein Muss in meiner Kosmetiktasche geworden und ich kann Ihnen nur empfehlen, ihn auszuprobieren.  <\/span><\/p>\n<h2><span style=\"font-weight: 400;\">Was Sie mit YOUNIQUE TOUCH wirklich verdienen<\/span><\/h2>\n<ul>\n<li style=\"font-weight: 400;\" aria-level=\"1\"><b>Eine vollst\u00e4ndige Abdeckung, die Augenringe sofort kaschiert.<\/b><span style=\"font-weight: 400;\">Die Haut ist nicht mehr sichtbar.<\/span>&nbsp;<\/li>\n<li style=\"font-weight: 400;\" aria-level=\"1\"><span style=\"font-weight: 400;\">Eine Formel, die mit Koffein, Natriumhyaluronat, Vitamin E und Squalan angereichert ist. <\/span><b>Ihre Haut revitalisiert und mit Feuchtigkeit versorgt.<\/b><span style=\"font-weight: 400;\">.<\/span>&nbsp;<\/li>\n<li style=\"font-weight: 400;\" aria-level=\"1\"><b>Ein lang anhaltender Halt ohne Gipseffekt<\/b><span style=\"font-weight: 400;\">Das Ergebnis ist ein frischer, nat\u00fcrlicher Teint von morgens bis abends.<\/span>&nbsp;<\/li>\n<li style=\"font-weight: 400;\" aria-level=\"1\"><b>Ein innovativer mobiler Applikator<\/b><span style=\"font-weight: 400;\"> der es Ihnen erm\u00f6glicht, \u00fcberall und ohne Verschwendung pr\u00e4zise Korrekturen vorzunehmen.<\/span>&nbsp;<\/li>\n<\/ul>\n<h2><span style=\"font-weight: 400;\">Eine Reihe von Farbt\u00f6nen f\u00fcr jeden Hautton<\/span><\/h2>\n<p><span style=\"font-weight: 400;\">Mit 20 verf\u00fcgbaren Farbt\u00f6nen ist es ein Kinderspiel, Ihren perfekten Farbton zu finden. Ob Sie ein warmes Beige, eine gelb-goldene Nuance, ein dezentes Pfirsich oder ein zartes Rosa suchen, YOUNIQUE TOUCH passt sich perfekt an Ihren Hautton an und sorgt f\u00fcr ein nat\u00fcrliches und strahlendes Aussehen. <\/span><\/p>\n<h2><span style=\"font-weight: 400;\">Wie trage ich meinen YOUNIQUE TOUCH Concealer auf?<\/span><\/h2>\n<h3><span style=\"font-weight: 400;\">F\u00fcr kleine Unvollkommenheiten :<\/span><\/h3>\n<ol>\n<li style=\"font-weight: 400;\" aria-level=\"1\"><span style=\"font-weight: 400;\">Geben Sie mit der abgerundeten Applikatorspitze eine kleine Menge des Produkts auf.<\/span>&nbsp;<\/li>\n<li style=\"font-weight: 400;\" aria-level=\"1\"><span style=\"font-weight: 400;\">Verblenden Sie es sanft mit den Fingerspitzen oder dem YOUNIQUE Concealer Pinsel f\u00fcr ein nat\u00fcrliches Finish.<\/span>&nbsp;<\/li>\n<\/ol>\n<h3><span style=\"font-weight: 400;\">F\u00fcr gr\u00f6\u00dfere Bereiche wie die Unterseite der Augen :<\/span><\/h3>\n<ol>\n<li style=\"font-weight: 400;\" aria-level=\"1\"><span style=\"font-weight: 400;\">Tragen Sie den Concealer unter den Augen oder als Highlighter mit der flachen Seite des Applikators auf.<\/span>&nbsp;<\/li>\n<li style=\"font-weight: 400;\" aria-level=\"1\"><span style=\"font-weight: 400;\">Verblenden Sie mit den Fingern oder einem geeigneten Pinsel, um ein helles und gleichm\u00e4\u00dfiges Ergebnis zu erzielen.<\/span>&nbsp;<\/li>\n<\/ol>\n<p><span style=\"font-weight: 400;\">Machen Sie sich die Einfachheit einer pr\u00e4zisen und modulierbaren Anwendung zu eigen. Bestellen Sie jetzt Ihren YOUNIQUE TOUCH Concealer und erhalten Sie einen strahlenden, makellosen Teint. <\/span><\/p>\n<h2><span style=\"font-weight: 400;\">Inhaltsstoffe, die Ihre Haut pflegen<\/span><\/h2>\n<ul>\n<li style=\"font-weight: 400;\" aria-level=\"1\"><b>Koffein<\/b><span style=\"font-weight: 400;\"> : Stimuliert die Mikrozirkulation und reduziert Erm\u00fcdungserscheinungen.<\/span>&nbsp;<\/li>\n<li style=\"font-weight: 400;\" aria-level=\"1\"><b>Natriumhyaluronat<\/b><span style=\"font-weight: 400;\"> : spendet intensiv Feuchtigkeit und polstert die Haut auf.<\/span>&nbsp;<\/li>\n<li style=\"font-weight: 400;\" aria-level=\"1\"><b>Vitamin E<\/b><span style=\"font-weight: 400;\"> : Sch\u00fctzt die Haut durch seine antioxidativen Eigenschaften.<\/span>&nbsp;<\/li>\n<li style=\"font-weight: 400;\" aria-level=\"1\"><b>Squalane<\/b><span style=\"font-weight: 400;\"> Squalane: n\u00e4hrt tief, ohne zu fetten.<\/span>&nbsp;<\/li>\n<\/ul>\n<h2><span style=\"font-weight: 400;\">Was die Nutzerinnen sagen<\/span><\/h2>\n<ul>\n<li style=\"font-weight: 400;\" aria-level=\"1\"><b>94 %<\/b><span style=\"font-weight: 400;\"> stellen eine hohe Deckkraft unmittelbar nach dem Auftragen fest.*.<\/span>&nbsp;<\/li>\n<li style=\"font-weight: 400;\" aria-level=\"1\"><b>91 %<\/b><span style=\"font-weight: 400;\"> finden, dass ihre Hautunreinheiten perfekt kaschiert werden.*.<\/span>&nbsp;<\/li>\n<li style=\"font-weight: 400;\" aria-level=\"1\"><b>92 %<\/b><span style=\"font-weight: 400;\"> m\u00fcssen tags\u00fcber nicht nachgebessert werden.<\/span>&nbsp;<\/li>\n<\/ul>\n<p><span style=\"font-weight: 400;\">*Ergebnisse einer unabh\u00e4ngigen Umfrage unter US-amerikanischen Verbraucherinnen. Die Ergebnisse k\u00f6nnen abweichen. <\/span><\/p>\n<h2><span style=\"font-weight: 400;\">FAQ : Abdeckstift YOUNIQUE TOUCH<\/span><\/h2>\n<ol>\n<li><b>  Ist es f\u00fcr empfindliche Haut geeignet?<\/b><b><br \/>\n<\/b><span style=\"font-weight: 400;\">  Ja, seine milde und n\u00e4hrende Formel ist selbst f\u00fcr die empfindlichste Haut geeignet.<\/span><\/li>\n<li><b>  Kann der Korrektor auch f\u00fcr Korrekturen w\u00e4hrend des Tages verwendet werden?<\/b><b><br \/>\n<\/b><span style=\"font-weight: 400;\">  Ja, der tragbare Applikator erm\u00f6glicht jederzeit einfache und pr\u00e4zise Korrekturen.<\/span><\/li>\n<li><b>  Was ist die Haltbarkeit des Korrektors?<\/b><b><br \/>\n<\/b><span style=\"font-weight: 400;\">  Es h\u00e4lt den ganzen Tag ohne Gips- oder Markierungseffekt.<\/span><\/li>\n<li><b>  Ist das Produkt komedogen?<\/b><b><br \/>\n<\/b><span style=\"font-weight: 400;\">  Nein, es respektiert Ihre Haut, ohne die Poren zu verstopfen.<\/span><\/li>\n<li><b>  Wie lange dauert eine Tube?<\/b><b><br \/>\n<\/b><span style=\"font-weight: 400;\">  Bei regelm\u00e4\u00dfigem Gebrauch h\u00e4lt eine Tube mehrere Monate.<\/span><\/li>\n<\/ol>\n<p><span style=\"font-weight: 400;\">G\u00f6nnen Sie sich das Vertrauen eines korrigierten, frischen und strahlenden Teints von morgens bis abends. Bestellen Sie noch heute Ihren YOUNIQUE TOUCH Concealer und f\u00fchlen Sie den Unterschied. <\/span><\/p>\n<p>&nbsp;<\/p>\n","protected":false},"excerpt":{"rendered":"<p><span style=\"font-weight: 400;\">Ich muss zugeben, dass das Abdecken von Augenringen und Unreinheiten immer ein R\u00e4tsel war. Entweder war es zu schwer oder es hielt nicht und ich habe es mitten am Tag weggewischt. Dann habe ich den Concealer getestet.    <\/span><b>YOUNIQUE TOUCH<\/b><span style=\"font-weight: 400;\">und es war eine Offenbarung. Die volle Deckkraft ist modulierbar, er l\u00e4sst sich leicht verblenden und vor allem pflegt er meine Haut mit seinen n\u00e4hrenden Inhaltsstoffen. Er ist ein Muss in meiner Kosmetiktasche geworden und ich kann Ihnen nur empfehlen, ihn auszuprobieren.  <\/span><\/p>\n","protected":false},"featured_media":11152,"comment_status":"open","ping_status":"closed","template":"","meta":{"_seopress_robots_primary_cat":"none","_seopress_titles_title":"","_seopress_titles_desc":"","_seopress_robots_index":"","site-sidebar-layout":"default","site-content-layout":"","ast-site-content-layout":"default","site-content-style":"default","site-sidebar-style":"default","ast-global-header-display":"","ast-banner-title-visibility":"","ast-main-header-display":"","ast-hfb-above-header-display":"","ast-hfb-below-header-display":"","ast-hfb-mobile-header-display":"","site-post-title":"","ast-breadcrumbs-content":"","ast-featured-img":"","footer-sml-layout":"","ast-disable-related-posts":"","theme-transparent-header-meta":"default","adv-header-id-meta":"","stick-header-meta":"","header-above-stick-meta":"","header-main-stick-meta":"","header-below-stick-meta":"","astra-migrate-meta-layouts":"default","ast-page-background-enabled":"default","ast-page-background-meta":{"desktop":{"background-color":"var(--ast-global-color-4)","background-image":"","background-repeat":"repeat","background-position":"center center","background-size":"auto","background-attachment":"scroll","background-type":"","background-media":"","overlay-type":"","overlay-color":"","overlay-opacity":"","overlay-gradient":""},"tablet":{"background-color":"","background-image":"","background-repeat":"repeat","background-position":"center center","background-size":"auto","background-attachment":"scroll","background-type":"","background-media":"","overlay-type":"","overlay-color":"","overlay-opacity":"","overlay-gradient":""},"mobile":{"background-color":"","background-image":"","background-repeat":"repeat","background-position":"center center","background-size":"auto","background-attachment":"scroll","background-type":"","background-media":"","overlay-type":"","overlay-color":"","overlay-opacity":"","overlay-gradient":""}},"ast-content-background-meta":{"desktop":{"background-color":"var(--ast-global-color-5)","background-image":"","background-repeat":"repeat","background-position":"center center","background-size":"auto","background-attachment":"scroll","background-type":"","background-media":"","overlay-type":"","overlay-color":"","overlay-opacity":"","overlay-gradient":""},"tablet":{"background-color":"var(--ast-global-color-5)","background-image":"","background-repeat":"repeat","background-position":"center center","background-size":"auto","background-attachment":"scroll","background-type":"","background-media":"","overlay-type":"","overlay-color":"","overlay-opacity":"","overlay-gradient":""},"mobile":{"background-color":"var(--ast-global-color-5)","background-image":"","background-repeat":"repeat","background-position":"center center","background-size":"auto","background-attachment":"scroll","background-type":"","background-media":"","overlay-type":"","overlay-color":"","overlay-opacity":"","overlay-gradient":""}}},"product_brand":[],"product_cat":[105],"product_tag":[],"class_list":{"0":"post-11147","1":"product","2":"type-product","3":"status-publish","4":"has-post-thumbnail","6":"product_cat-gesicht","7":"desktop-align-left","8":"tablet-align-left","9":"mobile-align-left","11":"first","12":"instock","13":"sale","14":"shipping-taxable","15":"product-type-external"},"_links":{"self":[{"href":"https:\/\/youniquebyemilie.com\/de\/wp-json\/wp\/v2\/product\/11147","targetHints":{"allow":["GET"]}}],"collection":[{"href":"https:\/\/youniquebyemilie.com\/de\/wp-json\/wp\/v2\/product"}],"about":[{"href":"https:\/\/youniquebyemilie.com\/de\/wp-json\/wp\/v2\/types\/product"}],"replies":[{"embeddable":true,"href":"https:\/\/youniquebyemilie.com\/de\/wp-json\/wp\/v2\/comments?post=11147"}],"wp:featuredmedia":[{"embeddable":true,"href":"https:\/\/youniquebyemilie.com\/de\/wp-json\/wp\/v2\/media\/11152"}],"wp:attachment":[{"href":"https:\/\/youniquebyemilie.com\/de\/wp-json\/wp\/v2\/media?parent=11147"}],"wp:term":[{"taxonomy":"product_brand","embeddable":true,"href":"https:\/\/youniquebyemilie.com\/de\/wp-json\/wp\/v2\/product_brand?post=11147"},{"taxonomy":"product_cat","embeddable":true,"href":"https:\/\/youniquebyemilie.com\/de\/wp-json\/wp\/v2\/product_cat?post=11147"},{"taxonomy":"product_tag","embeddable":true,"href":"https:\/\/youniquebyemilie.com\/de\/wp-json\/wp\/v2\/product_tag?post=11147"}],"curies":[{"name":"wp","href":"https:\/\/api.w.org\/{rel}","templated":true}]}}