{"id":11175,"date":"2025-07-25T08:21:36","date_gmt":"2025-07-25T06:21:36","guid":{"rendered":"https:\/\/youniquebyemilie.com\/produit\/creme-maske-mit-tonerde-und-kohle-you-niversal\/"},"modified":"2025-11-28T15:51:02","modified_gmt":"2025-11-28T14:51:02","slug":"creme-maske-mit-tonerde-und-kohle-you-niversal","status":"publish","type":"product","link":"https:\/\/youniquebyemilie.com\/de\/produit\/creme-maske-mit-tonerde-und-kohle-you-niversal\/","title":{"rendered":"Creme-Maske mit Tonerde und Kohle YOU NIVERSAL"},"content":{"rendered":"<p><span style=\"font-weight: 400;\">Haben Sie jemals eine Reinigungsmaske ausprobiert, die wirklich die Arbeit macht? Sie reinigt nicht nur, sondern l\u00e4sst Ihre Haut auch strahlend und glatt aussehen? Lassen Sie mich Ihnen von der    <\/span><b>YOU-NIVERSAL Creme-Maske mit Tonerde und Kohle<\/b><span style=\"font-weight: 400;\">.<\/span><\/p>\n<p><span style=\"font-weight: 400;\">Diese Maske ist wie ein frischer Wind f\u00fcr Ihre Haut! Sie ist formuliert f\u00fcr <\/span> <b> \u00fcbersch\u00fcssiges Sebum absorbieren<\/b><span style=\"font-weight: 400;\">, <\/span><b>Ihre Haut zu entgiften und zu reinigen<\/b><span style=\"font-weight: 400;\">. Mit<\/span> <b> Kaolin-Ton<\/b><span style=\"font-weight: 400;\"> und <\/span><b>Kohle<\/b><span style=\"font-weight: 400;\">Sie f\u00e4ngt alle Unreinheiten auf und hinterl\u00e4sst eine reine Haut. <\/span><b>ultrafrisch und rein<\/b><span style=\"font-weight: 400;\">. Aber warten Sie, das ist noch nicht alles! Dank der Extrakte aus Trauben und Ingwer wird Ihr Teint entgiftet und Ihr Gesicht beruhigt und mit Feuchtigkeit versorgt. <\/span><\/p>\n<p><span style=\"font-weight: 400;\">Die <\/span><b>Karit\u00e9butter<\/b><span style=\"font-weight: 400;\"> und die<\/span><b> Niacinamid<\/b><span style=\"font-weight: 400;\">  machen die Haut weich und ausgeglichen und reduzieren R\u00f6tungen. Dies ist die perfekte Kombination f\u00fcr einen strahlenden Teint und eine glatte Haut. Keine sichtbaren Poren und kein \u00fcberm\u00e4\u00dfiger Glanz mehr!  <\/span><\/p>\n<h2><span style=\"font-weight: 400;\">Warum Sie es lieben werden :<\/span><\/h2>\n<ul>\n<li style=\"font-weight: 400;\" aria-level=\"1\"><b>Sofortige Reduzierung der Poren<\/b><span style=\"font-weight: 400;\"> Bereits nach der ersten Anwendung stellten 93% der Anwender fest, dass ihre Poren sichtbar verkleinert und befreit wurden.<\/span>&nbsp;<\/li>\n<li style=\"font-weight: 400;\" aria-level=\"1\"><b>Weichere und glattere Haut<\/b><span style=\"font-weight: 400;\"> Die Kaolin- und Kohle-Tonerde sorgt in Kombination mit Sheabutter f\u00fcr eine unglaublich weiche und glatte Haut.<\/span>&nbsp;<\/li>\n<li style=\"font-weight: 400;\" aria-level=\"1\"><b>Ausgeglichener und frischer Teint<\/b><span style=\"font-weight: 400;\"> Dank Niacinamid ist Ihr Teint ebenm\u00e4\u00dfiger und R\u00f6tungen werden reduziert.<\/span>&nbsp;<\/li>\n<li style=\"font-weight: 400;\" aria-level=\"1\"><b>Intensive Entgiftung<\/b><span style=\"font-weight: 400;\"> Trauben- und Ingwerextrakte entfernen Giftstoffe und Unreinheiten aus der Haut und n\u00e4hren sie gleichzeitig.<\/span>&nbsp;<\/li>\n<li style=\"font-weight: 400;\" aria-level=\"1\"><b>Einfach aufzutragen<\/b><span style=\"font-weight: 400;\"> F\u00fcr eine perfekte Anwendung kombinieren Sie ihn mit dem Younique Maskenpinsel, um ein optimales Ergebnis zu erzielen.<\/span>&nbsp;<\/li>\n<\/ul>\n<h3><span style=\"font-weight: 400;\">Wichtigste Zutaten :<\/span><\/h3>\n<ul>\n<li style=\"font-weight: 400;\" aria-level=\"1\"><b>Kaolin Tonerde<\/b><span style=\"font-weight: 400;\"> Kaolin: Ein kl\u00e4rendes Mittel, das die Haut reinigt und \u00fcbersch\u00fcssigen Talg absorbiert, w\u00e4hrend es die Haut weich macht.<\/span>&nbsp;<\/li>\n<li style=\"font-weight: 400;\" aria-level=\"1\"><b>Aktivkohle<\/b><span style=\"font-weight: 400;\"> : F\u00e4ngt Unreinheiten auf und hilft, die Poren zu entstopfen.<\/span>&nbsp;<\/li>\n<li style=\"font-weight: 400;\" aria-level=\"1\"><b>Niacinamid<\/b><span style=\"font-weight: 400;\"> Verbessert die Hautstruktur und reduziert das Erscheinungsbild von R\u00f6tungen.<\/span>&nbsp;<\/li>\n<li style=\"font-weight: 400;\" aria-level=\"1\"><b>Shea-Butter<\/b><span style=\"font-weight: 400;\"> Feuchtigkeit: Spendet der Haut Feuchtigkeit und N\u00e4hrstoffe und verleiht ihr ein angenehmes Gef\u00fchl.<\/span>&nbsp;<\/li>\n<li style=\"font-weight: 400;\" aria-level=\"1\"><b>Trauben- und Ingwerextrakt<\/b><span style=\"font-weight: 400;\"> Antioxidantien: Starke Antioxidantien, die die Haut entgiften und revitalisieren.<\/span>&nbsp;<\/li>\n<\/ul>\n<h2><span style=\"font-weight: 400;\">Wie man es benutzt :<\/span><\/h2>\n<ol>\n<li style=\"font-weight: 400;\" aria-level=\"1\"><b>Tragen Sie eine gleichm\u00e4\u00dfige Schicht auf.<\/b><span style=\"font-weight: 400;\"> auf die saubere Haut.<\/span>&nbsp;<\/li>\n<li style=\"font-weight: 400;\" aria-level=\"1\"><b>Massieren Sie die Masse leicht ein.<\/b><span style=\"font-weight: 400;\"> um die Kohlek\u00fcgelchen mit der cremigen Tonerde zu vermischen und ihren Nutzen freizusetzen.<\/span>&nbsp;<\/li>\n<li style=\"font-weight: 400;\" aria-level=\"1\"><b>Lassen Sie es einwirken.<\/b><span style=\"font-weight: 400;\"> 10 Minuten lang einwirken lassen.<\/span>&nbsp;<\/li>\n<li style=\"font-weight: 400;\" aria-level=\"1\"><b>Sp\u00fclen Sie  ab.<\/b><span style=\"font-weight: 400;\"> mit lauwarmem Wasser, um eine reine, frische und glatte Haut zu zeigen!<\/span>&nbsp;<\/li>\n<\/ol>\n<h2><span style=\"font-weight: 400;\">Nehmen Sie diese Maske in Ihre t\u00e4gliche Routine auf:<\/span><\/h2>\n<p><span style=\"font-weight: 400;\">Die YOU-NIVERSAL Crememaske mit Tonerde und Kohle ist perfekt, um Ihnen einen Frischekick zu geben in nur <\/span><b>10 Minuten<\/b><span style=\"font-weight: 400;\"> ! Machen Sie sie <\/span><b>ein- bis zweimal pro Woche<\/b><span style=\"font-weight: 400;\">  f\u00fcr einen strahlenden Teint und eine gereinigte Haut. Es ist das ultimative Werkzeug, um \u00fcbersch\u00fcssigen Talg zu kontrollieren und sichtbaren Poren ein Ende zu bereiten. Und das alles m\u00fchelos und ohne Kompromisse bei der Qualit\u00e4t!  <\/span><\/p>\n<p><span style=\"font-weight: 400;\">Legen Sie es jetzt in Ihren Warenkorb, um eine gereinigte, weiche und strahlende Haut zu erhalten!<\/span><\/p>\n<p>&nbsp;<\/p>\n","protected":false},"excerpt":{"rendered":"<p><span style=\"font-weight: 400;\">Haben Sie jemals eine Reinigungsmaske ausprobiert, die wirklich die Arbeit macht? Sie reinigt nicht nur, sondern l\u00e4sst Ihre Haut auch strahlend und glatt aussehen? Lassen Sie mich Ihnen von der    <\/span><b>Cremige Tonerde-Kohle-Maske YOU-NIVERSAL<\/b><span style=\"font-weight: 400;\">.<\/span><\/p>\n<p><span style=\"font-weight: 400;\">Diese Maske ist wie ein frischer Wind f\u00fcr Ihre Haut! Sie ist formuliert f\u00fcr <\/span> <b> \u00fcbersch\u00fcssiges Sebum absorbieren<\/b><span style=\"font-weight: 400;\">, <\/span><b>Ihre Haut zu entgiften und zu reinigen<\/b><span style=\"font-weight: 400;\">. Mit<\/span> <b> Kaolin-Ton<\/b><span style=\"font-weight: 400;\"> und <\/span><b>Kohle<\/b><span style=\"font-weight: 400;\">Sie f\u00e4ngt alle Unreinheiten auf und hinterl\u00e4sst eine reine Haut. <\/span><b>ultrafrisch und rein<\/b><span style=\"font-weight: 400;\">. Aber warten Sie, das ist noch nicht alles! Dank der Extrakte aus Trauben und Ingwer wird Ihr Teint entgiftet und Ihr Gesicht beruhigt und mit Feuchtigkeit versorgt. <\/span><\/p>\n","protected":false},"featured_media":11176,"comment_status":"open","ping_status":"closed","template":"","meta":{"_seopress_robots_primary_cat":"none","_seopress_titles_title":"","_seopress_titles_desc":"","_seopress_robots_index":"","site-sidebar-layout":"default","site-content-layout":"","ast-site-content-layout":"default","site-content-style":"default","site-sidebar-style":"default","ast-global-header-display":"","ast-banner-title-visibility":"","ast-main-header-display":"","ast-hfb-above-header-display":"","ast-hfb-below-header-display":"","ast-hfb-mobile-header-display":"","site-post-title":"","ast-breadcrumbs-content":"","ast-featured-img":"","footer-sml-layout":"","ast-disable-related-posts":"","theme-transparent-header-meta":"default","adv-header-id-meta":"","stick-header-meta":"","header-above-stick-meta":"","header-main-stick-meta":"","header-below-stick-meta":"","astra-migrate-meta-layouts":"default","ast-page-background-enabled":"default","ast-page-background-meta":{"desktop":{"background-color":"var(--ast-global-color-4)","background-image":"","background-repeat":"repeat","background-position":"center center","background-size":"auto","background-attachment":"scroll","background-type":"","background-media":"","overlay-type":"","overlay-color":"","overlay-opacity":"","overlay-gradient":""},"tablet":{"background-color":"","background-image":"","background-repeat":"repeat","background-position":"center center","background-size":"auto","background-attachment":"scroll","background-type":"","background-media":"","overlay-type":"","overlay-color":"","overlay-opacity":"","overlay-gradient":""},"mobile":{"background-color":"","background-image":"","background-repeat":"repeat","background-position":"center center","background-size":"auto","background-attachment":"scroll","background-type":"","background-media":"","overlay-type":"","overlay-color":"","overlay-opacity":"","overlay-gradient":""}},"ast-content-background-meta":{"desktop":{"background-color":"var(--ast-global-color-5)","background-image":"","background-repeat":"repeat","background-position":"center center","background-size":"auto","background-attachment":"scroll","background-type":"","background-media":"","overlay-type":"","overlay-color":"","overlay-opacity":"","overlay-gradient":""},"tablet":{"background-color":"var(--ast-global-color-5)","background-image":"","background-repeat":"repeat","background-position":"center center","background-size":"auto","background-attachment":"scroll","background-type":"","background-media":"","overlay-type":"","overlay-color":"","overlay-opacity":"","overlay-gradient":""},"mobile":{"background-color":"var(--ast-global-color-5)","background-image":"","background-repeat":"repeat","background-position":"center center","background-size":"auto","background-attachment":"scroll","background-type":"","background-media":"","overlay-type":"","overlay-color":"","overlay-opacity":"","overlay-gradient":""}}},"product_brand":[],"product_cat":[110],"product_tag":[],"class_list":{"0":"post-11175","1":"product","2":"type-product","3":"status-publish","4":"has-post-thumbnail","6":"product_cat-haut","7":"desktop-align-left","8":"tablet-align-left","9":"mobile-align-left","11":"first","12":"instock","13":"sale","14":"shipping-taxable","15":"product-type-external"},"_links":{"self":[{"href":"https:\/\/youniquebyemilie.com\/de\/wp-json\/wp\/v2\/product\/11175","targetHints":{"allow":["GET"]}}],"collection":[{"href":"https:\/\/youniquebyemilie.com\/de\/wp-json\/wp\/v2\/product"}],"about":[{"href":"https:\/\/youniquebyemilie.com\/de\/wp-json\/wp\/v2\/types\/product"}],"replies":[{"embeddable":true,"href":"https:\/\/youniquebyemilie.com\/de\/wp-json\/wp\/v2\/comments?post=11175"}],"wp:featuredmedia":[{"embeddable":true,"href":"https:\/\/youniquebyemilie.com\/de\/wp-json\/wp\/v2\/media\/11176"}],"wp:attachment":[{"href":"https:\/\/youniquebyemilie.com\/de\/wp-json\/wp\/v2\/media?parent=11175"}],"wp:term":[{"taxonomy":"product_brand","embeddable":true,"href":"https:\/\/youniquebyemilie.com\/de\/wp-json\/wp\/v2\/product_brand?post=11175"},{"taxonomy":"product_cat","embeddable":true,"href":"https:\/\/youniquebyemilie.com\/de\/wp-json\/wp\/v2\/product_cat?post=11175"},{"taxonomy":"product_tag","embeddable":true,"href":"https:\/\/youniquebyemilie.com\/de\/wp-json\/wp\/v2\/product_tag?post=11175"}],"curies":[{"name":"wp","href":"https:\/\/api.w.org\/{rel}","templated":true}]}}