{"id":11186,"date":"2025-07-25T08:15:10","date_gmt":"2025-07-25T06:15:10","guid":{"rendered":"https:\/\/youniquebyemilie.com\/produit\/youthplexion-reiniger\/"},"modified":"2025-07-25T08:15:10","modified_gmt":"2025-07-25T06:15:10","slug":"youthplexion-reiniger","status":"publish","type":"product","link":"https:\/\/youniquebyemilie.com\/de\/produit\/youthplexion-reiniger\/","title":{"rendered":"YOUTHPLEXION-Reiniger"},"content":{"rendered":"<p><span style=\"font-weight: 400;\">Seit ich Mutter geworden bin, hat sich meine Haut ver\u00e4ndert. Ich bin empfindlicher und reaktiver geworden und habe nach einfachen, aber wirksamen Produkten gesucht, um meine Haut zu pflegen, ohne stundenlang damit zu verbringen. Dabei stie\u00df ich auf das Produkt    <\/span><b>YOUTHPLEXION-Reiniger<\/b><span style=\"font-weight: 400;\">Und dann war meine Sch\u00f6nheitsroutine nie mehr die gleiche. Dieser Reiniger ist der erste Schritt meiner Anti-Aging-Routine und macht schon am Morgen einen gro\u00dfen Unterschied. <\/span><\/p>\n<p><span style=\"font-weight: 400;\">Ich benutze es jeden Tag, um <\/span><b>Unreinheiten und Talg zu entfernen<\/b><span style=\"font-weight: 400;\">  und versorgt meine Haut mit Feuchtigkeit. Es ist nicht nur sanft, sondern verfeinert auch die Struktur meiner Haut und gibt ihr ihren nat\u00fcrlichen Glanz zur\u00fcck.  Es ist  <\/span><b>perfekt f\u00fcr Frauen, die es eilig haben<\/b><span style=\"font-weight: 400;\">Sie k\u00f6nnen Ihre Haut auf nat\u00fcrliche und effektive Weise pflegen. <\/span> <\/p>\n<h2><span style=\"font-weight: 400;\">Warum Sie es lieben werden :<\/span><\/h2>\n<ul>\n<li style=\"font-weight: 400;\" aria-level=\"1\"><b>Sanfte und effektive Reinigung<\/b><span style=\"font-weight: 400;\">  Dieser Reiniger entfernt Unreinheiten und Talg, ohne Ihre Haut auszutrocknen. Schon nach der ersten Anwendung ist Ihre Haut sauber, weich und perfekt ausgeglichen. <\/span>&nbsp;<\/li>\n<li style=\"font-weight: 400;\" aria-level=\"1\"><b>Intensive Feuchtigkeitsversorgung<\/b><span style=\"font-weight: 400;\"> : Dank des Extrakts aus der <\/span><b>Wei\u00dfe Weide<\/b><span style=\"font-weight: 400;\">Die Haut wird durch den Einsatz von <\/span><b>Granatapfel<\/b><span style=\"font-weight: 400;\"> und<\/span><b> Natriumhyaluronat wird die Haut mit Feuchtigkeit versorgt.<\/b><span style=\"font-weight: 400;\">Die Haut bleibt den ganzen Tag \u00fcber mit Feuchtigkeit versorgt und die jugendliche Ausstrahlung ist garantiert.<\/span>&nbsp;<\/li>\n<li style=\"font-weight: 400;\" aria-level=\"1\"><b>Anti-Aging am Morgen<\/b><span style=\"font-weight: 400;\">  Es ist nicht nur eine Reinigung, sondern eine Pflege, die Ihre Haut auf die Belastungen des Tages vorbereitet. Ihre Haut ist glatter, strahlender und Sie f\u00fchlen sich bereit f\u00fcr den Rest des Tages. <\/span>&nbsp;<\/li>\n<li style=\"font-weight: 400;\" aria-level=\"1\"><b>Ein frischer und nat\u00fcrlicher Duft<\/b><span style=\"font-weight: 400;\"> Ich liebe den Duft von<\/span><b> Gurkenduft<\/b><span style=\"font-weight: 400;\"> und<\/span><b> von Aloe Vera.<\/b><span style=\"font-weight: 400;\">Er ist frisch und gibt Ihnen das Gef\u00fchl, schon am Morgen gepflegt zu sein.<\/span>&nbsp;<\/li>\n<li style=\"font-weight: 400;\" aria-level=\"1\"><b>Ein verantwortungsvolles Produkt<\/b><span style=\"font-weight: 400;\"> YOUTHPLEXION wird mit sauberen, nicht an Tieren getesteten Inhaltsstoffen und in einer umweltfreundlichen Verpackung hergestellt.<\/span>&nbsp;<\/li>\n<\/ul>\n<h3><span style=\"font-weight: 400;\">Das sagen die Nutzerinnen :<\/span><\/h3>\n<ul>\n<li style=\"font-weight: 400;\" aria-level=\"1\"><b>83% der Anwender<\/b><span style=\"font-weight: 400;\"> finden, dass ihre Haut <\/span><b>weicher und ausgeglichener<\/b><span style=\"font-weight: 400;\"> unmittelbar nach der Anwendung.*<\/span>&nbsp;<\/li>\n<li style=\"font-weight: 400;\" aria-level=\"1\"><b>92% der Nutzer<\/b><span style=\"font-weight: 400;\"> best\u00e4tigen, dass das Produkt <\/span><b>die Poren reinigt<\/b><span style=\"font-weight: 400;\"> gr\u00fcndlich.<\/span>&nbsp;<\/li>\n<li style=\"font-weight: 400;\" aria-level=\"1\"><b>89% der Anwender<\/b><span style=\"font-weight: 400;\"> stellen fest, dass ihre Haut <\/span><b>saubere und gesunde Haut<\/b><span style=\"font-weight: 400;\"> nach jeder Anwendung.*<\/span>&nbsp;<\/li>\n<\/ul>\n<h2><span style=\"font-weight: 400;\">Wie man es benutzt :<\/span><\/h2>\n<ol>\n<li style=\"font-weight: 400;\" aria-level=\"1\"><span style=\"font-weight: 400;\">Befeuchten Sie Ihr Gesicht mit lauwarmem Wasser.<\/span>&nbsp;<\/li>\n<li style=\"font-weight: 400;\" aria-level=\"1\"><span style=\"font-weight: 400;\">Geben Sie eine kleine Menge des Reinigungsmittels auf Ihre H\u00e4nde und massieren Sie es sanft in kreisenden Bewegungen in Ihr Gesicht.<\/span>&nbsp;<\/li>\n<li style=\"font-weight: 400;\" aria-level=\"1\"><span style=\"font-weight: 400;\">Sp\u00fclen Sie es gr\u00fcndlich ab und klopfen Sie es sanft auf Ihr Gesicht, um es zu trocknen.<\/span>&nbsp;<\/li>\n<\/ol>\n<p><b>Rat<\/b><span style=\"font-weight: 400;\">  F\u00fcr eine optimale Reinigung verwenden Sie es morgens und abends. F\u00fcr eine gr\u00fcndliche Reinigung k\u00f6nnen Sie es mit einem Make-up-Entferner als Teil einer Doppelreinigung kombinieren. <\/span><\/p>\n<p>&nbsp;<\/p>\n<p><span style=\"font-weight: 400;\">Die <\/span><b>YOUTHPLEXION-Reiniger<\/b><span style=\"font-weight: 400;\">  ist ein Muss, wenn Sie eine strahlende und gut mit Feuchtigkeit versorgte Haut haben m\u00f6chten. Es reinigt nicht nur gr\u00fcndlich, sondern unterst\u00fctzt auch eine jugendliche Ausstrahlung f\u00fcr den Alltag. Es ist einfach, schnell und so effektiv.  <\/span><\/p>\n<p><b>Legen Sie es jetzt in Ihren Warenkorb.<\/b><span style=\"font-weight: 400;\"> und entdecken Sie eine weichere, reinere und strahlendere Haut, schon am Morgen!<\/span><\/p>\n<p>&nbsp;<\/p>\n<h2><span style=\"font-weight: 400;\">FAQ : YOUTHPLEXION-Reiniger<\/span><\/h2>\n<ol>\n<li><b>  Ist der YOUTHPLEXION Reiniger f\u00fcr empfindliche Haut geeignet?<\/b><\/li>\n<\/ol>\n<p><span style=\"font-weight: 400;\">Ja, absolut! Der YOUTHPLEXION-Reiniger ist dermatologisch getestet und so konzipiert, dass er selbst f\u00fcr empfindliche Haut sanft ist. Er reinigt ohne die Haut zu reizen oder auszutrocknen, dank seiner Formulierung, die reich an feuchtigkeitsspendenden Inhaltsstoffen ist.  <\/span><\/p>\n<ol start=\"2\">\n<li><b>  Kann ich YOUTHPLEXION verwenden, wenn ich eine zu Akne neigende Haut habe?<\/b><\/li>\n<\/ol>\n<p><span style=\"font-weight: 400;\">Das ist richtig. Die   <\/span><b>YOUTHPLEXION-Reiniger<\/b><span style=\"font-weight: 400;\">  wurde entwickelt, um Unreinheiten zu entfernen und \u00fcbersch\u00fcssigen Talg zu regulieren, was bei zu Akne neigender Haut von Vorteil sein kann. Es ist sanft, aber dennoch wirksam genug, um einen sauberen und ausgeglichenen Teint zu erhalten. <\/span><\/p>\n<ol start=\"3\">\n<li><b>  Kann der YOUTHPLEXION-Reiniger mit anderen Reinigungsmitteln verwendet werden?<\/b><\/li>\n<\/ol>\n<p><span style=\"font-weight: 400;\">Wenn Sie eine doppelte Reinigung bevorzugen, k\u00f6nnen Sie es nach einem Make-up-Entferner verwenden, um eine noch gr\u00fcndlichere Reinigung zu erzielen. <\/span><b>YOUTHPLEXION<\/b><span style=\"font-weight: 400;\"> ist leicht und effektiv, um die Reinigung zu vervollst\u00e4ndigen und gleichzeitig das nat\u00fcrliche Gleichgewicht der Haut zu respektieren.<\/span><\/p>\n<ol start=\"4\">\n<li><b>  Was sind die Vorteile von Wei\u00dfweidenextrakt in einem Reinigungsmittel?<\/b><\/li>\n<\/ol>\n<p><span style=\"font-weight: 400;\">Der Extrakt aus Wei\u00dfer Weide <\/span><b>Wei\u00dfe Weide<\/b><span style=\"font-weight: 400;\"> hat gute Eigenschaften. <\/span><b>adstringierende Eigenschaften.<\/b><span style=\"font-weight: 400;\"> und <\/span><b>entz\u00fcndungshemmend<\/b><span style=\"font-weight: 400;\">. Dies ist ideal, um die Hautstruktur zu verfeinern und Irritationen zu vermeiden.<\/span><\/p>\n<ol start=\"5\">\n<li><b>  Kann dieser Reiniger w\u00e4hrend der Schwangerschaft oder Stillzeit verwendet werden?<\/b><\/li>\n<\/ol>\n<p><span style=\"font-weight: 400;\">Die <\/span><b>YOUTHPLEXION-Reiniger<\/b><span style=\"font-weight: 400;\">  ist mit sicheren und nat\u00fcrlichen Inhaltsstoffen formuliert. Es wird immer empfohlen, einen Arzt zu konsultieren, um die Eignung des Produkts f\u00fcr Ihren speziellen Zustand w\u00e4hrend der Schwangerschaft oder Stillzeit sicherzustellen. <\/span><\/p>\n<ol start=\"6\">\n<li><b>  Wie lange reicht eine Flasche YOUTHPLEXION Reiniger?<\/b><\/li>\n<\/ol>\n<p><span style=\"font-weight: 400;\">Eine Flasche mit <\/span><b>125 ml<\/b><span style=\"font-weight: 400;\"> reicht f\u00fcr ca. <\/span><b>60 Tage<\/b><span style=\"font-weight: 400;\">  bei zweimaliger Anwendung pro Tag. Es ist ein ausgezeichnetes Preis-Leistungs-Verh\u00e4ltnis, besonders wenn Sie ein Abonnement abschlie\u00dfen, um Ihr Produkt regelm\u00e4\u00dfig zu erhalten, ohne einen Schritt in Ihrer Sch\u00f6nheitsroutine zu verpassen. <\/span><\/p>\n<p><span style=\"font-weight: 400;\">Ihr strahlender Teint beginnt hier!<\/span> <span style=\"font-weight: 400;\">Die <\/span><b>YOUTHPLEXION-Reiniger<\/b><span style=\"font-weight: 400;\">  ist Ihr erster Schritt zu einer strahlenden und mit Feuchtigkeit versorgten Haut. Warten Sie nicht l\u00e4nger, sondern f\u00fcgen Sie es Ihrem Warenkorb hinzu und beginnen Sie noch heute mit Ihrer Anti-Aging-Routine! <\/span><\/p>\n","protected":false},"excerpt":{"rendered":"<p><span style=\"font-weight: 400;\">Seit ich Mutter geworden bin, hat sich meine Haut ver\u00e4ndert. Ich bin empfindlicher und reaktiver geworden und habe nach einfachen, aber wirksamen Produkten gesucht, um meine Haut zu pflegen, ohne stundenlang damit zu verbringen. Dabei stie\u00df ich auf das Produkt    <\/span><b>YOUTHPLEXION-Reiniger<\/b><span style=\"font-weight: 400;\">Und dann war meine Sch\u00f6nheitsroutine nie mehr die gleiche. Dieser Reiniger ist der erste Schritt meiner Anti-Aging-Routine und macht schon am Morgen einen gro\u00dfen Unterschied. <\/span><\/p>\n<p><span style=\"font-weight: 400;\">Ich benutze es jeden Tag, um <\/span><b>Unreinheiten und Talg zu entfernen<\/b><span style=\"font-weight: 400;\">  und versorgt meine Haut mit Feuchtigkeit. Es ist nicht nur sanft, sondern verfeinert auch die Struktur meiner Haut und gibt ihr ihren nat\u00fcrlichen Glanz zur\u00fcck. Es ist    <\/span><b>perfekt f\u00fcr Frauen, die es eilig haben<\/b><span style=\"font-weight: 400;\">Sie k\u00f6nnen Ihre Haut auf nat\u00fcrliche und effektive Weise pflegen. <\/span> <\/p>\n","protected":false},"featured_media":11191,"comment_status":"open","ping_status":"closed","template":"","meta":{"_seopress_robots_primary_cat":"none","_seopress_titles_title":"","_seopress_titles_desc":"","_seopress_robots_index":"","site-sidebar-layout":"default","site-content-layout":"","ast-site-content-layout":"default","site-content-style":"default","site-sidebar-style":"default","ast-global-header-display":"","ast-banner-title-visibility":"","ast-main-header-display":"","ast-hfb-above-header-display":"","ast-hfb-below-header-display":"","ast-hfb-mobile-header-display":"","site-post-title":"","ast-breadcrumbs-content":"","ast-featured-img":"","footer-sml-layout":"","ast-disable-related-posts":"","theme-transparent-header-meta":"default","adv-header-id-meta":"","stick-header-meta":"","header-above-stick-meta":"","header-main-stick-meta":"","header-below-stick-meta":"","astra-migrate-meta-layouts":"default","ast-page-background-enabled":"default","ast-page-background-meta":{"desktop":{"background-color":"var(--ast-global-color-4)","background-image":"","background-repeat":"repeat","background-position":"center center","background-size":"auto","background-attachment":"scroll","background-type":"","background-media":"","overlay-type":"","overlay-color":"","overlay-opacity":"","overlay-gradient":""},"tablet":{"background-color":"","background-image":"","background-repeat":"repeat","background-position":"center center","background-size":"auto","background-attachment":"scroll","background-type":"","background-media":"","overlay-type":"","overlay-color":"","overlay-opacity":"","overlay-gradient":""},"mobile":{"background-color":"","background-image":"","background-repeat":"repeat","background-position":"center center","background-size":"auto","background-attachment":"scroll","background-type":"","background-media":"","overlay-type":"","overlay-color":"","overlay-opacity":"","overlay-gradient":""}},"ast-content-background-meta":{"desktop":{"background-color":"var(--ast-global-color-5)","background-image":"","background-repeat":"repeat","background-position":"center center","background-size":"auto","background-attachment":"scroll","background-type":"","background-media":"","overlay-type":"","overlay-color":"","overlay-opacity":"","overlay-gradient":""},"tablet":{"background-color":"var(--ast-global-color-5)","background-image":"","background-repeat":"repeat","background-position":"center center","background-size":"auto","background-attachment":"scroll","background-type":"","background-media":"","overlay-type":"","overlay-color":"","overlay-opacity":"","overlay-gradient":""},"mobile":{"background-color":"var(--ast-global-color-5)","background-image":"","background-repeat":"repeat","background-position":"center center","background-size":"auto","background-attachment":"scroll","background-type":"","background-media":"","overlay-type":"","overlay-color":"","overlay-opacity":"","overlay-gradient":""}}},"product_brand":[],"product_cat":[110],"product_tag":[],"class_list":{"0":"post-11186","1":"product","2":"type-product","3":"status-publish","4":"has-post-thumbnail","6":"product_cat-haut","7":"desktop-align-left","8":"tablet-align-left","9":"mobile-align-left","11":"first","12":"instock","13":"sale","14":"shipping-taxable","15":"product-type-external"},"_links":{"self":[{"href":"https:\/\/youniquebyemilie.com\/de\/wp-json\/wp\/v2\/product\/11186","targetHints":{"allow":["GET"]}}],"collection":[{"href":"https:\/\/youniquebyemilie.com\/de\/wp-json\/wp\/v2\/product"}],"about":[{"href":"https:\/\/youniquebyemilie.com\/de\/wp-json\/wp\/v2\/types\/product"}],"replies":[{"embeddable":true,"href":"https:\/\/youniquebyemilie.com\/de\/wp-json\/wp\/v2\/comments?post=11186"}],"wp:featuredmedia":[{"embeddable":true,"href":"https:\/\/youniquebyemilie.com\/de\/wp-json\/wp\/v2\/media\/11191"}],"wp:attachment":[{"href":"https:\/\/youniquebyemilie.com\/de\/wp-json\/wp\/v2\/media?parent=11186"}],"wp:term":[{"taxonomy":"product_brand","embeddable":true,"href":"https:\/\/youniquebyemilie.com\/de\/wp-json\/wp\/v2\/product_brand?post=11186"},{"taxonomy":"product_cat","embeddable":true,"href":"https:\/\/youniquebyemilie.com\/de\/wp-json\/wp\/v2\/product_cat?post=11186"},{"taxonomy":"product_tag","embeddable":true,"href":"https:\/\/youniquebyemilie.com\/de\/wp-json\/wp\/v2\/product_tag?post=11186"}],"curies":[{"name":"wp","href":"https:\/\/api.w.org\/{rel}","templated":true}]}}