{"id":11192,"date":"2025-07-25T08:17:14","date_gmt":"2025-07-25T06:17:14","guid":{"rendered":"https:\/\/youniquebyemilie.com\/produit\/you-niversal-resurfacing-maske\/"},"modified":"2025-07-25T08:17:14","modified_gmt":"2025-07-25T06:17:14","slug":"you-niversal-resurfacing-maske","status":"publish","type":"product","link":"https:\/\/youniquebyemilie.com\/de\/produit\/you-niversal-resurfacing-maske\/","title":{"rendered":"YOU NIVERSAL Resurfacing-Maske"},"content":{"rendered":"<p><span style=\"font-weight: 400;\">Meiner Haut fehlte es an Weichheit und Frische, mit Unregelm\u00e4\u00dfigkeiten, die einen m\u00fcderen Teint verursachten. Ich wollte eine Pflege, die all dies aufweckt. Ich begann nicht mit dem    <\/span><b>YOU-NIVERSAL Resurfacing Mask (Wiederherstellungsmaske)<\/b><span style=\"font-weight: 400;\">Sie ist jetzt ein fester Bestandteil meiner Routine.<\/span><\/p>\n<p><span style=\"font-weight: 400;\">Diese Maske ist mein Geheimnis, um meiner Haut die jugendliche Ausstrahlung zur\u00fcckzugeben, die ich verloren glaubte. In nur   <\/span><b>10 Minuten<\/b><span style=\"font-weight: 400;\">Es ver\u00e4ndert meinen Teint v\u00f6llig. Ich trage es einfach auf, lasse es einwirken und bumm! Meine Haut ist    <\/span><b>glatt<\/b><span style=\"font-weight: 400;\">, <\/span><b>gl\u00e4nzend<\/b><span style=\"font-weight: 400;\">und <\/span><b>superweich<\/b><span style=\"font-weight: 400;\">und ist bereit f\u00fcr den Tag. Wenn ich es abends auftrage, wache ich mit einem strahlenderen Teint auf, als ob ich im Spa gewesen w\u00e4re, aber ohne die Fahrzeit! <\/span><\/p>\n<p>&nbsp;<\/p>\n<h2><span style=\"font-weight: 400;\">Warum Sie es lieben werden :<\/span><\/h2>\n<ul>\n<li style=\"font-weight: 400;\" aria-level=\"1\"><b>Sofortige Offenbarung :<\/b><span style=\"font-weight: 400;\"> Innerhalb von 10 Minuten ist Ihr Teint sichtbar glatter, strahlender und bereit, den Tag m\u00fchelos zu bew\u00e4ltigen.<\/span><\/li>\n<li style=\"font-weight: 400;\" aria-level=\"1\"><b>Express Gl\u00e4ttung :<\/b><span style=\"font-weight: 400;\"> Ihre Haut wird schon nach der ersten Anwendung weicher und ebenm\u00e4\u00dfiger, mit einem sofortigen Frischegef\u00fchl.<\/span><\/li>\n<li style=\"font-weight: 400;\" aria-level=\"1\"><b>Garantiert ein strahlender Teint:<\/b><span style=\"font-weight: 400;\"> Angereichert mit <\/span><b>Niacinamid<\/b><span style=\"font-weight: 400;\"> und <\/span><b>S\u00e4uren<\/b><span style=\"font-weight: 400;\">Es beseitigt Unreinheiten und gibt Ihrer Haut ihren nat\u00fcrlichen Glanz zur\u00fcck. Sichtbare Ergebnisse ab der ersten Anwendung! <\/span><\/li>\n<li style=\"font-weight: 400;\" aria-level=\"1\"><b>Nachgewiesene Wirksamkeit :<\/b><span style=\"font-weight: 400;\"> 96% der Anwender stellten eine weichere und glattere Haut fest nach<\/span><b> 4 Wochen<\/b><span style=\"font-weight: 400;\">. Eine transformative Hautpflege, die Sie nicht bereuen werden!<\/span><\/li>\n<\/ul>\n<p>&nbsp;<\/p>\n<h2><span style=\"font-weight: 400;\">Die Zutaten, die alles ausmachen :<\/span><\/h2>\n<ul>\n<li style=\"font-weight: 400;\" aria-level=\"1\"><b>Niacinamid :<\/b><span style=\"font-weight: 400;\">  Ein Superheld f\u00fcr Ihren Teint! Er reduziert R\u00f6tungen und gleicht Ihre Haut aus, so dass Sie ein ebenm\u00e4\u00dfigeres und strahlenderes Ergebnis erhalten. <\/span><\/li>\n<li style=\"font-weight: 400;\" aria-level=\"1\"><b>Glykol- und Salicyls\u00e4ure :<\/b><span style=\"font-weight: 400;\"> Lassen Sie diese S\u00e4uren wirken und sehen Sie, wie sich Ihre Haut gl\u00e4ttet und von abgestorbenen Hautzellen und Unreinheiten befreit wird.<\/span><\/li>\n<li style=\"font-weight: 400;\" aria-level=\"1\"><b>Peptide :<\/b><span style=\"font-weight: 400;\"> Stimuliert die Kollagenproduktion f\u00fcr eine straffere, glattere und weniger von der Zeit gezeichnete Haut.<\/span><\/li>\n<li style=\"font-weight: 400;\" aria-level=\"1\"><b>Trauben- und Ingwerextrakt :<\/b><span style=\"font-weight: 400;\"> Diese Antioxidantien geben Ihrer Haut einen Boost, versorgen sie tiefgehend mit Feuchtigkeit und lassen sie strahlend gesund aussehen.<\/span><\/li>\n<\/ul>\n<p>&nbsp;<\/p>\n<h2><span style=\"font-weight: 400;\">Wie Sie ihn einfach nutzen k\u00f6nnen :<\/span><\/h2>\n<ol>\n<li style=\"font-weight: 400;\" aria-level=\"1\"><b>Tragen Sie eine gleichm\u00e4\u00dfige Schicht auf.<\/b><span style=\"font-weight: 400;\"> auf die saubere Haut.<\/span><\/li>\n<li style=\"font-weight: 400;\" aria-level=\"1\"><b>Lassen Sie das Produkt einwirken.<\/b><span style=\"font-weight: 400;\"> 10-15 Minuten lang einwirken lassen, damit die Inhaltsstoffe wirken k\u00f6nnen.<\/span><\/li>\n<li style=\"font-weight: 400;\" aria-level=\"1\"><b>Sp\u00fclen Sie  ab.<\/b><span style=\"font-weight: 400;\"> und lassen Sie Ihre Haut atmen.<\/span><\/li>\n<\/ol>\n<p><span style=\"font-weight: 400;\">Die <\/span><b>YOU-NIVERSAL Resurfacing Mask<\/b><span style=\"font-weight: 400;\">Das ist genau das, was ich gesucht habe: eine einfache, schnelle, aber hochwirksame Pflege. Sie verwandelt meine Haut ohne Probleme und ich wei\u00df, dass Sie sie auch lieben werden. Warten Sie nicht l\u00e4nger, legen Sie die YOU-NIVERSAL Resurfacing Mask in Ihren Warenkorb und erhalten Sie im Handumdrehen einen perfekt glatten Teint!  <\/span><\/p>\n<p>&nbsp;<\/p>\n","protected":false},"excerpt":{"rendered":"<p><span style=\"font-weight: 400;\">Meiner Haut fehlte es an Weichheit und Frische, mit Unregelm\u00e4\u00dfigkeiten, die einen m\u00fcderen Teint verursachten. Ich wollte eine Pflege, die all dies aufweckt. Ich begann nicht mit dem    <\/span><b>YOU-NIVERSAL Resurfacing Mask (Wiederherstellungsmaske)<\/b><span style=\"font-weight: 400;\">Sie ist jetzt ein fester Bestandteil meiner Routine.<\/span><\/p>\n<p><span style=\"font-weight: 400;\">Diese Maske ist mein Geheimnis, um meiner Haut die jugendliche Ausstrahlung zur\u00fcckzugeben, die ich verloren glaubte. In nur   <\/span><b>10 Minuten<\/b><span style=\"font-weight: 400;\">Es ver\u00e4ndert meinen Teint v\u00f6llig. Ich trage es einfach auf, lasse es einwirken und bumm! Meine Haut ist    <\/span><b>glatt<\/b><span style=\"font-weight: 400;\">, <\/span><b>gl\u00e4nzend<\/b><span style=\"font-weight: 400;\">und <\/span><b>superweich<\/b><span style=\"font-weight: 400;\">und ist bereit f\u00fcr den Tag. Wenn ich es abends auftrage, wache ich mit einem strahlenderen Teint auf, als w\u00e4re ich im Spa gewesen, aber ohne die Fahrzeit! <\/span><\/p>\n","protected":false},"featured_media":11193,"comment_status":"open","ping_status":"closed","template":"","meta":{"_seopress_robots_primary_cat":"none","_seopress_titles_title":"","_seopress_titles_desc":"","_seopress_robots_index":"","site-sidebar-layout":"default","site-content-layout":"","ast-site-content-layout":"default","site-content-style":"default","site-sidebar-style":"default","ast-global-header-display":"","ast-banner-title-visibility":"","ast-main-header-display":"","ast-hfb-above-header-display":"","ast-hfb-below-header-display":"","ast-hfb-mobile-header-display":"","site-post-title":"","ast-breadcrumbs-content":"","ast-featured-img":"","footer-sml-layout":"","ast-disable-related-posts":"","theme-transparent-header-meta":"default","adv-header-id-meta":"","stick-header-meta":"","header-above-stick-meta":"","header-main-stick-meta":"","header-below-stick-meta":"","astra-migrate-meta-layouts":"default","ast-page-background-enabled":"default","ast-page-background-meta":{"desktop":{"background-color":"var(--ast-global-color-4)","background-image":"","background-repeat":"repeat","background-position":"center center","background-size":"auto","background-attachment":"scroll","background-type":"","background-media":"","overlay-type":"","overlay-color":"","overlay-opacity":"","overlay-gradient":""},"tablet":{"background-color":"","background-image":"","background-repeat":"repeat","background-position":"center center","background-size":"auto","background-attachment":"scroll","background-type":"","background-media":"","overlay-type":"","overlay-color":"","overlay-opacity":"","overlay-gradient":""},"mobile":{"background-color":"","background-image":"","background-repeat":"repeat","background-position":"center center","background-size":"auto","background-attachment":"scroll","background-type":"","background-media":"","overlay-type":"","overlay-color":"","overlay-opacity":"","overlay-gradient":""}},"ast-content-background-meta":{"desktop":{"background-color":"var(--ast-global-color-5)","background-image":"","background-repeat":"repeat","background-position":"center center","background-size":"auto","background-attachment":"scroll","background-type":"","background-media":"","overlay-type":"","overlay-color":"","overlay-opacity":"","overlay-gradient":""},"tablet":{"background-color":"var(--ast-global-color-5)","background-image":"","background-repeat":"repeat","background-position":"center center","background-size":"auto","background-attachment":"scroll","background-type":"","background-media":"","overlay-type":"","overlay-color":"","overlay-opacity":"","overlay-gradient":""},"mobile":{"background-color":"var(--ast-global-color-5)","background-image":"","background-repeat":"repeat","background-position":"center center","background-size":"auto","background-attachment":"scroll","background-type":"","background-media":"","overlay-type":"","overlay-color":"","overlay-opacity":"","overlay-gradient":""}}},"product_brand":[],"product_cat":[110],"product_tag":[],"class_list":{"0":"post-11192","1":"product","2":"type-product","3":"status-publish","4":"has-post-thumbnail","6":"product_cat-haut","7":"desktop-align-left","8":"tablet-align-left","9":"mobile-align-left","11":"first","12":"instock","13":"sale","14":"shipping-taxable","15":"product-type-external"},"_links":{"self":[{"href":"https:\/\/youniquebyemilie.com\/de\/wp-json\/wp\/v2\/product\/11192","targetHints":{"allow":["GET"]}}],"collection":[{"href":"https:\/\/youniquebyemilie.com\/de\/wp-json\/wp\/v2\/product"}],"about":[{"href":"https:\/\/youniquebyemilie.com\/de\/wp-json\/wp\/v2\/types\/product"}],"replies":[{"embeddable":true,"href":"https:\/\/youniquebyemilie.com\/de\/wp-json\/wp\/v2\/comments?post=11192"}],"wp:featuredmedia":[{"embeddable":true,"href":"https:\/\/youniquebyemilie.com\/de\/wp-json\/wp\/v2\/media\/11193"}],"wp:attachment":[{"href":"https:\/\/youniquebyemilie.com\/de\/wp-json\/wp\/v2\/media?parent=11192"}],"wp:term":[{"taxonomy":"product_brand","embeddable":true,"href":"https:\/\/youniquebyemilie.com\/de\/wp-json\/wp\/v2\/product_brand?post=11192"},{"taxonomy":"product_cat","embeddable":true,"href":"https:\/\/youniquebyemilie.com\/de\/wp-json\/wp\/v2\/product_cat?post=11192"},{"taxonomy":"product_tag","embeddable":true,"href":"https:\/\/youniquebyemilie.com\/de\/wp-json\/wp\/v2\/product_tag?post=11192"}],"curies":[{"name":"wp","href":"https:\/\/api.w.org\/{rel}","templated":true}]}}