{"id":11210,"date":"2025-07-25T08:11:39","date_gmt":"2025-07-25T06:11:39","guid":{"rendered":"https:\/\/youniquebyemilie.com\/produit\/pinsel-zum-auftragen-der-maske-younique\/"},"modified":"2025-07-25T08:11:39","modified_gmt":"2025-07-25T06:11:39","slug":"pinsel-zum-auftragen-der-maske-younique","status":"publish","type":"product","link":"https:\/\/youniquebyemilie.com\/de\/produit\/pinsel-zum-auftragen-der-maske-younique\/","title":{"rendered":"Pinsel zum Auftragen der Maske Younique"},"content":{"rendered":"<p><span style=\"font-weight: 400;\">Wissen Sie, was mich an herk\u00f6mmlichen Sch\u00f6nheitsroutinen st\u00f6rt? Die Verschwendung. Mit dem    <\/span><b>Younique Maskenpinsel<\/b><span style=\"font-weight: 400;\">Ich habe mich davon verabschiedet. Dieser Pinsel   <\/span><b>100% vegan<\/b><span style=\"font-weight: 400;\"> und <\/span><b>ultra-sanft <\/b> <span style=\"font-weight: 400;\">erm\u00f6glicht eine perfekte Anwendung meiner Maske. Ich kann sie ohne Schuldgef\u00fchle verwenden, da sie aus veganen Borsten besteht und nach jeder Anwendung leicht zu reinigen ist. <\/span><\/p>\n<p><span style=\"font-weight: 400;\">Dieses kleine Werkzeug ver\u00e4ndert alles, besonders f\u00fcr Frauen wie mich, die nach einfachen, aber effektiven Schritten suchen. Wenn Sie eine pr\u00e4zise Anwendung, eine gleichm\u00e4\u00dfig verteilte Maske und eine Routine, die Ihre Werte respektiert, w\u00fcnschen, dann haben Sie hier das Richtige gefunden.   <\/span><b>Verlieren Sie keine Zeit mehr und legen Sie es in Ihren Warenkorb.<\/b><span style=\"font-weight: 400;\"> !<\/span><\/p>\n<h2><span style=\"font-weight: 400;\">Warum Sie es lieben werden :<\/span><\/h2>\n<ul>\n<li style=\"font-weight: 400;\" aria-level=\"1\"><b>Gleichm\u00e4\u00dfiges und pr\u00e4zises Auftragen<\/b><span style=\"font-weight: 400;\">  : Mit diesem Pinsel k\u00f6nnen Sie Ihre Maske gleichm\u00e4\u00dfig auftragen. Jede Anwendung wird optimiert und Ihre Maske wird gleichm\u00e4\u00dfig verteilt. <\/span>&nbsp;<\/li>\n<li style=\"font-weight: 400;\" aria-level=\"1\"><b>Veganes und weiches Haar<\/b><span style=\"font-weight: 400;\">  Die Borsten des Pinsels sind vegan, sehr weich und angenehm auf der Haut. Die Anwendung wird zu einem echten Wohlf\u00fchlmoment. <\/span>&nbsp;<\/li>\n<li style=\"font-weight: 400;\" aria-level=\"1\"><b>Leicht zu reinigen<\/b><span style=\"font-weight: 400;\">  Die Pflege ist kinderleicht. Er ist leicht mit Wasser zu reinigen.   <\/span><b>lauwarmes Wasser<\/b><span style=\"font-weight: 400;\"> und Seife <\/span><b>milde Seife<\/b><span style=\"font-weight: 400;\">So k\u00f6nnen Sie ihn schnell wieder sauber und gebrauchsfertig verwenden.<\/span>&nbsp;<\/li>\n<li style=\"font-weight: 400;\" aria-level=\"1\"><b>Anatomische Form<\/b><span style=\"font-weight: 400;\"> Anatomische Form: Die Form wurde speziell f\u00fcr eine fl\u00fcssige und m\u00fchelose Anwendung entwickelt und passt sich perfekt an Ihr Gesicht an, unabh\u00e4ngig von der Art der Maske, die Sie verwenden.<\/span>&nbsp;<\/li>\n<\/ul>\n<h2><span style=\"font-weight: 400;\">Wie man es benutzt :<\/span><\/h2>\n<ol>\n<li style=\"font-weight: 400;\" aria-level=\"1\"><b>Anwenden<\/b><span style=\"font-weight: 400;\"> Tauchen Sie den Pinsel in die Maske Ihrer Wahl und ziehen Sie ihn \u00fcber Ihr Gesicht, um eine gleichm\u00e4\u00dfige Schicht zu erhalten.<\/span>&nbsp;<\/li>\n<li style=\"font-weight: 400;\" aria-level=\"1\"><b>Gl\u00e4tten<\/b><span style=\"font-weight: 400;\"> Gl\u00e4tten: Mit der flachen Seite k\u00f6nnen Sie schwer erreichbare oder unebene Bereiche gl\u00e4tten.<\/span>&nbsp;<\/li>\n<li style=\"font-weight: 400;\" aria-level=\"1\"><b>Reinigen<\/b><span style=\"font-weight: 400;\">  Nach jeder Anwendung sp\u00fclen Sie ihn mit lauwarmem Wasser und milder Seife ab. Er ist bereit f\u00fcr die n\u00e4chste Maske! <\/span>&nbsp;<\/li>\n<\/ol>\n<p>&nbsp;<\/p>\n<h2><span style=\"font-weight: 400;\">Warum Sie es in Ihrer Sch\u00f6nheitsroutine brauchen :<\/span><\/h2>\n<p><span style=\"font-weight: 400;\">Wenn Sie wie ich gerne Ihre Haut pflegen und dabei perfekte Ergebnisse erzielen m\u00f6chten, dann ist die <\/span><b>Younique Maskenpinsel<\/b><span style=\"font-weight: 400;\">  ist ein Muss. Er optimiert die Anwendung Ihrer Masken, erm\u00f6glicht eine bessere Verteilung und sorgt daf\u00fcr, dass Sie weniger Produkt verwenden.   <\/span><b>Legen Sie es jetzt in Ihren Warenkorb<\/b><span style=\"font-weight: 400;\"> und entdecken Sie eine neue Art, Ihre Masken pr\u00e4zise und einfach aufzutragen!<\/span><\/p>\n<p>&nbsp;<\/p>\n","protected":false},"excerpt":{"rendered":"<p><span style=\"font-weight: 400;\">Wissen Sie, was mich an herk\u00f6mmlichen Sch\u00f6nheitsroutinen st\u00f6rt? Die Verschwendung. Mit dem    <\/span><b>Younique Maskenpinsel<\/b><span style=\"font-weight: 400;\">Ich habe mich davon verabschiedet. Dieser Pinsel   <\/span><b>100% vegan<\/b><span style=\"font-weight: 400;\"> und <\/span><b>ultra-sanft <\/b> <span style=\"font-weight: 400;\">erm\u00f6glicht eine perfekte Anwendung meiner Maske. Ich kann sie ohne Schuldgef\u00fchle verwenden, da sie aus veganen Borsten besteht und nach jeder Anwendung leicht zu reinigen ist. <\/span><\/p>\n<p><span style=\"font-weight: 400;\">Dieses kleine Werkzeug ver\u00e4ndert alles, besonders f\u00fcr Frauen wie mich, die nach einfachen, aber effektiven Schritten suchen. Wenn Sie eine pr\u00e4zise Anwendung, eine gleichm\u00e4\u00dfig verteilte Maske und eine Routine, die Ihre Werte respektiert, w\u00fcnschen, dann haben Sie hier das Richtige gefunden.   <\/span><b>Verlieren Sie keine Zeit mehr und legen Sie es in Ihren Warenkorb.<\/b><span style=\"font-weight: 400;\"> !<\/span><\/p>\n","protected":false},"featured_media":11212,"comment_status":"open","ping_status":"closed","template":"","meta":{"_seopress_robots_primary_cat":"none","_seopress_titles_title":"","_seopress_titles_desc":"","_seopress_robots_index":"","site-sidebar-layout":"default","site-content-layout":"","ast-site-content-layout":"default","site-content-style":"default","site-sidebar-style":"default","ast-global-header-display":"","ast-banner-title-visibility":"","ast-main-header-display":"","ast-hfb-above-header-display":"","ast-hfb-below-header-display":"","ast-hfb-mobile-header-display":"","site-post-title":"","ast-breadcrumbs-content":"","ast-featured-img":"","footer-sml-layout":"","ast-disable-related-posts":"","theme-transparent-header-meta":"default","adv-header-id-meta":"","stick-header-meta":"","header-above-stick-meta":"","header-main-stick-meta":"","header-below-stick-meta":"","astra-migrate-meta-layouts":"default","ast-page-background-enabled":"default","ast-page-background-meta":{"desktop":{"background-color":"var(--ast-global-color-4)","background-image":"","background-repeat":"repeat","background-position":"center center","background-size":"auto","background-attachment":"scroll","background-type":"","background-media":"","overlay-type":"","overlay-color":"","overlay-opacity":"","overlay-gradient":""},"tablet":{"background-color":"","background-image":"","background-repeat":"repeat","background-position":"center center","background-size":"auto","background-attachment":"scroll","background-type":"","background-media":"","overlay-type":"","overlay-color":"","overlay-opacity":"","overlay-gradient":""},"mobile":{"background-color":"","background-image":"","background-repeat":"repeat","background-position":"center center","background-size":"auto","background-attachment":"scroll","background-type":"","background-media":"","overlay-type":"","overlay-color":"","overlay-opacity":"","overlay-gradient":""}},"ast-content-background-meta":{"desktop":{"background-color":"var(--ast-global-color-5)","background-image":"","background-repeat":"repeat","background-position":"center center","background-size":"auto","background-attachment":"scroll","background-type":"","background-media":"","overlay-type":"","overlay-color":"","overlay-opacity":"","overlay-gradient":""},"tablet":{"background-color":"var(--ast-global-color-5)","background-image":"","background-repeat":"repeat","background-position":"center center","background-size":"auto","background-attachment":"scroll","background-type":"","background-media":"","overlay-type":"","overlay-color":"","overlay-opacity":"","overlay-gradient":""},"mobile":{"background-color":"var(--ast-global-color-5)","background-image":"","background-repeat":"repeat","background-position":"center center","background-size":"auto","background-attachment":"scroll","background-type":"","background-media":"","overlay-type":"","overlay-color":"","overlay-opacity":"","overlay-gradient":""}}},"product_brand":[],"product_cat":[110],"product_tag":[],"class_list":{"0":"post-11210","1":"product","2":"type-product","3":"status-publish","4":"has-post-thumbnail","6":"product_cat-haut","7":"desktop-align-left","8":"tablet-align-left","9":"mobile-align-left","11":"first","12":"instock","13":"sale","14":"shipping-taxable","15":"product-type-external"},"_links":{"self":[{"href":"https:\/\/youniquebyemilie.com\/de\/wp-json\/wp\/v2\/product\/11210","targetHints":{"allow":["GET"]}}],"collection":[{"href":"https:\/\/youniquebyemilie.com\/de\/wp-json\/wp\/v2\/product"}],"about":[{"href":"https:\/\/youniquebyemilie.com\/de\/wp-json\/wp\/v2\/types\/product"}],"replies":[{"embeddable":true,"href":"https:\/\/youniquebyemilie.com\/de\/wp-json\/wp\/v2\/comments?post=11210"}],"wp:featuredmedia":[{"embeddable":true,"href":"https:\/\/youniquebyemilie.com\/de\/wp-json\/wp\/v2\/media\/11212"}],"wp:attachment":[{"href":"https:\/\/youniquebyemilie.com\/de\/wp-json\/wp\/v2\/media?parent=11210"}],"wp:term":[{"taxonomy":"product_brand","embeddable":true,"href":"https:\/\/youniquebyemilie.com\/de\/wp-json\/wp\/v2\/product_brand?post=11210"},{"taxonomy":"product_cat","embeddable":true,"href":"https:\/\/youniquebyemilie.com\/de\/wp-json\/wp\/v2\/product_cat?post=11210"},{"taxonomy":"product_tag","embeddable":true,"href":"https:\/\/youniquebyemilie.com\/de\/wp-json\/wp\/v2\/product_tag?post=11210"}],"curies":[{"name":"wp","href":"https:\/\/api.w.org\/{rel}","templated":true}]}}