{"id":11246,"date":"2025-07-26T00:02:52","date_gmt":"2025-07-25T22:02:52","guid":{"rendered":"https:\/\/youniquebyemilie.com\/produit\/younique-glowplexion-reiniger\/"},"modified":"2025-07-26T00:02:52","modified_gmt":"2025-07-25T22:02:52","slug":"younique-glowplexion-reiniger","status":"publish","type":"product","link":"https:\/\/youniquebyemilie.com\/de\/produit\/younique-glowplexion-reiniger\/","title":{"rendered":"YOUNIQUE GLOWPLEXION-Reiniger"},"content":{"rendered":"<p><span style=\"font-weight: 400;\">Eine Freundin erz\u00e4hlte mir k\u00fcrzlich von einem Problem, das sie mit ihrer Haut hatte. Durch den stressigen Job, die Kinder und die endlosen Tage f\u00fchlte sie sich immer m\u00fcde und das zeigte sich auch in ihrem Gesicht. Ihre Haut wirkte deprimiert,    <\/span><b>stumpf<\/b><span style=\"font-weight: 400;\">Sie konnte nicht mehr den nat\u00fcrlichen Glanz erreichen, den sie fr\u00fcher hatte.<\/span><\/p>\n<p><span style=\"font-weight: 400;\">Sie erz\u00e4hlte mir, dass sie viele verschiedene Reiniger getestet hatte, ohne Erfolg. Bis zu dem Tag, an dem ich ihr den   <\/span><b>GLOWPLEXION-Reiniger<\/b><span style=\"font-weight: 400;\">. Sie ging das Risiko ein und probierte es aus. Innerhalb weniger Tage erz\u00e4hlte sie mir, dass ihre Haut sich   <\/span><b>vollst\u00e4ndig umgewandelt<\/b><span style=\"font-weight: 400;\">. Nicht nur, dass sie wieder einen sch\u00f6nen Teint bekam  <\/span><b>heller<\/b><span style=\"font-weight: 400;\"> und eine bessere Textur <\/span><b>glatter<\/b><span style=\"font-weight: 400;\">Sie f\u00fchlte sich aber auch glatter und glatter. <\/span><b>frischer<\/b><span style=\"font-weight: 400;\"> und <\/span><b>revitalisiert<\/b><span style=\"font-weight: 400;\">. Es war, als h\u00e4tte das Produkt  <\/span><b>ein Reset<\/b><span style=\"font-weight: 400;\">  f\u00fcr ihre Haut. Und das Beste daran ist, dass sie auch noch umweltfreundlich ist, denn ihre Verpackung ist aus   <\/span><b>recyceltes Harz<\/b><span style=\"font-weight: 400;\">. Seitdem schw\u00f6rt sie auf diesen Reiniger.  <\/span><\/p>\n<p>&nbsp;<\/p>\n<h2><span style=\"font-weight: 400;\">Sie werden diesen Reiniger lieben, hier ist der Grund daf\u00fcr<\/span><\/h2>\n<ul>\n<li style=\"font-weight: 400;\" aria-level=\"1\"><b>Tiefenreinigung &amp; Porenverfeinerung<\/b><span style=\"font-weight: 400;\">  Dieser Reiniger entfernt sanft alle Unreinheiten und \u00fcbersch\u00fcssigen Talg. Ihre Haut ist   <\/span><b>gereinigt<\/b><span style=\"font-weight: 400;\">, <\/span><b>glatt<\/b><span style=\"font-weight: 400;\"> und bereit zu strahlen.<\/span><\/li>\n<li style=\"font-weight: 400;\" aria-level=\"1\"><b>Premium-Formel, die Ihre Haut respektiert<\/b><span style=\"font-weight: 400;\"> Die Formel n\u00e4hrt und befeuchtet Ihre Haut und verleiht ihr ein strahlendes Aussehen. <\/span><b>strahlendes Ergebnis<\/b><span style=\"font-weight: 400;\">. Jede Anwendung ist ein Moment des Wohlbefindens.<\/span><\/li>\n<li style=\"font-weight: 400;\" aria-level=\"1\"><b>Umweltfreundlich<\/b><span style=\"font-weight: 400;\"> : Mit einem Flakon aus <\/span><b>aus recyceltem Harz<\/b><span style=\"font-weight: 400;\">Mit diesem Produkt tun Sie Ihrer Haut und dem Planeten etwas Gutes.<\/span><\/li>\n<li style=\"font-weight: 400;\" aria-level=\"1\"><b>Praktisch und effizient<\/b><span style=\"font-weight: 400;\">  Eine kleine Menge reicht f\u00fcr jede Anwendung. Einfach und vor allem schnell zu verwenden.   <\/span><b>Weniger Zeit, mehr Ergebnisse.<\/b><\/li>\n<\/ul>\n<h2><span style=\"font-weight: 400;\">Wie man es benutzt  <\/span><\/h2>\n<ol>\n<li style=\"font-weight: 400;\" aria-level=\"1\"><b>Presse<\/b><span style=\"font-weight: 400;\"> eine kleine Menge des Reinigungsmittels in die H\u00e4nde.<\/span><\/li>\n<li style=\"font-weight: 400;\" aria-level=\"1\"><b>Tragen Sie  auf.<\/b><span style=\"font-weight: 400;\"> mit sanften Bewegungen auf Ihr Gesicht. <\/span><b>Kreisende Bewegungen<\/b><span style=\"font-weight: 400;\">.<\/span><\/li>\n<li style=\"font-weight: 400;\" aria-level=\"1\"><b>Sp\u00fclen<\/b><span style=\"font-weight: 400;\">  mit reichlich lauwarmem Wasser. Ihre Haut ist   <\/span><b>frisch<\/b><span style=\"font-weight: 400;\"> und <\/span><b>bereit zu gl\u00e4nzen<\/b><span style=\"font-weight: 400;\">.<\/span><\/li>\n<\/ol>\n<p><b>Tipp<\/b><span style=\"font-weight: 400;\">  Verwenden Sie es morgens und abends f\u00fcr ein optimales Ergebnis. Und f\u00fcr eine komplette Pflege kombinieren Sie es mit anderen Produkten der Serie   <\/span><b>GLOWPLEXION<\/b><span style=\"font-weight: 400;\">.<\/span><\/p>\n<p>&nbsp;<\/p>\n<h2><span style=\"font-weight: 400;\">Was die Nutzer sagen  <\/span><\/h2>\n<ul>\n<li style=\"font-weight: 400;\" aria-level=\"1\"><b>85%<\/b><span style=\"font-weight: 400;\"> der Anwender bemerkten, dass ihre Haut sich besser anf\u00fchlte <\/span><b>beruhigter war.<\/b><span style=\"font-weight: 400;\"> nach der Anwendung.*<\/span><\/li>\n<li style=\"font-weight: 400;\" aria-level=\"1\"><b>82%<\/b><span style=\"font-weight: 400;\"> sagen, dass er ihr Gesicht perfekt reinigt <\/span><b>perfekt<\/b><span style=\"font-weight: 400;\">.*<\/span><\/li>\n<li style=\"font-weight: 400;\" aria-level=\"1\"><b>91%<\/b><span style=\"font-weight: 400;\"> finden ihn <\/span><b>weich<\/b><span style=\"font-weight: 400;\"> und <\/span><b>nicht reizend<\/b><span style=\"font-weight: 400;\"> f\u00fcr ihre Haut.*<\/span><\/li>\n<li style=\"font-weight: 400;\" aria-level=\"1\"><b>76%<\/b><span style=\"font-weight: 400;\"> der Anwender stellen fest, dass dieses Produkt <\/span><b>ihre Haut nicht austrocknet.<\/b><\/li>\n<\/ul>\n<p><span style=\"font-weight: 400;\">Verwandelt Ihre Haut, einen Reiniger nach dem anderen. <\/span><b>Legen Sie es in Ihren Warenkorb<\/b><span style=\"font-weight: 400;\"> und entdecken Sie sichtbare Ergebnisse, die f\u00fcr sich selbst sprechen.<\/span><\/p>\n<p>&nbsp;<\/p>\n<h2><span style=\"font-weight: 400;\">FAQ : YOUNIQUE GLOWPLEXION Reiniger<\/span><\/h2>\n<ol>\n<li><b>  Ist der GLOWPLEXION-Reiniger f\u00fcr alle Hauttypen geeignet?<\/b><b><br \/>\n<\/b> <span style=\"font-weight: 400;\"> Ja, der <\/span><b>GLOWPLEXION-Reiniger<\/b><span style=\"font-weight: 400;\">  wurde speziell f\u00fcr alle Hauttypen entwickelt, ob trocken, fettig, Mischhaut oder empfindliche Haut. Die milde Formel reinigt gr\u00fcndlich, w\u00e4hrend sie das nat\u00fcrliche Gleichgewicht der Haut respektiert. Sie spendet Feuchtigkeit und pflegt, ohne selbst die empfindlichste Haut zu reizen.  <\/span><\/li>\n<li><b>  Was sind die wichtigsten aktiven Bestandteile des GLOWPLEXION Reinigers?<\/b><b><br \/>\n<\/b><span style=\"font-weight: 400;\">  Der Reiniger ist mit starken Inhaltsstoffen formuliert wie :<\/span><\/li>\n<\/ol>\n<ul>\n<li style=\"font-weight: 400;\" aria-level=\"1\"><b>Niacinamid<\/b><span style=\"font-weight: 400;\"> : Reduziert Unreinheiten und verbessert die Hautstruktur.<\/span><\/li>\n<li style=\"font-weight: 400;\" aria-level=\"1\"><b>Glykols\u00e4ure<\/b><span style=\"font-weight: 400;\"> Glycerin: Sanftes Peeling f\u00fcr einen strahlenden und glatten Teint.<\/span><\/li>\n<li style=\"font-weight: 400;\" aria-level=\"1\"><b>Kaktusfeige<\/b><span style=\"font-weight: 400;\"> Beruhigt die Haut, spendet Feuchtigkeit und verleiht ihr einen nat\u00fcrlichen Duft.<\/span><\/li>\n<li style=\"font-weight: 400;\" aria-level=\"1\"><b>Natriumhyaluronat<\/b><span style=\"font-weight: 400;\"> : Bewahrt eine optimale Feuchtigkeitsversorgung und macht die Haut geschmeidig.<\/span><\/li>\n<\/ul>\n<ol start=\"3\">\n<li><b>  Ist dieses Produkt f\u00fcr den t\u00e4glichen Gebrauch geeignet?<\/b><b><br \/>\n<\/b><span style=\"font-weight: 400;\">  Ja, der GLOWPLEXION Reiniger wurde f\u00fcr die t\u00e4gliche Anwendung morgens und abends entwickelt. Er reinigt, ohne auszutrocknen, und hilft, die Haut jeden Tag rein und strahlend zu halten. <\/span><\/li>\n<li><b>  Kann ich es als Erg\u00e4nzung zu anderen Pflegeprodukten verwenden?<\/b><b><br \/>\n<\/b><span style=\"font-weight: 400;\">  Auf jeden Fall! Die   <\/span><b>GLOWPLEXION-Reiniger<\/b><span style=\"font-weight: 400;\"> ist perfekt kompatibel mit anderen Pflegeprodukten der GLOWPLOX\u00ae-Reihe. <\/span><b>GLOWPLEXION<\/b><span style=\"font-weight: 400;\">. Es kann in Ihre t\u00e4gliche Routine integriert werden, bevor Sie Ihre Feuchtigkeitscreme oder Ihr Serum auftragen, um bessere Ergebnisse zu erzielen.<\/span><\/li>\n<li><b>  Wie lange h\u00e4lt eine Flasche GLOWPLEXION Reiniger?<\/b><b><br \/>\n<\/b> <span style=\"font-weight: 400;\"> Eine Flasche mit <\/span><b>125 ml<\/b><span style=\"font-weight: 400;\"> reicht f\u00fcr etwa <\/span><b>60 Tage<\/b><span style=\"font-weight: 400;\">  bei t\u00e4glicher Anwendung morgens und abends. Eine kleine Menge gen\u00fcgt, was es zu einem nachhaltigen und sparsamen Produkt macht. <\/span><\/li>\n<li><b>  Kann ich diesen Reiniger verwenden, um mein Make-up zu entfernen?<\/b><b><br \/>\n<\/b> <span style=\"font-weight: 400;\"> Obwohl der <\/span><b>GLOWPLEXION-Reiniger<\/b><span style=\"font-weight: 400;\">  reinigt effektiv, daher wird empfohlen, es nach der Reinigung zu verwenden. F\u00fcr eine vollst\u00e4ndige Reinigung verwenden Sie es nach einem Make-up-Entferner oder einem Reinigungs\u00f6l, um eine perfekt gereinigte und strahlende Haut zu erhalten. <\/span><\/li>\n<\/ol>\n<p>&nbsp;<\/p>\n<p><span style=\"font-weight: 400;\">Ihr Teint dankt es Ihnen mit jedem Spritzer. <\/span><b>Klicken Sie hier, um diesen Reiniger in den Warenkorb zu legen.<\/b><span style=\"font-weight: 400;\"> und bringen Sie Ihre Haut zum Strahlen!<\/span><\/p>\n","protected":false},"excerpt":{"rendered":"<p><span style=\"font-weight: 400;\">Eine Freundin erz\u00e4hlte mir k\u00fcrzlich von einem Problem, das sie mit ihrer Haut hatte. Durch den stressigen Job, die Kinder und die endlosen Tage f\u00fchlte sie sich immer m\u00fcde und das zeigte sich auch in ihrem Gesicht. Ihre Haut wirkte deprimiert,    <\/span><b>stumpf<\/b><span style=\"font-weight: 400;\">Sie konnte nicht mehr den nat\u00fcrlichen Glanz erreichen, den sie fr\u00fcher hatte.<\/span><\/p>\n<p><span style=\"font-weight: 400;\">Sie erz\u00e4hlte mir, dass sie viele verschiedene Reiniger getestet hatte, ohne Erfolg. Bis zu dem Tag, an dem ich ihr den   <\/span><b>GLOWPLEXION-Reiniger<\/b><span style=\"font-weight: 400;\">. Sie ging das Risiko ein und probierte es aus. Innerhalb von ein paar Tagen erz\u00e4hlte sie mir, dass ihre Haut sich   <\/span><b>vollst\u00e4ndig umgewandelt<\/b><span style=\"font-weight: 400;\">. Nicht nur, dass sie wieder einen sch\u00f6nen Teint bekam  <\/span><b>heller<\/b><span style=\"font-weight: 400;\"> und eine bessere Textur <\/span><b>glatter<\/b><span style=\"font-weight: 400;\">Sie f\u00fchlte sich aber auch glatter und glatter. <\/span><b>frischer<\/b><span style=\"font-weight: 400;\"> und <\/span><b>revitalisiert<\/b><span style=\"font-weight: 400;\">. Es war, als h\u00e4tte das Produkt  <\/span><b>ein Reset<\/b><span style=\"font-weight: 400;\">  f\u00fcr ihre Haut. Und das Beste daran ist, dass sie auch noch umweltfreundlich ist, denn ihre Verpackung ist aus   <\/span><b>recyceltes Harz<\/b><span style=\"font-weight: 400;\">. Seitdem schw\u00f6rt sie auf diesen Reiniger.  <\/span><\/p>\n","protected":false},"featured_media":11247,"comment_status":"open","ping_status":"closed","template":"","meta":{"_seopress_robots_primary_cat":"none","_seopress_titles_title":"","_seopress_titles_desc":"","_seopress_robots_index":"","site-sidebar-layout":"default","site-content-layout":"","ast-site-content-layout":"default","site-content-style":"default","site-sidebar-style":"default","ast-global-header-display":"","ast-banner-title-visibility":"","ast-main-header-display":"","ast-hfb-above-header-display":"","ast-hfb-below-header-display":"","ast-hfb-mobile-header-display":"","site-post-title":"","ast-breadcrumbs-content":"","ast-featured-img":"","footer-sml-layout":"","ast-disable-related-posts":"","theme-transparent-header-meta":"default","adv-header-id-meta":"","stick-header-meta":"","header-above-stick-meta":"","header-main-stick-meta":"","header-below-stick-meta":"","astra-migrate-meta-layouts":"default","ast-page-background-enabled":"default","ast-page-background-meta":{"desktop":{"background-color":"var(--ast-global-color-4)","background-image":"","background-repeat":"repeat","background-position":"center center","background-size":"auto","background-attachment":"scroll","background-type":"","background-media":"","overlay-type":"","overlay-color":"","overlay-opacity":"","overlay-gradient":""},"tablet":{"background-color":"","background-image":"","background-repeat":"repeat","background-position":"center center","background-size":"auto","background-attachment":"scroll","background-type":"","background-media":"","overlay-type":"","overlay-color":"","overlay-opacity":"","overlay-gradient":""},"mobile":{"background-color":"","background-image":"","background-repeat":"repeat","background-position":"center center","background-size":"auto","background-attachment":"scroll","background-type":"","background-media":"","overlay-type":"","overlay-color":"","overlay-opacity":"","overlay-gradient":""}},"ast-content-background-meta":{"desktop":{"background-color":"var(--ast-global-color-5)","background-image":"","background-repeat":"repeat","background-position":"center center","background-size":"auto","background-attachment":"scroll","background-type":"","background-media":"","overlay-type":"","overlay-color":"","overlay-opacity":"","overlay-gradient":""},"tablet":{"background-color":"var(--ast-global-color-5)","background-image":"","background-repeat":"repeat","background-position":"center center","background-size":"auto","background-attachment":"scroll","background-type":"","background-media":"","overlay-type":"","overlay-color":"","overlay-opacity":"","overlay-gradient":""},"mobile":{"background-color":"var(--ast-global-color-5)","background-image":"","background-repeat":"repeat","background-position":"center center","background-size":"auto","background-attachment":"scroll","background-type":"","background-media":"","overlay-type":"","overlay-color":"","overlay-opacity":"","overlay-gradient":""}}},"product_brand":[],"product_cat":[110],"product_tag":[],"class_list":{"0":"post-11246","1":"product","2":"type-product","3":"status-publish","4":"has-post-thumbnail","6":"product_cat-haut","7":"desktop-align-left","8":"tablet-align-left","9":"mobile-align-left","11":"first","12":"instock","13":"sale","14":"shipping-taxable","15":"product-type-external"},"_links":{"self":[{"href":"https:\/\/youniquebyemilie.com\/de\/wp-json\/wp\/v2\/product\/11246","targetHints":{"allow":["GET"]}}],"collection":[{"href":"https:\/\/youniquebyemilie.com\/de\/wp-json\/wp\/v2\/product"}],"about":[{"href":"https:\/\/youniquebyemilie.com\/de\/wp-json\/wp\/v2\/types\/product"}],"replies":[{"embeddable":true,"href":"https:\/\/youniquebyemilie.com\/de\/wp-json\/wp\/v2\/comments?post=11246"}],"wp:featuredmedia":[{"embeddable":true,"href":"https:\/\/youniquebyemilie.com\/de\/wp-json\/wp\/v2\/media\/11247"}],"wp:attachment":[{"href":"https:\/\/youniquebyemilie.com\/de\/wp-json\/wp\/v2\/media?parent=11246"}],"wp:term":[{"taxonomy":"product_brand","embeddable":true,"href":"https:\/\/youniquebyemilie.com\/de\/wp-json\/wp\/v2\/product_brand?post=11246"},{"taxonomy":"product_cat","embeddable":true,"href":"https:\/\/youniquebyemilie.com\/de\/wp-json\/wp\/v2\/product_cat?post=11246"},{"taxonomy":"product_tag","embeddable":true,"href":"https:\/\/youniquebyemilie.com\/de\/wp-json\/wp\/v2\/product_tag?post=11246"}],"curies":[{"name":"wp","href":"https:\/\/api.w.org\/{rel}","templated":true}]}}