{"id":11255,"date":"2025-07-24T20:54:25","date_gmt":"2025-07-24T18:54:25","guid":{"rendered":"https:\/\/youniquebyemilie.com\/produit\/younique-glowplexion-serum\/"},"modified":"2025-07-24T20:54:25","modified_gmt":"2025-07-24T18:54:25","slug":"younique-glowplexion-serum","status":"publish","type":"product","link":"https:\/\/youniquebyemilie.com\/de\/produit\/younique-glowplexion-serum\/","title":{"rendered":"YOUNIQUE GLOWPLEXION Serum"},"content":{"rendered":"<p><span style=\"font-weight: 400;\">Ich erinnere mich an ein Gespr\u00e4ch mit einer Freundin, die mir erz\u00e4hlte, dass sie keine Pflegeroutine mehr habe. Aufgrund ihrer vielen Verpflichtungen hatte sie es aufgegeben, sich um ihre Haut zu k\u00fcmmern. Sie sagte sich: &#8220;    <\/span><b>Warum Zeit verschwenden? <\/b><span style=\"font-weight: 400;\">&#8222;Aber eines Tages, als sie in den Spiegel schaute, sah sie das, was sie bef\u00fcrchtet hatte: eine <\/span><b>m\u00fcde Haut<\/b><span style=\"font-weight: 400;\">, <\/span><b>mit einem Mangel an Spannkraft.<\/b><span style=\"font-weight: 400;\"> und an Licht fehlt. <\/span><b>Licht<\/b><span style=\"font-weight: 400;\">. Sie hatte einen Teint, der so aussah  <\/span><b>etwas zu flach<\/b><span style=\"font-weight: 400;\">.<\/span><\/p>\n<p><span style=\"font-weight: 400;\">Dort erz\u00e4hlte ich ihr von dem <\/span><b>GLOWPLEXION Serum<\/b><span style=\"font-weight: 400;\">. Sie entschied sich, es zu versuchen, und nach nur wenigen Tagen sagte sie mir: &#8222;Es ist, als ob meine Haut  <\/span><b>geweckt<\/b><span style=\"font-weight: 400;\">. Sie ist nicht nur mehr  <\/span><b>hydratisiert<\/b><span style=\"font-weight: 400;\">Die Haut f\u00fchlt sich nicht nur besser an, sondern auch besser. <\/span><b>strahlender<\/b><span style=\"font-weight: 400;\">. &#8222;Dieses Serum hat den Unterschied gemacht. Es hat ihre Haut nicht nur gen\u00e4hrt, sondern ihr auch einen nat\u00fcrlichen Glanz verliehen, von dem sie dachte, er sei f\u00fcr immer verloren. Das ist der GLOWPLEXION-Effekt:    <\/span><b>eine Haut, die ihre Vitalit\u00e4t zur\u00fcckgewinnt<\/b><span style=\"font-weight: 400;\">.<\/span><\/p>\n<p>&nbsp;<\/p>\n<h2><span style=\"font-weight: 400;\">Warum Sie es lieben werden :<\/span><\/h2>\n<ul>\n<li style=\"font-weight: 400;\" aria-level=\"1\"><b>Reduziert feine Linien und gl\u00e4ttet die Haut.<\/b><span style=\"font-weight: 400;\"> Dieses Serum ist ein ideales Mittel, um das Erscheinungsbild von Hautunreinheiten zu reduzieren. <\/span><b>Feine Linien<\/b><span style=\"font-weight: 400;\"> und verleiht Ihrer Haut einen <\/span><b>gleichm\u00e4\u00dfigeren Teint<\/b><span style=\"font-weight: 400;\"> und <\/span><b>j\u00fcnger aussehen zu lassen.<\/b><span style=\"font-weight: 400;\">.<\/span><\/li>\n<li style=\"font-weight: 400;\" aria-level=\"1\"><b>Tiefe Feuchtigkeitsversorgung<\/b><span style=\"font-weight: 400;\"> : Dank seines Hyalurons\u00e4uregehalts <\/span><b>Natriumhyaluronat<\/b><span style=\"font-weight: 400;\">Dieses Serum versorgt die Haut mit Feuchtigkeit. <\/span><b>in der Tiefe<\/b><span style=\"font-weight: 400;\">und verleiht Ihrer Haut ein angenehmes Gef\u00fchl. <\/span><b>Sofortiges Wohlbefinden<\/b><span style=\"font-weight: 400;\"> und eine <\/span><b>lang anhaltende Feuchtigkeitsversorgung<\/b><span style=\"font-weight: 400;\">.<\/span><\/li>\n<li style=\"font-weight: 400;\" aria-level=\"1\"><b>Verbessert die Textur und die Ausstrahlung des Teints.<\/b><span style=\"font-weight: 400;\"> Mit Vitamin C: Formuliert mit <\/span><b>Vitamin C<\/b><span style=\"font-weight: 400;\">Mit Vitamin C, Vitamin A, Vitamin E und Vitamin C. <\/span><b>Kaktusfeige<\/b><span style=\"font-weight: 400;\">und Niacin. <\/span><b>Niacinamid<\/b><span style=\"font-weight: 400;\">Dieses Serum <\/span><b>bringt  zum Strahlen.<\/b><span style=\"font-weight: 400;\"> Ihre Haut und verbessert sichtbar ihre Textur.<\/span><\/li>\n<li style=\"font-weight: 400;\" aria-level=\"1\"><b>Schont den Planeten<\/b><span style=\"font-weight: 400;\"> : Mit seiner <\/span><b>Nachf\u00fcllbare Verpackung<\/b><span style=\"font-weight: 400;\">Dieses Serum erm\u00f6glicht es Ihnen, Ihre Haut zu pflegen und gleichzeitig den Abfall zu reduzieren - eine kleine Geste, die einen gro\u00dfen Unterschied macht.<\/span><\/li>\n<li style=\"font-weight: 400;\" aria-level=\"1\"><b>Pra Pra Pra Pra Pra Pra Pra Pra<\/b><span style=\"font-weight: 400;\"> : Nach ein bis zwei Pumpst\u00f6\u00dfen ist das Serum sofort einsatzbereit. <\/span><b>zieht schnell ein.<\/b><span style=\"font-weight: 400;\">ohne einen Fettfilm zu hinterlassen. <\/span><b>Ein schneller Schritt f\u00fcr eine strahlende Haut, morgens und abends.<\/b><\/li>\n<\/ul>\n<h2><span style=\"font-weight: 400;\">Die Zutaten f\u00fcr die Magie :<\/span><\/h2>\n<ul>\n<li style=\"font-weight: 400;\" aria-level=\"1\"><b>Niacinamid<\/b><span style=\"font-weight: 400;\"> Dieser Superstar unter den Inhaltsstoffen verringert die Anzahl der Pickel. <\/span><b>Unreinheiten<\/b><span style=\"font-weight: 400;\">Er sorgt f\u00fcr einen ebenm\u00e4\u00dfigen Teint und verbessert die Hautstruktur. <\/span><b>Hautstruktur<\/b><span style=\"font-weight: 400;\">. Es ist perfekt, um die Haut wieder in Form zu bringen.  <\/span><b>glatt<\/b><span style=\"font-weight: 400;\"> und <\/span><b>einheitlich<\/b><span style=\"font-weight: 400;\">.<\/span><\/li>\n<li style=\"font-weight: 400;\" aria-level=\"1\"><b>Vitamin C<\/b><span style=\"font-weight: 400;\"> : Dank seiner Eigenschaften <\/span><b>Antioxidantien<\/b><span style=\"font-weight: 400;\">Es hat eine gute Wirkung auf das Immunsystem. <\/span><b>hellt  auf<\/b><span style=\"font-weight: 400;\">  und sch\u00fctzt Ihre Haut vor \u00e4u\u00dferen Einfl\u00fcssen. Eine Haut   <\/span><b>strahlend<\/b><span style=\"font-weight: 400;\"> und <\/span><b>vor freien Radikalen bewahrt<\/b><span style=\"font-weight: 400;\">.<\/span><\/li>\n<li style=\"font-weight: 400;\" aria-level=\"1\"><b>Kaktusfeige<\/b><span style=\"font-weight: 400;\"> Diese magische Frucht ist reich an Vitaminen und Mineralien. <\/span><b>Vitamine<\/b><span style=\"font-weight: 400;\"> und <\/span><b>Antioxidantien<\/b><span style=\"font-weight: 400;\">Sie beruhigt die Haut, spendet ihr Feuchtigkeit und verleiht ihr einen angenehmen Duft. <\/span><b>zarter Duft<\/b><span style=\"font-weight: 400;\"> und nat\u00fcrlichen Duft.<\/span><\/li>\n<li style=\"font-weight: 400;\" aria-level=\"1\"><b>Natriumhyaluronat<\/b><span style=\"font-weight: 400;\"> : Ein <\/span><b>Ein starker Feuchtigkeitsspender<\/b><span style=\"font-weight: 400;\"> der Wasser anzieht und bindet, wodurch die Haut geschmeidig bleibt. <\/span><b>Die Haut ist gut mit Feuchtigkeit versorgt.<\/b><span style=\"font-weight: 400;\"> und <\/span><b>Plumping<\/b><span style=\"font-weight: 400;\"> den ganzen Tag \u00fcber.<\/span><\/li>\n<li style=\"font-weight: 400;\" aria-level=\"1\"><b>AcquaCell<\/b><span style=\"font-weight: 400;\"> Ein leistungsstarker Feuchtigkeitskomplex, der hilft, das Gleichgewicht wiederherzustellen, indem er die <\/span><b>den Feuchtigkeitsgehalt aufrechterh\u00e4lt<\/b><span style=\"font-weight: 400;\"> und das Erscheinungsbild der Poren reduziert <\/span><b>Poren<\/b><span style=\"font-weight: 400;\">.<\/span><\/li>\n<\/ul>\n<h2><span style=\"font-weight: 400;\">Wie man es benutzt :<\/span><\/h2>\n<ol>\n<li style=\"font-weight: 400;\" aria-level=\"1\"><b>Presse<\/b><span style=\"font-weight: 400;\"> Dr\u00fccken Sie ein oder zwei Mal leicht auf Ihre Handfl\u00e4che.<\/span><\/li>\n<li style=\"font-weight: 400;\" aria-level=\"1\"><b>Tragen Sie es sanft auf.<\/b><span style=\"font-weight: 400;\"> auf Ihr Gesicht und Ihren Hals auf und massieren Sie es leicht ein.<\/span><\/li>\n<li style=\"font-weight: 400;\" aria-level=\"1\"><b>Lassen Sie das Serum einziehen<\/b><span style=\"font-weight: 400;\">  f\u00fcr 1 bis 2 Minuten. Ihre Haut ist jetzt   <\/span><b>bereit zu strahlen<\/b><span style=\"font-weight: 400;\"> !<\/span><\/li>\n<\/ol>\n<p><b>Rat<\/b><span style=\"font-weight: 400;\">  Verwenden Sie es morgens und abends f\u00fcr spektakul\u00e4re Ergebnisse. F\u00fcr eine langanhaltende Ausstrahlung f\u00fcgen Sie morgens einen SPF hinzu und sch\u00fctzen Sie Ihre Haut den ganzen Tag \u00fcber. <\/span><\/p>\n<p>&nbsp;<\/p>\n<h2><span style=\"font-weight: 400;\">Das sagen die Nutzer :<\/span><\/h2>\n<ul>\n<li style=\"font-weight: 400;\" aria-level=\"1\"><b>100%<\/b><span style=\"font-weight: 400;\"> der Nutzer sagen, dass ihre Haut besser aussieht <\/span><b>glatter<\/b><span style=\"font-weight: 400;\"> und <\/span><b>weicher ist.<\/b><span style=\"font-weight: 400;\"> nach der Anwendung.*<\/span><\/li>\n<li style=\"font-weight: 400;\" aria-level=\"1\"><b>91%<\/b><span style=\"font-weight: 400;\"> finden ihren Teint <\/span><b>strahlender<\/b><span style=\"font-weight: 400;\"> und <\/span><b>strahlender<\/b><span style=\"font-weight: 400;\">.*<\/span><\/li>\n<li style=\"font-weight: 400;\" aria-level=\"1\"><b>85%<\/b><span style=\"font-weight: 400;\"> bemerken eine <\/span><b>Reduzierung von feinen Linien<\/b><span style=\"font-weight: 400;\"> und R\u00f6tungen <\/span><b>Unreinheiten<\/b><span style=\"font-weight: 400;\"> nach der Anwendung.*<\/span><\/li>\n<li style=\"font-weight: 400;\" aria-level=\"1\"><b>76%<\/b><span style=\"font-weight: 400;\"> der Anwender geben an, dass dieses Serum <\/span><b>ihre Haut nicht reizt<\/b><span style=\"font-weight: 400;\"> und <\/span><b>die Haut beruhigt.<\/b><span style=\"font-weight: 400;\">.<\/span><\/li>\n<\/ul>\n<p><span style=\"font-weight: 400;\">Dieses Serum macht keine leeren Versprechungen. <\/span><b>Klicken Sie hier, um es in den Warenkorb zu legen.<\/b><span style=\"font-weight: 400;\">Erleben Sie, wie sich Ihr Teint vor Ihren Augen jeden Tag wie eine neue Haut ver\u00e4ndert. <\/span> <\/p>\n<p>&nbsp;<\/p>\n<h2><span style=\"font-weight: 400;\">FAQ : YOUNIQUE GLOWPLEXION Serum<\/span><\/h2>\n<ol>\n<li><b>  Wie wirkt das Serum gegen feine Linien?<\/b><b><br \/>\n<\/b> <span style=\"font-weight: 400;\"> Die <\/span><b>YOUNIQUE GLOWPLEXION Serum<\/b><span style=\"font-weight: 400;\"> wurde entwickelt, um <\/span><b>das Erscheinungsbild von feinen Linien zu reduzieren.<\/b><span style=\"font-weight: 400;\"> mit seinen hochwirksamen Inhaltsstoffen wie <\/span><b>Niacinamid<\/b><span style=\"font-weight: 400;\"> und Glykogen und Glykosamin.<\/span><b>Glykols\u00e4ure<\/b><span style=\"font-weight: 400;\">. Sie handeln gemeinsam, um  <\/span><b>gl\u00e4tten<\/b><span style=\"font-weight: 400;\"> die Haut und <\/span><b>verbessern.<\/b><span style=\"font-weight: 400;\"> Bei regelm\u00e4\u00dfiger Anwendung werden feine Linien und F\u00e4ltchen weniger sichtbar.<\/span><\/li>\n<li><b>  Ist dieses Serum f\u00fcr alle Hauttypen geeignet?<\/b><b><br \/>\n<\/b> <span style=\"font-weight: 400;\"> Ja, dieses Serum ist f\u00fcr alle Hauttypen geeignet. <\/span><b>f\u00fcr alle Hauttypen geeignet<\/b><span style=\"font-weight: 400;\">einschlie\u00dflich empfindlicher Haut. Sie spendet Feuchtigkeit, beruhigt und   <\/span><b>n\u00e4hrt die Haut<\/b><span style=\"font-weight: 400;\">l, dank sanfter und effektiver Inhaltsstoffe wie der <\/span><b>Kaktusfeige<\/b><span style=\"font-weight: 400;\"> und Fetts\u00e4uren.<\/span><b>Natriumhyaluronat.<\/b><span style=\"font-weight: 400;\">.<\/span><\/li>\n<li><b>  Kann ich es verwenden, wenn ich Unreinheiten oder braune Flecken habe?<\/b><b><br \/>\n<\/b><span style=\"font-weight: 400;\">  Auf jeden Fall! Die   <\/span><b>Vitamin C<\/b><span style=\"font-weight: 400;\"> und <\/span><b>Niacinamid<\/b><span style=\"font-weight: 400;\"> in diesem Serum helfen bei der <\/span><b>Unreinheiten zu reduzieren<\/b><span style=\"font-weight: 400;\"> zu reduzieren und <\/span><b>den Teint gleichm\u00e4\u00dfiger zu machen<\/b><span style=\"font-weight: 400;\">. L&#8216;<\/span><b>Glykols\u00e4ure<\/b><span style=\"font-weight: 400;\"> hilft, die Haut sanft zu exfolieren, was zu einem glatteren Aussehen f\u00fchrt. <\/span><b>gleichm\u00e4\u00dfigeren Teint<\/b><span style=\"font-weight: 400;\"> und strahlendem Aussehen.<\/span><\/li>\n<li><b>  Was ist der Unterschied zwischen diesem Serum und anderen feuchtigkeitsspendenden Produkten?<\/b><\/li>\n<\/ol>\n<p><span style=\"font-weight: 400;\">Was ist der Unterschied? Dieses Serum ist keine einfache Feuchtigkeitspflege.  Es ist  <\/span><b>Revolution\u00e4r<\/b><span style=\"font-weight: 400;\">. Neben einer tiefen Feuchtigkeitsversorgung  <\/span><b>reduziert Unvollkommenheiten<\/b><span style=\"font-weight: 400;\">, <\/span><b>gl\u00e4ttet<\/b><span style=\"font-weight: 400;\"> die Haut und <\/span><b>steigert die nat\u00fcrliche Ausstrahlung der Haut.<\/b><span style=\"font-weight: 400;\"> mit wirksamen Inhaltsstoffen wie Vitamin C <\/span><b>Vitamin C<\/b><span style=\"font-weight: 400;\"> und Vitamin C. <\/span><b>Kaktusfeige<\/b><span style=\"font-weight: 400;\">. Es ist nicht nur eine Feuchtigkeitspflege, sondern auch eine  <\/span><b>eine strahlende Haut<\/b><span style=\"font-weight: 400;\">, <\/span><b>glatter<\/b><span style=\"font-weight: 400;\">und <\/span><b>j\u00fcnger<\/b><span style=\"font-weight: 400;\">mit einer einzigen Geste. <\/span> <\/p>\n<ol start=\"5\">\n<li><b>  Kann ich dieses Serum mit anderen Hautpflegeprodukten verwenden?<\/b><b><br \/>\n<\/b> <span style=\"font-weight: 400;\"> Ja, das <\/span><b>GLOWPLEXION Serum.<\/b><span style=\"font-weight: 400;\"> ist so konzipiert, dass es in jede Pflege integriert werden kann. <\/span><b>Pflegeroutinen zu integrieren<\/b><span style=\"font-weight: 400;\">. Es l\u00e4sst sich hervorragend mit anderen Produkten der Reihe kombinieren.  <\/span><b>GLOWPLEXION<\/b><span style=\"font-weight: 400;\">sowie die <\/span><b>Seren<\/b><span style=\"font-weight: 400;\"> oder <\/span><b>Nachtcremes<\/b><span style=\"font-weight: 400;\"> f\u00fcr <\/span><b>um den Feuchtigkeitsgehalt zu erh\u00f6hen.<\/b><span style=\"font-weight: 400;\"> und die Haut zu st\u00e4rken.<\/span><b>Ausstrahlung<\/b><span style=\"font-weight: 400;\"> der Haut.<\/span><\/li>\n<li><b>  Wie lange h\u00e4lt eine Flasche GLOWPLEXION Serum?<\/b><b><br \/>\n<\/b> <span style=\"font-weight: 400;\"> Eine Flasche mit <\/span><b>30 ml<\/b><span style=\"font-weight: 400;\"> reicht f\u00fcr etwa <\/span><b>60 Tage.<\/b><span style=\"font-weight: 400;\">Bei einer regelm\u00e4\u00dfigen Anwendung von <\/span><b>1 bis 2 Pumpst\u00f6\u00dfe pro Tag<\/b><span style=\"font-weight: 400;\">. Dies ist ein ausgezeichnetes  <\/span><b>Preis-Leistungs-Verh\u00e4ltnis<\/b><span style=\"font-weight: 400;\"> f\u00fcr ein solches Produkt <\/span><b>effektiv<\/b><span style=\"font-weight: 400;\"> und <\/span><b>langlebig<\/b><span style=\"font-weight: 400;\">.<\/span><\/li>\n<\/ol>\n<p><span style=\"font-weight: 400;\">Warten Sie nicht bis morgen, um eine strahlende Haut zu bekommen. F\u00fcgen Sie dieses Serum zu Ihrem Warenkorb hinzu und   <\/span><b>sei bereit, morgen zu gl\u00e4nzen<\/b><span style=\"font-weight: 400;\"> !<\/span><\/p>\n","protected":false},"excerpt":{"rendered":"<p><span style=\"font-weight: 400;\">Ich erinnere mich an ein Gespr\u00e4ch mit einer Freundin, die mir erz\u00e4hlte, dass sie keine Pflegeroutine mehr habe. Aufgrund ihrer vielen Verpflichtungen hatte sie es aufgegeben, sich um ihre Haut zu k\u00fcmmern. Sie sagte sich: &#8220;    <\/span><b>Warum Zeit verschwenden? <\/b><span style=\"font-weight: 400;\">&#8222;Aber eines Tages, als sie in den Spiegel schaute, sah sie das, was sie bef\u00fcrchtet hatte: eine <\/span><b>m\u00fcde Haut<\/b><span style=\"font-weight: 400;\">, <\/span><b>mit einem Mangel an Spannkraft.<\/b><span style=\"font-weight: 400;\"> und an Licht fehlt. <\/span><b>Licht<\/b><span style=\"font-weight: 400;\">. Sie hatte einen Teint, der so aussah  <\/span><b>etwas zu flach<\/b><span style=\"font-weight: 400;\">.<\/span><\/p>\n<p><span style=\"font-weight: 400;\">Dort erz\u00e4hlte ich ihr von dem <\/span><b>GLOWPLEXION Serum<\/b><span style=\"font-weight: 400;\">. Sie entschied sich, es zu versuchen, und nach nur wenigen Tagen sagte sie mir: &#8222;Es ist, als ob meine Haut  <\/span><b>geweckt<\/b><span style=\"font-weight: 400;\">. Sie ist nicht nur mehr  <\/span><b>hydratisiert<\/b><span style=\"font-weight: 400;\">Die Haut f\u00fchlt sich nicht nur besser an, sondern auch besser. <\/span><b>strahlender<\/b><span style=\"font-weight: 400;\">. &#8222;Dieses Serum hat den Unterschied gemacht. Es hat ihre Haut nicht nur gen\u00e4hrt, sondern ihr auch einen nat\u00fcrlichen Glanz verliehen, von dem sie dachte, er sei f\u00fcr immer verloren. Das ist der GLOWPLEXION-Effekt:    <\/span><b>eine Haut, die ihre Vitalit\u00e4t zur\u00fcckgewinnt<\/b><span style=\"font-weight: 400;\">.<\/span><\/p>\n","protected":false},"featured_media":11257,"comment_status":"open","ping_status":"closed","template":"","meta":{"_seopress_robots_primary_cat":"none","_seopress_titles_title":"","_seopress_titles_desc":"","_seopress_robots_index":"","site-sidebar-layout":"default","site-content-layout":"","ast-site-content-layout":"default","site-content-style":"default","site-sidebar-style":"default","ast-global-header-display":"","ast-banner-title-visibility":"","ast-main-header-display":"","ast-hfb-above-header-display":"","ast-hfb-below-header-display":"","ast-hfb-mobile-header-display":"","site-post-title":"","ast-breadcrumbs-content":"","ast-featured-img":"","footer-sml-layout":"","ast-disable-related-posts":"","theme-transparent-header-meta":"default","adv-header-id-meta":"","stick-header-meta":"","header-above-stick-meta":"","header-main-stick-meta":"","header-below-stick-meta":"","astra-migrate-meta-layouts":"default","ast-page-background-enabled":"default","ast-page-background-meta":{"desktop":{"background-color":"var(--ast-global-color-4)","background-image":"","background-repeat":"repeat","background-position":"center center","background-size":"auto","background-attachment":"scroll","background-type":"","background-media":"","overlay-type":"","overlay-color":"","overlay-opacity":"","overlay-gradient":""},"tablet":{"background-color":"","background-image":"","background-repeat":"repeat","background-position":"center center","background-size":"auto","background-attachment":"scroll","background-type":"","background-media":"","overlay-type":"","overlay-color":"","overlay-opacity":"","overlay-gradient":""},"mobile":{"background-color":"","background-image":"","background-repeat":"repeat","background-position":"center center","background-size":"auto","background-attachment":"scroll","background-type":"","background-media":"","overlay-type":"","overlay-color":"","overlay-opacity":"","overlay-gradient":""}},"ast-content-background-meta":{"desktop":{"background-color":"var(--ast-global-color-5)","background-image":"","background-repeat":"repeat","background-position":"center center","background-size":"auto","background-attachment":"scroll","background-type":"","background-media":"","overlay-type":"","overlay-color":"","overlay-opacity":"","overlay-gradient":""},"tablet":{"background-color":"var(--ast-global-color-5)","background-image":"","background-repeat":"repeat","background-position":"center center","background-size":"auto","background-attachment":"scroll","background-type":"","background-media":"","overlay-type":"","overlay-color":"","overlay-opacity":"","overlay-gradient":""},"mobile":{"background-color":"var(--ast-global-color-5)","background-image":"","background-repeat":"repeat","background-position":"center center","background-size":"auto","background-attachment":"scroll","background-type":"","background-media":"","overlay-type":"","overlay-color":"","overlay-opacity":"","overlay-gradient":""}}},"product_brand":[],"product_cat":[110],"product_tag":[],"class_list":{"0":"post-11255","1":"product","2":"type-product","3":"status-publish","4":"has-post-thumbnail","6":"product_cat-haut","7":"desktop-align-left","8":"tablet-align-left","9":"mobile-align-left","11":"first","12":"instock","13":"sale","14":"shipping-taxable","15":"product-type-external"},"_links":{"self":[{"href":"https:\/\/youniquebyemilie.com\/de\/wp-json\/wp\/v2\/product\/11255","targetHints":{"allow":["GET"]}}],"collection":[{"href":"https:\/\/youniquebyemilie.com\/de\/wp-json\/wp\/v2\/product"}],"about":[{"href":"https:\/\/youniquebyemilie.com\/de\/wp-json\/wp\/v2\/types\/product"}],"replies":[{"embeddable":true,"href":"https:\/\/youniquebyemilie.com\/de\/wp-json\/wp\/v2\/comments?post=11255"}],"wp:featuredmedia":[{"embeddable":true,"href":"https:\/\/youniquebyemilie.com\/de\/wp-json\/wp\/v2\/media\/11257"}],"wp:attachment":[{"href":"https:\/\/youniquebyemilie.com\/de\/wp-json\/wp\/v2\/media?parent=11255"}],"wp:term":[{"taxonomy":"product_brand","embeddable":true,"href":"https:\/\/youniquebyemilie.com\/de\/wp-json\/wp\/v2\/product_brand?post=11255"},{"taxonomy":"product_cat","embeddable":true,"href":"https:\/\/youniquebyemilie.com\/de\/wp-json\/wp\/v2\/product_cat?post=11255"},{"taxonomy":"product_tag","embeddable":true,"href":"https:\/\/youniquebyemilie.com\/de\/wp-json\/wp\/v2\/product_tag?post=11255"}],"curies":[{"name":"wp","href":"https:\/\/api.w.org\/{rel}","templated":true}]}}