{"id":11264,"date":"2025-07-26T23:59:50","date_gmt":"2025-07-26T21:59:50","guid":{"rendered":"https:\/\/youniquebyemilie.com\/produit\/younique-glowplexion-feuchtigkeitscreme\/"},"modified":"2025-11-28T15:49:57","modified_gmt":"2025-11-28T14:49:57","slug":"younique-glowplexion-feuchtigkeitscreme","status":"publish","type":"product","link":"https:\/\/youniquebyemilie.com\/de\/produit\/younique-glowplexion-feuchtigkeitscreme\/","title":{"rendered":"YOUNIQUE GLOWPLEXION Feuchtigkeitscreme"},"content":{"rendered":"<p><span style=\"font-weight: 400;\">Vor ein paar Monaten hat mir meine Haut wirklich zu schaffen gemacht. Zwischen den vollen Tagen, dem Stress und der M\u00fcdigkeit hatte ich das Gef\u00fchl, dass sich meine Haut   <\/span><b>dehydriert<\/b><span style=\"font-weight: 400;\">, <\/span><b>stumpf<\/b><span style=\"font-weight: 400;\">Es war, als h\u00e4tte ich diese Frische nicht mehr. Es war frustrierend. Meine Sorge verschwand, als sich unsere Wege kreuzten:    <\/span><b>GLOWPLEXION Feuchtigkeitscreme<\/b><span style=\"font-weight: 400;\">  und mich. Seitdem ist meine Haut <\/span> <b> mehr s\u00fc\u00df<\/b><span style=\"font-weight: 400;\">, <\/span><b>glatter<\/b><span style=\"font-weight: 400;\"> und <\/span><b>bereit zu gl\u00e4nzen <\/b><span style=\"font-weight: 400;\">!<\/span><\/p>\n<p><span style=\"font-weight: 400;\">Und das Beste? Sie   <\/span><b>reagiert gut<\/b><span style=\"font-weight: 400;\">In der Regel ist es gut, wenn die Haut mit der Sheabutter in Kontakt kommt. <\/span><b>Karit\u00e9butter<\/b><span style=\"font-weight: 400;\"> n\u00e4hrt meine Haut und die<\/span><b>Glykols\u00e4ure<\/b><span style=\"font-weight: 400;\">  hat einfach die kleinen Unregelm\u00e4\u00dfigkeiten beseitigt. Sie ist   <\/span><b>strahlend<\/b><span style=\"font-weight: 400;\"> und mehr <\/span><b>gleichm\u00e4\u00dfig<\/b><span style=\"font-weight: 400;\">. Ich wei\u00df jetzt, dass meine Haut in guten H\u00e4nden ist! Und au\u00dferdem   <\/span><b>dieses Produkt ist umweltfreundlich<\/b><span style=\"font-weight: 400;\">mit einem nachf\u00fcllbaren Flakon. Es ist   <\/span><b>eine luxuri\u00f6se Pflege<\/b><span style=\"font-weight: 400;\"> die den Planeten respektiert, und ich liebe das!<\/span><\/p>\n<h2><span style=\"font-weight: 400;\">Warum Sie es lieben werden :<\/span><\/h2>\n<ul>\n<li style=\"font-weight: 400;\" aria-level=\"1\"><b>Tiefgehende Feuchtigkeitsversorgung<\/b><span style=\"font-weight: 400;\"> : Schon nach der ersten Anwendung f\u00fchlt sich Ihre Haut <\/span><b>gen\u00e4hrt<\/b><span style=\"font-weight: 400;\">, <\/span><b>weich<\/b><span style=\"font-weight: 400;\"> und <\/span><b>rehydratisiert<\/b><span style=\"font-weight: 400;\"> dank wirkungsvoller Inhaltsstoffe wie Acquacell\u00ae.<\/span><b>Acquacell<\/b><span style=\"font-weight: 400;\"> und Acquacell\u00ae.<\/span><b>Natriumhyaluronat.<\/b><span style=\"font-weight: 400;\">.<\/span>&nbsp;<\/li>\n<li style=\"font-weight: 400;\" aria-level=\"1\"><b>Premium-Formel, sanft und schonend.<\/b><span style=\"font-weight: 400;\"> Die Haut ist weich und geschmeidig. <\/span><b>gl\u00e4ttet<\/b><span style=\"font-weight: 400;\"> und <\/span><b>samtweich<\/b><span style=\"font-weight: 400;\"> ist perfekt, um die Haut zu beruhigen und zu pflegen. <\/span><b>zu reparieren.<\/b><span style=\"font-weight: 400;\">  Ihre Haut zu verbessern. Ihr Teint wird   <\/span><b>heller<\/b><span style=\"font-weight: 400;\"> und <\/span><b>gleichm\u00e4\u00dfiger<\/b><span style=\"font-weight: 400;\">.<\/span>&nbsp;<\/li>\n<li style=\"font-weight: 400;\" aria-level=\"1\"><b>Umweltfreundlich<\/b><span style=\"font-weight: 400;\"> : Der Flakon wird aus recyceltem Material hergestellt. <\/span><b>recyceltem Harz hergestellt.<\/b><span style=\"font-weight: 400;\">Dies erm\u00f6glicht es Ihnen, Ihre Haut und die Umwelt zu schonen.<\/span>&nbsp;<\/li>\n<li style=\"font-weight: 400;\" aria-level=\"1\"><b>Praktisch und schnell<\/b><span style=\"font-weight: 400;\"> In nur wenigen Sekunden, <\/span><b>eine kleine Menge<\/b><span style=\"font-weight: 400;\">  reicht aus, um Ihre Haut m\u00fchelos mit N\u00e4hrstoffen und Feuchtigkeit zu versorgen. Es ist einfach, schnell und effektiv! <\/span>&nbsp;<\/li>\n<\/ul>\n<h2><span style=\"font-weight: 400;\">Die Zutaten, die den Unterschied ausmachen :<\/span><\/h2>\n<p><span style=\"font-weight: 400;\">Dieses Produkt zeichnet sich durch die Qualit\u00e4t seiner Zutaten aus. <\/span><b>Inhaltsstoffe<\/b><span style=\"font-weight: 400;\">Jeder einzelne wurde sorgf\u00e4ltig ausgew\u00e4hlt, um den Bed\u00fcrfnissen der Haut gerecht zu werden. <\/span><b>die den Bed\u00fcrfnissen Ihrer Haut entsprechen<\/b><span style=\"font-weight: 400;\"> :<\/span><\/p>\n<ul>\n<li style=\"font-weight: 400;\" aria-level=\"1\"><b>Niacinamid<\/b><span style=\"font-weight: 400;\"> Dieser hochwirksame Inhaltsstoff reguliert die Talgproduktion und sorgt daf\u00fcr, dass die Talgproduktion nicht abnimmt. <\/span><b>verbessert die Hautstruktur<\/b><span style=\"font-weight: 400;\">. Ideal f\u00fcr  <\/span><b>Unreinheiten zu reduzieren<\/b><span style=\"font-weight: 400;\"> und einen ebenm\u00e4\u00dfigen Teint.<\/span>&nbsp;<\/li>\n<li style=\"font-weight: 400;\" aria-level=\"1\"><b>Acquacell<\/b><span style=\"font-weight: 400;\"> : Eine <\/span><b>Quelle intensiver Feuchtigkeit<\/b><span style=\"font-weight: 400;\">  die Ihrer Haut hilft, Wasser zu speichern und gleichzeitig ihr Aussehen sichtbar zu verbessern. Mehr Wasser, mehr Komfort! <\/span>&nbsp;<\/li>\n<li style=\"font-weight: 400;\" aria-level=\"1\"><b>Kaktusfeige<\/b><span style=\"font-weight: 400;\"> Ein wichtiger Inhaltsstoff, der die Gesundheit f\u00f6rdert. <\/span><b>Beruhigung<\/b><span style=\"font-weight: 400;\"> und <\/span><b>um  mit Feuchtigkeit zu versorgen.<\/b><span style=\"font-weight: 400;\"> und bietet gleichzeitig einen angenehmen Duft. <\/span><b>frisch und nat\u00fcrlich<\/b><span style=\"font-weight: 400;\"> der Sie an die Natur erinnert.<\/span>&nbsp;<\/li>\n<li style=\"font-weight: 400;\" aria-level=\"1\"><b>Karit\u00e9-Butter<\/b><span style=\"font-weight: 400;\"> Shea Butter: Sie ist bekannt f\u00fcr ihre guten Eigenschaften. <\/span><b>n\u00e4hrende Eigenschaften<\/b><span style=\"font-weight: 400;\"> und <\/span><b>Reparierend<\/b><span style=\"font-weight: 400;\">. Er l\u00e4sst Ihre Haut  <\/span><b>weicher<\/b><span style=\"font-weight: 400;\">Die Haut ist geschmeidiger und gut gesch\u00fctzt.<\/span>&nbsp;<\/li>\n<li style=\"font-weight: 400;\" aria-level=\"1\"><b>HydraBeet SF<\/b><span style=\"font-weight: 400;\"> und <\/span><b>Fision Wrinklefix<\/b><span style=\"font-weight: 400;\"> : Diese <\/span><b>Wirkstoffkomplexe<\/b><span style=\"font-weight: 400;\"> haben Anti-Aging-Eigenschaften, <\/span><b>Gl\u00e4ttung<\/b><span style=\"font-weight: 400;\"> und <\/span><b>reduzieren<\/b><span style=\"font-weight: 400;\"> das Erscheinungsbild von Falten sichtbar. <\/span><b>Falten<\/b><span style=\"font-weight: 400;\"> et des <\/span><b>feinen Linien<\/b><span style=\"font-weight: 400;\">.<\/span>&nbsp;<\/li>\n<\/ul>\n<p>&nbsp;<\/p>\n<h2><span style=\"font-weight: 400;\">Wie man es benutzt :<\/span><\/h2>\n<ol>\n<li style=\"font-weight: 400;\" aria-level=\"1\"><b>Presse<\/b><span style=\"font-weight: 400;\"> eine kleine Menge Creme (Perlengr\u00f6\u00dfe) in Ihre H\u00e4nde.<\/span>&nbsp;<\/li>\n<li style=\"font-weight: 400;\" aria-level=\"1\"><b>Tragen Sie<\/b><span style=\"font-weight: 400;\"> in sanften Bewegungen auf Gesicht und Hals <\/span><b>kreisenden Bewegungen ein.<\/b><span style=\"font-weight: 400;\"> um die Creme einzuziehen.<\/span>&nbsp;<\/li>\n<li style=\"font-weight: 400;\" aria-level=\"1\"><b>Fahren Sie fort mit<\/b><span style=\"font-weight: 400;\"> mit Ihrer Pflegeroutine oder tragen Sie Ihren <\/span><b>Ihren bevorzugten SPF auf.<\/b><span style=\"font-weight: 400;\"> wenn Sie es am Morgen verwenden.<\/span>&nbsp;<\/li>\n<\/ol>\n<p><b>Tipp :  <\/b><span style=\"font-weight: 400;\">Um noch beeindruckendere Ergebnisse zu erzielen, tragen Sie es morgens und abends auf. Und f\u00fcr eine komplette Pflegeroutine kombinieren Sie es mit anderen Pflegeprodukten.   <\/span><b>GLOWPLEXION-Sortiment<\/b><span style=\"font-weight: 400;\">.<\/span><\/p>\n<p>&nbsp;<\/p>\n<h2><span style=\"font-weight: 400;\">Das sagen die Nutzer :<\/span><\/h2>\n<ul>\n<li style=\"font-weight: 400;\" aria-level=\"1\"><b>82%<\/b><span style=\"font-weight: 400;\"> der Anwender geben an, dass dieses Produkt die Haut mit Feuchtigkeit versorgt. <\/span><b>tiefgehende Feuchtigkeitsversorgung<\/b><span style=\"font-weight: 400;\">.*<\/span>&nbsp;<\/li>\n<li style=\"font-weight: 400;\" aria-level=\"1\"><b>85%<\/b><span style=\"font-weight: 400;\"> der Nutzer finden ihre Haut <\/span><b>glatter<\/b><span style=\"font-weight: 400;\"> und <\/span><b>weicher<\/b><span style=\"font-weight: 400;\"> nach der Anwendung.*<\/span>&nbsp;<\/li>\n<li style=\"font-weight: 400;\" aria-level=\"1\"><b>91%<\/b><span style=\"font-weight: 400;\"> sind der Meinung, dass er <\/span><b>schnell einzieht<\/b><span style=\"font-weight: 400;\"> und hinterl\u00e4sst keinen Fettfilm.*<\/span>&nbsp;<\/li>\n<li style=\"font-weight: 400;\" aria-level=\"1\"><b>76%<\/b><span style=\"font-weight: 400;\"> der Benutzer best\u00e4tigen, dass dieses Produkt <\/span><b>ihre Haut nicht austrocknet<\/b><span style=\"font-weight: 400;\">die Haut nicht austrocknet, sondern sie einfach nur gut aussehen l\u00e4sst. <\/span><b>gen\u00e4hrt wird<\/b><span style=\"font-weight: 400;\">.<\/span>&nbsp;<\/li>\n<\/ul>\n<p><span style=\"font-weight: 400;\">Dies ist nicht nur eine Pflege, sondern eine Transformation. <\/span><b>Legen Sie diesen Reiniger jetzt in Ihren Warenkorb.<\/b><span style=\"font-weight: 400;\">und lassen Sie Ihre Haut Tag f\u00fcr Tag strahlen!<\/span><\/p>\n<p>&nbsp;<\/p>\n<p>&nbsp;<\/p>\n<h2><span style=\"font-weight: 400;\">FAQ : Feuchtigkeitscreme YOUNIQUE GLOWPLEXION<\/span><\/h2>\n<ol>\n<li><b>  Ist diese Creme f\u00fcr empfindliche Haut geeignet?<\/b><b><br \/>\n<\/b><span style=\"font-weight: 400;\">  Ja, unbedingt! Die   <\/span><b>Feuchtigkeitscreme GLOWPLEXION<\/b><span style=\"font-weight: 400;\"> wurde dermatologisch getestet und ist ideal f\u00fcr die Bed\u00fcrfnisse der Haut. <\/span><b>Empfindliche Haut<\/b><span style=\"font-weight: 400;\">. Seine milde Formel, angereichert mit  <\/span><b>Karit\u00e9butter<\/b><span style=\"font-weight: 400;\"> und <\/span><b>Kaktusfeige<\/b><span style=\"font-weight: 400;\">Die Haut wird durch die Kombination von Feuchtigkeit und Vitaminen beruhigt und gen\u00e4hrt, ohne zu reizen.<\/span><\/li>\n<li><b>  Kann ich es auf meiner fettigen Haut verwenden?<\/b><b><br \/>\n<\/b><span style=\"font-weight: 400;\">  Selbstverst\u00e4ndlich ist es das! Das Produkt wurde entworfen, um   <\/span><b>alle Hauttypen<\/b><span style=\"font-weight: 400;\">einschlie\u00dflich der Haut von <\/span><b>fettige Haut<\/b><span style=\"font-weight: 400;\">. Durch die<\/span><b>Glykols\u00e4ure<\/b><span style=\"font-weight: 400;\"> und <\/span><b>Niacinamid<\/b><span style=\"font-weight: 400;\">Es hilft, \u00fcbersch\u00fcssigen Talg zu regulieren und gleichzeitig die Feuchtigkeit zu bewahren. Ihre Haut wird mit N\u00e4hrstoffen versorgt, ohne beschwert zu werden. <\/span><\/li>\n<li><b>  Was ist der Vorteil von recyceltem Harz f\u00fcr die Verpackung?<\/b><b><br \/>\n<\/b> <span style=\"font-weight: 400;\"> Die Verpackung aus <\/span><b>recyceltem Harz<\/b><span style=\"font-weight: 400;\">  hilft, die Auswirkungen auf die Umwelt zu verringern. Es ist eine einfache, aber wirkungsvolle Geste, um zu einer besseren Welt beizutragen.   <\/span><b>nachhaltig<\/b><span style=\"font-weight: 400;\">und genie\u00dfen Sie dabei ein Qualit\u00e4tsprodukt, das Ihre Haut und unseren Planeten sch\u00fctzt.<\/span><\/li>\n<li><b>  Wie lange h\u00e4lt eine Flasche GLOWPLEXION Feuchtigkeitscreme?<\/b><b><br \/>\n<\/b> <span style=\"font-weight: 400;\"> Eine Flasche mit <\/span><b>50 ml<\/b><span style=\"font-weight: 400;\"> reicht f\u00fcr etwa <\/span><b>60 Tage<\/b><span style=\"font-weight: 400;\">  bei regelm\u00e4\u00dfiger Anwendung morgens und abends. Eine kleine Menge reicht aus, um Ihre Haut effektiv zu pflegen und mit Feuchtigkeit zu versorgen, was sie zu einem ausgezeichneten Preis-Leistungs-Verh\u00e4ltnis macht. <\/span><\/li>\n<li><b>  Kann ich es morgens vor dem Auftragen meines Make-ups verwenden?<\/b><b><br \/>\n<\/b><span style=\"font-weight: 400;\">  Ja, nat\u00fcrlich! Die   <\/span><b>GLOWPLEXION Feuchtigkeitscreme<\/b><span style=\"font-weight: 400;\"> ist eine ausgezeichnete <\/span><b>Feuchtigkeitsgrundlage<\/b><span style=\"font-weight: 400;\">  vor dem Auftragen des Make-ups. Ihre Haut f\u00fchlt sich glatt und weich an und ist bereit, Ihre Foundation oder BB Cream aufzunehmen. Sie hinterl\u00e4sst keinen Fettfilm und zieht schnell ein.  <\/span><\/li>\n<li><b>  Hat diese Creme einen starken Duft?<\/b><b><br \/>\n<\/b> <span style=\"font-weight: 400;\"> Nein, die Creme hat einen Duft <\/span><b>subtil und nat\u00fcrlich<\/b><span style=\"font-weight: 400;\"> der von Inhaltsstoffen wie z.B. der <\/span><b>Kaktusfeige<\/b><span style=\"font-weight: 400;\"> und Kaktusfeige und dem Duft von Oliven\u00f6l.<\/span><b>Oliven\u00f6l.<\/b><span style=\"font-weight: 400;\">. Sie ist leicht und angenehm, perfekt f\u00fcr diejenigen, die eine nicht zu aufdringliche Pflege bevorzugen.<\/span><\/li>\n<\/ol>\n<p>&nbsp;<\/p>\n<p><span style=\"font-weight: 400;\">Ihre Haut, Ihre Ausstrahlung. <\/span><b>Klicken Sie hier, um dieses Produkt in Ihren Warenkorb zu legen.<\/b><span style=\"font-weight: 400;\">Beginnen Sie noch heute Abend mit Ihrer Verwandlung!<\/span><\/p>\n<p>&nbsp;<\/p>\n","protected":false},"excerpt":{"rendered":"<p><span style=\"font-weight: 400;\">Vor einigen Monaten hat mir meine Haut wirklich zu schaffen gemacht. Zwischen den vollen Tagen, dem Stress und der M\u00fcdigkeit hatte ich das Gef\u00fchl, dass sich meine Haut   <\/span><b>dehydriert<\/b><span style=\"font-weight: 400;\">, <\/span><b>stumpf<\/b><span style=\"font-weight: 400;\">Es war, als h\u00e4tte ich diese Frische nicht mehr. Es war frustrierend. Meine Sorge verschwand, als sich unsere Wege kreuzten:    <\/span><b>GLOWPLEXION Feuchtigkeitscreme<\/b><span style=\"font-weight: 400;\">  und mich. Seitdem ist meine Haut <\/span> <b> mehr s\u00fc\u00df<\/b><span style=\"font-weight: 400;\">, <\/span><b>glatter<\/b><span style=\"font-weight: 400;\"> und <\/span><b>bereit zu gl\u00e4nzen <\/b><span style=\"font-weight: 400;\">!<\/span><\/p>\n<p><span style=\"font-weight: 400;\">Und das Beste? Sie   <\/span><b>reagiert gut<\/b><span style=\"font-weight: 400;\">In der Regel ist es gut, wenn die Haut mit der Sheabutter in Kontakt kommt. <\/span><b>Karit\u00e9butter<\/b><span style=\"font-weight: 400;\"> n\u00e4hrt meine Haut und die<\/span><b>Glykols\u00e4ure<\/b><span style=\"font-weight: 400;\">  hat einfach die kleinen Unregelm\u00e4\u00dfigkeiten beseitigt. Sie ist   <\/span><b>strahlend<\/b><span style=\"font-weight: 400;\"> und mehr <\/span><b>gleichm\u00e4\u00dfig<\/b><span style=\"font-weight: 400;\">. Ich wei\u00df jetzt, dass meine Haut in guten H\u00e4nden ist! Und au\u00dferdem   <\/span><b>dieses Produkt ist umweltfreundlich<\/b><span style=\"font-weight: 400;\">mit einem nachf\u00fcllbaren Flakon. Es ist   <\/span><b>eine luxuri\u00f6se Pflege<\/b><span style=\"font-weight: 400;\"> die den Planeten respektiert, und ich liebe das!<\/span><\/p>\n","protected":false},"featured_media":11265,"comment_status":"open","ping_status":"closed","template":"","meta":{"_seopress_robots_primary_cat":"none","_seopress_titles_title":"","_seopress_titles_desc":"","_seopress_robots_index":"","site-sidebar-layout":"default","site-content-layout":"","ast-site-content-layout":"default","site-content-style":"default","site-sidebar-style":"default","ast-global-header-display":"","ast-banner-title-visibility":"","ast-main-header-display":"","ast-hfb-above-header-display":"","ast-hfb-below-header-display":"","ast-hfb-mobile-header-display":"","site-post-title":"","ast-breadcrumbs-content":"","ast-featured-img":"","footer-sml-layout":"","ast-disable-related-posts":"","theme-transparent-header-meta":"default","adv-header-id-meta":"","stick-header-meta":"","header-above-stick-meta":"","header-main-stick-meta":"","header-below-stick-meta":"","astra-migrate-meta-layouts":"default","ast-page-background-enabled":"default","ast-page-background-meta":{"desktop":{"background-color":"var(--ast-global-color-4)","background-image":"","background-repeat":"repeat","background-position":"center center","background-size":"auto","background-attachment":"scroll","background-type":"","background-media":"","overlay-type":"","overlay-color":"","overlay-opacity":"","overlay-gradient":""},"tablet":{"background-color":"","background-image":"","background-repeat":"repeat","background-position":"center center","background-size":"auto","background-attachment":"scroll","background-type":"","background-media":"","overlay-type":"","overlay-color":"","overlay-opacity":"","overlay-gradient":""},"mobile":{"background-color":"","background-image":"","background-repeat":"repeat","background-position":"center center","background-size":"auto","background-attachment":"scroll","background-type":"","background-media":"","overlay-type":"","overlay-color":"","overlay-opacity":"","overlay-gradient":""}},"ast-content-background-meta":{"desktop":{"background-color":"var(--ast-global-color-5)","background-image":"","background-repeat":"repeat","background-position":"center center","background-size":"auto","background-attachment":"scroll","background-type":"","background-media":"","overlay-type":"","overlay-color":"","overlay-opacity":"","overlay-gradient":""},"tablet":{"background-color":"var(--ast-global-color-5)","background-image":"","background-repeat":"repeat","background-position":"center center","background-size":"auto","background-attachment":"scroll","background-type":"","background-media":"","overlay-type":"","overlay-color":"","overlay-opacity":"","overlay-gradient":""},"mobile":{"background-color":"var(--ast-global-color-5)","background-image":"","background-repeat":"repeat","background-position":"center center","background-size":"auto","background-attachment":"scroll","background-type":"","background-media":"","overlay-type":"","overlay-color":"","overlay-opacity":"","overlay-gradient":""}}},"product_brand":[],"product_cat":[110],"product_tag":[],"class_list":{"0":"post-11264","1":"product","2":"type-product","3":"status-publish","4":"has-post-thumbnail","6":"product_cat-haut","7":"desktop-align-left","8":"tablet-align-left","9":"mobile-align-left","11":"first","12":"instock","13":"sale","14":"shipping-taxable","15":"product-type-external"},"_links":{"self":[{"href":"https:\/\/youniquebyemilie.com\/de\/wp-json\/wp\/v2\/product\/11264","targetHints":{"allow":["GET"]}}],"collection":[{"href":"https:\/\/youniquebyemilie.com\/de\/wp-json\/wp\/v2\/product"}],"about":[{"href":"https:\/\/youniquebyemilie.com\/de\/wp-json\/wp\/v2\/types\/product"}],"replies":[{"embeddable":true,"href":"https:\/\/youniquebyemilie.com\/de\/wp-json\/wp\/v2\/comments?post=11264"}],"wp:featuredmedia":[{"embeddable":true,"href":"https:\/\/youniquebyemilie.com\/de\/wp-json\/wp\/v2\/media\/11265"}],"wp:attachment":[{"href":"https:\/\/youniquebyemilie.com\/de\/wp-json\/wp\/v2\/media?parent=11264"}],"wp:term":[{"taxonomy":"product_brand","embeddable":true,"href":"https:\/\/youniquebyemilie.com\/de\/wp-json\/wp\/v2\/product_brand?post=11264"},{"taxonomy":"product_cat","embeddable":true,"href":"https:\/\/youniquebyemilie.com\/de\/wp-json\/wp\/v2\/product_cat?post=11264"},{"taxonomy":"product_tag","embeddable":true,"href":"https:\/\/youniquebyemilie.com\/de\/wp-json\/wp\/v2\/product_tag?post=11264"}],"curies":[{"name":"wp","href":"https:\/\/api.w.org\/{rel}","templated":true}]}}