{"id":11269,"date":"2025-07-24T20:37:19","date_gmt":"2025-07-24T18:37:19","guid":{"rendered":"https:\/\/youniquebyemilie.com\/produit\/you-ology-reinigungsbalsam\/"},"modified":"2025-07-24T20:37:19","modified_gmt":"2025-07-24T18:37:19","slug":"you-ology-reinigungsbalsam","status":"publish","type":"product","link":"https:\/\/youniquebyemilie.com\/de\/produit\/you-ology-reinigungsbalsam\/","title":{"rendered":"YOU OLOGY Reinigungsbalsam"},"content":{"rendered":"<p><span style=\"font-weight: 400;\">Kennen Sie diese Abende, an denen Sie sich nach einem anstrengenden Tag einfach nur entspannen und pflegen wollen? Die   <\/span><b>Reinigungsbalsam YOU-OLOGY<\/b><span style=\"font-weight: 400;\">  ist mein perfekter Verb\u00fcndeter f\u00fcr diesen Zweck. Dieser cremige Balsam, der sich bei Ber\u00fchrung mit Ihrer Haut in ein weiches Gel verwandelt, entfernt   <\/span><b>leicht<\/b><span style=\"font-weight: 400;\"> Make-up, auch wasserfestes, und pflegt Ihre Haut.<\/span><\/p>\n<p><span style=\"font-weight: 400;\">Seine <\/span><b>Eine besonders milde Formel<\/b><span style=\"font-weight: 400;\">ist mit pflanzlichen \u00d6len wie Traubenkern\u00f6l angereichert.<\/span><b>Traubenkern\u00f6l<\/b><span style=\"font-weight: 400;\"> und Oliven\u00f6l.<\/span><b>Oliven\u00f6l angereichert ist.<\/b><span style=\"font-weight: 400;\">K\u00fcmmern Sie sich um Ihren Pea. Was ist das Beste daran? Es ist geeignet f\u00fcr    <\/span><b>alle Hauttypen<\/b><span style=\"font-weight: 400;\">selbst die trockensten Hauttypen, und <\/span><b>sch\u00e4umt nicht<\/b><span style=\"font-weight: 400;\">. Es ist<\/span><b>t der erste perfekte Schritt f\u00fcr<\/b><span style=\"font-weight: 400;\">f\u00fcr eine gr\u00fcndliche Reinigung <\/span><b>gr\u00fcndliche Reinigung<\/b><span style=\"font-weight: 400;\">Dies gilt insbesondere dann, wenn Sie versuchen, eine <\/span><b>Doppel-Reinigungsroutine<\/b><span style=\"font-weight: 400;\"> in Ihre Abendroutine zu integrieren.<\/span><\/p>\n<p>&nbsp;<\/p>\n<h2><span style=\"font-weight: 400;\">Warum Sie diesen Reinigungsbalsam lieben werden :<\/span><\/h2>\n<ul>\n<li style=\"font-weight: 400;\" aria-level=\"1\"><b>Effektive Make-up-Entfernung<\/b><span style=\"font-weight: 400;\"> Entfernt Makeup: Entfernt Makeup <\/span><b>selbst wasserfestes Make-up.<\/b><span style=\"font-weight: 400;\"> m\u00fchelos.<\/span><\/li>\n<li style=\"font-weight: 400;\" aria-level=\"1\"><b>Spendet Feuchtigkeit und n\u00e4hrt<\/b><span style=\"font-weight: 400;\"> : Mit pflanzlichen \u00d6len formuliert, pflegt sie die Haut. <\/span><b>spendet Feuchtigkeit<\/b><span style=\"font-weight: 400;\"> und <\/span><b>n\u00e4hrt<\/b><span style=\"font-weight: 400;\"> Ihre Haut in der Tiefe.<\/span><\/li>\n<li style=\"font-weight: 400;\" aria-level=\"1\"><b>Weiches Gef\u00fchl<\/b><span style=\"font-weight: 400;\"> : L\u00e4sst Ihre Haut <\/span><b>weicher<\/b><span style=\"font-weight: 400;\"> und <\/span><b>frisch<\/b><span style=\"font-weight: 400;\">Die Haut f\u00fchlt sich weich und geschmeidig an, ohne zu spannen.<\/span><\/li>\n<li style=\"font-weight: 400;\" aria-level=\"1\"><b>Einfach zu verwenden<\/b><span style=\"font-weight: 400;\"> : L\u00e4sst sich leicht auf die Haut auftragen <\/span><b>trocken<\/b><span style=\"font-weight: 400;\"> und l\u00e4sst sich m\u00fchelos absp\u00fclen.<\/span><\/li>\n<li style=\"font-weight: 400;\" aria-level=\"1\"><b>Schnelle Routine<\/b><span style=\"font-weight: 400;\"> : Ideal f\u00fcr eine Doppelreinigung, bereitet Ihre Haut auf die Aufnahme der folgenden Pflegeprodukte vor. <\/span><b>Die Haut wird auf die folgenden Pflegeprodukte vorbereitet<\/b><span style=\"font-weight: 400;\">.<\/span><\/li>\n<\/ul>\n<p>&nbsp;<\/p>\n<h2><span style=\"font-weight: 400;\">Wie Sie ihn einfach nutzen k\u00f6nnen :<\/span><\/h2>\n<ol>\n<li style=\"font-weight: 400;\" aria-level=\"1\"><b>Nehmen Sie eine kleine Menge.<\/b><span style=\"font-weight: 400;\"> des Reinigungsbalsams und tragen Sie es direkt auf Ihr trockenes Gesicht auf.<\/span><\/li>\n<li style=\"font-weight: 400;\" aria-level=\"1\"><b>Massieren Sie das Produkt sanft ein.<\/b><span style=\"font-weight: 400;\"> damit der Balsam schmilzt und Ihr gesamtes Make-up, auch wasserfestes, entfernt.<\/span><\/li>\n<li style=\"font-weight: 400;\" aria-level=\"1\"><b>Sp\u00fclen Sie  ab.<\/b><span style=\"font-weight: 400;\"> mit lauwarmem Wasser oder einem feuchten Tuch ab, um das Make-up perfekt zu entfernen.<\/span><\/li>\n<li style=\"font-weight: 400;\" aria-level=\"1\"><b>Vervollst\u00e4ndigen Sie<\/b><span style=\"font-weight: 400;\"> mit Ihrem YOU-OLOGY-Reiniger f\u00fcr eine perfekt gereinigte Haut, die bereit f\u00fcr die nachfolgende Pflege ist.<\/span><\/li>\n<\/ol>\n<p>&nbsp;<\/p>\n<h2><span style=\"font-weight: 400;\">Inhaltsstoffe, die Ihre Haut pflegen :<\/span><\/h2>\n<ul>\n<li style=\"font-weight: 400;\" aria-level=\"1\"><b>Traubenkern\u00f6l<\/b><span style=\"font-weight: 400;\"> Feuchtigkeit und N\u00e4hrstoffe, die die Haut weich und strahlend machen.<\/span><\/li>\n<li style=\"font-weight: 400;\" aria-level=\"1\"><b>Oliven\u00f6l<\/b><span style=\"font-weight: 400;\"> \u00d6l: Macht die Haut weich und sch\u00fctzt sie, w\u00e4hrend sie mit Feuchtigkeit versorgt wird.<\/span><\/li>\n<li style=\"font-weight: 400;\" aria-level=\"1\"><b>Sonnenblumen\u00f6l<\/b><span style=\"font-weight: 400;\"> Sonnenblumen\u00f6l: Es ist reich an Antioxidantien und hilft, die Haut zu reparieren und zu beruhigen.<\/span><\/li>\n<li style=\"font-weight: 400;\" aria-level=\"1\"><b>Moringa-\u00d6l<\/b><span style=\"font-weight: 400;\"> : Ein kraftvolles <\/span><b>n\u00e4hrende Wirkung<\/b><span style=\"font-weight: 400;\"> f\u00fcr einen strahlenden und revitalisierten Teint.<\/span><\/li>\n<\/ul>\n<p>&nbsp;<\/p>\n<h2><span style=\"font-weight: 400;\">Warum Sie nicht vorbeigehen k\u00f6nnen :<\/span><\/h2>\n<p><span style=\"font-weight: 400;\">Wenn Sie eine <\/span><b>Reinigung<\/b><span style=\"font-weight: 400;\"> effizient und effektiv <\/span><b>Sanftheit<\/b><span style=\"font-weight: 400;\"> garantiert, dann ist der <\/span><b>YOU-OLOGY Reinigungsbalsam<\/b><span style=\"font-weight: 400;\">  ist f\u00fcr Sie gemacht. Er   <\/span><b>entfernt Make-up<\/b><span style=\"font-weight: 400;\"> sanft und gleichzeitig <\/span><b>n\u00e4hrt<\/b><span style=\"font-weight: 400;\"> und bereitet Ihr Gesicht auf die nachfolgende Pflege vor. <\/span><b>Pflegeroutine vor.<\/b><span style=\"font-weight: 400;\"> und bereitet sich auf die n\u00e4chste Pflege vor. <\/span><b>Ein echter Favorit<\/b><span style=\"font-weight: 400;\"> f\u00fcr alle Hauttypen, die eine gr\u00fcndliche Reinigung ben\u00f6tigen. <\/span><b>sanfte Reinigung ben\u00f6tigen.<\/b><span style=\"font-weight: 400;\"> ohne Kompromisse bei der Wirksamkeit einzugehen.<\/span><\/p>\n<p><span style=\"font-weight: 400;\">Legen Sie ihn in Ihren Einkaufskorb und verw\u00f6hnen Sie Ihre Haut mit dem Glanz, den sie verdient!<\/span><\/p>\n<p>&nbsp;<\/p>\n","protected":false},"excerpt":{"rendered":"<p><span style=\"font-weight: 400;\">Kennen Sie diese Abende, an denen Sie sich nach einem anstrengenden Tag einfach nur entspannen und pflegen wollen? Die   <\/span><b>Reinigungsbalsam YOU-OLOGY<\/b><span style=\"font-weight: 400;\">  ist mein perfekter Verb\u00fcndeter f\u00fcr diesen Zweck. Dieser cremige Balsam, der sich bei Kontakt mit Ihrer Haut in ein weiches Gel verwandelt, entfernt   <\/span><b>leicht<\/b><span style=\"font-weight: 400;\"> Make-up, auch wasserfestes, und pflegt Ihre Haut.<\/span><\/p>\n<p><span style=\"font-weight: 400;\">Seine <\/span><b>Eine besonders milde Formel<\/b><span style=\"font-weight: 400;\">ist mit pflanzlichen \u00d6len wie Traubenkern\u00f6l angereichert.<\/span><b>Traubenkern\u00f6l<\/b><span style=\"font-weight: 400;\"> und Oliven\u00f6l.<\/span><b>Oliven\u00f6l angereichert ist.<\/b><span style=\"font-weight: 400;\">K\u00fcmmern Sie sich um Ihren Pea. Was ist das Beste daran? Es ist geeignet f\u00fcr    <\/span><b>alle Hauttypen<\/b><span style=\"font-weight: 400;\">selbst die trockensten Hauttypen, und <\/span><b>sch\u00e4umt nicht<\/b><span style=\"font-weight: 400;\">. Es ist<\/span><b>t der erste perfekte Schritt f\u00fcr<\/b><span style=\"font-weight: 400;\">f\u00fcr eine gr\u00fcndliche Reinigung <\/span><b>gr\u00fcndliche Reinigung<\/b><span style=\"font-weight: 400;\">Dies gilt insbesondere dann, wenn Sie versuchen, eine <\/span><b>Doppel-Reinigungsroutine<\/b><span style=\"font-weight: 400;\"> in Ihre Abendroutine zu integrieren.<\/span><\/p>\n","protected":false},"featured_media":11274,"comment_status":"open","ping_status":"closed","template":"","meta":{"_seopress_robots_primary_cat":"none","_seopress_titles_title":"","_seopress_titles_desc":"","_seopress_robots_index":"","site-sidebar-layout":"default","site-content-layout":"","ast-site-content-layout":"default","site-content-style":"default","site-sidebar-style":"default","ast-global-header-display":"","ast-banner-title-visibility":"","ast-main-header-display":"","ast-hfb-above-header-display":"","ast-hfb-below-header-display":"","ast-hfb-mobile-header-display":"","site-post-title":"","ast-breadcrumbs-content":"","ast-featured-img":"","footer-sml-layout":"","ast-disable-related-posts":"","theme-transparent-header-meta":"default","adv-header-id-meta":"","stick-header-meta":"","header-above-stick-meta":"","header-main-stick-meta":"","header-below-stick-meta":"","astra-migrate-meta-layouts":"default","ast-page-background-enabled":"default","ast-page-background-meta":{"desktop":{"background-color":"var(--ast-global-color-4)","background-image":"","background-repeat":"repeat","background-position":"center center","background-size":"auto","background-attachment":"scroll","background-type":"","background-media":"","overlay-type":"","overlay-color":"","overlay-opacity":"","overlay-gradient":""},"tablet":{"background-color":"","background-image":"","background-repeat":"repeat","background-position":"center center","background-size":"auto","background-attachment":"scroll","background-type":"","background-media":"","overlay-type":"","overlay-color":"","overlay-opacity":"","overlay-gradient":""},"mobile":{"background-color":"","background-image":"","background-repeat":"repeat","background-position":"center center","background-size":"auto","background-attachment":"scroll","background-type":"","background-media":"","overlay-type":"","overlay-color":"","overlay-opacity":"","overlay-gradient":""}},"ast-content-background-meta":{"desktop":{"background-color":"var(--ast-global-color-5)","background-image":"","background-repeat":"repeat","background-position":"center center","background-size":"auto","background-attachment":"scroll","background-type":"","background-media":"","overlay-type":"","overlay-color":"","overlay-opacity":"","overlay-gradient":""},"tablet":{"background-color":"var(--ast-global-color-5)","background-image":"","background-repeat":"repeat","background-position":"center center","background-size":"auto","background-attachment":"scroll","background-type":"","background-media":"","overlay-type":"","overlay-color":"","overlay-opacity":"","overlay-gradient":""},"mobile":{"background-color":"var(--ast-global-color-5)","background-image":"","background-repeat":"repeat","background-position":"center center","background-size":"auto","background-attachment":"scroll","background-type":"","background-media":"","overlay-type":"","overlay-color":"","overlay-opacity":"","overlay-gradient":""}}},"product_brand":[],"product_cat":[110],"product_tag":[],"class_list":{"0":"post-11269","1":"product","2":"type-product","3":"status-publish","4":"has-post-thumbnail","6":"product_cat-haut","7":"desktop-align-left","8":"tablet-align-left","9":"mobile-align-left","11":"first","12":"instock","13":"sale","14":"shipping-taxable","15":"product-type-external"},"_links":{"self":[{"href":"https:\/\/youniquebyemilie.com\/de\/wp-json\/wp\/v2\/product\/11269","targetHints":{"allow":["GET"]}}],"collection":[{"href":"https:\/\/youniquebyemilie.com\/de\/wp-json\/wp\/v2\/product"}],"about":[{"href":"https:\/\/youniquebyemilie.com\/de\/wp-json\/wp\/v2\/types\/product"}],"replies":[{"embeddable":true,"href":"https:\/\/youniquebyemilie.com\/de\/wp-json\/wp\/v2\/comments?post=11269"}],"wp:featuredmedia":[{"embeddable":true,"href":"https:\/\/youniquebyemilie.com\/de\/wp-json\/wp\/v2\/media\/11274"}],"wp:attachment":[{"href":"https:\/\/youniquebyemilie.com\/de\/wp-json\/wp\/v2\/media?parent=11269"}],"wp:term":[{"taxonomy":"product_brand","embeddable":true,"href":"https:\/\/youniquebyemilie.com\/de\/wp-json\/wp\/v2\/product_brand?post=11269"},{"taxonomy":"product_cat","embeddable":true,"href":"https:\/\/youniquebyemilie.com\/de\/wp-json\/wp\/v2\/product_cat?post=11269"},{"taxonomy":"product_tag","embeddable":true,"href":"https:\/\/youniquebyemilie.com\/de\/wp-json\/wp\/v2\/product_tag?post=11269"}],"curies":[{"name":"wp","href":"https:\/\/api.w.org\/{rel}","templated":true}]}}