{"id":11349,"date":"2025-07-28T17:58:24","date_gmt":"2025-07-28T15:58:24","guid":{"rendered":"https:\/\/youniquebyemilie.com\/produit\/serum-foundation-younique-touch\/"},"modified":"2025-07-28T17:58:24","modified_gmt":"2025-07-28T15:58:24","slug":"serum-foundation-younique-touch","status":"publish","type":"product","link":"https:\/\/youniquebyemilie.com\/de\/produit\/serum-foundation-younique-touch\/","title":{"rendered":"Serum-Foundation + YOUNIQUE TOUCH"},"content":{"rendered":"<p><span style=\"font-weight: 400;\">Ein perfekter, leichter und strahlender Teint: Diese revolution\u00e4re Foundation ist die L\u00f6sung, auf die Sie gewartet haben! Haben Sie genug von schweren Foundations, die Ihre Haut ersticken? Die    <\/span><b>Grundierung Serum + YOUNIQUE TOUCH<\/b><span style=\"font-weight: 400;\">  ist da, um Ihr Leben zu ver\u00e4ndern. Sie gibt Ihnen nicht nur eine perfekte Abdeckung, sondern spendet auch Feuchtigkeit und polstert Ihre Haut auf, w\u00e4hrend sie gleichzeitig unglaublich leicht und atmungsaktiv ist. Keine Unreinheiten und kein Maskeneffekt mehr: Diese Foundation ist wie eine zweite Haut, nur besser.  <\/span><\/p>\n<p><span style=\"font-weight: 400;\">Angereichert mit n\u00e4hrenden und sch\u00fctzenden Inhaltsstoffen minimiert diese leichte Foundation das Erscheinungsbild von feinen Linien und Unreinheiten. Sie bietet Ihnen eine modulierbare Deckkraft, die Sie nach Belieben anpassen k\u00f6nnen. Sie werden das nat\u00fcrliche und strahlende Finish lieben, das Sie den ganzen Tag m\u00fchelos begleiten wird.  <\/span><\/p>\n<h2><span style=\"font-weight: 400;\">Was Sie an YOUNIQUE TOUCH Serum Foundation + lieben werden<\/span><\/h2>\n<ul>\n<li style=\"font-weight: 400;\" aria-level=\"1\"><b>Eine leichte, atmungsaktive Textur<\/b><b><br \/>\n<\/b><span style=\"font-weight: 400;\">  Diese Foundation verleiht Ihnen ein nat\u00fcrliches Finish, ohne \u00fcberladen zu wirken. Sie kaschiert Unregelm\u00e4\u00dfigkeiten und l\u00e4sst Ihre Haut atmen. <\/span><\/li>\n<li style=\"font-weight: 400;\" aria-level=\"1\"><b>Eine modulierbare Deckkraft<\/b><b><br \/>\n<\/b><span style=\"font-weight: 400;\">  Tragen Sie einen oder zwei Tropfen f\u00fcr einen leichten, nat\u00fcrlichen Look auf oder f\u00fcgen Sie mehr hinzu, um eine vollst\u00e4ndige Abdeckung zu erzielen. Er passt sich Ihren Bed\u00fcrfnissen von morgens bis abends an! <\/span><\/li>\n<li style=\"font-weight: 400;\" aria-level=\"1\"><b>Ein strahlendes, satiniertes Finish<\/b><b><br \/>\n<\/b><span style=\"font-weight: 400;\"> Mit seiner Mischung aus feuchtigkeitsspendenden Inhaltsstoffen verleiht er Ihnen einen frischen, strahlenden und glanzlosen Teint.<\/span><\/li>\n<li style=\"font-weight: 400;\" aria-level=\"1\"><b>Eine langanhaltende Formel<\/b><b><br \/>\n<\/b> <span style=\"font-weight: 400;\"> Er bleibt bis zu 12 Stunden lang makellos.<\/span><b>12 Stunden<\/b><span style=\"font-weight: 400;\">selbst an den l\u00e4ngsten Tagen und ohne Transfers! Sie m\u00fcssen sich keine Sorgen machen, dass Sie im Laufe des Tages etwas \u00e4ndern m\u00fcssen. <\/span><\/li>\n<\/ul>\n<h2><span style=\"font-weight: 400;\">Verf\u00fcgbare Farbt\u00f6ne f\u00fcr YOUNIQUE TOUCH Serum + Foundation<\/span><\/h2>\n<p><span style=\"font-weight: 400;\">Diese Foundation ist in folgenden Farben erh\u00e4ltlich <\/span><b>verschiedene Farbt\u00f6ne<\/b><span style=\"font-weight: 400;\">  um sich perfekt an Ihren Hautton anzupassen. Egal ob Sie einen hellen, mittleren oder tiefen Hautton haben, Sie werden den Farbton finden, der Sie am besten aussehen l\u00e4sst. Und wissen Sie was? Sie k\u00f6nnen auch verschiedene Farbt\u00f6ne mischen, um einen ma\u00dfgeschneiderten Teint zu kreieren. Hier sind einige Beispiele:    <\/span><\/p>\n<ul>\n<li style=\"font-weight: 400;\" aria-level=\"1\"><b>Scharlachrot<\/b><span style=\"font-weight: 400;\">  Ein beiger Farbton, der perfekt f\u00fcr helle bis mittlere Haut mit einem k\u00fchlen Unterton ist. Ideal f\u00fcr einen frischen und nat\u00fcrlichen Teint. <\/span><span style=\"font-weight: 400;\"><br \/>\n<\/span><span style=\"font-weight: 400;\"><br \/>\n<\/span><\/li>\n<li style=\"font-weight: 400;\" aria-level=\"1\"><b>Organza<\/b><span style=\"font-weight: 400;\"> Rosa oder blau, f\u00fcr einen frischen und strahlenden Teint, der k\u00fchle Haut zum Leuchten bringt.<\/span><\/li>\n<li style=\"font-weight: 400;\" aria-level=\"1\"><b>Velvet<\/b><span style=\"font-weight: 400;\"> Ein perfekter Goldton f\u00fcr ein strahlendes und nat\u00fcrliches Finish, ideal f\u00fcr warme Hautt\u00f6ne.<\/span><\/li>\n<li style=\"font-weight: 400;\" aria-level=\"1\"><b>Taft<\/b><span style=\"font-weight: 400;\"> Gelb\/Pfirsich, ein weicher und heller Farbton, perfekt f\u00fcr w\u00e4rmere und sonnige Hautt\u00f6ne.<\/span><\/li>\n<li style=\"font-weight: 400;\" aria-level=\"1\"><b>\u00d6se<\/b><span style=\"font-weight: 400;\"> : Beige mit einem Hauch von Gelb, ideal f\u00fcr ein weiches und subtiles Finish, perfekt f\u00fcr leichtes Make-up.<\/span><\/li>\n<li style=\"font-weight: 400;\" aria-level=\"1\"><b>Khaki<\/b><span style=\"font-weight: 400;\"> Kaki: Goldbeige, dieser Farbton passt perfekt zu warmer Haut und verleiht ihr einen raffinierten, sonnigen Look.<\/span><\/li>\n<li style=\"font-weight: 400;\" aria-level=\"1\"><b>Kaschmir<\/b><span style=\"font-weight: 400;\"> Beige mit einem Hauch von Rosa, perfekt f\u00fcr helle bis mittlere Haut mit k\u00fchlen Untert\u00f6nen, f\u00fcr ein weiches und leuchtendes Finish.<\/span><\/li>\n<li style=\"font-weight: 400;\" aria-level=\"1\"><b>Chenille<\/b><span style=\"font-weight: 400;\"> Beige mit roten Nuancen, ein warmer Farbton f\u00fcr einen tiefen und anspruchsvollen Look.<\/span><\/li>\n<li style=\"font-weight: 400;\" aria-level=\"1\"><b>Zypresse<\/b><span style=\"font-weight: 400;\"> Beige mit einem Hauch von Rot, perfekt um die nat\u00fcrliche W\u00e4rme Ihrer Haut zu betonen.<\/span><\/li>\n<\/ul>\n<h2><span style=\"font-weight: 400;\">Wie trage ich Ihr YOUNIQUE TOUCH Serum + Foundation auf?<\/span><\/h2>\n<ul>\n<li style=\"font-weight: 400;\" aria-level=\"1\"><b>Vorbereitung und Basis :<\/b><b><br \/>\n<\/b><span style=\"font-weight: 400;\">  Beginnen Sie vor allem mit einem sauberen und hydratisierten Gesicht. Verwenden Sie einen Reiniger und eine Feuchtigkeitscreme wie die   <\/span><b>GLOWPLEXION<\/b><span style=\"font-weight: 400;\"> um Ihre Haut vorzubereiten.<\/span><\/li>\n<li style=\"font-weight: 400;\" aria-level=\"1\"><b>Anwendung :<\/b><b><br \/>\n<\/b> <span style=\"font-weight: 400;\"> Sch\u00fctteln Sie die Flasche gut f\u00fcr <\/span><b>30 Sekunden<\/b><span style=\"font-weight: 400;\">. Geben Sie eine kleine Menge der Foundation auf das  <\/span><b>Kabuki-Pinsel YOUNIQUE<\/b><span style=\"font-weight: 400;\">  oder einem anderen geeigneten Pinsel und tragen Sie es auf die Mitte des Gesichts auf. Verblenden Sie mit kreisenden oder klopfenden Bewegungen nach au\u00dfen, je nachdem, welches Ergebnis Sie erzielen m\u00f6chten. <\/span><\/li>\n<li style=\"font-weight: 400;\" aria-level=\"1\"><b>Modulierbare Deckkraft :<\/b><b><br \/>\n<\/b><span style=\"font-weight: 400;\">  Wenn Sie einen leichteren Effekt w\u00fcnschen, beginnen Sie mit einem oder zwei Tropfen. F\u00fcgen Sie mehr hinzu, um eine vollst\u00e4ndigere Abdeckung oder mehr Leuchtkraft zu erzielen. <\/span><\/li>\n<li style=\"font-weight: 400;\" aria-level=\"1\"><b>Fixierung :<\/b><b><br \/>\n<\/b><span style=\"font-weight: 400;\"> Fixieren Sie Ihr Make-up mit dem <\/span><b>TOUCH BEHOLD Basis- und Fixiernebel.<\/b><span style=\"font-weight: 400;\"> f\u00fcr einen optimalen Halt den ganzen Tag lang.<\/span><\/li>\n<\/ul>\n<p><span style=\"font-weight: 400;\">Verpassen Sie nicht Ihren perfekten Teint, legen Sie die YOUNIQUE TOUCH Serum + Foundation in Ihren Warenkorb und tragen Sie ein leichtes, strahlendes und langanhaltendes Make-up.<\/span><\/p>\n<h2><span style=\"font-weight: 400;\">Die wichtigsten Inhaltsstoffe von YOUNIQUE TOUCH Foundation<\/span><\/h2>\n<ul>\n<li style=\"font-weight: 400;\" aria-level=\"1\"><b>Natriumhyaluronat<\/b><span style=\"font-weight: 400;\"> Hyaluron: Versorgt Ihre Haut mit Feuchtigkeit und macht sie prall f\u00fcr einen strahlenden und glatten Teint.<\/span><\/li>\n<li style=\"font-weight: 400;\" aria-level=\"1\"><b>Kaolin<\/b><span style=\"font-weight: 400;\"> Kaolin: Verfeinert die Struktur Ihrer Haut, indem es das Erscheinungsbild von Poren und feinen Linien reduziert.<\/span><\/li>\n<li style=\"font-weight: 400;\" aria-level=\"1\"><b>Karit\u00e9-Butter<\/b><span style=\"font-weight: 400;\"> N\u00e4hrend und feuchtigkeitsspendend, f\u00fcr eine weiche und gepflegte Haut den ganzen Tag lang.<\/span><\/li>\n<li style=\"font-weight: 400;\" aria-level=\"1\"><b>Camellia Sinensis-Extrakt<\/b><span style=\"font-weight: 400;\"> Camellia Camellia: Sch\u00fctzt Ihre Haut vor sch\u00e4dlichen Umwelteinfl\u00fcssen und wirkt beruhigend.<\/span><\/li>\n<li style=\"font-weight: 400;\" aria-level=\"1\"><b>Extrakt aus der Wurzel von Panax Ginseng.<\/b><span style=\"font-weight: 400;\"> Ginseng-Extrakt: Er revitalisiert Ihre Haut und verleiht ihr eine sofortige gesunde Ausstrahlung.<\/span><\/li>\n<\/ul>\n<h2><span style=\"font-weight: 400;\">FAQ : Serum-Foundation + YOUNIQUE TOUCH<\/span><\/h2>\n<ol>\n<li><b>  Ist diese Foundation f\u00fcr trockene Haut geeignet?<\/b><b><br \/>\n<\/b><span style=\"font-weight: 400;\">  Ja, sie spendet der Haut Feuchtigkeit und polstert sie auf dank der Hyalurons\u00e4ure und der leichten Formel, die ideal f\u00fcr trockene Haut ist.<\/span><\/li>\n<li><b>  Wie lange bleibt diese Foundation an Ort und Stelle?<\/b><b><br \/>\n<\/b><span style=\"font-weight: 400;\">  Es bleibt bis zu 12 Stunden an Ort und Stelle, ohne \u00dcbertragung oder Abbau, selbst unter schwierigen Bedingungen.<\/span><\/li>\n<li><b>  Ist es nicht komedogen?<\/b><b><br \/>\n<\/b><span style=\"font-weight: 400;\">  Ja, es ist nicht komedogen, was bedeutet, dass es die Poren nicht verstopft und perfekt f\u00fcr Haut ist, die zu Unreinheiten neigt.<\/span><\/li>\n<li><b>  Ist diese Foundation dermatologisch getestet?<\/b><b><br \/>\n<\/b><span style=\"font-weight: 400;\">  Ja, es wurde dermatologisch getestet, um sicherzustellen, dass es sanft und sicher f\u00fcr alle Hauttypen ist, einschlie\u00dflich der empfindlichsten.<\/span><\/li>\n<\/ol>\n<p>&nbsp;<\/p>\n<p><span style=\"font-weight: 400;\">Verwandeln Sie Ihren Teint mit der Serumgrundierung + YOUNIQUE TOUCH.  <\/span><b>Legen Sie es noch heute in Ihren Warenkorb.<\/b><span style=\"font-weight: 400;\">  und entdecken Sie den Unterschied eines leichten, strahlenden und langanhaltenden Make-ups. Ihre Haut wird mit Feuchtigkeit versorgt und gesch\u00fctzt, w\u00e4hrend sie den ganzen Tag makellos bleibt. <\/span><\/p>\n<p>&nbsp;<\/p>\n","protected":false},"excerpt":{"rendered":"<p><span style=\"font-weight: 400;\">Ein perfekter, leichter und strahlender Teint: Diese revolution\u00e4re Foundation ist die L\u00f6sung, auf die Sie gewartet haben! Haben Sie genug von schweren Foundations, die Ihre Haut ersticken? Die    <\/span><b>Grundierung Serum + YOUNIQUE TOUCH<\/b><span style=\"font-weight: 400;\">  ist da, um Ihr Leben zu ver\u00e4ndern. Sie gibt Ihnen nicht nur eine perfekte Abdeckung, sondern spendet auch Feuchtigkeit und polstert Ihre Haut auf, w\u00e4hrend sie gleichzeitig unglaublich leicht und atmungsaktiv ist. Keine Unreinheiten und kein Maskeneffekt mehr: Diese Foundation ist wie eine zweite Haut, nur besser.  <\/span><\/p>\n<p><span style=\"font-weight: 400;\">Angereichert mit n\u00e4hrenden und sch\u00fctzenden Inhaltsstoffen minimiert diese leichte Foundation das Erscheinungsbild von feinen Linien und Unreinheiten. Sie bietet Ihnen eine modulierbare Deckkraft, die Sie nach Belieben anpassen k\u00f6nnen. Sie werden das nat\u00fcrliche und strahlende Finish lieben, das Sie den ganzen Tag m\u00fchelos begleiten wird.  <\/span><\/p>\n","protected":false},"featured_media":11350,"comment_status":"open","ping_status":"closed","template":"","meta":{"_seopress_robots_primary_cat":"none","_seopress_titles_title":"","_seopress_titles_desc":"","_seopress_robots_index":"","site-sidebar-layout":"default","site-content-layout":"","ast-site-content-layout":"default","site-content-style":"default","site-sidebar-style":"default","ast-global-header-display":"","ast-banner-title-visibility":"","ast-main-header-display":"","ast-hfb-above-header-display":"","ast-hfb-below-header-display":"","ast-hfb-mobile-header-display":"","site-post-title":"","ast-breadcrumbs-content":"","ast-featured-img":"","footer-sml-layout":"","ast-disable-related-posts":"","theme-transparent-header-meta":"default","adv-header-id-meta":"","stick-header-meta":"","header-above-stick-meta":"","header-main-stick-meta":"","header-below-stick-meta":"","astra-migrate-meta-layouts":"default","ast-page-background-enabled":"default","ast-page-background-meta":{"desktop":{"background-color":"var(--ast-global-color-4)","background-image":"","background-repeat":"repeat","background-position":"center center","background-size":"auto","background-attachment":"scroll","background-type":"","background-media":"","overlay-type":"","overlay-color":"","overlay-opacity":"","overlay-gradient":""},"tablet":{"background-color":"","background-image":"","background-repeat":"repeat","background-position":"center center","background-size":"auto","background-attachment":"scroll","background-type":"","background-media":"","overlay-type":"","overlay-color":"","overlay-opacity":"","overlay-gradient":""},"mobile":{"background-color":"","background-image":"","background-repeat":"repeat","background-position":"center center","background-size":"auto","background-attachment":"scroll","background-type":"","background-media":"","overlay-type":"","overlay-color":"","overlay-opacity":"","overlay-gradient":""}},"ast-content-background-meta":{"desktop":{"background-color":"var(--ast-global-color-5)","background-image":"","background-repeat":"repeat","background-position":"center center","background-size":"auto","background-attachment":"scroll","background-type":"","background-media":"","overlay-type":"","overlay-color":"","overlay-opacity":"","overlay-gradient":""},"tablet":{"background-color":"var(--ast-global-color-5)","background-image":"","background-repeat":"repeat","background-position":"center center","background-size":"auto","background-attachment":"scroll","background-type":"","background-media":"","overlay-type":"","overlay-color":"","overlay-opacity":"","overlay-gradient":""},"mobile":{"background-color":"var(--ast-global-color-5)","background-image":"","background-repeat":"repeat","background-position":"center center","background-size":"auto","background-attachment":"scroll","background-type":"","background-media":"","overlay-type":"","overlay-color":"","overlay-opacity":"","overlay-gradient":""}}},"product_brand":[],"product_cat":[30],"product_tag":[],"class_list":{"0":"post-11349","1":"product","2":"type-product","3":"status-publish","4":"has-post-thumbnail","6":"product_cat-visage","7":"desktop-align-left","8":"tablet-align-left","9":"mobile-align-left","11":"first","12":"instock","13":"sale","14":"shipping-taxable","15":"product-type-external"},"_links":{"self":[{"href":"https:\/\/youniquebyemilie.com\/de\/wp-json\/wp\/v2\/product\/11349","targetHints":{"allow":["GET"]}}],"collection":[{"href":"https:\/\/youniquebyemilie.com\/de\/wp-json\/wp\/v2\/product"}],"about":[{"href":"https:\/\/youniquebyemilie.com\/de\/wp-json\/wp\/v2\/types\/product"}],"replies":[{"embeddable":true,"href":"https:\/\/youniquebyemilie.com\/de\/wp-json\/wp\/v2\/comments?post=11349"}],"wp:featuredmedia":[{"embeddable":true,"href":"https:\/\/youniquebyemilie.com\/de\/wp-json\/wp\/v2\/media\/11350"}],"wp:attachment":[{"href":"https:\/\/youniquebyemilie.com\/de\/wp-json\/wp\/v2\/media?parent=11349"}],"wp:term":[{"taxonomy":"product_brand","embeddable":true,"href":"https:\/\/youniquebyemilie.com\/de\/wp-json\/wp\/v2\/product_brand?post=11349"},{"taxonomy":"product_cat","embeddable":true,"href":"https:\/\/youniquebyemilie.com\/de\/wp-json\/wp\/v2\/product_cat?post=11349"},{"taxonomy":"product_tag","embeddable":true,"href":"https:\/\/youniquebyemilie.com\/de\/wp-json\/wp\/v2\/product_tag?post=11349"}],"curies":[{"name":"wp","href":"https:\/\/api.w.org\/{rel}","templated":true}]}}