{"id":11359,"date":"2025-07-26T20:32:14","date_gmt":"2025-07-26T18:32:14","guid":{"rendered":"https:\/\/youniquebyemilie.com\/produit\/augenkonturcreme-you-ology\/"},"modified":"2025-07-26T20:32:14","modified_gmt":"2025-07-26T18:32:14","slug":"augenkonturcreme-you-ology","status":"publish","type":"product","link":"https:\/\/youniquebyemilie.com\/de\/produit\/augenkonturcreme-you-ology\/","title":{"rendered":"Augenkonturcreme YOU OLOGY"},"content":{"rendered":"<p><span style=\"font-weight: 400;\">Kennen Sie diese Momente, in denen Ihre Augen B\u00e4nde \u00fcber Ihre M\u00fcdigkeit sprechen, mit dunklen Ringen, die Sie \u00e4lter aussehen lassen, als Sie wirklich sind? So war es auch bei mir, bis ich auf die   <\/span><b>YOU-OLOGY Augenkonturencreme. <\/b><span style=\"font-weight: 400;\">Ich trug sie auf<\/span><b> morgens und abends, <\/b> <span style=\"font-weight: 400;\">und innerhalb weniger Tage hat sich mein Blick v\u00f6llig ver\u00e4ndert. Meine Augenringe sind gemildert und meine Haut um die Augen herum ist fester, glatter und strahlender geworden. Wenn Sie innerhalb weniger Wochen einen frischen und erholten Blick haben m\u00f6chten, ist diese Creme ein Muss!  <\/span><\/p>\n<p>&nbsp;<\/p>\n<h2><span style=\"font-weight: 400;\">Warum Sie es lieben werden :<\/span><\/h2>\n<ul>\n<li style=\"font-weight: 400;\" aria-level=\"1\"><b>Reduziert Ihre Augenringe und feinen Linien.<\/b><span style=\"font-weight: 400;\"> In nur 4 Wochen, <\/span><b>80%<\/b><span style=\"font-weight: 400;\">  der Anwender stellten eine sichtbare Reduzierung von dunklen Augenringen und feinen Linien fest. Auch Sie k\u00f6nnen sich von diesen M\u00fcdigkeitserscheinungen verabschieden! <\/span><\/li>\n<li style=\"font-weight: 400;\" aria-level=\"1\"><b>Ihr Blick wird hell.<\/b><span style=\"font-weight: 400;\"> : <\/span><b>83% <\/b> <span style=\"font-weight: 400;\">der Anwender sahen ihre Augen strahlen und ihre Haut sah strahlender aus. Stellen Sie sich vor, Sie h\u00e4tten den ganzen Tag lang einen frischen und strahlenden Blick. <\/span><\/li>\n<li style=\"font-weight: 400;\" aria-level=\"1\"><b>Spendet Feuchtigkeit und strafft Ihre Haut<\/b><span style=\"font-weight: 400;\">  Ihre Haut um die Augen wird straffer, glatter und mit Feuchtigkeit versorgt. Sie werden den Unterschied sp\u00fcren und das angenehme Gef\u00fchl lieben, das diese Creme Ihnen verleiht. <\/span><\/li>\n<li style=\"font-weight: 400;\" aria-level=\"1\"><b>Getestet und f\u00fcr gut befunden von vielen<\/b><span style=\"font-weight: 400;\"> :<\/span><b> 94%<\/b><span style=\"font-weight: 400;\">  der Anwender finden die Creme weich und angenehm aufzutragen, ohne Irritationen. Jetzt ist es an der Zeit, Ihren Augen die Pflege zu geben, die sie verdienen! <\/span><\/li>\n<\/ul>\n<p>&nbsp;<\/p>\n<h2><span style=\"font-weight: 400;\">Die magischen Zutaten f\u00fcr einen frischen und erholten Blick :<\/span><\/h2>\n<ul>\n<li style=\"font-weight: 400;\" aria-level=\"1\"><b>Koffein<\/b><span style=\"font-weight: 400;\"> Aktiviert die Durchblutung und reduziert dunkle Augenringe f\u00fcr einen frischen und dynamischen Blick.<\/span><\/li>\n<li style=\"font-weight: 400;\" aria-level=\"1\"><b>Niacinamid<\/b><span style=\"font-weight: 400;\"> Beruhigt Ihre Haut und hilft, R\u00f6tungen zu reduzieren und spendet zus\u00e4tzliche Feuchtigkeit.<\/span><\/li>\n<li style=\"font-weight: 400;\" aria-level=\"1\"><b>Peptide<\/b><span style=\"font-weight: 400;\"> Peptide: Stimulieren die Zellerneuerung, gl\u00e4tten und verj\u00fcngen Ihre Haut.<\/span><\/li>\n<li style=\"font-weight: 400;\" aria-level=\"1\"><b>Kamillenextrakt<\/b><span style=\"font-weight: 400;\"> Kamille: Lindert und reduziert Entz\u00fcndungen, so dass die Augen beruhigt und bes\u00e4nftigt werden.<\/span><\/li>\n<li style=\"font-weight: 400;\" aria-level=\"1\"><b>Squalane<\/b><span style=\"font-weight: 400;\"> Feuchtigkeitscreme: Versorgt Ihre Haut intensiv mit Feuchtigkeit und repariert sie f\u00fcr ein lang anhaltendes Wohlbefinden.<\/span><\/li>\n<\/ul>\n<h2><span style=\"font-weight: 400;\">Wie Sie ihn einfach nutzen k\u00f6nnen :<\/span><\/h2>\n<ol>\n<li style=\"font-weight: 400;\" aria-level=\"1\"><span style=\"font-weight: 400;\">Nehmen Sie eine kleine Menge Sahne (erbsengro\u00df).<\/span><\/li>\n<li style=\"font-weight: 400;\" aria-level=\"1\"><span style=\"font-weight: 400;\">Geben Sie die Creme unter Ihre Augen und massieren Sie sie sanft mit kreisenden Bewegungen.<\/span><\/li>\n<li style=\"font-weight: 400;\" aria-level=\"1\"><span style=\"font-weight: 400;\">Lassen Sie die Creme einziehen, bis sie vollst\u00e4ndig absorbiert ist, um einen revitalisierenden Effekt zu erzielen.<\/span><\/li>\n<li style=\"font-weight: 400;\" aria-level=\"1\"><span style=\"font-weight: 400;\">F\u00fcr maximale Ergebnisse tragen Sie es morgens und abends auf, so wie ich es jeden Tag tue!<\/span><\/li>\n<\/ol>\n<p>&nbsp;<\/p>\n<p><span style=\"font-weight: 400;\">Haben Sie einen m\u00fcden Blick, der Sie jeden Morgen verr\u00e4t? Lassen Sie nicht zu, dass die Zeichen der M\u00fcdigkeit Ihre nat\u00fcrliche Ausstrahlung \u00fcberlagern. Die    <\/span><b>Augenkonturcreme YOU-OLOGY  <\/b><span style=\"font-weight: 400;\">hat meine Routine ver\u00e4ndert und ich wei\u00df, dass sie auch Ihre Augen ver\u00e4ndern kann. Legen Sie es in Ihren Warenkorb und schenken Sie Ihren Augen den Glanz und die Jugendlichkeit, die sie verdienen! <\/span><\/p>\n<p>&nbsp;<\/p>\n","protected":false},"excerpt":{"rendered":"<p><span style=\"font-weight: 400;\">Kennen Sie diese Momente, in denen Ihre Augen B\u00e4nde \u00fcber Ihre M\u00fcdigkeit sprechen, mit Augenringen, die Sie \u00e4lter aussehen lassen, als Sie wirklich sind? So war es auch bei mir, bis ich auf die   <\/span><b>YOU-OLOGY Augenkonturencreme. <\/b><span style=\"font-weight: 400;\">Ich trug sie auf<\/span><b> morgens und abends, <\/b> <span style=\"font-weight: 400;\">und innerhalb weniger Tage hat sich mein Blick v\u00f6llig ver\u00e4ndert. Meine Augenringe sind gemildert und meine Haut um die Augen herum ist fester, glatter und strahlender geworden. Wenn Sie innerhalb weniger Wochen einen frischen und erholten Blick haben m\u00f6chten, ist diese Creme ein Muss!  <\/span><\/p>\n","protected":false},"featured_media":11364,"comment_status":"open","ping_status":"closed","template":"","meta":{"_seopress_robots_primary_cat":"none","_seopress_titles_title":"","_seopress_titles_desc":"","_seopress_robots_index":"","site-sidebar-layout":"default","site-content-layout":"","ast-site-content-layout":"default","site-content-style":"default","site-sidebar-style":"default","ast-global-header-display":"","ast-banner-title-visibility":"","ast-main-header-display":"","ast-hfb-above-header-display":"","ast-hfb-below-header-display":"","ast-hfb-mobile-header-display":"","site-post-title":"","ast-breadcrumbs-content":"","ast-featured-img":"","footer-sml-layout":"","ast-disable-related-posts":"","theme-transparent-header-meta":"default","adv-header-id-meta":"","stick-header-meta":"","header-above-stick-meta":"","header-main-stick-meta":"","header-below-stick-meta":"","astra-migrate-meta-layouts":"default","ast-page-background-enabled":"default","ast-page-background-meta":{"desktop":{"background-color":"var(--ast-global-color-4)","background-image":"","background-repeat":"repeat","background-position":"center center","background-size":"auto","background-attachment":"scroll","background-type":"","background-media":"","overlay-type":"","overlay-color":"","overlay-opacity":"","overlay-gradient":""},"tablet":{"background-color":"","background-image":"","background-repeat":"repeat","background-position":"center center","background-size":"auto","background-attachment":"scroll","background-type":"","background-media":"","overlay-type":"","overlay-color":"","overlay-opacity":"","overlay-gradient":""},"mobile":{"background-color":"","background-image":"","background-repeat":"repeat","background-position":"center center","background-size":"auto","background-attachment":"scroll","background-type":"","background-media":"","overlay-type":"","overlay-color":"","overlay-opacity":"","overlay-gradient":""}},"ast-content-background-meta":{"desktop":{"background-color":"var(--ast-global-color-5)","background-image":"","background-repeat":"repeat","background-position":"center center","background-size":"auto","background-attachment":"scroll","background-type":"","background-media":"","overlay-type":"","overlay-color":"","overlay-opacity":"","overlay-gradient":""},"tablet":{"background-color":"var(--ast-global-color-5)","background-image":"","background-repeat":"repeat","background-position":"center center","background-size":"auto","background-attachment":"scroll","background-type":"","background-media":"","overlay-type":"","overlay-color":"","overlay-opacity":"","overlay-gradient":""},"mobile":{"background-color":"var(--ast-global-color-5)","background-image":"","background-repeat":"repeat","background-position":"center center","background-size":"auto","background-attachment":"scroll","background-type":"","background-media":"","overlay-type":"","overlay-color":"","overlay-opacity":"","overlay-gradient":""}}},"product_brand":[],"product_cat":[110],"product_tag":[],"class_list":{"0":"post-11359","1":"product","2":"type-product","3":"status-publish","4":"has-post-thumbnail","6":"product_cat-haut","7":"desktop-align-left","8":"tablet-align-left","9":"mobile-align-left","11":"first","12":"instock","13":"sale","14":"shipping-taxable","15":"product-type-external"},"_links":{"self":[{"href":"https:\/\/youniquebyemilie.com\/de\/wp-json\/wp\/v2\/product\/11359","targetHints":{"allow":["GET"]}}],"collection":[{"href":"https:\/\/youniquebyemilie.com\/de\/wp-json\/wp\/v2\/product"}],"about":[{"href":"https:\/\/youniquebyemilie.com\/de\/wp-json\/wp\/v2\/types\/product"}],"replies":[{"embeddable":true,"href":"https:\/\/youniquebyemilie.com\/de\/wp-json\/wp\/v2\/comments?post=11359"}],"wp:featuredmedia":[{"embeddable":true,"href":"https:\/\/youniquebyemilie.com\/de\/wp-json\/wp\/v2\/media\/11364"}],"wp:attachment":[{"href":"https:\/\/youniquebyemilie.com\/de\/wp-json\/wp\/v2\/media?parent=11359"}],"wp:term":[{"taxonomy":"product_brand","embeddable":true,"href":"https:\/\/youniquebyemilie.com\/de\/wp-json\/wp\/v2\/product_brand?post=11359"},{"taxonomy":"product_cat","embeddable":true,"href":"https:\/\/youniquebyemilie.com\/de\/wp-json\/wp\/v2\/product_cat?post=11359"},{"taxonomy":"product_tag","embeddable":true,"href":"https:\/\/youniquebyemilie.com\/de\/wp-json\/wp\/v2\/product_tag?post=11359"}],"curies":[{"name":"wp","href":"https:\/\/api.w.org\/{rel}","templated":true}]}}