{"id":11382,"date":"2025-07-25T08:27:22","date_gmt":"2025-07-25T06:27:22","guid":{"rendered":"https:\/\/youniquebyemilie.com\/produit\/erfrischende-biocellulose-maske-you-ology\/"},"modified":"2025-07-25T08:27:22","modified_gmt":"2025-07-25T06:27:22","slug":"erfrischende-biocellulose-maske-you-ology","status":"publish","type":"product","link":"https:\/\/youniquebyemilie.com\/de\/produit\/erfrischende-biocellulose-maske-you-ology\/","title":{"rendered":"Erfrischende Biocellulose-Maske YOU OLOGY"},"content":{"rendered":"<p><span style=\"font-weight: 400;\">Sie haben das Gef\u00fchl, dass Ihre Haut einen kleinen Boost braucht, aber Sie haben keine Zeit f\u00fcr eine Behandlung im Spa? Ich wei\u00df genau, wie Sie sich f\u00fchlen, denn ich sa\u00df im selben Boot, bevor ich auf den   <\/span><b>k\u00fchlende Maske aus Biocellulose YOU-OLOGY<\/b><span style=\"font-weight: 400;\">.<\/span><\/p>\n<p><span style=\"font-weight: 400;\">Diese Maske ist der ultimative Moment der Entspannung. In nur   <\/span><b>15 Minuten<\/b><span style=\"font-weight: 400;\">Er spendet intensive Feuchtigkeit und erfrischt meine Haut. Sie legt sich wie von selbst auf die Haut, so dass ich mich nur noch entspannen muss.  Es ist  <\/span><b>weich<\/b><span style=\"font-weight: 400;\">Die Biocellulose sorgt f\u00fcr eine bessere Verteilung der Wirkstoffe, so dass meine Haut sofort mit Feuchtigkeit versorgt wird. M\u00fcde und fahle Haut geh\u00f6rt der Vergangenheit an und wird durch einen strahlenden und erfrischten Teint ersetzt. Jede Anwendung gibt mir das Gef\u00fchl, einen Moment im Spa verbracht zu haben, ohne all die Sorgen.  <\/span><\/p>\n<p>&nbsp;<\/p>\n<h2><span style=\"font-weight: 400;\">Warum Sie es lieben werden :<\/span><\/h2>\n<ul>\n<li style=\"font-weight: 400;\" aria-level=\"1\"><b>Sofortige Feuchtigkeitsversorgung<\/b><span style=\"font-weight: 400;\"> 93% der Anwender stellten fest, dass ihre Haut nach nur 15 Minuten sofort besser mit Feuchtigkeit versorgt war.<\/span><\/li>\n<li style=\"font-weight: 400;\" aria-level=\"1\"><b>Glattere und weichere Haut<\/b><span style=\"font-weight: 400;\"> Ihre Haut wird sichtbar glatter und weicher und ist bereit f\u00fcr Ihre n\u00e4chste Pflegeroutine.<\/span><\/li>\n<li style=\"font-weight: 400;\" aria-level=\"1\"><b>Sofortige Erfrischung<\/b><span style=\"font-weight: 400;\"> Innerhalb von 15 Minuten k\u00f6nnen Sie eine beruhigende Frische und eine revitalisierte Haut sp\u00fcren.<\/span><\/li>\n<li style=\"font-weight: 400;\" aria-level=\"1\"><b>Nat\u00fcrliche Ausstrahlung<\/b><span style=\"font-weight: 400;\"> 87% der Anwender fanden, dass ihre Haut nach der Anwendung der Maske strahlender wirkte.<\/span><\/li>\n<li style=\"font-weight: 400;\" aria-level=\"1\"><b>Schnelle Pflege<\/b><span style=\"font-weight: 400;\"> Diese Maske erledigt den Job im Handumdrehen.<\/span><\/li>\n<li style=\"font-weight: 400;\" aria-level=\"1\"><b>Haut- und umweltfreundlich<\/b><span style=\"font-weight: 400;\"> Die Verpackung ist umweltfreundlich und die Formel ist sanft zu Ihrer Haut.<\/span><\/li>\n<\/ul>\n<p>&nbsp;<\/p>\n<h2><span style=\"font-weight: 400;\">Die Zutaten, die den Unterschied ausmachen :<\/span><\/h2>\n<ul>\n<li style=\"font-weight: 400;\" aria-level=\"1\"><b>Natriumhyaluronat<\/b><span style=\"font-weight: 400;\"> Hyalurons\u00e4ure: Zieht Feuchtigkeit an und erh\u00f6ht den Feuchtigkeitsgehalt f\u00fcr eine pralle und frische Haut.<\/span><\/li>\n<li style=\"font-weight: 400;\" aria-level=\"1\"><b>Vitamin C (3-O Ethyl-Ascorbins\u00e4ure)<\/b><span style=\"font-weight: 400;\"> Ein starkes Antioxidans, das Ihren Teint aufhellt und die Kollagenproduktion ankurbelt.<\/span><\/li>\n<li style=\"font-weight: 400;\" aria-level=\"1\"><b>Panthenol (Vitamin B5)<\/b><span style=\"font-weight: 400;\"> Ein nat\u00fcrlicher Feuchtigkeitsspender, der Ihre Haut weich h\u00e4lt und Irritationen lindert.<\/span><\/li>\n<li style=\"font-weight: 400;\" aria-level=\"1\"><b>Extrakt aus dem Blatt der Aloe Barbadensis.<\/b><span style=\"font-weight: 400;\"> Feuchtigkeitsspendend und k\u00fchlend, mit einem sofortigen Gef\u00fchl der Frische.<\/span><\/li>\n<li style=\"font-weight: 400;\" aria-level=\"1\"><b>Glycerin<\/b><span style=\"font-weight: 400;\"> Glycerin: Hilft, Feuchtigkeit zu speichern und sorgt f\u00fcr eine weiche und glatte Haut.<\/span><\/li>\n<\/ul>\n<p>&nbsp;<\/p>\n<h2><span style=\"font-weight: 400;\">Wie Sie ihn einfach nutzen k\u00f6nnen :<\/span><\/h2>\n<ol>\n<li style=\"font-weight: 400;\" aria-level=\"1\"><span style=\"font-weight: 400;\">\u00d6ffnen Sie die Verpackung und nehmen Sie die Maske vorsichtig heraus.<\/span>&nbsp;<\/li>\n<li style=\"font-weight: 400;\" aria-level=\"1\"><span style=\"font-weight: 400;\">Tragen Sie es auf Ihr sauberes und trockenes Gesicht auf und passen Sie es an die Form Ihres Gesichts an.<\/span>&nbsp;<\/li>\n<li style=\"font-weight: 400;\" aria-level=\"1\"><span style=\"font-weight: 400;\">Lassen Sie es f\u00fcr <\/span><b>10 bis 15 Minuten.<\/b><span style=\"font-weight: 400;\">Danach entfernen Sie die Maske.<\/span>&nbsp;<\/li>\n<li style=\"font-weight: 400;\" aria-level=\"1\"><span style=\"font-weight: 400;\">Massieren Sie das \u00fcbersch\u00fcssige Produkt f\u00fcr eine vollst\u00e4ndige Absorption ein und setzen Sie Ihre Pflegeroutine fort.<\/span>&nbsp;<\/li>\n<\/ol>\n<p><span style=\"font-weight: 400;\">M\u00f6chten Sie einen frischen und revitalisierten Teint in nur 15 Minuten? Legen Sie es jetzt in Ihren Warenkorb und genie\u00dfen Sie die sofortige Feuchtigkeitsversorgung und Frische! <\/span><\/p>\n<p>&nbsp;<\/p>\n<h2><span style=\"font-weight: 400;\">FAQ : Erfrischende Biocellulose-Maske YOU-OLOGY<\/span><\/h2>\n<ol>\n<li><b>  Ist diese Maske f\u00fcr empfindliche Haut geeignet?<\/b><b><br \/>\n<\/b><span style=\"font-weight: 400;\">  Ja, es wurde speziell f\u00fcr empfindliche Haut entwickelt. Seine Biozelluloseh\u00fclle ist besonders sanft und reizt selbst die empfindlichste Haut nicht. <\/span><\/li>\n<li><b>  Wie oft kann ich diese Maske pro Woche anwenden?<\/b><b><br \/>\n<\/b><span style=\"font-weight: 400;\">  Ich empfehle Ihnen, es 1-2 Mal pro Woche zu verwenden, um Ihrer Haut ein Maximum an Frische und Feuchtigkeit zu verleihen. Es ist perfekt, um Ihrer Haut nach einem anstrengenden Tag einen Energieschub zu verleihen. <\/span><\/li>\n<li><b>  Ist diese Maske f\u00fcr reife Haut geeignet?<\/b><b><br \/>\n<\/b><span style=\"font-weight: 400;\">  Auf jeden Fall! Dank seiner feuchtigkeitsspendenden und revitalisierenden Eigenschaften ist es besonders vorteilhaft f\u00fcr reife Haut, die eine neue Ausstrahlung und Feuchtigkeit braucht. <\/span><\/li>\n<li><b>  Kann ich es als Ersatz f\u00fcr meine Feuchtigkeitscremes verwenden?<\/b><b><br \/>\n<\/b><span style=\"font-weight: 400;\">  Diese Maske ist die perfekte Erg\u00e4nzung zu Ihrer Pflegeroutine. Obwohl sie tiefgehende Feuchtigkeit spendet, wird empfohlen, sie zusammen mit Ihrer Feuchtigkeitscreme zu verwenden, um die Wirkung zu maximieren. <\/span><\/li>\n<li><b>  Kann die Maske auch um die Augen herum verwendet werden?<\/b><b><br \/>\n<\/b><span style=\"font-weight: 400;\">  Sie k\u00f6nnen es f\u00fcr die Augenpartie verwenden, aber achten Sie darauf, dass Sie den direkten Kontakt mit den Augen vermeiden. Wenn das Produkt in Kontakt kommt, sp\u00fclen Sie es mit reichlich klarem Wasser aus. <\/span><\/li>\n<li><b>  Entfernt diese Maske Make-up?<\/b><b><br \/>\n<\/b><span style=\"font-weight: 400;\">  Diese Maske ist dazu gedacht, die Haut zu befeuchten und zu revitalisieren, aber sie ist kein Ersatz f\u00fcr einen Make-up-Entferner. Die besten Ergebnisse erzielen Sie, wenn Sie sie nach dem Entfernen Ihres Make-ups verwenden. <\/span><\/li>\n<li><b>  Kann ich diese Maske vor oder nach einem Serum verwenden?<\/b><b><br \/>\n<\/b><span style=\"font-weight: 400;\">  Sie k\u00f6nnen es nach Ihrem Serum verwenden, um den Feuchtigkeitsgehalt zu erh\u00f6hen und die Wirkung Ihrer Pflege zu maximieren. Es kann auch davor verwendet werden, um die Haut mit Feuchtigkeit zu versorgen und sie auf die Anwendung anderer Pflegeprodukte vorzubereiten. <\/span><\/li>\n<\/ol>\n<p><span style=\"font-weight: 400;\">Ihre Haut wird es Ihnen danken! Legen Sie diese Feuchtigkeitsmaske in Ihren Warenkorb und entdecken Sie eine strahlende Haut in nur wenigen Minuten.   <\/span><b>15 Minuten<\/b><span style=\"font-weight: 400;\">.<\/span><\/p>\n<p>&nbsp;<\/p>\n","protected":false},"excerpt":{"rendered":"<p><span style=\"font-weight: 400;\">Sie haben das Gef\u00fchl, dass Ihre Haut einen kleinen Boost braucht, aber Sie haben keine Zeit f\u00fcr eine Behandlung im Spa? Ich wei\u00df genau, wie Sie sich f\u00fchlen, denn ich sa\u00df im selben Boot, bevor ich auf den   <\/span><b>k\u00fchlende Maske aus Biocellulose YOU-OLOGY<\/b><span style=\"font-weight: 400;\">.<\/span><\/p>\n<p><span style=\"font-weight: 400;\">Diese Maske ist der ultimative Moment der Entspannung. In nur   <\/span><b>15 Minuten<\/b><span style=\"font-weight: 400;\">Er spendet intensive Feuchtigkeit und erfrischt meine Haut. Sie legt sich wie von selbst auf die Haut, so dass ich mich nur noch entspannen muss.  Es ist  <\/span><b>weich<\/b><span style=\"font-weight: 400;\">Die Biocellulose sorgt f\u00fcr eine bessere Verteilung der Wirkstoffe, so dass meine Haut sofort mit Feuchtigkeit versorgt wird. Schluss mit m\u00fcder und fahler Haut, stattdessen ein strahlender und erfrischter Teint. Jede Anwendung gibt mir das Gef\u00fchl, einen Moment im Spa verbracht zu haben, ohne all die Sorgen.  <\/span><\/p>\n","protected":false},"featured_media":11398,"comment_status":"open","ping_status":"closed","template":"","meta":{"_seopress_robots_primary_cat":"none","_seopress_titles_title":"","_seopress_titles_desc":"","_seopress_robots_index":"","site-sidebar-layout":"default","site-content-layout":"","ast-site-content-layout":"default","site-content-style":"default","site-sidebar-style":"default","ast-global-header-display":"","ast-banner-title-visibility":"","ast-main-header-display":"","ast-hfb-above-header-display":"","ast-hfb-below-header-display":"","ast-hfb-mobile-header-display":"","site-post-title":"","ast-breadcrumbs-content":"","ast-featured-img":"","footer-sml-layout":"","ast-disable-related-posts":"","theme-transparent-header-meta":"default","adv-header-id-meta":"","stick-header-meta":"","header-above-stick-meta":"","header-main-stick-meta":"","header-below-stick-meta":"","astra-migrate-meta-layouts":"default","ast-page-background-enabled":"default","ast-page-background-meta":{"desktop":{"background-color":"var(--ast-global-color-4)","background-image":"","background-repeat":"repeat","background-position":"center center","background-size":"auto","background-attachment":"scroll","background-type":"","background-media":"","overlay-type":"","overlay-color":"","overlay-opacity":"","overlay-gradient":""},"tablet":{"background-color":"","background-image":"","background-repeat":"repeat","background-position":"center center","background-size":"auto","background-attachment":"scroll","background-type":"","background-media":"","overlay-type":"","overlay-color":"","overlay-opacity":"","overlay-gradient":""},"mobile":{"background-color":"","background-image":"","background-repeat":"repeat","background-position":"center center","background-size":"auto","background-attachment":"scroll","background-type":"","background-media":"","overlay-type":"","overlay-color":"","overlay-opacity":"","overlay-gradient":""}},"ast-content-background-meta":{"desktop":{"background-color":"var(--ast-global-color-5)","background-image":"","background-repeat":"repeat","background-position":"center center","background-size":"auto","background-attachment":"scroll","background-type":"","background-media":"","overlay-type":"","overlay-color":"","overlay-opacity":"","overlay-gradient":""},"tablet":{"background-color":"var(--ast-global-color-5)","background-image":"","background-repeat":"repeat","background-position":"center center","background-size":"auto","background-attachment":"scroll","background-type":"","background-media":"","overlay-type":"","overlay-color":"","overlay-opacity":"","overlay-gradient":""},"mobile":{"background-color":"var(--ast-global-color-5)","background-image":"","background-repeat":"repeat","background-position":"center center","background-size":"auto","background-attachment":"scroll","background-type":"","background-media":"","overlay-type":"","overlay-color":"","overlay-opacity":"","overlay-gradient":""}}},"product_brand":[],"product_cat":[110],"product_tag":[],"class_list":{"0":"post-11382","1":"product","2":"type-product","3":"status-publish","4":"has-post-thumbnail","6":"product_cat-haut","7":"desktop-align-left","8":"tablet-align-left","9":"mobile-align-left","11":"first","12":"instock","13":"sale","14":"shipping-taxable","15":"product-type-external"},"_links":{"self":[{"href":"https:\/\/youniquebyemilie.com\/de\/wp-json\/wp\/v2\/product\/11382","targetHints":{"allow":["GET"]}}],"collection":[{"href":"https:\/\/youniquebyemilie.com\/de\/wp-json\/wp\/v2\/product"}],"about":[{"href":"https:\/\/youniquebyemilie.com\/de\/wp-json\/wp\/v2\/types\/product"}],"replies":[{"embeddable":true,"href":"https:\/\/youniquebyemilie.com\/de\/wp-json\/wp\/v2\/comments?post=11382"}],"wp:featuredmedia":[{"embeddable":true,"href":"https:\/\/youniquebyemilie.com\/de\/wp-json\/wp\/v2\/media\/11398"}],"wp:attachment":[{"href":"https:\/\/youniquebyemilie.com\/de\/wp-json\/wp\/v2\/media?parent=11382"}],"wp:term":[{"taxonomy":"product_brand","embeddable":true,"href":"https:\/\/youniquebyemilie.com\/de\/wp-json\/wp\/v2\/product_brand?post=11382"},{"taxonomy":"product_cat","embeddable":true,"href":"https:\/\/youniquebyemilie.com\/de\/wp-json\/wp\/v2\/product_cat?post=11382"},{"taxonomy":"product_tag","embeddable":true,"href":"https:\/\/youniquebyemilie.com\/de\/wp-json\/wp\/v2\/product_tag?post=11382"}],"curies":[{"name":"wp","href":"https:\/\/api.w.org\/{rel}","templated":true}]}}