{"id":11427,"date":"2025-07-25T00:10:40","date_gmt":"2025-07-24T22:10:40","guid":{"rendered":"https:\/\/youniquebyemilie.com\/produit\/rosenwasser-tonic-spray-you-ology\/"},"modified":"2025-07-25T00:10:40","modified_gmt":"2025-07-24T22:10:40","slug":"rosenwasser-tonic-spray-you-ology","status":"publish","type":"product","link":"https:\/\/youniquebyemilie.com\/de\/produit\/rosenwasser-tonic-spray-you-ology\/","title":{"rendered":"Rosenwasser-Tonic-Spray YOU OLOGY"},"content":{"rendered":"<p><span style=\"font-weight: 400;\">Wissen Sie, vor ein paar Monaten begann ich, die M\u00fcdigkeit auf meiner Haut zu sp\u00fcren. Zwischen   <\/span><b>die Arbeit, die Kinder und meine vollen Tage<\/b><span style=\"font-weight: 400;\">Ich hatte nicht mehr dieses Gef\u00fchl von Frische und Wohlbefinden. Meine Haut wirkte fahl und glanzlos. Also suchte ich nach einem kleinen, einfachen, aber wirksamen Produkt, einem Frischekick, der mir in einem Augenblick neue Energie verleiht. Ich versuchte es mit     <\/span><b>YOU-OLOGY Rosenwasser Toning Spray<\/b><span style=\"font-weight: 400;\">Seitdem ist meine Haut immer bereit f\u00fcr den Tag, egal was passiert.<\/span><\/p>\n<p><span style=\"font-weight: 400;\">Er ist wirklich der Retter meiner Routine. Nach einem langen Tag oder sogar nach dem Aufwachen, ein kleiner Spritzer und ich f\u00fchle mich wie frisch aus einem Spa. Es ist nicht nur eine Frage der Frische, es ist ein echter Revitalisierungsschub und ich f\u00fchle mich sofort beruhigt. Wenn Sie auch dieses Gef\u00fchl von erfrischter, weicher und gl\u00e4nzender Haut haben wollen, dann wissen Sie, was Sie zu tun haben!   <\/span><\/p>\n<h2><span style=\"font-weight: 400;\">Warum Sie es lieben werden :<\/span><\/h2>\n<ul>\n<li style=\"font-weight: 400;\" aria-level=\"1\"><b>Sofort frisch<\/b><span style=\"font-weight: 400;\"> : Das <\/span><b>Belebendes Spray mit Rosenwasser<\/b><span style=\"font-weight: 400;\">  verleiht Ihnen in Sekundenschnelle eine frische und beruhigte Haut. Ideal nach einem langen Tag oder als Einstieg in Ihre Pflegeroutine. <\/span>&nbsp;<\/li>\n<li style=\"font-weight: 400;\" aria-level=\"1\"><b>Spendet Feuchtigkeit und n\u00e4hrt<\/b><span style=\"font-weight: 400;\"> Mit dem Extrakt der <\/span><b>Rose<\/b><span style=\"font-weight: 400;\">, Rosenbl\u00fcten, Rosenbl\u00fcten, Rosenbl\u00fcten <\/span><b>Orangenbl\u00fctenextrakt<\/b><span style=\"font-weight: 400;\"> und Hyalurons\u00e4ure.<\/span><b>Natriumhyaluronat<\/b><span style=\"font-weight: 400;\">Das Produkt spendet Ihrer Haut Feuchtigkeit und n\u00e4hrt sie tiefgreifend.<\/span>&nbsp;<\/li>\n<li style=\"font-weight: 400;\" aria-level=\"1\"><b>Nat\u00fcrlicher Duft<\/b><span style=\"font-weight: 400;\"> Ein zarter Rosen- und Orangenduft f\u00fcr einen Moment des Wohlbefindens bei jeder Anwendung.<\/span>&nbsp;<\/li>\n<\/ul>\n<h2><span style=\"font-weight: 400;\">Wie man es benutzt :<\/span><\/h2>\n<ol>\n<li style=\"font-weight: 400;\" aria-level=\"1\"><b>Reinigen Sie<\/b><span style=\"font-weight: 400;\"> Ihr Gesicht mit Ihrem pers\u00f6nlichen YOU-OLOGY-Reiniger.<\/span>&nbsp;<\/li>\n<li style=\"font-weight: 400;\" aria-level=\"1\"><b>Spr\u00fchen Sie<\/b><span style=\"font-weight: 400;\"> das YOU-OLOGY Rosenwasser Tonic Spray aus ungef\u00e4hr<\/span><b> 6 bis 8 Zoll<\/b><span style=\"font-weight: 400;\">  auf Ihr Gesicht. Schlie\u00dfen Sie die Augen, spr\u00fchen Sie und lassen Sie sich von der Frische \u00fcberw\u00e4ltigen. <\/span>&nbsp;<\/li>\n<li style=\"font-weight: 400;\" aria-level=\"1\"><b>Fahren Sie fort mit<\/b><span style=\"font-weight: 400;\"> mit Ihrer pers\u00f6nlichen YOU-OLOGY Pflegeroutine f\u00fcr eine noch strahlendere Haut.<\/span>&nbsp;<\/li>\n<\/ol>\n<h2><span style=\"font-weight: 400;\">Das sagen die Nutzer :<\/span><\/h2>\n<ul>\n<li style=\"font-weight: 400;\" aria-level=\"1\"><b>100% der Nutzer<\/b><span style=\"font-weight: 400;\"> sagen, dass ihre Haut sich besser anf\u00fchlt <\/span><b>frischer und beruhigter ist<\/b><span style=\"font-weight: 400;\"> nach der Anwendung.*<\/span>&nbsp;<\/li>\n<li style=\"font-weight: 400;\" aria-level=\"1\"><b>96% der Nutzer<\/b><span style=\"font-weight: 400;\"> finden, dass sich ihre Haut besser anf\u00fchlt <\/span><b>besser mit Feuchtigkeit versorgt<\/b><span style=\"font-weight: 400;\"> und <\/span><b>weicher<\/b><span style=\"font-weight: 400;\">.<\/span>&nbsp;<\/li>\n<li style=\"font-weight: 400;\" aria-level=\"1\"><b>93%<\/b><span style=\"font-weight: 400;\"> bewerteten die Haut als <\/span><b>eine sichtbar revitalisierte Haut.<\/b><span style=\"font-weight: 400;\"> und strahlende Haut nach der Anwendung.*<\/span><\/li>\n<\/ul>\n<p>&nbsp;<\/p>\n<p><span style=\"font-weight: 400;\">Probieren Sie es einfach aus und schlie\u00dfen Sie sich den <\/span><b>100% zufriedenen Kunden zu geh\u00f6ren.<\/b><span style=\"font-weight: 400;\"> ! F\u00fcgen Sie es jetzt Ihrem Warenkorb hinzu und lassen Sie dieses Spray Ihre Haut vom ersten Spr\u00fchsto\u00df an revitalisieren.<\/span><\/p>\n<p>&nbsp;<\/p>\n","protected":false},"excerpt":{"rendered":"<p><span style=\"font-weight: 400;\">Wissen Sie, vor ein paar Monaten begann ich, die M\u00fcdigkeit auf meiner Haut zu sp\u00fcren. Zwischen   <\/span><b>die Arbeit, die Kinder und meine vollen Tage<\/b><span style=\"font-weight: 400;\">Ich hatte nicht mehr das Gef\u00fchl von Frische und Wohlbefinden. Meine Haut wirkte fahl und glanzlos. Also suchte ich nach einem kleinen, einfachen, aber wirksamen Produkt, einem Frischekick, der mir in einem Augenblick neue Energie verleiht. Ich versuchte es mit     <\/span><b>YOU-OLOGY Rosenwasser Toning Spray<\/b><span style=\"font-weight: 400;\">Seitdem ist meine Haut immer bereit f\u00fcr den Tag, egal was passiert.<\/span><\/p>\n<p><span style=\"font-weight: 400;\">Er ist wirklich der Retter meiner Routine. Nach einem langen Tag oder sogar nach dem Aufwachen, ein kleiner Spritzer und ich f\u00fchle mich wie frisch aus einem Spa. Es ist nicht nur eine Frage der Frische, es ist ein echter Revitalisierungsschub und ich f\u00fchle mich sofort beruhigt. Wenn Sie auch dieses Gef\u00fchl von erfrischter, weicher und gl\u00e4nzender Haut haben wollen, dann wissen Sie, was Sie zu tun haben!   <\/span><\/p>\n","protected":false},"featured_media":11428,"comment_status":"open","ping_status":"closed","template":"","meta":{"_seopress_robots_primary_cat":"none","_seopress_titles_title":"","_seopress_titles_desc":"","_seopress_robots_index":"","site-sidebar-layout":"default","site-content-layout":"","ast-site-content-layout":"default","site-content-style":"default","site-sidebar-style":"default","ast-global-header-display":"","ast-banner-title-visibility":"","ast-main-header-display":"","ast-hfb-above-header-display":"","ast-hfb-below-header-display":"","ast-hfb-mobile-header-display":"","site-post-title":"","ast-breadcrumbs-content":"","ast-featured-img":"","footer-sml-layout":"","ast-disable-related-posts":"","theme-transparent-header-meta":"default","adv-header-id-meta":"","stick-header-meta":"","header-above-stick-meta":"","header-main-stick-meta":"","header-below-stick-meta":"","astra-migrate-meta-layouts":"default","ast-page-background-enabled":"default","ast-page-background-meta":{"desktop":{"background-color":"var(--ast-global-color-4)","background-image":"","background-repeat":"repeat","background-position":"center center","background-size":"auto","background-attachment":"scroll","background-type":"","background-media":"","overlay-type":"","overlay-color":"","overlay-opacity":"","overlay-gradient":""},"tablet":{"background-color":"","background-image":"","background-repeat":"repeat","background-position":"center center","background-size":"auto","background-attachment":"scroll","background-type":"","background-media":"","overlay-type":"","overlay-color":"","overlay-opacity":"","overlay-gradient":""},"mobile":{"background-color":"","background-image":"","background-repeat":"repeat","background-position":"center center","background-size":"auto","background-attachment":"scroll","background-type":"","background-media":"","overlay-type":"","overlay-color":"","overlay-opacity":"","overlay-gradient":""}},"ast-content-background-meta":{"desktop":{"background-color":"var(--ast-global-color-5)","background-image":"","background-repeat":"repeat","background-position":"center center","background-size":"auto","background-attachment":"scroll","background-type":"","background-media":"","overlay-type":"","overlay-color":"","overlay-opacity":"","overlay-gradient":""},"tablet":{"background-color":"var(--ast-global-color-5)","background-image":"","background-repeat":"repeat","background-position":"center center","background-size":"auto","background-attachment":"scroll","background-type":"","background-media":"","overlay-type":"","overlay-color":"","overlay-opacity":"","overlay-gradient":""},"mobile":{"background-color":"var(--ast-global-color-5)","background-image":"","background-repeat":"repeat","background-position":"center center","background-size":"auto","background-attachment":"scroll","background-type":"","background-media":"","overlay-type":"","overlay-color":"","overlay-opacity":"","overlay-gradient":""}}},"product_brand":[],"product_cat":[110],"product_tag":[],"class_list":{"0":"post-11427","1":"product","2":"type-product","3":"status-publish","4":"has-post-thumbnail","6":"product_cat-haut","7":"desktop-align-left","8":"tablet-align-left","9":"mobile-align-left","11":"first","12":"instock","13":"sale","14":"shipping-taxable","15":"product-type-external"},"_links":{"self":[{"href":"https:\/\/youniquebyemilie.com\/de\/wp-json\/wp\/v2\/product\/11427","targetHints":{"allow":["GET"]}}],"collection":[{"href":"https:\/\/youniquebyemilie.com\/de\/wp-json\/wp\/v2\/product"}],"about":[{"href":"https:\/\/youniquebyemilie.com\/de\/wp-json\/wp\/v2\/types\/product"}],"replies":[{"embeddable":true,"href":"https:\/\/youniquebyemilie.com\/de\/wp-json\/wp\/v2\/comments?post=11427"}],"wp:featuredmedia":[{"embeddable":true,"href":"https:\/\/youniquebyemilie.com\/de\/wp-json\/wp\/v2\/media\/11428"}],"wp:attachment":[{"href":"https:\/\/youniquebyemilie.com\/de\/wp-json\/wp\/v2\/media?parent=11427"}],"wp:term":[{"taxonomy":"product_brand","embeddable":true,"href":"https:\/\/youniquebyemilie.com\/de\/wp-json\/wp\/v2\/product_brand?post=11427"},{"taxonomy":"product_cat","embeddable":true,"href":"https:\/\/youniquebyemilie.com\/de\/wp-json\/wp\/v2\/product_cat?post=11427"},{"taxonomy":"product_tag","embeddable":true,"href":"https:\/\/youniquebyemilie.com\/de\/wp-json\/wp\/v2\/product_tag?post=11427"}],"curies":[{"name":"wp","href":"https:\/\/api.w.org\/{rel}","templated":true}]}}