{"id":11612,"date":"2025-07-24T15:57:35","date_gmt":"2025-07-24T13:57:35","guid":{"rendered":"https:\/\/youniquebyemilie.com\/produit\/moodstruck-precision-augenstift\/"},"modified":"2025-07-24T15:57:35","modified_gmt":"2025-07-24T13:57:35","slug":"moodstruck-precision-augenstift","status":"publish","type":"product","link":"https:\/\/youniquebyemilie.com\/de\/produit\/moodstruck-precision-augenstift\/","title":{"rendered":"MOODSTRUCK PRECISION Augenstift"},"content":{"rendered":"<p><span style=\"font-weight: 400;\">Wei\u00dft du, ich hatte immer Probleme mit den Eyecatchern. <\/span><b>Eyeliner<\/b><span style=\"font-weight: 400;\">. Eine zittrige Hand, unregelm\u00e4\u00dfige Linien. Kurz gesagt, es war nicht gut. Aber seit ich den c  <\/span><b>MOODSTRUCK PRECISION Strahl,<\/b><span style=\"font-weight: 400;\">  ist es ein Kinderspiel. Dieser ultra-pr\u00e4zise Stift gleitet wie von selbst und erm\u00f6glicht es Ihnen, klare Linien zu ziehen, ob d\u00fcnn f\u00fcr einen nat\u00fcrlichen Look oder dicker f\u00fcr einen dramatisch sexy Smoky. Das Beste?    <\/span><b>Er h\u00e4lt wirklich den ganzen Tag,<\/b><span style=\"font-weight: 400;\">  selbst wenn Sie im Marathonmodus sind. Wenn Sie die Nase voll haben, werden Sie es lieben. <\/span><\/p>\n<h2><span style=\"font-weight: 400;\">Was Sie mit dem MOODSTRUCK PRECISION Bleistift gewinnen k\u00f6nnen<\/span><\/h2>\n<ul>\n<li style=\"font-weight: 400;\" aria-level=\"1\"><b>Eine ultra-intensive Pigmentierung<\/b><span style=\"font-weight: 400;\"> die Ihre Augen in ein tiefes Schwarz oder satte Farbt\u00f6ne h\u00fcllt, f\u00fcr einen sofortigen Wow-Effekt.<\/span><\/li>\n<li style=\"font-weight: 400;\" aria-level=\"1\"><b>Eine fl\u00fcssige und weiche Textur<\/b><span style=\"font-weight: 400;\"> die \u00fcber die Haut gleitet, ohne zu spannen, perfekt auch f\u00fcr Make-up-Neulinge.<\/span><\/li>\n<li style=\"font-weight: 400;\" aria-level=\"1\"><b>Pr\u00e4zise und modulierbare Linienf\u00fchrung<\/b><span style=\"font-weight: 400;\"> Sie haben die Wahl: von einer feinen, nat\u00fcrlichen Linie bis hin zu einem dramatischen Smoky Eyeliner.<\/span><\/li>\n<li style=\"font-weight: 400;\" aria-level=\"1\"><b>Ein lang anhaltender Halt<\/b><span style=\"font-weight: 400;\"> die Schwei\u00df, Tr\u00e4nen und einen anstrengenden Tag \u00fcbersteht, ohne zu verschmieren oder zu retuschieren.<\/span><\/li>\n<li style=\"font-weight: 400;\" aria-level=\"1\"><b>Eine durchdachte Kappe<\/b><span style=\"font-weight: 400;\"> die die Spitze k\u00fchl h\u00e4lt und das Austrocknen verhindert, so dass Sie nie an Qualit\u00e4t verlieren.<\/span><\/li>\n<li style=\"font-weight: 400;\" aria-level=\"1\"><b>Eine sanfte Formel<\/b><span style=\"font-weight: 400;\"> die die empfindliche Haut der Augenpartie respektiert, ohne die Leistung zu beeintr\u00e4chtigen.<\/span><\/li>\n<\/ul>\n<h2><span style=\"font-weight: 400;\">So verwenden Sie Ihren MOODSTRUCK PRECISION Bleistift f\u00fcr einen atemberaubenden Blick<\/span><\/h2>\n<ul>\n<li style=\"font-weight: 400;\" aria-level=\"1\"><span style=\"font-weight: 400;\">Spitzen Sie die Spitze Ihres Stiftes an, um eine maximale Pr\u00e4zision zu erreichen (ein Anspitzer f\u00fcr Make-up-Stifte ist ideal).<\/span><\/li>\n<li style=\"font-weight: 400;\" aria-level=\"1\"><span style=\"font-weight: 400;\">Ziehen Sie eine Linie entlang des oberen Wimpernansatzes, von der inneren bis zur \u00e4u\u00dferen Ecke.<\/span><\/li>\n<li style=\"font-weight: 400;\" aria-level=\"1\"><span style=\"font-weight: 400;\">Passen Sie die St\u00e4rke der Linie an Ihre Stimmung an: d\u00fcnn f\u00fcr den Tag, dicker f\u00fcr den Abend.<\/span><\/li>\n<li style=\"font-weight: 400;\" aria-level=\"1\"><span style=\"font-weight: 400;\">F\u00fcr einen <\/span><b>Smoky Eye<\/b><span style=\"font-weight: 400;\">Wenn Sie einen Smoky Eye Look auftragen, verwischen Sie die Linie sanft mit einem Verwischungspinsel oder Ihren Fingern, kurz nach dem Auftragen.<\/span><\/li>\n<li style=\"font-weight: 400;\" aria-level=\"1\"><span style=\"font-weight: 400;\">Wenn Sie m\u00f6chten, k\u00f6nnen Sie auch eine d\u00fcnne Linie entlang der unteren Wimpern ziehen, um einen intensiveren Effekt zu erzielen.<\/span><\/li>\n<li style=\"font-weight: 400;\" aria-level=\"1\"><span style=\"font-weight: 400;\">Setzen Sie die Kappe immer gut auf, um die Qualit\u00e4t Ihres Bleistifts zu erhalten.<\/span><\/li>\n<\/ul>\n<h2><span style=\"font-weight: 400;\">Warum dieser Bleistift ein Muss in Ihrer Tasche ist<\/span><\/h2>\n<p><span style=\"font-weight: 400;\">Dieser Stift ist die perfekte Kombination: <\/span><b>intensive Farbe<\/b><span style=\"font-weight: 400;\">,<\/span><b> einfaches Auftragen<\/b><span style=\"font-weight: 400;\">und<\/span><b> Betonter Halt<\/b><span style=\"font-weight: 400;\">. Mit ihm h\u00e4lt Ihr Make-up, ohne dass Sie dar\u00fcber nachdenken m\u00fcssen. Sie werden es lieben. Die fl\u00fcssige Textur und die Pigmentierung machen den Unterschied, selbst wenn Sie keine Zeit haben.    <\/span><\/p>\n<p><span style=\"font-weight: 400;\">Und weil wir wissen, wie empfindlich die Haut um die Augen ist, respektiert die Formel Ihre Empfindlichkeit. Nehmen Sie den MOODSTRUCK PRECISION Bleistift in Ihre Kosmetiktasche und verwandeln Sie Ihren Blick im Handumdrehen! <\/span><\/p>\n<h2><span style=\"font-weight: 400;\">FAQ : Alles \u00fcber Ihren MOODSTRUCK PRECISION Augenkonturenstift<\/span><\/h2>\n<ol>\n<li style=\"font-weight: 400;\" aria-level=\"1\"><b>Ist der MOODSTRUCK PRECISION Bleistift f\u00fcr empfindliche Augen geeignet?<\/b><b><br \/>\n<\/b><span style=\"font-weight: 400;\">  Ja, die milde Formel wurde speziell entwickelt, um das Risiko von Irritationen zu minimieren, ideal auch f\u00fcr empfindliche Augen oder Kontaktlinsentr\u00e4ger.<\/span><\/li>\n<li style=\"font-weight: 400;\" aria-level=\"1\"><b>Kann ich diesen Stift f\u00fcr einen Strich auf der Innenseite des Augenlids verwenden?<\/b><b><br \/>\n<\/b><span style=\"font-weight: 400;\">  Ja, er ist weich und pr\u00e4zise genug, um am inneren Wimpernrand (Waterline) aufgetragen zu werden, ohne zu kribbeln oder auszutrocknen.<\/span><\/li>\n<li style=\"font-weight: 400;\" aria-level=\"1\"><b>Ist der MOODSTRUCK PRECISION Bleistift wasserfest?<\/b><b><br \/>\n<\/b><span style=\"font-weight: 400;\">  Es ist sehr widerstandsf\u00e4hig gegen Schwei\u00df, Tr\u00e4nen und Feuchtigkeit, aber es wird empfohlen, nicht zu stark zu reiben, um die Haltbarkeit zu verl\u00e4ngern.<\/span><\/li>\n<li style=\"font-weight: 400;\" aria-level=\"1\"><b>Kann ich diesen Stift mit anderen YOUNIQUE-Produkten f\u00fcr einen kompletten Look kombinieren?<\/b><b><br \/>\n<\/b><span style=\"font-weight: 400;\">  Absolut, er passt perfekt zu MOODSTRUCK EPIC Mascara und MOODSTRUCK Compact Eyeshadow f\u00fcr ein harmonisches Make-up.<\/span><\/li>\n<li style=\"font-weight: 400;\" aria-level=\"1\"><b>Welche Farben sind f\u00fcr den MOODSTRUCK PRECISION Bleistift erh\u00e4ltlich?<\/b><b><br \/>\n<\/b><span style=\"font-weight: 400;\">  Sie haben die Wahl zwischen vier unverzichtbaren Farbt\u00f6nen:<\/span><\/li>\n<\/ol>\n<ul>\n<li style=\"font-weight: 400;\" aria-level=\"1\"><i><span style=\"font-weight: 400;\">Perfekt<\/span><\/i><span style=\"font-weight: 400;\"> - Pechschwarz, f\u00fcr einen intensiven und tiefen Blick<\/span><\/li>\n<li style=\"font-weight: 400;\" aria-level=\"1\"><i><span style=\"font-weight: 400;\">Proper<\/span><\/i><span style=\"font-weight: 400;\"> - Dunkle Schokolade, f\u00fcr einen nat\u00fcrlichen und warmen Look<\/span><\/li>\n<li style=\"font-weight: 400;\" aria-level=\"1\"><i><span style=\"font-weight: 400;\">Pr\u00e4valent<\/span><\/i><span style=\"font-weight: 400;\"> - Braun, perfekt f\u00fcr ein dezentes, t\u00e4gliches Make-up<\/span><\/li>\n<li style=\"font-weight: 400;\" aria-level=\"1\"><i><span style=\"font-weight: 400;\">Pr\u00e4valent<\/span><\/i><span style=\"font-weight: 400;\"> - Braun (Exklusiv-Edition), eine einzigartige Nuance, die es zu entdecken gilt<\/span><\/li>\n<\/ul>\n<p><span style=\"font-weight: 400;\">Sind Sie bereit, sich vom Nachbessern zu verabschieden? W\u00e4hlen Sie Ihren MOODSTRUCK PRECISION Bleistift, legen Sie ihn in den Warenkorb und entdecken Sie die Magie einer pr\u00e4zisen und intensiven Linie, die von morgens bis abends h\u00e4lt. Z\u00f6gern Sie nicht l\u00e4nger, dies ist der Sch\u00f6nheitsmoment, den Sie brauchen!  <\/span><\/p>\n","protected":false},"excerpt":{"rendered":"<p><span style=\"font-weight: 400;\">Wei\u00dft du, ich hatte immer Probleme mit den Eyecatchern. <\/span><b>Eyeliner<\/b><span style=\"font-weight: 400;\">. Eine zittrige Hand, unregelm\u00e4\u00dfige Linien. Kurz gesagt, es war nicht gut. Aber seit ich den c  <\/span><b>MOODSTRUCK PRECISION Strahl,<\/b><span style=\"font-weight: 400;\">  ist es ein Kinderspiel. Dieser ultra-pr\u00e4zise Stift gleitet wie von selbst und erm\u00f6glicht es Ihnen, klare Linien zu ziehen, ob d\u00fcnn f\u00fcr einen nat\u00fcrlichen Look oder dicker f\u00fcr einen dramatisch sexy Smoky. Das Beste?    <\/span><b>Er h\u00e4lt wirklich den ganzen Tag,<\/b><span style=\"font-weight: 400;\">  selbst wenn Sie im Marathonmodus sind. Wenn Sie die Nase voll haben, werden Sie es lieben. <\/span><\/p>\n","protected":false},"featured_media":11614,"comment_status":"open","ping_status":"closed","template":"","meta":{"_seopress_robots_primary_cat":"none","_seopress_titles_title":"","_seopress_titles_desc":"","_seopress_robots_index":"","site-sidebar-layout":"default","site-content-layout":"","ast-site-content-layout":"default","site-content-style":"default","site-sidebar-style":"default","ast-global-header-display":"","ast-banner-title-visibility":"","ast-main-header-display":"","ast-hfb-above-header-display":"","ast-hfb-below-header-display":"","ast-hfb-mobile-header-display":"","site-post-title":"","ast-breadcrumbs-content":"","ast-featured-img":"","footer-sml-layout":"","ast-disable-related-posts":"","theme-transparent-header-meta":"default","adv-header-id-meta":"","stick-header-meta":"","header-above-stick-meta":"","header-main-stick-meta":"","header-below-stick-meta":"","astra-migrate-meta-layouts":"default","ast-page-background-enabled":"default","ast-page-background-meta":{"desktop":{"background-color":"var(--ast-global-color-4)","background-image":"","background-repeat":"repeat","background-position":"center center","background-size":"auto","background-attachment":"scroll","background-type":"","background-media":"","overlay-type":"","overlay-color":"","overlay-opacity":"","overlay-gradient":""},"tablet":{"background-color":"","background-image":"","background-repeat":"repeat","background-position":"center center","background-size":"auto","background-attachment":"scroll","background-type":"","background-media":"","overlay-type":"","overlay-color":"","overlay-opacity":"","overlay-gradient":""},"mobile":{"background-color":"","background-image":"","background-repeat":"repeat","background-position":"center center","background-size":"auto","background-attachment":"scroll","background-type":"","background-media":"","overlay-type":"","overlay-color":"","overlay-opacity":"","overlay-gradient":""}},"ast-content-background-meta":{"desktop":{"background-color":"var(--ast-global-color-5)","background-image":"","background-repeat":"repeat","background-position":"center center","background-size":"auto","background-attachment":"scroll","background-type":"","background-media":"","overlay-type":"","overlay-color":"","overlay-opacity":"","overlay-gradient":""},"tablet":{"background-color":"var(--ast-global-color-5)","background-image":"","background-repeat":"repeat","background-position":"center center","background-size":"auto","background-attachment":"scroll","background-type":"","background-media":"","overlay-type":"","overlay-color":"","overlay-opacity":"","overlay-gradient":""},"mobile":{"background-color":"var(--ast-global-color-5)","background-image":"","background-repeat":"repeat","background-position":"center center","background-size":"auto","background-attachment":"scroll","background-type":"","background-media":"","overlay-type":"","overlay-color":"","overlay-opacity":"","overlay-gradient":""}}},"product_brand":[],"product_cat":[92],"product_tag":[],"class_list":{"0":"post-11612","1":"product","2":"type-product","3":"status-publish","4":"has-post-thumbnail","6":"product_cat-augen","7":"desktop-align-left","8":"tablet-align-left","9":"mobile-align-left","11":"first","12":"instock","13":"sale","14":"shipping-taxable","15":"product-type-external"},"_links":{"self":[{"href":"https:\/\/youniquebyemilie.com\/de\/wp-json\/wp\/v2\/product\/11612","targetHints":{"allow":["GET"]}}],"collection":[{"href":"https:\/\/youniquebyemilie.com\/de\/wp-json\/wp\/v2\/product"}],"about":[{"href":"https:\/\/youniquebyemilie.com\/de\/wp-json\/wp\/v2\/types\/product"}],"replies":[{"embeddable":true,"href":"https:\/\/youniquebyemilie.com\/de\/wp-json\/wp\/v2\/comments?post=11612"}],"wp:featuredmedia":[{"embeddable":true,"href":"https:\/\/youniquebyemilie.com\/de\/wp-json\/wp\/v2\/media\/11614"}],"wp:attachment":[{"href":"https:\/\/youniquebyemilie.com\/de\/wp-json\/wp\/v2\/media?parent=11612"}],"wp:term":[{"taxonomy":"product_brand","embeddable":true,"href":"https:\/\/youniquebyemilie.com\/de\/wp-json\/wp\/v2\/product_brand?post=11612"},{"taxonomy":"product_cat","embeddable":true,"href":"https:\/\/youniquebyemilie.com\/de\/wp-json\/wp\/v2\/product_cat?post=11612"},{"taxonomy":"product_tag","embeddable":true,"href":"https:\/\/youniquebyemilie.com\/de\/wp-json\/wp\/v2\/product_tag?post=11612"}],"curies":[{"name":"wp","href":"https:\/\/api.w.org\/{rel}","templated":true}]}}