{"id":11632,"date":"2025-07-24T16:01:47","date_gmt":"2025-07-24T14:01:47","guid":{"rendered":"https:\/\/youniquebyemilie.com\/produit\/eye-liner-dip-draw\/"},"modified":"2025-07-24T16:01:47","modified_gmt":"2025-07-24T14:01:47","slug":"eye-liner-dip-draw","status":"publish","type":"product","link":"https:\/\/youniquebyemilie.com\/de\/produit\/eye-liner-dip-draw\/","title":{"rendered":"Eye-Liner DIP &amp; DRAW"},"content":{"rendered":"<p><span style=\"font-weight: 400;\">M\u00f6chten Sie einen Eyeliner, der Sie auch bei Regen oder nach einem Marathontag nicht im Stich l\u00e4sst? Ich habe den   <\/span><b>DIP &amp; DRAW<\/b><span style=\"font-weight: 400;\">Seitdem ist er f\u00fcr mich unverzichtbar. Seine wasserfeste Haltbarkeit bis zu <\/span> <b> 18 Stunden*.<\/b><span style=\"font-weight: 400;\"> verleiht Ihnen einen klaren und tiefen Blick, ohne zu verschmieren.<\/span><\/p>\n<p><span style=\"font-weight: 400;\">Dank seiner <\/span><b>ultrad\u00fcnne Spitze<\/b><span style=\"font-weight: 400;\">Mit diesem Stift k\u00f6nnen Sie eine feine Linie oder einen markanten Smoky ziehen, ganz wie Sie wollen, ganz einfach. Dieser fl\u00fcssige Stift ist sehr einfach zu handhaben, perfekt f\u00fcr einen unkomplizierten Glanz. <\/span><\/p>\n<h2><span style=\"font-weight: 400;\">Was Sie mit dem DIP &amp; DRAW Eyeliner gewinnen k\u00f6nnen<\/span><\/h2>\n<ul>\n<li style=\"font-weight: 400;\" aria-level=\"1\"><b>Un\u00fcbertroffener wasserfester und schwei\u00dfhemmender Halt<\/b><span style=\"font-weight: 400;\">Das Make-up verl\u00e4uft nicht, verschmiert nicht und h\u00e4lt von morgens bis abends, egal wie oft Sie es auftragen.<\/span><\/li>\n<li style=\"font-weight: 400;\" aria-level=\"1\"><b>Satte und intensive Farben<\/b><span style=\"font-weight: 400;\">Ein tiefes Schwarz und ein ultra-kultiviertes, mattes Kastanienbraun, die alle Blicke auf sich ziehen.<\/span><\/li>\n<li style=\"font-weight: 400;\" aria-level=\"1\"><b>Eine feine, weiche Spitze<\/b><span style=\"font-weight: 400;\"> f\u00fcr eine einfache und pr\u00e4zise Linie, ideal auch f\u00fcr Make-up-Anf\u00e4nger.<\/span><\/li>\n<li style=\"font-weight: 400;\" aria-level=\"1\"><b>Eine fl\u00fcssige und schnell trocknende Textur<\/b><span style=\"font-weight: 400;\">Sie hinterl\u00e4sst kein Verschmieren und sorgt bei jeder Anwendung f\u00fcr ein professionelles Ergebnis.<\/span><\/li>\n<li style=\"font-weight: 400;\" aria-level=\"1\"><b>Eine praktische Flasche, die Sie \u00fcberall hin mitnehmen k\u00f6nnen<\/b><span style=\"font-weight: 400;\">Mit der praktischen Flasche k\u00f6nnen Sie Ihre Linie ohne Stress nachbessern, wo auch immer Sie gerade sind.<\/span><\/li>\n<\/ul>\n<h2><span style=\"font-weight: 400;\">Wie Sie Ihren DIP &amp; DRAW Eyeliner wie ein Profi verwenden k\u00f6nnen<\/span><\/h2>\n<ol>\n<li style=\"font-weight: 400;\" aria-level=\"1\"><b>Sch\u00fctteln Sie das Fl\u00e4schchen gut.<\/b><span style=\"font-weight: 400;\"> um die Zauberformel zu aktivieren.<\/span><\/li>\n<li style=\"font-weight: 400;\" aria-level=\"1\"><span style=\"font-weight: 400;\">Auf sauberer und trockener Haut, <\/span><b>gleiten Sie mit der Spitze am Ansatz Ihrer oberen Wimpern entlang.<\/b><span style=\"font-weight: 400;\">Bewegen Sie die Wimpern von der inneren Ecke nach au\u00dfen.<\/span><\/li>\n<li style=\"font-weight: 400;\" aria-level=\"1\"><span style=\"font-weight: 400;\">F\u00fcr einen nat\u00fcrlichen Effekt ziehen Sie eine d\u00fcnne Linie. F\u00fcr einen gewagteren Look k\u00f6nnen Sie ruhig mehrere Schichten \u00fcbereinander auftragen. <\/span><\/li>\n<li style=\"font-weight: 400;\" aria-level=\"1\"><span style=\"font-weight: 400;\">Wenn Sie Smoky Eyes m\u00f6gen, verblenden Sie sie direkt nach dem Auftragen sanft mit einem Pinsel oder den Fingern.<\/span><\/li>\n<li style=\"font-weight: 400;\" aria-level=\"1\"><b>Lassen Sie das Produkt einige Sekunden trocknen, ohne zu blinzeln.<\/b><span style=\"font-weight: 400;\"> um perfekt zu fixieren.<\/span><\/li>\n<li style=\"font-weight: 400;\" aria-level=\"1\"><span style=\"font-weight: 400;\">Setzen Sie die Kappe immer wieder auf, um die Qualit\u00e4t und die Lebensdauer Ihres Eyeliners zu erhalten.<\/span><\/li>\n<\/ol>\n<h2><span style=\"font-weight: 400;\">Warum DIP &amp; DRAW Ihr unentbehrlicher Make-up-Verb\u00fcndeter ist<\/span><\/h2>\n<p><span style=\"font-weight: 400;\">Ob Sie nun der Typ sind, der <\/span><b>ich bin ein Anf\u00e4nger und habe Probleme<\/b><span style=\"font-weight: 400;\"> oder <\/span><b>Ich beherrsche das Make-up sehr gut<\/b><span style=\"font-weight: 400;\">DIP &amp; DRAW ist der fl\u00fcssige Stift, der Ihnen den Tag retten wird. Er ist pr\u00e4zise, super pigmentiert und h\u00e4lt den ganzen Tag ohne zu verschmieren oder nachzubessern.   <\/span><\/p>\n<p><span style=\"font-weight: 400;\">Im Ernst, Sie k\u00f6nnen das Ausbessern vergessen, das Verlaufen oder Verlaufen des Materials. Au\u00dferdem ist er wasserfest und im Miniformat, so dass Sie ihn in Ihre Tasche stecken und \u00fcberall hin mitnehmen k\u00f6nnen: zur Arbeit, zum Aperitif, zum Festival, sogar wenn es regnet. Ihre Augen bleiben den ganzen Tag lang intensiv und makellos, ohne Kopfschmerzen. Ein echter Favorit.   <\/span><\/p>\n<p><b>Die Farben, die Sie in Stimmung bringen werden<\/b><\/p>\n<ul>\n<li style=\"font-weight: 400;\" aria-level=\"1\"><b><i>Perfect Tiefschwarz<\/i><\/b><b> : <\/b> <span style=\"font-weight: 400;\">Das Schwarz, das Ihnen den Blick eines Stars verleiht, intensiv und tief. Der Klassiker, der immer funktioniert. <\/span><\/li>\n<li style=\"font-weight: 400;\" aria-level=\"1\"><b><i>Proper Matt Brown<\/i><\/b><b> : <\/b> <span style=\"font-weight: 400;\">weich, nat\u00fcrlich und so elegant. Perfekt, wenn Sie ein leichtes, aber dennoch auff\u00e4lliges Make-up w\u00fcnschen. <\/span><\/li>\n<\/ul>\n<p><span style=\"font-weight: 400;\">Das Geheimnis einer perfekten Linie? Es ist DIP &amp; DRAW. Bestellen Sie es schnell und seien Sie bereit, den ganzen Tag, jeden Tag, ohne Nachbesserung zu gl\u00e4nzen.  <\/span><\/p>\n<h2><span style=\"font-weight: 400;\">FAQ: Alles \u00fcber Ihren DIP &amp; DRAW Eyeliner<\/span><\/h2>\n<ol>\n<li><b>  Wie bewahre ich meinen Eyeliner am besten auf, damit er l\u00e4nger h\u00e4lt?<\/b><b><br \/>\n<\/b><span style=\"font-weight: 400;\">  Bewahren Sie ihn immer vor Hitze und direktem Licht gesch\u00fctzt auf und stellen Sie sicher, dass Sie die Kappe nach jedem Gebrauch gut verschlie\u00dfen, um ein Austrocknen zu verhindern.<\/span><\/li>\n<li><b>  Ist der DIP &amp; DRAW Eyeliner f\u00fcr alle Hautt\u00f6ne und Hauttypen geeignet?<\/b><b><br \/>\n<\/b><span style=\"font-weight: 400;\">  Ja, dank seiner intensiven Pigmente und seiner sanften Formel passt er sich allen Hauttypen an und bringt jeden Blick zum Strahlen, vom hellsten bis zum dunkelsten.<\/span><\/li>\n<li><b>  Kann ich DIP &amp; DRAW verwenden, wenn ich Kontaktlinsen trage?<\/b><b><br \/>\n<\/b><span style=\"font-weight: 400;\">  Absolut, seine dermatologisch getestete Formel ist sicher f\u00fcr Kontaktlinsentr\u00e4ger, ohne das Risiko von Irritationen oder Unannehmlichkeiten.<\/span><\/li>\n<li><b>  Wie lange muss ich den Eyeliner trocknen lassen, um ein Verschmieren zu vermeiden?<\/b><b><br \/>\n<\/b> <span style=\"font-weight: 400;\"> In der Regel sind nur wenige Sekunden erforderlich (ca. <\/span><b>15-20 Sekunden<\/b><span style=\"font-weight: 400;\">). Vermeiden Sie es, zu schnell zu blinzeln oder die Stelle unmittelbar nach dem Auftragen zu ber\u00fchren.<\/span><\/li>\n<li><b>  Kann man mit DIP &amp; DRAW leicht einen Cat-Eye-Effekt erzeugen?<\/b><b><br \/>\n<\/b><span style=\"font-weight: 400;\">  Ja, die feine, weiche Spitze erm\u00f6glicht es, die Fl\u00fcgel perfekt symmetrisch zu zeichnen, selbst wenn Sie kein Make-up-Experte sind.<\/span><\/li>\n<\/ol>\n<p><b>. Was kann ich tun, wenn die Spitze meines Eyeliners ein wenig trocken oder zu weich wird?<\/b><b><br \/>\n<\/b><span style=\"font-weight: 400;\">  Sie k\u00f6nnen versuchen, die Flasche kr\u00e4ftig zu sch\u00fctteln, um die Formel zu mischen, oder einen Tropfen \u00f6lhaltigen Make-up-Entferner auf die Spitze geben (aber bitte vorsichtig). Wenn das Problem weiterhin besteht, wenden Sie sich bitte an den Kundenservice f\u00fcr einen Umtausch. <\/span><\/p>\n<p><b>F\u00fcge DIP &amp; DRAW Eyeliner jetzt zu Deinem Warenkorb hinzu.<\/b><span style=\"font-weight: 400;\">  und entdecken Sie die Magie eines perfekten, pr\u00e4zisen und extrem haltbaren Strichs. Denn ein Blick, der fesselt, ver\u00e4ndert alles. <\/span><\/p>\n","protected":false},"excerpt":{"rendered":"<p><span style=\"font-weight: 400;\">M\u00f6chten Sie einen Eyeliner, der Sie auch bei Regen oder nach einem Marathontag nicht im Stich l\u00e4sst? Ich habe den   <\/span><b>DIP &amp; DRAW<\/b><span style=\"font-weight: 400;\">Seitdem ist er f\u00fcr mich unverzichtbar. Seine wasserfeste Haltbarkeit bis zu <\/span> <b> 18 Stunden*.<\/b><span style=\"font-weight: 400;\"> verleiht Ihnen einen klaren und tiefen Blick ohne Verschmieren.<\/span><\/p>\n<p><span style=\"font-weight: 400;\">Dank seiner <\/span><b>ultrad\u00fcnne Spitze<\/b><span style=\"font-weight: 400;\">Mit diesem Stift k\u00f6nnen Sie eine feine Linie oder einen markanten Smoky ziehen, ganz wie Sie wollen, ganz einfach. Dieser fl\u00fcssige Stift ist sehr einfach zu handhaben, perfekt f\u00fcr einen unkomplizierten Glanz. <\/span><\/p>\n","protected":false},"featured_media":11633,"comment_status":"open","ping_status":"closed","template":"","meta":{"_seopress_robots_primary_cat":"none","_seopress_titles_title":"","_seopress_titles_desc":"","_seopress_robots_index":"","site-sidebar-layout":"default","site-content-layout":"","ast-site-content-layout":"default","site-content-style":"default","site-sidebar-style":"default","ast-global-header-display":"","ast-banner-title-visibility":"","ast-main-header-display":"","ast-hfb-above-header-display":"","ast-hfb-below-header-display":"","ast-hfb-mobile-header-display":"","site-post-title":"","ast-breadcrumbs-content":"","ast-featured-img":"","footer-sml-layout":"","ast-disable-related-posts":"","theme-transparent-header-meta":"default","adv-header-id-meta":"","stick-header-meta":"","header-above-stick-meta":"","header-main-stick-meta":"","header-below-stick-meta":"","astra-migrate-meta-layouts":"default","ast-page-background-enabled":"default","ast-page-background-meta":{"desktop":{"background-color":"var(--ast-global-color-4)","background-image":"","background-repeat":"repeat","background-position":"center center","background-size":"auto","background-attachment":"scroll","background-type":"","background-media":"","overlay-type":"","overlay-color":"","overlay-opacity":"","overlay-gradient":""},"tablet":{"background-color":"","background-image":"","background-repeat":"repeat","background-position":"center center","background-size":"auto","background-attachment":"scroll","background-type":"","background-media":"","overlay-type":"","overlay-color":"","overlay-opacity":"","overlay-gradient":""},"mobile":{"background-color":"","background-image":"","background-repeat":"repeat","background-position":"center center","background-size":"auto","background-attachment":"scroll","background-type":"","background-media":"","overlay-type":"","overlay-color":"","overlay-opacity":"","overlay-gradient":""}},"ast-content-background-meta":{"desktop":{"background-color":"var(--ast-global-color-5)","background-image":"","background-repeat":"repeat","background-position":"center center","background-size":"auto","background-attachment":"scroll","background-type":"","background-media":"","overlay-type":"","overlay-color":"","overlay-opacity":"","overlay-gradient":""},"tablet":{"background-color":"var(--ast-global-color-5)","background-image":"","background-repeat":"repeat","background-position":"center center","background-size":"auto","background-attachment":"scroll","background-type":"","background-media":"","overlay-type":"","overlay-color":"","overlay-opacity":"","overlay-gradient":""},"mobile":{"background-color":"var(--ast-global-color-5)","background-image":"","background-repeat":"repeat","background-position":"center center","background-size":"auto","background-attachment":"scroll","background-type":"","background-media":"","overlay-type":"","overlay-color":"","overlay-opacity":"","overlay-gradient":""}}},"product_brand":[],"product_cat":[92],"product_tag":[],"class_list":{"0":"post-11632","1":"product","2":"type-product","3":"status-publish","4":"has-post-thumbnail","6":"product_cat-augen","7":"desktop-align-left","8":"tablet-align-left","9":"mobile-align-left","11":"first","12":"instock","13":"sale","14":"shipping-taxable","15":"product-type-external"},"_links":{"self":[{"href":"https:\/\/youniquebyemilie.com\/de\/wp-json\/wp\/v2\/product\/11632","targetHints":{"allow":["GET"]}}],"collection":[{"href":"https:\/\/youniquebyemilie.com\/de\/wp-json\/wp\/v2\/product"}],"about":[{"href":"https:\/\/youniquebyemilie.com\/de\/wp-json\/wp\/v2\/types\/product"}],"replies":[{"embeddable":true,"href":"https:\/\/youniquebyemilie.com\/de\/wp-json\/wp\/v2\/comments?post=11632"}],"wp:featuredmedia":[{"embeddable":true,"href":"https:\/\/youniquebyemilie.com\/de\/wp-json\/wp\/v2\/media\/11633"}],"wp:attachment":[{"href":"https:\/\/youniquebyemilie.com\/de\/wp-json\/wp\/v2\/media?parent=11632"}],"wp:term":[{"taxonomy":"product_brand","embeddable":true,"href":"https:\/\/youniquebyemilie.com\/de\/wp-json\/wp\/v2\/product_brand?post=11632"},{"taxonomy":"product_cat","embeddable":true,"href":"https:\/\/youniquebyemilie.com\/de\/wp-json\/wp\/v2\/product_cat?post=11632"},{"taxonomy":"product_tag","embeddable":true,"href":"https:\/\/youniquebyemilie.com\/de\/wp-json\/wp\/v2\/product_tag?post=11632"}],"curies":[{"name":"wp","href":"https:\/\/api.w.org\/{rel}","templated":true}]}}