{"id":11664,"date":"2025-06-16T16:34:54","date_gmt":"2025-06-16T16:34:54","guid":{"rendered":"https:\/\/youniquebyemilie.com\/produit\/einfaches-gehaeuse-fuer-kompakten-lidschatten-moodstruck\/"},"modified":"2025-06-16T16:34:54","modified_gmt":"2025-06-16T14:34:54","slug":"einfaches-gehaeuse-fuer-kompakten-lidschatten-moodstruck","status":"publish","type":"product","link":"https:\/\/youniquebyemilie.com\/de\/produit\/einfaches-gehaeuse-fuer-kompakten-lidschatten-moodstruck\/","title":{"rendered":"Einfaches Geh\u00e4use f\u00fcr kompakten Lidschatten MOODSTRUCK"},"content":{"rendered":"<p><span style=\"font-weight: 400;\">Sie suchen einen Lidschatten<\/span><b> kompakt<\/b><span style=\"font-weight: 400;\">, <\/span><b>nachf\u00fcllbar<\/b><span style=\"font-weight: 400;\">,<\/span><b> einfach aufzutragen<\/b><span style=\"font-weight: 400;\">  und der den ganzen Tag h\u00e4lt, ohne dass Sie sich den Kopf zerbrechen m\u00fcssen? Ich habe mein Must-Have mit den MOODSTRUCK Compact Shadows gefunden. Ihre samtige Textur ist eine wahre Freude beim Auftragen und die Haltbarkeit? Bis zu     <\/span><b>12 Stunden ohne Nachbesserung<\/b><span style=\"font-weight: 400;\">. <\/span> <\/p>\n<p><span style=\"font-weight: 400;\">Ob Sie nun einen dezenten nat\u00fcrlichen Look oder einen glamour\u00f6sen Smoky Look bevorzugen, Sie werden das Ergebnis lieben. Und das kleine Extra, das alles ver\u00e4ndert: Die Box ist wiederaufladbar, so dass Sie jederzeit die Farbe wechseln k\u00f6nnen, ohne Ihren Lieblingsfarbton zu verlieren. <\/span><\/p>\n<h2><span style=\"font-weight: 400;\">Was Sie mit dem kompakten MOODSTRUCK gewinnen k\u00f6nnen<\/span><\/h2>\n<ul>\n<li style=\"font-weight: 400;\" aria-level=\"1\"><span style=\"font-weight: 400;\">Eine <\/span><b>Betonhaltbarkeit bis zu 12 Stunden<\/b><span style=\"font-weight: 400;\"> Dank einer integrierten Basis, die die Farbe aufnimmt.<\/span><\/li>\n<li style=\"font-weight: 400;\" aria-level=\"1\"><span style=\"font-weight: 400;\">Eine<\/span><b> Eine ultraweiche, modulierbare Textur<\/b><span style=\"font-weight: 400;\">Sie l\u00e4sst sich im Handumdrehen auftragen und verblenden.<\/span><\/li>\n<li style=\"font-weight: 400;\" aria-level=\"1\"><span style=\"font-weight: 400;\">Eine <\/span><b>Kompakte, wiederaufladbare Box<\/b><span style=\"font-weight: 400;\">Sie ist sehr praktisch, um zwischen Ihren Lieblingslooks zu wechseln.<\/span><\/li>\n<li style=\"font-weight: 400;\" aria-level=\"1\"><span style=\"font-weight: 400;\">Informationen unter<\/span><b> Reichhaltige und intensive Pigmente<\/b><span style=\"font-weight: 400;\"> die Ihren Blick wecken und den ganzen Tag lang halten, auch wenn Sie herumlaufen.<\/span><\/li>\n<li style=\"font-weight: 400;\" aria-level=\"1\"><span style=\"font-weight: 400;\">Eine<\/span><b> eine saubere Formel ohne Parabene und aggressive Inhaltsstoffe,<\/b><span style=\"font-weight: 400;\"> um Ihre empfindliche Haut zu verw\u00f6hnen.<\/span><\/li>\n<\/ul>\n<h2><span style=\"font-weight: 400;\">Wie Sie Ihren MOODSTRUCK Kompaktschatten verwenden und jedes Mal einen Treffer landen k\u00f6nnen<\/span><\/h2>\n<ol>\n<li style=\"font-weight: 400;\" aria-level=\"1\"><span style=\"font-weight: 400;\">Tragen Sie die MOODSTRUCK Basis auf Ihre Augenlider und Augenbrauen auf, um Ihre Haut vorzubereiten und die Haltbarkeit zu erh\u00f6hen.<\/span><\/li>\n<li style=\"font-weight: 400;\" aria-level=\"1\"><span style=\"font-weight: 400;\">Mit Ihrem <\/span><b>YOUNIQUE-Pinsel<\/b><span style=\"font-weight: 400;\">Pinsel den kompakten Schatten auf Ihr Augenlid und den Augenbrauenbogen.<\/span><\/li>\n<li style=\"font-weight: 400;\" aria-level=\"1\"><span style=\"font-weight: 400;\">Verblenden Sie gut, um ein harmonisches Ergebnis zu erzielen, und schichten Sie, wenn Sie mehr Pep w\u00fcnschen.<\/span><\/li>\n<li style=\"font-weight: 400;\" aria-level=\"1\"><span style=\"font-weight: 400;\">Wechseln Sie die Farbe, wann immer Sie wollen, indem Sie einfach Ihre Box aufladen.<\/span><\/li>\n<\/ol>\n<p><span style=\"font-weight: 400;\">Mit ein paar einfachen Handgriffen ist Ihr Blick bereit, den ganzen Tag lang Eindruck zu machen.<\/span><\/p>\n<p>&nbsp;<\/p>\n<h2><span style=\"font-weight: 400;\">Inhaltsstoffe, die sich um Sie k\u00fcmmern<\/span><\/h2>\n<ul>\n<li style=\"font-weight: 400;\" aria-level=\"1\"><b>Dimethicone<\/b><span style=\"font-weight: 400;\">F\u00fcr eine weiche, glatte und angenehm zu tragende Textur.<\/span><\/li>\n<li style=\"font-weight: 400;\" aria-level=\"1\"><b>Nat\u00fcrliche Wachse<\/b><span style=\"font-weight: 400;\"> (Carnauba, Candelilla, Bienenwachs), die den Puder fixieren und einen perfekten Halt garantieren.<\/span><\/li>\n<li style=\"font-weight: 400;\" aria-level=\"1\"><b>Filmbildende Wirkstoffe<\/b><span style=\"font-weight: 400;\"> f\u00fcr ein fl\u00fcssiges Auftragen und ein intensives Finish.<\/span><\/li>\n<li style=\"font-weight: 400;\" aria-level=\"1\"><b>Nat\u00fcrliche Pigmente und Oxide<\/b><span style=\"font-weight: 400;\"> f\u00fcr lebendige, satte Farben, die Ihre zarte Haut schonen.<\/span><\/li>\n<li style=\"font-weight: 400;\" aria-level=\"1\"><span style=\"font-weight: 400;\">Ohne Parabene oder aggressive Substanzen, weil Ihre Haut nur das Beste verdient.<\/span><\/li>\n<\/ul>\n<p><span style=\"font-weight: 400;\">Mit dieser einfachen Lidschattenbox von MOODSTRUCK haben Sie alles, was Sie brauchen, um Ihre Augen zum Leuchten zu bringen, Zeit zu sparen und einen Look zu kreieren, der zu Ihnen passt, ohne Stress. Sie werden es nicht bereuen, wenn Sie sie in Ihre Kosmetiktasche packen. <\/span><\/p>\n<h2><span style=\"font-weight: 400;\">FAQ : Alles \u00fcber Ihre einfache Lidschattenbox MOODSTRUCK<\/span><\/h2>\n<ol>\n<li><b>  Ist diese Kompaktbox mit allen MOODSTRUCK-Schatten kompatibel?<\/b><b><br \/>\n<\/b><span style=\"font-weight: 400;\">  Ja, diese Box ist so konzipiert, dass sie perfekt zu allen MOODSTRUCK Kompakt-Lidschatten passt, so dass Sie Ihr Make-up nach Belieben anpassen k\u00f6nnen.<\/span><\/li>\n<li><b>  Kann man den Schatten im Geh\u00e4use leicht \u00e4ndern, ohne Schaden anzurichten?<\/b><b><br \/>\n<\/b><span style=\"font-weight: 400;\">  Ja, das Nachf\u00fcllsystem ist einfach und sauber. Sie \u00e4ndern Ihren Farbton im Handumdrehen, ohne ein Produkt zu verschwenden. <\/span><\/li>\n<li><b>  Enth\u00e4lt das Geh\u00e4use einen Spiegel oder einen Applikator?<\/b><b><br \/>\n<\/b><span style=\"font-weight: 400;\">  Das einfache Geh\u00e4use ist minimalistisch, ohne Spiegel oder Applikator, was es leicht und superpraktisch macht. Sie k\u00f6nnen Ihre bevorzugten YOUNIQUE Pinsel verwenden, um ein professionelles Ergebnis zu erzielen. <\/span><\/li>\n<li><b>  Kann man mehrere Nachf\u00fcllungen mit der gleichen Box sammeln?<\/b><b><br \/>\n<\/b><span style=\"font-weight: 400;\">  Das ist genau das Richtige! Sie k\u00f6nnen mehrere Nachf\u00fcllungen haben und diese je nach Stimmung und Stil wechseln. <\/span><\/li>\n<li><b>  Was ist zu tun, wenn der Verschluss des Geh\u00e4uses mit der Zeit weniger effektiv wird?<\/b><\/li>\n<\/ol>\n<p><span style=\"font-weight: 400;\">Keine Panik, eine kleine Reinigung der Clips und des Geh\u00e4userandes mit einem weichen Tuch reicht oft aus, um wieder einen einwandfreien Verschluss zu erhalten.<\/span><\/p>\n<p><span style=\"font-weight: 400;\">F\u00fcgen Sie diese kompakte, wiederaufladbare MOODSTRUCK Box jetzt Ihrem Kulturbeutel hinzu. \u00c4ndern Sie Ihr Aussehen nach Belieben, genie\u00dfen Sie ein Outfit   <\/span><b>Langfristig<\/b><span style=\"font-weight: 400;\">  und einen wundersch\u00f6nen Blick den ganzen Tag lang, ohne Stress. Sie werden diesen kleinen Sch\u00f6nheitsschub, der alles ver\u00e4ndert, lieben! <\/span><\/p>\n","protected":false},"excerpt":{"rendered":"<p>Suchen Sie einen <strong>Lidschatten<\/strong>, der sich leicht auftragen l\u00e4sst und den ganzen Tag ohne Nachbesserung h\u00e4lt? Dann sind die <strong>MOODSTRUCK Kompaktschatten<\/strong> genau das Richtige f\u00fcr Sie! Die samtige Textur ist super angenehm aufzutragen, und die Haltbarkeit? Bis zu 12 Stunden, ohne sich zu bewegen. Praktisch und <strong>nachf\u00fcllbar<\/strong>, Sie k\u00f6nnen die Farbe nach Lust und Laune wechseln, ohne Ihren Lieblingsfarbton zu verlieren.    <\/p>\n<h3><strong>Warum Sie die MOODSTRUCK Kompaktschatten lieben werden<\/strong>:<\/h3>\n<ul>\n<li><strong>Langanhaltende<\/strong> Leuchtkraft bis zu 12 Stunden mit integrierter Basisstation.<\/li>\n<li><strong>Weiche, modulierbare Textur<\/strong>: Leicht aufzutragen und zu verblenden.<\/li>\n<li><strong>Wiederaufladbares Geh\u00e4use<\/strong>, um die Farbe zu wechseln, wann immer Sie wollen.<\/li>\n<li><strong>Intensive Pigmente<\/strong> f\u00fcr einen vibrierenden Blick und einen lang anhaltenden Effekt.<\/li>\n<li>Eine <strong>saubere Formel<\/strong> ohne Parabene oder aggressive Substanzen.<\/li>\n<\/ul>\n<p>F\u00fcgen Sie sie Ihrer Kosmetiktasche hinzu und genie\u00dfen Sie ein makelloses, stressfreies Aussehen.<\/p>\n","protected":false},"featured_media":11665,"comment_status":"open","ping_status":"closed","template":"","meta":{"_seopress_robots_primary_cat":"none","_seopress_titles_title":"","_seopress_titles_desc":"","_seopress_robots_index":"","site-sidebar-layout":"default","site-content-layout":"","ast-site-content-layout":"default","site-content-style":"default","site-sidebar-style":"default","ast-global-header-display":"","ast-banner-title-visibility":"","ast-main-header-display":"","ast-hfb-above-header-display":"","ast-hfb-below-header-display":"","ast-hfb-mobile-header-display":"","site-post-title":"","ast-breadcrumbs-content":"","ast-featured-img":"","footer-sml-layout":"","ast-disable-related-posts":"","theme-transparent-header-meta":"default","adv-header-id-meta":"","stick-header-meta":"","header-above-stick-meta":"","header-main-stick-meta":"","header-below-stick-meta":"","astra-migrate-meta-layouts":"default","ast-page-background-enabled":"default","ast-page-background-meta":{"desktop":{"background-color":"var(--ast-global-color-4)","background-image":"","background-repeat":"repeat","background-position":"center center","background-size":"auto","background-attachment":"scroll","background-type":"","background-media":"","overlay-type":"","overlay-color":"","overlay-opacity":"","overlay-gradient":""},"tablet":{"background-color":"","background-image":"","background-repeat":"repeat","background-position":"center center","background-size":"auto","background-attachment":"scroll","background-type":"","background-media":"","overlay-type":"","overlay-color":"","overlay-opacity":"","overlay-gradient":""},"mobile":{"background-color":"","background-image":"","background-repeat":"repeat","background-position":"center center","background-size":"auto","background-attachment":"scroll","background-type":"","background-media":"","overlay-type":"","overlay-color":"","overlay-opacity":"","overlay-gradient":""}},"ast-content-background-meta":{"desktop":{"background-color":"var(--ast-global-color-5)","background-image":"","background-repeat":"repeat","background-position":"center center","background-size":"auto","background-attachment":"scroll","background-type":"","background-media":"","overlay-type":"","overlay-color":"","overlay-opacity":"","overlay-gradient":""},"tablet":{"background-color":"var(--ast-global-color-5)","background-image":"","background-repeat":"repeat","background-position":"center center","background-size":"auto","background-attachment":"scroll","background-type":"","background-media":"","overlay-type":"","overlay-color":"","overlay-opacity":"","overlay-gradient":""},"mobile":{"background-color":"var(--ast-global-color-5)","background-image":"","background-repeat":"repeat","background-position":"center center","background-size":"auto","background-attachment":"scroll","background-type":"","background-media":"","overlay-type":"","overlay-color":"","overlay-opacity":"","overlay-gradient":""}}},"product_brand":[],"product_cat":[92],"product_tag":[],"class_list":{"0":"post-11664","1":"product","2":"type-product","3":"status-publish","4":"has-post-thumbnail","6":"product_cat-augen","7":"desktop-align-left","8":"tablet-align-left","9":"mobile-align-left","11":"first","12":"instock","13":"shipping-taxable","14":"product-type-external"},"_links":{"self":[{"href":"https:\/\/youniquebyemilie.com\/de\/wp-json\/wp\/v2\/product\/11664","targetHints":{"allow":["GET"]}}],"collection":[{"href":"https:\/\/youniquebyemilie.com\/de\/wp-json\/wp\/v2\/product"}],"about":[{"href":"https:\/\/youniquebyemilie.com\/de\/wp-json\/wp\/v2\/types\/product"}],"replies":[{"embeddable":true,"href":"https:\/\/youniquebyemilie.com\/de\/wp-json\/wp\/v2\/comments?post=11664"}],"wp:featuredmedia":[{"embeddable":true,"href":"https:\/\/youniquebyemilie.com\/de\/wp-json\/wp\/v2\/media\/11665"}],"wp:attachment":[{"href":"https:\/\/youniquebyemilie.com\/de\/wp-json\/wp\/v2\/media?parent=11664"}],"wp:term":[{"taxonomy":"product_brand","embeddable":true,"href":"https:\/\/youniquebyemilie.com\/de\/wp-json\/wp\/v2\/product_brand?post=11664"},{"taxonomy":"product_cat","embeddable":true,"href":"https:\/\/youniquebyemilie.com\/de\/wp-json\/wp\/v2\/product_cat?post=11664"},{"taxonomy":"product_tag","embeddable":true,"href":"https:\/\/youniquebyemilie.com\/de\/wp-json\/wp\/v2\/product_tag?post=11664"}],"curies":[{"name":"wp","href":"https:\/\/api.w.org\/{rel}","templated":true}]}}