{"id":11694,"date":"2025-06-16T16:28:27","date_gmt":"2025-06-16T16:28:27","guid":{"rendered":"https:\/\/youniquebyemilie.com\/produit\/applikator-fuer-falsche-wimpern-younique\/"},"modified":"2025-06-16T16:28:27","modified_gmt":"2025-06-16T14:28:27","slug":"applikator-fuer-falsche-wimpern-younique","status":"publish","type":"product","link":"https:\/\/youniquebyemilie.com\/de\/produit\/applikator-fuer-falsche-wimpern-younique\/","title":{"rendered":"Applikator f\u00fcr falsche Wimpern YOUNIQUE"},"content":{"rendered":"<p><span style=\"font-weight: 400;\">K\u00f6nnen Sie sich vorstellen, falsche Wimpern magnetisch anzubringen? Ja, aber Sie m\u00fcssen zugeben, dass es manchmal schwierig ist, oder? Mit klebrigen Fingern, rutschenden Wimpern und misslungenen Anbringungen kann man schnell die Geduld verlieren. Ich habe entdeckt, dass     <\/span><b>den YOUNIQUE-Applikator<\/b><span style=\"font-weight: 400;\">Das ist ein gro\u00dfer Unterschied. <\/span> <\/p>\n<p><span style=\"font-weight: 400;\">Er ist einfach zu handhaben, pr\u00e4zise und superpraktisch und garantiert Ihnen jedes Mal ein perfektes Einsetzen, einen perfekten Halt und einen nat\u00fcrlichen und stilvollen Blick. Wenn Sie es einmal ausprobiert haben, werden Sie nicht mehr darauf verzichten wollen! <\/span><\/p>\n<h2><span style=\"font-weight: 400;\">Warum Sie diesen magnetischen Applikator f\u00fcr falsche Wimpern lieben werden?<\/span><\/h2>\n<ul>\n<li style=\"font-weight: 400;\" aria-level=\"1\"><span style=\"font-weight: 400;\">Eine <\/span><b>ultra-sicherer Halt<\/b><span style=\"font-weight: 400;\"> um sich von falschen Wimpern zu verabschieden, die im ung\u00fcnstigsten Moment verrutschen oder abfallen.<\/span>&nbsp;<\/li>\n<li style=\"font-weight: 400;\" aria-level=\"1\"><span style=\"font-weight: 400;\">Eine <\/span><b>Volle Kontrolle f\u00fcr eine pr\u00e4zise Platzierung<\/b><span style=\"font-weight: 400;\">Sie haben die M\u00f6glichkeit, Ihre Wahl genau dort zu treffen, wo Sie sie treffen m\u00f6chten, ohne Stress.<\/span>&nbsp;<\/li>\n<li style=\"font-weight: 400;\" aria-level=\"1\"><span style=\"font-weight: 400;\">Eine <\/span><b>leichter und sicherer Druck<\/b><span style=\"font-weight: 400;\">Dieser Druck ist perfekt, um Ihre falschen Wimpern zu fixieren, ohne Ihre empfindlichen echten Wimpern zu besch\u00e4digen.<\/span>&nbsp;<\/li>\n<li style=\"font-weight: 400;\" aria-level=\"1\"><span style=\"font-weight: 400;\">Eine <\/span><b>Integrierte B\u00fcrste<\/b><span style=\"font-weight: 400;\"> zum K\u00e4mmen und Verschmelzen Ihrer falschen Wimpern mit Ihren nat\u00fcrlichen Wimpern, ohne zu verklumpen.<\/span>&nbsp;<\/li>\n<li style=\"font-weight: 400;\" aria-level=\"1\"><span style=\"font-weight: 400;\">Hergestellt aus <\/span><b>Edelstahl Pro<\/b><span style=\"font-weight: 400;\"> Der Edelstahl ist robust, leicht zu reinigen und f\u00fcr eine lange Lebensdauer konzipiert.<\/span>&nbsp;<\/li>\n<\/ul>\n<h2><span style=\"font-weight: 400;\">Wie verwende ich den YOUNIQUE-Applikator?<\/span><\/h2>\n<p><span style=\"font-weight: 400;\">Selbst wenn Sie Anf\u00e4nger sind, ist es ein Kinderspiel:<\/span><\/p>\n<ol>\n<li style=\"font-weight: 400;\" aria-level=\"1\"><span style=\"font-weight: 400;\">Nehmen Sie Ihre magnetischen falschen Wimpern MOODSTRUCK mit der Pinzette auf. <\/span><b>Zange mit doppeltem Ansatz.<\/b>&nbsp;<\/li>\n<li style=\"font-weight: 400;\" aria-level=\"1\"><span style=\"font-weight: 400;\">Legen Sie sie sanft in den inneren Augenwinkel und gleiten Sie dann nach au\u00dfen, dicht an den Wimpern entlang.<\/span>&nbsp;<\/li>\n<li style=\"font-weight: 400;\" aria-level=\"1\"><span style=\"font-weight: 400;\">Dr\u00fccken Sie leicht zwischen der falschen Wimper und Ihrer nat\u00fcrlichen Wimper mit dem gebogenen Teil, um sie zu fixieren.<\/span>&nbsp;<\/li>\n<li style=\"font-weight: 400;\" aria-level=\"1\"><span style=\"font-weight: 400;\">Drehen Sie den Applikator um und benutzen Sie die B\u00fcrste, um die nat\u00fcrlichen und falschen Wimpern zu k\u00e4mmen und zu verschmelzen.<\/span>&nbsp;<\/li>\n<li style=\"font-weight: 400;\" aria-level=\"1\"><span style=\"font-weight: 400;\">F\u00fcr einen extra Halt verwenden Sie die mitgelieferten kleinen Anker, die ein echtes Plus sind.<\/span>&nbsp;<\/li>\n<li style=\"font-weight: 400;\" aria-level=\"1\"><span style=\"font-weight: 400;\">Um den Streifen zu entfernen, ziehen Sie ihn vorsichtig von der \u00e4u\u00dferen Ecke ab, ohne Gewalt anzuwenden.<\/span>&nbsp;<\/li>\n<\/ol>\n<h2><span style=\"font-weight: 400;\">Pflegen Sie Ihre falschen Wimpern, damit sie l\u00e4nger halten.<\/span><\/h2>\n<ul>\n<li style=\"font-weight: 400;\" aria-level=\"1\"><span style=\"font-weight: 400;\">Reinigen Sie sie nach jedem Gebrauch sanft mit einem Tuch. <\/span><b>Wattest\u00e4bchen mit einem in \u00d6l getr\u00e4nkten Make-up-Entferner.<\/b><span style=\"font-weight: 400;\"> ohne \u00d6l.<\/span>&nbsp;<\/li>\n<li style=\"font-weight: 400;\" aria-level=\"1\"><span style=\"font-weight: 400;\">Desinfizieren Sie den Streifen mit einem <\/span><b>Wattest\u00e4bchen <\/b><span style=\"font-weight: 400;\">und <\/span><b>etwas 90%igem Alkohol,<\/b><span style=\"font-weight: 400;\"> und lassen Sie den Streifen an der Luft trocknen.<\/span>&nbsp;<\/li>\n<li style=\"font-weight: 400;\" aria-level=\"1\"><span style=\"font-weight: 400;\">Bewahren Sie sie in der Acrylbox auf, um ihre perfekte Form zu erhalten und ihre Lebensdauer zu verl\u00e4ngern.<\/span><\/li>\n<\/ul>\n<p>&nbsp;<\/p>\n<h2><span style=\"font-weight: 400;\">Warum Sie auf keinen Fall darauf verzichten sollten<\/span><\/h2>\n<p><span style=\"font-weight: 400;\">Dieser Applikator macht Ihnen das Leben leichter als je zuvor. Schneller, genauer, bequemer. Was ist mit Fehlern? Sie geh\u00f6ren der Vergangenheit an. Mit YOUNIQUE ist Ihr Blick makellos, ohne Kopfzerbrechen. Also g\u00f6nnen Sie sich etwas Gutes, bringen Sie Ihren Blick zum Strahlen und bestellen Sie jetzt Ihren YOUNIQUE-Applikator. Ihre Make-up-Routine wird sich von Grund auf \u00e4ndern!      <\/span><\/p>\n<p>&nbsp;<\/p>\n<h2><span style=\"font-weight: 400;\">FAQ : Applikator f\u00fcr falsche Wimpern YOUNIQUE<\/span><\/h2>\n<ol>\n<li><b>  Funktioniert dieser Applikator auch mit anderen Marken von magnetischen falschen Wimpern?<\/b><b><br \/>\n<\/b><span style=\"font-weight: 400;\">  Ja, obwohl er speziell f\u00fcr die MOODSTRUCK Falsche Wimpern entwickelt wurde, passt er sehr gut zu den meisten magnetischen Falschen Wimpern auf dem Markt.<\/span><\/li>\n<li><b>  Kann rostfreier Stahl die Haut nicht zerkratzen?<\/b><b><br \/>\n<\/b><span style=\"font-weight: 400;\">  Ganz und gar nicht! Der Applikator ist poliert und so konzipiert, dass er sanft mit Ihrer Haut und Ihren Wimpern in Ber\u00fchrung kommt, ohne das Risiko von Irritationen oder Kratzern. <\/span><\/li>\n<li><b>  Kann ich damit auch herk\u00f6mmliche falsche Wimpern (nicht magnetisch) anbringen?<\/b><b><br \/>\n<\/b><span style=\"font-weight: 400;\">  Es ist f\u00fcr magnetische falsche Wimpern optimiert, kann Ihnen aber auch bei der Handhabung herk\u00f6mmlicher falscher Wimpern helfen, insbesondere beim Anbringen und Frisieren.<\/span><\/li>\n<li><b>  Wie lange h\u00e4lt dieser Applikator bei regelm\u00e4\u00dfigem Gebrauch?<\/b><b><br \/>\n<\/b><span style=\"font-weight: 400;\">  Bei regelm\u00e4\u00dfiger Pflege (Reinigung nach jedem Gebrauch) kann er mehrere Jahre lang halten, ohne an Effizienz zu verlieren.<\/span><\/li>\n<li><b>  Ist er f\u00fcr Menschen mit empfindlichen Augen geeignet?<\/b><b><br \/>\n<\/b><span style=\"font-weight: 400;\">  Ja, die Form und die Materialien sind so konzipiert, dass sie weich und sicher sind, perfekt auch f\u00fcr empfindliche Augen.<\/span><\/li>\n<\/ol>\n<p><span style=\"font-weight: 400;\">Lassen Sie sich Ihre Chance nicht entgehen, bestellen Sie jetzt Ihren YOUNIQUE-Applikator und machen Sie Ihre Make-up-Routine zum Kinderspiel!  <\/span><\/p>\n<p>&nbsp;<\/p>\n","protected":false},"excerpt":{"rendered":"<p>Keine Probleme mehr mit falschen Wimpern! Dieser innovative Applikator erm\u00f6glicht ein einfaches und schnelles Anbringen mit perfektem Halt. Pr\u00e4zise, sicher und sanft zu Ihren Wimpern, garantiert er Ihnen den ganzen Tag einen perfekten Blick. Er ist einfach zu verwenden und verschmilzt Ihre falschen Wimpern perfekt mit Ihren nat\u00fcrlichen Wimpern. Hergestellt aus rostfreiem Stahl, ist er langlebig und leicht zu reinigen. Nutzen Sie ihn f\u00fcr eine unkomplizierte Make-up-Routine!     <\/p>\n","protected":false},"featured_media":11695,"comment_status":"open","ping_status":"closed","template":"","meta":{"_seopress_robots_primary_cat":"none","_seopress_titles_title":"","_seopress_titles_desc":"","_seopress_robots_index":"","site-sidebar-layout":"default","site-content-layout":"","ast-site-content-layout":"default","site-content-style":"default","site-sidebar-style":"default","ast-global-header-display":"","ast-banner-title-visibility":"","ast-main-header-display":"","ast-hfb-above-header-display":"","ast-hfb-below-header-display":"","ast-hfb-mobile-header-display":"","site-post-title":"","ast-breadcrumbs-content":"","ast-featured-img":"","footer-sml-layout":"","ast-disable-related-posts":"","theme-transparent-header-meta":"default","adv-header-id-meta":"","stick-header-meta":"","header-above-stick-meta":"","header-main-stick-meta":"","header-below-stick-meta":"","astra-migrate-meta-layouts":"default","ast-page-background-enabled":"default","ast-page-background-meta":{"desktop":{"background-color":"var(--ast-global-color-4)","background-image":"","background-repeat":"repeat","background-position":"center center","background-size":"auto","background-attachment":"scroll","background-type":"","background-media":"","overlay-type":"","overlay-color":"","overlay-opacity":"","overlay-gradient":""},"tablet":{"background-color":"","background-image":"","background-repeat":"repeat","background-position":"center center","background-size":"auto","background-attachment":"scroll","background-type":"","background-media":"","overlay-type":"","overlay-color":"","overlay-opacity":"","overlay-gradient":""},"mobile":{"background-color":"","background-image":"","background-repeat":"repeat","background-position":"center center","background-size":"auto","background-attachment":"scroll","background-type":"","background-media":"","overlay-type":"","overlay-color":"","overlay-opacity":"","overlay-gradient":""}},"ast-content-background-meta":{"desktop":{"background-color":"var(--ast-global-color-5)","background-image":"","background-repeat":"repeat","background-position":"center center","background-size":"auto","background-attachment":"scroll","background-type":"","background-media":"","overlay-type":"","overlay-color":"","overlay-opacity":"","overlay-gradient":""},"tablet":{"background-color":"var(--ast-global-color-5)","background-image":"","background-repeat":"repeat","background-position":"center center","background-size":"auto","background-attachment":"scroll","background-type":"","background-media":"","overlay-type":"","overlay-color":"","overlay-opacity":"","overlay-gradient":""},"mobile":{"background-color":"var(--ast-global-color-5)","background-image":"","background-repeat":"repeat","background-position":"center center","background-size":"auto","background-attachment":"scroll","background-type":"","background-media":"","overlay-type":"","overlay-color":"","overlay-opacity":"","overlay-gradient":""}}},"product_brand":[],"product_cat":[92],"product_tag":[],"class_list":{"0":"post-11694","1":"product","2":"type-product","3":"status-publish","4":"has-post-thumbnail","6":"product_cat-augen","7":"desktop-align-left","8":"tablet-align-left","9":"mobile-align-left","11":"first","12":"instock","13":"sale","14":"shipping-taxable","15":"product-type-external"},"_links":{"self":[{"href":"https:\/\/youniquebyemilie.com\/de\/wp-json\/wp\/v2\/product\/11694","targetHints":{"allow":["GET"]}}],"collection":[{"href":"https:\/\/youniquebyemilie.com\/de\/wp-json\/wp\/v2\/product"}],"about":[{"href":"https:\/\/youniquebyemilie.com\/de\/wp-json\/wp\/v2\/types\/product"}],"replies":[{"embeddable":true,"href":"https:\/\/youniquebyemilie.com\/de\/wp-json\/wp\/v2\/comments?post=11694"}],"wp:featuredmedia":[{"embeddable":true,"href":"https:\/\/youniquebyemilie.com\/de\/wp-json\/wp\/v2\/media\/11695"}],"wp:attachment":[{"href":"https:\/\/youniquebyemilie.com\/de\/wp-json\/wp\/v2\/media?parent=11694"}],"wp:term":[{"taxonomy":"product_brand","embeddable":true,"href":"https:\/\/youniquebyemilie.com\/de\/wp-json\/wp\/v2\/product_brand?post=11694"},{"taxonomy":"product_cat","embeddable":true,"href":"https:\/\/youniquebyemilie.com\/de\/wp-json\/wp\/v2\/product_cat?post=11694"},{"taxonomy":"product_tag","embeddable":true,"href":"https:\/\/youniquebyemilie.com\/de\/wp-json\/wp\/v2\/product_tag?post=11694"}],"curies":[{"name":"wp","href":"https:\/\/api.w.org\/{rel}","templated":true}]}}