{"id":11713,"date":"2025-07-26T16:22:44","date_gmt":"2025-07-26T14:22:44","guid":{"rendered":"https:\/\/youniquebyemilie.com\/produit\/4-in-1-mascara-serum-base-tubing-younique-quadra\/"},"modified":"2025-07-26T16:22:44","modified_gmt":"2025-07-26T14:22:44","slug":"4-in-1-mascara-serum-base-tubing-younique-quadra","status":"publish","type":"product","link":"https:\/\/youniquebyemilie.com\/de\/produit\/4-in-1-mascara-serum-base-tubing-younique-quadra\/","title":{"rendered":"4-in-1 Mascara Serum Base Tubing YOUNIQUE QUADRA"},"content":{"rendered":"<p><span style=\"font-weight: 400;\">Tr\u00e4umen Sie von Wimpern, die wirklich auffallen? L\u00e4nger, dichter, mit einem atemberaubenden Schwung, ohne Kopfzerbrechen oder endlose Nachbesserungen? Lassen Sie mich Ihnen von meinem Favoriten erz\u00e4hlen:    <\/span><b>YOUNIQUE QUADRA<\/b><span style=\"font-weight: 400;\">.<\/span><\/p>\n<p><span style=\"font-weight: 400;\">Ich muss zugeben, dass ich mich fr\u00fcher mit drei verschiedenen Produkten herumgeplagt habe und viel Zeit damit verbrachte, sie alle \u00fcbereinander zu schichten, ohne dass sie verklumpen. Hier habe ich die seltene Perle gefunden: ein 4-in-1 Mascara-Serum, das alles kann und auch noch gut aussieht. <\/span><\/p>\n<h3><span style=\"font-weight: 400;\">Warum ich YOUNIQUE QUADRA liebe und warum es Ihnen auch gefallen wird<\/span><\/h3>\n<ul>\n<li style=\"font-weight: 400;\" aria-level=\"1\"><span style=\"font-weight: 400;\">Schon nach der ersten Schicht haben meine Wimpern an Volumen gewonnen, und das sieht man: <\/span><b>+62,5 % in 12 Wochen,<\/b><span style=\"font-weight: 400;\"> das ist kein Witz!<\/span><\/li>\n<li style=\"font-weight: 400;\" aria-level=\"1\"><span style=\"font-weight: 400;\">Sie sind <\/span><b>l\u00e4nger<\/b><span style=\"font-weight: 400;\">, <\/span><b>sind dicker,<\/b><span style=\"font-weight: 400;\"> und vor allem <\/span><b>gut gebogene Wimpern.<\/b><span style=\"font-weight: 400;\">Die Wimpern sind jetzt l\u00e4nger und dichter, ohne dass ich mir den Kopf \u00fcber komplizierte Wimpernverl\u00e4ngerungen oder Wimpernzangen zerbrechen muss.<\/span><\/li>\n<li style=\"font-weight: 400;\" aria-level=\"1\"><span style=\"font-weight: 400;\">Die magische Sache ist seine Haltbarkeit: <\/span><b>Ich trage ihn von morgens bis abends, er l\u00e4uft nicht aus, verpackt nicht.<\/b><span style=\"font-weight: 400;\">Es gibt keine Pf\u00fctzen, auch wenn ich herumlaufe oder es hei\u00df ist.<\/span><\/li>\n<li style=\"font-weight: 400;\" aria-level=\"1\"><span style=\"font-weight: 400;\">Au\u00dferdem ist es eine echte Pflege f\u00fcr meine Wimpern, ich habe das Gef\u00fchl, dass sie jeden Tag gen\u00e4hrt, gesch\u00fctzt und st\u00e4rker werden dank des <\/span><b>YOUNIQUE AMINO PEPTIDE COMPLEX\u2122.<\/b><span style=\"font-weight: 400;\"> (das ist die geheime Formel mit Biotin, XLASH\u00ae und WIDELASH\u00ae).<\/span><\/li>\n<li style=\"font-weight: 400;\" aria-level=\"1\"><b>Bonus:<\/b><span style=\"font-weight: 400;\"> Es ist vegan, sauber, frei von Parabenen und anderem M\u00fcll, perfekt f\u00fcr meine empfindliche Haut um die Augen.<\/span><\/li>\n<\/ul>\n<h3><span style=\"font-weight: 400;\">Wie ich es t\u00e4glich verwende (und es dauert nur 2 Minuten)<\/span><\/h3>\n<p><span style=\"font-weight: 400;\">Ich nehme den speziellen Pinsel, streiche sanft \u00fcber den Wimpernansatz, gehe zu den Spitzen und lasse ihn trocknen. <\/span><b>10 Sekunden<\/b><span style=\"font-weight: 400;\">. Wenn ich einen noch intensiveren Blick haben m\u00f6chte, trage ich eine weitere Schicht auf, aber nie zu viel, nie zu viel.<\/span><span style=\"font-weight: 400;\"><br \/>\n<\/span><span style=\"font-weight: 400;\">  Und schon sind Sie bereit, den Tag oder den Abend mit Komplimenten zu bestreiten.<\/span><\/p>\n<h3><span style=\"font-weight: 400;\">Die kleinen Informationen, die den Unterschied ausmachen<\/span><\/h3>\n<ul>\n<li style=\"font-weight: 400;\" aria-level=\"1\"><span style=\"font-weight: 400;\">Diese Mascara wurde von Augen\u00e4rzten getestet und f\u00fcr gut befunden und ist sicher, auch wenn Sie Kontaktlinsen tragen.<\/span><\/li>\n<li style=\"font-weight: 400;\" aria-level=\"1\"><span style=\"font-weight: 400;\">Hergestellt in einer zertifizierten Fabrik <\/span><b>Halal<\/b><span style=\"font-weight: 400;\"> und <\/span><b>Koscher<\/b><span style=\"font-weight: 400;\">Gluten- und allergenfrei, denn Sch\u00f6nheit muss gesund sein.<\/span><\/li>\n<li style=\"font-weight: 400;\" aria-level=\"1\"><span style=\"font-weight: 400;\">F\u00fcr ca. <\/span><b>3 Monate bei t\u00e4glicher Anwendung<\/b><span style=\"font-weight: 400;\">F\u00fcr einen Monat ist dies eine gro\u00dfartige Investition in Ihre Sch\u00f6nheitsroutine.<\/span><\/li>\n<\/ul>\n<p><span style=\"font-weight: 400;\">Wenn Sie auch Schwierigkeiten haben, eine einfache, effektive Mascara zu finden, die Volumen verleiht, ohne Ihre Wimpern zu besch\u00e4digen, <\/span><b>YOUNIQUE QUADRA ist die richtige Mascara f\u00fcr Sie.<\/b><span style=\"font-weight: 400;\">. Ich empfehle es Ihnen w\u00e4rmstens, Sie werden den Unterschied schon in den ersten Tagen sehen.<\/span><\/p>\n<h2><span style=\"font-weight: 400;\">FAQ YOUNIQUE QUADRA: Alles, was Sie wissen wollen (und noch mehr)<\/span><\/h2>\n<ol>\n<li><b>  Ist YOUNIQUE QUADRA geeignet, wenn Sie Kontaktlinsen tragen?<\/b><b><br \/>\n<\/b><span style=\"font-weight: 400;\">  Ja, keine Sorge! Es wurde von Augen\u00e4rzten getestet und speziell f\u00fcr empfindliche Augen und Kontaktlinsentr\u00e4ger entwickelt. Sie k\u00f6nnen es mit gutem Gewissen verwenden, auch wenn Sie empfindliche Augen haben.  <\/span><\/li>\n<li><b>  Gibt es Inhaltsstoffe, die Ihre Augenpartie reizen k\u00f6nnen?<\/b><b><br \/>\n<\/b><span style=\"font-weight: 400;\">  Ganz und gar nicht. Die Formel ist sauber, ohne Parabene, Sulfate, Phthalate oder aggressive Stoffe. Ihre Augenkontur wird verw\u00f6hnt.  <\/span><\/li>\n<li><b>  Wie lange h\u00e4lt eine Tube bei normalem Gebrauch?<\/b><b><br \/>\n<\/b><span style=\"font-weight: 400;\">  Ungef\u00e4hr 3 Monate, wenn Sie es t\u00e4glich benutzen. Es ist ein gro\u00dfartiges Preis-Leistungs-Verh\u00e4ltnis f\u00fcr eine Pflege + Mascara, Sie werden sehen. <\/span><\/li>\n<li><b>  K\u00f6nnen Sie mehrere Schichten \u00fcbereinander legen, ohne mit Spinnenbeinen zu enden?<\/b><b><br \/>\n<\/b><span style=\"font-weight: 400;\">  Ja, Sie k\u00f6nnen es ruhig angehen lassen: Mehrere Schichten f\u00fcr mehr Volumen und L\u00e4nge, aber immer noch ein nat\u00fcrliches und leichtes Aussehen. <\/span><\/li>\n<li><b>  Wird das Produkt an Tieren getestet?<\/b><b><br \/>\n<\/b><span style=\"font-weight: 400;\">  Nein, YOUNIQUE QUADRA ist vegan und cruelty-free. Weil wir Sch\u00f6nheit lieben, aber ohne Leiden. <\/span><\/li>\n<\/ol>\n<p><span style=\"font-weight: 400;\">Sie wollen also einen Blick, der Sie umhaut, ohne sich den Kopf zu zerbrechen? Dann klicken Sie auf YOUNIQUE QUADRA und Sie werden es wie ich nicht bereuen. Klicken Sie, bestellen Sie und machen Sie sich auf Komplimente gefasst!  <\/span><\/p>\n","protected":false},"excerpt":{"rendered":"<p><strong>Younique Quadra - 4-in-1 Mascara f\u00fcr traumhafte Wimpern<\/strong><\/p>\n<p>Haben Sie genug von Mascara, die nicht h\u00e4lt oder Pakete hinterl\u00e4sst? Lassen Sie mich Ihnen von <g id=\"gid_0\">Younique Quadra<\/g> erz\u00e4hlen, meinem neuen 4-in-1 Mascara-Serum, das meine Wimpern ver\u00e4ndert hat! Sie verleiht <strong>Volumen<\/strong>, <strong>L\u00e4nge<\/strong>, <strong>Schwung<\/strong> und <strong>Pflege<\/strong>, ohne Kopfzerbrechen oder endlose Nachbesserungen.  <\/p>\n<p>Schon nach der ersten Schicht werden Sie eine <strong>Zunahme des Volumens um 62,5%<\/strong> in 12 Wochen sehen, mit l\u00e4ngeren, dichteren und perfekt geschwungenen Wimpern. Und das Beste daran? Es h\u00e4lt den ganzen Tag, ohne zu verlaufen oder zu verklumpen. Es ist eine echte Pflege f\u00fcr Ihre Wimpern dank seiner Formel, die mit <strong>Younique Amino Peptide Complex\u2122<\/strong>, mit Biotin, XLASH\u00ae und WIDELASH\u00ae angereichert ist.   <\/p>\n<p>Es ist <strong>vegan<\/strong>, frei von <strong>Parabenen<\/strong> und sogar f\u00fcr <strong>Kontaktlinsentr\u00e4ger<\/strong> geeignet. Mit <strong>Younique Quadra<\/strong> erhalten Sie wundersch\u00f6ne Wimpern, ohne Kompromisse bei der Gesundheit Ihrer Augen eingehen zu m\u00fcssen. <\/p>\n<p>Er ist getestet, effektiv und sauber und ein echtes <strong>Must-Have<\/strong> f\u00fcr Ihre Augen!<\/p>\n","protected":false},"featured_media":11714,"comment_status":"open","ping_status":"closed","template":"","meta":{"_seopress_robots_primary_cat":"none","_seopress_titles_title":"","_seopress_titles_desc":"","_seopress_robots_index":"","site-sidebar-layout":"default","site-content-layout":"","ast-site-content-layout":"default","site-content-style":"default","site-sidebar-style":"default","ast-global-header-display":"","ast-banner-title-visibility":"","ast-main-header-display":"","ast-hfb-above-header-display":"","ast-hfb-below-header-display":"","ast-hfb-mobile-header-display":"","site-post-title":"","ast-breadcrumbs-content":"","ast-featured-img":"","footer-sml-layout":"","ast-disable-related-posts":"","theme-transparent-header-meta":"default","adv-header-id-meta":"","stick-header-meta":"","header-above-stick-meta":"","header-main-stick-meta":"","header-below-stick-meta":"","astra-migrate-meta-layouts":"default","ast-page-background-enabled":"default","ast-page-background-meta":{"desktop":{"background-color":"var(--ast-global-color-4)","background-image":"","background-repeat":"repeat","background-position":"center center","background-size":"auto","background-attachment":"scroll","background-type":"","background-media":"","overlay-type":"","overlay-color":"","overlay-opacity":"","overlay-gradient":""},"tablet":{"background-color":"","background-image":"","background-repeat":"repeat","background-position":"center center","background-size":"auto","background-attachment":"scroll","background-type":"","background-media":"","overlay-type":"","overlay-color":"","overlay-opacity":"","overlay-gradient":""},"mobile":{"background-color":"","background-image":"","background-repeat":"repeat","background-position":"center center","background-size":"auto","background-attachment":"scroll","background-type":"","background-media":"","overlay-type":"","overlay-color":"","overlay-opacity":"","overlay-gradient":""}},"ast-content-background-meta":{"desktop":{"background-color":"var(--ast-global-color-5)","background-image":"","background-repeat":"repeat","background-position":"center center","background-size":"auto","background-attachment":"scroll","background-type":"","background-media":"","overlay-type":"","overlay-color":"","overlay-opacity":"","overlay-gradient":""},"tablet":{"background-color":"var(--ast-global-color-5)","background-image":"","background-repeat":"repeat","background-position":"center center","background-size":"auto","background-attachment":"scroll","background-type":"","background-media":"","overlay-type":"","overlay-color":"","overlay-opacity":"","overlay-gradient":""},"mobile":{"background-color":"var(--ast-global-color-5)","background-image":"","background-repeat":"repeat","background-position":"center center","background-size":"auto","background-attachment":"scroll","background-type":"","background-media":"","overlay-type":"","overlay-color":"","overlay-opacity":"","overlay-gradient":""}}},"product_brand":[],"product_cat":[92],"product_tag":[],"class_list":{"0":"post-11713","1":"product","2":"type-product","3":"status-publish","4":"has-post-thumbnail","6":"product_cat-augen","7":"desktop-align-left","8":"tablet-align-left","9":"mobile-align-left","11":"first","12":"instock","13":"sale","14":"shipping-taxable","15":"product-type-external"},"_links":{"self":[{"href":"https:\/\/youniquebyemilie.com\/de\/wp-json\/wp\/v2\/product\/11713","targetHints":{"allow":["GET"]}}],"collection":[{"href":"https:\/\/youniquebyemilie.com\/de\/wp-json\/wp\/v2\/product"}],"about":[{"href":"https:\/\/youniquebyemilie.com\/de\/wp-json\/wp\/v2\/types\/product"}],"replies":[{"embeddable":true,"href":"https:\/\/youniquebyemilie.com\/de\/wp-json\/wp\/v2\/comments?post=11713"}],"wp:featuredmedia":[{"embeddable":true,"href":"https:\/\/youniquebyemilie.com\/de\/wp-json\/wp\/v2\/media\/11714"}],"wp:attachment":[{"href":"https:\/\/youniquebyemilie.com\/de\/wp-json\/wp\/v2\/media?parent=11713"}],"wp:term":[{"taxonomy":"product_brand","embeddable":true,"href":"https:\/\/youniquebyemilie.com\/de\/wp-json\/wp\/v2\/product_brand?post=11713"},{"taxonomy":"product_cat","embeddable":true,"href":"https:\/\/youniquebyemilie.com\/de\/wp-json\/wp\/v2\/product_cat?post=11713"},{"taxonomy":"product_tag","embeddable":true,"href":"https:\/\/youniquebyemilie.com\/de\/wp-json\/wp\/v2\/product_tag?post=11713"}],"curies":[{"name":"wp","href":"https:\/\/api.w.org\/{rel}","templated":true}]}}