{"id":11776,"date":"2025-07-24T17:12:13","date_gmt":"2025-07-24T15:12:13","guid":{"rendered":"https:\/\/youniquebyemilie.com\/produit\/moodstruck-kompakt-lidschatten-nachfuellpackung\/"},"modified":"2025-07-24T17:12:13","modified_gmt":"2025-07-24T15:12:13","slug":"moodstruck-kompakt-lidschatten-nachfuellpackung","status":"publish","type":"product","link":"https:\/\/youniquebyemilie.com\/de\/produit\/moodstruck-kompakt-lidschatten-nachfuellpackung\/","title":{"rendered":"MOODSTRUCK Kompakt-Lidschatten Nachf\u00fcllpackung"},"content":{"rendered":"<p><span style=\"font-weight: 400;\">Wissen Sie, was manchmal in Ihrem Beauty-Kit fehlt? Ein Lidschatten, der den ganzen Tag h\u00e4lt, einfach aufzutragen ist und eine auffallende Pigmentierung hat! Die    <\/span><b>MOODSTRUCK Compact Eye Shadow Refill.<\/b><span style=\"font-weight: 400;\"> ist da, um Ihnen das Leben zu erleichtern und Ihre Augen im Handumdrehen zu versch\u00f6nern. <\/span> <\/p>\n<h2><span style=\"font-weight: 400;\">Warum Sie diese Nachf\u00fcllpackung lieben werden?<\/span><\/h2>\n<ul>\n<li style=\"font-weight: 400;\" aria-level=\"1\"><b>Langanhaltender Halt<\/b><span style=\"font-weight: 400;\"> : Dank der infundierten Basistechnologie h\u00e4lt dieser Schatten bis zu <\/span><b>12 Stunden.<\/b><span style=\"font-weight: 400;\"> ohne Falten, f\u00fcr ein makelloses Make-up den ganzen Tag lang.<\/span>&nbsp;<\/li>\n<li style=\"font-weight: 400;\" aria-level=\"1\"><b>Eine Auswahl an verschiedenen Farbt\u00f6nen<\/b><span style=\"font-weight: 400;\"> : von <\/span><b>samtig matt<\/b><span style=\"font-weight: 400;\"> bis hin zu <\/span><b>von glitzernd metallisch<\/b><span style=\"font-weight: 400;\">F\u00fcr jeden Geschmack ist etwas dabei. <\/span><b>Intensit\u00e4t<\/b><span style=\"font-weight: 400;\"> \u00e0 <\/span><b>Zartheit<\/b><span style=\"font-weight: 400;\">Die Farbpalette reicht von hell bis dunkel, f\u00fcr jeden Anlass und jede Stimmung.<\/span>&nbsp;<\/li>\n<li style=\"font-weight: 400;\" aria-level=\"1\"><b>Pers\u00f6nliche Gestaltung<\/b><span style=\"font-weight: 400;\">  Die magnetischen Nachf\u00fcllpackungen passen die Farbpalette Ihrer Pers\u00f6nlichkeit an. Stellen Sie sich Ihre eigene Farbpalette nach Ihren W\u00fcnschen zusammen. <\/span>&nbsp;<\/li>\n<li style=\"font-weight: 400;\" aria-level=\"1\"><b>Einfaches Auftragen<\/b><span style=\"font-weight: 400;\"> Sie k\u00f6nnen ihn mit Ihrem Younique Pinsel auftragen, um einen nat\u00fcrlichen oder intensiven Look zu erzielen, ganz nach Ihrer Stimmung.<\/span>&nbsp;<\/li>\n<\/ul>\n<h2><span style=\"font-weight: 400;\">Verf\u00fcgbare Farbt\u00f6ne (und ihre Magie!)<\/span><\/h2>\n<ul>\n<li style=\"font-weight: 400;\" aria-level=\"1\"><b>Inquisitive<\/b><span style=\"font-weight: 400;\"> Koralle: Satin-Koralle, f\u00fcr einen Hauch von leuchtender Weichheit.<\/span>&nbsp;<\/li>\n<li style=\"font-weight: 400;\" aria-level=\"1\"><b>Unfassbar<\/b><span style=\"font-weight: 400;\"> Smaragd: funkelnder Smaragd, perfekt f\u00fcr k\u00fchne Blicke.<\/span>&nbsp;<\/li>\n<li style=\"font-weight: 400;\" aria-level=\"1\"><b>Zazzy<\/b><span style=\"font-weight: 400;\"> Zazy: Goldgr\u00fcn metallisiert, ein Muss f\u00fcr einen originellen und gewagten Look.<\/span>&nbsp;<\/li>\n<li style=\"font-weight: 400;\" aria-level=\"1\"><b>Vision\u00e4r<\/b><span style=\"font-weight: 400;\"> Kupfer-Gold-Metallic, ein sofortiger Hauch von Glamour.<\/span>&nbsp;<\/li>\n<li style=\"font-weight: 400;\" aria-level=\"1\"><b>Covetous<\/b><span style=\"font-weight: 400;\"> Die Farbe: Metallic-Pfirsich-Nude, f\u00fcr ein zartes, aber fesselndes Finish.<\/span>&nbsp;<\/li>\n<li style=\"font-weight: 400;\" aria-level=\"1\"><b>Manipulativ<\/b><span style=\"font-weight: 400;\"> Kupfer: Metallisches Kupfer, ein Muss, um zu gl\u00e4nzen.<\/span>&nbsp;<\/li>\n<li style=\"font-weight: 400;\" aria-level=\"1\"><b>K\u00f6stlich<\/b><span style=\"font-weight: 400;\"> : metallisches Rauchbraun, der perfekte Schatten f\u00fcr einen schicken rauchigen Blick.<\/span>&nbsp;<\/li>\n<li style=\"font-weight: 400;\" aria-level=\"1\"><b>Terrestre<\/b><span style=\"font-weight: 400;\"> Pekannussbraun satiniert, der nat\u00fcrliche Farbton schlechthin.<\/span>&nbsp;<\/li>\n<li style=\"font-weight: 400;\" aria-level=\"1\"><b>Inklusive<\/b><span style=\"font-weight: 400;\"> Die Farbe: Pfirsichrosa, satiniert, nat\u00fcrlicher Glanz f\u00fcr ein frisches Make-up.<\/span>&nbsp;<\/li>\n<li style=\"font-weight: 400;\" aria-level=\"1\"><b>Dauntless<\/b><span style=\"font-weight: 400;\"> Die perfekte Wahl f\u00fcr einen diskreten, aber strukturierten Look.<\/span>&nbsp;<\/li>\n<li style=\"font-weight: 400;\" aria-level=\"1\"><b>Impish<\/b><span style=\"font-weight: 400;\"> Pfirsich: dunkler, matter Pfirsich f\u00fcr einen tiefen, anspruchsvollen Effekt.<\/span>&nbsp;<\/li>\n<li style=\"font-weight: 400;\" aria-level=\"1\"><b>Melodi\u00f6s<\/b><span style=\"font-weight: 400;\"> : matter Pfirsich, ein weicher Klassiker.<\/span>&nbsp;<\/li>\n<li style=\"font-weight: 400;\" aria-level=\"1\"><b>Absurd<\/b><span style=\"font-weight: 400;\"> Rosa Braun matt, ein moderner Twist f\u00fcr einen schicken Touch.<\/span>&nbsp;<\/li>\n<li style=\"font-weight: 400;\" aria-level=\"1\"><b>Merveilleux<\/b><span style=\"font-weight: 400;\"> : mattes Dunkelbraun, der Alltagsschatten f\u00fcr einen intensiven Blick.<\/span>&nbsp;<\/li>\n<li style=\"font-weight: 400;\" aria-level=\"1\"><b>Legend\u00e4r<\/b><span style=\"font-weight: 400;\"> Die Farbe: mattes Jetschwarz f\u00fcr einen makellosen Abendlook.<\/span>&nbsp;<\/li>\n<\/ul>\n<h2><span style=\"font-weight: 400;\">Die wichtigsten Zutaten, die den Unterschied ausmachen  <\/span><\/h2>\n<p><span style=\"font-weight: 400;\">Wenn Sie sich f\u00fcr diesen MOODSTRUCK Lidschatten entscheiden, w\u00e4hlen Sie mehr als nur eine Farbe. Jeder Inhaltsstoff wurde ausgew\u00e4hlt, um Ihnen eine perfekte Anwendung und ein makelloses Ergebnis zu bieten. Schauen Sie sich an, was jeder Inhaltsstoff f\u00fcr Sie tun kann:  <\/span><\/p>\n<ul>\n<li style=\"font-weight: 400;\" aria-level=\"1\"><b>Talkum<\/b><span style=\"font-weight: 400;\"> Dieser Klassiker l\u00e4sst den Puder leicht \u00fcber Ihre Haut gleiten und sorgt f\u00fcr einen reibungslosen und fl\u00fcssigen Auftrag.<\/span>&nbsp;<\/li>\n<li style=\"font-weight: 400;\" aria-level=\"1\"><b>Dimethicone<\/b><span style=\"font-weight: 400;\"> Es garantiert eine superglatte Textur auf Ihrer Haut und stellt sicher, dass Ihr Make-up den ganzen Tag lang h\u00e4lt, ohne zu verrutschen.<\/span>&nbsp;<\/li>\n<li style=\"font-weight: 400;\" aria-level=\"1\"><b>Octyldodecylstearoylstearat<\/b><span style=\"font-weight: 400;\"> Dieser kleine Inhaltsstoff macht das Auftragen noch einfacher und h\u00e4lt den Puder an Ort und Stelle, selbst an Ihren l\u00e4ngsten Tagen.<\/span>&nbsp;<\/li>\n<li style=\"font-weight: 400;\" aria-level=\"1\"><b>Caprylyl Glycol &amp; Phenoxyethanol<\/b><span style=\"font-weight: 400;\"> Diese Feuchtigkeitsspender und Konservierungsmittel bewahren die Frische des Produkts und erm\u00f6glichen es Ihnen, seine Qualit\u00e4t bis zum letzten Moment zu genie\u00dfen.<\/span>&nbsp;<\/li>\n<li style=\"font-weight: 400;\" aria-level=\"1\"><b>Glimmer<\/b><span style=\"font-weight: 400;\"> Glimmer: Er verleiht Ihren Augenlidern einen subtilen Glanz, einen nat\u00fcrlichen Glanz und eine leuchtende Farbe, die nicht \u00fcbersehen wird.<\/span>&nbsp;<\/li>\n<li style=\"font-weight: 400;\" aria-level=\"1\"><b>Eisenoxide<\/b><span style=\"font-weight: 400;\"> Diese mineralischen Pigmente sind wichtig, um Ihnen eine intensive Farbe und einen langen Halt zu geben, f\u00fcr einen Blick, der die Aufmerksamkeit auf sich zieht.<\/span>&nbsp;<\/li>\n<\/ul>\n<p><span style=\"font-weight: 400;\">Mit diesen Inhaltsstoffen erhalten Sie nicht nur eine wundersch\u00f6ne Farbe, sondern auch eine weiche, modulierbare Textur und ein langanhaltendes Make-up.  <\/span><\/p>\n<p>&nbsp;<\/p>\n<h2><span style=\"font-weight: 400;\">Wie trage ich MOODSTRUCK Lidschatten f\u00fcr einen perfekten Augenaufschlag auf?<\/span><\/h2>\n<ol>\n<li style=\"font-weight: 400;\" aria-level=\"1\"><b>Bereiten Sie<\/b><span style=\"font-weight: 400;\"> Ihre Augenlider mit MOODSTRUCK Augenbase.<\/span>&nbsp;<\/li>\n<li style=\"font-weight: 400;\" aria-level=\"1\"><b>Tragen Sie  auf.<\/b><span style=\"font-weight: 400;\"> die Farbe Ihrer Wahl auf die Augenlider und den Augenbrauenbogen mit Ihrem Lieblings-Pinsel von Younique.<\/span>&nbsp;<\/li>\n<li style=\"font-weight: 400;\" aria-level=\"1\"><b>Verblenden<\/b><span style=\"font-weight: 400;\"> und mischen Sie die Farbt\u00f6ne f\u00fcr einen nat\u00fcrlichen oder gewagten Look, je nach Tageslaune.<\/span>&nbsp;<\/li>\n<li style=\"font-weight: 400;\" aria-level=\"1\"><b>Intensivieren Sie<\/b><span style=\"font-weight: 400;\"> Mit einer dunklen Farbe im \u00e4u\u00dferen Augenwinkel erhalten Sie einen tiefen Effekt.<\/span>&nbsp;<\/li>\n<\/ol>\n<h2><span style=\"font-weight: 400;\">Warum sollten Sie diese MOODSTRUCK Nachf\u00fcllpackung w\u00e4hlen?<\/span><\/h2>\n<p><span style=\"font-weight: 400;\">Sie vereint alles, was man sich von einem Sch\u00f6nheitsprodukt w\u00fcnscht: <\/span><b>Qualit\u00e4t<\/b><span style=\"font-weight: 400;\">, <\/span><b>Leistung<\/b><span style=\"font-weight: 400;\"> und <\/span><b>Personalisierung<\/b><span style=\"font-weight: 400;\">. Diese Nachf\u00fcllpackung ist einfach in der Anwendung und ein echtes Must-have f\u00fcr ein schnelles Make-up, das den ganzen Tag h\u00e4lt. Und dank der talkumfreien Formel und der hochwertigen Inhaltsstoffe k\u00f6nnen Sie sich auf Ihr Make-up verlassen. Begleiten Sie mich und f\u00fcgen Sie diese MOODSTRUCK Nachf\u00fcllpackung Ihrem Beauty-Kit hinzu, um bei jeder Anwendung wundersch\u00f6ne Augen zu haben!    <\/span><\/p>\n<h4><span style=\"font-weight: 400;\">Bestellen Sie Ihren MOODSTRUCK Compact Eye Shadow Refill jetzt und gestalten Sie Ihren Blick mit einer intensiven Farbe, die den ganzen Tag h\u00e4lt!<\/span><\/h4>\n<p>&nbsp;<\/p>\n<h2><span style=\"font-weight: 400;\">FAQ : Alles \u00fcber Ihre MOODSTRUCK Kompakt-Lidschatten-Nachf\u00fcllpackung<\/span><\/h2>\n<ol>\n<li style=\"font-weight: 400;\" aria-level=\"1\"><b>Ist dieser Schatten f\u00fcr empfindliche Haut geeignet?<\/b><b><br \/>\n<\/b><span style=\"font-weight: 400;\"> Ja, er ist talkumfrei und enth\u00e4lt milde Inhaltsstoffe wie <\/span><b>Caprylyl Glycol<\/b><span style=\"font-weight: 400;\"> Sie sind f\u00fcr alle Hauttypen geeignet, auch f\u00fcr die empfindlichsten.<\/span><\/li>\n<\/ol>\n<p>&nbsp;<\/p>\n<ol>\n<li style=\"font-weight: 400;\" aria-level=\"1\"><b>Kann ich mehrere Farbt\u00f6ne dieser Nachf\u00fcllpackung mischen?<\/b><b><br \/>\n<\/b><span style=\"font-weight: 400;\">  Ja, diese Schatten lassen sich leicht mischen, und ihre modulierbare Textur erm\u00f6glicht es Ihnen, subtile oder gewagte Effekte zu kreieren, je nach Ihrem Look.<\/span>&nbsp;<\/li>\n<li style=\"font-weight: 400;\" aria-level=\"1\"><b>Wie reinige ich meinen Pinsel nach der Verwendung dieses Schattens?<\/b><b><br \/>\n<\/b><span style=\"font-weight: 400;\">  Um eine optimale Anwendung zu gew\u00e4hrleisten, denken Sie daran, Ihren Pinsel regelm\u00e4\u00dfig mit einer milden Seife oder einem speziellen Pinselreiniger zu reinigen.<\/span>&nbsp;<\/li>\n<li style=\"font-weight: 400;\" aria-level=\"1\"><b>Kann man sie f\u00fcr ein Abend-Make-up verwenden?<\/b><b><br \/>\n<\/b><span style=\"font-weight: 400;\"> Absolut, diese Farben eignen sich f\u00fcr alle Stilrichtungen, vom <\/span><b>nat\u00fcrliches Tages-Make-up<\/b><span style=\"font-weight: 400;\"> bis hin zu <\/span><b>intensiven Smoky Eyes.<\/b><span style=\"font-weight: 400;\"> f\u00fcr den Abend.<\/span><span style=\"font-weight: 400;\"><br \/>\n<\/span><\/li>\n<\/ol>\n","protected":false},"excerpt":{"rendered":"<p><span style=\"font-weight: 400;\">Wissen Sie, was manchmal in Ihrem Beauty-Kit fehlt? Ein Lidschatten, der den ganzen Tag h\u00e4lt, einfach aufzutragen ist und eine auffallende Pigmentierung hat! Die    <\/span><b>MOODSTRUCK Compact Eye Shadow Refill.<\/b><span style=\"font-weight: 400;\"> ist da, um Ihnen das Leben zu erleichtern und Ihre Augen im Handumdrehen zu versch\u00f6nern. <\/span> <\/p>\n","protected":false},"featured_media":11786,"comment_status":"open","ping_status":"closed","template":"","meta":{"_seopress_robots_primary_cat":"none","_seopress_titles_title":"","_seopress_titles_desc":"","_seopress_robots_index":"","site-sidebar-layout":"default","site-content-layout":"","ast-site-content-layout":"default","site-content-style":"default","site-sidebar-style":"default","ast-global-header-display":"","ast-banner-title-visibility":"","ast-main-header-display":"","ast-hfb-above-header-display":"","ast-hfb-below-header-display":"","ast-hfb-mobile-header-display":"","site-post-title":"","ast-breadcrumbs-content":"","ast-featured-img":"","footer-sml-layout":"","ast-disable-related-posts":"","theme-transparent-header-meta":"default","adv-header-id-meta":"","stick-header-meta":"","header-above-stick-meta":"","header-main-stick-meta":"","header-below-stick-meta":"","astra-migrate-meta-layouts":"default","ast-page-background-enabled":"default","ast-page-background-meta":{"desktop":{"background-color":"var(--ast-global-color-4)","background-image":"","background-repeat":"repeat","background-position":"center center","background-size":"auto","background-attachment":"scroll","background-type":"","background-media":"","overlay-type":"","overlay-color":"","overlay-opacity":"","overlay-gradient":""},"tablet":{"background-color":"","background-image":"","background-repeat":"repeat","background-position":"center center","background-size":"auto","background-attachment":"scroll","background-type":"","background-media":"","overlay-type":"","overlay-color":"","overlay-opacity":"","overlay-gradient":""},"mobile":{"background-color":"","background-image":"","background-repeat":"repeat","background-position":"center center","background-size":"auto","background-attachment":"scroll","background-type":"","background-media":"","overlay-type":"","overlay-color":"","overlay-opacity":"","overlay-gradient":""}},"ast-content-background-meta":{"desktop":{"background-color":"var(--ast-global-color-5)","background-image":"","background-repeat":"repeat","background-position":"center center","background-size":"auto","background-attachment":"scroll","background-type":"","background-media":"","overlay-type":"","overlay-color":"","overlay-opacity":"","overlay-gradient":""},"tablet":{"background-color":"var(--ast-global-color-5)","background-image":"","background-repeat":"repeat","background-position":"center center","background-size":"auto","background-attachment":"scroll","background-type":"","background-media":"","overlay-type":"","overlay-color":"","overlay-opacity":"","overlay-gradient":""},"mobile":{"background-color":"var(--ast-global-color-5)","background-image":"","background-repeat":"repeat","background-position":"center center","background-size":"auto","background-attachment":"scroll","background-type":"","background-media":"","overlay-type":"","overlay-color":"","overlay-opacity":"","overlay-gradient":""}}},"product_brand":[],"product_cat":[92],"product_tag":[],"class_list":{"0":"post-11776","1":"product","2":"type-product","3":"status-publish","4":"has-post-thumbnail","6":"product_cat-augen","7":"desktop-align-left","8":"tablet-align-left","9":"mobile-align-left","11":"first","12":"instock","13":"sale","14":"shipping-taxable","15":"product-type-external"},"_links":{"self":[{"href":"https:\/\/youniquebyemilie.com\/de\/wp-json\/wp\/v2\/product\/11776","targetHints":{"allow":["GET"]}}],"collection":[{"href":"https:\/\/youniquebyemilie.com\/de\/wp-json\/wp\/v2\/product"}],"about":[{"href":"https:\/\/youniquebyemilie.com\/de\/wp-json\/wp\/v2\/types\/product"}],"replies":[{"embeddable":true,"href":"https:\/\/youniquebyemilie.com\/de\/wp-json\/wp\/v2\/comments?post=11776"}],"wp:featuredmedia":[{"embeddable":true,"href":"https:\/\/youniquebyemilie.com\/de\/wp-json\/wp\/v2\/media\/11786"}],"wp:attachment":[{"href":"https:\/\/youniquebyemilie.com\/de\/wp-json\/wp\/v2\/media?parent=11776"}],"wp:term":[{"taxonomy":"product_brand","embeddable":true,"href":"https:\/\/youniquebyemilie.com\/de\/wp-json\/wp\/v2\/product_brand?post=11776"},{"taxonomy":"product_cat","embeddable":true,"href":"https:\/\/youniquebyemilie.com\/de\/wp-json\/wp\/v2\/product_cat?post=11776"},{"taxonomy":"product_tag","embeddable":true,"href":"https:\/\/youniquebyemilie.com\/de\/wp-json\/wp\/v2\/product_tag?post=11776"}],"curies":[{"name":"wp","href":"https:\/\/api.w.org\/{rel}","templated":true}]}}