{"id":11803,"date":"2025-07-24T20:16:09","date_gmt":"2025-07-24T18:16:09","guid":{"rendered":"https:\/\/youniquebyemilie.com\/produit\/schoenheitsoel-you-ology-uplift\/"},"modified":"2025-07-24T20:16:09","modified_gmt":"2025-07-24T18:16:09","slug":"schoenheitsoel-you-ology-uplift","status":"publish","type":"product","link":"https:\/\/youniquebyemilie.com\/de\/produit\/schoenheitsoel-you-ology-uplift\/","title":{"rendered":"Sch\u00f6nheits\u00f6l YOU-OLOGY UPLIFT"},"content":{"rendered":"<p><span style=\"font-weight: 400;\">Ich erinnere mich an eine Zeit, in der ich mit meiner Haut k\u00e4mpfte und sie immer ein wenig fahl oder m\u00fcde fand. Ich war auf der Suche nach einem einfachen Produkt, das meiner Haut den Glanz verleihen w\u00fcrde, den sie nach meinen Schwangerschaften verloren hatte. Und dann entdeckte ich    <\/span><b>YOU-OLOGY UPLIFT Sch\u00f6nheits\u00f6l.<\/b><span style=\"font-weight: 400;\">  Seitdem frage ich mich, wie ich jemals ohne sie auskommen konnte!<\/span><\/p>\n<p><span style=\"font-weight: 400;\">Es ist nicht nur ein \u00d6l, sondern eine echte revitalisierende Pflege. Sobald ich das \u00d6l auftrage, wird meine Haut sofort   <\/span><b>weicher und heller.<\/b><span style=\"font-weight: 400;\">  Sie zieht superschnell ein, ohne einen Fettfilm zu hinterlassen. Was mir gef\u00e4llt, ist die   <\/span><b>ein Gef\u00fchl von Komfort und Frische  <\/b><span style=\"font-weight: 400;\">die ich den ganzen Tag \u00fcber habe. Und nat\u00fcrlich bin ich von der Formel \u00fcberzeugt:   <\/span><b>CoQ10, Squalan<\/b><span style=\"font-weight: 400;\">und <\/span><b>Iriszellenextrakt<\/b><span style=\"font-weight: 400;\">. Eine Kombination, die Wunder wirkt!<\/span><\/p>\n<h2><span style=\"font-weight: 400;\">Warum Sie es lieben werden :<\/span><\/h2>\n<ul>\n<li style=\"font-weight: 400;\" aria-level=\"1\"><b>Sofortige Straffung :<\/b><span style=\"font-weight: 400;\"> Ihre Haut wird schon nach den ersten Anwendungen sichtbar fester und glatter.<\/span>&nbsp;<\/li>\n<li style=\"font-weight: 400;\" aria-level=\"1\"><b>Intensive Feuchtigkeitsversorgung :<\/b><span style=\"font-weight: 400;\">  Die Feuchtigkeitsversorgung ist langanhaltend und ohne fettiges Gef\u00fchl. Sie werden sofort ein angenehmes Gef\u00fchl haben, das den ganzen Tag anh\u00e4lt. <\/span>&nbsp;<\/li>\n<li style=\"font-weight: 400;\" aria-level=\"1\"><b>Nat\u00fcrlicher Glanz :<\/b><span style=\"font-weight: 400;\">  Ihre Haut wird strahlender, mit einem ebenm\u00e4\u00dfigeren Teint. Es ist perfekt, um eine strahlende, nat\u00fcrliche Ausstrahlung ohne Schnickschnack zu erhalten. <\/span>&nbsp;<\/li>\n<li style=\"font-weight: 400;\" aria-level=\"1\"><b>Respekt f\u00fcr Ihre Haut und den Planeten:<\/b><span style=\"font-weight: 400;\">  Keine Grausamkeiten, keine Parabene und die Verpackung ist umweltfreundlich. Nur gute Inhaltsstoffe f\u00fcr Sie und den Planeten! <\/span><\/li>\n<\/ul>\n<p>&nbsp;<\/p>\n<h2><span style=\"font-weight: 400;\">Die entscheidenden Zutaten, die alles ver\u00e4ndern :<\/span><\/h2>\n<ul>\n<li style=\"font-weight: 400;\" aria-level=\"1\"><b>Zellenextrakt aus den Bl\u00e4ttern der Iris Pallida:<\/b><span style=\"font-weight: 400;\"> Gibt Ihrer Haut ihre nat\u00fcrliche Ausstrahlung zur\u00fcck, indem es die Hautstruktur revitalisiert und gl\u00e4ttet.<\/span>&nbsp;<\/li>\n<li style=\"font-weight: 400;\" aria-level=\"1\"><b>Squalane:<\/b><span style=\"font-weight: 400;\"> Spendet tiefgehende Feuchtigkeit und verbessert die Geschmeidigkeit und Elastizit\u00e4t Ihrer Haut.<\/span>&nbsp;<\/li>\n<li style=\"font-weight: 400;\" aria-level=\"1\"><b>CoQ10 (Ubiquinon) :<\/b><span style=\"font-weight: 400;\"> Ein starkes Antioxidans, das die Regeneration Ihrer Haut unterst\u00fctzt und ihr einen Boost verleiht.<\/span>&nbsp;<\/li>\n<li style=\"font-weight: 400;\" aria-level=\"1\"><b>Vitamin E :<\/b><span style=\"font-weight: 400;\"> Sch\u00fctzt vor freien Radikalen und revitalisiert Ihre Haut f\u00fcr einen strahlenderen Teint.<\/span>&nbsp;<\/li>\n<\/ul>\n<p>&nbsp;<\/p>\n<h2><span style=\"font-weight: 400;\">Wie Sie ihn einfach nutzen k\u00f6nnen :<\/span><\/h2>\n<ol>\n<li style=\"font-weight: 400;\" aria-level=\"1\"><b>Bereiten Sie Ihre Haut vor:<\/b><span style=\"font-weight: 400;\"> Nach Ihrer Reinigung nehmen Sie eine kleine Menge \u00d6l mit dem Tropfer.<\/span>&nbsp;<\/li>\n<li style=\"font-weight: 400;\" aria-level=\"1\"><b>Anwendung:<\/b><span style=\"font-weight: 400;\"> Massieren Sie die Creme mit kreisenden Bewegungen sanft in Ihr Gesicht und Ihren Hals ein.<\/span>&nbsp;<\/li>\n<li style=\"font-weight: 400;\" aria-level=\"1\"><b>Setzen Sie Ihre Routine fort:<\/b><span style=\"font-weight: 400;\"> Verwenden Sie weiterhin Ihr Serum oder Ihre Creme, um die Feuchtigkeitsversorgung zu versiegeln.<\/span>&nbsp;<\/li>\n<\/ol>\n<p><span style=\"font-weight: 400;\">Lassen Sie sich diese Chance nicht entgehen! Legen Sie das \u00d6l in Ihren Warenkorb und genie\u00dfen Sie noch heute einen strahlenden Teint! Ein  <\/span> <b> nat\u00fcrlichen Glanz<\/b><span style=\"font-weight: 400;\"> und eine <\/span><b>weiche Haut<\/b><span style=\"font-weight: 400;\">Das ist es, was Sie t\u00e4glich bekommen werden!<\/span><\/p>\n<p>&nbsp;<\/p>\n<h2><span style=\"font-weight: 400;\">FAQ : Sch\u00f6nheits\u00f6l YOU-OLOGY UPLIFT<\/span><\/h2>\n<ol>\n<li style=\"font-weight: 400;\" aria-level=\"1\"><b>Ist dieses \u00d6l f\u00fcr meine Haut geeignet, wenn sie zu Unreinheiten neigt?<\/b><b><br \/>\n<\/b><span style=\"font-weight: 400;\">  Ja, sie ist sogar f\u00fcr Haut geeignet, die zu Unreinheiten neigt. Sie n\u00e4hrt, ohne die Poren zu verstopfen und hilft, die Haut auszugleichen. <\/span>&nbsp;<\/li>\n<li style=\"font-weight: 400;\" aria-level=\"1\"><b>Kann ich es auf meinem K\u00f6rper verwenden?<\/b><b><br \/>\n<\/b><span style=\"font-weight: 400;\">  Ja, sie ist auch ideal f\u00fcr trockene K\u00f6rperstellen wie Ellenbogen oder Knie, um diese tiefgreifend zu n\u00e4hren und mit Feuchtigkeit zu versorgen.<\/span>&nbsp;<\/li>\n<li style=\"font-weight: 400;\" aria-level=\"1\"><b>Kann ich es im Sommer verwenden?<\/b><b><br \/>\n<\/b><span style=\"font-weight: 400;\">  Nat\u00fcrlich ist es das! Dieses leichte, feuchtigkeitsspendende \u00d6l ist perfekt f\u00fcr hei\u00dfe Tage. Es hinterl\u00e4sst ein Gef\u00fchl von Frische und langanhaltender Feuchtigkeit, ohne die Haut zu fetten.  <\/span>&nbsp;<\/li>\n<li style=\"font-weight: 400;\" aria-level=\"1\"><b>Kann ich dieses \u00d6l unter meinem Make-up verwenden?<\/b><b><br \/>\n<\/b><span style=\"font-weight: 400;\">  Ja, es ist eine ausgezeichnete Feuchtigkeitsgrundlage. Das \u00d6l bereitet die Haut auf ein glatteres und haltbareres Auftragen von Make-up vor. <\/span>&nbsp;<\/li>\n<li style=\"font-weight: 400;\" aria-level=\"1\"><b>Wie lange h\u00e4lt eine Flasche?<\/b><b><br \/>\n<\/b> <span style=\"font-weight: 400;\"> Eine Flasche mit <\/span><b>30 ml<\/b><span style=\"font-weight: 400;\"> reicht f\u00fcr etwa <\/span><b>2 bis 3 Monate<\/b><span style=\"font-weight: 400;\">  bei t\u00e4glicher Anwendung. Eine kleine Menge reicht f\u00fcr jede Anwendung! <\/span>&nbsp;<\/li>\n<li style=\"font-weight: 400;\" aria-level=\"1\"><b>Kann ich es verwenden, wenn ich empfindliche Haut habe?<\/b><b><br \/>\n<\/b><span style=\"font-weight: 400;\">  Ja, das \u00d6l ist mild formuliert und f\u00fcr empfindliche Haut geeignet. Es ist dermatologisch getestet und enth\u00e4lt keine reizenden Substanzen. <\/span>&nbsp;<\/li>\n<li style=\"font-weight: 400;\" aria-level=\"1\"><b>Was sind die Hauptunterschiede zwischen diesem \u00d6l und anderen \u00d6len auf dem Markt?<\/b><b><br \/>\n<\/b><span style=\"font-weight: 400;\">  Die einzigartige Formel mit Inhaltsstoffen wie Iris Pallida, CoQ10 und Squalan spendet Feuchtigkeit, n\u00e4hrt und revitalisiert Ihre Haut auf effektivere Weise und verleiht ihr eine nat\u00fcrliche Ausstrahlung und sofortiges Wohlbefinden.<\/span>&nbsp;<\/li>\n<li style=\"font-weight: 400;\" aria-level=\"1\"><b>Ist sie f\u00fcr reife Haut geeignet?<\/b><b><br \/>\n<\/b><span style=\"font-weight: 400;\">  Ja, dieses \u00d6l ist aufgrund seiner Anti-Aging-, straffenden und revitalisierenden Eigenschaften ideal f\u00fcr reife Haut. Es hilft, das Erscheinungsbild von Falten zu reduzieren und die Elastizit\u00e4t der Haut wiederherzustellen. <\/span><\/li>\n<\/ol>\n<p>&nbsp;<\/p>\n<p><span style=\"font-weight: 400;\">F\u00fcgen Sie  hinzu.<\/span><b> YOU-OLOGY UPLIFT Sch\u00f6nheits\u00f6l hinzu.<\/b><span style=\"font-weight: 400;\"> in Ihren Warenkorb und lassen Sie Ihre Haut jeden Tag jung und strahlend aussehen!<\/span><\/p>\n<p>&nbsp;<\/p>\n","protected":false},"excerpt":{"rendered":"<p><span style=\"font-weight: 400;\">Ich erinnere mich an eine Zeit, in der ich mit meiner Haut k\u00e4mpfte und sie immer ein wenig fahl oder m\u00fcde fand. Ich war auf der Suche nach einem einfachen Produkt, das meiner Haut den Glanz verleihen w\u00fcrde, den sie nach meinen Schwangerschaften verloren hatte. Und dann entdeckte ich    <\/span><b>YOU-OLOGY UPLIFT Sch\u00f6nheits\u00f6l.<\/b><span style=\"font-weight: 400;\">  Seitdem frage ich mich, wie ich jemals ohne sie auskommen konnte!<\/span><\/p>\n<p><span style=\"font-weight: 400;\">Es ist nicht nur ein \u00d6l, sondern eine echte revitalisierende Pflege. Sobald ich es aufgetragen habe, wird meine Haut sofort   <\/span><b>weicher und heller.<\/b><span style=\"font-weight: 400;\">  Sie zieht superschnell ein, ohne einen Fettfilm zu hinterlassen. Was mir gef\u00e4llt, ist die   <\/span><b>ein Gef\u00fchl von Komfort und Frische  <\/b><span style=\"font-weight: 400;\">die ich den ganzen Tag \u00fcber habe. Und nat\u00fcrlich bin ich von der Formel \u00fcberzeugt:   <\/span><b>CoQ10, Squalan<\/b><span style=\"font-weight: 400;\">und <\/span><b>Iriszellenextrakt<\/b><span style=\"font-weight: 400;\">. Eine Kombination, die Wunder wirkt!<\/span><\/p>\n","protected":false},"featured_media":11807,"comment_status":"open","ping_status":"closed","template":"","meta":{"_seopress_robots_primary_cat":"none","_seopress_titles_title":"","_seopress_titles_desc":"","_seopress_robots_index":"","site-sidebar-layout":"default","site-content-layout":"","ast-site-content-layout":"default","site-content-style":"default","site-sidebar-style":"default","ast-global-header-display":"","ast-banner-title-visibility":"","ast-main-header-display":"","ast-hfb-above-header-display":"","ast-hfb-below-header-display":"","ast-hfb-mobile-header-display":"","site-post-title":"","ast-breadcrumbs-content":"","ast-featured-img":"","footer-sml-layout":"","ast-disable-related-posts":"","theme-transparent-header-meta":"default","adv-header-id-meta":"","stick-header-meta":"","header-above-stick-meta":"","header-main-stick-meta":"","header-below-stick-meta":"","astra-migrate-meta-layouts":"default","ast-page-background-enabled":"default","ast-page-background-meta":{"desktop":{"background-color":"var(--ast-global-color-4)","background-image":"","background-repeat":"repeat","background-position":"center center","background-size":"auto","background-attachment":"scroll","background-type":"","background-media":"","overlay-type":"","overlay-color":"","overlay-opacity":"","overlay-gradient":""},"tablet":{"background-color":"","background-image":"","background-repeat":"repeat","background-position":"center center","background-size":"auto","background-attachment":"scroll","background-type":"","background-media":"","overlay-type":"","overlay-color":"","overlay-opacity":"","overlay-gradient":""},"mobile":{"background-color":"","background-image":"","background-repeat":"repeat","background-position":"center center","background-size":"auto","background-attachment":"scroll","background-type":"","background-media":"","overlay-type":"","overlay-color":"","overlay-opacity":"","overlay-gradient":""}},"ast-content-background-meta":{"desktop":{"background-color":"var(--ast-global-color-5)","background-image":"","background-repeat":"repeat","background-position":"center center","background-size":"auto","background-attachment":"scroll","background-type":"","background-media":"","overlay-type":"","overlay-color":"","overlay-opacity":"","overlay-gradient":""},"tablet":{"background-color":"var(--ast-global-color-5)","background-image":"","background-repeat":"repeat","background-position":"center center","background-size":"auto","background-attachment":"scroll","background-type":"","background-media":"","overlay-type":"","overlay-color":"","overlay-opacity":"","overlay-gradient":""},"mobile":{"background-color":"var(--ast-global-color-5)","background-image":"","background-repeat":"repeat","background-position":"center center","background-size":"auto","background-attachment":"scroll","background-type":"","background-media":"","overlay-type":"","overlay-color":"","overlay-opacity":"","overlay-gradient":""}}},"product_brand":[],"product_cat":[110],"product_tag":[],"class_list":{"0":"post-11803","1":"product","2":"type-product","3":"status-publish","4":"has-post-thumbnail","6":"product_cat-haut","7":"desktop-align-left","8":"tablet-align-left","9":"mobile-align-left","11":"first","12":"instock","13":"sale","14":"shipping-taxable","15":"product-type-external"},"_links":{"self":[{"href":"https:\/\/youniquebyemilie.com\/de\/wp-json\/wp\/v2\/product\/11803","targetHints":{"allow":["GET"]}}],"collection":[{"href":"https:\/\/youniquebyemilie.com\/de\/wp-json\/wp\/v2\/product"}],"about":[{"href":"https:\/\/youniquebyemilie.com\/de\/wp-json\/wp\/v2\/types\/product"}],"replies":[{"embeddable":true,"href":"https:\/\/youniquebyemilie.com\/de\/wp-json\/wp\/v2\/comments?post=11803"}],"wp:featuredmedia":[{"embeddable":true,"href":"https:\/\/youniquebyemilie.com\/de\/wp-json\/wp\/v2\/media\/11807"}],"wp:attachment":[{"href":"https:\/\/youniquebyemilie.com\/de\/wp-json\/wp\/v2\/media?parent=11803"}],"wp:term":[{"taxonomy":"product_brand","embeddable":true,"href":"https:\/\/youniquebyemilie.com\/de\/wp-json\/wp\/v2\/product_brand?post=11803"},{"taxonomy":"product_cat","embeddable":true,"href":"https:\/\/youniquebyemilie.com\/de\/wp-json\/wp\/v2\/product_cat?post=11803"},{"taxonomy":"product_tag","embeddable":true,"href":"https:\/\/youniquebyemilie.com\/de\/wp-json\/wp\/v2\/product_tag?post=11803"}],"curies":[{"name":"wp","href":"https:\/\/api.w.org\/{rel}","templated":true}]}}