{"id":11828,"date":"2025-07-24T17:05:25","date_gmt":"2025-07-24T15:05:25","guid":{"rendered":"https:\/\/youniquebyemilie.com\/produit\/moodstruck-addiction-lidschatten-palette\/"},"modified":"2025-07-24T17:05:25","modified_gmt":"2025-07-24T15:05:25","slug":"moodstruck-addiction-lidschatten-palette","status":"publish","type":"product","link":"https:\/\/youniquebyemilie.com\/de\/produit\/moodstruck-addiction-lidschatten-palette\/","title":{"rendered":"MOODSTRUCK ADDICTION Lidschatten-Palette"},"content":{"rendered":"<p><span style=\"font-weight: 400;\">Ich hatte fr\u00fcher immer Schwierigkeiten, die richtige Palette f\u00fcr mich zu finden. Zu oft haben mich die Farben nicht angesprochen oder sie sind im Laufe des Tages verblasst. Dann habe ich die Palette entdeckt    <\/span><b>MOODSTRUCK ADDICTION<\/b><span style=\"font-weight: 400;\">Und es war eine Offenbarung!<\/span><\/p>\n<p><span style=\"font-weight: 400;\">Was mir besonders gef\u00e4llt, ist diese <\/span><b>\u00fcberlegte Auswahl an Farbt\u00f6nen<\/b><span style=\"font-weight: 400;\">  Die Palette reicht von sanften Mattierungen \u00fcber lichtabsorbierende Satinierungen bis hin zu Perlmuttfarben, die einen echten &#8222;Wow&#8220;-Effekt erzeugen. Alles ist so konzipiert, dass Sie ein dezentes Make-up f\u00fcr die Arbeit oder einen gewagten Look zum Ausgehen kreieren k\u00f6nnen. Was ist das Plus? Das Outfit. Ehrlich gesagt, es bewegt sich nicht. Es muss nicht alle zwei Stunden nachgebessert werden, sondern bleibt von morgens bis abends makellos. Und das ist eine wahre Freude, wenn Sie herumlaufen!      <\/span><\/p>\n<h2><span style=\"font-weight: 400;\">Was Sie mit dieser Palette wirklich verdienen<\/span><\/h2>\n<ul>\n<li style=\"font-weight: 400;\" aria-level=\"1\"><span style=\"font-weight: 400;\">Eine <\/span><b>Eine vollst\u00e4ndige Palette von 9 aufeinander abgestimmten Farben<\/b><span style=\"font-weight: 400;\"> Die Farben sind perfekt aufeinander abgestimmt, so dass Sie nicht lange nach den passenden Farben suchen m\u00fcssen.<\/span>&nbsp;<\/li>\n<li style=\"font-weight: 400;\" aria-level=\"1\"><span style=\"font-weight: 400;\">Weitere Informationen finden Sie unter <\/span><b>Verschiedene Oberfl\u00e4chenbehandlungen<\/b><span style=\"font-weight: 400;\"> die es Ihnen erm\u00f6glichen, mit den Texturen zu spielen, ohne dass Sie sich das Leben schwer machen m\u00fcssen.<\/span>&nbsp;<\/li>\n<li style=\"font-weight: 400;\" aria-level=\"1\"><span style=\"font-weight: 400;\">Eine <\/span><b>Eine widerstandsf\u00e4hige Formel<\/b><span style=\"font-weight: 400;\"> die nicht verl\u00e4uft, nicht verschmiert und ihre intensiven Pigmente lange beh\u00e4lt.<\/span>&nbsp;<\/li>\n<li style=\"font-weight: 400;\" aria-level=\"1\"><span style=\"font-weight: 400;\">Eine <\/span><b>Angenehme Textur<\/b><span style=\"font-weight: 400;\"> zum Auftragen, leicht zu verblenden, auch wenn Sie es eilig haben.<\/span>&nbsp;<\/li>\n<li style=\"font-weight: 400;\" aria-level=\"1\"><span style=\"font-weight: 400;\">Ein kompaktes Format, superpraktisch f\u00fcr Ihre Handtasche f\u00fcr schnelle \u00c4nderungen.<\/span>&nbsp;<\/li>\n<\/ul>\n<h2><span style=\"font-weight: 400;\">Wie k\u00f6nnen Sie es im Alltag nutzen?<\/span><\/h2>\n<ol>\n<li style=\"font-weight: 400;\" aria-level=\"1\"><span style=\"font-weight: 400;\">Bereiten Sie Ihre Augenlider mit einer Grundierung vor, damit die Farbe perfekt haftet und den ganzen Tag h\u00e4lt.<\/span>&nbsp;<\/li>\n<li style=\"font-weight: 400;\" aria-level=\"1\"><span style=\"font-weight: 400;\">Tragen Sie eine helle Farbe auf Ihr gesamtes Augenlid auf, um den Teint zu vereinheitlichen.<\/span>&nbsp;<\/li>\n<li style=\"font-weight: 400;\" aria-level=\"1\"><span style=\"font-weight: 400;\">F\u00fcgen Sie eine mittlere Farbe in die Lidfalte ein, um Ihren Blick zu strukturieren und zu betonen.<\/span>&nbsp;<\/li>\n<li style=\"font-weight: 400;\" aria-level=\"1\"><span style=\"font-weight: 400;\">Schlie\u00dfen Sie mit einem dunklen Farbton am \u00e4u\u00dferen Augenwinkel ab, um die Farbe zu intensivieren und eine nat\u00fcrliche Tiefe zu erzeugen.<\/span><\/li>\n<\/ol>\n<h2><span style=\"font-weight: 400;\">Inhaltsstoffe, die Ihre Augen t\u00e4glich pflegen<\/span><\/h2>\n<p><span style=\"font-weight: 400;\">Die Haut um die Augen ist empfindlich, und deshalb enth\u00e4lt die MOODSTRUCK BELOVED Palette speziell ausgew\u00e4hlte Inhaltsstoffe, die sanft sind.<\/span><\/p>\n<ul>\n<li style=\"font-weight: 400;\" aria-level=\"1\"><b>Fein gemahlene Pigmente<\/b><span style=\"font-weight: 400;\"> F\u00fcr eine ultra-intensive Farbe, die den ganzen Tag h\u00e4lt, ohne zu br\u00f6ckeln oder zu verblassen.<\/span>&nbsp;<\/li>\n<li style=\"font-weight: 400;\" aria-level=\"1\"><b>Isopropylmyristat und Dimethicone.<\/b><span style=\"font-weight: 400;\"> : Bieten eine weiche, cremige Textur, die perfekt \u00fcber Ihr Augenlid gleitet und das Auftragen und Verblenden erleichtert.<\/span>&nbsp;<\/li>\n<li style=\"font-weight: 400;\" aria-level=\"1\"><b>Polymethylsilsesquioxan-Technologie<\/b><span style=\"font-weight: 400;\"> Die Farbe wird dauerhaft fixiert, auch an hektischen Tagen oder bei Feuchtigkeit.<\/span>&nbsp;<\/li>\n<li style=\"font-weight: 400;\" aria-level=\"1\"><b>Nat\u00fcrliche Mineralien wie Wismutoxychlorid.<\/b><span style=\"font-weight: 400;\"> Bromid: f\u00fcr einen subtilen Glanz und eine Leuchtkraft, die jeden Blick betonen.<\/span>&nbsp;<\/li>\n<\/ul>\n<p><span style=\"font-weight: 400;\">Diese Inhaltsstoffe arbeiten synergetisch zusammen, um Ihre Haut zu sch\u00fctzen und Ihr Make-up zu verbessern. Genie\u00dfen Sie einen vibrierenden, komfortablen und widerstandsf\u00e4higen Blick, Tag f\u00fcr Tag. Kommen Sie, tun Sie sich selbst einen Gefallen und bestellen Sie jetzt. Ihre Augen verdienen das Beste, und diese Palette wird Sie den ganzen Tag \u00fcber begleiten!   <\/span><\/p>\n<h2><span style=\"font-weight: 400;\">FAQ : Alles \u00fcber Ihre MOODSTRUCK BELOVED Compact Eye Shadow Palette - Volume 3<\/span><\/h2>\n<ol>\n<li><b>  Ist die Palette f\u00fcr alle Hauttypen geeignet?<\/b><b><br \/>\n<\/b><span style=\"font-weight: 400;\">  Ja, seine sanfte, nicht reizende Formel ist sogar f\u00fcr empfindliche Haut geeignet, dank mineralischer Inhaltsstoffe und einer cremigen Textur, die die empfindliche Haut der Augenlider respektiert.<\/span><\/li>\n<li><b>  Ist die Palette wasser- und schwei\u00dfbest\u00e4ndig?<\/b><b><br \/>\n<\/b><span style=\"font-weight: 400;\">  Ja, dank der Polymethylsilsesquioxan-Technologie halten die Farben den ganzen Tag, ohne zu verblassen oder zu verlaufen, selbst bei hei\u00dfem oder feuchtem Wetter.<\/span><\/li>\n<li><b>  Wie kann ich die Anwendung f\u00fcr ein professionelles Ergebnis optimieren?<\/b><b><br \/>\n<\/b><span style=\"font-weight: 400;\">  Verwenden Sie die MOODSTRUCK Augenbasis, bevor Sie die Schatten auftragen. Tragen Sie sie mit einem sauberen Pinsel auf und verwischen Sie die R\u00e4nder f\u00fcr ein nat\u00fcrliches Finish. <\/span><\/li>\n<li><b>  Ist die Palette kompakt und bequem zu transportieren?<\/b><b><br \/>\n<\/b><span style=\"font-weight: 400;\">  Ja, sie ist so konzipiert, dass sie leicht und elegant ist, perfekt f\u00fcr Ihre Kosmetiktasche und ideal, um Ihr Make-up w\u00e4hrend des Tages zu korrigieren.<\/span><\/li>\n<li><b>  Welche Pflege bietet die Palette f\u00fcr die Haut um die Augen?<\/b><b><br \/>\n<\/b><span style=\"font-weight: 400;\">  Mit sanften Inhaltsstoffen wie Dimethicon und Isopropylmyristat respektiert die Palette die empfindliche Haut der Augenlider und versorgt sie mit Feuchtigkeit, so dass Sie den ganzen Tag \u00fcber ein angenehmes Make-up tragen k\u00f6nnen.<\/span><\/li>\n<\/ol>\n<p><span style=\"font-weight: 400;\">Warten Sie nicht l\u00e4nger und bestellen Sie Ihre MOODSTRUCK BELOVED Compact Eye Shadow Palette - Volume 3. Geben Sie sich die Freiheit, Looks zu kreieren, die Ihnen \u00e4hneln, mit satten Farben, langem Halt und einer weichen Textur.   <\/span><\/p>\n","protected":false},"excerpt":{"rendered":"<p><span style=\"font-weight: 400;\">Ich hatte fr\u00fcher immer Schwierigkeiten, die richtige Palette f\u00fcr mich zu finden. Zu oft haben mich die Farben nicht angesprochen oder sie sind im Laufe des Tages verblasst. Dann habe ich die Palette entdeckt    <\/span><b>MOODSTRUCK ADDICTION<\/b><span style=\"font-weight: 400;\">Und es war eine Offenbarung!<\/span><\/p>\n<p><span style=\"font-weight: 400;\">Was mir besonders gef\u00e4llt, ist diese <\/span><b>\u00fcberlegte Auswahl an Farbt\u00f6nen<\/b><span style=\"font-weight: 400;\">  Die Palette der Make-ups ist sehr breit gef\u00e4chert: sanfte Matte, Satin, die das Licht einfangen, und Perlmutt, das einen echten Wow-Effekt erzeugt. Alles ist so konzipiert, dass Sie ein dezentes Make-up f\u00fcr die Arbeit oder einen gewagten Look zum Ausgehen kreieren k\u00f6nnen. Was ist das Plus? Das Outfit. Ehrlich gesagt, es bewegt sich nicht. Es muss nicht alle zwei Stunden nachgebessert werden, sondern bleibt von morgens bis abends makellos. Und das ist eine wahre Freude, wenn Sie herumlaufen!      <\/span><\/p>\n","protected":false},"featured_media":11829,"comment_status":"open","ping_status":"closed","template":"","meta":{"_seopress_robots_primary_cat":"none","_seopress_titles_title":"","_seopress_titles_desc":"","_seopress_robots_index":"","site-sidebar-layout":"default","site-content-layout":"","ast-site-content-layout":"default","site-content-style":"default","site-sidebar-style":"default","ast-global-header-display":"","ast-banner-title-visibility":"","ast-main-header-display":"","ast-hfb-above-header-display":"","ast-hfb-below-header-display":"","ast-hfb-mobile-header-display":"","site-post-title":"","ast-breadcrumbs-content":"","ast-featured-img":"","footer-sml-layout":"","ast-disable-related-posts":"","theme-transparent-header-meta":"default","adv-header-id-meta":"","stick-header-meta":"","header-above-stick-meta":"","header-main-stick-meta":"","header-below-stick-meta":"","astra-migrate-meta-layouts":"default","ast-page-background-enabled":"default","ast-page-background-meta":{"desktop":{"background-color":"var(--ast-global-color-4)","background-image":"","background-repeat":"repeat","background-position":"center center","background-size":"auto","background-attachment":"scroll","background-type":"","background-media":"","overlay-type":"","overlay-color":"","overlay-opacity":"","overlay-gradient":""},"tablet":{"background-color":"","background-image":"","background-repeat":"repeat","background-position":"center center","background-size":"auto","background-attachment":"scroll","background-type":"","background-media":"","overlay-type":"","overlay-color":"","overlay-opacity":"","overlay-gradient":""},"mobile":{"background-color":"","background-image":"","background-repeat":"repeat","background-position":"center center","background-size":"auto","background-attachment":"scroll","background-type":"","background-media":"","overlay-type":"","overlay-color":"","overlay-opacity":"","overlay-gradient":""}},"ast-content-background-meta":{"desktop":{"background-color":"var(--ast-global-color-5)","background-image":"","background-repeat":"repeat","background-position":"center center","background-size":"auto","background-attachment":"scroll","background-type":"","background-media":"","overlay-type":"","overlay-color":"","overlay-opacity":"","overlay-gradient":""},"tablet":{"background-color":"var(--ast-global-color-5)","background-image":"","background-repeat":"repeat","background-position":"center center","background-size":"auto","background-attachment":"scroll","background-type":"","background-media":"","overlay-type":"","overlay-color":"","overlay-opacity":"","overlay-gradient":""},"mobile":{"background-color":"var(--ast-global-color-5)","background-image":"","background-repeat":"repeat","background-position":"center center","background-size":"auto","background-attachment":"scroll","background-type":"","background-media":"","overlay-type":"","overlay-color":"","overlay-opacity":"","overlay-gradient":""}}},"product_brand":[],"product_cat":[92],"product_tag":[],"class_list":{"0":"post-11828","1":"product","2":"type-product","3":"status-publish","4":"has-post-thumbnail","6":"product_cat-augen","7":"desktop-align-left","8":"tablet-align-left","9":"mobile-align-left","11":"first","12":"instock","13":"sale","14":"shipping-taxable","15":"product-type-external"},"_links":{"self":[{"href":"https:\/\/youniquebyemilie.com\/de\/wp-json\/wp\/v2\/product\/11828","targetHints":{"allow":["GET"]}}],"collection":[{"href":"https:\/\/youniquebyemilie.com\/de\/wp-json\/wp\/v2\/product"}],"about":[{"href":"https:\/\/youniquebyemilie.com\/de\/wp-json\/wp\/v2\/types\/product"}],"replies":[{"embeddable":true,"href":"https:\/\/youniquebyemilie.com\/de\/wp-json\/wp\/v2\/comments?post=11828"}],"wp:featuredmedia":[{"embeddable":true,"href":"https:\/\/youniquebyemilie.com\/de\/wp-json\/wp\/v2\/media\/11829"}],"wp:attachment":[{"href":"https:\/\/youniquebyemilie.com\/de\/wp-json\/wp\/v2\/media?parent=11828"}],"wp:term":[{"taxonomy":"product_brand","embeddable":true,"href":"https:\/\/youniquebyemilie.com\/de\/wp-json\/wp\/v2\/product_brand?post=11828"},{"taxonomy":"product_cat","embeddable":true,"href":"https:\/\/youniquebyemilie.com\/de\/wp-json\/wp\/v2\/product_cat?post=11828"},{"taxonomy":"product_tag","embeddable":true,"href":"https:\/\/youniquebyemilie.com\/de\/wp-json\/wp\/v2\/product_tag?post=11828"}],"curies":[{"name":"wp","href":"https:\/\/api.w.org\/{rel}","templated":true}]}}