{"id":11853,"date":"2025-07-24T20:02:47","date_gmt":"2025-07-24T18:02:47","guid":{"rendered":"https:\/\/youniquebyemilie.com\/produit\/fluessiger-make-up-entferner-you-ology\/"},"modified":"2025-07-24T20:02:47","modified_gmt":"2025-07-24T18:02:47","slug":"fluessiger-make-up-entferner-you-ology","status":"publish","type":"product","link":"https:\/\/youniquebyemilie.com\/de\/produit\/fluessiger-make-up-entferner-you-ology\/","title":{"rendered":"Fl\u00fcssiger Make-up-Entferner YOU OLOGY"},"content":{"rendered":"<p><span style=\"font-weight: 400;\">Ich habe mich lange Zeit in dieser Situation befunden, wissen Sie, diese Tage, an denen die M\u00fcdigkeit sich bemerkbar macht und wenn der Tag vorbei ist, wird der Gedanke an das Abschminken zu einer l\u00e4stigen Pflicht. Aber das war bevor ich entdeckte, dass <\/span><b>  der fl\u00fcssige Make-up-Entferner YOU-OLOGY<\/b><span style=\"font-weight: 400;\">. Ehrlich gesagt, er hat alles f\u00fcr mich ver\u00e4ndert. Er ist   <\/span><b>schnell und praktisch<\/b><span style=\"font-weight: 400;\">Ich bin sehr zufrieden mit dem Produkt und es hinterl\u00e4sst meine Haut sauber und frisch ohne fettige R\u00fcckst\u00e4nde.<\/span><\/p>\n<p><span style=\"font-weight: 400;\">Es entfernt selbst hartn\u00e4ckiges Make-up, ohne dass Sie reiben m\u00fcssen. Was ich besonders liebe? Er ist so praktisch!    <\/span><b>Keine Sp\u00fclung erforderlich<\/b><span style=\"font-weight: 400;\">Es l\u00e4sst meine Haut frisch aussehen und macht sie bereit f\u00fcr meine weitere Routine. Und mit seiner parf\u00fcmfreien Formel ist es selbst f\u00fcr die empfindlichste Haut perfekt. Das l\u00e4stige Abschminken geh\u00f6rt der Vergangenheit an, jetzt ist es ganz einfach.  <\/span><\/p>\n<h2><span style=\"font-weight: 400;\">Warum Sie es lieben werden :<\/span><\/h2>\n<ul>\n<li style=\"font-weight: 400;\" aria-level=\"1\"><b>Effektive Make-up-Entfernung ohne Nachsp\u00fclen<\/b><span style=\"font-weight: 400;\">  97% der Anwender berichteten \u00fcber eine saubere Haut ohne Fettfilm nach der Anwendung. Eine Haut, die perfekt von Unreinheiten und Make-up befreit ist. <\/span>&nbsp;<\/li>\n<li style=\"font-weight: 400;\" aria-level=\"1\"><b>Feuchtigkeit und Komfort<\/b><span style=\"font-weight: 400;\">  Der Make-up-Entferner reinigt die Haut sanft und schonend, ohne sie auszutrocknen. Er hinterl\u00e4sst eine weiche, mit Feuchtigkeit versorgte Haut ohne Spannungsgef\u00fchl. <\/span>&nbsp;<\/li>\n<li style=\"font-weight: 400;\" aria-level=\"1\"><b>Praktisch und schnell<\/b><span style=\"font-weight: 400;\">  Schluss mit dem langwierigen und m\u00fchsamen Abschminken. Dieses Produkt vereinfacht Ihre Routine und ist dabei sanft zu Ihrer Haut. <\/span>&nbsp;<\/li>\n<li style=\"font-weight: 400;\" aria-level=\"1\"><b>Respekt f\u00fcr Ihre Haut und den Planeten<\/b><span style=\"font-weight: 400;\"> Die Formel ist frei von Grausamkeiten, Parf\u00fcm und umweltfreundlicher Verpackung.<\/span>&nbsp;<\/li>\n<\/ul>\n<h2><span style=\"font-weight: 400;\">Die Inhaltsstoffe, die diesen Make-up-Entferner einzigartig machen :<\/span><\/h2>\n<ul>\n<li style=\"font-weight: 400;\" aria-level=\"1\"><b>Mizellares Tensid<\/b><span style=\"font-weight: 400;\"> Reinigt gr\u00fcndlich, entfernt Make-up und Unreinheiten und schont dabei Ihre Haut.<\/span>&nbsp;<\/li>\n<li style=\"font-weight: 400;\" aria-level=\"1\"><b>Decylglucoside<\/b><span style=\"font-weight: 400;\"> Ein mildes, biologisch abbaubares Reinigungsmittel, das Make-up und Talg entfernt, ohne Ihre Haut auszutrocknen.<\/span>&nbsp;<\/li>\n<li style=\"font-weight: 400;\" aria-level=\"1\"><b>PEG-6 Capryl-\/Capric Glyceride.<\/b><span style=\"font-weight: 400;\"> : L\u00f6sen Talg auf und entfernen sanft Make-up, so dass die Haut sauber und angenehm bleibt.<\/span>&nbsp;<\/li>\n<\/ul>\n<h2><span style=\"font-weight: 400;\">Wie Sie ihn einfach nutzen k\u00f6nnen :<\/span><\/h2>\n<ol>\n<li style=\"font-weight: 400;\" aria-level=\"1\"><b>Sch\u00fctteln<\/b><span style=\"font-weight: 400;\"> Sch\u00fctteln Sie die Flasche vor Gebrauch gut durch.<\/span>&nbsp;<\/li>\n<li style=\"font-weight: 400;\" aria-level=\"1\"><b>Anwenden<\/b><span style=\"font-weight: 400;\"> Anwendung: Geben Sie eine kleine Menge auf ein Wattepad und streichen Sie damit sanft \u00fcber Ihr Gesicht, besonders \u00fcber die geschminkten Stellen.<\/span>&nbsp;<\/li>\n<li style=\"font-weight: 400;\" aria-level=\"1\"><b>Erfolgreich<\/b><span style=\"font-weight: 400;\"> Ihr Gesicht ist perfekt abgeschminkt und bereit f\u00fcr Ihre n\u00e4chste Behandlung.<\/span>&nbsp;<\/li>\n<\/ol>\n<p><span style=\"font-weight: 400;\">Schluss mit dem komplizierten Abschminken! Hinzugef\u00fcgt <\/span> <b> den fl\u00fcssigen Make-up-Entferner YOU-OLOGY in Ihren Warenkorb. <\/b><span style=\"font-weight: 400;\">in Ihren Einkaufskorb und entfernt alle Spuren von Make-up in einem einzigen Schritt.<\/span><\/p>\n<p>&nbsp;<\/p>\n<h2><span style=\"font-weight: 400;\">FAQ : Fl\u00fcssiger Make-up-Entferner YOU-OLOGY<\/span><\/h2>\n<ol>\n<li><b>  Ist dieser Make-up-Entferner f\u00fcr empfindliche Haut geeignet?<\/b><b><br \/>\n<\/b><span style=\"font-weight: 400;\">  Ja, der fl\u00fcssige Make-up-Entferner von YOU-OLOGY ist so konzipiert, dass er sanft und beruhigend ist, selbst f\u00fcr empfindliche Haut. Seine Formel enth\u00e4lt weder Alkohol noch Parf\u00fcm. <\/span><\/li>\n<li><b>  Kann ich es zum Entfernen von Augen-Make-up verwenden?<\/b><b><br \/>\n<\/b><span style=\"font-weight: 400;\">  Obwohl das Produkt auf dem gesamten Gesicht wirksam ist, sollten Sie den direkten Kontakt mit den Augen vermeiden. Wenn das Produkt in Ihre Augen gelangt, sp\u00fclen Sie es mit reichlich klarem Wasser aus. <\/span><\/li>\n<li><b>  Kann der fl\u00fcssige Make-up-Entferner von YOU-OLOGY wasserfestes Make-up entfernen?<\/b><b><br \/>\n<\/b><span style=\"font-weight: 400;\">  Ja, es wurde entwickelt, um alle Arten von Make-up zu entfernen, einschlie\u00dflich langanhaltendem und wasserfestem Make-up, ohne dass Sie reiben oder zus\u00e4tzliche Produkte auftragen m\u00fcssen.<\/span><\/li>\n<li><b>  Ist es f\u00fcr fettige Haut geeignet?<\/b><b><br \/>\n<\/b><span style=\"font-weight: 400;\">  Auf jeden Fall! Der fl\u00fcssige Make-up-Entferner von YOU-OLOGY reguliert die Talgproduktion und kl\u00e4rt die Haut, ohne sie auszutrocknen, was ihn perfekt f\u00fcr fettige Haut macht. <\/span><\/li>\n<li><b>  Enth\u00e4lt der fl\u00fcssige Make-up-Entferner aggressive Chemikalien?<\/b><b><br \/>\n<\/b><span style=\"font-weight: 400;\">  Nein, dieses Produkt ist mit sanften und hautfreundlichen Inhaltsstoffen formuliert. Es enth\u00e4lt keine Parabene, Sulfate oder Phthalate und ist daher ideal f\u00fcr alle Hauttypen. <\/span><\/li>\n<li><b>  Wird das Produkt an Tieren getestet?<\/b><b><br \/>\n<\/b><span style=\"font-weight: 400;\">  Nein, der fl\u00fcssige Make-up-Entferner von YOU-OLOGY ist 100% tierfrei. Er wurde dermatologisch getestet und gem\u00e4\u00df den ethischen Grunds\u00e4tzen von Younique formuliert, die keine Tierversuche durchf\u00fchren. <\/span><\/li>\n<\/ol>\n<p>&nbsp;<\/p>\n<p><span style=\"font-weight: 400;\">Lassen Sie sich nicht mehr vom Make-up aufhalten. F\u00fcgen Sie den   <\/span><b>fl\u00fcssiger Make-up-Entferner YOU-OLOGY<\/b><span style=\"font-weight: 400;\"> in Ihren Einkaufskorb und entdecken Sie eine schnelle und sanfte Make-up-Entfernung ohne Kompromisse.<\/span><\/p>\n","protected":false},"excerpt":{"rendered":"<p><span style=\"font-weight: 400;\">Ich habe mich lange Zeit in dieser Situation befunden, wissen Sie, diese Tage, an denen die M\u00fcdigkeit sich bemerkbar macht und wenn der Tag vorbei ist, wird der Gedanke an das Abschminken zu einer l\u00e4stigen Pflicht. Aber das war bevor ich entdeckte, dass <\/span><b>  der fl\u00fcssige Make-up-Entferner YOU-OLOGY<\/b><span style=\"font-weight: 400;\">. Ehrlich gesagt, er hat alles f\u00fcr mich ver\u00e4ndert. Er ist   <\/span><b>schnell und praktisch<\/b><span style=\"font-weight: 400;\">Ich bin sehr zufrieden mit dem Produkt und es hinterl\u00e4sst meine Haut sauber und frisch ohne fettige R\u00fcckst\u00e4nde.<\/span><\/p>\n<p><span style=\"font-weight: 400;\">Es entfernt selbst hartn\u00e4ckiges Make-up, ohne dass Sie reiben m\u00fcssen. Was ich besonders liebe? Er ist so praktisch!    <\/span><b>Keine Sp\u00fclung erforderlich<\/b><span style=\"font-weight: 400;\">Es l\u00e4sst meine Haut frisch aussehen und macht sie bereit f\u00fcr meine weitere Routine. Und mit seiner parf\u00fcmfreien Formel ist es selbst f\u00fcr die empfindlichste Haut perfekt. Das l\u00e4stige Abschminken geh\u00f6rt der Vergangenheit an, jetzt ist es ganz einfach.  <\/span><\/p>\n","protected":false},"featured_media":11855,"comment_status":"open","ping_status":"closed","template":"","meta":{"_seopress_robots_primary_cat":"none","_seopress_titles_title":"","_seopress_titles_desc":"","_seopress_robots_index":"","site-sidebar-layout":"default","site-content-layout":"","ast-site-content-layout":"default","site-content-style":"default","site-sidebar-style":"default","ast-global-header-display":"","ast-banner-title-visibility":"","ast-main-header-display":"","ast-hfb-above-header-display":"","ast-hfb-below-header-display":"","ast-hfb-mobile-header-display":"","site-post-title":"","ast-breadcrumbs-content":"","ast-featured-img":"","footer-sml-layout":"","ast-disable-related-posts":"","theme-transparent-header-meta":"default","adv-header-id-meta":"","stick-header-meta":"","header-above-stick-meta":"","header-main-stick-meta":"","header-below-stick-meta":"","astra-migrate-meta-layouts":"default","ast-page-background-enabled":"default","ast-page-background-meta":{"desktop":{"background-color":"var(--ast-global-color-4)","background-image":"","background-repeat":"repeat","background-position":"center center","background-size":"auto","background-attachment":"scroll","background-type":"","background-media":"","overlay-type":"","overlay-color":"","overlay-opacity":"","overlay-gradient":""},"tablet":{"background-color":"","background-image":"","background-repeat":"repeat","background-position":"center center","background-size":"auto","background-attachment":"scroll","background-type":"","background-media":"","overlay-type":"","overlay-color":"","overlay-opacity":"","overlay-gradient":""},"mobile":{"background-color":"","background-image":"","background-repeat":"repeat","background-position":"center center","background-size":"auto","background-attachment":"scroll","background-type":"","background-media":"","overlay-type":"","overlay-color":"","overlay-opacity":"","overlay-gradient":""}},"ast-content-background-meta":{"desktop":{"background-color":"var(--ast-global-color-5)","background-image":"","background-repeat":"repeat","background-position":"center center","background-size":"auto","background-attachment":"scroll","background-type":"","background-media":"","overlay-type":"","overlay-color":"","overlay-opacity":"","overlay-gradient":""},"tablet":{"background-color":"var(--ast-global-color-5)","background-image":"","background-repeat":"repeat","background-position":"center center","background-size":"auto","background-attachment":"scroll","background-type":"","background-media":"","overlay-type":"","overlay-color":"","overlay-opacity":"","overlay-gradient":""},"mobile":{"background-color":"var(--ast-global-color-5)","background-image":"","background-repeat":"repeat","background-position":"center center","background-size":"auto","background-attachment":"scroll","background-type":"","background-media":"","overlay-type":"","overlay-color":"","overlay-opacity":"","overlay-gradient":""}}},"product_brand":[],"product_cat":[110],"product_tag":[],"class_list":{"0":"post-11853","1":"product","2":"type-product","3":"status-publish","4":"has-post-thumbnail","6":"product_cat-haut","7":"desktop-align-left","8":"tablet-align-left","9":"mobile-align-left","11":"first","12":"instock","13":"sale","14":"shipping-taxable","15":"product-type-external"},"_links":{"self":[{"href":"https:\/\/youniquebyemilie.com\/de\/wp-json\/wp\/v2\/product\/11853","targetHints":{"allow":["GET"]}}],"collection":[{"href":"https:\/\/youniquebyemilie.com\/de\/wp-json\/wp\/v2\/product"}],"about":[{"href":"https:\/\/youniquebyemilie.com\/de\/wp-json\/wp\/v2\/types\/product"}],"replies":[{"embeddable":true,"href":"https:\/\/youniquebyemilie.com\/de\/wp-json\/wp\/v2\/comments?post=11853"}],"wp:featuredmedia":[{"embeddable":true,"href":"https:\/\/youniquebyemilie.com\/de\/wp-json\/wp\/v2\/media\/11855"}],"wp:attachment":[{"href":"https:\/\/youniquebyemilie.com\/de\/wp-json\/wp\/v2\/media?parent=11853"}],"wp:term":[{"taxonomy":"product_brand","embeddable":true,"href":"https:\/\/youniquebyemilie.com\/de\/wp-json\/wp\/v2\/product_brand?post=11853"},{"taxonomy":"product_cat","embeddable":true,"href":"https:\/\/youniquebyemilie.com\/de\/wp-json\/wp\/v2\/product_cat?post=11853"},{"taxonomy":"product_tag","embeddable":true,"href":"https:\/\/youniquebyemilie.com\/de\/wp-json\/wp\/v2\/product_tag?post=11853"}],"curies":[{"name":"wp","href":"https:\/\/api.w.org\/{rel}","templated":true}]}}