{"id":11881,"date":"2025-07-24T19:19:39","date_gmt":"2025-07-24T17:19:39","guid":{"rendered":"https:\/\/youniquebyemilie.com\/produit\/beachfront-koerperpeeling\/"},"modified":"2025-07-24T19:19:39","modified_gmt":"2025-07-24T17:19:39","slug":"beachfront-koerperpeeling","status":"publish","type":"product","link":"https:\/\/youniquebyemilie.com\/de\/produit\/beachfront-koerperpeeling\/","title":{"rendered":"BEACHFRONT K\u00f6rperpeeling"},"content":{"rendered":"<p><span style=\"font-weight: 400;\">Wissen Sie, ich erinnere mich an einen Nachmittag, an dem ich es so eilig hatte, mich f\u00fcr ein Wochenende vorzubereiten. <\/span><b>sonniges Wochenende zu machen.<\/b><span style=\"font-weight: 400;\">Ich hatte mich auf ein langes Wochenende gefreut, aber ich konnte diese <\/span><b>glatte Haut<\/b><span style=\"font-weight: 400;\"> und <\/span><b>ohne Unreinheiten<\/b><span style=\"font-weight: 400;\">  von dem ich tr\u00e4umte. Zwischen den   <\/span><b>trockenen Gebieten<\/b><span style=\"font-weight: 400;\">Die <\/span><b>rauen Ellenbogen<\/b><span style=\"font-weight: 400;\">und diese <\/span><b>unregelm\u00e4\u00dfiger Teint<\/b><span style=\"font-weight: 400;\">Das frustrierte mich. Ich habe eine ganze Reihe von Produkten ausprobiert, aber keines brachte mir das Ergebnis, das ich wollte. Dann entdeckte ich  <\/span> <b> das BEACHFRONT-K\u00f6rperpeeling<\/b><span style=\"font-weight: 400;\">.**<\/span><\/p>\n<p><span style=\"font-weight: 400;\">Ein <\/span><b>Ein sanftes Peeling<\/b><span style=\"font-weight: 400;\">, aber <\/span><b>effektiv<\/b><span style=\"font-weight: 400;\">Es reinigt gr\u00fcndlich, <\/span><b>exfoliert, ohne die Haut anzugreifen<\/b><span style=\"font-weight: 400;\">die Haut nicht die \u00fcber die Haut zu den an der Haut \u00fcber die Haut \u00fcber die Haut \u00fcber die Haut \u00fcber die Haut \u00fcber die Haut \u00fcber die Haut \u00fcber \u00fcber die Haut \u00fcber \u00fcber die Haut <\/span><b>weich und glatt<\/b><span style=\"font-weight: 400;\">. <\/span><b>Schon bei der ersten Anwendung<\/b><span style=\"font-weight: 400;\">Ich bemerkte den Unterschied. Er lie\u00df mir nicht nur eine   <\/span><b>unglaublich weiche Haut<\/b><span style=\"font-weight: 400;\">Es bereitete meine Haut aber auch auf die Aufnahme einer bronzenen Farbe vor. <\/span><b>gleichm\u00e4\u00dfige Bronze<\/b><span style=\"font-weight: 400;\">. <\/span><b>Seitdem ist es Teil meiner Routine.<\/b><span style=\"font-weight: 400;\"> vor jeder Anwendung von Selbstbr\u00e4uner, und ehrlich gesagt, hat er mich noch nie entt\u00e4uscht.<\/span><\/p>\n<h2><span style=\"font-weight: 400;\">Warum Sie es lieben werden :<\/span><\/h2>\n<ul>\n<li style=\"font-weight: 400;\" aria-level=\"1\"><b>Sanftes, aber effektives Peeling<\/b><span style=\"font-weight: 400;\"> : Das Peeling ist eine Art von Peeling. <\/span><b>entfernt abgestorbene Hautzellen<\/b><span style=\"font-weight: 400;\"> und <\/span><b>n\u00e4hrt Ihre Haut.<\/b><span style=\"font-weight: 400;\">Sie hinterl\u00e4sst eine glatte Haut. <\/span><b>glatte und weiche Haut<\/b><span style=\"font-weight: 400;\">Die Haut ist weich und geschmeidig, ideal f\u00fcr eine perfekte Br\u00e4une. <\/span><b>perfekte Br\u00e4une<\/b><span style=\"font-weight: 400;\">.<\/span><\/li>\n<li style=\"font-weight: 400;\" aria-level=\"1\"><b>Tiefgehende Feuchtigkeitsversorgung<\/b><span style=\"font-weight: 400;\"> Pflege: Die <\/span><b>Karit\u00e9butter<\/b><span style=\"font-weight: 400;\"> und Sheabutter.<\/span><b>Kokosnuss\u00f6l<\/b><span style=\"font-weight: 400;\"> versorgen Ihre Haut mit Feuchtigkeit und machen sie weich und geschmeidig. <\/span><b>geschmeidig<\/b><span style=\"font-weight: 400;\"> und <\/span><b>und n\u00e4hrt<\/b><span style=\"font-weight: 400;\">.<\/span><\/li>\n<li style=\"font-weight: 400;\" aria-level=\"1\"><b>Ausstrahlung und Vitalit\u00e4t<\/b><span style=\"font-weight: 400;\"> Die Haut: Sie <\/span><b>revitalisiert Ihre Haut<\/b><span style=\"font-weight: 400;\">Sie verbessert Ihren <\/span><b>Teint<\/b><span style=\"font-weight: 400;\"> und bereitet Ihre Haut auf einen strahlenden Teint vor. <\/span><b>strahlende Bronze<\/b><span style=\"font-weight: 400;\">.<\/span><\/li>\n<li style=\"font-weight: 400;\" aria-level=\"1\"><b>Bereitet Ihre Haut auf die Br\u00e4une vor<\/b><span style=\"font-weight: 400;\"> Sie sorgt daf\u00fcr, dass deine Haut <\/span><b>gleichm\u00e4\u00dfig und glatt<\/b><span style=\"font-weight: 400;\">Die Haut wird glatt und geschmeidig, so dass Sie eine sch\u00f6ne Br\u00e4une erhalten. <\/span><b>Die Br\u00e4une wird gleichm\u00e4\u00dfiger und l\u00e4nger anhaltend.<\/b><span style=\"font-weight: 400;\">.<\/span><\/li>\n<li style=\"font-weight: 400;\" aria-level=\"1\"><b>Ein unwiderstehlicher Duft<\/b><span style=\"font-weight: 400;\"> : L&#8216;<\/span><b>Aroma von Melone und Vanille<\/b><span style=\"font-weight: 400;\"> verleiht Ihnen ein angenehmes Gef\u00fchl. <\/span><b>entspannendes Erlebnis.<\/b><span style=\"font-weight: 400;\"> unter der Dusche.<\/span><\/li>\n<\/ul>\n<p>&nbsp;<\/p>\n<h2><span style=\"font-weight: 400;\">Wie man es benutzt :<\/span><\/h2>\n<ol>\n<li style=\"font-weight: 400;\" aria-level=\"1\"><span style=\"font-weight: 400;\">Tragen Sie eine gro\u00dfz\u00fcgige Menge des Peelings auf die Haut auf. <\/span><b>sauber und feucht<\/b><span style=\"font-weight: 400;\">. Betont trockene Bereiche wie  <\/span><b>Ellenbogen<\/b><span style=\"font-weight: 400;\"> und die <\/span><b>genoux<\/b><span style=\"font-weight: 400;\">.<\/span><\/li>\n<li style=\"font-weight: 400;\" aria-level=\"1\"><span style=\"font-weight: 400;\">Reiben Sie in <\/span><b>kreisende Bewegungen<\/b><span style=\"font-weight: 400;\"> um das Peeling zu aktivieren und die <\/span><b>eine glatte und weiche Haut zu enth\u00fcllen<\/b><span style=\"font-weight: 400;\">.<\/span><\/li>\n<li style=\"font-weight: 400;\" aria-level=\"1\"><span style=\"font-weight: 400;\">Sp\u00fclen Sie mit lauwarmem Wasser nach und trocknen Sie Ihre Haut durch <\/span><b>klopfen Sie<\/b><span style=\"font-weight: 400;\"> leicht.<\/span><\/li>\n<\/ol>\n<p><b>Tipp<\/b><span style=\"font-weight: 400;\"> : F\u00fcr eine perfekte Br\u00e4une verwenden Sie ihn vor dem Auftragen des <\/span><b>BEACHFRONT Br\u00e4unungshandschuh<\/b><span style=\"font-weight: 400;\"> und den Sonnenschutz. <\/span><b>BEACHFRONT Selbstbr\u00e4unungsschaum mit Schlag.<\/b><span style=\"font-weight: 400;\">.<\/span><\/p>\n<p>&nbsp;<\/p>\n<h2><span style=\"font-weight: 400;\">Die Zutaten, die den Zauber des BEACHFRONT K\u00f6rperpeelings ausmachen:<\/span><\/h2>\n<ul>\n<li style=\"font-weight: 400;\" aria-level=\"1\"><b>Saccharose<\/b><span style=\"font-weight: 400;\"> Ein nat\u00fcrliches Peeling, das die Haut entfernt <\/span><b>sanft<\/b><span style=\"font-weight: 400;\"> abgestorbene Zellen entfernt, um das <\/span><b>zu enth\u00fcllen.<\/b><span style=\"font-weight: 400;\"> Die Haut wird weich und geschmeidig. <\/span><b>Die Haut ist weich und glatt.<\/b><span style=\"font-weight: 400;\">.<\/span><\/li>\n<li style=\"font-weight: 400;\" aria-level=\"1\"><b>Shea-Butter<\/b><span style=\"font-weight: 400;\"> N\u00e4hrt und befeuchtet die Haut tiefgreifend und macht sie weich und geschmeidig. <\/span><b>geschmeidig<\/b><span style=\"font-weight: 400;\"> und <\/span><b>repariert<\/b><span style=\"font-weight: 400;\">.<\/span><\/li>\n<li style=\"font-weight: 400;\" aria-level=\"1\"><b>Melonenextrakt<\/b><span style=\"font-weight: 400;\"> Melonenextrakt: Reich an Melonen. <\/span><b>Antioxidantien<\/b><span style=\"font-weight: 400;\">Der Melonen-Extrakt ist reich an Antioxidantien. <\/span><b>revitalisiert<\/b><span style=\"font-weight: 400;\"> und <\/span><b>und bringt  zum Leuchten.<\/b><span style=\"font-weight: 400;\"> und verleiht dem Teint eine nat\u00fcrliche Ausstrahlung.<\/span><\/li>\n<li style=\"font-weight: 400;\" aria-level=\"1\"><b>Grapefruit-Extrakt<\/b><span style=\"font-weight: 400;\"> : Hilft bei der <\/span><b>zu verfeinern.<\/b><span style=\"font-weight: 400;\"> das Hautbild zu verbessern und <\/span><b>zu reduzieren.<\/b><span style=\"font-weight: 400;\"> das Erscheinungsbild der Poren zu reduzieren, um die Haut zu verfeinern. <\/span><b>Reineres Aussehen<\/b><span style=\"font-weight: 400;\">.<\/span><\/li>\n<li style=\"font-weight: 400;\" aria-level=\"1\"><b>Kaktusfeigen-Extrakt<\/b><span style=\"font-weight: 400;\"> : Beruhigt und pflegt <\/span><b>spendet Feuchtigkeit<\/b><span style=\"font-weight: 400;\"> Die Haut wird beruhigt, w\u00e4hrend ihre Spannkraft erhalten bleibt. <\/span><b>Elastizit\u00e4t<\/b><span style=\"font-weight: 400;\">.<\/span><\/li>\n<li style=\"font-weight: 400;\" aria-level=\"1\"><b>Vanille-Extrakt<\/b><span style=\"font-weight: 400;\"> Antioxidans: Ein Antioxidans, das <\/span><b>sch\u00fctzt<\/b><span style=\"font-weight: 400;\"> die Haut und sorgt gleichzeitig f\u00fcr ein angenehmes Gef\u00fchl. <\/span><b>angenehmes Gef\u00fchl<\/b><span style=\"font-weight: 400;\"> und einen Hauch von Vanille. <\/span><b>milden Duft.<\/b><span style=\"font-weight: 400;\">.<\/span><\/li>\n<\/ul>\n<p>&nbsp;<\/p>\n<h2><span style=\"font-weight: 400;\">Das sagen die Nutzer :<\/span><\/h2>\n<ul>\n<li style=\"font-weight: 400;\" aria-level=\"1\"><b>94%<\/b><span style=\"font-weight: 400;\"> der Nutzer geben an, dass das Peeling ihre Haut geschmeidiger macht. <\/span><b>glatter<\/b><span style=\"font-weight: 400;\"> und <\/span><b>weicher ist.<\/b><span style=\"font-weight: 400;\"> nach der Anwendung.*<\/span><\/li>\n<li style=\"font-weight: 400;\" aria-level=\"1\"><b>91%<\/b><span style=\"font-weight: 400;\"> der Anwender finden, dass sich ihre Haut besser anf\u00fchlt <\/span><b>besser mit Feuchtigkeit versorgt ist.<\/b><span style=\"font-weight: 400;\"> nach der Anwendung.*<\/span><\/li>\n<li style=\"font-weight: 400;\" aria-level=\"1\"><b>85%<\/b><span style=\"font-weight: 400;\"> bemerkten eine <\/span><b>eine Verringerung der Rauheit der Haut.<\/b><span style=\"font-weight: 400;\"> ihrer Haut, selbst an den trockensten Stellen.*.<\/span><\/li>\n<li style=\"font-weight: 400;\" aria-level=\"1\"><b>76%<\/b><span style=\"font-weight: 400;\"> der Nutzer finden, dass ihr Teint besser aussieht. <\/span><b>einen gleichm\u00e4\u00dfigeren Teint<\/b><span style=\"font-weight: 400;\"> und <\/span><b>strahlender aussieht.<\/b><span style=\"font-weight: 400;\">.<\/span><\/li>\n<\/ul>\n<p><span style=\"font-weight: 400;\">Nichts zu verlieren, alles zu gewinnen. <\/span><b>Legen Sie dieses Peeling in Ihren Warenkorb.<\/b><span style=\"font-weight: 400;\">Erwecken Sie Ihre Haut zu neuem Leben und lassen Sie sie m\u00fchelos strahlen.<\/span><\/p>\n<p>&nbsp;<\/p>\n","protected":false},"excerpt":{"rendered":"<p><span style=\"font-weight: 400;\">Wissen Sie, ich erinnere mich an einen Nachmittag, an dem ich es so eilig hatte, mich f\u00fcr ein Wochenende vorzubereiten. <\/span><b>sonniges Wochenende zu machen.<\/b><span style=\"font-weight: 400;\">Ich hatte mich auf ein langes Wochenende vorbereitet, aber ich konnte diese <\/span><b>glatte Haut<\/b><span style=\"font-weight: 400;\"> und <\/span><b>ohne Unreinheiten<\/b><span style=\"font-weight: 400;\">  von dem ich tr\u00e4umte. Zwischen den   <\/span><b>trockenen Gebieten<\/b><span style=\"font-weight: 400;\">Die <\/span><b>rauen Ellenbogen<\/b><span style=\"font-weight: 400;\">und diese <\/span><b>unregelm\u00e4\u00dfiger Teint<\/b><span style=\"font-weight: 400;\">Das frustrierte mich. Ich habe eine ganze Reihe von Produkten ausprobiert, aber keines brachte mir das Ergebnis, das ich wollte. Dann entdeckte ich  <\/span> <b> das BEACHFRONT-K\u00f6rperpeeling<\/b><span style=\"font-weight: 400;\">.**<\/span><\/p>\n","protected":false},"featured_media":11885,"comment_status":"open","ping_status":"closed","template":"","meta":{"_seopress_robots_primary_cat":"none","_seopress_titles_title":"","_seopress_titles_desc":"","_seopress_robots_index":"","site-sidebar-layout":"default","site-content-layout":"","ast-site-content-layout":"default","site-content-style":"default","site-sidebar-style":"default","ast-global-header-display":"","ast-banner-title-visibility":"","ast-main-header-display":"","ast-hfb-above-header-display":"","ast-hfb-below-header-display":"","ast-hfb-mobile-header-display":"","site-post-title":"","ast-breadcrumbs-content":"","ast-featured-img":"","footer-sml-layout":"","ast-disable-related-posts":"","theme-transparent-header-meta":"default","adv-header-id-meta":"","stick-header-meta":"","header-above-stick-meta":"","header-main-stick-meta":"","header-below-stick-meta":"","astra-migrate-meta-layouts":"default","ast-page-background-enabled":"default","ast-page-background-meta":{"desktop":{"background-color":"var(--ast-global-color-4)","background-image":"","background-repeat":"repeat","background-position":"center center","background-size":"auto","background-attachment":"scroll","background-type":"","background-media":"","overlay-type":"","overlay-color":"","overlay-opacity":"","overlay-gradient":""},"tablet":{"background-color":"","background-image":"","background-repeat":"repeat","background-position":"center center","background-size":"auto","background-attachment":"scroll","background-type":"","background-media":"","overlay-type":"","overlay-color":"","overlay-opacity":"","overlay-gradient":""},"mobile":{"background-color":"","background-image":"","background-repeat":"repeat","background-position":"center center","background-size":"auto","background-attachment":"scroll","background-type":"","background-media":"","overlay-type":"","overlay-color":"","overlay-opacity":"","overlay-gradient":""}},"ast-content-background-meta":{"desktop":{"background-color":"var(--ast-global-color-5)","background-image":"","background-repeat":"repeat","background-position":"center center","background-size":"auto","background-attachment":"scroll","background-type":"","background-media":"","overlay-type":"","overlay-color":"","overlay-opacity":"","overlay-gradient":""},"tablet":{"background-color":"var(--ast-global-color-5)","background-image":"","background-repeat":"repeat","background-position":"center center","background-size":"auto","background-attachment":"scroll","background-type":"","background-media":"","overlay-type":"","overlay-color":"","overlay-opacity":"","overlay-gradient":""},"mobile":{"background-color":"var(--ast-global-color-5)","background-image":"","background-repeat":"repeat","background-position":"center center","background-size":"auto","background-attachment":"scroll","background-type":"","background-media":"","overlay-type":"","overlay-color":"","overlay-opacity":"","overlay-gradient":""}}},"product_brand":[],"product_cat":[113],"product_tag":[],"class_list":{"0":"post-11881","1":"product","2":"type-product","3":"status-publish","4":"has-post-thumbnail","6":"product_cat-korper","7":"desktop-align-left","8":"tablet-align-left","9":"mobile-align-left","11":"first","12":"instock","13":"sale","14":"shipping-taxable","15":"product-type-external"},"_links":{"self":[{"href":"https:\/\/youniquebyemilie.com\/de\/wp-json\/wp\/v2\/product\/11881","targetHints":{"allow":["GET"]}}],"collection":[{"href":"https:\/\/youniquebyemilie.com\/de\/wp-json\/wp\/v2\/product"}],"about":[{"href":"https:\/\/youniquebyemilie.com\/de\/wp-json\/wp\/v2\/types\/product"}],"replies":[{"embeddable":true,"href":"https:\/\/youniquebyemilie.com\/de\/wp-json\/wp\/v2\/comments?post=11881"}],"wp:featuredmedia":[{"embeddable":true,"href":"https:\/\/youniquebyemilie.com\/de\/wp-json\/wp\/v2\/media\/11885"}],"wp:attachment":[{"href":"https:\/\/youniquebyemilie.com\/de\/wp-json\/wp\/v2\/media?parent=11881"}],"wp:term":[{"taxonomy":"product_brand","embeddable":true,"href":"https:\/\/youniquebyemilie.com\/de\/wp-json\/wp\/v2\/product_brand?post=11881"},{"taxonomy":"product_cat","embeddable":true,"href":"https:\/\/youniquebyemilie.com\/de\/wp-json\/wp\/v2\/product_cat?post=11881"},{"taxonomy":"product_tag","embeddable":true,"href":"https:\/\/youniquebyemilie.com\/de\/wp-json\/wp\/v2\/product_tag?post=11881"}],"curies":[{"name":"wp","href":"https:\/\/api.w.org\/{rel}","templated":true}]}}