{"id":11916,"date":"2025-07-24T08:48:33","date_gmt":"2025-07-24T06:48:33","guid":{"rendered":"https:\/\/youniquebyemilie.com\/produit\/magnetische-wimpern-moodstruck\/"},"modified":"2025-07-24T08:48:33","modified_gmt":"2025-07-24T06:48:33","slug":"magnetische-wimpern-moodstruck","status":"publish","type":"product","link":"https:\/\/youniquebyemilie.com\/de\/produit\/magnetische-wimpern-moodstruck\/","title":{"rendered":"Magnetische Wimpern MOODSTRUCK"},"content":{"rendered":"<p><span style=\"font-weight: 400;\">Wollen Sie traumhafte Wimpern, die einfach zu applizieren und sehr bequem zu tragen sind? Ich war anfangs etwas skeptisch, aber die   <\/span><b>falsche magnetische Wimpern MOODSTRUCK<\/b><span style=\"font-weight: 400;\">  haben mir das Leben sehr erleichtert. Hergestellt aus   <\/span><b>vegane Seidenfasern<\/b><span style=\"font-weight: 400;\"> superleicht, verleihen sie Ihnen einen <\/span><b>nat\u00fcrlichen Blick<\/b><span style=\"font-weight: 400;\"> oder <\/span><b>ultra-glamour\u00f6s<\/b><span style=\"font-weight: 400;\">Die Wimpern werden nicht verklebt oder besch\u00e4digt.<\/span><\/p>\n<p><span style=\"font-weight: 400;\">Mit ihren <\/span><b>10 Mini-Magneten<\/b><span style=\"font-weight: 400;\"> (ja, doppelt so viele wie bei herk\u00f6mmlichen magnetischen Wimpern), sind diese magnetischen Wimpern <\/span><b>wiederverwendbar<\/b><span style=\"font-weight: 400;\">  haften perfekt an dem magnetischen MOODSTRUCK Eyeliner. Sie halten <\/span><b>  bis zu 10 Stunden<\/b><span style=\"font-weight: 400;\">*, auch wenn es feucht ist. Was ist das Beste daran? Sie sind anpassbar, modulierbar und einfach zuzuschneiden, um sich perfekt an die einzigartige Form Ihrer Augen anzupassen.  <\/span><\/p>\n<h2><span style=\"font-weight: 400;\">Warum Sie Ihre neuen Wimpern lieben werden MOODSTRUCK<\/span><\/h2>\n<ul>\n<li style=\"font-weight: 400;\" aria-level=\"1\"><b>Langanhaltender Halt und optimaler Komfort<\/b><span style=\"font-weight: 400;\"> Der erste Teil der Kollektion besteht aus zwei Teilen: einem festen Halt, der nicht dr\u00fcckt und nicht st\u00f6rt, f\u00fcr einen sorgenfreien Tag.<\/span><\/li>\n<li style=\"font-weight: 400;\" aria-level=\"1\"><b>Zwei Stile, um sich an alle Ihre W\u00fcnsche anzupassen.<\/b><span style=\"font-weight: 400;\"> :<\/span><span style=\"font-weight: 400;\"><br \/>\n<\/span><\/p>\n<ul>\n<li style=\"font-weight: 400;\" aria-level=\"2\"><i><span style=\"font-weight: 400;\">Encouraging<\/span><\/i><span style=\"font-weight: 400;\"> Die Farbe der Bl\u00e4tter: ein weicher, nat\u00fcrlicher Look, perfekt f\u00fcr jeden Tag.<\/span><\/li>\n<li style=\"font-weight: 400;\" aria-level=\"2\"><i><span style=\"font-weight: 400;\">Inspirierend<\/span><\/i><span style=\"font-weight: 400;\"> Hollywood-Glamour ohne \u00dcbertreibung.<\/span><\/li>\n<\/ul>\n<\/li>\n<li style=\"font-weight: 400;\" aria-level=\"1\"><b>Ein transparenter Streifen, der sehr diskret ist.<\/b><span style=\"font-weight: 400;\"> der sich perfekt mit all Ihren Make-ups kombinieren l\u00e4sst, f\u00fcr ein besonders nat\u00fcrliches Aussehen.<\/span><\/li>\n<li style=\"font-weight: 400;\" aria-level=\"1\"><b>10 magnetische Mini-Verankerungen<\/b><span style=\"font-weight: 400;\"> zur Verst\u00e4rkung der Befestigung, ohne dass die Gefahr des Verrutschens besteht.<\/span><\/li>\n<li style=\"font-weight: 400;\" aria-level=\"1\"><b>Magnetisches Acryl-Etui<\/b><span style=\"font-weight: 400;\"> Super praktisch, um Ihre Wimpern immer und \u00fcberall makellos zu halten.<\/span><\/li>\n<\/ul>\n<h2><span style=\"font-weight: 400;\">Wie Sie Ihre magnetischen MOODSTRUCK Wimpern wie ein Profi anbringen k\u00f6nnen<\/span><\/h2>\n<ol>\n<li style=\"font-weight: 400;\" aria-level=\"1\"><span style=\"font-weight: 400;\">Biegen Sie das Band Ihrer falschen Wimpern vorsichtig, um es an die Form Ihrer Augen anzupassen. Sind sie zu lang? Dann schneiden Sie sie b\u00fcndig mit dem n\u00e4chsten Magneten ab.  <\/span><\/li>\n<li style=\"font-weight: 400;\" aria-level=\"1\"><span style=\"font-weight: 400;\">Biegen Sie Ihre nat\u00fcrlichen Wimpern f\u00fcr einen noch gr\u00f6\u00dferen Wow-Effekt.<\/span><\/li>\n<li style=\"font-weight: 400;\" aria-level=\"1\"><span style=\"font-weight: 400;\">Anwendung<\/span><b> den magnetischen MOODSTRUCK Eyeliner.<\/b><span style=\"font-weight: 400;\"> am Wimpernrand und lassen Sie ihn trocknen. <\/span><b>2-3 Minuten<\/b><span style=\"font-weight: 400;\">. <\/span> <\/li>\n<\/ol>\n<p><b>Rat der Freundin :<\/b><span style=\"font-weight: 400;\"> Halten Sie w\u00e4hrend des Trocknens die Augen geschlossen, um Streifen zu vermeiden.<\/span><\/p>\n<p>&nbsp;<\/p>\n<ol>\n<li style=\"font-weight: 400;\" aria-level=\"1\"><span style=\"font-weight: 400;\">Tragen Sie etwas Mascara auf, wenn Sie mehr Volumen w\u00fcnschen.<\/span><\/li>\n<li style=\"font-weight: 400;\" aria-level=\"1\"><span style=\"font-weight: 400;\">Mit dem YOUNIQUE-Applikator setzen Sie die Wimper zuerst an der inneren Ecke an und ziehen sie dann nach au\u00dfen, wobei Sie immer dicht am Wimpernkranz bleiben.  <\/span><b>Schauen Sie in den Spiegel, das hilft wirklich!<\/b><\/li>\n<li style=\"font-weight: 400;\" aria-level=\"1\"><span style=\"font-weight: 400;\">Dr\u00fccken Sie mit dem gebogenen Teil des Applikators sanft zwischen der falschen Wimper und Ihrer nat\u00fcrlichen Wimper, um sie zu fixieren.<\/span><\/li>\n<li style=\"font-weight: 400;\" aria-level=\"1\"><span style=\"font-weight: 400;\">K\u00e4mmen und mischen Sie mit der B\u00fcrstenseite des Applikators f\u00fcr ein ultra-nat\u00fcrliches Aussehen.<\/span><\/li>\n<li style=\"font-weight: 400;\" aria-level=\"1\"><span style=\"font-weight: 400;\">F\u00fcr einen besseren Halt f\u00fcgen Sie die mitgelieferten magnetischen Anker unter Ihren nat\u00fcrlichen Wimpern hinzu, sie sorgen f\u00fcr eine lang anhaltende Fixierung ohne Verrutschen.<\/span><\/li>\n<li style=\"font-weight: 400;\" aria-level=\"1\"><span style=\"font-weight: 400;\">Um den Streifen zu entfernen, ziehen Sie ihn vorsichtig an der \u00e4u\u00dferen Ecke ab, ohne Gewalt anzuwenden.<\/span><\/li>\n<\/ol>\n<h3><span style=\"font-weight: 400;\">Wie Sie Ihre magnetischen MOODSTRUCK Wimpern pflegen, damit sie lange halten<\/span><\/h3>\n<ul>\n<li style=\"font-weight: 400;\" aria-level=\"1\"><span style=\"font-weight: 400;\">Reinigen Sie sie nach jeder Verwendung mit einem <\/span><b>getr\u00e4nkten Wattest\u00e4bchen.<\/b><span style=\"font-weight: 400;\"> mit einem \u00f6lfreien Make-up-Entferner, um das Make-up zu entfernen.<\/span><\/li>\n<li style=\"font-weight: 400;\" aria-level=\"1\"><span style=\"font-weight: 400;\">Desinfiziert <\/span><b>die Binde <\/b><span style=\"font-weight: 400;\">und <\/span><b>die Magnete <\/b><span style=\"font-weight: 400;\">mit einem <\/span><b>Wattest\u00e4bchen<\/b><span style=\"font-weight: 400;\"> und etwas Alkohol.<\/span><b> 90%igem Alkohol<\/b><span style=\"font-weight: 400;\"> um die Bakterien zu entfernen.<\/span><\/li>\n<li style=\"font-weight: 400;\" aria-level=\"1\"><span style=\"font-weight: 400;\">Lassen Sie sie an der Luft trocknen, k\u00e4mmen Sie sie mit dem Applikator und bewahren Sie sie dann in ihrer Acrylh\u00fclle auf, damit sie ihre Form behalten.<\/span><\/li>\n<li style=\"font-weight: 400;\" aria-level=\"1\"><span style=\"font-weight: 400;\">Setzen Sie sie nicht dem direkten Sonnenlicht aus, um ihre Qualit\u00e4t zu erhalten.<\/span><\/li>\n<\/ul>\n<h2><span style=\"font-weight: 400;\">Die kleinen Extras, die den Unterschied ausmachen MOODSTRUCK<\/span><\/h2>\n<ul>\n<li style=\"font-weight: 400;\" aria-level=\"1\"><span style=\"font-weight: 400;\">Hergestellt aus <\/span><b>65% vegane Seide (Polybutylenterephthalat), 25% Nylon, 25% Baumwolle und 20% Baumwolle.<\/b><span style=\"font-weight: 400;\">und <\/span><b>10 % Neodym-Magneten<\/b><span style=\"font-weight: 400;\"> Diese Wimpern sind leicht, stark und behalten ihre Form auch unter extremen Bedingungen.<\/span><\/li>\n<li style=\"font-weight: 400;\" aria-level=\"1\"><span style=\"font-weight: 400;\">Eine Technologie, die so konzipiert ist, dass sie sich an jede Augenform anpassen kann <\/span><b>alle Augenformen und -gr\u00f6\u00dfen<\/b><span style=\"font-weight: 400;\">.<\/span><\/li>\n<li style=\"font-weight: 400;\" aria-level=\"1\"><span style=\"font-weight: 400;\">Eine schnelle, einfache Anwendung, sogar f\u00fcr Anf\u00e4ngerinnen.<\/span><\/li>\n<li style=\"font-weight: 400;\" aria-level=\"1\"><b>94% der Nutzerinnen finden, dass sie sich nach 10 Stunden Tragezeit leicht entfernen lassen.<\/b><\/li>\n<li style=\"font-weight: 400;\" aria-level=\"1\"><b>91% finden, dass das Produkt auch in feuchten Umgebungen gut h\u00e4lt.<\/b><\/li>\n<\/ul>\n<p>&nbsp;<\/p>\n<p><span style=\"font-weight: 400;\">Vergessen Sie die M\u00fchsal der klassischen falschen Wimpern und nehmen Sie die Einfachheit und den Komfort der magnetischen MOODSTRUCK Wimpern. Ihre Sch\u00f6nheitsroutine wird zu einem echten Vergn\u00fcgen, schnell, stressfrei und immer makellos. Klicken Sie, bestellen Sie und machen Sie sich bereit, K\u00f6pfe zu verdrehen!    <\/span><\/p>\n<h2><span style=\"font-weight: 400;\">FAQ : Alles \u00fcber Ihre magnetischen Wimpern MOODSTRUCK<\/span><\/h2>\n<ol>\n<li> <b> Wie oft kann ich meine magnetischen Wimpern wieder verwenden?<\/b><b><br \/>\n<\/b><span style=\"font-weight: 400;\"> Bei guter Pflege k\u00f6nnen Sie sie bis zu 20 Mal tragen.<\/span><b> 20 bis 30 Mal verwenden.<\/b><span style=\"font-weight: 400;\">Sie k\u00f6nnen sie bis zu 30 Mal verwenden, was sie im Vergleich zu herk\u00f6mmlichen falschen Wimpern sehr preiswert macht.<\/span><\/li>\n<li><b>  Ist der magnetische MOODSTRUCK Eyeliner leicht zu entfernen?<\/b><b><br \/>\n<\/b><span style=\"font-weight: 400;\">  Ja, er l\u00e4sst sich wie ein normaler Eyeliner mit einem milden, \u00f6lfreien Make-up-Entferner entfernen, ohne Ihre Haut oder Ihre Wimpern zu besch\u00e4digen.<\/span><\/li>\n<li><b>  Kann man \u00fcber die magnetischen MOODSTRUCK Wimpern Mascara auftragen?<\/b><b><br \/>\n<\/b><span style=\"font-weight: 400;\">  Sie k\u00f6nnen, m\u00fcssen aber nicht: Sie haben bereits ein sch\u00f6nes nat\u00fcrliches Volumen. Wenn Sie mehr Intensit\u00e4t w\u00fcnschen, reicht ein wenig transparente Mascara. <\/span><\/li>\n<li><b>  Was ist zu tun, wenn sich ein Magnet l\u00f6st oder seine Kraft verliert?<\/b><b><br \/>\n<\/b><span style=\"font-weight: 400;\">  Wenden Sie sich an den YOUNIQUE-Kundendienst, der Ihnen mit einem Ersatz oder Ratschl\u00e4gen zur Verl\u00e4ngerung der Lebensdauer behilflich sein kann.<\/span><\/li>\n<li><b>  Kann man die beiden Stile Inspiring und Encouraging f\u00fcr einen gemischten Effekt kombinieren?<\/b><b><br \/>\n<\/b><span style=\"font-weight: 400;\">  Aber nat\u00fcrlich! Sie k\u00f6nnen mit verschiedenen Stilen spielen, je nach Stimmung, und die Wimpern f\u00fcr einen einzigartigen und individuellen Look mischen. <\/span><\/li>\n<\/ol>\n<p><span style=\"font-weight: 400;\">Machen Sie sich das Leben leichter, sparen Sie Zeit und zeigen Sie einen intensiven, modulierbaren und immer makellosen Blick mit den magnetischen Wimpern von MOODSTRUCK. Bestellen Sie sie jetzt und werden Sie zum Profi f\u00fcr einen unkomplizierten Augenaufschlag! <\/span><\/p>\n","protected":false},"excerpt":{"rendered":"<p><span style=\"font-weight: 400;\">M\u00f6chten Sie traumhafte Wimpern, die einfach zu applizieren und sehr bequem zu tragen sind? Ich war anfangs etwas skeptisch, aber die   <\/span><b>falsche magnetische Wimpern MOODSTRUCK<\/b><span style=\"font-weight: 400;\">  haben mir das Leben sehr erleichtert. Hergestellt aus   <\/span><b>vegane Seidenfasern<\/b><span style=\"font-weight: 400;\"> superleicht, verleihen sie Ihnen einen <\/span><b>nat\u00fcrlichen Blick<\/b><span style=\"font-weight: 400;\"> oder <\/span><b>ultra-glamour\u00f6s<\/b><span style=\"font-weight: 400;\">Die Wimpern werden nicht verklebt oder besch\u00e4digt.<\/span><\/p>\n<p><span style=\"font-weight: 400;\">Mit ihren <\/span><b>10 Mini-Magneten<\/b><span style=\"font-weight: 400;\"> (ja, doppelt so viele wie bei herk\u00f6mmlichen magnetischen Wimpern), sind diese magnetischen Wimpern <\/span><b>wiederverwendbar<\/b><span style=\"font-weight: 400;\">  haften perfekt an dem magnetischen MOODSTRUCK Eyeliner. Sie halten <\/span><b>  bis zu 10 Stunden<\/b><span style=\"font-weight: 400;\">*, auch wenn es feucht ist. Was ist das Beste daran? Sie sind anpassbar, modulierbar und einfach zuzuschneiden, um sich perfekt an die einzigartige Form Ihrer Augen anzupassen.  <\/span><\/p>\n","protected":false},"featured_media":11920,"comment_status":"open","ping_status":"closed","template":"","meta":{"_seopress_robots_primary_cat":"none","_seopress_titles_title":"","_seopress_titles_desc":"","_seopress_robots_index":"","site-sidebar-layout":"default","site-content-layout":"","ast-site-content-layout":"default","site-content-style":"default","site-sidebar-style":"default","ast-global-header-display":"","ast-banner-title-visibility":"","ast-main-header-display":"","ast-hfb-above-header-display":"","ast-hfb-below-header-display":"","ast-hfb-mobile-header-display":"","site-post-title":"","ast-breadcrumbs-content":"","ast-featured-img":"","footer-sml-layout":"","ast-disable-related-posts":"","theme-transparent-header-meta":"default","adv-header-id-meta":"","stick-header-meta":"","header-above-stick-meta":"","header-main-stick-meta":"","header-below-stick-meta":"","astra-migrate-meta-layouts":"default","ast-page-background-enabled":"default","ast-page-background-meta":{"desktop":{"background-color":"var(--ast-global-color-4)","background-image":"","background-repeat":"repeat","background-position":"center center","background-size":"auto","background-attachment":"scroll","background-type":"","background-media":"","overlay-type":"","overlay-color":"","overlay-opacity":"","overlay-gradient":""},"tablet":{"background-color":"","background-image":"","background-repeat":"repeat","background-position":"center center","background-size":"auto","background-attachment":"scroll","background-type":"","background-media":"","overlay-type":"","overlay-color":"","overlay-opacity":"","overlay-gradient":""},"mobile":{"background-color":"","background-image":"","background-repeat":"repeat","background-position":"center center","background-size":"auto","background-attachment":"scroll","background-type":"","background-media":"","overlay-type":"","overlay-color":"","overlay-opacity":"","overlay-gradient":""}},"ast-content-background-meta":{"desktop":{"background-color":"var(--ast-global-color-5)","background-image":"","background-repeat":"repeat","background-position":"center center","background-size":"auto","background-attachment":"scroll","background-type":"","background-media":"","overlay-type":"","overlay-color":"","overlay-opacity":"","overlay-gradient":""},"tablet":{"background-color":"var(--ast-global-color-5)","background-image":"","background-repeat":"repeat","background-position":"center center","background-size":"auto","background-attachment":"scroll","background-type":"","background-media":"","overlay-type":"","overlay-color":"","overlay-opacity":"","overlay-gradient":""},"mobile":{"background-color":"var(--ast-global-color-5)","background-image":"","background-repeat":"repeat","background-position":"center center","background-size":"auto","background-attachment":"scroll","background-type":"","background-media":"","overlay-type":"","overlay-color":"","overlay-opacity":"","overlay-gradient":""}}},"product_brand":[],"product_cat":[92],"product_tag":[],"class_list":{"0":"post-11916","1":"product","2":"type-product","3":"status-publish","4":"has-post-thumbnail","6":"product_cat-augen","7":"desktop-align-left","8":"tablet-align-left","9":"mobile-align-left","11":"first","12":"instock","13":"sale","14":"shipping-taxable","15":"product-type-external"},"_links":{"self":[{"href":"https:\/\/youniquebyemilie.com\/de\/wp-json\/wp\/v2\/product\/11916","targetHints":{"allow":["GET"]}}],"collection":[{"href":"https:\/\/youniquebyemilie.com\/de\/wp-json\/wp\/v2\/product"}],"about":[{"href":"https:\/\/youniquebyemilie.com\/de\/wp-json\/wp\/v2\/types\/product"}],"replies":[{"embeddable":true,"href":"https:\/\/youniquebyemilie.com\/de\/wp-json\/wp\/v2\/comments?post=11916"}],"wp:featuredmedia":[{"embeddable":true,"href":"https:\/\/youniquebyemilie.com\/de\/wp-json\/wp\/v2\/media\/11920"}],"wp:attachment":[{"href":"https:\/\/youniquebyemilie.com\/de\/wp-json\/wp\/v2\/media?parent=11916"}],"wp:term":[{"taxonomy":"product_brand","embeddable":true,"href":"https:\/\/youniquebyemilie.com\/de\/wp-json\/wp\/v2\/product_brand?post=11916"},{"taxonomy":"product_cat","embeddable":true,"href":"https:\/\/youniquebyemilie.com\/de\/wp-json\/wp\/v2\/product_cat?post=11916"},{"taxonomy":"product_tag","embeddable":true,"href":"https:\/\/youniquebyemilie.com\/de\/wp-json\/wp\/v2\/product_tag?post=11916"}],"curies":[{"name":"wp","href":"https:\/\/api.w.org\/{rel}","templated":true}]}}