{"id":7181,"date":"2025-02-03T06:23:09","date_gmt":"2025-02-03T06:23:09","guid":{"rendered":"https:\/\/youniquebyemilie.com\/mapa-del-sitio\/"},"modified":"2025-06-18T14:31:18","modified_gmt":"2025-06-18T14:31:18","slug":"mapa-del-sitio","status":"publish","type":"page","link":"https:\/\/youniquebyemilie.com\/es\/mapa-del-sitio\/","title":{"rendered":"Mapa del sitio"},"content":{"rendered":"\t\t<div data-elementor-type=\"wp-page\" data-elementor-id=\"7181\" class=\"elementor elementor-7181 elementor-2543\">\n\t\t\t\t<div class=\"elementor-element elementor-element-49385180 e-flex e-con-boxed wpr-particle-no wpr-jarallax-no wpr-parallax-no wpr-sticky-section-no wpr-equal-height-no e-con e-parent\" data-id=\"49385180\" data-element_type=\"container\" data-e-type=\"container\">\n\t\t\t\t\t<div class=\"e-con-inner\">\n\t\t\t\t<div class=\"elementor-element elementor-element-3efdfea elementor-widget elementor-widget-shortcode\" data-id=\"3efdfea\" data-element_type=\"widget\" data-e-type=\"widget\" data-widget_type=\"shortcode.default\">\n\t\t\t\t<div class=\"elementor-widget-container\">\n\t\t\t\t\t\t\t<div class=\"elementor-shortcode\">[rank_math_html_sitemap]<\/div>\n\t\t\t\t\t\t<\/div>\n\t\t\t\t<\/div>\n\t\t\t\t\t<\/div>\n\t\t\t\t<\/div>\n\t\t<div class=\"elementor-element elementor-element-247a2d6 e-flex e-con-boxed wpr-particle-no wpr-jarallax-no wpr-parallax-no wpr-sticky-section-no wpr-equal-height-no e-con e-parent\" data-id=\"247a2d6\" data-element_type=\"container\" data-e-type=\"container\" data-settings=\"{&quot;background_background&quot;:&quot;classic&quot;}\">\n\t\t\t\t\t<div class=\"e-con-inner\">\n\t\t<div class=\"elementor-element elementor-element-8195a2c e-con-full e-flex wpr-particle-no wpr-jarallax-no wpr-parallax-no wpr-sticky-section-no wpr-equal-height-no e-con e-child\" data-id=\"8195a2c\" data-element_type=\"container\" data-e-type=\"container\">\n\t\t\t\t<div class=\"elementor-element elementor-element-597a43f elementor-widget elementor-widget-spacer\" data-id=\"597a43f\" data-element_type=\"widget\" data-e-type=\"widget\" data-widget_type=\"spacer.default\">\n\t\t\t\t<div class=\"elementor-widget-container\">\n\t\t\t\t\t\t\t<div class=\"elementor-spacer\">\n\t\t\t<div class=\"elementor-spacer-inner\"><\/div>\n\t\t<\/div>\n\t\t\t\t\t\t<\/div>\n\t\t\t\t<\/div>\n\t\t<div class=\"elementor-element elementor-element-dee6020 e-con-full e-flex wpr-particle-no wpr-jarallax-no wpr-parallax-no wpr-sticky-section-no wpr-equal-height-no e-con e-child\" data-id=\"dee6020\" data-element_type=\"container\" data-e-type=\"container\">\n\t\t\t\t<div class=\"elementor-element elementor-element-db1110b elementor-widget elementor-widget-heading\" data-id=\"db1110b\" data-element_type=\"widget\" data-e-type=\"widget\" data-widget_type=\"heading.default\">\n\t\t\t\t<div class=\"elementor-widget-container\">\n\t\t\t\t\t<span class=\"elementor-heading-title elementor-size-default\">Younique de Emilie\n<\/span>\t\t\t\t<\/div>\n\t\t\t\t<\/div>\n\t\t\t\t<div class=\"elementor-element elementor-element-c9de319 elementor-widget__width-initial elementor-widget-mobile__width-inherit elementor-widget elementor-widget-heading\" data-id=\"c9de319\" data-element_type=\"widget\" data-e-type=\"widget\" data-widget_type=\"heading.default\">\n\t\t\t\t<div class=\"elementor-widget-container\">\n\t\t\t\t\t<h1 class=\"elementor-heading-title elementor-size-default\">Mapa del sitio<\/h1>\t\t\t\t<\/div>\n\t\t\t\t<\/div>\n\t\t\t\t<\/div>\n\t\t\t\t<\/div>\n\t\t\t\t\t<\/div>\n\t\t\t\t<\/div>\n\t\t<div class=\"elementor-element elementor-element-d085411 e-flex e-con-boxed wpr-particle-no wpr-jarallax-no wpr-parallax-no wpr-sticky-section-no wpr-equal-height-no e-con e-parent\" data-id=\"d085411\" data-element_type=\"container\" data-e-type=\"container\">\n\t\t\t\t\t<div class=\"e-con-inner\">\n\t\t\t\t<div class=\"elementor-element elementor-element-e45d1bd elementor-widget elementor-widget-shortcode\" data-id=\"e45d1bd\" data-element_type=\"widget\" data-e-type=\"widget\" data-widget_type=\"shortcode.default\">\n\t\t\t\t<div class=\"elementor-widget-container\">\n\t\t\t\t\t\t\t<div class=\"elementor-shortcode\"><div class=\"wrap-html-sitemap sp-html-sitemap\"><div class=\"sp-wrap-cpt\"><h2 class=\"sp-cpt-name\">P\u00e1ginas<\/h2><ul class=\"sp-list-posts sp-cpt-hierarchical\"><li class=\"page_item page-item-7270 menu-item\"><a href=\"https:\/\/youniquebyemilie.com\/es\/suplementos\/\" class=\"menu-link\">Suplementos<\/a><\/li><li class=\"page_item page-item-7275 menu-item\"><a href=\"https:\/\/youniquebyemilie.com\/es\/cuerpo\/\" class=\"menu-link\">Cuerpo<\/a><\/li><li class=\"page_item page-item-7254 menu-item\"><a href=\"https:\/\/youniquebyemilie.com\/es\/labios\/\" class=\"menu-link\">Labios<\/a><\/li><li class=\"page_item page-item-7257 menu-item\"><a href=\"https:\/\/youniquebyemilie.com\/es\/ojos\/\" class=\"menu-link\">Ojos<\/a><\/li><li class=\"page_item page-item-7266 menu-item\"><a href=\"https:\/\/youniquebyemilie.com\/es\/cara\/\" class=\"menu-link\">Cara<\/a><\/li><li class=\"page_item page-item-7253 menu-item\"><a href=\"https:\/\/youniquebyemilie.com\/es\/piel\/\" class=\"menu-link\">Piel<\/a><\/li><li class=\"page_item page-item-7262 menu-item\"><a href=\"https:\/\/youniquebyemilie.com\/es\/productos\/\" class=\"menu-link\">Productos<\/a><\/li><li class=\"page_item page-item-7214 menu-item\"><a href=\"https:\/\/youniquebyemilie.com\/es\/unete-a-younique\/\" class=\"menu-link\">\u00danete a Younique<\/a><\/li><li class=\"page_item page-item-7202 menu-item\"><a href=\"https:\/\/youniquebyemilie.com\/es\/blog\/\" class=\"menu-link\">Blog<\/a><\/li><li class=\"page_item page-item-7207 menu-item\"><a href=\"https:\/\/youniquebyemilie.com\/es\/sobre-nosotros\/\" class=\"menu-link\">Sobre nosotros<\/a><\/li><li class=\"page_item page-item-7181 menu-item\"><a href=\"https:\/\/youniquebyemilie.com\/es\/mapa-del-sitio\/\" class=\"menu-link\">Mapa del sitio<\/a><\/li><li class=\"page_item page-item-7201 menu-item\"><a href=\"https:\/\/youniquebyemilie.com\/es\/informacion-legal\/\" class=\"menu-link\">Informaci\u00f3n legal<\/a><\/li><li class=\"page_item page-item-7195 menu-item\"><a href=\"https:\/\/youniquebyemilie.com\/es\/ponte-en-contacto-con\/\" class=\"menu-link\">Ponte en contacto con<\/a><\/li><li class=\"page_item page-item-7162 menu-item\"><a href=\"https:\/\/youniquebyemilie.com\/es\/\" class=\"menu-link\">Younique By Emilie<\/a><\/li><\/ul><\/div><div class=\"sp-wrap-cpt\"><h2 class=\"sp-cpt-name\">Entradas<\/h2><div class=\"sp-wrap-cats\"><div class=\"sp-wrap-cat\"><h3 class=\"sp-cat-name\"><a href=\"https:\/\/youniquebyemilie.com\/es\/category\/consejos-para-los-embajadores\/\">Consejos para los embajadores<\/a><\/h3><ul class=\"sp-list-posts\"><li><a href=\"https:\/\/youniquebyemilie.com\/es\/komigo-y-younique-la-guia-completa-de-mi-nueva-tienda\/\">Komigo y Younique: la gu\u00eda completa de mi nueva tienda<\/a> - 20 febrero 2026<\/li><\/ul><\/div><div class=\"sp-wrap-cat\"><h3 class=\"sp-cat-name\"><a href=\"https:\/\/youniquebyemilie.com\/es\/category\/maquillaje\/\">Maquillaje<\/a><\/h3><ul class=\"sp-list-posts\"><li><a href=\"https:\/\/youniquebyemilie.com\/es\/que-mascara-younique-debes-elegir-para-tus-pestanas\/\">\u00bfQu\u00e9 m\u00e1scara Younique debes elegir para tus pesta\u00f1as?<\/a> - 13 febrero 2026<\/li><li><a href=\"https:\/\/youniquebyemilie.com\/es\/por-que-he-incluido-el-colageno-daily-you-en-mi-rutina\/\">\u00bfPor qu\u00e9 he incluido el col\u00e1geno DAILY-YOU en mi rutina?<\/a> - 18 junio 2025<\/li><li><a href=\"https:\/\/youniquebyemilie.com\/es\/younique-glowplexion-realmente-util-o-un-truco\/\">Younique Glowplexion: \u00bfrealmente \u00fatil o un truco?<\/a> - 18 junio 2025<\/li><li><a href=\"https:\/\/youniquebyemilie.com\/es\/bb-cream-o-base-de-maquillaje-younique-como-elegir\/\">BB cream o base de maquillaje Younique: \u00bfc\u00f3mo elegir?<\/a> - 18 junio 2025<\/li><li><a href=\"https:\/\/youniquebyemilie.com\/es\/mi-rutina-facial-younique-en-3-sencillos-productos\/\">Mi rutina facial Younique en 3 sencillos productos<\/a> - 18 junio 2025<\/li><\/ul><\/div><\/div><\/div><div class=\"sp-wrap-cpt\"><h2 class=\"sp-cpt-name\">Productos<\/h2><div class=\"sp-archive-link\"><a href=\"https:\/\/youniquebyemilie.com\/es\/shop\/\">Ver todos los productos<\/a><\/div><div class=\"sp-wrap-cats\"><div class=\"sp-wrap-cat\"><h3 class=\"sp-cat-name\"><a href=\"https:\/\/youniquebyemilie.com\/es\/categorie-produit\/cara\/\">Cara<\/a><\/h3><ul class=\"sp-list-posts\"><li><a href=\"https:\/\/youniquebyemilie.com\/es\/produit\/base-de-maquillaje-en-suero-younique-touch\/\">Base de maquillaje en suero + YOUNIQUE TOUCH<\/a> - 28 julio 2025<\/li><li><a href=\"https:\/\/youniquebyemilie.com\/es\/produit\/base-y-polvos-fijadores-touch-behold\/\">Base y polvos fijadores TOUCH BEHOLD<\/a> - 26 julio 2025<\/li><li><a href=\"https:\/\/youniquebyemilie.com\/es\/produit\/younique-touch-base-de-maquillaje-en-barra\/\">YOUNIQUE TOUCH base de maquillaje en barra<\/a> - 26 julio 2025<\/li><li><a href=\"https:\/\/youniquebyemilie.com\/es\/produit\/younique-touch-complexion-maquillaje-en-polvo-compacto\/\">YOUNIQUE TOUCH Complexion+ maquillaje en polvo compacto<\/a> - 26 julio 2025<\/li><li><a href=\"https:\/\/youniquebyemilie.com\/es\/produit\/polvos-bronceadores-mate-younique-touch\/\">Polvos bronceadores mate YOUNIQUE TOUCH<\/a> - 24 julio 2025<\/li><li><a href=\"https:\/\/youniquebyemilie.com\/es\/produit\/pincel-para-esculpir-younique\/\">Pincel para esculpir YOUNIQUE<\/a> - 24 julio 2025<\/li><li><a href=\"https:\/\/youniquebyemilie.com\/es\/produit\/brocha-younique-para-polvos-fijadores\/\">Brocha para polvos sueltos YOUNIQUE<\/a> - 24 julio 2025<\/li><li><a href=\"https:\/\/youniquebyemilie.com\/es\/produit\/pincel-kabuki-younique\/\">Pincel kabuki YOUNIQUE<\/a> - 24 julio 2025<\/li><li><a href=\"https:\/\/youniquebyemilie.com\/es\/produit\/pincel-abanico-biselado-younique\/\">Pincel abanico biselado YOUNIQUE<\/a> - 24 julio 2025<\/li><li><a href=\"https:\/\/youniquebyemilie.com\/es\/produit\/iluminador-fusion-younique-touch\/\">Iluminador fusi\u00f3n YOUNIQUE TOUCH<\/a> - 24 julio 2025<\/li><li><a href=\"https:\/\/youniquebyemilie.com\/es\/produit\/brocha-conica-para-colorete-younique\/\">Brocha c\u00f3nica para colorete YOUNIQUE<\/a> - 24 julio 2025<\/li><li><a href=\"https:\/\/youniquebyemilie.com\/es\/produit\/base-de-maquillaje-en-crema-younique-touch\/\">Base de maquillaje en crema YOUNIQUE TOUCH<\/a> - 24 julio 2025<\/li><li><a href=\"https:\/\/youniquebyemilie.com\/es\/produit\/colorete-compacto-moodstruck\/\">Colorete Compacto MOODSTRUCK<\/a> - 24 julio 2025<\/li><li><a href=\"https:\/\/youniquebyemilie.com\/es\/produit\/corrector-de-tez-younique-touch\/\">Corrector de tez YOUNIQUE TOUCH<\/a> - 24 julio 2025<\/li><li><a href=\"https:\/\/youniquebyemilie.com\/es\/produit\/base-touch-behold-y-bruma-fijadora-2\/\">Base TOUCH BEHOLD y bruma fijadora<\/a> - 24 julio 2025<\/li><li><a href=\"https:\/\/youniquebyemilie.com\/es\/produit\/base-touch-behold-y-bruma-fijadora\/\">YOUNIQUE BARE-YOU base iluminadora<\/a> - 24 julio 2025<\/li><\/ul><\/div><div class=\"sp-wrap-cat\"><h3 class=\"sp-cat-name\"><a href=\"https:\/\/youniquebyemilie.com\/es\/categorie-produit\/cuerpo\/\">Cuerpo<\/a><\/h3><ul class=\"sp-list-posts\"><li><a href=\"https:\/\/youniquebyemilie.com\/es\/produit\/guante-bronceador-beachfront\/\">Guante bronceador BEACHFRONT<\/a> - 24 julio 2025<\/li><li><a href=\"https:\/\/youniquebyemilie.com\/es\/produit\/exfoliante-corporal-beachfront\/\">Exfoliante corporal BEACHFRONT<\/a> - 24 julio 2025<\/li><li><a href=\"https:\/\/youniquebyemilie.com\/es\/produit\/mousse-bronceador-batido-beachfront\/\">Mousse Bronceador Batido BEACHFRONT<\/a> - 24 julio 2025<\/li><\/ul><\/div><div class=\"sp-wrap-cat\"><h3 class=\"sp-cat-name\"><a href=\"https:\/\/youniquebyemilie.com\/es\/categorie-produit\/labios\/\">Labios<\/a><\/h3><ul class=\"sp-list-posts\"><li><a href=\"https:\/\/youniquebyemilie.com\/es\/produit\/barra-de-labios-mate-moodstruck-opulence\/\">Barra de labios mate MOODSTRUCK OPULENCE<\/a> - 26 julio 2025<\/li><li><a href=\"https:\/\/youniquebyemilie.com\/es\/produit\/lapiz-de-labios-moodstruck-precision\/\">L\u00e1piz de labios MOODSTRUCK PRECISION<\/a> - 24 julio 2025<\/li><li><a href=\"https:\/\/youniquebyemilie.com\/es\/produit\/tinta-labial-moodstruck\/\">Tinta labial MOODSTRUCK<\/a> - 24 julio 2025<\/li><li><a href=\"https:\/\/youniquebyemilie.com\/es\/produit\/brillo-de-labios-lucrativo\/\">Brillo LUCRATIVO<\/a> - 24 julio 2025<\/li><li><a href=\"https:\/\/youniquebyemilie.com\/es\/produit\/desincrustante-labial-moodstruck-hottie\/\">Desincrustante labial MOODSTRUCK HOTTIE<\/a> - 24 julio 2025<\/li><li><a href=\"https:\/\/youniquebyemilie.com\/es\/produit\/barra-de-labios-cremosa-moodstruck-opulence\/\">Barra de labios en crema MOODSTRUCK OPULENCE<\/a> - 24 julio 2025<\/li><li><a href=\"https:\/\/youniquebyemilie.com\/es\/produit\/barra-de-labios-mate-para-todo-el-dia-moodstruck-splash\/\">Barra de labios mate para todo el d\u00eda MOODSTRUCK SPLASH<\/a> - 24 julio 2025<\/li><li><a href=\"https:\/\/youniquebyemilie.com\/es\/produit\/you-ology-exfoliante-labial-cremoso\/\">Crema labial exfoliante YOU OLOGY<\/a> - 24 julio 2025<\/li><li><a href=\"https:\/\/youniquebyemilie.com\/es\/produit\/mascarilla-labial-you-ology\/\">Mascarilla labial YOU OLOGY<\/a> - 24 julio 2025<\/li><li><a href=\"https:\/\/youniquebyemilie.com\/es\/produit\/cepillo-younique-completo\/\">Cepillo 4 en 1 YOUNIQUE<\/a> - 24 julio 2025<\/li><li><a href=\"https:\/\/youniquebyemilie.com\/es\/produit\/younique-bare-you-barra-de-colorear-todo-en-uno\/\">Barra multiusos para labios y mejillas BARE YOU YOUNIQUE<\/a> - 24 julio 2025<\/li><\/ul><\/div><div class=\"sp-wrap-cat\"><h3 class=\"sp-cat-name\"><a href=\"https:\/\/youniquebyemilie.com\/es\/categorie-produit\/ojos\/\">Ojos<\/a><\/h3><ul class=\"sp-list-posts\"><li><a href=\"https:\/\/youniquebyemilie.com\/es\/produit\/moodstruck-epic-4d-mascara-de-pestanas-de-fibra-en-un-solo-paso\/\">MOODSTRUCK EPIC 4D M\u00e1scara de pesta\u00f1as de fibra en un solo paso<\/a> - 26 julio 2025<\/li><li><a href=\"https:\/\/youniquebyemilie.com\/es\/produit\/mascara-de-pestanas-moodstruck-epic-twisted\/\">M\u00e1scara de pesta\u00f1as MOODSTRUCK EPIC Twisted<\/a> - 26 julio 2025<\/li><li><a href=\"https:\/\/youniquebyemilie.com\/es\/produit\/mascara-de-pestanas-4-en-1-base-suero-tubular-younique-quadra\/\">M\u00e1scara de pesta\u00f1as 4 en 1 base suero tubular YOUNIQUE QUADRA<\/a> - 26 julio 2025<\/li><li><a href=\"https:\/\/youniquebyemilie.com\/es\/produit\/oodstruck-precision-delineador-liquido-grafico\/\">MOODSTRUCK PRECISION Delineador L\u00edquido Gr\u00e1fico<\/a> - 24 julio 2025<\/li><li><a href=\"https:\/\/youniquebyemilie.com\/es\/produit\/rizador-de-pestanas-younique\/\">rizador de pesta\u00f1as YOUNIQUE<\/a> - 24 julio 2025<\/li><li><a href=\"https:\/\/youniquebyemilie.com\/es\/produit\/recambio-de-polvo-para-cejas-moodstruck\/\">Recambio de polvo para cejas MOODSTRUCK<\/a> - 24 julio 2025<\/li><li><a href=\"https:\/\/youniquebyemilie.com\/es\/produit\/recambio-de-sombra-de-ojos-compacta-moodstruck\/\">Recambio de sombra de ojos compacta MOODSTRUCK<\/a> - 24 julio 2025<\/li><li><a href=\"https:\/\/youniquebyemilie.com\/es\/produit\/paleta-esencial-moodstruck-la-base-perfecta-para-un-maquillaje-sin-complicaciones\/\">Paleta esencial MOODSTRUCK<\/a> - 24 julio 2025<\/li><li><a href=\"https:\/\/youniquebyemilie.com\/es\/produit\/paleta-de-sombras-de-ojos-moodstruck-addiction\/\">Paleta de sombras de ojos MOODSTRUCK ADDICTION<\/a> - 24 julio 2025<\/li><li><a href=\"https:\/\/youniquebyemilie.com\/es\/produit\/moodstruck-beloved-paleta-compacta-de-sombras-de-ojos-volumen-3\/\">MOODSTRUCK BELOVED Paleta compacta de sombras de ojos - Volumen 3<\/a> - 24 julio 2025<\/li><li><a href=\"https:\/\/youniquebyemilie.com\/es\/produit\/moodstruck-beloved-paleta-compacta-de-sombras-de-ojos\/\">MOODSTRUCK BELOVED Paleta compacta de sombras de ojos<\/a> - 24 julio 2025<\/li><li><a href=\"https:\/\/youniquebyemilie.com\/es\/produit\/paleta-de-cejas-duo-moodstruck\/\">Paleta de cejas d\u00fao MOODSTRUCK<\/a> - 24 julio 2025<\/li><li><a href=\"https:\/\/youniquebyemilie.com\/es\/produit\/moodstruck-4-paleta-compacta-de-sombras-de-ojos\/\">MOODSTRUCK 4 Paleta compacta de sombras de ojos<\/a> - 24 julio 2025<\/li><li><a href=\"https:\/\/youniquebyemilie.com\/es\/produit\/sombra-de-ojos-liquida-moodstruck\/\">Sombra de ojos l\u00edquida MOODSTRUCK<\/a> - 24 julio 2025<\/li><li><a href=\"https:\/\/youniquebyemilie.com\/es\/produit\/sombra-de-ojos-en-barra-moodstruck\/\">Sombra de ojos en barra MOODSTRUCK<\/a> - 24 julio 2025<\/li><li><a href=\"https:\/\/youniquebyemilie.com\/es\/produit\/you-ology-mascara-contorno-de-ojos\/\">YOU-OLOGY M\u00e1scara Contorno de Ojos<\/a> - 24 julio 2025<\/li><li><a href=\"https:\/\/youniquebyemilie.com\/es\/produit\/delineador-magnetico-moodstruck\/\">Delineador magn\u00e9tico MOODSTRUCK<\/a> - 24 julio 2025<\/li><li><a href=\"https:\/\/youniquebyemilie.com\/es\/produit\/delineador-liquido-moodstruck-precision-sombra-perfect\/\">Delineador l\u00edquido MOODSTRUCK PRECISION - Sombra \u00abPerfect<\/a> - 24 julio 2025<\/li><li><a href=\"https:\/\/youniquebyemilie.com\/es\/produit\/delineador-dip-draw\/\">Delineador DIP &amp; DRAW<\/a> - 24 julio 2025<\/li><li><a href=\"https:\/\/youniquebyemilie.com\/es\/produit\/lapiz-de-ojos-moodstruck-precision\/\">L\u00e1piz de ojos MOODSTRUCK PRECISION<\/a> - 24 julio 2025<\/li><li><a href=\"https:\/\/youniquebyemilie.com\/es\/produit\/moodstruck-lapiz-esculpidor-de-cejas\/\">MOODSTRUCK L\u00e1piz Esculpidor de Cejas<\/a> - 24 julio 2025<\/li><li><a href=\"https:\/\/youniquebyemilie.com\/es\/produit\/pestanas-magneticas-moodstruck\/\">Pesta\u00f1as magn\u00e9ticas MOODSTRUCK<\/a> - 24 julio 2025<\/li><li><a href=\"https:\/\/youniquebyemilie.com\/es\/produit\/estuche-individual-de-sombra-de-ojos-compacta-moodstruck\/\">Estuche individual de sombra de ojos compacta MOODSTRUCK<\/a> - 16 junio 2025<\/li><li><a href=\"https:\/\/youniquebyemilie.com\/es\/produit\/base-para-pestanas-moodstruck-epic\/\">Base para pesta\u00f1as MOODSTRUCK EPIC<\/a> - 16 junio 2025<\/li><li><a href=\"https:\/\/youniquebyemilie.com\/es\/produit\/aplicador-de-pestanas-postizas-younique\/\">Aplicador de pesta\u00f1as postizas YOUNIQUE<\/a> - 16 junio 2025<\/li><\/ul><\/div><div class=\"sp-wrap-cat\"><h3 class=\"sp-cat-name\"><a href=\"https:\/\/youniquebyemilie.com\/es\/categorie-produit\/piel\/\">Piel<\/a><\/h3><ul class=\"sp-list-posts\"><li><a href=\"https:\/\/youniquebyemilie.com\/es\/produit\/you-ology-cura-de-7-dias-con-vitamina-c\/\">YOU OLOGY Cura de 7 d\u00edas con vitamina C<\/a> - 27 julio 2025<\/li><li><a href=\"https:\/\/youniquebyemilie.com\/es\/produit\/younique-glowplexion-crema-hidratante\/\">YOUNIQUE GLOWPLEXION crema hidratante<\/a> - 26 julio 2025<\/li><li><a href=\"https:\/\/youniquebyemilie.com\/es\/produit\/you-ology-crema-contorno-de-ojos\/\">Crema contorno de ojos YOU OLOGY<\/a> - 26 julio 2025<\/li><li><a href=\"https:\/\/youniquebyemilie.com\/es\/produit\/limpiador-younique-glowplexion\/\">Limpiador YOUNIQUE GLOWPLEXION<\/a> - 26 julio 2025<\/li><li><a href=\"https:\/\/youniquebyemilie.com\/es\/produit\/mascarilla-refrescante-de-biocelulosa-you-ology\/\">mascarilla refrescante de biocelulosa YOU OLOGY<\/a> - 25 julio 2025<\/li><li><a href=\"https:\/\/youniquebyemilie.com\/es\/produit\/mascara-ocular-you-ology-30-pares\/\">M\u00e1scara ocular YOU OLOGY - 30 pares<\/a> - 25 julio 2025<\/li><li><a href=\"https:\/\/youniquebyemilie.com\/es\/produit\/mascarilla-en-crema-de-arcilla-y-carbon-you-niversal\/\">Mascarilla en crema de arcilla y carb\u00f3n YOU NIVERSAL<\/a> - 25 julio 2025<\/li><li><a href=\"https:\/\/youniquebyemilie.com\/es\/produit\/mascarilla-hidratante-de-noche-you-niversal\/\">Mascarilla hidratante de noche YOU NIVERSAL<\/a> - 25 julio 2025<\/li><li><a href=\"https:\/\/youniquebyemilie.com\/es\/produit\/mascarilla-rejuvenecedora-you-niversal\/\">Mascarilla Rejuvenecedora YOU NIVERSAL<\/a> - 25 julio 2025<\/li><li><a href=\"https:\/\/youniquebyemilie.com\/es\/produit\/limpiador-youthplexion\/\">Limpiador YOUTHPLEXION<\/a> - 25 julio 2025<\/li><li><a href=\"https:\/\/youniquebyemilie.com\/es\/produit\/pincel-aplicador-de-mascarilla-younique\/\">Pincel aplicador de mascarilla Younique<\/a> - 25 julio 2025<\/li><li><a href=\"https:\/\/youniquebyemilie.com\/es\/produit\/youthplexion-suero-de-noche\/\">YOUTHPLEXION Suero de Noche<\/a> - 25 julio 2025<\/li><li><a href=\"https:\/\/youniquebyemilie.com\/es\/produit\/you-ology-spray-tonificante-agua-de-rosas\/\">YOU OLOGY Spray Tonificante Agua de Rosas<\/a> - 25 julio 2025<\/li><li><a href=\"https:\/\/youniquebyemilie.com\/es\/produit\/suero-younique-glowplexion\/\">Suero YOUNIQUE GLOWPLEXION<\/a> - 24 julio 2025<\/li><li><a href=\"https:\/\/youniquebyemilie.com\/es\/produit\/aplicador-de-crema-de-ojos-younique\/\">Aplicador de crema de ojos YOUNIQUE<\/a> - 24 julio 2025<\/li><li><a href=\"https:\/\/youniquebyemilie.com\/es\/produit\/balsamo-limpiador-you-ology\/\">B\u00e1lsamo limpiador YOU OLOGY<\/a> - 24 julio 2025<\/li><li><a href=\"https:\/\/youniquebyemilie.com\/es\/produit\/crema-contorno-de-ojos-you-niversal\/\">Crema contorno de ojos YOU-NIVERSAL<\/a> - 24 julio 2025<\/li><li><a href=\"https:\/\/youniquebyemilie.com\/es\/produit\/youthplexion-crema-hidratante-de-dia\/\">YOUTHPLEXION Crema Hidratante de D\u00eda<\/a> - 24 julio 2025<\/li><li><a href=\"https:\/\/youniquebyemilie.com\/es\/produit\/youthplexion-crema-de-noche\/\">YOUTHPLEXION Crema de Noche<\/a> - 24 julio 2025<\/li><li><a href=\"https:\/\/youniquebyemilie.com\/es\/produit\/you-niversal-gel-limpiador-suave\/\">YOU NIVERSAL Gel Limpiador Suave<\/a> - 24 julio 2025<\/li><li><a href=\"https:\/\/youniquebyemilie.com\/es\/produit\/aceite-de-belleza-you-ology-uplift\/\">Aceite de belleza YOU-OLOGY UPLIFT<\/a> - 24 julio 2025<\/li><li><a href=\"https:\/\/youniquebyemilie.com\/es\/produit\/toallitas-limpiadoras-you-ology\/\">Toallitas limpiadoras YOU OLOGY<\/a> - 24 julio 2025<\/li><li><a href=\"https:\/\/youniquebyemilie.com\/es\/produit\/desmaquillante-liquido-you-ology\/\">Desmaquillante l\u00edquido YOU OLOGY<\/a> - 24 julio 2025<\/li><\/ul><\/div><div class=\"sp-wrap-cat\"><h3 class=\"sp-cat-name\"><a href=\"https:\/\/youniquebyemilie.com\/es\/categorie-produit\/suplementos\/\">Suplementos<\/a><\/h3><ul class=\"sp-list-posts\"><li><a href=\"https:\/\/youniquebyemilie.com\/es\/produit\/younique-daily-you-cuidado-colageno-liquido-30-sobres\/\">YOUNIQUE DAILY-YOU Cuidado Col\u00e1geno L\u00edquido - 30 sobres<\/a> - 27 julio 2025<\/li><li><a href=\"https:\/\/youniquebyemilie.com\/es\/produit\/younique-daily-you-encias-pelo-piel-y-unas\/\">YOUNIQUE DAILY-YOU enc\u00edas pelo, piel y u\u00f1as<\/a> - 26 julio 2025<\/li><\/ul><\/div><\/div><\/div><\/div><\/div>\n\t\t\t\t\t\t<\/div>\n\t\t\t\t<\/div>\n\t\t\t\t\t<\/div>\n\t\t\t\t<\/div>\n\t\t\t\t<\/div>\n\t\t","protected":false},"excerpt":{"rendered":"<p>[rank_math_html_sitemap] Younique de Emilie Mapa del sitio<\/p>\n","protected":false},"author":1,"featured_media":0,"parent":0,"menu_order":0,"comment_status":"closed","ping_status":"closed","template":"elementor_header_footer","meta":{"_seopress_robots_primary_cat":"","_seopress_titles_title":"","_seopress_titles_desc":"","_seopress_robots_index":"","site-sidebar-layout":"default","site-content-layout":"","ast-site-content-layout":"default","site-content-style":"default","site-sidebar-style":"default","ast-global-header-display":"","ast-banner-title-visibility":"","ast-main-header-display":"","ast-hfb-above-header-display":"","ast-hfb-below-header-display":"","ast-hfb-mobile-header-display":"","site-post-title":"","ast-breadcrumbs-content":"","ast-featured-img":"","footer-sml-layout":"","ast-disable-related-posts":"","theme-transparent-header-meta":"","adv-header-id-meta":"","stick-header-meta":"","header-above-stick-meta":"","header-main-stick-meta":"","header-below-stick-meta":"","astra-migrate-meta-layouts":"default","ast-page-background-enabled":"default","ast-page-background-meta":{"desktop":{"background-color":"var(--ast-global-color-4)","background-image":"","background-repeat":"repeat","background-position":"center center","background-size":"auto","background-attachment":"scroll","background-type":"","background-media":"","overlay-type":"","overlay-color":"","overlay-opacity":"","overlay-gradient":""},"tablet":{"background-color":"","background-image":"","background-repeat":"repeat","background-position":"center center","background-size":"auto","background-attachment":"scroll","background-type":"","background-media":"","overlay-type":"","overlay-color":"","overlay-opacity":"","overlay-gradient":""},"mobile":{"background-color":"","background-image":"","background-repeat":"repeat","background-position":"center center","background-size":"auto","background-attachment":"scroll","background-type":"","background-media":"","overlay-type":"","overlay-color":"","overlay-opacity":"","overlay-gradient":""}},"ast-content-background-meta":{"desktop":{"background-color":"var(--ast-global-color-5)","background-image":"","background-repeat":"repeat","background-position":"center center","background-size":"auto","background-attachment":"scroll","background-type":"","background-media":"","overlay-type":"","overlay-color":"","overlay-opacity":"","overlay-gradient":""},"tablet":{"background-color":"var(--ast-global-color-5)","background-image":"","background-repeat":"repeat","background-position":"center center","background-size":"auto","background-attachment":"scroll","background-type":"","background-media":"","overlay-type":"","overlay-color":"","overlay-opacity":"","overlay-gradient":""},"mobile":{"background-color":"var(--ast-global-color-5)","background-image":"","background-repeat":"repeat","background-position":"center center","background-size":"auto","background-attachment":"scroll","background-type":"","background-media":"","overlay-type":"","overlay-color":"","overlay-opacity":"","overlay-gradient":""}},"footnotes":""},"class_list":["post-7181","page","type-page","status-publish","hentry"],"_links":{"self":[{"href":"https:\/\/youniquebyemilie.com\/es\/wp-json\/wp\/v2\/pages\/7181","targetHints":{"allow":["GET"]}}],"collection":[{"href":"https:\/\/youniquebyemilie.com\/es\/wp-json\/wp\/v2\/pages"}],"about":[{"href":"https:\/\/youniquebyemilie.com\/es\/wp-json\/wp\/v2\/types\/page"}],"author":[{"embeddable":true,"href":"https:\/\/youniquebyemilie.com\/es\/wp-json\/wp\/v2\/users\/1"}],"replies":[{"embeddable":true,"href":"https:\/\/youniquebyemilie.com\/es\/wp-json\/wp\/v2\/comments?post=7181"}],"version-history":[{"count":0,"href":"https:\/\/youniquebyemilie.com\/es\/wp-json\/wp\/v2\/pages\/7181\/revisions"}],"wp:attachment":[{"href":"https:\/\/youniquebyemilie.com\/es\/wp-json\/wp\/v2\/media?parent=7181"}],"curies":[{"name":"wp","href":"https:\/\/api.w.org\/{rel}","templated":true}]}}