{"id":7421,"date":"2025-06-16T16:34:54","date_gmt":"2025-06-16T16:34:54","guid":{"rendered":"https:\/\/youniquebyemilie.com\/produit\/estuche-individual-de-sombra-de-ojos-compacta-moodstruck\/"},"modified":"2025-10-13T17:25:27","modified_gmt":"2025-10-13T15:25:27","slug":"estuche-individual-de-sombra-de-ojos-compacta-moodstruck","status":"publish","type":"product","link":"https:\/\/youniquebyemilie.com\/es\/produit\/estuche-individual-de-sombra-de-ojos-compacta-moodstruck\/","title":{"rendered":"Estuche individual de sombra de ojos compacta MOODSTRUCK"},"content":{"rendered":"<p><span style=\"font-weight: 400;\">\u00bfBuscas una compacta<\/span><b> compacto<\/b><span style=\"font-weight: 400;\">, <\/span><b>rellenable<\/b><span style=\"font-weight: 400;\">,<\/span><b> f\u00e1cil de aplicar<\/b><span style=\"font-weight: 400;\">  y dura todo el d\u00eda sin que tengas que preocuparte? He encontrado mi imprescindible con las sombras compactas MOODSTRUCK. Su textura aterciopelada es un aut\u00e9ntico placer de aplicar, \u00bfy su duraci\u00f3n? Hasta     <\/span><b>12 horas sin retoques<\/b><span style=\"font-weight: 400;\">. <\/span> <\/p>\n<p><span style=\"font-weight: 400;\">Tanto si prefieres un discreto look natural como un ahumado ultraglamuroso, te encantar\u00e1n los resultados. Y el peque\u00f1o extra que marca la diferencia: el estuche es recargable, para que puedas cambiar de color siempre que quieras sin perder tu tono favorito. <\/span><\/p>\n<h2><span style=\"font-weight: 400;\">Lo que ganas con la maleta compacta MOODSTRUCK<\/span><\/h2>\n<ul>\n<li style=\"font-weight: 400;\" aria-level=\"1\"><span style=\"font-weight: 400;\">A <\/span><b>fijaci\u00f3n concreta hasta 12 horas<\/b><span style=\"font-weight: 400;\"> gracias a una base integrada que capta el color.<\/span><\/li>\n<li style=\"font-weight: 400;\" aria-level=\"1\"><span style=\"font-weight: 400;\">A<\/span><b> textura ultrasuave y ajustable<\/b><span style=\"font-weight: 400;\">Se aplica y difumina en un abrir y cerrar de ojos.<\/span><\/li>\n<li style=\"font-weight: 400;\" aria-level=\"1\"><span style=\"font-weight: 400;\">A <\/span><b>estuche compacto recargable<\/b><span style=\"font-weight: 400;\">Es muy pr\u00e1ctico para cambiar entre tus looks favoritos.<\/span><\/li>\n<li style=\"font-weight: 400;\" aria-level=\"1\"><span style=\"font-weight: 400;\">En<\/span><b> pigmentos ricos e intensos<\/b><span style=\"font-weight: 400;\"> que despiertan tus ojos y duran todo el d\u00eda, incluso cuando vas de un lado para otro.<\/span><\/li>\n<li style=\"font-weight: 400;\" aria-level=\"1\"><span style=\"font-weight: 400;\">A<\/span><b> f\u00f3rmula limpia, sin parabenos ni ingredientes agresivos,<\/b><span style=\"font-weight: 400;\"> para mimar tu piel sensible.<\/span><\/li>\n<\/ul>\n<h2><span style=\"font-weight: 400;\">C\u00f3mo utilizar tu sombra compacta MOODSTRUCK y puntuar siempre<\/span><\/h2>\n<ol>\n<li style=\"font-weight: 400;\" aria-level=\"1\"><span style=\"font-weight: 400;\">Aplica la base MOODSTRUCK en los p\u00e1rpados y las cejas para preparar la piel y potenciar la fijaci\u00f3n.<\/span><\/li>\n<li style=\"font-weight: 400;\" aria-level=\"1\"><span style=\"font-weight: 400;\">Con tu <\/span><b>pincel YOUNIQUE favorito<\/b><span style=\"font-weight: 400;\">favorito, aplica la sombra compacta sobre el p\u00e1rpado y el hueso de la ceja.<\/span><\/li>\n<li style=\"font-weight: 400;\" aria-level=\"1\"><span style=\"font-weight: 400;\">M\u00e9zclalos bien para obtener un resultado armonioso, y ponlos en capas si quieres m\u00e1s fuerza.<\/span><\/li>\n<li style=\"font-weight: 400;\" aria-level=\"1\"><span style=\"font-weight: 400;\">Cambia de color cuando quieras simplemente recargando tu caja.<\/span><\/li>\n<\/ol>\n<p><span style=\"font-weight: 400;\">Con unos sencillos pasos, tus ojos estar\u00e1n listos para destacar durante todo el d\u00eda.<\/span><\/p>\n<p>&nbsp;<\/p>\n<h2><span style=\"font-weight: 400;\">Ingredientes que te cuidan<\/span><\/h2>\n<ul>\n<li style=\"font-weight: 400;\" aria-level=\"1\"><b>Dimeticona<\/b><span style=\"font-weight: 400;\">Para una textura suave y lisa, c\u00f3moda de llevar.<\/span><\/li>\n<li style=\"font-weight: 400;\" aria-level=\"1\"><b>Ceras naturales<\/b><span style=\"font-weight: 400;\"> (carnauba, candelilla, cera de abejas) que fijan el polvo y garantizan una fijaci\u00f3n perfecta.<\/span><\/li>\n<li style=\"font-weight: 400;\" aria-level=\"1\"><b>Agentes film\u00f3genos<\/b><span style=\"font-weight: 400;\"> para una aplicaci\u00f3n fluida y un acabado intenso.<\/span><\/li>\n<li style=\"font-weight: 400;\" aria-level=\"1\"><b>Pigmentos y \u00f3xidos naturales<\/b><span style=\"font-weight: 400;\"> para unos colores vivos y ricos que respetan tu delicada piel.<\/span><\/li>\n<li style=\"font-weight: 400;\" aria-level=\"1\"><span style=\"font-weight: 400;\">Sin parabenos ni sustancias agresivas, porque tu piel se merece lo mejor.<\/span><\/li>\n<\/ul>\n<p><span style=\"font-weight: 400;\">Con este sencillo estuche de sombras de ojos MOODSTRUCK, tienes todo lo que necesitas para iluminar tus ojos, ahorrar tiempo y conseguir un look a tu imagen, sin estr\u00e9s. A\u00f1\u00e1delo a tu kit y no te arrepentir\u00e1s. <\/span><\/p>\n<h2><span style=\"font-weight: 400;\">FAQ: Todo lo que necesitas saber sobre tu sencillo estuche de sombras de ojos MOODSTRUCK<\/span><\/h2>\n<ol>\n<li><b>  \u00bfEsta funda compacta es compatible con todas las gafas MOODSTRUCK?<\/b><b><br \/>\n<\/b><span style=\"font-weight: 400;\">  S\u00ed, este estuche est\u00e1 dise\u00f1ado para adaptarse perfectamente a todas las sombras de ojos compactas MOODSTRUCK, para que puedas personalizar tu maquillaje a tu gusto.<\/span><\/li>\n<li><b>  \u00bfEs f\u00e1cil cambiar la sombra de la carcasa sin da\u00f1arla?<\/b><b><br \/>\n<\/b><span style=\"font-weight: 400;\">  S\u00ed, el sistema de recarga es sencillo y limpio. Puedes cambiar de tono en un abrir y cerrar de ojos, sin desperdiciar producto. <\/span><\/li>\n<li><b>  \u00bfIncluye el estuche un espejo o un aplicador?<\/b><b><br \/>\n<\/b><span style=\"font-weight: 400;\">  El sencillo estuche es minimalista, sin espejo ni aplicador, lo que lo hace ligero y superpr\u00e1ctico. Puedes utilizar tus brochas YOUNIQUE favoritas para conseguir un look profesional. <\/span><\/li>\n<li><b>  \u00bfPuedo recoger varias recargas con la misma caja?<\/b><b><br \/>\n<\/b><span style=\"font-weight: 400;\">  Absolutamente, \u00a1est\u00e1 hecho para ello! Puedes tener varios recambios y cambiarlos seg\u00fan tu estado de \u00e1nimo y estilo. <\/span><\/li>\n<li><b>  \u00bfQu\u00e9 debo hacer si el cierre de la caja pierde eficacia con el tiempo?<\/b><\/li>\n<\/ol>\n<p><span style=\"font-weight: 400;\">No te asustes, a menudo basta con limpiar un poco los clips y el borde de la funda con un pa\u00f1o suave para restablecer un sellado perfecto.<\/span><\/p>\n<p><span style=\"font-weight: 400;\">A\u00f1ade ahora a tu kit esta funda compacta recargable MOODSTRUCK. Cambia de look tanto como quieras.   <\/span><b>a largo plazo<\/b><span style=\"font-weight: 400;\">  y unos ojos bonitos y sin estr\u00e9s durante todo el d\u00eda. Atr\u00e9vete, \u00a1te encantar\u00e1 este peque\u00f1o impulso de belleza que lo cambia todo! <\/span><\/p>\n","protected":false},"excerpt":{"rendered":"<p>\u00bfBuscas una <strong>sombra de ojos<\/strong> f\u00e1cil de aplicar que dure todo el d\u00eda sin retoques? \u00a1 <strong>Las sombras compactas MOODSTRUCK<\/strong> son para ti! Su textura aterciopelada es superagradable de aplicar, \u00bfy cu\u00e1nto duran? Hasta 12 horas, sin moverse. Pr\u00e1cticas y <strong>recargables<\/strong>, puedes cambiar de color seg\u00fan tu estado de \u00e1nimo, sin perder tu tono favorito.    <\/p>\n<h3><strong>Por qu\u00e9 te encantar\u00e1n las sombras compactas MOODSTRUCK<\/strong>:<\/h3>\n<ul>\n<li><strong>Larga duraci\u00f3n<\/strong> de hasta 12 horas con base incorporada.<\/li>\n<li><strong>Textura suave y ajustable<\/strong>: f\u00e1cil de aplicar y difuminar.<\/li>\n<li><strong>Funda recargable<\/strong> para que puedas cambiar de color cuando quieras.<\/li>\n<li><strong>Pigmentos intensos<\/strong> para unos ojos vibrantes y un efecto de larga duraci\u00f3n.<\/li>\n<li><strong>F\u00f3rmula limpia<\/strong> sin parabenos ni sustancias agresivas.<\/li>\n<\/ul>\n<p>A\u00f1\u00e1delos a tu kit y disfruta de un look impecable y sin estr\u00e9s.<\/p>\n","protected":false},"featured_media":7085,"comment_status":"open","ping_status":"closed","template":"","meta":{"_seopress_robots_primary_cat":"none","_seopress_titles_title":"","_seopress_titles_desc":"","_seopress_robots_index":"","site-sidebar-layout":"default","site-content-layout":"","ast-site-content-layout":"default","site-content-style":"default","site-sidebar-style":"default","ast-global-header-display":"","ast-banner-title-visibility":"","ast-main-header-display":"","ast-hfb-above-header-display":"","ast-hfb-below-header-display":"","ast-hfb-mobile-header-display":"","site-post-title":"","ast-breadcrumbs-content":"","ast-featured-img":"","footer-sml-layout":"","ast-disable-related-posts":"","theme-transparent-header-meta":"default","adv-header-id-meta":"","stick-header-meta":"","header-above-stick-meta":"","header-main-stick-meta":"","header-below-stick-meta":"","astra-migrate-meta-layouts":"default","ast-page-background-enabled":"default","ast-page-background-meta":{"desktop":{"background-color":"var(--ast-global-color-4)","background-image":"","background-repeat":"repeat","background-position":"center center","background-size":"auto","background-attachment":"scroll","background-type":"","background-media":"","overlay-type":"","overlay-color":"","overlay-opacity":"","overlay-gradient":""},"tablet":{"background-color":"","background-image":"","background-repeat":"repeat","background-position":"center center","background-size":"auto","background-attachment":"scroll","background-type":"","background-media":"","overlay-type":"","overlay-color":"","overlay-opacity":"","overlay-gradient":""},"mobile":{"background-color":"","background-image":"","background-repeat":"repeat","background-position":"center center","background-size":"auto","background-attachment":"scroll","background-type":"","background-media":"","overlay-type":"","overlay-color":"","overlay-opacity":"","overlay-gradient":""}},"ast-content-background-meta":{"desktop":{"background-color":"var(--ast-global-color-5)","background-image":"","background-repeat":"repeat","background-position":"center center","background-size":"auto","background-attachment":"scroll","background-type":"","background-media":"","overlay-type":"","overlay-color":"","overlay-opacity":"","overlay-gradient":""},"tablet":{"background-color":"var(--ast-global-color-5)","background-image":"","background-repeat":"repeat","background-position":"center center","background-size":"auto","background-attachment":"scroll","background-type":"","background-media":"","overlay-type":"","overlay-color":"","overlay-opacity":"","overlay-gradient":""},"mobile":{"background-color":"var(--ast-global-color-5)","background-image":"","background-repeat":"repeat","background-position":"center center","background-size":"auto","background-attachment":"scroll","background-type":"","background-media":"","overlay-type":"","overlay-color":"","overlay-opacity":"","overlay-gradient":""}}},"product_brand":[],"product_cat":[62],"product_tag":[],"class_list":{"0":"post-7421","1":"product","2":"type-product","3":"status-publish","4":"has-post-thumbnail","6":"product_cat-ojos","7":"desktop-align-left","8":"tablet-align-left","9":"mobile-align-left","11":"first","12":"instock","13":"shipping-taxable","14":"product-type-external"},"_links":{"self":[{"href":"https:\/\/youniquebyemilie.com\/es\/wp-json\/wp\/v2\/product\/7421","targetHints":{"allow":["GET"]}}],"collection":[{"href":"https:\/\/youniquebyemilie.com\/es\/wp-json\/wp\/v2\/product"}],"about":[{"href":"https:\/\/youniquebyemilie.com\/es\/wp-json\/wp\/v2\/types\/product"}],"replies":[{"embeddable":true,"href":"https:\/\/youniquebyemilie.com\/es\/wp-json\/wp\/v2\/comments?post=7421"}],"wp:featuredmedia":[{"embeddable":true,"href":"https:\/\/youniquebyemilie.com\/es\/wp-json\/wp\/v2\/media\/7085"}],"wp:attachment":[{"href":"https:\/\/youniquebyemilie.com\/es\/wp-json\/wp\/v2\/media?parent=7421"}],"wp:term":[{"taxonomy":"product_brand","embeddable":true,"href":"https:\/\/youniquebyemilie.com\/es\/wp-json\/wp\/v2\/product_brand?post=7421"},{"taxonomy":"product_cat","embeddable":true,"href":"https:\/\/youniquebyemilie.com\/es\/wp-json\/wp\/v2\/product_cat?post=7421"},{"taxonomy":"product_tag","embeddable":true,"href":"https:\/\/youniquebyemilie.com\/es\/wp-json\/wp\/v2\/product_tag?post=7421"}],"curies":[{"name":"wp","href":"https:\/\/api.w.org\/{rel}","templated":true}]}}