{"id":7450,"date":"2025-07-27T16:13:22","date_gmt":"2025-07-27T14:13:22","guid":{"rendered":"https:\/\/youniquebyemilie.com\/produit\/younique-daily-you-cuidado-colageno-liquido-30-sobres\/"},"modified":"2026-02-09T14:40:01","modified_gmt":"2026-02-09T13:40:01","slug":"younique-daily-you-cuidado-colageno-liquido-30-sobres","status":"publish","type":"product","link":"https:\/\/youniquebyemilie.com\/es\/produit\/younique-daily-you-cuidado-colageno-liquido-30-sobres\/","title":{"rendered":"YOUNIQUE DAILY-YOU Cuidado Col\u00e1geno L\u00edquido - 30 sobres"},"content":{"rendered":"<p><span style=\"font-weight: 400;\">\u00daltimamente noto la piel menos luminosa, m\u00e1s seca y las arruguitas empezaban a molestarme. Prob\u00e9   <\/span><b>YOUNIQUE DIARIO-T\u00da<\/b><span style=\"font-weight: 400;\">Y me hizo mucho bien. No hubo promesas vac\u00edas, sino una sensaci\u00f3n real de piel m\u00e1s flexible y radiante, sin ninguna molestia. <\/span><\/p>\n<p><span style=\"font-weight: 400;\">Cada ma\u00f1ana, bebo mi peque\u00f1o chupito de mango y c\u00edtricos, que es f\u00e1cil de tragar, y en pocas semanas, he notado realmente que mi piel se ha vuelto m\u00e1s firme. Para m\u00ed, se ha convertido en un gesto sencillo y r\u00e1pido que marca una verdadera diferencia. <\/span><\/p>\n<h3><span style=\"font-weight: 400;\">Lo que YOUNIQUE DAILY-YOU ha hecho por m\u00ed, y lo que har\u00e1 por ti tambi\u00e9n<\/span><\/h3>\n<ul>\n<li style=\"font-weight: 400;\" aria-level=\"1\"><b>Piel m\u00e1s hidratada y luminosa<\/b><span style=\"font-weight: 400;\"> La textura de tu piel se vuelve m\u00e1s suave y radiante, como un filtro de Instagram, pero en la vida real.<\/span><\/li>\n<li style=\"font-weight: 400;\" aria-level=\"1\"><b>Reducci\u00f3n visible de l\u00edneas finas y arrugas<\/b><span style=\"font-weight: 400;\"> En <\/span><b>8 semanas,<\/b><span style=\"font-weight: 400;\">  tu piel est\u00e1 m\u00e1s firme y tiene un aspecto m\u00e1s joven. Los signos del tiempo desaparecen y tu cutis parece m\u00e1s fresco. <\/span><\/li>\n<li style=\"font-weight: 400;\" aria-level=\"1\"><b>Se acab\u00f3 la piel seca y \u00e1spera<\/b><span style=\"font-weight: 400;\"> Piel nutrida, flexible y suave gracias a una f\u00f3rmula concentrada en col\u00e1geno marino e hialuronato s\u00f3dico.<\/span><\/li>\n<li style=\"font-weight: 400;\" aria-level=\"1\"><b>Una toma pr\u00e1ctica y deliciosa<\/b><span style=\"font-weight: 400;\"> En 25 ml, obtienes 5000 mg de col\u00e1geno marino y potentes potenciadores cut\u00e1neos para una piel de primera.<\/span><\/li>\n<li style=\"font-weight: 400;\" aria-level=\"1\"><b>Ingredientes 100% naturales y saludables<\/b><span style=\"font-weight: 400;\">  Sin gluten, sin soja, sin OMG, sin l\u00e1cteos y sin colorantes artificiales. Un producto para el cuidado de la piel que respeta tu piel y tus valores. <\/span><\/li>\n<\/ul>\n<h3><span style=\"font-weight: 400;\">Los ingredientes que marcan la diferencia :<\/span><\/h3>\n<ul>\n<li style=\"font-weight: 400;\" aria-level=\"1\"><b>Col\u00e1geno marino<\/b><span style=\"font-weight: 400;\"> 5000 mg por sobre para mejorar la firmeza y luminosidad de tu piel.<\/span><\/li>\n<li style=\"font-weight: 400;\" aria-level=\"1\"><b>Hialuronato s\u00f3dico<\/b><span style=\"font-weight: 400;\"> Aumenta la hidrataci\u00f3n y reduce la sequedad cut\u00e1nea, para una piel m\u00e1s tersa.<\/span><\/li>\n<li style=\"font-weight: 400;\" aria-level=\"1\"><b>Vinagre de sidra de manzana<\/b><span style=\"font-weight: 400;\"> y <\/span><b>Aloe Vera<\/b><span style=\"font-weight: 400;\"> Hidrataci\u00f3n intensa y revitalizaci\u00f3n para una piel radiante.<\/span><\/li>\n<li style=\"font-weight: 400;\" aria-level=\"1\"><b>\u00c1cido m\u00e1lico y \u00e1cido c\u00edtrico<\/b><span style=\"font-weight: 400;\"> Renuevan la piel, reducen la aspereza y proporcionan una textura suave.<\/span><\/li>\n<\/ul>\n<h3><span style=\"font-weight: 400;\">Por fin ha llegado la revoluci\u00f3n de la belleza que estabas esperando<\/span><\/h3>\n<p><span style=\"font-weight: 400;\">\u00bfC\u00f3mo funciona? \u00a1As\u00ed de sencillo! <\/span><\/p>\n<ol>\n<li style=\"font-weight: 400;\" aria-level=\"1\"><b>Abre<\/b><span style=\"font-weight: 400;\"> la bolsa con la punta f\u00e1cil de rasgar.<\/span><\/li>\n<li style=\"font-weight: 400;\" aria-level=\"1\"><b>Sorbe<\/b><span style=\"font-weight: 400;\"> el col\u00e1geno l\u00edquido directamente de la bolsita, o <\/span><b>m\u00e9zclalo<\/b><span style=\"font-weight: 400;\"> con tu bebida favorita (por ejemplo, agua, zumo de frutas o un c\u00f3ctel como nuestra receta \u201cAmanecer\u201d).<\/span><\/li>\n<li style=\"font-weight: 400;\" aria-level=\"1\"><b>Disfruta de<\/b><span style=\"font-weight: 400;\"> los beneficios de una toma pr\u00e1ctica y deliciosa que puedes tomar todos los d\u00edas.<\/span><\/li>\n<\/ol>\n<p><span style=\"font-weight: 400;\">Cu\u00eddate sin esfuerzo.  <\/span><b>YOUNIQUE DIARIO-T\u00da<\/b><span style=\"font-weight: 400;\">  es f\u00e1cil de incorporar a tu rutina y tan delicioso que no tendr\u00e1s excusa para no usarlo. Reg\u00e1late esa piel perfecta,   <\/span><b>haz tu pedido ahora y brilla desde dentro<\/b><span style=\"font-weight: 400;\"> \u00a1!<\/span><\/p>\n<h3><span style=\"font-weight: 400;\">Por qu\u00e9 recomiendo YOUNIQUE DAILY-YOU<\/span><\/h3>\n<p><span style=\"font-weight: 400;\">Porque es <\/span><b>sencillo<\/b><span style=\"font-weight: 400;\">, <\/span><b>eficaz<\/b><span style=\"font-weight: 400;\"> y <\/span><b>respetuoso<\/b><span style=\"font-weight: 400;\">. Fabricado en condiciones certificadas  <\/span><b>Halal<\/b><span style=\"font-weight: 400;\"> y <\/span><b>Kosher<\/b><span style=\"font-weight: 400;\">dermatol\u00f3gicamente testado y libre de sustancias qu\u00edmicas indeseables, <\/span><b>YOUNIQUE DIARIO-TU<\/b><span style=\"font-weight: 400;\"> te ofrece los <\/span><b>mejores ingredientes<\/b><span style=\"font-weight: 400;\">  para una piel revitalizada, radiante y de aspecto m\u00e1s joven. No tienes nada que perder, s\u00f3lo resultados que ganar. <\/span><\/p>\n<h3><span style=\"font-weight: 400;\">FAQ YOUNIQUE DIARIO-TU :<\/span><\/h3>\n<ol>\n<li><b>  \u00bfEste producto es adecuado para todos los tipos de piel?<\/b><b><br \/>\n<\/b><span style=\"font-weight: 400;\">  S\u00ed, es adecuado para todo tipo de pieles, incluso las m\u00e1s sensibles, y proporciona hidrataci\u00f3n y suavidad instant\u00e1neas.<\/span><\/li>\n<li> <b> \u00bfCu\u00e1nto tiempo se tarda en ver resultados visibles?<\/b><b>\n<p><\/b><span style=\"font-weight: 400;\"> Resultados visibles en tan s\u00f3lo <\/span><b>4 semanas<\/b><span style=\"font-weight: 400;\"> \u00a1! Piel m\u00e1s luminosa y suave, y despu\u00e9s <\/span><b>8<\/b> <b>semanas<\/b><span style=\"font-weight: 400;\">notar\u00e1s una marcada diferencia en las arrugas y la firmeza de la piel.<\/span><\/li>\n<li><b>  \u00bfPuedo llev\u00e1rmelo a todas partes?<\/b><b><br \/>\n<\/b><span style=\"font-weight: 400;\">  \u00a1Por supuesto! Cada sobre est\u00e1 predosificado y es f\u00e1cil de llevar contigo. Es el tratamiento ideal, incluso cuando est\u00e1s en movimiento.  <\/span><\/li>\n<li><b>  \u00bfEste producto contiene al\u00e9rgenos?<\/b><b><br \/>\n<\/b><span style=\"font-weight: 400;\">  No, no contiene gluten, soja, OMG ni l\u00e1cteos, para adaptarse a todas las necesidades diet\u00e9ticas.<\/span><\/li>\n<li><b>  \u00bfCu\u00e1ntos sobres hay en un paquete?<\/b><b><br \/>\n<\/b><span style=\"font-weight: 400;\">  Cada envase contiene 30 sobres, o un mes de tratamiento, \u00a1para una piel visiblemente m\u00e1s joven y radiante!<\/span><\/li>\n<\/ol>\n<p><span style=\"font-weight: 400;\">No dejes tu belleza al azar. Haz clic y pide   <\/span><b>YOUNIQUE DIARIO-T\u00da<\/b><span style=\"font-weight: 400;\"> ahora para una piel m\u00e1s joven y bella, \u00a1hoy mismo!<\/span><\/p>\n","protected":false},"excerpt":{"rendered":"<p>\u00bfCansada de una piel apagada y seca? He encontrado la soluci\u00f3n con <strong>Younique DAILY-YOU<\/strong>. Este delicioso chute de mango y c\u00edtricos me ha ayudado a recuperar una piel m\u00e1s firme, luminosa e hidratada en pocas semanas. Gracias a su f\u00f3rmula concentrada en <strong>col\u00e1geno marino<\/strong> e <strong>hialuronato s\u00f3dico<\/strong>, mi piel est\u00e1 m\u00e1s lisa, mis arrugas se han reducido y est\u00e1 m\u00e1s flexible que nunca.   <\/p>\n<p>F\u00e1cil de incorporar a mi rutina, este pr\u00e1ctico producto natural para el cuidado de la piel respeta mis valores: sin gluten, sin soja y sin productos qu\u00edmicos. Si quieres una piel radiante, nutrida y de aspecto m\u00e1s joven, \u00a1pru\u00e9balo! <\/p>\n","protected":false},"featured_media":7077,"comment_status":"open","ping_status":"closed","template":"","meta":{"_seopress_robots_primary_cat":"none","_seopress_titles_title":"","_seopress_titles_desc":"","_seopress_robots_index":"","site-sidebar-layout":"default","site-content-layout":"","ast-site-content-layout":"default","site-content-style":"default","site-sidebar-style":"default","ast-global-header-display":"","ast-banner-title-visibility":"","ast-main-header-display":"","ast-hfb-above-header-display":"","ast-hfb-below-header-display":"","ast-hfb-mobile-header-display":"","site-post-title":"","ast-breadcrumbs-content":"","ast-featured-img":"","footer-sml-layout":"","ast-disable-related-posts":"","theme-transparent-header-meta":"default","adv-header-id-meta":"","stick-header-meta":"","header-above-stick-meta":"","header-main-stick-meta":"","header-below-stick-meta":"","astra-migrate-meta-layouts":"default","ast-page-background-enabled":"default","ast-page-background-meta":{"desktop":{"background-color":"var(--ast-global-color-4)","background-image":"","background-repeat":"repeat","background-position":"center center","background-size":"auto","background-attachment":"scroll","background-type":"","background-media":"","overlay-type":"","overlay-color":"","overlay-opacity":"","overlay-gradient":""},"tablet":{"background-color":"","background-image":"","background-repeat":"repeat","background-position":"center center","background-size":"auto","background-attachment":"scroll","background-type":"","background-media":"","overlay-type":"","overlay-color":"","overlay-opacity":"","overlay-gradient":""},"mobile":{"background-color":"","background-image":"","background-repeat":"repeat","background-position":"center center","background-size":"auto","background-attachment":"scroll","background-type":"","background-media":"","overlay-type":"","overlay-color":"","overlay-opacity":"","overlay-gradient":""}},"ast-content-background-meta":{"desktop":{"background-color":"var(--ast-global-color-5)","background-image":"","background-repeat":"repeat","background-position":"center center","background-size":"auto","background-attachment":"scroll","background-type":"","background-media":"","overlay-type":"","overlay-color":"","overlay-opacity":"","overlay-gradient":""},"tablet":{"background-color":"var(--ast-global-color-5)","background-image":"","background-repeat":"repeat","background-position":"center center","background-size":"auto","background-attachment":"scroll","background-type":"","background-media":"","overlay-type":"","overlay-color":"","overlay-opacity":"","overlay-gradient":""},"mobile":{"background-color":"var(--ast-global-color-5)","background-image":"","background-repeat":"repeat","background-position":"center center","background-size":"auto","background-attachment":"scroll","background-type":"","background-media":"","overlay-type":"","overlay-color":"","overlay-opacity":"","overlay-gradient":""}}},"product_brand":[],"product_cat":[63],"product_tag":[],"class_list":{"0":"post-7450","1":"product","2":"type-product","3":"status-publish","4":"has-post-thumbnail","6":"product_cat-suplementos","7":"desktop-align-left","8":"tablet-align-left","9":"mobile-align-left","11":"first","12":"instock","13":"sale","14":"shipping-taxable","15":"product-type-external"},"_links":{"self":[{"href":"https:\/\/youniquebyemilie.com\/es\/wp-json\/wp\/v2\/product\/7450","targetHints":{"allow":["GET"]}}],"collection":[{"href":"https:\/\/youniquebyemilie.com\/es\/wp-json\/wp\/v2\/product"}],"about":[{"href":"https:\/\/youniquebyemilie.com\/es\/wp-json\/wp\/v2\/types\/product"}],"replies":[{"embeddable":true,"href":"https:\/\/youniquebyemilie.com\/es\/wp-json\/wp\/v2\/comments?post=7450"}],"wp:featuredmedia":[{"embeddable":true,"href":"https:\/\/youniquebyemilie.com\/es\/wp-json\/wp\/v2\/media\/7077"}],"wp:attachment":[{"href":"https:\/\/youniquebyemilie.com\/es\/wp-json\/wp\/v2\/media?parent=7450"}],"wp:term":[{"taxonomy":"product_brand","embeddable":true,"href":"https:\/\/youniquebyemilie.com\/es\/wp-json\/wp\/v2\/product_brand?post=7450"},{"taxonomy":"product_cat","embeddable":true,"href":"https:\/\/youniquebyemilie.com\/es\/wp-json\/wp\/v2\/product_cat?post=7450"},{"taxonomy":"product_tag","embeddable":true,"href":"https:\/\/youniquebyemilie.com\/es\/wp-json\/wp\/v2\/product_tag?post=7450"}],"curies":[{"name":"wp","href":"https:\/\/api.w.org\/{rel}","templated":true}]}}