{"id":7560,"date":"2025-06-16T16:28:27","date_gmt":"2025-06-16T16:28:27","guid":{"rendered":"https:\/\/youniquebyemilie.com\/produit\/aplicador-de-pestanas-postizas-younique\/"},"modified":"2025-11-26T08:53:19","modified_gmt":"2025-11-26T07:53:19","slug":"aplicador-de-pestanas-postizas-younique","status":"publish","type":"product","link":"https:\/\/youniquebyemilie.com\/es\/produit\/aplicador-de-pestanas-postizas-younique\/","title":{"rendered":"Aplicador de pesta\u00f1as postizas YOUNIQUE"},"content":{"rendered":"<p><span style=\"font-weight: 400;\">\u00bfTe interesan las pesta\u00f1as postizas magn\u00e9ticas? S\u00ed, pero tienes que admitir que puede ser un poco complicado, \u00bfverdad? Entre dedos pegajosos, pesta\u00f1as resbaladizas y colocaciones fallidas, puedes perder r\u00e1pidamente la paciencia. He descubierto     <\/span><b>el aplicador YOUNIQUE<\/b><span style=\"font-weight: 400;\">aplicador, y francamente, lo cambia todo. <\/span> <\/p>\n<p><span style=\"font-weight: 400;\">Es f\u00e1cil de usar, preciso y superpr\u00e1ctico, por lo que puedes estar segura de una aplicaci\u00f3n impecable, una fijaci\u00f3n impecable y un look natural y elegante, en todo momento. Una vez que la pruebes, \u00a1no podr\u00e1s pasar sin ella! <\/span><\/p>\n<h2><span style=\"font-weight: 400;\">\u00bfPor qu\u00e9 te va a encantar este aplicador magn\u00e9tico de pesta\u00f1as postizas?<\/span><\/h2>\n<ul>\n<li style=\"font-weight: 400;\" aria-level=\"1\"><span style=\"font-weight: 400;\">A <\/span><b>agarre ultraseguro<\/b><span style=\"font-weight: 400;\"> para decir adi\u00f3s a las pesta\u00f1as postizas que resbalan o se caen en el peor momento.<\/span>&nbsp;<\/li>\n<li style=\"font-weight: 400;\" aria-level=\"1\"><span style=\"font-weight: 400;\">A <\/span><b>control para una colocaci\u00f3n precisa<\/b><span style=\"font-weight: 400;\">justo donde quieres, sin estr\u00e9s.<\/span>&nbsp;<\/li>\n<li style=\"font-weight: 400;\" aria-level=\"1\"><span style=\"font-weight: 400;\">A <\/span><b>presi\u00f3n ligera y segura<\/b><span style=\"font-weight: 400;\">perfecta para fijar tus pesta\u00f1as postizas sin da\u00f1ar tus fr\u00e1giles pesta\u00f1as reales.<\/span>&nbsp;<\/li>\n<li style=\"font-weight: 400;\" aria-level=\"1\"><span style=\"font-weight: 400;\">A <\/span><b>cepillo integrado<\/b><span style=\"font-weight: 400;\"> para peinar y difuminar tus pesta\u00f1as postizas con tus pesta\u00f1as naturales, sin apelmazarlas.<\/span>&nbsp;<\/li>\n<li style=\"font-weight: 400;\" aria-level=\"1\"><span style=\"font-weight: 400;\">Fabricado en <\/span><b>acero inoxidable profesional<\/b><span style=\"font-weight: 400;\"> Acero inoxidable: resistente, f\u00e1cil de limpiar y hecho para durar.<\/span>&nbsp;<\/li>\n<\/ul>\n<h2><span style=\"font-weight: 400;\">\u00bfC\u00f3mo se utiliza el aplicador YOUNIQUE?<\/span><\/h2>\n<p><span style=\"font-weight: 400;\">Aunque seas principiante, es un juego de ni\u00f1os:<\/span><\/p>\n<ol>\n<li style=\"font-weight: 400;\" aria-level=\"1\"><span style=\"font-weight: 400;\">Recoge tus pesta\u00f1as postizas magn\u00e9ticas MOODSTRUCK con las <\/span><b>pinzas de doble punta.<\/b>&nbsp;<\/li>\n<li style=\"font-weight: 400;\" aria-level=\"1\"><span style=\"font-weight: 400;\">Col\u00f3calas suavemente en el \u00e1ngulo interno del ojo y desl\u00edzalas hacia fuera, a ras de las pesta\u00f1as.<\/span>&nbsp;<\/li>\n<li style=\"font-weight: 400;\" aria-level=\"1\"><span style=\"font-weight: 400;\">Presiona ligeramente entre la pesta\u00f1a postiza y tu pesta\u00f1a natural con la parte curva para fijarlas.<\/span>&nbsp;<\/li>\n<li style=\"font-weight: 400;\" aria-level=\"1\"><span style=\"font-weight: 400;\">Da la vuelta al aplicador y utiliza el cepillo para peinar y difuminar las pesta\u00f1as naturales y postizas.<\/span>&nbsp;<\/li>\n<li style=\"font-weight: 400;\" aria-level=\"1\"><span style=\"font-weight: 400;\">Para una mayor sujeci\u00f3n, utiliza los peque\u00f1os anclajes suministrados, que son una verdadera ventaja.<\/span>&nbsp;<\/li>\n<li style=\"font-weight: 400;\" aria-level=\"1\"><span style=\"font-weight: 400;\">Para retirarla, tira suavemente de la tira desde la esquina exterior, sin forzar.<\/span>&nbsp;<\/li>\n<\/ol>\n<h2><span style=\"font-weight: 400;\">Cuida tus pesta\u00f1as postizas para que duren m\u00e1s tiempo<\/span><\/h2>\n<ul>\n<li style=\"font-weight: 400;\" aria-level=\"1\"><span style=\"font-weight: 400;\">Despu\u00e9s de cada uso, l\u00edmpialos suavemente con un bastoncillo de algod\u00f3n humedecido en desmaquillante. <\/span><b>bastoncillo de algod\u00f3n humedecido con desmaquillante<\/b><span style=\"font-weight: 400;\"> desmaquillante sin aceite.<\/span>&nbsp;<\/li>\n<li style=\"font-weight: 400;\" aria-level=\"1\"><span style=\"font-weight: 400;\">Desinfecta la tira con un <\/span><b>bastoncillo de algod\u00f3n <\/b><span style=\"font-weight: 400;\">y <\/span><b>un poco de alcohol al 90%,<\/b><span style=\"font-weight: 400;\"> y deja que se seque al aire.<\/span>&nbsp;<\/li>\n<li style=\"font-weight: 400;\" aria-level=\"1\"><span style=\"font-weight: 400;\">Gu\u00e1rdalos en su caja acr\u00edlica para mantener su forma perfecta y prolongar su vida \u00fatil.<\/span><\/li>\n<\/ul>\n<p>&nbsp;<\/p>\n<h2><span style=\"font-weight: 400;\">Por qu\u00e9 no debes prescindir de \u00e9l<\/span><\/h2>\n<p><span style=\"font-weight: 400;\">Este aplicador te hace la vida m\u00e1s f\u00e1cil que nunca. M\u00e1s r\u00e1pido, m\u00e1s preciso, m\u00e1s c\u00f3modo. \u00bfPasos en falso? Son cosa del pasado. Con YOUNIQUE, tu look es impecable, sin complicaciones. As\u00ed que date un capricho, ilumina tu look y pide ya tu aplicador YOUNIQUE. \u00a1Tu rutina de maquillaje cambiar\u00e1 por completo!      <\/span><\/p>\n<p>&nbsp;<\/p>\n<h2><span style=\"font-weight: 400;\">FAQ : YOUNIQUE aplicador de pesta\u00f1as postizas<\/span><\/h2>\n<ol>\n<li><b>  \u00bfFunciona este aplicador con otras marcas de pesta\u00f1as postizas magn\u00e9ticas?<\/b><b><br \/>\n<\/b><span style=\"font-weight: 400;\">  S\u00ed, aunque est\u00e1 especialmente dise\u00f1ado para las pesta\u00f1as postizas MOODSTRUCK, funciona muy bien con la mayor\u00eda de las pesta\u00f1as postizas magn\u00e9ticas del mercado.<\/span><\/li>\n<li><b>  \u00bfEl acero inoxidable no te ara\u00f1ar\u00e1 la piel?<\/b><b><br \/>\n<\/b><span style=\"font-weight: 400;\">  \u00a1En absoluto! El aplicador est\u00e1 pulido y dise\u00f1ado para ser suave con tu piel y tus pesta\u00f1as, sin riesgo de irritaci\u00f3n o ara\u00f1azos. <\/span><\/li>\n<li><b>  \u00bfSe puede utilizar para aplicar pesta\u00f1as postizas convencionales (no magn\u00e9ticas)?<\/b><b><br \/>\n<\/b><span style=\"font-weight: 400;\">  Est\u00e1 optimizado para las pesta\u00f1as postizas magn\u00e9ticas, pero tambi\u00e9n puede ayudarte a manejar las pesta\u00f1as postizas convencionales, sobre todo para colocarlas y peinarlas.<\/span><\/li>\n<li><b>  \u00bfCu\u00e1nto dura este aplicador con un uso regular?<\/b><b><br \/>\n<\/b><span style=\"font-weight: 400;\">  Con un mantenimiento regular (limpieza despu\u00e9s de cada uso), puede durarte varios a\u00f1os sin perder su eficacia.<\/span><\/li>\n<li><b>  \u00bfEs adecuado para personas con ojos sensibles?<\/b><b><br \/>\n<\/b><span style=\"font-weight: 400;\">  S\u00ed, la forma y los materiales est\u00e1n dise\u00f1ados para ser suaves y seguros, perfectos incluso si tienes los ojos sensibles.<\/span><\/li>\n<\/ol>\n<p><span style=\"font-weight: 400;\">No te lo pierdas, pide ya tu aplicador YOUNIQUE y convierte tu rutina de maquillaje en un juego de ni\u00f1os.  <\/span><\/p>\n<p>&nbsp;<\/p>\n","protected":false},"excerpt":{"rendered":"<p>\u00a1Se acabaron las molestias con las pesta\u00f1as postizas! Este innovador aplicador hace que la aplicaci\u00f3n sea r\u00e1pida y f\u00e1cil, con una fijaci\u00f3n impecable. Preciso, seguro y suave con tus pesta\u00f1as, te garantiza una mirada perfecta durante todo el d\u00eda. F\u00e1cil de usar, funde perfectamente tus pesta\u00f1as postizas con tus pesta\u00f1as naturales. Fabricado en acero inoxidable, es duradero y f\u00e1cil de limpiar. \u00a1Adoptalo para una rutina de maquillaje sin complicaciones!     <\/p>\n","protected":false},"featured_media":7081,"comment_status":"open","ping_status":"closed","template":"","meta":{"_seopress_robots_primary_cat":"none","_seopress_titles_title":"","_seopress_titles_desc":"","_seopress_robots_index":"","site-sidebar-layout":"default","site-content-layout":"","ast-site-content-layout":"default","site-content-style":"default","site-sidebar-style":"default","ast-global-header-display":"","ast-banner-title-visibility":"","ast-main-header-display":"","ast-hfb-above-header-display":"","ast-hfb-below-header-display":"","ast-hfb-mobile-header-display":"","site-post-title":"","ast-breadcrumbs-content":"","ast-featured-img":"","footer-sml-layout":"","ast-disable-related-posts":"","theme-transparent-header-meta":"default","adv-header-id-meta":"","stick-header-meta":"","header-above-stick-meta":"","header-main-stick-meta":"","header-below-stick-meta":"","astra-migrate-meta-layouts":"default","ast-page-background-enabled":"default","ast-page-background-meta":{"desktop":{"background-color":"var(--ast-global-color-4)","background-image":"","background-repeat":"repeat","background-position":"center center","background-size":"auto","background-attachment":"scroll","background-type":"","background-media":"","overlay-type":"","overlay-color":"","overlay-opacity":"","overlay-gradient":""},"tablet":{"background-color":"","background-image":"","background-repeat":"repeat","background-position":"center center","background-size":"auto","background-attachment":"scroll","background-type":"","background-media":"","overlay-type":"","overlay-color":"","overlay-opacity":"","overlay-gradient":""},"mobile":{"background-color":"","background-image":"","background-repeat":"repeat","background-position":"center center","background-size":"auto","background-attachment":"scroll","background-type":"","background-media":"","overlay-type":"","overlay-color":"","overlay-opacity":"","overlay-gradient":""}},"ast-content-background-meta":{"desktop":{"background-color":"var(--ast-global-color-5)","background-image":"","background-repeat":"repeat","background-position":"center center","background-size":"auto","background-attachment":"scroll","background-type":"","background-media":"","overlay-type":"","overlay-color":"","overlay-opacity":"","overlay-gradient":""},"tablet":{"background-color":"var(--ast-global-color-5)","background-image":"","background-repeat":"repeat","background-position":"center center","background-size":"auto","background-attachment":"scroll","background-type":"","background-media":"","overlay-type":"","overlay-color":"","overlay-opacity":"","overlay-gradient":""},"mobile":{"background-color":"var(--ast-global-color-5)","background-image":"","background-repeat":"repeat","background-position":"center center","background-size":"auto","background-attachment":"scroll","background-type":"","background-media":"","overlay-type":"","overlay-color":"","overlay-opacity":"","overlay-gradient":""}}},"product_brand":[],"product_cat":[62],"product_tag":[],"class_list":{"0":"post-7560","1":"product","2":"type-product","3":"status-publish","4":"has-post-thumbnail","6":"product_cat-ojos","7":"desktop-align-left","8":"tablet-align-left","9":"mobile-align-left","11":"first","12":"instock","13":"sale","14":"shipping-taxable","15":"product-type-external"},"_links":{"self":[{"href":"https:\/\/youniquebyemilie.com\/es\/wp-json\/wp\/v2\/product\/7560","targetHints":{"allow":["GET"]}}],"collection":[{"href":"https:\/\/youniquebyemilie.com\/es\/wp-json\/wp\/v2\/product"}],"about":[{"href":"https:\/\/youniquebyemilie.com\/es\/wp-json\/wp\/v2\/types\/product"}],"replies":[{"embeddable":true,"href":"https:\/\/youniquebyemilie.com\/es\/wp-json\/wp\/v2\/comments?post=7560"}],"wp:featuredmedia":[{"embeddable":true,"href":"https:\/\/youniquebyemilie.com\/es\/wp-json\/wp\/v2\/media\/7081"}],"wp:attachment":[{"href":"https:\/\/youniquebyemilie.com\/es\/wp-json\/wp\/v2\/media?parent=7560"}],"wp:term":[{"taxonomy":"product_brand","embeddable":true,"href":"https:\/\/youniquebyemilie.com\/es\/wp-json\/wp\/v2\/product_brand?post=7560"},{"taxonomy":"product_cat","embeddable":true,"href":"https:\/\/youniquebyemilie.com\/es\/wp-json\/wp\/v2\/product_cat?post=7560"},{"taxonomy":"product_tag","embeddable":true,"href":"https:\/\/youniquebyemilie.com\/es\/wp-json\/wp\/v2\/product_tag?post=7560"}],"curies":[{"name":"wp","href":"https:\/\/api.w.org\/{rel}","templated":true}]}}