{"id":7563,"date":"2025-06-16T16:31:47","date_gmt":"2025-06-16T16:31:47","guid":{"rendered":"https:\/\/youniquebyemilie.com\/produit\/base-para-pestanas-moodstruck-epic\/"},"modified":"2025-11-26T08:53:16","modified_gmt":"2025-11-26T07:53:16","slug":"base-para-pestanas-moodstruck-epic","status":"publish","type":"product","link":"https:\/\/youniquebyemilie.com\/es\/produit\/base-para-pestanas-moodstruck-epic\/","title":{"rendered":"Base para pesta\u00f1as MOODSTRUCK EPIC"},"content":{"rendered":"<p><span style=\"font-weight: 400;\">\u00bfQuieres que tu m\u00e1scara de pesta\u00f1as luzca lo mejor posible, pero sientes que tus pesta\u00f1as necesitan un empujoncito? Tengo un truco que te encantar\u00e1:   <\/span><b>la base de datos MOODSTRUCK EPIC<\/b><span style=\"font-weight: 400;\">.<\/span><\/p>\n<p><span style=\"font-weight: 400;\">Con su cepillo curvado que atrapa todas tus pesta\u00f1as en un solo movimiento, las nutre y fortalece, y prepara perfectamente tu base para conseguir un volumen XXL y una fijaci\u00f3n duradera. El resultado: una mirada intensa y unas pesta\u00f1as m\u00e1s largas, sin grumos, de la ma\u00f1ana a la noche. <\/span><\/p>\n<h2><span style=\"font-weight: 400;\">Lo que realmente ganas con la base MOODSTRUCK EPIC<\/span><\/h2>\n<ul>\n<li style=\"font-weight: 400;\" aria-level=\"1\"><span style=\"font-weight: 400;\">A <\/span><b>aplicaci\u00f3n r\u00e1pida y f\u00e1cil<\/b><span style=\"font-weight: 400;\"> que atrapa todas tus pesta\u00f1as en un solo movimiento para un efecto de volumen XXL.<\/span><\/li>\n<li style=\"font-weight: 400;\" aria-level=\"1\"><span style=\"font-weight: 400;\">Tus pesta\u00f1as <\/span><b>nutridas, fortalecidas y protegidas<\/b><span style=\"font-weight: 400;\">listas para potenciar tu m\u00e1scara de pesta\u00f1as.<\/span><\/li>\n<li style=\"font-weight: 400;\" aria-level=\"1\"><span style=\"font-weight: 400;\">Tu m\u00e1scara de pesta\u00f1as <\/span><b>se mantiene mejor, m\u00e1s tiempo<\/b><span style=\"font-weight: 400;\">Para una mirada fresca de la ma\u00f1ana a la noche.<\/span><\/li>\n<li style=\"font-weight: 400;\" aria-level=\"1\"><span style=\"font-weight: 400;\">Textura ligera, <\/span><b>no pegajosa<\/b><span style=\"font-weight: 400;\">F\u00e1cil de aplicar y quitar.<\/span><\/li>\n<li style=\"font-weight: 400;\" aria-level=\"1\"><span style=\"font-weight: 400;\">Una f\u00f3rmula limpia y natural, sin parabenos ni sulfatos, para un cuidado suave y eficaz de la piel.<\/span><\/li>\n<\/ul>\n<h2><span style=\"font-weight: 400;\">Ingredientes clave para cuidar tus pesta\u00f1as<\/span><\/h2>\n<p><span style=\"font-weight: 400;\">Esta base contiene una mezcla de ingredientes seleccionados para nutrir y proteger tus pesta\u00f1as:<\/span><\/p>\n<ul>\n<li style=\"font-weight: 400;\" aria-level=\"1\"><b>Agua<\/b><span style=\"font-weight: 400;\"> para una textura ligera.<\/span><\/li>\n<li style=\"font-weight: 400;\" aria-level=\"1\"><b>Ceras naturales<\/b><span style=\"font-weight: 400;\"> (arroz, cera de abeja, carnauba) que estructuran la base y protegen tus pesta\u00f1as.<\/span><\/li>\n<li style=\"font-weight: 400;\" aria-level=\"1\"><b>Poliquaternio-10<\/b><span style=\"font-weight: 400;\"> para un efecto film\u00f3geno que prepara tus pesta\u00f1as para la m\u00e1scara.<\/span><\/li>\n<li style=\"font-weight: 400;\" aria-level=\"1\"><b>Aceites y extractos naturales<\/b><span style=\"font-weight: 400;\"> que hidratan y fortalecen la fibra de las pesta\u00f1as.<\/span><\/li>\n<li style=\"font-weight: 400;\" aria-level=\"1\"><b>Agentes espesantes<\/b><span style=\"font-weight: 400;\"> para una aplicaci\u00f3n uniforme y un acabado impecable.<\/span><span style=\"font-weight: 400;\"><br \/>\n<\/span><span style=\"font-weight: 400;\"> <\/span><\/li>\n<\/ul>\n<p><span style=\"font-weight: 400;\">Sin parabenos, sulfatos ni ingredientes agresivos.<\/span><\/p>\n<p>&nbsp;<\/p>\n<h3><span style=\"font-weight: 400;\">C\u00f3mo utilizar tu base MOODSTRUCK EPIC para un look de estrella<\/span><\/h3>\n<p><span style=\"font-weight: 400;\">Nada m\u00e1s sencillo:<\/span><\/p>\n<ol>\n<li style=\"font-weight: 400;\" aria-level=\"1\"><span style=\"font-weight: 400;\">Pasa el cepillo por la base de tus pesta\u00f1as naturales.<\/span><\/li>\n<li style=\"font-weight: 400;\" aria-level=\"1\"><span style=\"font-weight: 400;\">Barre suavemente hasta las puntas del cabello con un movimiento fluido.<\/span><\/li>\n<li style=\"font-weight: 400;\" aria-level=\"1\"><span style=\"font-weight: 400;\">Deja secar y aplica tu m\u00e1scara de pesta\u00f1as MOODSTRUCK EPIC o tu favorita.<\/span><\/li>\n<\/ol>\n<p><b>No te saltes este paso<\/b><span style=\"font-weight: 400;\"> Tu rutina de maquillaje nunca volver\u00e1 a ser la misma.<\/span><\/p>\n<p><span style=\"font-weight: 400;\">La base MOODSTRUCK EPIC es la diferencia entre una mirada justa y una mirada cautivadora. Una aplicaci\u00f3n r\u00e1pida, un efecto deslumbrante. A\u00f1\u00e1dela a tu kit y p\u00eddela ya. Tus ojos se merecen lo mejor.   <\/span><\/p>\n<h2><span style=\"font-weight: 400;\">FAQ : Imprimaci\u00f3n para pesta\u00f1as MOODSTRUCK EPIC  <\/span><\/h2>\n<ol>\n<li><b>  \u00bfEsta base funciona con todas las m\u00e1scaras de pesta\u00f1as?<\/b><b><br \/>\n<\/b><span style=\"font-weight: 400;\">  S\u00ed, aunque est\u00e1 dise\u00f1ado para MOODSTRUCK EPIC, se adapta perfectamente a todas las m\u00e1scaras de pesta\u00f1as para potenciar su efecto de fijaci\u00f3n y volumen.<\/span><\/li>\n<li> <b> \u00bfPuedo utilizar esta base todos los d\u00edas?<\/b><b>\n<p><\/b><span style=\"font-weight: 400;\"> Absolutamente, est\u00e1 dise\u00f1ada para <\/span><b>uso diario<\/b><span style=\"font-weight: 400;\">Nutre suavemente tus pesta\u00f1as sin apelmazarlas.<\/span><\/li>\n<li><b>  \u00bfPuede esta base causar irritaci\u00f3n o alergias?<\/b><b><br \/>\n<\/b><span style=\"font-weight: 400;\">  No, est\u00e1 formulado sin ingredientes agresivos y dermatol\u00f3gicamente probado, pero si tienes una alergia conocida, haz una prueba en una zona peque\u00f1a.<\/span><\/li>\n<li><b>  \u00bfSe puede utilizar sin m\u00e1scara de pesta\u00f1as?<\/b><b><br \/>\n<\/b><span style=\"font-weight: 400;\">  Puedes utilizarlo solo para nutrir las pesta\u00f1as, pero su efecto de volumen se optimiza con la m\u00e1scara.<\/span><\/li>\n<li> <b> \u00bfCu\u00e1nto dura una botella con un uso normal?<\/b><b>\n<p><\/b><span style=\"font-weight: 400;\"> Con un uso diario, una botella durar\u00e1 aproximadamente <\/span><b>de 2 a 3 meses<\/b><span style=\"font-weight: 400;\">.<\/span><\/li>\n<\/ol>\n<p>&nbsp;<\/p>\n","protected":false},"excerpt":{"rendered":"<p><strong>MOODSTRUCK EPIC Lash Base<\/strong> transforma tu rutina de maquillaje. Gracias a su <strong>cepillo curvado<\/strong>, prepara tus pesta\u00f1as en un solo paso para conseguir <strong>un volumen XXL<\/strong> y <strong>una fijaci\u00f3n duradera<\/strong>. <strong>Nutre<\/strong> y <strong>fortalece<\/strong> tus pesta\u00f1as, proporcion\u00e1ndote una mirada m\u00e1s intensa y duradera, sin grumos ni manchas.  <\/p>\n<p>F\u00e1cil de aplicar, con una textura ligera y no pegajosa, esta base es perfecta para usarla durante todo el d\u00eda. Su f\u00f3rmula <strong>sin<\/strong> <strong>parabenos<\/strong> <strong>ni sulfatos<\/strong> respeta incluso las pesta\u00f1as m\u00e1s sensibles. Util\u00edzala a diario para conseguir unas pesta\u00f1as bonitas y nutridas, listas para recibir tu m\u00e1scara.  <\/p>\n","protected":false},"featured_media":7083,"comment_status":"open","ping_status":"closed","template":"","meta":{"_seopress_robots_primary_cat":"none","_seopress_titles_title":"","_seopress_titles_desc":"","_seopress_robots_index":"","site-sidebar-layout":"default","site-content-layout":"","ast-site-content-layout":"default","site-content-style":"default","site-sidebar-style":"default","ast-global-header-display":"","ast-banner-title-visibility":"","ast-main-header-display":"","ast-hfb-above-header-display":"","ast-hfb-below-header-display":"","ast-hfb-mobile-header-display":"","site-post-title":"","ast-breadcrumbs-content":"","ast-featured-img":"","footer-sml-layout":"","ast-disable-related-posts":"","theme-transparent-header-meta":"default","adv-header-id-meta":"","stick-header-meta":"","header-above-stick-meta":"","header-main-stick-meta":"","header-below-stick-meta":"","astra-migrate-meta-layouts":"default","ast-page-background-enabled":"default","ast-page-background-meta":{"desktop":{"background-color":"var(--ast-global-color-4)","background-image":"","background-repeat":"repeat","background-position":"center center","background-size":"auto","background-attachment":"scroll","background-type":"","background-media":"","overlay-type":"","overlay-color":"","overlay-opacity":"","overlay-gradient":""},"tablet":{"background-color":"","background-image":"","background-repeat":"repeat","background-position":"center center","background-size":"auto","background-attachment":"scroll","background-type":"","background-media":"","overlay-type":"","overlay-color":"","overlay-opacity":"","overlay-gradient":""},"mobile":{"background-color":"","background-image":"","background-repeat":"repeat","background-position":"center center","background-size":"auto","background-attachment":"scroll","background-type":"","background-media":"","overlay-type":"","overlay-color":"","overlay-opacity":"","overlay-gradient":""}},"ast-content-background-meta":{"desktop":{"background-color":"var(--ast-global-color-5)","background-image":"","background-repeat":"repeat","background-position":"center center","background-size":"auto","background-attachment":"scroll","background-type":"","background-media":"","overlay-type":"","overlay-color":"","overlay-opacity":"","overlay-gradient":""},"tablet":{"background-color":"var(--ast-global-color-5)","background-image":"","background-repeat":"repeat","background-position":"center center","background-size":"auto","background-attachment":"scroll","background-type":"","background-media":"","overlay-type":"","overlay-color":"","overlay-opacity":"","overlay-gradient":""},"mobile":{"background-color":"var(--ast-global-color-5)","background-image":"","background-repeat":"repeat","background-position":"center center","background-size":"auto","background-attachment":"scroll","background-type":"","background-media":"","overlay-type":"","overlay-color":"","overlay-opacity":"","overlay-gradient":""}}},"product_brand":[],"product_cat":[62],"product_tag":[],"class_list":{"0":"post-7563","1":"product","2":"type-product","3":"status-publish","4":"has-post-thumbnail","6":"product_cat-ojos","7":"desktop-align-left","8":"tablet-align-left","9":"mobile-align-left","11":"first","12":"instock","13":"sale","14":"shipping-taxable","15":"product-type-external"},"_links":{"self":[{"href":"https:\/\/youniquebyemilie.com\/es\/wp-json\/wp\/v2\/product\/7563","targetHints":{"allow":["GET"]}}],"collection":[{"href":"https:\/\/youniquebyemilie.com\/es\/wp-json\/wp\/v2\/product"}],"about":[{"href":"https:\/\/youniquebyemilie.com\/es\/wp-json\/wp\/v2\/types\/product"}],"replies":[{"embeddable":true,"href":"https:\/\/youniquebyemilie.com\/es\/wp-json\/wp\/v2\/comments?post=7563"}],"wp:featuredmedia":[{"embeddable":true,"href":"https:\/\/youniquebyemilie.com\/es\/wp-json\/wp\/v2\/media\/7083"}],"wp:attachment":[{"href":"https:\/\/youniquebyemilie.com\/es\/wp-json\/wp\/v2\/media?parent=7563"}],"wp:term":[{"taxonomy":"product_brand","embeddable":true,"href":"https:\/\/youniquebyemilie.com\/es\/wp-json\/wp\/v2\/product_brand?post=7563"},{"taxonomy":"product_cat","embeddable":true,"href":"https:\/\/youniquebyemilie.com\/es\/wp-json\/wp\/v2\/product_cat?post=7563"},{"taxonomy":"product_tag","embeddable":true,"href":"https:\/\/youniquebyemilie.com\/es\/wp-json\/wp\/v2\/product_tag?post=7563"}],"curies":[{"name":"wp","href":"https:\/\/api.w.org\/{rel}","templated":true}]}}