{"id":7570,"date":"2025-07-24T15:44:00","date_gmt":"2025-07-24T13:44:00","guid":{"rendered":"https:\/\/youniquebyemilie.com\/produit\/moodstruck-lapiz-esculpidor-de-cejas\/"},"modified":"2025-11-26T08:53:07","modified_gmt":"2025-11-26T07:53:07","slug":"moodstruck-lapiz-esculpidor-de-cejas","status":"publish","type":"product","link":"https:\/\/youniquebyemilie.com\/es\/produit\/moodstruck-lapiz-esculpidor-de-cejas\/","title":{"rendered":"MOODSTRUCK L\u00e1piz Esculpidor de Cejas"},"content":{"rendered":"<p><span style=\"font-weight: 400;\">Si est\u00e1s harta de unas cejas que hacen lo que les da la gana, tengo buenas noticias: he probado <b>el l\u00e1piz de cejas MOODSTRUCK<\/b> y se ha convertido en mi imprescindible. Es perfecto para conseguir un look natural o bien definido, sin complicaciones y dura todo el d\u00eda. Y cr\u00e9eme, \u00a1incluso a los principiantes les va genial!  <\/span><\/p>\n<p><span style=\"font-weight: 400;\">Con su<\/span><b> f\u00f3rmula rica y flexible<\/b><span style=\"font-weight: 400;\"> y <\/span><b>resistente a las manchas<\/b><span style=\"font-weight: 400;\">s, obtendr\u00e1s resultados impecables hasta <\/span><b>hasta 12 horas<\/b><span style=\"font-weight: 400;\">sin transferir ni emborronar. La punta triangular crea <\/span><b>  caracter\u00edsticas ultrarrealistas<\/b><span style=\"font-weight: 400;\">  que imitan las cerdas, y la base plana rellena f\u00e1cilmente las zonas poco pobladas para conseguir un efecto denso pero natural. \u00bfY el cepillito incorporado? Alisa, peina y fija todo suavemente, para unas cejas que te reflejen.  <\/span><\/p>\n<h2><span style=\"font-weight: 400;\">Lo que ganas con el l\u00e1piz de cejas MOODSTRUCK<\/span><\/h2>\n<ul>\n<li style=\"font-weight: 400;\" aria-level=\"1\"><span style=\"font-weight: 400;\">Cejas naturalmente pobladas y perfectamente perfiladas, incluso en las zonas poco pobladas.<\/span><\/li>\n<li style=\"font-weight: 400;\" aria-level=\"1\"><span style=\"font-weight: 400;\">A <\/span><b>fijaci\u00f3n impermeable de larga duraci\u00f3n<\/b><span style=\"font-weight: 400;\"> que se mantiene de la ma\u00f1ana a la noche, sin retoques.<\/span><\/li>\n<li style=\"font-weight: 400;\" aria-level=\"1\"><span style=\"font-weight: 400;\">Aplicaci\u00f3n f\u00e1cil y r\u00e1pida gracias a un l\u00e1piz de cejas f\u00e1cil de difuminar, ideal tanto para principiantes como para profesionales.<\/span><\/li>\n<li style=\"font-weight: 400;\" aria-level=\"1\"><span style=\"font-weight: 400;\">Una f\u00f3rmula que respeta tu piel y nutre tus cejas con una mezcla de ceras y aceites naturales.<\/span><\/li>\n<li style=\"font-weight: 400;\" aria-level=\"1\"><span style=\"font-weight: 400;\">Un look que se adapta a todos tus estados de \u00e1nimo, desde discretamente natural a asertivamente elegante.<\/span><\/li>\n<\/ul>\n<p>&nbsp;<\/p>\n<h2><span style=\"font-weight: 400;\">C\u00f3mo utilizar tu l\u00e1piz MOODSTRUCK para un efecto sorpresa<\/span><\/h2>\n<ol>\n<li style=\"font-weight: 400;\" aria-level=\"1\"><span style=\"font-weight: 400;\">Gira la rueda para descubrir un peque\u00f1o punto.<\/span><\/li>\n<li style=\"font-weight: 400;\" aria-level=\"1\"><span style=\"font-weight: 400;\">Con el borde plano, dibuja el contorno de la parte inferior de la ceja.<\/span><\/li>\n<li style=\"font-weight: 400;\" aria-level=\"1\"><span style=\"font-weight: 400;\">Rellena las zonas escasas trazando peque\u00f1as l\u00edneas en la direcci\u00f3n natural del pelo con la punta triangular.<\/span><\/li>\n<li style=\"font-weight: 400;\" aria-level=\"1\"><span style=\"font-weight: 400;\">Termina con el pincel incorporado para difuminar, disciplinar y fijar tus cejas.<\/span><\/li>\n<\/ol>\n<p><span style=\"font-weight: 400;\">Un gesto sencillo, un look sin esfuerzo.<\/span><\/p>\n<h2><span style=\"font-weight: 400;\">Ingredientes que cuidan tus cejas<\/span><\/h2>\n<ul>\n<li style=\"font-weight: 400;\" aria-level=\"1\"><b>Ceras microcristalinas y cera de abeja sint\u00e9tica<\/b><span style=\"font-weight: 400;\"> Para fijar el color y esculpir sin endurecer.<\/span><\/li>\n<li style=\"font-weight: 400;\" aria-level=\"1\"><b>Aceite de semillas de girasol (Helianthus Annuus)<\/b><span style=\"font-weight: 400;\"> Rico en antioxidantes, nutre y suaviza el cabello fr\u00e1gil.<\/span><\/li>\n<li style=\"font-weight: 400;\" aria-level=\"1\"><b>Pigmentos ricos y duraderos<\/b><span style=\"font-weight: 400;\"> Para un acabado intenso, natural y duradero.<\/span><\/li>\n<li style=\"font-weight: 400;\" aria-level=\"1\"><b>F\u00f3rmula resistente al agua, a la transferencia y a las manchas<\/b><span style=\"font-weight: 400;\">Para una fijaci\u00f3n impecable incluso cuando est\u00e1s en movimiento.<\/span><\/li>\n<\/ul>\n<h2><span style=\"font-weight: 400;\">Por qu\u00e9 te encantar\u00e1 este l\u00e1piz<\/span><\/h2>\n<p><span style=\"font-weight: 400;\">Te hace la vida m\u00e1s f\u00e1cil, realza tu mirada y te da confianza, incluso en esas ma\u00f1anas ajetreadas. No tienes que ser una profesional para conseguir las mejores cejas, hace todo el trabajo por ti. Un peque\u00f1o gesto que lo cambia todo.  <\/span><\/p>\n<h2><span style=\"font-weight: 400;\">FAQ: Todo lo que necesitas saber sobre tu l\u00e1piz esculpidor de cejas MOODSTRUCK<\/span><\/h2>\n<h3><b>FAQ - Todo lo que necesitas saber sobre tu l\u00e1piz esculpidor de cejas MOODSTRUCK<\/b><\/h3>\n<ol>\n<li style=\"font-weight: 400;\" aria-level=\"1\"><b>\u00bfPuedo utilizar este l\u00e1piz si tengo la piel sensible alrededor de las cejas?<\/b><b><br \/>\n<\/b><span style=\"font-weight: 400;\">  S\u00ed, su f\u00f3rmula suave est\u00e1 dise\u00f1ada para respetar la piel sensible, especialmente alrededor de los ojos, sin causar irritaci\u00f3n.<\/span><\/li>\n<li style=\"font-weight: 400;\" aria-level=\"1\"><b>\u00bfC\u00f3mo se recorta la punta triangular si queda demasiado corta?<\/b><b><br \/>\n<\/b><span style=\"font-weight: 400;\">  Utiliza un sacapuntas de maquillaje cl\u00e1sico, teniendo cuidado de mantener la forma triangular para una aplicaci\u00f3n precisa.<\/span><\/li>\n<li style=\"font-weight: 400;\" aria-level=\"1\"><b>\u00bfEste l\u00e1piz es adecuado para todos los colores de pelo?<\/b><b>\n<p><\/b><span style=\"font-weight: 400;\"> S\u00ed, est\u00e1 disponible en <\/span><b>5 tonos<\/b><span style=\"font-weight: 400;\"> para que se adapte perfectamente a tu color de pelo natural, ya sea rubio, moreno, pelirrojo u otro.<\/span><\/li>\n<li style=\"font-weight: 400;\" aria-level=\"1\"><b>\u00bfPuedo utilizar este l\u00e1piz para corregir la forma de mis cejas o s\u00f3lo para rellenarlas?<\/b><b><br \/>\n<\/b><span style=\"font-weight: 400;\">  \u00a1Ambas cosas! La base plana te permite dibujar una forma precisa, mientras que la punta triangular rellena y densifica para un aspecto natural. <\/span><\/li>\n<li style=\"font-weight: 400;\" aria-level=\"1\"><b>\u00bfC\u00f3mo mantengo el cepillo incorporado?<\/b><b><br \/>\n<\/b><span style=\"font-weight: 400;\">  Para mantener tu cepillo limpio y eficaz, l\u00e1valo regularmente con un jab\u00f3n suave y d\u00e9jalo secar al aire.<\/span><\/li>\n<li style=\"font-weight: 400;\" aria-level=\"1\"><b>\u00bfCu\u00e1l es la vida media de un l\u00e1piz una vez abierto?<\/b><b>\n<p><\/b><span style=\"font-weight: 400;\"> Aproximadamente <\/span><b>12 meses de duraci\u00f3n \u00f3ptima<\/b><span style=\"font-weight: 400;\"> una vez abierto, siempre que cierres bien el capuch\u00f3n.<\/span><\/li>\n<\/ol>\n<p>&nbsp;<\/p>\n<p><span style=\"font-weight: 400;\">\u00bfEst\u00e1s lista para lucir unas cejas perfectamente esculpidas, sin complicaciones? Con el l\u00e1piz de cejas MOODSTRUCK, tienes todo lo que necesitas para una mirada que destaque, durante todo el d\u00eda. No pierdas ni un segundo m\u00e1s, a\u00f1\u00e1delo a tu kit de belleza y convi\u00e9rtete en la profesional de las cejas naturales y estilizadas. \u00a1P\u00eddelo ahora y marca la diferencia a primera vista!   <\/span><\/p>\n<p>&nbsp;<\/p>\n","protected":false},"excerpt":{"rendered":"<p><span style=\"font-weight: 400;\">Si est\u00e1s harta de unas cejas que hacen lo que les da la gana, tengo buenas noticias: he probado <\/span><b>l\u00e1piz de cejas MOODSTRUCK<\/b><span style=\"font-weight: 400;\">  y se ha convertido en mi imprescindible. Es perfecto para conseguir un look natural o bien peinado, que no moleste a los ojos y dure todo el d\u00eda. Y cr\u00e9eme, \u00a1incluso a los principiantes les va genial!  <\/span><\/p>\n","protected":false},"featured_media":7595,"comment_status":"open","ping_status":"closed","template":"","meta":{"_seopress_robots_primary_cat":"none","_seopress_titles_title":"","_seopress_titles_desc":"","_seopress_robots_index":"","site-sidebar-layout":"default","site-content-layout":"","ast-site-content-layout":"default","site-content-style":"default","site-sidebar-style":"default","ast-global-header-display":"","ast-banner-title-visibility":"","ast-main-header-display":"","ast-hfb-above-header-display":"","ast-hfb-below-header-display":"","ast-hfb-mobile-header-display":"","site-post-title":"","ast-breadcrumbs-content":"","ast-featured-img":"","footer-sml-layout":"","ast-disable-related-posts":"","theme-transparent-header-meta":"default","adv-header-id-meta":"","stick-header-meta":"","header-above-stick-meta":"","header-main-stick-meta":"","header-below-stick-meta":"","astra-migrate-meta-layouts":"default","ast-page-background-enabled":"default","ast-page-background-meta":{"desktop":{"background-color":"var(--ast-global-color-4)","background-image":"","background-repeat":"repeat","background-position":"center center","background-size":"auto","background-attachment":"scroll","background-type":"","background-media":"","overlay-type":"","overlay-color":"","overlay-opacity":"","overlay-gradient":""},"tablet":{"background-color":"","background-image":"","background-repeat":"repeat","background-position":"center center","background-size":"auto","background-attachment":"scroll","background-type":"","background-media":"","overlay-type":"","overlay-color":"","overlay-opacity":"","overlay-gradient":""},"mobile":{"background-color":"","background-image":"","background-repeat":"repeat","background-position":"center center","background-size":"auto","background-attachment":"scroll","background-type":"","background-media":"","overlay-type":"","overlay-color":"","overlay-opacity":"","overlay-gradient":""}},"ast-content-background-meta":{"desktop":{"background-color":"var(--ast-global-color-5)","background-image":"","background-repeat":"repeat","background-position":"center center","background-size":"auto","background-attachment":"scroll","background-type":"","background-media":"","overlay-type":"","overlay-color":"","overlay-opacity":"","overlay-gradient":""},"tablet":{"background-color":"var(--ast-global-color-5)","background-image":"","background-repeat":"repeat","background-position":"center center","background-size":"auto","background-attachment":"scroll","background-type":"","background-media":"","overlay-type":"","overlay-color":"","overlay-opacity":"","overlay-gradient":""},"mobile":{"background-color":"var(--ast-global-color-5)","background-image":"","background-repeat":"repeat","background-position":"center center","background-size":"auto","background-attachment":"scroll","background-type":"","background-media":"","overlay-type":"","overlay-color":"","overlay-opacity":"","overlay-gradient":""}}},"product_brand":[],"product_cat":[62],"product_tag":[],"class_list":{"0":"post-7570","1":"product","2":"type-product","3":"status-publish","4":"has-post-thumbnail","6":"product_cat-ojos","7":"desktop-align-left","8":"tablet-align-left","9":"mobile-align-left","11":"first","12":"instock","13":"sale","14":"shipping-taxable","15":"product-type-external"},"_links":{"self":[{"href":"https:\/\/youniquebyemilie.com\/es\/wp-json\/wp\/v2\/product\/7570","targetHints":{"allow":["GET"]}}],"collection":[{"href":"https:\/\/youniquebyemilie.com\/es\/wp-json\/wp\/v2\/product"}],"about":[{"href":"https:\/\/youniquebyemilie.com\/es\/wp-json\/wp\/v2\/types\/product"}],"replies":[{"embeddable":true,"href":"https:\/\/youniquebyemilie.com\/es\/wp-json\/wp\/v2\/comments?post=7570"}],"wp:featuredmedia":[{"embeddable":true,"href":"https:\/\/youniquebyemilie.com\/es\/wp-json\/wp\/v2\/media\/7595"}],"wp:attachment":[{"href":"https:\/\/youniquebyemilie.com\/es\/wp-json\/wp\/v2\/media?parent=7570"}],"wp:term":[{"taxonomy":"product_brand","embeddable":true,"href":"https:\/\/youniquebyemilie.com\/es\/wp-json\/wp\/v2\/product_brand?post=7570"},{"taxonomy":"product_cat","embeddable":true,"href":"https:\/\/youniquebyemilie.com\/es\/wp-json\/wp\/v2\/product_cat?post=7570"},{"taxonomy":"product_tag","embeddable":true,"href":"https:\/\/youniquebyemilie.com\/es\/wp-json\/wp\/v2\/product_tag?post=7570"}],"curies":[{"name":"wp","href":"https:\/\/api.w.org\/{rel}","templated":true}]}}