{"id":7609,"date":"2025-07-24T15:57:35","date_gmt":"2025-07-24T13:57:35","guid":{"rendered":"https:\/\/youniquebyemilie.com\/produit\/lapiz-de-ojos-moodstruck-precision\/"},"modified":"2025-11-26T08:53:03","modified_gmt":"2025-11-26T07:53:03","slug":"lapiz-de-ojos-moodstruck-precision","status":"publish","type":"product","link":"https:\/\/youniquebyemilie.com\/es\/produit\/lapiz-de-ojos-moodstruck-precision\/","title":{"rendered":"L\u00e1piz de ojos MOODSTRUCK PRECISION"},"content":{"rendered":"<p><span style=\"font-weight: 400;\">Sabes, siempre he tenido problemas con <\/span><b>delineadores<\/b><span style=\"font-weight: 400;\">. Una mano temblorosa, l\u00edneas desiguales. En resumen, no era genial. Pero desde que prob\u00e9 el c  <\/span><b>Estante MOODSTRUCK PRECISION,<\/b><span style=\"font-weight: 400;\">  es un juego de ni\u00f1os. Este l\u00e1piz ultrapreciso se desliza suavemente, permiti\u00e9ndote trazar l\u00edneas limpias, ya sean finas para un look natural o m\u00e1s gruesas para un ahumado espectacularmente sexy. \u00bfY lo mejor?    <\/span><b>Realmente dura todo el d\u00eda,<\/b><span style=\"font-weight: 400;\">  incluso si est\u00e1s en modo marat\u00f3n. Si t\u00fa tambi\u00e9n est\u00e1s harto de rebabas, te encantar\u00e1. <\/span><\/p>\n<h2><span style=\"font-weight: 400;\">Lo que ganas con el l\u00e1piz MOODSTRUCK PRECISION<\/span><\/h2>\n<ul>\n<li style=\"font-weight: 400;\" aria-level=\"1\"><b>Pigmentaci\u00f3n ultraintensa<\/b><span style=\"font-weight: 400;\"> que viste tus ojos de negro intenso o tonos intensos para un efecto sorpresa instant\u00e1neo.<\/span><\/li>\n<li style=\"font-weight: 400;\" aria-level=\"1\"><b>Una textura suave y fluida<\/b><span style=\"font-weight: 400;\"> se desliza sobre la piel sin tirones, perfecta incluso si eres nueva en el maquillaje.<\/span><\/li>\n<li style=\"font-weight: 400;\" aria-level=\"1\"><b>Un trazo preciso y ajustable<\/b><span style=\"font-weight: 400;\"> Desde l\u00edneas finas y naturales hasta un delineado ahumado espectacular, t\u00fa eliges.<\/span><\/li>\n<li style=\"font-weight: 400;\" aria-level=\"1\"><b>Fijaci\u00f3n duradera<\/b><span style=\"font-weight: 400;\"> soporta el sudor, las l\u00e1grimas y los d\u00edas ajetreados, sin emborronarse ni retocarse.<\/span><\/li>\n<li style=\"font-weight: 400;\" aria-level=\"1\"><b>Un capuch\u00f3n de dise\u00f1o inteligente<\/b><span style=\"font-weight: 400;\"> que mantiene la punta fresca y evita que se seque, para que nunca pierdas calidad.<\/span><\/li>\n<li style=\"font-weight: 400;\" aria-level=\"1\"><b>Una f\u00f3rmula suave<\/b><span style=\"font-weight: 400;\"> que respeta la piel sensible del contorno de los ojos, sin comprometer su rendimiento.<\/span><\/li>\n<\/ul>\n<h2><span style=\"font-weight: 400;\">C\u00f3mo utilizar tu l\u00e1piz MOODSTRUCK PRECISION para un look de infarto<\/span><\/h2>\n<ul>\n<li style=\"font-weight: 400;\" aria-level=\"1\"><span style=\"font-weight: 400;\">Afila la punta del l\u00e1piz para conseguir la m\u00e1xima precisi\u00f3n (un sacapuntas de maquillaje es estupendo).<\/span><\/li>\n<li style=\"font-weight: 400;\" aria-level=\"1\"><span style=\"font-weight: 400;\">Dibuja una l\u00ednea a lo largo de la ra\u00edz de las pesta\u00f1as superiores, desde el \u00e1ngulo interno hasta el externo.<\/span><\/li>\n<li style=\"font-weight: 400;\" aria-level=\"1\"><span style=\"font-weight: 400;\">Ajusta el grosor del trazo seg\u00fan tu estado de \u00e1nimo: fino para el d\u00eda, m\u00e1s grueso para la noche.<\/span><\/li>\n<li style=\"font-weight: 400;\" aria-level=\"1\"><span style=\"font-weight: 400;\">Para un <\/span><b>ojo ahumado<\/b><span style=\"font-weight: 400;\">Para un ojo ahumado, difumina suavemente la l\u00ednea con un pincel difuminador o con los dedos, r\u00e1pidamente despu\u00e9s de la aplicaci\u00f3n.<\/span><\/li>\n<li style=\"font-weight: 400;\" aria-level=\"1\"><span style=\"font-weight: 400;\">Si lo deseas, traza una fina l\u00ednea a lo largo de las pesta\u00f1as inferiores para conseguir un efecto m\u00e1s intenso.<\/span><\/li>\n<li style=\"font-weight: 400;\" aria-level=\"1\"><span style=\"font-weight: 400;\">Pon siempre el capuch\u00f3n bien apretado para conservar la calidad de tu l\u00e1piz.<\/span><\/li>\n<\/ul>\n<h2><span style=\"font-weight: 400;\">Por qu\u00e9 este l\u00e1piz es imprescindible en tu kit<\/span><\/h2>\n<p><span style=\"font-weight: 400;\">Este l\u00e1piz es la combinaci\u00f3n perfecta <\/span><b>color intenso<\/b><span style=\"font-weight: 400;\">,<\/span><b> f\u00e1cil aplicaci\u00f3n<\/b><span style=\"font-weight: 400;\">y<\/span><b> fijaci\u00f3n concreta<\/b><span style=\"font-weight: 400;\">. Con \u00e9l, tu maquillaje se mantiene sin que tengas que pensar en ello. Te encantar\u00e1. Su textura fluida y su pigmentaci\u00f3n marcan la diferencia, incluso cuando vas justa de tiempo.    <\/span><\/p>\n<p><span style=\"font-weight: 400;\">Y como sabemos que la piel del contorno de los ojos es delicada, su f\u00f3rmula respeta su sensibilidad. \u00a1A\u00f1ade el l\u00e1piz MOODSTRUCK PRECISION a tu kit y transforma tu mirada en un abrir y cerrar de ojos! <\/span><\/p>\n<h2><span style=\"font-weight: 400;\">FAQ: Todo lo que necesitas saber sobre tu l\u00e1piz de ojos MOODSTRUCK PRECISION<\/span><\/h2>\n<ol>\n<li style=\"font-weight: 400;\" aria-level=\"1\"><b>\u00bfEs MOODSTRUCK PRECISION adecuado para ojos sensibles?<\/b><b><br \/>\n<\/b><span style=\"font-weight: 400;\">  S\u00ed, su f\u00f3rmula suave se ha dise\u00f1ado especialmente para minimizar el riesgo de irritaci\u00f3n, por lo que es ideal incluso para ojos sensibles y usuarios de lentes de contacto.<\/span><\/li>\n<li style=\"font-weight: 400;\" aria-level=\"1\"><b>\u00bfSe puede utilizar este l\u00e1piz para delinear el interior del p\u00e1rpado?<\/b><b><br \/>\n<\/b><span style=\"font-weight: 400;\">  S\u00ed, es lo suficientemente suave y preciso como para aplicarlo en la l\u00ednea interna de las pesta\u00f1as sin picar ni resecar.<\/span><\/li>\n<li style=\"font-weight: 400;\" aria-level=\"1\"><b>\u00bfEs MOODSTRUCK PRECISION resistente al agua?<\/b><b><br \/>\n<\/b><span style=\"font-weight: 400;\">  Es muy resistente al sudor, las l\u00e1grimas y la humedad, pero conviene evitar frotar intensamente para prolongar su fijaci\u00f3n.<\/span><\/li>\n<li style=\"font-weight: 400;\" aria-level=\"1\"><b>\u00bfPuedo combinar este l\u00e1piz con otros productos YOUNIQUE para conseguir un look completo?<\/b><b><br \/>\n<\/b><span style=\"font-weight: 400;\">  Por supuesto, combina a la perfecci\u00f3n con la m\u00e1scara de pesta\u00f1as MOODSTRUCK EPIC y la sombra de ojos compacta MOODSTRUCK para un maquillaje armonioso.<\/span><\/li>\n<li style=\"font-weight: 400;\" aria-level=\"1\"><b>\u00bfQu\u00e9 colores hay disponibles para el l\u00e1piz MOODSTRUCK PRECISION?<\/b><b><br \/>\n<\/b><span style=\"font-weight: 400;\">  Puedes elegir entre cuatro tonos esenciales:<\/span><\/li>\n<\/ol>\n<ul>\n<li style=\"font-weight: 400;\" aria-level=\"1\"><i><br \/>\n  <span style=\"font-weight: 400;\">Perfecto<\/span><br \/>\n<\/i><span style=\"font-weight: 400;\"> - Negro azabache, para unos ojos profundos e intensos<\/span><\/li>\n<li style=\"font-weight: 400;\" aria-level=\"1\"><i><br \/>\n  <span style=\"font-weight: 400;\">Adecuado<\/span><br \/>\n<\/i><span style=\"font-weight: 400;\"> - Chocolate negro, para un aspecto c\u00e1lido y natural<\/span><\/li>\n<li style=\"font-weight: 400;\" aria-level=\"1\"><i><br \/>\n  <span style=\"font-weight: 400;\">Prevalente<\/span><br \/>\n<\/i><span style=\"font-weight: 400;\"> - Marr\u00f3n, perfecto para un maquillaje sutil y cotidiano<\/span><\/li>\n<li style=\"font-weight: 400;\" aria-level=\"1\"><i><br \/>\n  <span style=\"font-weight: 400;\">Prevalente<\/span><br \/>\n<\/i><span style=\"font-weight: 400;\"> - Marr\u00f3n (edici\u00f3n exclusiva), un tono \u00fanico por descubrir<\/span><\/li>\n<\/ul>\n<p><span style=\"font-weight: 400;\">\u00bfListo para decir adi\u00f3s a los retoques? Elige tu l\u00e1piz MOODSTRUCK PRECISION, a\u00f1\u00e1delo a tu cesta y descubre la magia de un delineado preciso e intenso que dura de la ma\u00f1ana a la noche. No lo dudes, \u00a1este es el momento de belleza que necesitas!  <\/span><\/p>\n","protected":false},"excerpt":{"rendered":"<p><span style=\"font-weight: 400;\">Sabes, siempre he tenido problemas con <\/span><b>delineadores<\/b><span style=\"font-weight: 400;\">. Una mano temblorosa, l\u00edneas desiguales. En resumen, no era genial. Pero desde que prob\u00e9 el c  <\/span><b>Estante MOODSTRUCK PRECISION,<\/b><span style=\"font-weight: 400;\">  es un juego de ni\u00f1os. Este l\u00e1piz ultrapreciso se desliza suavemente, permiti\u00e9ndote trazar l\u00edneas limpias, ya sean finas para un look natural o m\u00e1s gruesas para un ahumado espectacularmente sexy. \u00bfY lo mejor?    <\/span><b>Realmente dura todo el d\u00eda,<\/b><span style=\"font-weight: 400;\">  incluso si est\u00e1s en modo marat\u00f3n. Si t\u00fa tambi\u00e9n est\u00e1s harto de rebabas, te encantar\u00e1. <\/span><\/p>\n","protected":false},"featured_media":7607,"comment_status":"open","ping_status":"closed","template":"","meta":{"_seopress_robots_primary_cat":"none","_seopress_titles_title":"","_seopress_titles_desc":"","_seopress_robots_index":"","site-sidebar-layout":"default","site-content-layout":"","ast-site-content-layout":"default","site-content-style":"default","site-sidebar-style":"default","ast-global-header-display":"","ast-banner-title-visibility":"","ast-main-header-display":"","ast-hfb-above-header-display":"","ast-hfb-below-header-display":"","ast-hfb-mobile-header-display":"","site-post-title":"","ast-breadcrumbs-content":"","ast-featured-img":"","footer-sml-layout":"","ast-disable-related-posts":"","theme-transparent-header-meta":"default","adv-header-id-meta":"","stick-header-meta":"","header-above-stick-meta":"","header-main-stick-meta":"","header-below-stick-meta":"","astra-migrate-meta-layouts":"default","ast-page-background-enabled":"default","ast-page-background-meta":{"desktop":{"background-color":"var(--ast-global-color-4)","background-image":"","background-repeat":"repeat","background-position":"center center","background-size":"auto","background-attachment":"scroll","background-type":"","background-media":"","overlay-type":"","overlay-color":"","overlay-opacity":"","overlay-gradient":""},"tablet":{"background-color":"","background-image":"","background-repeat":"repeat","background-position":"center center","background-size":"auto","background-attachment":"scroll","background-type":"","background-media":"","overlay-type":"","overlay-color":"","overlay-opacity":"","overlay-gradient":""},"mobile":{"background-color":"","background-image":"","background-repeat":"repeat","background-position":"center center","background-size":"auto","background-attachment":"scroll","background-type":"","background-media":"","overlay-type":"","overlay-color":"","overlay-opacity":"","overlay-gradient":""}},"ast-content-background-meta":{"desktop":{"background-color":"var(--ast-global-color-5)","background-image":"","background-repeat":"repeat","background-position":"center center","background-size":"auto","background-attachment":"scroll","background-type":"","background-media":"","overlay-type":"","overlay-color":"","overlay-opacity":"","overlay-gradient":""},"tablet":{"background-color":"var(--ast-global-color-5)","background-image":"","background-repeat":"repeat","background-position":"center center","background-size":"auto","background-attachment":"scroll","background-type":"","background-media":"","overlay-type":"","overlay-color":"","overlay-opacity":"","overlay-gradient":""},"mobile":{"background-color":"var(--ast-global-color-5)","background-image":"","background-repeat":"repeat","background-position":"center center","background-size":"auto","background-attachment":"scroll","background-type":"","background-media":"","overlay-type":"","overlay-color":"","overlay-opacity":"","overlay-gradient":""}}},"product_brand":[],"product_cat":[62],"product_tag":[],"class_list":{"0":"post-7609","1":"product","2":"type-product","3":"status-publish","4":"has-post-thumbnail","6":"product_cat-ojos","7":"desktop-align-left","8":"tablet-align-left","9":"mobile-align-left","11":"first","12":"instock","13":"sale","14":"shipping-taxable","15":"product-type-external"},"_links":{"self":[{"href":"https:\/\/youniquebyemilie.com\/es\/wp-json\/wp\/v2\/product\/7609","targetHints":{"allow":["GET"]}}],"collection":[{"href":"https:\/\/youniquebyemilie.com\/es\/wp-json\/wp\/v2\/product"}],"about":[{"href":"https:\/\/youniquebyemilie.com\/es\/wp-json\/wp\/v2\/types\/product"}],"replies":[{"embeddable":true,"href":"https:\/\/youniquebyemilie.com\/es\/wp-json\/wp\/v2\/comments?post=7609"}],"wp:featuredmedia":[{"embeddable":true,"href":"https:\/\/youniquebyemilie.com\/es\/wp-json\/wp\/v2\/media\/7607"}],"wp:attachment":[{"href":"https:\/\/youniquebyemilie.com\/es\/wp-json\/wp\/v2\/media?parent=7609"}],"wp:term":[{"taxonomy":"product_brand","embeddable":true,"href":"https:\/\/youniquebyemilie.com\/es\/wp-json\/wp\/v2\/product_brand?post=7609"},{"taxonomy":"product_cat","embeddable":true,"href":"https:\/\/youniquebyemilie.com\/es\/wp-json\/wp\/v2\/product_cat?post=7609"},{"taxonomy":"product_tag","embeddable":true,"href":"https:\/\/youniquebyemilie.com\/es\/wp-json\/wp\/v2\/product_tag?post=7609"}],"curies":[{"name":"wp","href":"https:\/\/api.w.org\/{rel}","templated":true}]}}