{"id":7625,"date":"2025-07-24T16:13:58","date_gmt":"2025-07-24T14:13:58","guid":{"rendered":"https:\/\/youniquebyemilie.com\/produit\/delineador-liquido-moodstruck-precision-sombra-perfect\/"},"modified":"2025-11-26T08:52:57","modified_gmt":"2025-11-26T07:52:57","slug":"delineador-liquido-moodstruck-precision-sombra-perfect","status":"publish","type":"product","link":"https:\/\/youniquebyemilie.com\/es\/produit\/delineador-liquido-moodstruck-precision-sombra-perfect\/","title":{"rendered":"Delineador l\u00edquido MOODSTRUCK PRECISION - Sombra \u00abPerfect"},"content":{"rendered":"<p><span style=\"font-weight: 400;\">\u00bfConoces ese momento en el que se te estropea el eyeliner y tienes que rehacerte toda la cabeza? Yo tambi\u00e9n, hasta que descubr\u00ed   <\/span><b>PRECISI\u00d3N MOODSTRUCK<\/b><span style=\"font-weight: 400;\">. Esta peque\u00f1a joya ha cambiado mi rutina de maquillaje:  <\/span><b>una l\u00ednea limpia y precisa que dura todo el d\u00eda<\/b><span style=\"font-weight: 400;\">incluso cuando estoy muy ocupada.<\/span><\/p>\n<p><span style=\"font-weight: 400;\">Con su <\/span><b>punta de cincel superpr\u00e1ctica<\/b><span style=\"font-weight: 400;\">Por fin puedo controlar mis alas en un abrir y cerrar de ojos, sin manchas ni retoques. Su f\u00f3rmula   <\/span><b>impermeable <\/b><span style=\"font-weight: 400;\">y <\/span><b>antitransferencia<\/b><span style=\"font-weight: 400;\"> dura hasta <\/span><b>hasta 10 horas*.<\/b><span style=\"font-weight: 400;\">Te encantar\u00e1, \u00a1te lo garantizo! Te encantar\u00e1, \u00a1te lo garantizo! <\/span><\/p>\n<h2><span style=\"font-weight: 400;\">Lo que ganas con el delineador de ojos MOODSTRUCK PRECISION<\/span><\/h2>\n<ul>\n<li style=\"font-weight: 400;\" aria-level=\"1\"><b>Pigmentaci\u00f3n ultraintensa<\/b><span style=\"font-weight: 400;\"> que realza tus ojos con un negro intenso, para un efecto \u00abwow\u00bb instant\u00e1neo.<\/span>&nbsp;<\/li>\n<li style=\"font-weight: 400;\" aria-level=\"1\"><b>Aplicaci\u00f3n r\u00e1pida y fluida<\/b><span style=\"font-weight: 400;\">Gracias a una innovadora punta biselada que se desliza sola y garantiza un control perfecto.<\/span>&nbsp;<\/li>\n<li style=\"font-weight: 400;\" aria-level=\"1\"><b>Fijaci\u00f3n impermeable de larga duraci\u00f3n<\/b><span style=\"font-weight: 400;\">Resistente al agua, al sudor y a las manchas, para un maquillaje impecable de la ma\u00f1ana a la noche.<\/span>&nbsp;<\/li>\n<li style=\"font-weight: 400;\" aria-level=\"1\"><b>Una f\u00f3rmula suave<\/b><span style=\"font-weight: 400;\">Una f\u00f3rmula suave que respeta la piel sensible del contorno de los ojos, sin comprometer su rendimiento.<\/span>&nbsp;<\/li>\n<\/ul>\n<h2><span style=\"font-weight: 400;\">C\u00f3mo utilizar tu MOODSTRUCK PRECISION para un look impecable<\/span><\/h2>\n<ol>\n<li style=\"font-weight: 400;\" aria-level=\"1\"><span style=\"font-weight: 400;\">Agita bien el frasco para activar la f\u00f3rmula m\u00e1gica.<\/span>&nbsp;<\/li>\n<li style=\"font-weight: 400;\" aria-level=\"1\"><span style=\"font-weight: 400;\">Sobre piel limpia y seca <\/span><b>piel limpia y seca<\/b><span style=\"font-weight: 400;\">traza una l\u00ednea fina a lo largo de la ra\u00edz de las pesta\u00f1as superiores, desde el \u00e1ngulo interno hacia fuera.<\/span>&nbsp;<\/li>\n<li style=\"font-weight: 400;\" aria-level=\"1\"><span style=\"font-weight: 400;\">Ajusta el grosor seg\u00fan tu estado de \u00e1nimo: discreto para el d\u00eda, m\u00e1s grueso y dram\u00e1tico para la noche.<\/span>&nbsp;<\/li>\n<li style=\"font-weight: 400;\" aria-level=\"1\"><span style=\"font-weight: 400;\">Para un ojo ahumado, difumina suavemente la l\u00ednea con un pincel o con los dedos inmediatamente despu\u00e9s de la aplicaci\u00f3n.<\/span>&nbsp;<\/li>\n<li style=\"font-weight: 400;\" aria-level=\"1\"><span style=\"font-weight: 400;\">Deja secar unos segundos sin pesta\u00f1ear.<\/span>&nbsp;<\/li>\n<li style=\"font-weight: 400;\" aria-level=\"1\"><span style=\"font-weight: 400;\">No olvides volver a poner el tap\u00f3n para mantener la punta fresca y eficaz.<\/span>&nbsp;<\/li>\n<\/ol>\n<h2><span style=\"font-weight: 400;\">Por qu\u00e9 MOODSTRUCK PRECISION es imprescindible en tu kit de belleza<\/span><\/h2>\n<p><span style=\"font-weight: 400;\">Tanto si eres una principiante del maquillaje como una profesional, este delineador de ojos es un aut\u00e9ntico salvavidas. Combina <\/span><b>  facilidad, intensidad y sujeci\u00f3n concreta<\/b><span style=\"font-weight: 400;\">. Me encanta su textura fluida y su rica pigmentaci\u00f3n, incluso cuando tengo prisa. Y como respeta tu piel, es perfecto para ojos sensibles. No dejes de a\u00f1adirlo a tu kit, \u00a1no te arrepentir\u00e1s!  <\/span><\/p>\n<p>&nbsp;<\/p>\n<h2><span style=\"font-weight: 400;\">FAQ: Todo lo que necesitas saber sobre tu delineador MOODSTRUCK PRECISION<\/span><\/h2>\n<ol>\n<li style=\"font-weight: 400;\" aria-level=\"1\"><b>\u00bfEs adecuado para ojos sensibles y usuarios de lentillas?<\/b><b><br \/>\n<\/b><span style=\"font-weight: 400;\">  S\u00ed, su f\u00f3rmula suave est\u00e1 probada para minimizar la irritaci\u00f3n, incluso en pieles sensibles y usuarios de lentillas.<\/span><\/li>\n<li style=\"font-weight: 400;\" aria-level=\"1\"><b>\u00bfPuedo dibujar una l\u00ednea en el interior del p\u00e1rpado (l\u00ednea de agua)?<\/b><b><br \/>\n<\/b><span style=\"font-weight: 400;\">  S\u00ed, es lo suficientemente suave y preciso como para aplicarlo en la l\u00ednea interna de las pesta\u00f1as sin molestias.<\/span><\/li>\n<li style=\"font-weight: 400;\" aria-level=\"1\"><b>\u00bfPuedo combinarlo con otros productos YOUNIQUE?<\/b><b><br \/>\n<\/b><span style=\"font-weight: 400;\">  Absolutamente, combina perfectamente con la m\u00e1scara de pesta\u00f1as MOODSTRUCK EPIC y las sombras de ojos compactas MOODSTRUCK para un look completo.<\/span><\/li>\n<li style=\"font-weight: 400;\" aria-level=\"1\"><b>\u00bfC\u00f3mo puedo conservar la calidad de mi delineador de ojos?<\/b><b><br \/>\n<\/b><span style=\"font-weight: 400;\">  Gu\u00e1rdalo lejos del calor y la luz, y cierra bien el tap\u00f3n despu\u00e9s de cada uso para evitar que se seque.<\/span><\/li>\n<\/ol>\n<p><span style=\"font-weight: 400;\">\u00bfLista para llevar tu mirada al siguiente nivel? Pide ahora el l\u00e1piz MOODSTRUCK PRECISION y descubre el poder de unos ojos perfectamente controlados, limpios e intensos de la ma\u00f1ana a la noche. Te encantar\u00e1, \u00a1seguro!  <\/span><\/p>\n","protected":false},"excerpt":{"rendered":"<p><span style=\"font-weight: 400;\">\u00bfConoces ese momento en el que se te estropea el eyeliner y tienes que rehacerte toda la cabeza? Yo tambi\u00e9n, hasta que descubr\u00ed   <\/span><b>PRECISI\u00d3N MOODSTRUCK<\/b><span style=\"font-weight: 400;\">. Esta peque\u00f1a joya ha cambiado mi rutina de maquillaje:  <\/span><b>una l\u00ednea limpia y precisa que dura todo el d\u00eda<\/b><span style=\"font-weight: 400;\">incluso cuando estoy muy ocupada.<\/span><\/p>\n<p><span style=\"font-weight: 400;\">Con su <\/span><b>punta de cincel superpr\u00e1ctica<\/b><span style=\"font-weight: 400;\">Por fin puedo controlar mis alas en un abrir y cerrar de ojos, sin manchas ni retoques. Su f\u00f3rmula   <\/span><b>impermeable <\/b><span style=\"font-weight: 400;\">y <\/span><b>antitransferencia<\/b><span style=\"font-weight: 400;\"> dura hasta <\/span><b>hasta 10 horas*.<\/b><span style=\"font-weight: 400;\">Te encantar\u00e1, \u00a1te lo garantizo! Te encantar\u00e1, \u00a1te lo garantizo! <\/span><\/p>\n","protected":false},"featured_media":7623,"comment_status":"open","ping_status":"closed","template":"","meta":{"_seopress_robots_primary_cat":"none","_seopress_titles_title":"","_seopress_titles_desc":"","_seopress_robots_index":"","site-sidebar-layout":"default","site-content-layout":"","ast-site-content-layout":"default","site-content-style":"default","site-sidebar-style":"default","ast-global-header-display":"","ast-banner-title-visibility":"","ast-main-header-display":"","ast-hfb-above-header-display":"","ast-hfb-below-header-display":"","ast-hfb-mobile-header-display":"","site-post-title":"","ast-breadcrumbs-content":"","ast-featured-img":"","footer-sml-layout":"","ast-disable-related-posts":"","theme-transparent-header-meta":"default","adv-header-id-meta":"","stick-header-meta":"","header-above-stick-meta":"","header-main-stick-meta":"","header-below-stick-meta":"","astra-migrate-meta-layouts":"default","ast-page-background-enabled":"default","ast-page-background-meta":{"desktop":{"background-color":"var(--ast-global-color-4)","background-image":"","background-repeat":"repeat","background-position":"center center","background-size":"auto","background-attachment":"scroll","background-type":"","background-media":"","overlay-type":"","overlay-color":"","overlay-opacity":"","overlay-gradient":""},"tablet":{"background-color":"","background-image":"","background-repeat":"repeat","background-position":"center center","background-size":"auto","background-attachment":"scroll","background-type":"","background-media":"","overlay-type":"","overlay-color":"","overlay-opacity":"","overlay-gradient":""},"mobile":{"background-color":"","background-image":"","background-repeat":"repeat","background-position":"center center","background-size":"auto","background-attachment":"scroll","background-type":"","background-media":"","overlay-type":"","overlay-color":"","overlay-opacity":"","overlay-gradient":""}},"ast-content-background-meta":{"desktop":{"background-color":"var(--ast-global-color-5)","background-image":"","background-repeat":"repeat","background-position":"center center","background-size":"auto","background-attachment":"scroll","background-type":"","background-media":"","overlay-type":"","overlay-color":"","overlay-opacity":"","overlay-gradient":""},"tablet":{"background-color":"var(--ast-global-color-5)","background-image":"","background-repeat":"repeat","background-position":"center center","background-size":"auto","background-attachment":"scroll","background-type":"","background-media":"","overlay-type":"","overlay-color":"","overlay-opacity":"","overlay-gradient":""},"mobile":{"background-color":"var(--ast-global-color-5)","background-image":"","background-repeat":"repeat","background-position":"center center","background-size":"auto","background-attachment":"scroll","background-type":"","background-media":"","overlay-type":"","overlay-color":"","overlay-opacity":"","overlay-gradient":""}}},"product_brand":[],"product_cat":[62],"product_tag":[],"class_list":{"0":"post-7625","1":"product","2":"type-product","3":"status-publish","4":"has-post-thumbnail","6":"product_cat-ojos","7":"desktop-align-left","8":"tablet-align-left","9":"mobile-align-left","11":"first","12":"instock","13":"sale","14":"shipping-taxable","15":"product-type-external"},"_links":{"self":[{"href":"https:\/\/youniquebyemilie.com\/es\/wp-json\/wp\/v2\/product\/7625","targetHints":{"allow":["GET"]}}],"collection":[{"href":"https:\/\/youniquebyemilie.com\/es\/wp-json\/wp\/v2\/product"}],"about":[{"href":"https:\/\/youniquebyemilie.com\/es\/wp-json\/wp\/v2\/types\/product"}],"replies":[{"embeddable":true,"href":"https:\/\/youniquebyemilie.com\/es\/wp-json\/wp\/v2\/comments?post=7625"}],"wp:featuredmedia":[{"embeddable":true,"href":"https:\/\/youniquebyemilie.com\/es\/wp-json\/wp\/v2\/media\/7623"}],"wp:attachment":[{"href":"https:\/\/youniquebyemilie.com\/es\/wp-json\/wp\/v2\/media?parent=7625"}],"wp:term":[{"taxonomy":"product_brand","embeddable":true,"href":"https:\/\/youniquebyemilie.com\/es\/wp-json\/wp\/v2\/product_brand?post=7625"},{"taxonomy":"product_cat","embeddable":true,"href":"https:\/\/youniquebyemilie.com\/es\/wp-json\/wp\/v2\/product_cat?post=7625"},{"taxonomy":"product_tag","embeddable":true,"href":"https:\/\/youniquebyemilie.com\/es\/wp-json\/wp\/v2\/product_tag?post=7625"}],"curies":[{"name":"wp","href":"https:\/\/api.w.org\/{rel}","templated":true}]}}