{"id":7642,"date":"2025-07-24T16:17:00","date_gmt":"2025-07-24T14:17:00","guid":{"rendered":"https:\/\/youniquebyemilie.com\/produit\/delineador-magnetico-moodstruck\/"},"modified":"2025-11-26T08:52:53","modified_gmt":"2025-11-26T07:52:53","slug":"delineador-magnetico-moodstruck","status":"publish","type":"product","link":"https:\/\/youniquebyemilie.com\/es\/produit\/delineador-magnetico-moodstruck\/","title":{"rendered":"Delineador magn\u00e9tico MOODSTRUCK"},"content":{"rendered":"<p><span style=\"font-weight: 400;\">\u00bfHas pasado por el calvario de las pesta\u00f1as postizas que no se quedan fijas? Yo tambi\u00e9n, hasta que descubr\u00ed <\/span><b>  Delineador magn\u00e9tico MOODSTRUCK<\/b><span style=\"font-weight: 400;\">. Desde entonces, aplicarme las pesta\u00f1as postizas se ha convertido en un juego de ni\u00f1os. Una l\u00ednea limpia, una fijaci\u00f3n perfecta y mis ojos lucen perfectos todo el d\u00eda, sin estr\u00e9s. <\/span><\/p>\n<p><span style=\"font-weight: 400;\">Esta peque\u00f1a joya magn\u00e9tica negra fija tus pesta\u00f1as postizas MOODSTRUCK como por arte de magia, y lo mejor es que dura hasta <\/span><b>10 horas*.<\/b><span style=\"font-weight: 400;\">. Sa  <\/span><b>punta de fieltro ultraprecisa<\/b><span style=\"font-weight: 400;\">  te permite dibujar una l\u00ednea limpia, sencilla o atrevida a tu antojo. Adem\u00e1s, su   <\/span><b>f\u00f3rmula ultrapigmentada <\/b><span style=\"font-weight: 400;\">enriquecida con <\/span><b>vitamina E <\/b><span style=\"font-weight: 400;\">nutre tu piel sensible y evita que se corra.<\/span><\/p>\n<h2><span style=\"font-weight: 400;\">Lo que ganas con el delineador magn\u00e9tico MOODSTRUCK<\/span><\/h2>\n<ul>\n<li style=\"font-weight: 400;\" aria-level=\"1\"><span style=\"font-weight: 400;\">A <\/span><b>fijaci\u00f3n fuerte y duradera<\/b><span style=\"font-weight: 400;\"> que mantiene tus pesta\u00f1as postizas perfectamente en su sitio, incluso en tus d\u00edas m\u00e1s ajetreados.<\/span>&nbsp;<\/li>\n<li style=\"font-weight: 400;\" aria-level=\"1\"><span style=\"font-weight: 400;\">A <\/span><b>color negro intenso<\/b><span style=\"font-weight: 400;\">Un color negro ultrapigmentado que realza la l\u00ednea de tus pesta\u00f1as en un solo trazo.<\/span>&nbsp;<\/li>\n<li style=\"font-weight: 400;\" aria-level=\"1\"><span style=\"font-weight: 400;\">A<\/span><b> f\u00e1cil aplicaci\u00f3n<\/b><span style=\"font-weight: 400;\"> gracias a su punta de fieltro biselada, ideal incluso si est\u00e1s empezando.<\/span>&nbsp;<\/li>\n<li style=\"font-weight: 400;\" aria-level=\"1\"><span style=\"font-weight: 400;\">A<\/span><b> resistente al agua, a la transferencia<\/b><span style=\"font-weight: 400;\">y resistente a las manchas.<\/span>&nbsp;<\/li>\n<li style=\"font-weight: 400;\" aria-level=\"1\"><span style=\"font-weight: 400;\">A<\/span><b> cuidado suave para tu piel<\/b><span style=\"font-weight: 400;\">Enriquecido con vitamina E para hidratar y proteger tu piel.<\/span>&nbsp;<\/li>\n<\/ul>\n<h2><span style=\"font-weight: 400;\">C\u00f3mo utilizar tu delineador magn\u00e9tico MOODSTRUCK como un profesional<\/span><\/h2>\n<ol>\n<li style=\"font-weight: 400;\" aria-level=\"1\"><span style=\"font-weight: 400;\">Dobla suavemente la tira de tus pesta\u00f1as postizas MOODSTRUCK para adaptarla a la forma de tus ojos. Rec\u00f3rtalas si es necesario. <\/span>&nbsp;<\/li>\n<li style=\"font-weight: 400;\" aria-level=\"1\"><span style=\"font-weight: 400;\">Riza tus pesta\u00f1as naturales para conseguir un efecto a\u00fan m\u00e1s intenso.<\/span>&nbsp;<\/li>\n<li style=\"font-weight: 400;\" aria-level=\"1\"><span style=\"font-weight: 400;\">Aplica el delineador magn\u00e9tico en la l\u00ednea de las pesta\u00f1as y deja secar<\/span><b> secar durante 2-3 minutos <\/b><span style=\"font-weight: 400;\">(recuerda mantener los ojos cerrados).<\/span>&nbsp;<\/li>\n<li style=\"font-weight: 400;\" aria-level=\"1\"><span style=\"font-weight: 400;\">Ponte tu m\u00e1scara de pesta\u00f1as favorita si quieres m\u00e1s volumen.<\/span>&nbsp;<\/li>\n<li style=\"font-weight: 400;\" aria-level=\"1\"><span style=\"font-weight: 400;\">Con el aplicador YOUNIQUE, aplica primero la pesta\u00f1a en el \u00e1ngulo interno y luego desliza hacia fuera, lo m\u00e1s cerca posible de la l\u00ednea de las pesta\u00f1as.<\/span>&nbsp;<\/li>\n<li style=\"font-weight: 400;\" aria-level=\"1\"><span style=\"font-weight: 400;\">Presiona suavemente el aplicador entre las pesta\u00f1as postizas y las naturales para fijarlas.<\/span>&nbsp;<\/li>\n<li style=\"font-weight: 400;\" aria-level=\"1\"><span style=\"font-weight: 400;\">Peina con el cepillo aplicador para un aspecto natural.<\/span>&nbsp;<\/li>\n<li style=\"font-weight: 400;\" aria-level=\"1\"><span style=\"font-weight: 400;\">Para una sujeci\u00f3n a\u00fan m\u00e1s segura, a\u00f1ade los anclajes magn\u00e9ticos suministrados bajo tus pesta\u00f1as naturales.<\/span>&nbsp;<\/li>\n<li style=\"font-weight: 400;\" aria-level=\"1\"><span style=\"font-weight: 400;\">Para retirarlo, tira suavemente desde la esquina exterior, sin forzar.<\/span>&nbsp;<\/li>\n<\/ol>\n<h2><span style=\"font-weight: 400;\">Cuida tus pesta\u00f1as para mantenerlas bonitas<\/span><\/h2>\n<p><span style=\"font-weight: 400;\">L\u00edmpialos despu\u00e9s de cada uso con un <\/span><b>bastoncillo de algod\u00f3n empapado<\/b><span style=\"font-weight: 400;\"> con <\/span><b>desmaquillante sin aceite<\/b><span style=\"font-weight: 400;\">. Desinfecta la cinta y los imanes con un<\/span> <b> bastoncillos de algod\u00f3n empapados en alcohol al 90<\/b><span style=\"font-weight: 400;\">Deja secar al aire, peina y guarda en el estuche acr\u00edlico.<\/span><\/p>\n<h2><span style=\"font-weight: 400;\">Por qu\u00e9 este eyeliner magn\u00e9tico MOODSTRUCK es imprescindible<\/span><\/h2>\n<ul>\n<li style=\"font-weight: 400;\" aria-level=\"1\"><b>94 %<\/b><span style=\"font-weight: 400;\"> de los usuarios confirman una sujeci\u00f3n s\u00f3lida de hasta 10 horas*.<\/span>&nbsp;<\/li>\n<li style=\"font-weight: 400;\" aria-level=\"1\"><b>91 %<\/b><span style=\"font-weight: 400;\"> de un aspecto impecable sin goteos ni manchas*.<\/span>&nbsp;<\/li>\n<li style=\"font-weight: 400;\" aria-level=\"1\"><span style=\"font-weight: 400;\">Formulado con <\/span><b>65% de seda vegana<\/b><span style=\"font-weight: 400;\"> y enriquecida con <\/span><b>vitamina E<\/b><span style=\"font-weight: 400;\">.<\/span>&nbsp;<\/li>\n<li style=\"font-weight: 400;\" aria-level=\"1\"><span style=\"font-weight: 400;\">Dise\u00f1ado para adaptarse a todas las formas de ojos.<\/span>&nbsp;<\/li>\n<li style=\"font-weight: 400;\" aria-level=\"1\"><span style=\"font-weight: 400;\">F\u00e1cil de usar, incluso si est\u00e1s empezando.<\/span>&nbsp;<\/li>\n<\/ul>\n<h2><span style=\"font-weight: 400;\">FAQ: Todo lo que necesitas saber sobre tu delineador magn\u00e9tico MOODSTRUCK<\/span><\/h2>\n<ol>\n<li> <b> \u00bfCu\u00e1ntas veces puedo utilizar mis pesta\u00f1as postizas con este delineador?<\/b><b>\n<p><\/b><span style=\"font-weight: 400;\"> Con los cuidados adecuados, hasta <\/span><b>60 veces<\/b><span style=\"font-weight: 400;\"> \u00a1! Es s\u00faper econ\u00f3mico.<\/span><\/li>\n<li><b>  \u00bfPuedo usarlo si llevo lentillas?<\/b><b><br \/>\n<\/b><span style=\"font-weight: 400;\">  S\u00ed, su f\u00f3rmula ha sido probada para minimizar la irritaci\u00f3n y es ideal para ojos sensibles y usuarios de lentes de contacto.<\/span><\/li>\n<li><b>  \u00bfC\u00f3mo quito el delineador magn\u00e9tico sin da\u00f1ar las pesta\u00f1as?<\/b><b><br \/>\n<\/b><span style=\"font-weight: 400;\">  Un desmaquillante suave sin aceite es todo lo que necesitas, igual que un delineador cl\u00e1sico.<\/span><\/li>\n<li><b>  \u00bfQu\u00e9 debo hacer si se me seca la punta del eyeliner?<\/b><b><br \/>\n<\/b><span style=\"font-weight: 400;\">  Agita bien la botella o ponte en contacto con el servicio de atenci\u00f3n al cliente para que te asesoren o te la cambien.<\/span><\/li>\n<\/ol>\n<p><span style=\"font-weight: 400;\">Haz como yo, simplifica tu vida, ahorra tiempo y consigue unos ojos intensos, ajustables y siempre impecables con el delineador magn\u00e9tico MOODSTRUCK. \u00a1P\u00eddelo ahora y convi\u00e9rtete en una profesional del delineado sin complicaciones! <\/span><\/p>\n","protected":false},"excerpt":{"rendered":"<p><span style=\"font-weight: 400;\">\u00bfHas pasado por el calvario de las pesta\u00f1as postizas que no se quedan fijas? Yo tambi\u00e9n, hasta que descubr\u00ed <\/span><b>  Delineador magn\u00e9tico MOODSTRUCK<\/b><span style=\"font-weight: 400;\">. Desde entonces, aplicarme las pesta\u00f1as postizas se ha convertido en un juego de ni\u00f1os. Una l\u00ednea limpia, una fijaci\u00f3n perfecta y mis ojos lucen perfectos todo el d\u00eda, sin estr\u00e9s. <\/span><\/p>\n<p><span style=\"font-weight: 400;\">Esta peque\u00f1a joya magn\u00e9tica negra fija tus pesta\u00f1as postizas MOODSTRUCK como por arte de magia, y lo mejor es que dura hasta <\/span><b>10 horas*.<\/b><span style=\"font-weight: 400;\">. Sa  <\/span><b>punta de fieltro ultraprecisa<\/b><span style=\"font-weight: 400;\">  te permite dibujar una l\u00ednea limpia, sencilla o atrevida a tu antojo. Adem\u00e1s, su   <\/span><b>f\u00f3rmula ultrapigmentada <\/b><span style=\"font-weight: 400;\">enriquecida con <\/span><b>vitamina E <\/b><span style=\"font-weight: 400;\">nutre tu piel sensible y evita que se corra.<\/span><\/p>\n","protected":false},"featured_media":7640,"comment_status":"open","ping_status":"closed","template":"","meta":{"_seopress_robots_primary_cat":"none","_seopress_titles_title":"","_seopress_titles_desc":"","_seopress_robots_index":"","site-sidebar-layout":"default","site-content-layout":"","ast-site-content-layout":"default","site-content-style":"default","site-sidebar-style":"default","ast-global-header-display":"","ast-banner-title-visibility":"","ast-main-header-display":"","ast-hfb-above-header-display":"","ast-hfb-below-header-display":"","ast-hfb-mobile-header-display":"","site-post-title":"","ast-breadcrumbs-content":"","ast-featured-img":"","footer-sml-layout":"","ast-disable-related-posts":"","theme-transparent-header-meta":"default","adv-header-id-meta":"","stick-header-meta":"","header-above-stick-meta":"","header-main-stick-meta":"","header-below-stick-meta":"","astra-migrate-meta-layouts":"default","ast-page-background-enabled":"default","ast-page-background-meta":{"desktop":{"background-color":"var(--ast-global-color-4)","background-image":"","background-repeat":"repeat","background-position":"center center","background-size":"auto","background-attachment":"scroll","background-type":"","background-media":"","overlay-type":"","overlay-color":"","overlay-opacity":"","overlay-gradient":""},"tablet":{"background-color":"","background-image":"","background-repeat":"repeat","background-position":"center center","background-size":"auto","background-attachment":"scroll","background-type":"","background-media":"","overlay-type":"","overlay-color":"","overlay-opacity":"","overlay-gradient":""},"mobile":{"background-color":"","background-image":"","background-repeat":"repeat","background-position":"center center","background-size":"auto","background-attachment":"scroll","background-type":"","background-media":"","overlay-type":"","overlay-color":"","overlay-opacity":"","overlay-gradient":""}},"ast-content-background-meta":{"desktop":{"background-color":"var(--ast-global-color-5)","background-image":"","background-repeat":"repeat","background-position":"center center","background-size":"auto","background-attachment":"scroll","background-type":"","background-media":"","overlay-type":"","overlay-color":"","overlay-opacity":"","overlay-gradient":""},"tablet":{"background-color":"var(--ast-global-color-5)","background-image":"","background-repeat":"repeat","background-position":"center center","background-size":"auto","background-attachment":"scroll","background-type":"","background-media":"","overlay-type":"","overlay-color":"","overlay-opacity":"","overlay-gradient":""},"mobile":{"background-color":"var(--ast-global-color-5)","background-image":"","background-repeat":"repeat","background-position":"center center","background-size":"auto","background-attachment":"scroll","background-type":"","background-media":"","overlay-type":"","overlay-color":"","overlay-opacity":"","overlay-gradient":""}}},"product_brand":[],"product_cat":[62],"product_tag":[],"class_list":{"0":"post-7642","1":"product","2":"type-product","3":"status-publish","4":"has-post-thumbnail","6":"product_cat-ojos","7":"desktop-align-left","8":"tablet-align-left","9":"mobile-align-left","11":"first","12":"instock","13":"sale","14":"shipping-taxable","15":"product-type-external"},"_links":{"self":[{"href":"https:\/\/youniquebyemilie.com\/es\/wp-json\/wp\/v2\/product\/7642","targetHints":{"allow":["GET"]}}],"collection":[{"href":"https:\/\/youniquebyemilie.com\/es\/wp-json\/wp\/v2\/product"}],"about":[{"href":"https:\/\/youniquebyemilie.com\/es\/wp-json\/wp\/v2\/types\/product"}],"replies":[{"embeddable":true,"href":"https:\/\/youniquebyemilie.com\/es\/wp-json\/wp\/v2\/comments?post=7642"}],"wp:featuredmedia":[{"embeddable":true,"href":"https:\/\/youniquebyemilie.com\/es\/wp-json\/wp\/v2\/media\/7640"}],"wp:attachment":[{"href":"https:\/\/youniquebyemilie.com\/es\/wp-json\/wp\/v2\/media?parent=7642"}],"wp:term":[{"taxonomy":"product_brand","embeddable":true,"href":"https:\/\/youniquebyemilie.com\/es\/wp-json\/wp\/v2\/product_brand?post=7642"},{"taxonomy":"product_cat","embeddable":true,"href":"https:\/\/youniquebyemilie.com\/es\/wp-json\/wp\/v2\/product_cat?post=7642"},{"taxonomy":"product_tag","embeddable":true,"href":"https:\/\/youniquebyemilie.com\/es\/wp-json\/wp\/v2\/product_tag?post=7642"}],"curies":[{"name":"wp","href":"https:\/\/api.w.org\/{rel}","templated":true}]}}